{"id":4976,"date":"2024-01-03T13:59:59","date_gmt":"2024-01-03T13:59:59","guid":{"rendered":"https:\/\/tretinoins.com\/tretinoin-cream-0025-20-g-tretiheal-healing-pharma\/"},"modified":"2026-04-20T20:46:43","modified_gmt":"2026-04-20T18:46:43","slug":"tretinoin-cream-0025-20-g-tretiheal-healing-pharma","status":"publish","type":"product","link":"https:\/\/tretinoins.com\/pl\/tretinoin-cream-0025-20-g-tretiheal-healing-pharma\/","title":{"rendered":"Tretinoin Cream 0.025% 20g, Tretiheal, Healing Pharma, przeciwtr\u0105dzikowy, przeciwzmarszczkowy"},"content":{"rendered":"<h1>Uwolnienie mocy kremu Tretinoin Cream 0,025% 20g: Tretiheal w przyst\u0119pnej cenie od Healing Pharma<\/h1>\n<p>Odkryj, w jaki spos\u00f3b Tretinoin Cream 0.025% 20g, niedrogi Tretiheal od Healing Pharma, mo\u017ce radykalnie poprawi\u0107 zdrowie Twojej sk\u00f3ry. Poznaj jego zalety, zastosowanie i do\u015bwiadczenia u\u017cytkownik\u00f3w w tym kompleksowym przewodniku. <\/p>\n<hr>\n<p>Czy kiedykolwiek zdarzy\u0142o Ci si\u0119 przegl\u0105da\u0107 nieko\u0144cz\u0105ce si\u0119 produkty do piel\u0119gnacji sk\u00f3ry, czuj\u0105c si\u0119 przyt\u0142oczonym obietnicami promiennej sk\u00f3ry? Nie jeste\u015b sam! Wraz z rozkwitem bran\u017cy kosmetycznej, przesiewanie opcji mo\u017ce by\u0107 nie lada zadaniem. Ale oto ma\u0142a pere\u0142ka, kt\u00f3r\u0105 warto rozwa\u017cy\u0107: <strong>Tretinoin Cream 0.025% 20g<\/strong>, przyst\u0119pna cenowo opcja od Healing Pharma, o kt\u00f3rej wiadomo, \u017ce czyni cuda na sk\u00f3rze.   <\/p>\n<p>To nie jest zwyk\u0142y krem; jest wype\u0142niony silnym sk\u0142adnikiem retinoidowym, co czyni go ulubionym dla os\u00f3b walcz\u0105cych z tr\u0105dzikiem, drobnymi zmarszczkami i nier\u00f3wnym odcieniem sk\u00f3ry. Ciekawi Ci\u0119, jak to wszystko dzia\u0142a? Zanurzmy si\u0119 w fascynuj\u0105cy \u015bwiat Tretinoiny!  <\/p>\n<hr>\n<h2>Co to jest krem Tretinoin?<\/h2>\n<h3>Podstawy dzia\u0142ania tretynoiny<\/h3>\n<p>Najpierw wyja\u015bnijmy, czym w\u0142a\u015bciwie jest tretynoina. Tretinoina, znana r\u00f3wnie\u017c jako kwas all-trans-retinowy, jest pochodn\u0105 witaminy A. Jest to pot\u0119\u017cny sk\u0142adnik, kt\u00f3ry przyspiesza obr\u00f3t kom\u00f3rek sk\u00f3ry, pomagaj\u0105c pozby\u0107 si\u0119 martwych kom\u00f3rek sk\u00f3ry i promowa\u0107 nowy wzrost. M\u00f3wi\u0105c pro\u015bciej, przekszta\u0142ca sk\u00f3r\u0119 z szarej w bajeczn\u0105!  <\/p>\n<h4>Dlaczego warto wybra\u0107 Tretinoin Cream 0.025% 20g?<\/h4>\n<ul>\n<li><strong>St\u0119\u017cenie ma znaczenie<\/strong>: St\u0119\u017cenie 0,025% zapewnia idealn\u0105 r\u00f3wnowag\u0119 dla pocz\u0105tkuj\u0105cych. Jest wystarczaj\u0105co silny, aby zapewni\u0107 rezultaty, a jednocze\u015bnie jest delikatny dla sk\u00f3ry. <\/li>\n<li><strong>Tretiheal w przyst\u0119pnej cenie<\/strong>: W przeciwie\u0144stwie do wielu wysokiej klasy produkt\u00f3w, kt\u00f3re obiecuj\u0105 \u015bwiat, ale maj\u0105 wysok\u0105 cen\u0119, Tretinoin Cream zapewnia <i>niedrogie<\/i> rozwi\u0105zanie bez uszczerbku dla jako\u015bci.<\/li>\n<\/ul>\n<hr>\n<h2>Zalety kremu z tretynoin\u0105 0,025% 20 g<\/h2>\n<p>Czego wi\u0119c mo\u017cna si\u0119 spodziewa\u0107 po w\u0142\u0105czeniu kremu Tretinoin Cream 0.025% do rutynowej piel\u0119gnacji sk\u00f3ry? Oto kr\u00f3tkie podsumowanie: <\/p>\n<ol>\n<li><strong>Walka z tr\u0105dzikiem<\/strong>: Tretinoina pomaga odblokowa\u0107 pory, zapobiegaj\u0105c powstawaniu uci\u0105\u017cliwych wyprysk\u00f3w.<\/li>\n<li><strong>Redukcja drobnych zmarszczek<\/strong>: Regularne stosowanie mo\u017ce wyra\u017anie zmniejszy\u0107 widoczno\u015b\u0107 drobnych linii i zmarszczek.<\/li>\n<li><strong>Poprawa tekstury sk\u00f3ry<\/strong>: Po\u017cegnaj si\u0119 z szorstkimi plamami i przywitaj g\u0142adsz\u0105 sk\u00f3r\u0119!<\/li>\n<li><strong>Nier\u00f3wny odcie\u0144 sk\u00f3ry<\/strong>: \u017begnajcie ciemne plamy, witaj r\u00f3wnomierna karnacja.<\/li>\n<li><strong>Zwi\u0119kszenie produkcji kolagenu<\/strong>: Tretinoina nie tylko leczy istniej\u0105ce problemy, ale tak\u017ce aktywnie dba o elastyczno\u015b\u0107 sk\u00f3ry.<\/li>\n<\/ol>\n<h3>Tabela: Tretinoin Cream 0,025% Korzy\u015bci<\/h3>\n<table>\n<thead>\n<tr>\n<th><strong>Korzy\u015bci<\/strong><\/th>\n<th><strong>Opis<\/strong><\/th>\n<\/tr>\n<\/thead>\n<tbody>\n<tr>\n<td>Kontrola tr\u0105dziku<\/td>\n<td>Redukuje pryszcze i wypryski, utrzymuj\u0105c pory czyste.<\/td>\n<\/tr>\n<tr>\n<td>Redukcja zmarszczek<\/td>\n<td>Minimalizuje drobne zmarszczki, zapewniaj\u0105c m\u0142odzie\u0144czy wygl\u0105d.<\/td>\n<\/tr>\n<tr>\n<td>Poprawa tekstury<\/td>\n<td>Wyg\u0142adza powierzchni\u0119 sk\u00f3ry, nadaj\u0105c jej mi\u0119kko\u015b\u0107.<\/td>\n<\/tr>\n<tr>\n<td>Rozja\u015bnienie<\/td>\n<td>Wyr\u00f3wnuje koloryt sk\u00f3ry, redukuj\u0105c ciemne plamy.<\/td>\n<\/tr>\n<tr>\n<td>Zwi\u0119kszona ilo\u015b\u0107 kolagenu<\/td>\n<td>Wspomaga j\u0119drno\u015b\u0107 sk\u00f3ry, zwi\u0119kszaj\u0105c jej elastyczno\u015b\u0107.<\/td>\n<\/tr>\n<\/tbody>\n<\/table>\n<hr>\n<h2>Jak skutecznie stosowa\u0107 krem Tretinoin Cream 0,025% 20g?<\/h2>\n<p>W porz\u0105dku, wi\u0119c masz ju\u017c sw\u00f3j krem &#8211; co teraz? Oto prosty przewodnik dotycz\u0105cy stosowania kremu Tretinoin Cream 0,025% w celu uzyskania optymalnych rezultat\u00f3w. <\/p>\n<h3>Aplikacja krok po kroku<\/h3>\n<ol>\n<li><strong>Oczyszczanie<\/strong>: Zacznij od delikatnego \u015brodka oczyszczaj\u0105cego, aby usun\u0105\u0107 brud i makija\u017c.<\/li>\n<li><strong>Osusz<\/strong>: Delikatnie osusz twarz, aby nie by\u0142a zbyt wilgotna.<\/li>\n<li><strong>Na\u0142o\u017cy\u0107 krem Tretinoin Cream<\/strong>: U\u017cyj ilo\u015bci wielko\u015bci ziarnka grochu, nak\u0142adaj\u0105c j\u0105 r\u00f3wnomiernie na ca\u0142\u0105 twarz.<\/li>\n<li><strong>Nawil\u017canie<\/strong>: Zastosuj krem nawil\u017caj\u0105cy, szczeg\u00f3lnie w przypadku os\u00f3b o suchej sk\u00f3rze.<\/li>\n<li><strong>Ochrona przeciws\u0142oneczna jest konieczno\u015bci\u0105<\/strong>: W ci\u0105gu dnia zawsze u\u017cywaj kremu z filtrem przeciws\u0142onecznym &#8211; tretynoina mo\u017ce uwra\u017cliwia\u0107 sk\u00f3r\u0119 na dzia\u0142anie promieni s\u0142onecznych.<\/li>\n<\/ol>\n<h3>Wskaz\u00f3wki dla pocz\u0105tkuj\u0105cych u\u017cytkownik\u00f3w<\/h3>\n<ul>\n<li><strong>Zacznij powoli<\/strong>: Zacznij od stosowania kremu co drug\u0105 noc, aby umo\u017cliwi\u0107 sk\u00f3rze dostosowanie si\u0119.<\/li>\n<li><strong>Uwa\u017caj na podra\u017cnienia<\/strong>: Je\u015bli wyst\u0105pi zaczerwienienie lub \u0142uszczenie, nale\u017cy zrobi\u0107 przerw\u0119 lub rzadziej u\u017cywa\u0107 produktu.<\/li>\n<li>Skonsultuj <strong>si\u0119 ze specjalist\u0105<\/strong>: Zawsze dobry pomys\u0142, je\u015bli nie masz pewno\u015bci, jak zareaguje Twoja sk\u00f3ra.<\/li>\n<\/ul>\n<hr>\n<h2>Najcz\u0119stsze dzia\u0142ania niepo\u017c\u0105dane i sposoby radzenia sobie z nimi<\/h2>\n<p>Mimo \u017ce Tretinoin zmienia zasady gry, nie jest pozbawiony dziwactw. Oto, co mo\u017cesz napotka\u0107: <\/p>\n<h3>Typowe skutki uboczne<\/h3>\n<ul>\n<li><strong>Zaczerwienienie<\/strong>: Jest to cz\u0119ste zjawisko, zw\u0142aszcza w przypadku os\u00f3b stosuj\u0105cych produkt po raz pierwszy.<\/li>\n<li><strong>\u0141uszczenie<\/strong>: W miar\u0119 dostosowywania si\u0119 sk\u00f3ry mo\u017ce pojawi\u0107 si\u0119 \u0142uszczenie.<\/li>\n<li><strong>Sucho\u015b\u0107<\/strong>: Aby zwalczy\u0107 ten problem, upewnij si\u0119, \u017ce dobrze nawil\u017casz sk\u00f3r\u0119.<\/li>\n<\/ul>\n<h3>Zarz\u0105dzanie efektami ubocznymi<\/h3>\n<ul>\n<li>Rozwa\u017c stosowanie serum nawil\u017caj\u0105cego pod kremem nawil\u017caj\u0105cym.<\/li>\n<li>Dostosuj cz\u0119stotliwo\u015b\u0107, je\u015bli wyst\u0105pi podra\u017cnienie &#8211; mo\u017cesz by\u0107 delikatny!<\/li>\n<li>Nawodnienie &#8211; pij du\u017co wody i utrzymuj zr\u00f3wnowa\u017con\u0105 diet\u0119.<\/li>\n<\/ul>\n<hr>\n<h2>Najcz\u0119\u015bciej zadawane pytania dotycz\u0105ce kremu Tretinoin Cream 0,025% 20g, Affordable Tretiheal<\/h2>\n<h3>Jaki jest okres trwa\u0142o\u015bci kremu Tretinoin Cream 0.025% 20g?<\/h3>\n<p>Krem Tretinoin Cream zwykle wystarcza na oko\u0142o 12 do 18 miesi\u0119cy, je\u015bli jest prawid\u0142owo przechowywany. Przechowywa\u0107 z dala od bezpo\u015bredniego \u015bwiat\u0142a s\u0142onecznego i nadmiernego ciep\u0142a! <\/p>\n<h3>Czy mog\u0119 stosowa\u0107 Tretinoin z innymi produktami do piel\u0119gnacji sk\u00f3ry?<\/h3>\n<p>Zdecydowanie! Nale\u017cy tylko zachowa\u0107 ostro\u017cno\u015b\u0107 przy \u0142\u0105czeniu z innymi silnymi substancjami czynnymi (takimi jak AHA lub BHA), chyba \u017ce zalecono inaczej, poniewa\u017c mo\u017ce to prowadzi\u0107 do podra\u017cnie\u0144. <\/p>\n<h3>Po jakim czasie zobacz\u0119 rezultaty?<\/h3>\n<p>Wi\u0119kszo\u015b\u0107 u\u017cytkownik\u00f3w zaczyna zauwa\u017ca\u0107 popraw\u0119 w ci\u0105gu 6 do 12 tygodni! Cierpliwo\u015b\u0107 jest tutaj kluczowa; dobre rzeczy przychodz\u0105 do tych, kt\u00f3rzy czekaj\u0105! <\/p>\n<h3>Czy tretynoina jest odpowiednia dla wszystkich rodzaj\u00f3w sk\u00f3ry?<\/h3>\n<p>Chocia\u017c tretynoina mo\u017ce przynie\u015b\u0107 korzy\u015bci wszystkim typom sk\u00f3ry, osoby z wra\u017cliw\u0105 sk\u00f3r\u0105 mog\u0105 wymaga\u0107 ostro\u017cno\u015bci.<\/p>\n<h3>Czy mog\u0119 stosowa\u0107 Tretinoin, je\u015bli jestem w ci\u0105\u017cy?<\/h3>\n<p>Przed zastosowaniem leku Tretinoin w czasie ci\u0105\u017cy nale\u017cy skonsultowa\u0107 si\u0119 z lekarzem, poniewa\u017c retinoidy mog\u0105 stwarza\u0107 ryzyko.<\/p>\n<hr>\n<h2>Do\u015bwiadczenia u\u017cytkownik\u00f3w i referencje<\/h2>\n<p>Co wi\u0119c s\u0105dz\u0105 prawdziwi u\u017cytkownicy o <strong>Tretinoin Cream 0.025% 20g, Affordable Tretiheal, Healing Pharma<\/strong>? Oto kilka opinii, kt\u00f3re mog\u0105 Ci\u0119 zainspirowa\u0107: <\/p>\n<h3>Sarah, 32 lata<\/h3>\n<p><i>\u201eZacz\u0119\u0142am stosowa\u0107 Tretinoin, kiedy zauwa\u017cy\u0142am, \u017ce pojawiaj\u0105 si\u0119 drobne zmarszczki. Szczerze m\u00f3wi\u0105c, przyzwyczajenie si\u0119 do niego zaj\u0119\u0142o mi kilka tygodni, ale teraz moja sk\u00f3ra wygl\u0105da m\u0142odziej ni\u017c kiedykolwiek! Nie mog\u0119 uwierzy\u0107, jak przyst\u0119pna jest cena!\u201d<\/i><\/p>\n<h3>Mark, 25<\/h3>\n<p><i>\u201eJako facet borykaj\u0105cy si\u0119 z okazjonalnymi wypryskami by\u0142em sceptyczny. Ale r\u00f3\u017cnica jest niesamowita! Moja sk\u00f3ra jest g\u0142adsza i czuj\u0119 si\u0119 o wiele bardziej pewny siebie!\u201d<\/i><\/p>\n<h3>Emily, 29 lat<\/h3>\n<p><i>\u201eNie chcia\u0142am wydawa\u0107 fortuny na piel\u0119gnacj\u0119 sk\u00f3ry, a ten krem z tretynoin\u0105 jest idealny! Pasuje do mojego bud\u017cetu i sprawia, \u017ce moja sk\u00f3ra promienieje!\u201d<\/i><\/p>\n<hr>\n<p>W \u015bwiecie przepe\u0142nionym opcjami piel\u0119gnacji sk\u00f3ry, <strong>Tretinoin Cream 0.025% 20g<\/strong>, niedrogi Tretiheal od Healing Pharma, wyr\u00f3\u017cnia si\u0119 jako niezawodny sojusznik w osi\u0105ganiu zdrowszej sk\u00f3ry. Niezale\u017cnie od tego, czy walczysz z tr\u0105dzikiem, borykasz si\u0119 z oznakami starzenia, czy po prostu chcesz poprawi\u0107 cer\u0119, ten krem przynosi wiele korzy\u015bci w przyst\u0119pnej cenie. <\/p>\n<p>Skoro ju\u017c wiesz, dlaczego nie spr\u00f3bowa\u0107? Przy odpowiednim podej\u015bciu mo\u017cesz by\u0107 na najlepszej drodze do promiennej sk\u00f3ry, o kt\u00f3rej zawsze marzy\u0142e\u015b. Pami\u0119taj, \u017ce kluczem jest cierpliwo\u015b\u0107 i konsekwencja. Szcz\u0119\u015bliwej podr\u00f3\u017cy po piel\u0119gnacji sk\u00f3ry!   <\/p>\n<hr>\n<p>Przejmij kontrol\u0119 nad rutynow\u0105 piel\u0119gnacj\u0105 sk\u00f3ry dzi\u0119ki Tretinoin Cream 0.025% 20g ju\u017c dzi\u015b i odmie\u0144 swoj\u0105 sk\u00f3r\u0119 krok po kroku!<\/p>\n","protected":false},"excerpt":{"rendered":"<p>Odkryj, w jaki spos\u00f3b Tretinoin Cream 0,025% 20g, niedrogi Tretiheal od Healing Pharma, mo\u017ce radykalnie poprawi\u0107 zdrowie Twojej sk\u00f3ry. Poznaj jego zalety, zastosowanie i do\u015bwiadczenia u\u017cytkownik\u00f3w w tym kompleksowym przewodniku. <\/p>\n","protected":false},"featured_media":4979,"comment_status":"open","ping_status":"closed","template":"","meta":[],"product_cat":[196],"product_tag":[391,561,527],"class_list":{"0":"post-4976","1":"product","2":"type-product","3":"status-publish","4":"has-post-thumbnail","6":"product_cat-pielegnacja-twarzy","7":"product_tag-krem-z-tretynoina","8":"product_tag-tretinoin-cream-0025-20g","9":"product_tag-tretynoina","11":"first","12":"instock","13":"taxable","14":"shipping-taxable","15":"purchasable","16":"product-type-simple"},"_links":{"self":[{"href":"https:\/\/tretinoins.com\/pl\/wp-json\/wp\/v2\/product\/4976","targetHints":{"allow":["GET"]}}],"collection":[{"href":"https:\/\/tretinoins.com\/pl\/wp-json\/wp\/v2\/product"}],"about":[{"href":"https:\/\/tretinoins.com\/pl\/wp-json\/wp\/v2\/types\/product"}],"replies":[{"embeddable":true,"href":"https:\/\/tretinoins.com\/pl\/wp-json\/wp\/v2\/comments?post=4976"}],"version-history":[{"count":2,"href":"https:\/\/tretinoins.com\/pl\/wp-json\/wp\/v2\/product\/4976\/revisions"}],"predecessor-version":[{"id":10210,"href":"https:\/\/tretinoins.com\/pl\/wp-json\/wp\/v2\/product\/4976\/revisions\/10210"}],"wp:featuredmedia":[{"embeddable":true,"href":"https:\/\/tretinoins.com\/pl\/wp-json\/wp\/v2\/media\/4979"}],"wp:attachment":[{"href":"https:\/\/tretinoins.com\/pl\/wp-json\/wp\/v2\/media?parent=4976"}],"wp:term":[{"taxonomy":"product_cat","embeddable":true,"href":"https:\/\/tretinoins.com\/pl\/wp-json\/wp\/v2\/product_cat?post=4976"},{"taxonomy":"product_tag","embeddable":true,"href":"https:\/\/tretinoins.com\/pl\/wp-json\/wp\/v2\/product_tag?post=4976"}],"curies":[{"name":"wp","href":"https:\/\/api.w.org\/{rel}","templated":true}]}}