{"id":4969,"date":"2024-01-03T13:59:51","date_gmt":"2024-01-03T13:59:51","guid":{"rendered":"https:\/\/tretinoins.com\/tretinoin-cream-0025-30g-tretin-hh\/"},"modified":"2026-05-01T16:56:49","modified_gmt":"2026-05-01T14:56:49","slug":"tretinoin-cream-0025-30g-tretin-hh","status":"publish","type":"product","link":"https:\/\/tretinoins.com\/pl\/tretinoin-cream-0025-30g-tretin-hh\/","title":{"rendered":"Tretinoin Cream 0.025%, 30g, Tretin, H&amp;H, przeciwtr\u0105dzikowy, przeciwzmarszczkowy"},"content":{"rendered":"<h1 data-pm-slice=\"0 0 []\" data-en-clipboard=\"true\">Kompletny przewodnik po kremie Tretinoin Cream 0,025%, 30g: Tretinoina w przyst\u0119pnej cenie dla promiennej sk\u00f3ry z H&amp;H<\/h1>\n<hr>\n<h2><b>Wprowadzenie: Dlaczego krem z tretynoin\u0105 jest wart zachodu?<\/b><\/h2>\n<div>Czy kiedykolwiek s\u0142ysza\u0142e\u015b o magicznym kremie, kt\u00f3ry mo\u017ce odmieni\u0107 Twoj\u0105 sk\u00f3r\u0119, pozby\u0107 si\u0119 tr\u0105dziku i zaj\u0105\u0107 si\u0119 pierwszymi uci\u0105\u017cliwymi oznakami starzenia? Krem Tretinoin Cream 0.025%, 30g zyska\u0142 s\u0142aw\u0119 w \u015bwiecie piel\u0119gnacji sk\u00f3ry i nie bez powodu! Niezale\u017cnie od tego, czy walczysz z uporczywymi wypryskami, czy zauwa\u017casz, \u017ce linie \u015bmiechu utrzymuj\u0105 si\u0119 nieco d\u0142u\u017cej, ni\u017c by\u015b chcia\u0142, ten niedrogi klejnot &#8211; zw\u0142aszcza Affordable Tretin by H&amp;H &#8211; mo\u017ce by\u0107 po prostu twoim rozwi\u0105zaniem. A co najlepsze? Jest przyjazny dla bud\u017cetu bez po\u015bwi\u0119cania jako\u015bci.    <\/div>\n<div>Je\u015bli bez ko\u0144ca googlujesz rozwi\u0105zania do piel\u0119gnacji sk\u00f3ry, pr\u00f3bujesz rozszyfrowa\u0107 listy sk\u0142adnik\u00f3w jak detektyw lub po prostu masz ochot\u0119 ulepszy\u0107 swoj\u0105 rutyn\u0119 samoopieki, trzymaj si\u0119! W tym przewodniku om\u00f3wimy wszystko, co musisz wiedzie\u0107 o kremie Tretinoin Cream 0,025%, 30 g, jego zastosowaniach, korzy\u015bciach i tym, jak ta ma\u0142a, ale pot\u0119\u017cna tubka Affordable Tretin by H&amp;H mo\u017ce na dobre zmieni\u0107 Twoj\u0105 gr\u0119 w piel\u0119gnacj\u0119 sk\u00f3ry. <\/div>\n<hr>\n<h2><b>Zrozumienie dzia\u0142ania kremu z tretynoin\u0105 0,025%, 30 g<\/b><\/h2>\n<h3><b>Czym w og\u00f3le jest krem Tretinoin?<\/b><\/h3>\n<div>Krem z tretynoin\u0105 nie jest przeci\u0119tnym kremem nawil\u017caj\u0105cym ani preparatem do stosowania punktowego &#8211; jest to silny retinoid pochodz\u0105cy z witaminy A. Znany ze swojej wszechstronno\u015bci, ten krem ci\u0119\u017cko pracuje:<\/div>\n<ul>\n<li>\n<div>Zwalcza tr\u0105dzik, odblokowuj\u0105c pory i zapobiegaj\u0105c powstawaniu wyprysk\u00f3w.<\/div>\n<\/li>\n<li>\n<div>Minimalizuje widoczno\u015b\u0107 drobnych linii i zmarszczek.<\/div>\n<\/li>\n<li>\n<div>Wyr\u00f3wnuje koloryt sk\u00f3ry i redukuje ciemne plamy.<\/div>\n<\/li>\n<li>\n<div>Stymuluje produkcj\u0119 kolagenu, zapewniaj\u0105c j\u0119drniejsz\u0105 i g\u0142adsz\u0105 sk\u00f3r\u0119.<\/div>\n<\/li>\n<\/ul>\n<div>Tretinoin Cream 0,025%, 30 g jest ulubionym produktem fan\u00f3w, poniewa\u017c jest wystarczaj\u0105co delikatny dla pocz\u0105tkuj\u0105cych, ale nadal ma moc. Ponadto, w por\u00f3wnaniu do wysokiej klasy produkt\u00f3w o podobnych sk\u0142adnikach, Affordable Tretin by H&amp;H zapewnia imponuj\u0105ce rezultaty za u\u0142amek ceny. <\/div>\n<hr>\n<h2><b>Dlaczego warto wybra\u0107 Affordable Tretin by H&amp;H?<\/b><\/h2>\n<div>Na rynku dost\u0119pne s\u0105 dziesi\u0105tki krem\u00f3w z tretinoin\u0105, wi\u0119c co wyr\u00f3\u017cnia Affordable Tretin by H&amp;H?<\/div>\n<ol>\n<li>\n<div><b>Przyjazna dla bud\u017cetu cena<\/b>: Sp\u00f3jrzmy prawdzie w oczy; piel\u0119gnacja sk\u00f3ry mo\u017ce wypali\u0107 dziur\u0119 w portfelu. Affordable Tretin zas\u0142uguje na swoj\u0105 nazw\u0119, oferuj\u0105c Tretinoin Cream 0,025%, 30g w cenie, kt\u00f3ra nie sprawi, \u017ce b\u0119dziesz si\u0119 krzywi\u0107. <\/div>\n<\/li>\n<li>\n<div><b>Wysokiej jako\u015bci sk\u0142adniki<\/b>: Tylko dlatego, \u017ce jest przyst\u0119pny cenowo, nie oznacza, \u017ce idzie na skr\u00f3ty. Affordable Tretin zapewnia wszystkie korzy\u015bci tretinoiny bez kompromis\u00f3w. <\/div>\n<\/li>\n<li>\n<div><b>Zaufana marka<\/b>: H&amp;H zdoby\u0142o uznanie jako niezawodna marka w dziedzinie piel\u0119gnacji sk\u00f3ry, wi\u0119c wiesz, \u017ce jeste\u015b w dobrych r\u0119kach!<\/div>\n<\/li>\n<li>\n<div><b>\u0141atwy dost\u0119p<\/b>: Zapomnij o d\u0142ugim oczekiwaniu lub zajmowaniu si\u0119 produktami, kt\u00f3rych nie ma w magazynie &#8211; przyst\u0119pny cenowo Tretin by H&amp;H jest \u0142atwo dost\u0119pny online, wi\u0119c nie musisz go szuka\u0107 w specjalistycznych sklepach.<\/div>\n<\/li>\n<\/ol>\n<hr>\n<h2><b>Jak stosowa\u0107 krem z tretynoin\u0105 0,025%, 30 g, aby uzyska\u0107 najlepsze rezultaty?<\/b><\/h2>\n<div>Skuteczne stosowanie kremu tretinoinowego sprowadza si\u0119 do dobrej rutyny &#8211; m\u0105drej, cierpliwej i konsekwentnej. Dlaczego? Poniewa\u017c tretinoina jest silnym \u015brodkiem, a sk\u00f3ra potrzebuje czasu, aby si\u0119 dostosowa\u0107. Oto krok po kroku, aby zacz\u0105\u0107:   <\/div>\n<h3><b>Krok 1: Delikatne oczyszczanie<\/b><\/h3>\n<div>Do usuwania zabrudze\u0144, makija\u017cu i olejk\u00f3w nale\u017cy u\u017cywa\u0107 \u0142agodnego, niewysuszaj\u0105cego \u015brodka myj\u0105cego. Ostre myd\u0142a mog\u0105 podra\u017cnia\u0107 sk\u00f3r\u0119 i zmniejsza\u0107 skuteczno\u015b\u0107 tretinoiny. <\/div>\n<h3><b>Krok 2: Poczekaj, a nast\u0119pnie zastosuj<\/b><\/h3>\n<div>Upewnij si\u0119, \u017ce Twoja twarz jest ca\u0142kowicie sucha! Stosowanie tretynoiny na wilgotn\u0105 sk\u00f3r\u0119 mo\u017ce nasili\u0107 jej dzia\u0142anie, co mo\u017ce prowadzi\u0107 do podra\u017cnie\u0144. U\u017cywaj ilo\u015bci wielko\u015bci ziarnka grochu &#8211; tak, tylko wielko\u015bci ziarnka grochu. Zaufaj mi, wystarczy odrobina!   <\/div>\n<h3><b>Krok 3: Nawil\u017canie, nawil\u017canie, nawil\u017canie<\/b><\/h3>\n<div>Zawsze stosuj nawil\u017caj\u0105cy, bezzapachowy krem nawil\u017caj\u0105cy. Je\u015bli Twoja sk\u00f3ra jest bardzo sucha lub zaczyna si\u0119 \u0142uszczy\u0107 (nie panikuj &#8211; to normalne!), na\u0142\u00f3\u017c na ni\u0105 grubsz\u0105 warstw\u0119 kremu nawil\u017caj\u0105cego. <\/div>\n<h3><b>Krok 4: Ochrona przeciws\u0142oneczna nie podlega dyskusji<\/b><\/h3>\n<div>Tretinoina mo\u017ce sprawi\u0107, \u017ce sk\u00f3ra b\u0119dzie bardziej wra\u017cliwa na s\u0142o\u0144ce, wi\u0119c SPF to Tw\u00f3j nowy BFF. W ci\u0105gu dnia wybieraj filtry przeciws\u0142oneczne o szerokim spektrum dzia\u0142ania, co najmniej SPF 30. <\/div>\n<hr>\n<h2><b>Profesjonalne wskaz\u00f3wki dotycz\u0105ce p\u0142ynnego przej\u015bcia na tretynoin\u0119<\/b><\/h2>\n<ul>\n<li>\n<div><b>Zacznij powoli<\/b>: Stosuj krem Tretinoin Cream 0,025%, 30 g co drug\u0105 noc, aby sk\u00f3ra mog\u0142a si\u0119 zaaklimatyzowa\u0107. Gdy poczujesz si\u0119 komfortowo, mo\u017cesz zacz\u0105\u0107 stosowa\u0107 krem co noc. <\/div>\n<\/li>\n<li>\n<div><b>Unikaj ostrych \u015brodk\u00f3w z\u0142uszczaj\u0105cych<\/b>: Pomi\u0144 peelingi i kwasy, kt\u00f3re mog\u0105 dodatkowo podra\u017cni\u0107 sk\u00f3r\u0119 podczas rozpoczynania stosowania tretinoiny.<\/div>\n<\/li>\n<li>\n<div><b>B\u0105d\u017a cierpliwy<\/b>: Rezultaty wymagaj\u0105 czasu! Mo\u017cesz do\u015bwiadczy\u0107 przera\u017caj\u0105cego okresu \u201eoczyszczania\u201d (w kt\u00f3rym Twoja sk\u00f3ra tymczasowo wysypuje si\u0119), ale nie poddawaj si\u0119 &#8211; to Twoja sk\u00f3ra oczyszcza si\u0119 z zanieczyszcze\u0144 z g\u0142\u0119bi cia\u0142a. <\/div>\n<\/li>\n<li>\n<div><b>Trzymaj si\u0119 prostych produkt\u00f3w<\/b>: Po\u0142\u0105cz tretinoin\u0119 z delikatn\u0105 rutyn\u0105. Im mniej sk\u0142adnik\u00f3w, substancji zapachowych i dra\u017cni\u0105cych, tym lepiej. <\/div>\n<\/li>\n<\/ul>\n<hr>\n<h2><b>Zalety kremu z tretynoin\u0105 0,025%, 30 g<\/b><\/h2>\n<div>Co sprawia, \u017ce ta ma\u0142a tubka kremu z tretinoin\u0105 jest tak wyj\u0105tkowa? Przyjrzyjmy si\u0119 jego magii: <\/div>\n<ul>\n<li>\n<div><b>Anti-Aging Hero<\/b>: Tretinoina przyspiesza obr\u00f3t kom\u00f3rek sk\u00f3ry, z czasem \u0142agodz\u0105c zmarszczki i drobne linie.<\/div>\n<\/li>\n<li>\n<div><b>Rozja\u015bnia matow\u0105 sk\u00f3r\u0119<\/b>: Je\u015bli masz nier\u00f3wny koloryt lub tekstur\u0119, tretinoina mo\u017ce pom\u00f3c wyg\u0142adzi\u0107 sk\u00f3r\u0119.<\/div>\n<\/li>\n<li>\n<div><b>Zwalcza tr\u0105dzik<\/b>: od zask\u00f3rnik\u00f3w po torbielowate pryszcze, tretynoina dzia\u0142a na wszystkich frontach, aby zapewni\u0107 czystsz\u0105 sk\u00f3r\u0119.<\/div>\n<\/li>\n<li>\n<div><b>D\u0142ugoterminowe korzy\u015bci<\/b>: Korzy\u015bci narastaj\u0105 z czasem, wi\u0119c im d\u0142u\u017cej b\u0119dziesz stosowa\u0107 t\u0119 metod\u0119, tym lepiej b\u0119dzie wygl\u0105da\u0107 Twoja sk\u00f3ra!<\/div>\n<\/li>\n<\/ul>\n<hr>\n<h2><b>Przyst\u0119pny cenowo Tretin by H&amp;H vs. konkurencja: Dlaczego jest zwyci\u0119zc\u0105<\/b><\/h2>\n<div>Por\u00f3wnuj\u0105c Tretinoin Cream 0.025%, 30g z Affordable Tretin z innymi markami, nie ma w\u0105tpliwo\u015bci. Oto jak wypada w zestawieniu: <\/div>\n<table width=\"564px\">\n<colgroup>\n<col>\n<col>\n<col><\/colgroup>\n<tbody>\n<tr>\n<th data-colwidth=\"188\">\n<div><b>Cecha<\/b><\/div>\n<\/th>\n<th data-colwidth=\"188\">\n<div><b>Affordable Tretin (H&amp;H)<\/b><\/div>\n<\/th>\n<th data-colwidth=\"188\">\n<div><b>Konkurencyjne marki<\/b><\/div>\n<\/th>\n<\/tr>\n<tr>\n<td data-colwidth=\"188\">\n<div><b>Cena<\/b><\/div>\n<\/td>\n<td data-colwidth=\"188\">\n<div>Przyjazny dla bud\u017cetu<\/div>\n<\/td>\n<td data-colwidth=\"188\">\n<div>Cz\u0119sto drogie<\/div>\n<\/td>\n<\/tr>\n<tr>\n<td data-colwidth=\"188\">\n<div><b>Jako\u015b\u0107 sk\u0142adnik\u00f3w<\/b><\/div>\n<\/td>\n<td data-colwidth=\"188\">\n<div>Wysoka jako\u015b\u0107<\/div>\n<\/td>\n<td data-colwidth=\"188\">\n<div>Mo\u017ce si\u0119 r\u00f3\u017cni\u0107<\/div>\n<\/td>\n<\/tr>\n<tr>\n<td data-colwidth=\"188\">\n<div><b>Dost\u0119pno\u015b\u0107<\/b><\/div>\n<\/td>\n<td data-colwidth=\"188\">\n<div>\u0141atwy zakup online<\/div>\n<\/td>\n<td data-colwidth=\"188\">\n<div>Ograniczony<\/div>\n<\/td>\n<\/tr>\n<tr>\n<td data-colwidth=\"188\">\n<div><b>Obs\u0142uga klienta<\/b><\/div>\n<\/td>\n<td data-colwidth=\"188\">\n<div>Niezawodny<\/div>\n<\/td>\n<td data-colwidth=\"188\">\n<div>Trafiony lub chybiony<\/div>\n<\/td>\n<\/tr>\n<\/tbody>\n<\/table>\n<div>Dzi\u0119ki Affordable Tretin by H&amp;H, otrzymujesz najwy\u017csz\u0105 wydajno\u015b\u0107 bez wi\u0119kszych wydatk\u00f3w. Czy nie tego wszyscy chcemy? <\/div>\n<hr>\n<h2><b>Najcz\u0119\u015bciej zadawane pytania dotycz\u0105ce kremu z tretynoin\u0105 0,025%, 30 g<\/b><\/h2>\n<h3><b>1. Jak d\u0142ugo wystarcza tubka 30 g?<\/b><\/h3>\n<div>Wystarczy niewielka ilo\u015b\u0107! Je\u015bli u\u017cywasz ilo\u015bci wielko\u015bci ziarnka grochu ka\u017cdej nocy, tubka 30 g mo\u017ce wystarczy\u0107 na oko\u0142o 4-6 miesi\u0119cy. <\/div>\n<h3><b>2. Czy mog\u0119 go u\u017cywa\u0107 w ci\u0105gu dnia?<\/b><\/h3>\n<div>Tretinoina jest zwykle stosowana w nocy, poniewa\u017c mo\u017ce uwra\u017cliwia\u0107 sk\u00f3r\u0119 na \u015bwiat\u0142o s\u0142oneczne. W ci\u0105gu dnia nale\u017cy zawsze stosowa\u0107 krem z filtrem przeciws\u0142onecznym. <\/div>\n<h3><b>3. Czy Tretinoin Cream 0.025% jest bezpieczny dla pocz\u0105tkuj\u0105cych?<\/b><\/h3>\n<div>Absolutnie! To ni\u017csze st\u0119\u017cenie jest idealne dla os\u00f3b, kt\u00f3re dopiero zaczynaj\u0105 stosowa\u0107 retinoidy, poniewa\u017c jest skuteczne, ale mniej prawdopodobne, \u017ce spowoduje podra\u017cnienie przy prawid\u0142owym stosowaniu. <\/div>\n<h3><b>4. Czy moja sk\u00f3ra b\u0119dzie oczyszczona?<\/b><\/h3>\n<div>To mo\u017cliwe! Oczyszczanie sk\u00f3ry jest powszechne po rozpocz\u0119ciu stosowania tretinoiny, poniewa\u017c przyspiesza ona obr\u00f3t kom\u00f3rkowy i usuwa uwi\u0119zione zanieczyszczenia. Trzymaj si\u0119 tego, a cierpliwo\u015b\u0107 si\u0119 op\u0142aci.  <\/div>\n<h3><b>5. Czy mog\u0119 go u\u017cywa\u0107 z innymi sk\u0142adnikami aktywnymi?<\/b><\/h3>\n<div>Na pocz\u0105tku najlepiej jest zachowa\u0107 prostot\u0119 i unika\u0107 ostrych substancji czynnych (takich jak AHA lub BHA). Po dostosowaniu si\u0119 sk\u00f3ry mo\u017cna powoli i ostro\u017cnie wprowadza\u0107 inne sk\u0142adniki. <\/div>\n<hr>\n<h2><b>Tw\u00f3j bohater piel\u0119gnacji sk\u00f3ry czeka<\/b><\/h2>\n<div>Tretinoin Cream 0.025%, 30g to pot\u0119\u017cny produkt, kt\u00f3ry mo\u017ce naprawd\u0119 zmieni\u0107 Twoj\u0105 sk\u00f3r\u0119 na lepsze. Niezale\u017cnie od tego, czy zale\u017cy Ci na oczyszczeniu por\u00f3w, wyg\u0142adzeniu tekstury czy m\u0142odzie\u0144czym blasku, Affordable Tretin by H&amp;H oferuje przyst\u0119pne rozwi\u0105zanie bez rozbijania banku. <\/div>\n<div>Tak, wymaga to wytrwa\u0142o\u015bci i cierpliwo\u015bci, ale niesamowita sk\u00f3ra czeka na tych, kt\u00f3rzy si\u0119 tego trzymaj\u0105! Je\u015bli jeste\u015b gotowy, aby podnie\u015b\u0107 poziom swojej rutyny piel\u0119gnacji sk\u00f3ry, zdob\u0105d\u017a tubk\u0119 Affordable Tretin by H&amp;H i obserwuj, jak rozwija si\u0119 magia. Od walki z uci\u0105\u017cliwym tr\u0105dzikiem po zwi\u0119kszenie blasku &#8211; to decyzja, za kt\u00f3r\u0105 Twoja sk\u00f3ra b\u0119dzie Ci wdzi\u0119czna.  <\/div>\n<div>Na co wi\u0119c czekasz? Niech Tretinoin Cream 0.025%, 30g stanie si\u0119 tajn\u0105 broni\u0105 w Twoim arsenale piel\u0119gnacji sk\u00f3ry &#8211; bo marzenia w przyst\u0119pnej cenie <i>si\u0119<\/i> spe\u0142niaj\u0105! <\/div>\n","protected":false},"excerpt":{"rendered":"<p>Odkryj, dlaczego krem Tretinoin Cream 0,025%, 30 g jest najlepszym wyborem do piel\u0119gnacji sk\u00f3ry w przyst\u0119pnej cenie dzi\u0119ki Affordable Tretin by H&amp;H. Poznaj jego zalety, dowiedz si\u0119, jak go stosowa\u0107 i gdzie go znale\u017a\u0107, aby uzyska\u0107 promienn\u0105, m\u0142odzie\u0144cz\u0105 sk\u00f3r\u0119 przy ograniczonym bud\u017cecie. <\/p>\n","protected":false},"featured_media":4971,"comment_status":"open","ping_status":"closed","template":"","meta":[],"product_cat":[196],"product_tag":[391,393,395,389],"class_list":{"0":"post-4969","1":"product","2":"type-product","3":"status-publish","4":"has-post-thumbnail","6":"product_cat-pielegnacja-twarzy","7":"product_tag-krem-z-tretynoina","8":"product_tag-tretin-pl","9":"product_tag-tretin-cream-pl","10":"product_tag-tretinoin-cream-0025","12":"first","13":"instock","14":"taxable","15":"shipping-taxable","16":"purchasable","17":"product-type-simple"},"_links":{"self":[{"href":"https:\/\/tretinoins.com\/pl\/wp-json\/wp\/v2\/product\/4969","targetHints":{"allow":["GET"]}}],"collection":[{"href":"https:\/\/tretinoins.com\/pl\/wp-json\/wp\/v2\/product"}],"about":[{"href":"https:\/\/tretinoins.com\/pl\/wp-json\/wp\/v2\/types\/product"}],"replies":[{"embeddable":true,"href":"https:\/\/tretinoins.com\/pl\/wp-json\/wp\/v2\/comments?post=4969"}],"version-history":[{"count":2,"href":"https:\/\/tretinoins.com\/pl\/wp-json\/wp\/v2\/product\/4969\/revisions"}],"predecessor-version":[{"id":10129,"href":"https:\/\/tretinoins.com\/pl\/wp-json\/wp\/v2\/product\/4969\/revisions\/10129"}],"wp:featuredmedia":[{"embeddable":true,"href":"https:\/\/tretinoins.com\/pl\/wp-json\/wp\/v2\/media\/4971"}],"wp:attachment":[{"href":"https:\/\/tretinoins.com\/pl\/wp-json\/wp\/v2\/media?parent=4969"}],"wp:term":[{"taxonomy":"product_cat","embeddable":true,"href":"https:\/\/tretinoins.com\/pl\/wp-json\/wp\/v2\/product_cat?post=4969"},{"taxonomy":"product_tag","embeddable":true,"href":"https:\/\/tretinoins.com\/pl\/wp-json\/wp\/v2\/product_tag?post=4969"}],"curies":[{"name":"wp","href":"https:\/\/api.w.org\/{rel}","templated":true}]}}