{"id":4904,"date":"2024-01-03T14:05:19","date_gmt":"2024-01-03T14:05:19","guid":{"rendered":"https:\/\/tretinoins.com\/crest-3d-white-arctic-fresh-107g-wybielajaca-pasta-do-zebow\/"},"modified":"2026-04-10T17:14:37","modified_gmt":"2026-04-10T15:14:37","slug":"crest-3d-white-arctic-fresh-107g-wybielajaca-pasta-do-zebow","status":"publish","type":"product","link":"https:\/\/tretinoins.com\/pl\/crest-3d-white-arctic-fresh-107g-wybielajaca-pasta-do-zebow\/","title":{"rendered":"Crest 3D White Arctic Fresh 107g, wybielaj\u0105ca pasta do z\u0119b\u00f3w"},"content":{"rendered":"<h1 style=\"text-align: center;\"><strong>Crest 3D White Arctic Fresh 107g, wybielaj\u0105ca pasta do z\u0119b\u00f3w<\/strong><\/h1>\n<p><strong>Opis<\/strong><\/p>\n<p>U\u017cywaj\u0105c <strong>wybielaj\u0105cej pasty do z\u0119b\u00f3w Crest 3D White Arctic Fresh<\/strong>, do\u015bwiadczysz g\u0142\u0119bokiej ochrony w ramach rutynowej higieny jamy ustnej, jednocze\u015bnie uzyskuj\u0105c ja\u015bniejszy u\u015bmiech. W\u0142\u0105cz t\u0119 past\u0119 do swojej codziennej rutyny i ciesz si\u0119 czystym, \u015bwie\u017cym uczuciem, kt\u00f3re dodaje Ci pewno\u015bci siebie za ka\u017cdym razem, gdy si\u0119 u\u015bmiechasz.<\/p>\n<p>&nbsp;<\/p>\n<p><strong>W\u0142a\u015bciwo\u015bci:<\/strong><\/p>\n<ul>\n<li>Wybiela z\u0119by<\/li>\n<li>Czy\u015bci z\u0119by nawet w trudno dost\u0119pnych miejscach<\/li>\n<li>Mocny, orze\u017awiaj\u0105cy mi\u0119towy smak &#8211; pozostawia d\u0142ugotrwa\u0142\u0105 \u015bwie\u017co\u015b\u0107<\/li>\n<li>Usuwa przebarwienia z powierzchni z\u0119b\u00f3w<\/li>\n<li>Nadaje z\u0119bom po\u0142ysk<\/li>\n<li>Chroni szkliwo z\u0119b\u00f3w<\/li>\n<\/ul>\n<p>&nbsp;<\/p>\n<p><strong>Jak u\u017cywa\u0107:<\/strong><\/p>\n<p>Doro\u015bli i dzieci w wieku powy\u017cej 2 lat: dok\u0142adnie my\u0107 z\u0119by po ka\u017cdym posi\u0142ku lub co najmniej dwa razy dziennie, chyba \u017ce lekarz zaleci inaczej.<br \/>\nZaleca si\u0119, aby dzieci poni\u017cej 6 roku \u017cycia stosowa\u0142y ilo\u015b\u0107 pasty wielko\u015bci ziarnka grochu i by\u0142y nadzorowane przez osob\u0119 doros\u0142\u0105 podczas szczotkowania i p\u0142ukania.<\/p>\n<p><strong>Sk\u0142adniki:<\/strong><\/p>\n<p>Sk\u0142adnik aktywny: fluorek sodu 0,243% (jon fluorkowy 0,15% g\/v).<\/p>\n<p>Sk\u0142adniki nieaktywne: woda, sorbitol, uwodniony dwutlenek krzemu, pirofosforan disodu, laurylosiarczan sodu, aromat, guma celulozowa, wodorotlenek sodu, sacharyna sodowa, karbomer, mika, dwutlenek tytanu.<\/p>\n<p><strong>Producent<\/strong>:<\/p>\n<p>Procter &amp; Gamble Global Privacu Tim, PO Box 599, Cincinnati, OH 45202, USA.<\/p>\n<p><strong>Warunki przechowywania:  <\/strong><\/p>\n<p>Produkt nale\u017cy przechowywa\u0107 w ciemnym, suchym miejscu w temperaturze pokojowej od 0 do +25\u00b0C, z dala od bezpo\u015bredniego \u015bwiat\u0142a s\u0142onecznego i urz\u0105dze\u0144 grzewczych.<\/p>\n<p><strong>\u015arodki ostro\u017cno\u015bci:<\/strong><\/p>\n<p>Nie pozostawia\u0107 produktu w zasi\u0119gu dzieci poni\u017cej 6 roku \u017cycia!<br \/>\nNie stosowa\u0107 produktu u dzieci poni\u017cej 2 roku \u017cycia, chyba \u017ce zaleci to lekarz!<br \/>\nW przypadku po\u0142kni\u0119cia wi\u0119kszej ilo\u015bci pasty ni\u017c u\u017cywana do normalnego szczotkowania, nale\u017cy zwr\u00f3ci\u0107 si\u0119 o pomoc medyczn\u0105!<\/p>\n","protected":false},"excerpt":{"rendered":"<p>Crest 3D White Arctic Fresh 107g, wybielaj\u0105ca pasta do z\u0119b\u00f3w Opis U\u017cywaj\u0105c wybielaj\u0105cej pasty do z\u0119b\u00f3w Crest 3D White Arctic Fresh, do\u015bwiadczysz&hellip;<\/p>\n","protected":false},"featured_media":4906,"comment_status":"open","ping_status":"closed","template":"","meta":[],"product_cat":[193],"product_tag":[459],"class_list":{"0":"post-4904","1":"product","2":"type-product","3":"status-publish","4":"has-post-thumbnail","6":"product_cat-crest-pasta-do-zebow","7":"product_tag-crest-3d-white-pl","9":"first","10":"instock","11":"featured","12":"taxable","13":"shipping-taxable","14":"purchasable","15":"product-type-simple"},"_links":{"self":[{"href":"https:\/\/tretinoins.com\/pl\/wp-json\/wp\/v2\/product\/4904","targetHints":{"allow":["GET"]}}],"collection":[{"href":"https:\/\/tretinoins.com\/pl\/wp-json\/wp\/v2\/product"}],"about":[{"href":"https:\/\/tretinoins.com\/pl\/wp-json\/wp\/v2\/types\/product"}],"replies":[{"embeddable":true,"href":"https:\/\/tretinoins.com\/pl\/wp-json\/wp\/v2\/comments?post=4904"}],"version-history":[{"count":0,"href":"https:\/\/tretinoins.com\/pl\/wp-json\/wp\/v2\/product\/4904\/revisions"}],"wp:featuredmedia":[{"embeddable":true,"href":"https:\/\/tretinoins.com\/pl\/wp-json\/wp\/v2\/media\/4906"}],"wp:attachment":[{"href":"https:\/\/tretinoins.com\/pl\/wp-json\/wp\/v2\/media?parent=4904"}],"wp:term":[{"taxonomy":"product_cat","embeddable":true,"href":"https:\/\/tretinoins.com\/pl\/wp-json\/wp\/v2\/product_cat?post=4904"},{"taxonomy":"product_tag","embeddable":true,"href":"https:\/\/tretinoins.com\/pl\/wp-json\/wp\/v2\/product_tag?post=4904"}],"curies":[{"name":"wp","href":"https:\/\/api.w.org\/{rel}","templated":true}]}}