{"id":14831,"date":"2024-01-03T14:05:02","date_gmt":"2024-01-03T12:05:02","guid":{"rendered":"https:\/\/tretinoins.com\/crest-3d-white-glamorous-white-107g-pasta-do-zebow-blanchissant\/"},"modified":"2024-01-03T14:05:02","modified_gmt":"2024-01-03T12:05:02","slug":"crest-3d-white-glamorous-white-107g-pasta-do-zebow-blanchissant","status":"publish","type":"product","link":"https:\/\/tretinoins.com\/pl\/crest-3d-white-glamorous-white-107g-pasta-do-zebow-blanchissant\/","title":{"rendered":"Crest 3D White Glamorous White 107g, pasta do z\u0119b\u00f3w blanchissant"},"content":{"rendered":"<h1 data-pm-slice=\"0 0 []\" data-en-clipboard=\"true\">Dentifrice blanchissant Crest 3D White Glamorous White 107g : Souriez, brillez !<\/h1>\n<div>Il n&#8217;y a rien de tel que le pouvoir de confiance d&#8217;un sourire radieux. C&#8217;est votre premi\u00e8re impression, votre meilleur atout et votre superpouvoir au quotidien. Ale jak wiemy, nie ma wielu rzeczy, kt\u00f3re mog\u0142yby wp\u0142yn\u0105\u0107 na to zaufanie do nas samych, takich jak kafejki, wina i codzienne \u017cycie naszych dzieci. Na szcz\u0119\u015bcie dla nas, blanszuj\u0105ca pasta do z\u0119b\u00f3w Crest 3D White Glamorous White 107g obiecuje co\u015b naprawd\u0119 magicznego: produkt, kt\u00f3ry nie zadowala si\u0119 czyszczeniem, ale przemienia.     <\/div>\n<div>Czy ta niewielka tubka mo\u017ce by\u0107 sekretem, kt\u00f3ry pozwoli Ci odzyska\u0107 sw\u00f3j najpi\u0119kniejszy wygl\u0105d? Dans cet article, nous allons examiner en d\u00e9tail ce qui fait du dentifrice blanchissant Crest 3D White Glamorous White 107g un productit qui change la donne en mati\u00e8re de soins bucco-dentaires. Od unikalnych cech po porady dotycz\u0105ce uzyskania optymalnych rezultat\u00f3w, mamy dla Ciebie wszystkie szczeg\u00f3\u0142y. Allons-y !     <\/div>\n<hr>\n<h2>Czym wyr\u00f3\u017cnia si\u0119 wybielacz do z\u0119b\u00f3w Crest 3D White Glamorous White 107 g?<\/h2>\n<div>Epoka, w kt\u00f3rej mo\u017cna wyszczotkowa\u0107 z\u0119by &#8222;w celu ich odbarwienia&#8221;, jest w toku. Ce dentifrice n&#8217;a pas son pareil. Dlaczego wi\u0119c tak si\u0119 dzieje?    <\/div>\n<h3>1. Zaawansowana technologia blanszowania<\/h3>\n<div>Pasta do z\u0119b\u00f3w Crest 3D White Glamorous White nie jest zwyk\u0142\u0105 past\u0105 do z\u0119b\u00f3w. Jest on wyposa\u017cony w technologi\u0119 punktow\u0105 stworzon\u0105 w celu wyeliminowania podw\u00f3jnego i skutecznego 90% b\u00f3lu powierzchni w ci\u0105gu zaledwie pi\u0119ciu godzin! Oui, vous avez bien lu, cinq jours !    <\/div>\n<ul>\n<li>\n<div>Dzi\u0119ki <b>technologii 3D White<\/b> pasta do z\u0119b\u00f3w wykorzystuje mikrocz\u0105steczki poleruj\u0105ce, aby wyeliminowa\u0107 \u015brodki czyszcz\u0105ce bez uszkadzania z\u0119b\u00f3w.<\/div>\n<\/li>\n<li>\n<div>Jej formu\u0142a jest r\u00f3wnie\u017c wzbogacona fluorem, kt\u00f3ry wzmacnia z\u0119by i chroni je przed pr\u00f3chnic\u0105.<\/div>\n<\/li>\n<\/ul>\n<h3>2. Tout est dans le glamour<\/h3>\n<div>W przeciwie\u0144stwie do wielu produkt\u00f3w rozja\u015bniaj\u0105cych, kt\u00f3re pozostawiaj\u0105 w buzi wra\u017cenie blasku, Glamorous White jest zgodny ze swoj\u0105 nazw\u0105. Roz\u015bwietla, rozja\u015bnia i dodaje blasku delikatnym rysom twarzy.   <\/div>\n<ul>\n<li>\n<div>Zastan\u00f3w si\u0119, jak traktowa\u0107 ta\u015bm\u0119 w kolorze czerwonym dla Twoich w\u0142os\u00f3w!<\/div>\n<\/li>\n<li>\n<div>Nie jest ani twardy, ani \u015bcieralny, jest wi\u0119c wystarczaj\u0105co delikatny do codziennego u\u017cytku.<\/div>\n<\/li>\n<\/ul>\n<div>Ale najwa\u017cniejsze jest to, \u017ce nie zadowala si\u0119 dzia\u0142aniem. Nie zadowala si\u0119 tym, \u017ce nie dzia\u0142a, dzia\u0142a bez konieczno\u015bci stosowania g\u0105bek lub gumek do w\u0142os\u00f3w. Tradycyjne systemy blanszowania mog\u0105 wymaga\u0107 wi\u0119cej czasu, ale to urz\u0105dzenie doskonale wpisuje si\u0119 w codzienn\u0105 rutyn\u0119. Mo\u017cesz zdoby\u0107 punkty!     <\/div>\n<hr>\n<h2>Pourquoi les gens en raffolent<\/h2>\n<div>Potrzebujesz innych powod\u00f3w, aby umie\u015bci\u0107 t\u0119 supergwiazd\u0119 rozja\u015bniania w swoim salonie k\u0105pielowym? Oto powody, dla kt\u00f3rych ludzie uwielbiaj\u0105 wybielaj\u0105c\u0105 past\u0119 do z\u0119b\u00f3w Crest 3D White Glamorous White 107 g :   <\/div>\n<h3>Fra\u00eecheur instantan\u00e9e<\/h3>\n<div>Ten \u015brodek do czyszczenia z\u0119b\u00f3w nie jest zbyt delikatny. Avec son arri\u00e8re-go\u00fbt de menthe, vous aurez non seulement des dents plus blanches, mais aussi une haleine plus fra\u00eeche qui vous accompagnera tout au long de la journ\u00e9e.   <\/div>\n<h3>Przyst\u0119pna i skuteczna<\/h3>\n<div>W przeciwie\u0144stwie do profesjonalnych zabieg\u00f3w rozja\u015bniania, kt\u00f3re kosztuj\u0105 biustonosz i d\u017cem, produkt do rozja\u015bniania z\u0119b\u00f3w Crest 3D White Glamorous White 107g zapewnia sta\u0142e rezultaty za u\u0142amek ceny. Innymi s\u0142owy, jest to niewielka inwestycja za milion dolar\u00f3w.   <\/div>\n<h3>Stymulowanie zaufania<\/h3>\n<div>Wyobra\u017a sobie, \u017ce wybierasz si\u0119 na spotkanie lub imprez\u0119 i czujesz, \u017ce Twoja sk\u00f3ra jest nieskazitelnie czysta. To prawdziwa magia produktu dentystycznego takiego jak ten. Pomaga odzyska\u0107 nieskazitelny wygl\u0105d.    <\/div>\n<hr>\n<h2>Wskaz\u00f3wki dotycz\u0105ce maksymalnego wykorzystania Crest 3D White<\/h2>\n<div>Chcesz osi\u0105gn\u0105\u0107 najlepsze mo\u017cliwe rezultaty? Spos\u00f3b, w jaki wykonujesz swoj\u0105 rutynow\u0105 higien\u0119 jamy ustnej, ma decyduj\u0105ce znaczenie. Oto kilka praktycznych wskaz\u00f3wek, kt\u00f3re pomog\u0105 Ci osi\u0105gn\u0105\u0107 najlepsze rezultaty z wybielaj\u0105c\u0105 past\u0105 do z\u0119b\u00f3w Crest 3D White Glamorous White:    <\/div>\n<ol>\n<li>\n<div><b>Wsp\u00f3\u0142praca jest niezb\u0119dna<\/b><\/div>\n<ul>\n<li>\n<div>U\u017cywaj dentifrice dwa razy dziennie, aby uzyska\u0107 widoczne rezultaty. Kontynuuj t\u0119 czynno\u015b\u0107, nawet po tym, jak twoje z\u0119by odzyskaj\u0105 sw\u00f3j blask: nie chcesz, aby blizny powr\u00f3ci\u0142y.   <\/div>\n<\/li>\n<\/ul>\n<\/li>\n<li>\n<div><b>Po\u0142\u0105czy\u0107 z broz\u0105 z wg\u0142\u0119bieniami, kt\u00f3ra sprzyja blanszowaniu.<\/b><\/div>\n<ul>\n<li>\n<div>Poszukaj p\u0119dzla z wg\u0142\u0119bieniami przeznaczonego do blanszowania, w szczeg\u00f3lno\u015bci z poliestrami, kt\u00f3re nie niszcz\u0105 poczty, ale wzmacniaj\u0105 efekty.<\/div>\n<\/li>\n<\/ul>\n<\/li>\n<li>\n<div><b>Ogranicz spo\u017cycie produkt\u00f3w spo\u017cywczych, kt\u00f3re powoduj\u0105 b\u00f3le plec\u00f3w.<\/b><\/div>\n<ul>\n<li>\n<div>Le caf\u00e9, le th\u00e9 i le vin rouge s\u0105 znane z tego, \u017ce pozostawiaj\u0105 \u015blady. Nie ma potrzeby, aby\u015b ca\u0142kowicie zrezygnowa\u0142 (jeste\u015bmy realistami), ale spr\u00f3buj u\u017cy\u0107 wiaderka lub sp\u0142ucz buzi\u0119 wod\u0105 po zamachu.   <\/div>\n<\/li>\n<\/ul>\n<\/li>\n<li>\n<div><b>N&#8217;oubliez pas le fil dentaire<\/b><\/div>\n<ul>\n<li>\n<div>P\u0142yn do p\u0142ukania jamy ustnej jest bardzo skuteczny, ale nie nale\u017cy zapomina\u0107 o czyszczeniu genitali\u00f3w i przestrzeni mi\u0119dzy z\u0119bami. Stosuj cz\u0119sto filtr dentystyczny, aby poprawi\u0107 higien\u0119 jamy ustnej.   <\/div>\n<\/li>\n<\/ul>\n<\/li>\n<li>\n<div><b>Essayez d&#8217;incorporer des rin\u00e7ages blanchissants<\/b><\/div>\n<ul>\n<li>\n<div>Je\u015bli czujesz si\u0119 bardzo ambitny, dodanie do rutyny bemaru do blanszowania mo\u017ce by\u0107 dodatkowym atutem.<\/div>\n<\/li>\n<\/ul>\n<\/li>\n<\/ol>\n<hr>\n<h2>Najcz\u0119stsze pytania dotycz\u0105ce blanszowania z\u0119b\u00f3w Crest 3D White Glamorous White 107g<\/h2>\n<h3>1. Ce produkt blanchit-il vraiment les dents en cinq jours?<\/h3>\n<div>Absolutnie! Wi\u0119kszo\u015b\u0107 u\u017cytkownik\u00f3w zauwa\u017ca widoczn\u0105 popraw\u0119 po oko\u0142o pi\u0119ciu godzinach regularnego stosowania. Nale\u017cy jednak pami\u0119ta\u0107, \u017ce wyniki mog\u0105 si\u0119 r\u00f3\u017cni\u0107 w zale\u017cno\u015bci od stopnia wybarwienia i og\u00f3lnej higieny jamy ustnej.    <\/div>\n<h3>2. Le dentifrice Crest 3D White Blanc \u00e9clatant est-il s\u00e9curitaire pour un use quotidien ?<\/h3>\n<div>Tak, wszystko jest w porz\u0105dku! Formu\u0142a jest delikatna dla poczty, a jednocze\u015bnie odporna na powierzchowne uszkodzenia. Vous pouvez donc l&#8217;utiliser tous les jours sans crainte.    <\/div>\n<h3>3. Czy produkt eliminuje g\u0142\u0119bokie i wewn\u0119trzne blizny?<\/h3>\n<div>Ten produkt do piel\u0119gnacji z\u0119b\u00f3w zosta\u0142 stworzony specjalnie z my\u015bl\u0105 o usuwaniu powierzchniowych przebarwie\u0144. Je\u015bli chcesz usun\u0105\u0107 g\u0142\u0119bokie i wewn\u0119trzne przebarwienia, mo\u017cesz skorzysta\u0107 z profesjonalnego zabiegu rozja\u015bniania, aby uzyska\u0107 lepsze rezultaty.   <\/div>\n<h3>4. Czy mog\u0119 u\u017cywa\u0107 z urz\u0105dzeniem dentystycznym lub innymi \u015brodkami dentystycznymi?<\/h3>\n<div>W razie w\u0105tpliwo\u015bci nale\u017cy skonsultowa\u0107 si\u0119 z ortodont\u0105 lub stomatologiem. Pomimo tego, \u017ce produkt dentifrice jest generalnie bezpieczny w przypadku stosowania z urz\u0105dzeniem dentystycznym lub lekami dentystycznymi, dentysta mo\u017ce udzieli\u0107 indywidualnych porad.   <\/div>\n<hr>\n<h2>La science derri\u00e8re l&#8217;\u00e9clat<\/h2>\n<div>Je\u015bli jest co\u015b, o czym Crest wie, to s\u0105 to denty! Bezpieczny sos do wybielaj\u0105cej pasty do z\u0119b\u00f3w Glamorous White znajduje si\u0119 w idealnie zr\u00f3wnowa\u017conej formule opracowanej przez ekspert\u00f3w. Zobacz, co nada Twoim z\u0119bom niepor\u00f3wnywalny blask:    <\/div>\n<h3>Ingr\u00e9dients micro-nettoyants<\/h3>\n<div>Te ma\u0142e kuleczki dzia\u0142aj\u0105 jak za dotkni\u0119ciem czarodziejskiej r\u00f3\u017cd\u017cki, skutecznie usuwaj\u0105c plamy powsta\u0142e na skutek picia kawy, spo\u017cywania owoc\u00f3w morza i innych produkt\u00f3w spo\u017cywczych, a przy tym zachowuj\u0105c nienaruszon\u0105 poczt\u0119. Pomy\u015bl o tym jak o pobycie w spa dla Twoich w\u0142os\u00f3w!   <\/div>\n<h3>Blanchir bez kompromis\u00f3w<\/h3>\n<div>W przeciwie\u0144stwie do produkt\u00f3w abrazyjnych, ten dentifrice usuwa wgniecenia bez ich \u015bcierania. Dowodzi to, \u017ce nie musisz po\u015bwi\u0119ca\u0107 swojej poczty, aby mie\u0107 poczucie gotowo\u015bci do fotografowania.   <\/div>\n<h3>Zalety antykawitacji<\/h3>\n<div>Nie przejmuj si\u0119 nazw\u0105 &#8222;blanchissant&#8221;. Ten \u015brodek do czyszczenia z\u0119b\u00f3w podw\u00f3jnie chroni przed pr\u00f3chnic\u0105. Fluor pomaga poprawi\u0107 samopoczucie.    <\/div>\n<hr>\n<h2>Ostatnie refleksje : Czy chcesz przej\u015b\u0107 do dzia\u0142ania?<\/h2>\n<div>Je\u015bli szukasz \u0142atwego i niedrogiego sposobu na popraw\u0119 swojego stylu \u017cycia, blanszowanie z\u0119b\u00f3w Crest 3D White Glamorous White 107 g mo\u017ce by\u0107 idealnym rozwi\u0105zaniem. Dzi\u0119ki zaawansowanej technologii wybielania, delikatnej formule i delikatnej zawarto\u015bci mentolu, nie jest zaskoczeniem, \u017ce ludzie nie mog\u0105 si\u0119 z ni\u0105 porozumie\u0107.   <\/div>\n<div>Z pewno\u015bci\u0105 nale\u017cy wykaza\u0107 si\u0119 cierpliwo\u015bci\u0105, wytrwa\u0142o\u015bci\u0105 i dobrymi nawykami stomatologicznymi, aby uzyska\u0107 najlepsze wyniki, ale czy gra nie jest tylko sposobem na uzyskanie wspania\u0142ego samopoczucia? Vos dents sont plus que de simples outils de mastication : elles jouent un r\u00f4le cl\u00e9 dans votre confiance en vous et dans la fa\u00e7on dont vous pr\u00e9sentez au monde.   <\/div>\n<hr>\n<h2>Fina\u0142 refleksji<\/h2>\n<div>Jeszcze bardziej jaskrawy zapach nie znajduje si\u0119 na wyci\u0105gni\u0119cie r\u0119ki. Znajduje si\u0119 w tubce o wadze 107 g o nazwie &#8222;Crest 3D White Glamorous White Whitening Toothpaste&#8221; (pasta do z\u0119b\u00f3w Crest 3D White Glamorous White). Alors allez-y, offrez-vous le glamour. Car soyons r\u00e9alistes, votre sourire m\u00e9rite d&#8217;\u00eatre mis en valeur!     <\/div>\n","protected":false},"excerpt":{"rendered":"<p>Odkryj potencja\u0142 transformacji wybielaj\u0105cej pasty do z\u0119b\u00f3w Crest 3D White Glamorous White 107g. Dowiedz si\u0119, jak ta pasta do z\u0119b\u00f3w mo\u017ce pom\u00f3c w uzyskaniu ol\u015bniewaj\u0105cego po\u0142ysku, dzi\u0119ki dobrym wynikom, poradom, zaletom i cz\u0119sto zadawanym pytaniom.   <\/p>\n","protected":false},"featured_media":0,"comment_status":"open","ping_status":"closed","template":"","meta":[],"product_cat":[],"product_tag":[],"class_list":{"0":"post-14831","1":"product","2":"type-product","3":"status-publish","6":"first","7":"instock","8":"taxable","9":"shipping-taxable","10":"product-type-simple"},"_links":{"self":[{"href":"https:\/\/tretinoins.com\/pl\/wp-json\/wp\/v2\/product\/14831","targetHints":{"allow":["GET"]}}],"collection":[{"href":"https:\/\/tretinoins.com\/pl\/wp-json\/wp\/v2\/product"}],"about":[{"href":"https:\/\/tretinoins.com\/pl\/wp-json\/wp\/v2\/types\/product"}],"replies":[{"embeddable":true,"href":"https:\/\/tretinoins.com\/pl\/wp-json\/wp\/v2\/comments?post=14831"}],"version-history":[{"count":0,"href":"https:\/\/tretinoins.com\/pl\/wp-json\/wp\/v2\/product\/14831\/revisions"}],"wp:attachment":[{"href":"https:\/\/tretinoins.com\/pl\/wp-json\/wp\/v2\/media?parent=14831"}],"wp:term":[{"taxonomy":"product_cat","embeddable":true,"href":"https:\/\/tretinoins.com\/pl\/wp-json\/wp\/v2\/product_cat?post=14831"},{"taxonomy":"product_tag","embeddable":true,"href":"https:\/\/tretinoins.com\/pl\/wp-json\/wp\/v2\/product_tag?post=14831"}],"curies":[{"name":"wp","href":"https:\/\/api.w.org\/{rel}","templated":true}]}}