{"id":5414,"date":"2023-12-29T00:15:10","date_gmt":"2023-12-28T22:15:10","guid":{"rendered":"https:\/\/tretinoins.com\/polityka-zwrotow\/"},"modified":"2024-07-11T18:58:08","modified_gmt":"2024-07-11T16:58:08","slug":"polityka-zwrotow","status":"publish","type":"page","link":"https:\/\/tretinoins.com\/pl\/polityka-zwrotow\/","title":{"rendered":"Polityka zwrot\u00f3w"},"content":{"rendered":"\t\t<div data-elementor-type=\"wp-page\" data-elementor-id=\"5414\" class=\"elementor elementor-5414 elementor-3260\">\n\t\t\t\t<div class=\"elementor-element elementor-element-801ecfb e-flex e-con-boxed e-con e-parent\" data-id=\"801ecfb\" data-element_type=\"container\">\n\t\t\t\t\t<div class=\"e-con-inner\">\n\t\t\t\t<div class=\"elementor-element elementor-element-b94c368 elementor-widget elementor-widget-text-editor\" data-id=\"b94c368\" data-element_type=\"widget\" data-widget_type=\"text-editor.default\">\n\t\t\t\t<div class=\"elementor-widget-container\">\n\t\t\t\t\t\t\t\t\t<p><strong>Polityka zwrot\u00f3w i zwrot\u00f3w<\/strong><\/p>\n<p><strong>Kiedy i jak klient mo\u017ce za\u017c\u0105da\u0107 zwrotu?<\/strong><\/p>\n<p>Po otrzymaniu zam\u00f3wienia masz 14 dni kalendarzowych na podj\u0119cie decyzji, czy produkt spe\u0142nia Twoje oczekiwania. Je\u015bli w Twoim zam\u00f3wieniu znajduj\u0105 si\u0119 produkty, kt\u00f3re chcesz zwr\u00f3ci\u0107, wype\u0142nij formularz zwrotu.<\/p>\n<p>Po wype\u0142nieniu i przes\u0142aniu formularza zwrotu lub powiadomienia o ch\u0119ci zwrotu przez klienta, my, Tretinoins.com, zorganizujemy bezp\u0142atny odbi\u00f3r paczki przez naszego partnera kurierskiego, Sameday lub Packeta, w celu odes\u0142ania do nas.<\/p>\n<p><strong>Kiedy rozpoczyna si\u0119 bieg 14-dniowego okresu dla Klienta?<\/strong><\/p>\n<p>Termin 14 dni liczy si\u0119 dla Klienta od momentu otrzymania przez niego przesy\u0142ki.<\/p>\n<p><strong>Zwrot wp\u0142aconej kwoty<\/strong><\/p>\n<p>Po otrzymaniu i sprawdzeniu zwr\u00f3conego produktu poinformujemy Ci\u0119 o tym i powiadomimy, gdy zwrot zostanie przyj\u0119ty.<\/p>\n<p>W przypadku uznania zwrotu wp\u0142acona kwota zostanie zwr\u00f3cona przelewem bankowym.<\/p>\n<p>DIGITALEASE SOLUTIONS S.R.L. zobowi\u0105zuje si\u0119 do zwrotu warto\u015bci zwracanych produkt\u00f3w w terminie 14 dni kalendarzowych od ich otrzymania, na podstawie wype\u0142nionego przez Klienta formularza zwrotu lub zg\u0142oszenia przes\u0142anego e-mailem na adres contact@tretinoins.com.<\/p>\n<p>Kwota zap\u0142acona za zwr\u00f3cony produkt i transport zostanie zwr\u00f3cona przez Sprzedawc\u0119 na konto wskazane przez Klienta w terminie 14 dni od dnia otrzymania zwr\u00f3conego towaru.<\/p>\n<p>Je\u015bli od przyj\u0119cia zwrotu min\u0119\u0142o wi\u0119cej ni\u017c 14 dni kalendarzowych, skontaktuj si\u0119 z nami pod adresem contact@tretinoins.com<\/p>\n<p>W formularzu zwrotu\/pisemnym powiadomieniu zostan\u0105 uzupe\u0142nione dane oraz numer konta bankowego osoby \u017c\u0105daj\u0105cej zwrotu, w tym imi\u0119, nazwisko i numer zam\u00f3wienia.<\/p>\n<p>Formularz zwrotu dost\u0119pny na stronie jest tylko przyk\u0142adowy. Zgodnie z przepisami, Klient ma prawo odst\u0105pi\u0107 od umowy w drodze jednoznacznego o\u015bwiadczenia, w dowolnej preferowanej formie, takiej jak e-mail, poczta, ustnie itp.<\/p>\n<p><strong>Nie pobieramy dodatkowych op\u0142at za zwroty<\/strong><\/p>\n<ul>\n<li>BRAK op\u0142aty za uzupe\u0142nienie zapas\u00f3w.<\/li>\n<li>BRAK op\u0142at za wysy\u0142k\u0119 zwrotn\u0105 w przypadku wadliwych produkt\u00f3w.<\/li>\n<li>BRAK op\u0142aty za przesy\u0142k\u0119 zwrotn\u0105, je\u015bli klient zam\u00f3wi\u0142 niew\u0142a\u015bciwy produkt\/otrzyma\u0142 niew\u0142a\u015bciwy produkt.<\/li>\n<li>Koszt wysy\u0142ki zwrotnej w ca\u0142o\u015bci pokrywa DIGITALEASE SOLUTIONS S.R.L., firma b\u0119d\u0105ca w\u0142a\u015bcicielem strony internetowej www.tretinoins.com<\/li>\n<\/ul>\n<p><strong>Kryteria zwrotu:<\/strong><\/p>\n<ul>\n<li>Produkt musi by\u0107 w nieu\u017cywanym, nieotwartym i nienaruszonym stanie, nadaj\u0105cym si\u0119 do odsprzeda\u017cy.<\/li>\n<li>Ze wzgl\u0119d\u00f3w zdrowotnych lub higienicznych nale\u017cy go zwr\u00f3ci\u0107 w zapiecz\u0119towanym opakowaniu.<\/li>\n<li>Zakupione produkty musz\u0105 znajdowa\u0107 si\u0119 w takim samym stanie jak w chwili zakupu lub odbioru, \u0142\u0105cznie z zachowaniem opakowania w nienaruszonym stanie.<\/li>\n<li>Artyku\u0142y higieny osobistej lub produkty higieny osobistej nie podlegaj\u0105 zwrotowi po rozpakowaniu lub jednorazowym u\u017cyciu, np. pasta do z\u0119b\u00f3w, szampon itp., zgodnie z art. 16 lit. e Rozporz\u0105dzenia 34\/2014.<\/li>\n<li>Zwrot musi zawiera\u0107 zar\u00f3wno oryginalne etykiety, jak i dokumenty, z kt\u00f3rymi zosta\u0142 wys\u0142any.<\/li>\n<li>Kupuj\u0105cy ma mo\u017cliwo\u015b\u0107 zwrotu produkt\u00f3w zakupionych w sklepie internetowym tretinoins.com bez konieczno\u015bci uzasadniania decyzji o odst\u0105pieniu od umowy i bez ponoszenia innych koszt\u00f3w.<\/li>\n<\/ul>\n<p><strong>Zwrot pieni\u0119dzy lub wymiana produktu<\/strong><\/p>\n<p>Je\u015bli dostarczono inny produkt lub inn\u0105 ilo\u015b\u0107, nale\u017cy powiadomi\u0107 sprzedawc\u0119, aby rozwi\u0105za\u0107 sytuacj\u0119. If the product is no longer available in stock, the buyer can opt for a replacement with another product or a full refund of the value.<\/p>\n<p>Additionally, if the customer ordered the wrong product, they can opt to exchange it for the correct product.<\/p>\n<p>Je\u015bli masz inne pytania, mo\u017cesz skontaktowa\u0107 si\u0119 z nami, korzystaj\u0105c z poni\u017cszych danych:<\/p>\n<p>Telefon: +40 750418333<br \/>E-mail: contact@tretinoins.com<br \/>Adres: Aleea Cetatuia 4, b\u0142. M22, sc. 4, ap. 222, Bucharest, 060834, Romania<br \/>Godziny otwarcia: poniedzia\u0142ek-sobota: 8:00 \u2013 20:00<\/p>\n\t\t\t\t\t\t\t\t<\/div>\n\t\t\t\t<\/div>\n\t\t\t\t\t<\/div>\n\t\t\t\t<\/div>\n\t\t\t\t<\/div>\n\t\t","protected":false},"excerpt":{"rendered":"<p>Polityka zwrot\u00f3w i zwrot\u00f3w Kiedy i jak klient mo\u017ce za\u017c\u0105da\u0107 zwrotu? Po otrzymaniu zam\u00f3wienia masz 14 dni kalendarzowych na podj\u0119cie decyzji, czy&hellip;<\/p>\n","protected":false},"author":1,"featured_media":0,"parent":0,"menu_order":0,"comment_status":"closed","ping_status":"closed","template":"","meta":{"footnotes":""},"class_list":["post-5414","page","type-page","status-publish","hentry"],"_links":{"self":[{"href":"https:\/\/tretinoins.com\/pl\/wp-json\/wp\/v2\/pages\/5414","targetHints":{"allow":["GET"]}}],"collection":[{"href":"https:\/\/tretinoins.com\/pl\/wp-json\/wp\/v2\/pages"}],"about":[{"href":"https:\/\/tretinoins.com\/pl\/wp-json\/wp\/v2\/types\/page"}],"author":[{"embeddable":true,"href":"https:\/\/tretinoins.com\/pl\/wp-json\/wp\/v2\/users\/1"}],"replies":[{"embeddable":true,"href":"https:\/\/tretinoins.com\/pl\/wp-json\/wp\/v2\/comments?post=5414"}],"version-history":[{"count":1,"href":"https:\/\/tretinoins.com\/pl\/wp-json\/wp\/v2\/pages\/5414\/revisions"}],"predecessor-version":[{"id":5415,"href":"https:\/\/tretinoins.com\/pl\/wp-json\/wp\/v2\/pages\/5414\/revisions\/5415"}],"wp:attachment":[{"href":"https:\/\/tretinoins.com\/pl\/wp-json\/wp\/v2\/media?parent=5414"}],"curies":[{"name":"wp","href":"https:\/\/api.w.org\/{rel}","templated":true}]}}