{"id":5410,"date":"2023-12-29T00:05:09","date_gmt":"2023-12-28T22:05:09","guid":{"rendered":"https:\/\/tretinoins.com\/regulamin\/"},"modified":"2025-06-16T20:21:18","modified_gmt":"2025-06-16T18:21:18","slug":"regulamin","status":"publish","type":"page","link":"https:\/\/tretinoins.com\/pl\/regulamin\/","title":{"rendered":"Regulamin"},"content":{"rendered":"\t\t<div data-elementor-type=\"wp-page\" data-elementor-id=\"5410\" class=\"elementor elementor-5410 elementor-3243\">\n\t\t\t\t<div class=\"elementor-element elementor-element-634c9fc e-flex e-con-boxed e-con e-parent\" data-id=\"634c9fc\" data-element_type=\"container\">\n\t\t\t\t\t<div class=\"e-con-inner\">\n\t\t\t\t<div class=\"elementor-element elementor-element-e7c079b elementor-widget elementor-widget-text-editor\" data-id=\"e7c079b\" data-element_type=\"widget\" data-widget_type=\"text-editor.default\">\n\t\t\t\t<div class=\"elementor-widget-container\">\n\t\t\t\t\t\t\t\t\t<div class=\"w-full text-token-text-primary\" data-testid=\"conversation-turn-5\">\n<div class=\"px-4 py-2 justify-center text-base md:gap-6 m-auto\">\n<div class=\"flex flex-1 text-base mx-auto gap-3 md:px-5 lg:px-1 xl:px-5 md:max-w-3xl lg:max-w-[40rem] xl:max-w-[48rem] group final-completion\">\n<div class=\"relative flex w-full flex-col lg:w-[calc(100%-115px)] agent-turn\">\n<div class=\"flex-col gap-1 md:gap-3\">\n<div class=\"flex flex-grow flex-col max-w-full\">\n<div class=\"text-message flex flex-col items-start gap-3 whitespace-pre-wrap break-words [.text-message+&amp;]:mt-5 overflow-x-auto\" data-message-author-role=\"assistant\" data-message-id=\"0a82cbd8-3588-4ea2-bbec-0492c791eb53\">\n<div class=\"markdown prose w-full break-words dark:prose-invert light\">\n<p><strong>REGULAMIN<\/strong><\/p>\n<p><strong>I. ASPEKTY OG\u00d3LNE<\/strong><\/p>\n<p>Tretinoins.com jest w\u0142asno\u015bci\u0105 DIGITALEASE SOLUTIONS S.R.L. z VAT RO48338171, J40\/1694\/2023 i adresem mieszcz\u0105cym si\u0119 w Aleea Cetatuia 4, bl. M22, sc. 4, ap. 222, Bucharest, 060834, Romania.   <\/p>\n<p>Og\u00f3lne warunki handlowe okre\u015blone poni\u017cej b\u0119d\u0105 obowi\u0105zywa\u0107 we wszystkich transakcjach sprzeda\u017cy towar\u00f3w dokonywanych za po\u015brednictwem sklepu internetowego www.tretinoins.com.<\/p>\n<p>Zalecamy uwa\u017cne przeczytanie warunk\u00f3w przed zakupem lub u\u017cyciem dowolnego produktu z naszej witryny. Korzystanie z serwisu oznacza akceptacj\u0119 i przestrzeganie niniejszego Regulaminu. <\/p>\n<p>Akceptacja Regulaminu nast\u0119puje poprzez utworzenie Konta Klienta i wybranie opcji: \u201eZapozna\u0142em si\u0119 i akceptuj\u0119 Regulamin\u201d. Wybieraj\u0105c t\u0119 \u200b\u200bopcj\u0119 i przycisk Zatwierd\u017a, potwierdzasz, \u017ce zgadzasz si\u0119 przestrzega\u0107 warunk\u00f3w, kt\u00f3re przeczyta\u0142e\u015b, zrozumia\u0142e\u015b i zaakceptowa\u0142e\u015b w ca\u0142o\u015bci. <\/p>\n<p>Zastrzegamy sobie prawo do zmiany niniejszego Regulaminu w dowolnym momencie bez uprzedniego powiadomienia lub akceptacji ze strony u\u017cytkownik\u00f3w.<\/p>\n<p><strong>II. DEFINICJE <\/strong><\/p>\n<p><strong>KLIENT \u2013 ka\u017cda osoba fizyczna lub prawna, kt\u00f3ra korzysta z Serwisu poprzez utworzenie Konta i zarz\u0105dzanie nim oraz kt\u00f3ra wyrazi\u0142a zgod\u0119 na niniejsze Og\u00f3lne Warunki.<\/strong><\/p>\n<p><strong>ZAM\u00d3WIENIE \u2013 ka\u017cde \u017c\u0105danie zakupu jednego lub wi\u0119kszej liczby produkt\u00f3w z\u0142o\u017cone przez Klienta na stronie internetowej www.tretinoins.com. Z\u0142o\u017cenie zam\u00f3wienia automatycznie oznacza akceptacj\u0119 Regulaminu serwisu.<\/strong> <\/p>\n<p><strong>KONTO \u2013 cz\u0119\u015b\u0107 Serwisu przeznaczona na dane osobowe Klienta, w tym histori\u0119 zam\u00f3wie\u0144 oraz dane identyfikacyjne, dost\u0119pna za po\u015brednictwem adresu e-mail i has\u0142a.<\/strong><\/p>\n<p><strong>UMOWA \u2013 niniejszy dokument reguluj\u0105cy og\u00f3lne Warunki sprzeda\u017cy internetowej naszych produkt\u00f3w oraz prawa i obowi\u0105zki Sprzedawcy i Klienta pocz\u0105wszy od potwierdzenia i przyj\u0119cia Zam\u00f3wienia.<\/strong><\/p>\n<p><strong>KOSZYK ZAKUP\u00d3W \u2013 cz\u0119\u015b\u0107 Serwisu zawieraj\u0105ca informacje o wybranych przez Klienta produktach do zakupu.<\/strong><\/p>\n<p><strong>KUPUJ\u0104CY \u2013 ka\u017cdy Klient dokonuj\u0105cy zakupu w Serwisie.<\/strong><\/p>\n<p><strong>PRODUKT \u2013 ka\u017cdy przedmiot dost\u0119pny do nabycia w Serwisie, kt\u00f3rego wyboru Klient mo\u017ce dokona\u0107 poprzez z\u0142o\u017cenie Zam\u00f3wienia. Produkty s\u0105 podzielone na kategorie, a dodatkowe szczeg\u00f3\u0142y na ich temat s\u0105 dost\u0119pne na stronie ka\u017cdego produktu.<\/strong> <\/p>\n<p><strong>OP\u0141ATA ZA DOSTAW\u0118 \u2013 kwota, kt\u00f3r\u0105 Klient p\u0142aci Sprzedawcy za dostarczenie Produktu do jego domu.<\/strong> Op\u0142ata za dostaw\u0119 jest wliczona w ostateczn\u0105 cen\u0119 Zam\u00f3wienia (*dla zam\u00f3wie\u0144 powy\u017cej 75 EUR kurierem).<\/p>\n<p><strong>III. TRE\u015a\u0106 <\/strong><\/p>\n<p>Platforma przeznaczona jest do internetowej sprzeda\u017cy produkt\u00f3w przeznaczonych do piel\u0119gnacji jamy ustnej i wybielania z\u0119b\u00f3w. Zastrzega sobie prawo do dostosowywania zawarto\u015bci serwisu w miar\u0119 potrzeb. <\/p>\n<p><strong>IV. ZAMAWIANIE I DOSTAWA PRODUKT\u00d3W <\/strong><\/p>\n<p><strong>Tworzenie Konta Klienta<\/strong><\/p>\n<p>Konto mo\u017ce zarejestrowa\u0107 ka\u017cda osoba fizyczna lub prawna, wype\u0142niaj\u0105c odpowiednie pola. Klient zobowi\u0105zany jest do podania dok\u0142adnych danych w celu za\u0142o\u017cenia konta i realizacji zam\u00f3wienia oraz nie mo\u017ce udost\u0119pnia\u0107 danych dost\u0119powych innym osobom, przejmuj\u0105c odpowiedzialno\u015b\u0107 za wszelkie szkody powsta\u0142e w wyniku naruszenia tego obowi\u0105zku. Za\u0142o\u017cenie konta mo\u017cliwe jest wy\u0142\u0105cznie po zaakceptowaniu niniejszego Regulaminu.  <\/p>\n<p><strong>Sk\u0142adaj\u0105c zam\u00f3wienie<\/strong><\/p>\n<p>W celu z\u0142o\u017cenia zam\u00f3wienia Klient mo\u017ce zadzwoni\u0107 pod numer telefonu podany w sekcji \u201eKontakt\u201d lub wykona\u0107 poni\u017csze czynno\u015bci w przypadku zam\u00f3wienia online:<\/p>\n<ul>\n<li>Zaloguj si\u0119 lub utw\u00f3rz konto, je\u015bli jeszcze nie istnieje (opcjonalnie).<\/li>\n<li>Wybierz \u017c\u0105dane produkty i dodaj je do koszyka korzystaj\u0105c z opcji \u201eDodaj do koszyka\u201d. Podsumowanie produktu mo\u017cna zobaczy\u0107 w sekcji \u201eKoszyk\u201d po prawej stronie. <\/li>\n<li>Samo dodanie produkt\u00f3w do koszyka, bez realizacji zam\u00f3wienia, nie spowoduje rejestracji zam\u00f3wienia ani automatycznej rezerwacji produktu.<\/li>\n<li>Uzupe\u0142nij dane osobowe niezb\u0119dne do realizacji zam\u00f3wienia, takie jak imi\u0119 i nazwisko, dane kontaktowe, adres dostawy itp.<\/li>\n<li>Wybierz metod\u0119 p\u0142atno\u015bci: online kart\u0105 lub got\u00f3wk\u0105.<\/li>\n<li>Przed sfinalizowaniem zam\u00f3wienia Klient mo\u017ce sprawdzi\u0107 szczeg\u00f3\u0142y: wybrane produkty, ilo\u015b\u0107, koszt dostawy, spos\u00f3b p\u0142atno\u015bci. Po wys\u0142aniu zam\u00f3wienia lub zweryfikowaniu danych bankowych przez podmiot obs\u0142uguj\u0105cy p\u0142atno\u015b\u0107, Klient otrzyma e-mail z potwierdzeniem z\u0142o\u017cenia zam\u00f3wienia na adres e-mail powi\u0105zany z jego kontem. <\/li>\n<li>Ka\u017cde zam\u00f3wienie z\u0142o\u017cone na stronie jest uzale\u017cnione od dost\u0119pno\u015bci produkt\u00f3w i us\u0142ug dostawy\/wysy\u0142ki.<\/li>\n<li>Klient mo\u017ce modyfikowa\u0107 szczeg\u00f3\u0142y zam\u00f3wienia dzwoni\u0105c pod numer telefonu podany na stronie, o ile produkty nie s\u0105 jeszcze w trakcie dostawy do Klienta.<\/li>\n<li>Je\u017celi szczeg\u00f3\u0142y zam\u00f3wienia s\u0105 nieprawid\u0142owe, Klient ma obowi\u0105zek poinformowa\u0107 nas o tym niezw\u0142ocznie, od momentu otrzymania zam\u00f3wienia do chwili wysy\u0142ki zam\u00f3wienia z magazynu.<\/li>\n<\/ul>\n<p>Zastrzegamy sobie prawo do anulowania zam\u00f3wienia z\u0142o\u017conego przez Klienta, po uprzednim powiadomieniu, bez ponoszenia dalszych zobowi\u0105za\u0144 i szk\u00f3d, w nast\u0119puj\u0105cych sytuacjach:<\/p>\n<ul>\n<li>brak akceptacji transakcji przez bank wydaj\u0105cy kart\u0119 Klienta w przypadku p\u0142atno\u015bci on-line;<\/li>\n<li>uniewa\u017cnienie transakcji przez procesor karty akceptowany przez tretinoins.com w przypadku p\u0142atno\u015bci online;<\/li>\n<li>podanie przez Klienta nieprawid\u0142owych lub niekompletnych danych.<\/li>\n<\/ul>\n<p><strong>Zasady wysy\u0142ki<\/strong><\/p>\n<p>Celem polityki wysy\u0142kowej jest zapoznanie Ci\u0119 z polityk\u0105 wysy\u0142kow\u0105 i zwi\u0105zanymi z ni\u0105 procedurami. Sk\u0142adaj\u0105c zam\u00f3wienie w tym sklepie wyra\u017casz zgod\u0119 na polityk\u0119 wysy\u0142kow\u0105 i jej zasady. Wszystkie produkty dostarczamy i sprzedajemy z w\u0142asnego magazynu.  <\/p>\n<p><strong>Koszty wysy\u0142ki<\/strong><\/p>\n<p><strong>Rumunia<\/strong><\/p>\n<p>Koszt wysy\u0142ki do Twoich drzwi za po\u015brednictwem Sameday (Sameday \u2013 dostawa do drzwi) wynosi 3 EUR na terenie ca\u0142ej Rumunii, bez dodatkowych koszt\u00f3w.<\/p>\n<p>Koszt wysy\u0142ki za po\u015brednictwem Sameday Easybox (Sameday \u2013 EasyBox) wynosi 2,5 EUR na terenie ca\u0142ej Rumunii, bez dodatkowych koszt\u00f3w.<\/p>\n<p><strong>Bulgaria, Hungary<\/strong><\/p>\n<p>Koszt wysy\u0142ki do Twoich drzwi za po\u015brednictwem us\u0142ugi Sameday (Transgraniczna dostawa tego samego dnia \u2013 dostawa do drzwi) wynosi 4 EUR na terenie ca\u0142ej Bu\u0142garii lub W\u0119gier, bez dodatkowych koszt\u00f3w.<\/p>\n<p>Koszt wysy\u0142ki za po\u015brednictwem Sameday Easybox (Sameday Crossborder \u2013 Locker EasyBox) wynosi 3,5 EUR na terenie Bu\u0142garii lub W\u0119gier, bez dodatkowych koszt\u00f3w.<\/p>\n<p><strong>Inne kraje europejskie:<\/strong><\/p>\n<p>W zale\u017cno\u015bci od Twojej lokalizacji Twoje zam\u00f3wienie dotrze w ci\u0105gu 2-4 dni do nast\u0119puj\u0105cych kraj\u00f3w europejskich:<\/p>\n<ul>\n<li><strong>Austria<\/strong> \u2013 10\u20ac (DPD courier)<\/li>\n<li><strong>Belgium<\/strong> \u2013 17\u20ac (Post HD)<\/li>\n<li><strong>Croatia<\/strong> \u2013 14,99\u20ac (POST HD)<\/li>\n<li><strong>Czech Republic<\/strong> \u2013 7\u20ac (Packeta Home HD)<\/li>\n<li><strong>Denmark<\/strong> \u2013 18\u20ac (Post Nord)<\/li>\n<li><strong>Estonia<\/strong> \u2013 13\u20ac (Omniva)<\/li>\n<li><b>Finland <\/b>\u2013 31\u20ac (Post Nord)<\/li>\n<li><b>France <\/b>\u2013 14\u20ac (Colis Priv\u00e9 HD)<\/li>\n<li><strong>Germany<\/strong> \u2013 10\u20ac (Hermes HD)<\/li>\n<li><strong>Greece<\/strong> \u2013 7\u20ac (ELTA HD)<\/li>\n<li><strong>Ireland<\/strong> \u2013 15\u20ac (Fastway HD)<\/li>\n<li><strong>Italy<\/strong> \u2013 10\u20ac (Bartolini HD)<\/li>\n<li><strong>Latvia<\/strong> \u2013 12\u20ac (Omniva HD)<\/li>\n<li><strong>Lithuania<\/strong> \u2013 12\u20ac (Omniva HD)<\/li>\n<li><b>Netherlands <\/b>\u2013 14,50\u20ac (DHL)<\/li>\n<li><strong>Poland<\/strong> \u2013 5\u20ac (Home Delivery HD)<\/li>\n<li><strong>Portugal<\/strong> \u2013 11\u20ac (MRW HD)<\/li>\n<li><strong>Slovakia<\/strong> \u2013 7\u20ac (Packeta Home HD)<\/li>\n<li><strong>Slovenia<\/strong> \u2013 8\u20ac (Slovenian Post HD)<\/li>\n<li><strong>Spain<\/strong> \u2013 11\u20ac (MRW HD)<\/li>\n<li><b>Sweden <\/b>\u2013 21\u20ac (Post Nord)<\/li>\n<li><b>Switzerland <\/b>\u2013 18\u20ac (Swiss Post Priority)<\/li>\n<\/ul>\n<p>Bezp\u0142atna wysy\u0142ka jest dost\u0119pna dla zam\u00f3wie\u0144 powy\u017cej 75 EUR.<\/p>\n<p><strong>Czas wysy\u0142ki i czas trwania transportu<\/strong><\/p>\n<p>Zam\u00f3wienia realizowane s\u0105 zazwyczaj w ci\u0105gu 1-2 dni roboczych (od poniedzia\u0142ku do pi\u0105tku) przed przekazaniem ich kurierowi.<\/p>\n<p>Przesy\u0142ki s\u0105 zazwyczaj transportowane przez kuriera przez 2-4 dni robocze (od poniedzia\u0142ku do pi\u0105tku).<\/p>\n<p>Dostawy realizowane s\u0105 od poniedzia\u0142ku do pi\u0105tku, a ostatnia wysy\u0142ka nast\u0105pi o godzinie 15:00 (czasu rumu\u0144skiego).<\/p>\n<p><strong>Kurierzy, z kt\u00f3rych korzystamy<\/strong><\/p>\n<p>Sameday Courier, DPD, Post HD, Post Nord, Omniva, Colis Prive HD, Hermes, Elta HD, Fastway HD, Bartolini HD, DHL, Home Delivery HD, MRW HD, Slovenian Post HD, Swiss Post Priority and Packeta.<\/p>\n<p><strong>Dostawa i \u015bledzenie przesy\u0142ki<\/strong><\/p>\n<p>Gdy tylko kurier odbierze Twoje zam\u00f3wienie, otrzymasz wiadomo\u015b\u0107 e-mail z potwierdzeniem dostarczenia zam\u00f3wienia. Te e-maile b\u0119d\u0105 zawiera\u0107 numer \u015bledzenia paczki i stron\u0119 internetow\u0105 firmy kurierskiej, a tak\u017ce przybli\u017cony szacunkowy termin dostawy. <\/p>\n<p><strong>Zmiana miejsca docelowego dostawy<\/strong><\/p>\n<p>Gdy paczka jest w transporcie, nie mo\u017cemy zmieni\u0107 adresu dostawy. Je\u015bli chcesz zmieni\u0107 adres dostawy swojego zam\u00f3wienia, skontaktuj si\u0119 z nami w ci\u0105gu 24 godzin od z\u0142o\u017cenia zam\u00f3wienia pod adresem e-mail contact@tretinoins.com <\/p>\n<p><strong>Anulowanie z\u0142o\u017conego zam\u00f3wienia<\/strong><\/p>\n<p>Je\u015bli zmienisz zdanie przed otrzymaniem zam\u00f3wienia, oferujemy mo\u017cliwo\u015b\u0107 anulowania zam\u00f3wienia w dowolnym momencie, zanim zostanie ono przekazane kurierowi. Zapoznaj si\u0119 tak\u017ce z nasz\u0105 polityk\u0105 zwrot\u00f3w. <\/p>\n<p><strong>Paczki uszkodzone w transporcie<\/strong><\/p>\n<p>Je\u017celi Twoja przesy\u0142ka uleg\u0142a uszkodzeniu w transporcie, prosimy w miar\u0119 mo\u017cliwo\u015bci odm\u00f3wi\u0107 przyj\u0119cia przesy\u0142ki w obecno\u015bci kuriera i skontaktowa\u0107 si\u0119 z nami korzystaj\u0105c z danych znajduj\u0105cych si\u0119 w dziale kontakt. Je\u015bli przesy\u0142ka zosta\u0142a dostarczona bez Twojej obecno\u015bci, skontaktuj si\u0119 z nami. <\/p>\n<p><strong>CENY I SPOSOBY P\u0141ATNO\u015aCI<\/strong><\/p>\n<p>Cena i spos\u00f3b p\u0142atno\u015bci okre\u015blone s\u0105 w ka\u017cdym Zam\u00f3wieniu. Cen\u0105 sprzeda\u017cy Produkt\u00f3w jest cena obowi\u0105zuj\u0105ca w chwili z\u0142o\u017cenia Zam\u00f3wienia, wyra\u017cona w EUR (EURO) i zawiera podatek VAT. Klienci, kt\u00f3rzy zdecyduj\u0105 si\u0119 na dostaw\u0119 przesy\u0142k\u0105 kuriersk\u0105 otrzymaj\u0105 faktur\u0119 odpowiadaj\u0105c\u0105 zam\u00f3wieniu na podany adres e-mail.  <\/p>\n<p>Na naszej stronie internetowej nasi klienci maj\u0105 dwie mo\u017cliwo\u015bci p\u0142atno\u015bci za swoje zam\u00f3wienia:<\/p>\n<ol>\n<li><strong>P\u0142atno\u015b\u0107 przy odbiorze: Dzi\u0119ki tej opcji w dost\u0119pnych krajach mo\u017cesz zap\u0142aci\u0107 kurierowi got\u00f3wk\u0105 w momencie dotarcia paczki do Twojej lokalizacji, wi\u0119c nie musisz p\u0142aci\u0107 z g\u00f3ry. Ta metoda p\u0142atno\u015bci jest dost\u0119pna tylko w krajach i pracujemy nad jej dost\u0119pem do wi\u0119kszej liczby w przysz\u0142o\u015bci:<\/strong> <\/li>\n<\/ol>\n<ul>\n<li>Bu\u0142garia<\/li>\n<li>W\u0119gry<\/li>\n<li>Rumunia<\/li>\n<\/ul>\n<p>2. <strong>P\u0142atno\u015b\u0107 kart\u0105<\/strong>: Dzi\u0119ki tej metodzie mo\u017cesz op\u0142aci\u0107 swoje zam\u00f3wienie z g\u00f3ry za pomoc\u0105 karty debetowej, a Twoja transakcja zostanie zrealizowana za po\u015brednictwem Netopia Payments \u2013 internetowej platformy p\u0142atno\u015bci kartowych. P\u0142atno\u015bci Netopia nie pobior\u0105 od Ciebie \u017cadnych dodatkowych op\u0142at, wi\u0119c cena, kt\u00f3r\u0105 zap\u0142acisz, jest dok\u0142adnie t\u0105 cen\u0105 wy\u015bwietlon\u0105 przy kasie. <\/p>\n<p><strong>POLITYKA ZWROT\u00d3W I ZWROT\u00d3W<\/strong><\/p>\n<p><strong>Kiedy i jak klient mo\u017ce za\u017c\u0105da\u0107 zwrotu?<\/strong><\/p>\n<p>Po otrzymaniu zam\u00f3wienia masz 14 dni kalendarzowych na podj\u0119cie decyzji, czy produkt spe\u0142nia Twoje oczekiwania. Je\u015bli w Twoim zam\u00f3wieniu znajduj\u0105 si\u0119 produkty, kt\u00f3re chcesz zwr\u00f3ci\u0107, wype\u0142nij formularz zwrotu. <\/p>\n<p>Po wype\u0142nieniu i przes\u0142aniu formularza zwrotu lub powiadomienia o ch\u0119ci zwrotu przez klienta, my, Tretinoins.com, zorganizujemy odbi\u00f3r paczki przez nasz\u0105 partnersk\u0105 firm\u0119 kuriersk\u0105 Sameday lub Packeta, aby odes\u0142a\u0107 j\u0105 do nas bez \u017cadnych koszt\u00f3w.<\/p>\n<p><strong>Kiedy rozpoczyna si\u0119 bieg 14-dniowego terminu dla Klienta?<\/strong><\/p>\n<p>Termin 14-dniowy liczy si\u0119 dla Klienta od chwili otrzymania przez niego przesy\u0142ki.<\/p>\n<p><strong>Zwrot wp\u0142aconej kwoty<\/strong><\/p>\n<p>Po otrzymaniu i sprawdzeniu zwr\u00f3conego produktu poinformujemy Ci\u0119 o tym i powiadomimy, gdy zwrot zostanie przyj\u0119ty.<\/p>\n<p>W przypadku uznania zwrotu wp\u0142acona kwota zostanie zwr\u00f3cona przelewem bankowym.<\/p>\n<p>Zobowi\u0105zujemy si\u0119 do zwrotu warto\u015bci zwracanych produkt\u00f3w w terminie 14 dni kalendarzowych od ich otrzymania, na podstawie wype\u0142nionego przez Klienta formularza zwrotu lub zg\u0142oszenia przes\u0142anego na adres e-mail contact@tretinoins.com.<\/p>\n<p>Kwota zap\u0142acona za zwr\u00f3cony produkt oraz przesy\u0142k\u0119 zostanie zwr\u00f3cona przez Sprzedawc\u0119 na konto wskazane przez Klienta w terminie 14 dni od dnia otrzymania zwr\u00f3conego towaru.<\/p>\n<p>Je\u015bli od przyj\u0119cia zwrotu min\u0119\u0142o wi\u0119cej ni\u017c 14 dni kalendarzowych, skontaktuj si\u0119 z nami pod adresem contact@tretinoins.com<\/p>\n<p>W formularzu zwrotu\/pisemnym powiadomieniu nale\u017cy poda\u0107 dane sk\u0142adaj\u0105cego wniosek oraz numer rachunku bankowego, w tym imi\u0119, nazwisko i numer zam\u00f3wienia.<\/p>\n<p>Formularz zwrotu dost\u0119pny na stronie jest tylko przyk\u0142adowy. Zgodnie z przepisami Klientowi przys\u0142uguje prawo odst\u0105pienia od umowy poprzez z\u0142o\u017cenie jednoznacznego o\u015bwiadczenia w dowolnej preferowanej formie, takiej jak e-mail, poczta, ustnie itp. <\/p>\n<p><strong>Nie pobieramy dodatkowych op\u0142at za zwroty<\/strong><\/p>\n<p>Nie pobieramy op\u0142at za uzupe\u0142nienie zapas\u00f3w. Nie pobieramy op\u0142at za wysy\u0142k\u0119 zwrotn\u0105 wadliwych produkt\u00f3w. Nie pobieramy op\u0142at za przesy\u0142k\u0119 zwrotn\u0105, je\u015bli klient zam\u00f3wi\u0142 niew\u0142a\u015bciwy produkt\/otrzyma\u0142 niew\u0142a\u015bciwy produkt. Nie pobieramy koszt\u00f3w wysy\u0142ki zwrotnej; jest w ca\u0142o\u015bci op\u0142acany przez www.tretinoins.com   <\/p>\n<p><strong>Kryteria zwrot\u00f3w:<\/strong><\/p>\n<p>Produkt musi by\u0107 w stanie nieu\u017cywanym, nieotwartym i nienaruszonym, nadaj\u0105cym si\u0119 do odsprzeda\u017cy. Ze wzgl\u0119d\u00f3w zdrowotnych lub higienicznych nale\u017cy go zwr\u00f3ci\u0107 w zapiecz\u0119towanym opakowaniu. Zakupione produkty musz\u0105 znajdowa\u0107 si\u0119 w takim samym stanie jak w chwili zakupu lub odbioru, \u0142\u0105cznie z zachowaniem nienaruszonego opakowania. W przypadku produkt\u00f3w do higieny osobistej lub higieny nie mo\u017cna ich zwr\u00f3ci\u0107 po otwarciu opakowania lub jednorazowym u\u017cyciu, np. pasta do z\u0119b\u00f3w, szampon itp. zgodnie z art. 16 lit. e Rozporz\u0105dzenia nr 34\/2014. Zwrot musi zawiera\u0107 zar\u00f3wno etykiety, jak i oryginalne dokumenty, z kt\u00f3rymi zosta\u0142y wys\u0142ane.    <\/p>\n<p>Kupuj\u0105cy ma mo\u017cliwo\u015b\u0107 zwrotu produkt\u00f3w zakupionych w sklepie internetowym tretinoins.com bez konieczno\u015bci uzasadniania decyzji o odst\u0105pieniu od umowy i bez ponoszenia jakichkolwiek koszt\u00f3w.<\/p>\n<p><strong>Zwrot pieni\u0119dzy lub wymiana produktu<\/strong><\/p>\n<p>Je\u015bli dostarczono inny produkt lub inn\u0105 ilo\u015b\u0107, nale\u017cy powiadomi\u0107 sprzedawc\u0119, aby zaradzi\u0142 sytuacji. Je\u015bli produkt nie jest ju\u017c dost\u0119pny w magazynie, kupuj\u0105cy mo\u017ce wymieni\u0107 go na inny produkt lub otrzyma\u0107 pe\u0142ny zwrot pieni\u0119dzy. <\/p>\n<p>Je\u015bli Klient zam\u00f3wi\u0142 niew\u0142a\u015bciwy produkt, mo\u017ce zdecydowa\u0107 si\u0119 na jego wymian\u0119 na w\u0142a\u015bciwy.<\/p>\n<p><strong>V. PRZETWARZANIE DANYCH OSOBOWYCH<\/strong><\/p>\n<p>Zbieramy dane osobowe Klienta. Obowi\u0105zkiem Klienta jest zapoznanie si\u0119 i przestrzeganie naszej polityki prywatno\u015bci zgodnie z og\u00f3lnym rozporz\u0105dzeniem o ochronie danych (RODO). <\/p>\n<p>Platforma tretinoins wykorzystuje pliki cookies. Polityka korzystania z tych plik\u00f3w cookies dost\u0119pna jest w naszej polityce prywatno\u015bci zgodnie z RODO. <\/p>\n<p><strong>VI. FINA\u0141 <\/strong><\/p>\n<p>Zach\u0119camy Klienta do uwa\u017cnego zapoznania si\u0119 z przedstawionym Regulaminem i przestrzegania go.<\/p>\n<p>Tretinoins.com przetwarza dane osobowe zgodnie z polityk\u0105 prywatno\u015bci.<\/p>\n<\/div>\n<\/div>\n<\/div>\n<\/div>\n<\/div>\n<\/div>\n<\/div>\n<\/div>\n\t\t\t\t\t\t\t\t<\/div>\n\t\t\t\t<\/div>\n\t\t\t\t\t<\/div>\n\t\t\t\t<\/div>\n\t\t\t\t<\/div>\n\t\t","protected":false},"excerpt":{"rendered":"<p>REGULAMIN I. ASPEKTY OG\u00d3LNE Tretinoins.com jest w\u0142asno\u015bci\u0105 DIGITALEASE SOLUTIONS S.R.L. z VAT RO48338171, J40\/1694\/2023 i adresem mieszcz\u0105cym si\u0119 w Aleea Cetatuia 4,&hellip;<\/p>\n","protected":false},"author":1,"featured_media":0,"parent":0,"menu_order":0,"comment_status":"closed","ping_status":"closed","template":"","meta":{"footnotes":""},"class_list":["post-5410","page","type-page","status-publish","hentry"],"_links":{"self":[{"href":"https:\/\/tretinoins.com\/pl\/wp-json\/wp\/v2\/pages\/5410","targetHints":{"allow":["GET"]}}],"collection":[{"href":"https:\/\/tretinoins.com\/pl\/wp-json\/wp\/v2\/pages"}],"about":[{"href":"https:\/\/tretinoins.com\/pl\/wp-json\/wp\/v2\/types\/page"}],"author":[{"embeddable":true,"href":"https:\/\/tretinoins.com\/pl\/wp-json\/wp\/v2\/users\/1"}],"replies":[{"embeddable":true,"href":"https:\/\/tretinoins.com\/pl\/wp-json\/wp\/v2\/comments?post=5410"}],"version-history":[{"count":2,"href":"https:\/\/tretinoins.com\/pl\/wp-json\/wp\/v2\/pages\/5410\/revisions"}],"predecessor-version":[{"id":10221,"href":"https:\/\/tretinoins.com\/pl\/wp-json\/wp\/v2\/pages\/5410\/revisions\/10221"}],"wp:attachment":[{"href":"https:\/\/tretinoins.com\/pl\/wp-json\/wp\/v2\/media?parent=5410"}],"curies":[{"name":"wp","href":"https:\/\/api.w.org\/{rel}","templated":true}]}}