{"id":5017,"date":"2024-06-19T16:54:56","date_gmt":"2024-06-19T14:54:56","guid":{"rendered":"https:\/\/tretinoins.com\/metody-platnosci\/"},"modified":"2024-07-11T15:06:29","modified_gmt":"2024-07-11T13:06:29","slug":"metody-platnosci","status":"publish","type":"page","link":"https:\/\/tretinoins.com\/pl\/metody-platnosci\/","title":{"rendered":"Metody p\u0142atno\u015bci"},"content":{"rendered":"\t\t<div data-elementor-type=\"wp-page\" data-elementor-id=\"5017\" class=\"elementor elementor-5017 elementor-4096\">\n\t\t\t\t<div class=\"elementor-element elementor-element-0457deb e-flex e-con-boxed e-con e-parent\" data-id=\"0457deb\" data-element_type=\"container\">\n\t\t\t\t\t<div class=\"e-con-inner\">\n\t\t\t\t<div class=\"elementor-element elementor-element-00304eb elementor-widget elementor-widget-text-editor\" data-id=\"00304eb\" data-element_type=\"widget\" data-widget_type=\"text-editor.default\">\n\t\t\t\t<div class=\"elementor-widget-container\">\n\t\t\t\t\t\t\t\t\t<p>Na naszej stronie internetowej nasi klienci maj\u0105 dwie opcje p\u0142atno\u015bci za swoje zam\u00f3wienia:<\/p>\n<ol>\n<li><strong>Za pobraniem<\/strong>: Dzi\u0119ki tej opcji w dost\u0119pnych krajach mo\u017cesz zap\u0142aci\u0107 kurierowi got\u00f3wk\u0105 w momencie przybycia paczki do Twojej lokalizacji, wi\u0119c nie musisz p\u0142aci\u0107 z g\u00f3ry. Ta metoda p\u0142atno\u015bci jest dost\u0119pna tylko w nast\u0119puj\u0105cych krajach i pracujemy nad dodaniem jej do wi\u0119kszej liczby kraj\u00f3w w przysz\u0142o\u015bci:<\/li>\n<\/ol>\n<ul>\n<li>Bu\u0142garia<\/li>\n<li>W\u0119gry<\/li>\n<li>Rumunia<\/li>\n<\/ul>\n<p>2.  P\u0142atno\u015b\u0107 <strong> kart\u0105<\/strong>: Dzi\u0119ki tej metodzie mo\u017cesz zap\u0142aci\u0107 za zam\u00f3wienie z g\u00f3ry za pomoc\u0105 karty debetowej, a transakcja zostanie przetworzona za po\u015brednictwem Viva Payments &#8211; internetowej platformy p\u0142atno\u015bci kart\u0105. Viva Payments nie pobiera \u017cadnych dodatkowych op\u0142at, wi\u0119c cena, kt\u00f3r\u0105 zap\u0142acisz, jest dok\u0142adnie taka, jak ta wy\u015bwietlana przy kasie.<\/p>\n\t\t\t\t\t\t\t\t<\/div>\n\t\t\t\t<\/div>\n\t\t\t\t\t<\/div>\n\t\t\t\t<\/div>\n\t\t\t\t<\/div>\n\t\t","protected":false},"excerpt":{"rendered":"<p>Na naszej stronie internetowej nasi klienci maj\u0105 dwie opcje p\u0142atno\u015bci za swoje zam\u00f3wienia: Za pobraniem: Dzi\u0119ki tej opcji w dost\u0119pnych krajach mo\u017cesz&hellip;<\/p>\n","protected":false},"author":1,"featured_media":0,"parent":0,"menu_order":0,"comment_status":"closed","ping_status":"closed","template":"","meta":{"footnotes":""},"class_list":["post-5017","page","type-page","status-publish","hentry"],"_links":{"self":[{"href":"https:\/\/tretinoins.com\/pl\/wp-json\/wp\/v2\/pages\/5017","targetHints":{"allow":["GET"]}}],"collection":[{"href":"https:\/\/tretinoins.com\/pl\/wp-json\/wp\/v2\/pages"}],"about":[{"href":"https:\/\/tretinoins.com\/pl\/wp-json\/wp\/v2\/types\/page"}],"author":[{"embeddable":true,"href":"https:\/\/tretinoins.com\/pl\/wp-json\/wp\/v2\/users\/1"}],"replies":[{"embeddable":true,"href":"https:\/\/tretinoins.com\/pl\/wp-json\/wp\/v2\/comments?post=5017"}],"version-history":[{"count":1,"href":"https:\/\/tretinoins.com\/pl\/wp-json\/wp\/v2\/pages\/5017\/revisions"}],"predecessor-version":[{"id":5020,"href":"https:\/\/tretinoins.com\/pl\/wp-json\/wp\/v2\/pages\/5017\/revisions\/5020"}],"wp:attachment":[{"href":"https:\/\/tretinoins.com\/pl\/wp-json\/wp\/v2\/media?parent=5017"}],"curies":[{"name":"wp","href":"https:\/\/api.w.org\/{rel}","templated":true}]}}