{"id":12598,"date":"2024-01-03T14:05:19","date_gmt":"2024-01-03T14:05:19","guid":{"rendered":"https:\/\/tretinoins.com\/crest-3d-white-arctic-fresh-93-g-dentifricio-sbiancante\/"},"modified":"2024-01-03T14:05:19","modified_gmt":"2024-01-03T12:05:19","slug":"crest-3d-white-arctic-fresh-93-g-dentifricio-sbiancante","status":"publish","type":"product","link":"https:\/\/tretinoins.com\/it\/crest-3d-white-arctic-fresh-93-g-dentifricio-sbiancante\/","title":{"rendered":"Crest 3D White Arctic Fresh 93 g &#8211; Dentifricio sbiancante"},"content":{"rendered":"<div>\n<h1>Sorriso splendente con il conveniente Crest 3D White Arctic Fresh 107g: \u00c8 il dentifricio sbiancante per eccellenza?<\/h1>\n<hr>\n<p>Il tuo sorriso \u00e8 una delle prime cose che le persone notano di te: \u00e8 il tuo biglietto da visita per il mondo. Un sorriso luminoso e bianco non \u00e8 solo bello da vedere: aumenta la fiducia in te stesso, crea impressioni durature e irradia salute. Ma ammettiamolo: la vita non \u00e8 esattamente favorevole al sorriso quando entrano in gioco il caff\u00e8, il vino e gli snack zuccherati che tutti amiamo. \u00c8 qui che entra in gioco il <strong>dentifricio sbiancante Crest 3D White Arctic Fresh 107g<\/strong>, che promette di ravvivare i tuoi denti, rinfrescare il tuo alito e farti sentire inarrestabile.   <\/p>\n<p>Nell&#8217;affollato mondo dei dentifrici sbiancanti, avrai probabilmente visto innumerevoli affermazioni, grandi promesse e confezioni appariscenti. Quindi, la vera domanda \u00e8: Crest 3D White Arctic Fresh \u00e8 all&#8217;altezza del successo? Ti spieghiamo cosa lo rende efficace, come funziona e se vale la pena inserirlo nella tua routine quotidiana.  <\/p>\n<hr>\n<h2>Cosa rende speciale Crest 3D White Arctic Fresh 107g?<\/h2>\n<p>C&#8217;\u00e8 un motivo per cui le corsie dei dentifrici sono affollate: molte marche si contendono la tua attenzione! Crest 3D White Arctic Fresh 107g non \u00e8 un prodotto come tanti: \u00e8 stato progettato per rivoluzionare il tuo approccio all&#8217;igiene orale. Ma non fidarti solo della mia parola. Esploriamo le sue caratteristiche rivoluzionarie, a partire dalla sua promessa principale.   <\/p>\n<h3># 1. Tecnologia sbiancante avanzata: Un combattente straordinario contro le macchie <\/h3>\n<p>Il dentifricio sbiancante viene spesso accusato di essere tutto abbaiare e niente mordere. Ma Crest 3D White Arctic Fresh offre prestazioni davvero impressionanti grazie alla sua <strong>Tecnologia Sbiancante Avanzata<\/strong>. Questo dentifricio non si limita a grattare la superficie, ma penetra nello smalto per eliminare anni di macchie causate da caff\u00e8, vino, t\u00e8 e altre sostanze che scuriscono lo smalto.  <\/p>\n<p>Ecco cosa lo distingue:<\/p>\n<ul>\n<li><strong>Rimuove fino all&#8217;80% delle macchie superficiali<\/strong> con l&#8217;uso quotidiano.<\/li>\n<li>Lucida i denti senza causare sensibilit\u00e0, perch\u00e9 nessuno ama quel bruciore che fa male!<\/li>\n<li>Sbianca i denti in modo evidente in poche settimane.<\/li>\n<\/ul>\n<p>Pensaci: un semplice cambio di dentifricio pu\u00f2 potenzialmente salvarti da costosi trattamenti sbiancanti. Si tratta di un&#8217;offerta davvero straordinaria! <\/p>\n<hr>\n<h3># 2. La differenza Arctic Fresh: Non \u00e8 solo una questione di aspetto <\/h3>\n<p>Lo sbiancamento \u00e8 ottimo, ma a cosa serve se il tuo alito non rimane fresco come la menta? Dopo tutto, la fiducia in se stessi non deriva solo da denti bianchi come perle, ma anche dalla possibilit\u00e0 di parlare con qualcuno senza sentirsi in imbarazzo. Il <strong> gusto &#8220;Arctic Fresh&#8221;<\/strong> trasforma lo spazzolamento in un&#8217;esperienza rinfrescante che lascia la bocca pulita e rinvigorita per ore.  <\/p>\n<p>La sua gelida esplosione di menta ha mandato in visibilio i fan. Perch\u00e9 \u00e8 importante? Perch\u00e9 siamo realisti: se l&#8217;igiene orale ti sembra un lavoro di routine, \u00e8 probabile che tu la salti quando la vita si fa impegnativa. Con Crest 3D White Arctic Fresh, lo spazzolamento diventa meno un obbligo e pi\u00f9 un rituale rinfrescante.   <\/p>\n<hr>\n<h3># 3. Potere protettivo: Rafforzare la resistenza dello smalto <\/h3>\n<p>Cosa c&#8217;\u00e8 di meglio di un dentifricio sbiancante? Un dentifricio che rafforzi anche lo smalto! Lo smalto \u00e8 l&#8217;armatura dei tuoi denti e senza di esso sei vulnerabile a scheggiature, carie e opacit\u00e0. La formula di Crest contiene <strong>fluoro<\/strong>, che lavora a lungo per fortificare lo smalto e proteggere i tuoi denti da danni futuri. Quindi, non si tratta solo di avere un bell&#8217;aspetto oggi, ma anche di garantire una salute orale a lungo termine.    <\/p>\n<hr>\n<h2># Perch\u00e9 dovresti fidarti di Crest 3D White Arctic Fresh? #<\/h2>\n<p>Certo, ogni marca di dentifricio promette il meglio. Ma Crest si \u00e8 guadagnata per decenni una solida reputazione nel settore dell&#8217;igiene orale. Il suo impegno per i prodotti clinicamente testati, la soddisfazione dei clienti e le prestazioni comprovate non sono secondi a nessuno. Ecco perch\u00e9 si distingue:   <\/p>\n<ul>\n<li><strong>La tradizione del marchio di fiducia<\/strong>: Crest regala sorrisi dal 1955.<\/li>\n<li><strong>Innovazione guidata dalla ricerca<\/strong>: I prodotti sono continuamente aggiornati con la scienza pi\u00f9 avanzata.<\/li>\n<li><strong>Milioni di fan in tutto il mondo<\/strong>: Le recensioni positive sono pi\u00f9 di una testimonianza: sono una prova.<\/li>\n<\/ul>\n<p>Ma non limitarti alla fiducia nel marchio. Arctic Fresh si fa valere grazie a risultati reali e a benefici versatili. \u00c8 adatto a tutti: studenti, professionisti che lavorano e persino genitori che cercano di mantenere il sorriso della propria famiglia senza macchie.  <\/p>\n<hr>\n<h2># Funziona davvero? I risultati del mondo reale parlano pi\u00f9 delle parole # <\/h2>\n<p>Sei ancora scettico? Ecco cosa dicono i veri utenti di Crest 3D White Arctic Fresh 107g: <\/p>\n<ul>\n<li><strong>Bianco visibile in soli 7 giorni<\/strong>: Molti utenti affermano di aver notato un miglioramento della luminosit\u00e0 dei loro denti dopo una sola settimana di spazzolamento regolare.<\/li>\n<li><strong>Potere antimacchia<\/strong>: I bevitori di caff\u00e8 e gli amanti delle bibite sono entusiasti di come questo dentifricio riesca a contrastare le macchie pi\u00f9 ostinate.<\/li>\n<li><strong>Nessun problema di sensibilit\u00e0<\/strong>: A differenza di alcuni trattamenti sbiancanti aggressivi, la formula di Crest \u00e8 delicata ma efficace.<\/li>\n<\/ul>\n<p>Quindi, devi aspettarti una dentatura di livello hollywoodiano da un giorno all&#8217;altro? Probabilmente no. Il dentifricio non fa miracoli da un giorno all&#8217;altro, ma con un uso costante, Crest 3D White Arctic Fresh crea le fondamenta per miglioramenti graduali e evidenti.  <\/p>\n<hr>\n<h2>Domande frequenti sul dentifricio sbiancante Crest 3D White Arctic Fresh 107g<\/h2>\n<p><i>Hai ancora qualche dubbio? Mettiamo subito a tacere i dubbi. <\/i><\/p>\n<h3>1.<\/h3>\n<h3><strong>Crest 3D White Arctic Fresh \u00e8 sicuro per l&#8217;uso quotidiano?<\/strong><\/h3>\n<p>Assolutamente s\u00ec! Il contenuto di fluoro protegge lo smalto, mentre gli agenti sbiancanti agiscono sulle macchie senza danneggiare i denti, se usati come indicato. <\/p>\n<h3>2.<\/h3>\n<h3><strong>Quanto tempo ci vuole per vedere i risultati?<\/strong><\/h3>\n<p>Anche se le esperienze individuali possono variare, la maggior parte degli utenti riporta miglioramenti significativi entro 1-2 settimane di spazzolamento regolare.<\/p>\n<h3>3.<\/h3>\n<h3><strong>Aiuta a combattere l&#8217;alito cattivo?<\/strong><\/h3>\n<p>Puoi scommetterci! Il gusto Arctic Fresh offre una sensazione di raffreddamento di lunga durata e un alito pi\u00f9 fresco per ore dopo lo spazzolamento. <\/p>\n<h3>4.<\/h3>\n<h3><strong>\u00c8 adatto ai denti sensibili?<\/strong><\/h3>\n<p>S\u00ec! La formula \u00e8 stata studiata per contrastare le macchie e allo stesso tempo essere delicata per i denti sensibili, quindi non dovrai preoccuparti di eventuali disagi. <\/p>\n<h3>5.<\/h3>\n<h3><strong>Come si colloca rispetto ai trattamenti sbiancanti professionali?<\/strong><\/h3>\n<p>Anche se non sostituisce lo sbiancamento professionale, Crest 3D White Arctic Fresh \u00e8 un&#8217;alternativa conveniente e comoda per mantenere o migliorare il tuo sorriso a casa.<\/p>\n<hr>\n<h2>La coerenza \u00e8 la chiave: Massimizza i risultati dello sbiancamento<\/h2>\n<p>Vuoi ottenere il massimo da Crest 3D White Arctic Fresh? Ecco una guida rapida per potenziare i tuoi risultati: <\/p>\n<ol>\n<li><strong>Spazzola due volte al giorno<\/strong>: La spazzolatura mattutina e serale crea le premesse per il successo.<\/li>\n<li><strong>Abbina un collutorio sbiancante<\/strong>: Raddoppia il potere sbiancante e combatti l&#8217;alito cattivo!<\/li>\n<li><strong>Evita i cibi che macchiano<\/strong>: Caff\u00e8, vino rosso e frutti di bosco possono vanificare il tuo duro lavoro. Usare una cannuccia aiuta a minimizzare il contatto con i denti. <\/li>\n<li><strong>Sostituisci regolarmente lo spazzolino<\/strong>: Le setole usurate non possono pulire in modo efficace. Sostituiscilo ogni 2-3 mesi o prima se si sta sfilacciando. <\/li>\n<\/ol>\n<p>La parola magica \u00e8 coerenza. Attieniti alla tua routine e lascia che il tuo dentifricio, che lavora sodo, faccia il lavoro pesante. <\/p>\n<hr>\n<h2># Conclusione: Dovresti comprare il dentifricio sbiancante Crest 3D White Arctic Fresh 107g? #<\/h2>\n<p>Nel mondo frenetico e sempre pi\u00f9 esigente in cui viviamo, nessuno ha tempo per un dentifricio mediocre. <strong>Il dentifricio sbiancante Crest 3D White Arctic Fresh 107g<\/strong> \u00e8 un prodotto che cambia le carte in tavola per chi cerca denti bianchi e brillanti con il minimo sforzo. La sua formula a doppia azione per lo sbiancamento e il rafforzamento dello smalto lo rende una scelta vincente, mentre il rinfrescante sapore artico ti far\u00e0 venire voglia di lavarti i denti ogni giorno (pensa un po&#8217;!).  <\/p>\n<p>Vale la pena investire nel tuo sorriso: \u00e8 uno strumento che pu\u00f2 trasformare la tua sicurezza, le tue relazioni e persino la tua carriera. Quindi, abbandona il dentifricio opaco che hai sul lavandino e passa a Crest 3D White Arctic Fresh. La domanda non \u00e8 &#8220;Perch\u00e9 dovresti provarlo?&#8221;, ma piuttosto &#8220;Perch\u00e9 non l&#8217;hai ancora fatto?&#8221;.  <\/p>\n<hr>\n<h2>Sei pronto a trasformare il tuo sorriso?<\/h2>\n<p>Non aspettare un&#8217;occasione speciale. Il tuo viaggio verso un sorriso pi\u00f9 bianco e luminoso inizia oggi con l&#8217;unico e solo <strong>dentifricio sbiancante Crest 3D White Arctic Fresh 107g.<\/strong> Di&#8217; addio alle macchie, abbraccia una freschezza duratura e riscopri la gioia di un sorriso radioso. Provalo e vedrai la differenza con i tuoi occhi: ti chiederai come hai fatto a vivere senza!   <\/p>\n<\/div>\n","protected":false},"excerpt":{"rendered":"<p>Scopri la magia del dentifricio sbiancante Crest 3D White Arctic Fresh 107g! Scopri come trasforma il sorriso, i suoi principali benefici e perch\u00e9 si distingue nel mondo dell&#8217;igiene orale. Di&#8217; addio alle macchie e dai il benvenuto a denti splendenti!  <\/p>\n","protected":false},"featured_media":12601,"comment_status":"open","ping_status":"closed","template":"","meta":[],"product_cat":[357],"product_tag":[907,629,467,906],"class_list":{"0":"post-12598","1":"product","2":"type-product","3":"status-publish","4":"has-post-thumbnail","6":"product_cat-dentifricio-crest","7":"product_tag-crest","8":"product_tag-crest-3d-it","9":"product_tag-crest-3d-white-it","10":"product_tag-crest-3d-white-arctic-fresh","12":"first","13":"instock","14":"featured","15":"taxable","16":"shipping-taxable","17":"purchasable","18":"product-type-simple"},"_links":{"self":[{"href":"https:\/\/tretinoins.com\/it\/wp-json\/wp\/v2\/product\/12598","targetHints":{"allow":["GET"]}}],"collection":[{"href":"https:\/\/tretinoins.com\/it\/wp-json\/wp\/v2\/product"}],"about":[{"href":"https:\/\/tretinoins.com\/it\/wp-json\/wp\/v2\/types\/product"}],"replies":[{"embeddable":true,"href":"https:\/\/tretinoins.com\/it\/wp-json\/wp\/v2\/comments?post=12598"}],"version-history":[{"count":0,"href":"https:\/\/tretinoins.com\/it\/wp-json\/wp\/v2\/product\/12598\/revisions"}],"wp:featuredmedia":[{"embeddable":true,"href":"https:\/\/tretinoins.com\/it\/wp-json\/wp\/v2\/media\/12601"}],"wp:attachment":[{"href":"https:\/\/tretinoins.com\/it\/wp-json\/wp\/v2\/media?parent=12598"}],"wp:term":[{"taxonomy":"product_cat","embeddable":true,"href":"https:\/\/tretinoins.com\/it\/wp-json\/wp\/v2\/product_cat?post=12598"},{"taxonomy":"product_tag","embeddable":true,"href":"https:\/\/tretinoins.com\/it\/wp-json\/wp\/v2\/product_tag?post=12598"}],"curies":[{"name":"wp","href":"https:\/\/api.w.org\/{rel}","templated":true}]}}