{"id":12589,"date":"2024-01-03T14:05:02","date_gmt":"2024-01-03T12:05:02","guid":{"rendered":"https:\/\/tretinoins.com\/crest-3d-white-glamorous-white-107g-dentifricio-blanchissant\/"},"modified":"2024-01-03T14:05:02","modified_gmt":"2024-01-03T12:05:02","slug":"crest-3d-white-glamorous-white-107g-dentifricio-blanchissant","status":"publish","type":"product","link":"https:\/\/tretinoins.com\/it\/crest-3d-white-glamorous-white-107g-dentifricio-blanchissant\/","title":{"rendered":"Crest 3D White Glamorous White 107g, Dentifricio blanchissant"},"content":{"rendered":"<h1 data-pm-slice=\"0 0 []\" data-en-clipboard=\"true\">Dentifrice blanchissant Crest 3D White Glamorous White 107g : Souriez, brillez!<\/h1>\n<div>Non c&#8217;\u00e8 niente di meglio che il potere di confidare in un cuore radicale. \u00c8 la tua prima impressione, il tuo miglior risultato e il tuo superpotere quotidiano. Ma, come sappiamo, ci sono poche cose che compromettono questa fiducia in noi stessi, come le tacche di caff\u00e8, i bicchieri di vino e l&#8217;usura quotidiana dei nostri genitori. Per noi, per\u00f2, il dentifricio Crest 3D White Glamorous White 107g promette una cosa davvero magica: un prodotto che non si accontenta di pulire, ma che trasforma.     <\/div>\n<div>Questo tubetto pu\u00f2 essere il segreto che ti permette di ritrovare il tuo sorriso pi\u00f9 splendente? In questo articolo esamineremo nel dettaglio ci\u00f2 che rende il dentifricio Crest 3D White Glamorous White 107g un prodotto che cambia le donne in termini di trattamento dei denti. Dalle sue caratteristiche uniche ai consigli per ottenere risultati ottimali, abbiamo tutti i dettagli per te. Allons-y!     <\/div>\n<hr>\n<h2>Cosa distingue il dentifricio Crest 3D White Glamorous White 107 g?<\/h2>\n<div>L&#8217;epoca in cui si spaccano i denti &#8220;pour se d\u00e9brouiller&#8221; \u00e8 cambiata. Ce dentifrice n&#8217;a pas son pareil. Alors, pourquoi tout ce remue-m\u00e9nage?    <\/div>\n<h3>1. Tecnologia di abbattimento avanzata<\/h3>\n<div>Il dentifricio Crest 3D White Glamorous White non \u00e8 un dentifricio comune. \u00c8 dotato di una tecnologia di punte studiata per eliminare in modo semplice ma efficace il 90% delle macchie superficiali in meno di cinque giorni! Oui, vous avez bien lu, cinq jours!    <\/div>\n<ul>\n<li>\n<div>Grazie alla <b>tecnologia 3D White<\/b>, questo dentifricio utilizza delle particelle di micro-polissage per eliminare gli agenti tachicidi senza danneggiare l&#8217;email.<\/div>\n<\/li>\n<li>\n<div>La sua formula \u00e8 inoltre arricchita di fluoro, che rinforza i tuoi denti e li protegge dalla carie.<\/div>\n<\/li>\n<\/ul>\n<h3>2. Tout est dans le glamour<\/h3>\n<div>A differenza di molti altri prodotti di abbronzatura che lasciano un&#8217;impressione di lucentezza chimica nella bocca, Glamorous White \u00e8 all&#8217;altezza del suo nome. Rinfresca, illumina e dona un tocco glamour ai tuoi piedi.   <\/div>\n<ul>\n<li>\n<div>Pensate a un trattamento di tapis rouge per i vostri denti!<\/div>\n<\/li>\n<li>\n<div>Non \u00e8 n\u00e9 duro n\u00e9 abrasivo, ma \u00e8 sufficiente per un utilizzo quotidiano.<\/div>\n<\/li>\n<\/ul>\n<div>Ma la cosa pi\u00f9 bella \u00e8 che non si accontenta di funzionare. Il dentifricio non si accontenta di funzionare, ma funziona senza obbligarti a passare da una barretta o da una bandelette. I sistemi di sbollentatura tradizionali possono richiedere del tempo, ma questo dentifricio si integra perfettamente nella tua routine quotidiana. Fai un salto di qualit\u00e0!     <\/div>\n<hr>\n<h2>Pourquoi les gens en raffolent<\/h2>\n<div>Hai bisogno di altre ragioni per dare spazio a questa superstar del blanchiment nel tuo salotto? Ecco perch\u00e9 i clienti adorano il dentifricio Crest 3D White Glamorous White 107 g :   <\/div>\n<h3>Fra\u00eecheur instantan\u00e9e<\/h3>\n<div>Ce dentifrice ne plaisante pas avec la fra\u00eecheur. Con il suo succo di menta all&#8217;inizio, avrai non solo denti pi\u00f9 bianchi, ma anche una pelle pi\u00f9 fragrante che ti accompagner\u00e0 per tutto il giorno.   <\/div>\n<h3>Abbordabile ed efficace<\/h3>\n<div>Rispetto ai trattamenti di sbancamento professionali che costano un reggiseno e una camicia, il dentifricio sbattente Crest 3D White Glamorous White 107g offre risultati costanti a una frazione del prezzo. In altri termini, si tratta di un piccolo investimento per un sourire da un milione di dollari.   <\/div>\n<h3>Stimolare la fiducia<\/h3>\n<div>Immagina di essere presente a una riunione o a una sortita e di sapere che il tuo sorriso \u00e8 impeccabile, ma non \u00e8 necessario che tu lo faccia per avere un sorriso nitido. Questa \u00e8 la vera magia di un dentifricio come questo. Ti aiuta a ritrovare il tuo splendore.    <\/div>\n<hr>\n<h2>Consigli per ottenere il massimo da Crest 3D White<\/h2>\n<div>Vuoi ottenere i migliori risultati possibili? La differenza la fa il modo in cui segui la tua routine di igiene dentale. Ecco quei consigli pratici per utilizzare al meglio il dentifricio Crest 3D White Glamorous White:    <\/div>\n<ol>\n<li>\n<div><b>La coh\u00e9rence est essentielle<\/b><\/div>\n<ul>\n<li>\n<div>Utilizza il dentifricio due volte al giorno per ottenere risultati visibili. Continua a farlo, anche dopo che i tuoi denti hanno riacquistato il loro splendore: non devi mai lasciare che le tacche scompaiano.   <\/div>\n<\/li>\n<\/ul>\n<\/li>\n<li>\n<div><b>Associa una brosse \u00e0 dents che favorisce il blanchiment.<\/b><\/div>\n<ul>\n<li>\n<div>Cerca una brosse \u00e0 dents concepita per il blanchiment, in particolare quelle dotate di poils polissants che non abusano della tua posta elettronica ma ne amplificano i risultati.<\/div>\n<\/li>\n<\/ul>\n<\/li>\n<li>\n<div><b>Limita gli alimenti e le bevande che causano tachicardia.<\/b><\/div>\n<ul>\n<li>\n<div>Il caff\u00e8, il t\u00e8 e il vino rosso sono noti per la presenza di tacche. Non hai bisogno di rinunciarvi completamente (siamo realisti), ma prova a bere con una ciotola o a sciacquare la bocca con l&#8217;acqua dopo il colpo.   <\/div>\n<\/li>\n<\/ul>\n<\/li>\n<li>\n<div><b>Non dimenticarti di usare il filtro dentaire.<\/b><\/div>\n<ul>\n<li>\n<div>Il dentifricio blanchissant fa meraviglie in superficie, ma non dimenticare di pulire le gengive e gli spazi tra i denti. Utilizza quotidianamente il filtro dentale per migliorare la tua igiene orale.   <\/div>\n<\/li>\n<\/ul>\n<\/li>\n<li>\n<div><b>Cerca di incorporare i rintocchi di colore<\/b><\/div>\n<ul>\n<li>\n<div>Se senti di essere molto ambizioso, l&#8217;aggiunta di un bagnomaria biancastro alla tua routine pu\u00f2 darti un colpo di grazia in pi\u00f9.<\/div>\n<\/li>\n<\/ul>\n<\/li>\n<\/ol>\n<hr>\n<h2>Domande poste frequentemente a proposito del dentifricio Crest 3D White Glamorous White 107g<\/h2>\n<h3>1. Ce produit blanchit-il vraiment les dents en cinq jours?<\/h3>\n<div>Assolutamente! La maggior parte degli utilizzatori riscontra un miglioramento visibile dopo cinque ore di utilizzo regolare. Tieni presente che i risultati possono variare in base al grado di decolorazione e all&#8217;igiene generale.    <\/div>\n<h3>2. Il dentifricio Crest 3D White Blanc \u00e9clatant \u00e8 sicuro per un uso quotidiano?<\/h3>\n<div>Oui, c&#8217;est tout \u00e0 fait s\u00fbr! La forma \u00e8 morbida per l&#8217;invio di email e allo stesso tempo \u00e8 resistente ai danni superficiali. Potrai quindi utilizzarla tutti i giorni senza problemi.    <\/div>\n<h3>3. Il prodotto elimina le macchie profonde e intrinseche?<\/h3>\n<div>Questo dentifricio \u00e8 stato concepito appositamente per colpire le macchie superficiali. Se vuoi affrontare una decolorazione profonda e intrinseca, puoi scegliere un trattamento professionale per ottenere risultati migliori.   <\/div>\n<h3>4. Posso utilizzarlo con un apparecchio dentale o con altre cure dentali?<\/h3>\n<div>\u00c8 preferibile consultare il proprio ortodontista o il proprio dentista se hai dei dubbi. Sebbene il dentifricio sia generalmente privo di pericoli per l&#8217;utilizzo con un apparecchio dentale o un trattamento dentale, il tuo dentista pu\u00f2 darti consigli personalizzati.   <\/div>\n<hr>\n<h2>La scienza dietro l&#8217;eclatismo<\/h2>\n<div>Se c&#8217;\u00e8 una cosa che Crest conosce, sono i denti! La salsa secca del dentifricio Glamorous White \u00e8 contenuta in una formula perfettamente bilanciata creata da esperti. Ecco ci\u00f2 che rende i tuoi denti di un colore incomparabile:    <\/div>\n<h3>Ingredenti micro-nettoyants<\/h3>\n<div>Queste piccole bestie agiscono come per magia, eliminando efficacemente le tensioni causate dal caff\u00e8, dai biscotti e da altri alimenti, conservando intatta la tua posta elettronica. Pensate come a un giorno di spa per i vostri capelli!   <\/div>\n<h3>Blanchir sans compromis<\/h3>\n<div>Contrariamente ai prodotti abrasivi, questo dentifricio protegge le ammaccature senza abusarne. Non hai bisogno di sacrificare la tua posta elettronica per avere un sourire pronto per essere fotografato.   <\/div>\n<h3>Vantaggi dell&#8217;anti-cavit\u00e0<\/h3>\n<div>Non lasciarti ingannare dal nome &#8220;blanchissant&#8221;. Il dentifricio fa un doppio colpo: protegge anche dalle carie. L&#8217;apporto di fluoro contribuisce a rafforzare il tuo benessere interiore.    <\/div>\n<hr>\n<h2>Ultime riflessioni: Dovete passare all&#8217;azione?<\/h2>\n<div>Se cerchi un modo semplice e accessibile per migliorare la tua routine di benessere, il dentifricio sbiancante Crest 3D White Glamorous White 107 g pu\u00f2 essere la soluzione ideale. Con la sua tecnologia di sbollentatura all&#8217;avanguardia, la sua forma morbida e il suo risparmio di menta rafra\u00eechissante, non \u00e8 sorprendente che le persone non si arrendano a parlarne.   <\/div>\n<div>Certo, dovrai avere pazienza, costanza e buone abitudini dentali per ottenere i migliori risultati, ma il gioco non \u00e8 solo la chandelle per un divertimento entusiasmante? I tuoi denti non sono solo dei semplici strumenti di masticazione: hanno un ruolo fondamentale nella fiducia che hai in te stesso e nel modo in cui ti presenti al mondo.   <\/div>\n<hr>\n<h2>Riflessione finale<\/h2>\n<div>Un sourire plus \u00e9clatant n&#8217;est pas hors de port\u00e9e. Si trova in un tubetto da 107 g intitolato &#8220;Crest 3D White Glamorous White Whitening Toothpaste&#8221; (dentifricio sbiancante Crest 3D White Glamorous White). E allora, offritevi il glamour. Perch\u00e9 noi siamo realisti, il tuo cuore merita di essere messo in valore!     <\/div>\n","protected":false},"excerpt":{"rendered":"<p>Scopri il potere di trasformazione del dentifricio Crest 3D White Glamorous White 107g. Scopri come questo dentifricio pu\u00f2 aiutarti a ottenere un sorriso splendente grazie ai risultati ottenuti, ai consigli, ai vantaggi e alle domande frequenti.   <\/p>\n","protected":false},"featured_media":0,"comment_status":"open","ping_status":"closed","template":"","meta":[],"product_cat":[],"product_tag":[],"class_list":{"0":"post-12589","1":"product","2":"type-product","3":"status-publish","6":"first","7":"instock","8":"taxable","9":"shipping-taxable","10":"product-type-simple"},"_links":{"self":[{"href":"https:\/\/tretinoins.com\/it\/wp-json\/wp\/v2\/product\/12589","targetHints":{"allow":["GET"]}}],"collection":[{"href":"https:\/\/tretinoins.com\/it\/wp-json\/wp\/v2\/product"}],"about":[{"href":"https:\/\/tretinoins.com\/it\/wp-json\/wp\/v2\/types\/product"}],"replies":[{"embeddable":true,"href":"https:\/\/tretinoins.com\/it\/wp-json\/wp\/v2\/comments?post=12589"}],"version-history":[{"count":0,"href":"https:\/\/tretinoins.com\/it\/wp-json\/wp\/v2\/product\/12589\/revisions"}],"wp:attachment":[{"href":"https:\/\/tretinoins.com\/it\/wp-json\/wp\/v2\/media?parent=12589"}],"wp:term":[{"taxonomy":"product_cat","embeddable":true,"href":"https:\/\/tretinoins.com\/it\/wp-json\/wp\/v2\/product_cat?post=12589"},{"taxonomy":"product_tag","embeddable":true,"href":"https:\/\/tretinoins.com\/it\/wp-json\/wp\/v2\/product_tag?post=12589"}],"curies":[{"name":"wp","href":"https:\/\/api.w.org\/{rel}","templated":true}]}}