{"id":12563,"date":"2024-08-27T14:27:21","date_gmt":"2024-08-27T12:27:21","guid":{"rendered":"https:\/\/tretinoins.com\/minoxidil-5-solution-kirkland-trattamento-per-la-crescita-di-capelli-e-barba\/"},"modified":"2026-03-12T15:04:56","modified_gmt":"2026-03-12T13:04:56","slug":"minoxidil-5-solution-kirkland-trattamento-per-la-crescita-di-capelli-e-barba","status":"publish","type":"product","link":"https:\/\/tretinoins.com\/it\/minoxidil-5-solution-kirkland-trattamento-per-la-crescita-di-capelli-e-barba\/","title":{"rendered":"Minoxidil 5% Solution, Kirkland, trattamento per la crescita di capelli e barba"},"content":{"rendered":"<h1>Dalla barba alla celebrit\u00e0: Come la soluzione al 5% di Minoxidil di Kirkland trasforma la crescita di capelli e barba<\/h1>\n<p>I peli del viso e le ciocche lucenti sono diventati elementi caratterizzanti dello stile moderno. Che tu stia cercando di ottenere una barba affilata degna di Instagram o di combattere il diradamento dei capelli, trovare il trattamento giusto pu\u00f2 sembrare come sparare a un pesce in un barile. Il mercato \u00e8 inondato di promesse, ma sono pochi i prodotti che danno risultati sostenuti dalla scienza. Ecco <strong>Minoxidil 5% Solution, Kirkland<\/strong>, un trattamento rivoluzionario per la crescita dei capelli e della barba.   <\/p>\n<p>Per coloro che lottano contro la calvizie ereditaria, le barbe a chiazze o il diradamento dei capelli, la tua ricerca potrebbe finire qui. La soluzione Minoxidil di Kirkland ha fatto parlare di s\u00e9 per buone ragioni. Ma ecco la domanda da un milione di dollari: funziona e vale tutto il clamore suscitato? Allacciati le cinture: stiamo approfondendo questo miracolo in bottiglia.   <\/p>\n<hr>\n<h1>Cosa c&#8217;\u00e8 di strano nella soluzione di Minoxidil 5%, Kirkland?<\/h1>\n<h2>La scienza alla base del Minoxidil<\/h2>\n<p>Prima di parlare del prodotto in s\u00e9, affrontiamo la domanda pi\u00f9 scottante: come funziona il Minoxidil? Gli scienziati hanno sviluppato questa formula inizialmente per trattare la pressione alta. Stranamente, durante i test \u00e8 emerso un effetto collaterale particolare: la crescita dei capelli! Un vero e proprio incidente, no?   <\/p>\n<p>Il Minoxidil agisce aprendo i vasi sanguigni e aumentando il flusso sanguigno verso i follicoli piliferi, fornendo essenzialmente i nutrienti di cui hanno bisogno per crescere. L&#8217;anagen, ovvero la fase di crescita del ciclo del capello, viene prolungata, portando a capelli pi\u00f9 spessi e sani in aree precedentemente sottili o calve. <\/p>\n<h3>Caratteristiche principali di Kirkland&#8217;s Minoxidil 5% Soluzione<\/h3>\n<p>Kirkland, un marchio noto per offrire valore senza lesinare sulla qualit\u00e0, ha fatto un passo avanti con una formula senza fronzoli a base di Minoxidil al 5%. Ecco cosa la distingue: <\/p>\n<ul>\n<li><strong>Alta concentrazione:<\/strong> Il 5% \u00e8 il punto di forza per una dose di Minoxidil clinicamente provata.<\/li>\n<li><strong>Effetti mirati:<\/strong> Ideale per le stempiature, le chiome sottili e la crescita irregolare della barba.<\/li>\n<li><strong>Conveniente:<\/strong> Prezzi convenienti rispetto ad altre soluzioni di grandi marche.<\/li>\n<li><strong>Testato da un dermatologo:<\/strong> Anche se non \u00e8 adatto a tutti, \u00e8 generalmente sicuro per la maggior parte dei tipi di pelle se applicato come indicato.<\/li>\n<\/ul>\n<hr>\n<h1>Perch\u00e9 scegliere Kirkland rispetto ad altre marche?<\/h1>\n<p>Ammettiamolo: il mercato \u00e8 invaso da imitatori. Dai grandi nomi che fanno pagare prezzi altissimi alle imitazioni pi\u00f9 losche disponibili su siti terzi, scegliere il prodotto giusto pu\u00f2 sembrare di navigare in un campo minato. Kirkland brilla per il perfetto equilibrio tra costo e qualit\u00e0.  <\/p>\n<h3>Il vantaggio per il tuo dollaro<\/h3>\n<p>Perch\u00e9 pagare un prezzo elevato per la stessa formulazione di Minoxidil? Il marchio Kirkland&#8217;s mantiene le cose semplici ma efficaci. Ci\u00f2 significa che otterrai una concentrazione premium del 5% senza il prezzo premium.  <\/p>\n<h3>Compatibilit\u00e0 con la crescita della barba<\/h3>\n<p>Alcuni prodotti si rivolgono esplicitamente ai capelli del cuoio capelluto, ma Kirkland? Ha pensato anche alla tua barba! Con un uso costante, promuove la densit\u00e0 nei punti pi\u00f9 irregolari e favorisce la crescita di nuovi follicoli lungo la mascella, le guance e i baffi.  <\/p>\n<hr>\n<h1>Come utilizzare Minoxidil 5% Soluzione<\/h1>\n<h1><i>Giusto<\/i><\/h1>\n<h1>Modo<\/h1>\n<h2>La coerenza \u00e8 fondamentale<\/h2>\n<p>Si \u00e8 tentati di pensare che pi\u00f9 \u00e8 meglio. Ma con il Minoxidil \u00e8 meglio attenersi alla dose consigliata. I risultati diminuiscono con un uso eccessivo e un&#8217;applicazione scorretta pu\u00f2 portare a effetti collaterali indesiderati. Ecco una descrizione del processo:   <\/p>\n<ol>\n<li><strong>Pulisci il viso\/il cuoio capelluto:<\/strong> Una tela fresca garantisce un migliore assorbimento.<\/li>\n<li><strong>Misura la dose:<\/strong> Usa il contagocce in dotazione per applicare 1 ml di soluzione.<\/li>\n<li><strong>Concentrati sulle aree problematiche:<\/strong> Concentrati sulle zone calve, sulle linee cadenti o sulle aree con barba rada.<\/li>\n<li><strong>Distribuisci in modo uniforme:<\/strong> Usa le dita per tamponare e distribuire la soluzione.<\/li>\n<li><strong>Lascia asciugare:<\/strong> Evita di lavare il sito di applicazione per almeno quattro ore.<\/li>\n<\/ol>\n<p>Vuoi risultati pi\u00f9 rapidi? Pazienza, amico mio. In genere noterai dei cambiamenti visibili dopo tre mesi di utilizzo regolare.  <\/p>\n<hr>\n<h1>Sfatare i miti sui trattamenti per la crescita dei capelli<\/h1>\n<p>Mettiamo subito in chiaro una cosa: il Minossidil non \u00e8 una bacchetta magica. Prospera nel regno delle aspettative realistiche. \u00c8 ora di sfatare alcuni miti comuni:  <\/p>\n<h3>Mito 1: &#8220;Funzioner\u00e0 da un giorno all&#8217;altro!&#8221;.<\/h3>\n<p>Se solo fosse cos\u00ec facile! La ricrescita dei capelli \u00e8 un processo lento e costante; i risultati iniziali potrebbero includere lo spargimento di capelli, in quanto i capelli pi\u00f9 deboli lasciano il posto a una crescita pi\u00f9 forte. (S\u00ec, lo spargimento \u00e8 normale!).  <\/p>\n<h3>Mito 2: &#8220;Funziona solo sui capelli del cuoio capelluto&#8221;.<\/h3>\n<p>Sbagliato! Studi e innumerevoli storie di successo confermano che il Minoxidil 5% di Kirkland \u00e8 perfettamente adattabile anche ai peli del viso. Barba a chiazze? Rimani costante e osserva la trasformazione.   <\/p>\n<h3>Mito 3: &#8220;Se ti fermi perderai tutti i guadagni&#8221;.<\/h3>\n<p>Beh, pi\u00f9 o meno. Il Minoxidil funziona finch\u00e9 lo usi. Una volta smesso, i follicoli dormienti possono tornare allo stato inattivo. Se vuoi ottenere risultati a lungo termine, la costanza non \u00e8 negoziabile.   <\/p>\n<h3>Mito 4: &#8220;Non \u00e8 sicuro&#8221;.<\/h3>\n<p>Il Minoxidil \u00e8 approvato dalla FDA e supportato da decenni di ricerche. Come sempre, consulta il tuo medico curante se hai dei dubbi, soprattutto se sei incinta, se stai allattando o se hai problemi medici di base. <\/p>\n<hr>\n<h1>Domande frequenti sulla soluzione di Minoxidil 5%, Kirkland, trattamento per la crescita dei capelli e della barba<\/h1>\n<h3>Il Minoxidil funziona per tutti?<\/h3>\n<p>Purtroppo no. Il minoxidil mostra i migliori risultati per chi soffre di alopecia androgenetica (calvizie) o di barba rada. Se la tua perdita di capelli \u00e8 causata da altri fattori come cicatrici, squilibri ormonali o condizioni mediche, la sua efficacia potrebbe essere limitata.  <\/p>\n<h3>Ci sono effetti collaterali?<\/h3>\n<p>Alcuni utenti segnalano inizialmente lievi irritazioni, prurito o secchezza. Sono stati documentati rari casi di vertigini o accelerazione del battito cardiaco. Effettua sempre un patch-test e segui le indicazioni per ridurre al minimo i rischi.  <\/p>\n<h3>Le donne possono usare Kirkland&#8217;s Minoxidil?<\/h3>\n<p>S\u00ec, ma le donne dovrebbero consultare un operatore sanitario a causa dei potenziali effetti collaterali legati a concentrazioni pi\u00f9 elevate, come la formula al 5%. Una concentrazione del 2% \u00e8 generalmente pi\u00f9 sicura e altrettanto efficace per la perdita di capelli femminile. <\/p>\n<hr>\n<h1>Parlando di cose reali: Risultati che parlano<\/h1>\n<h3>Storie di successo di utenti comuni<\/h3>\n<p>Jared, 32 anni, ha sempre invidiato i suoi amici con la barba folta. Dopo tre mesi di utilizzo della soluzione di Minoxidil 5% di Kirkland, le macchie sulle guance hanno iniziato a riempirsi. Sei mesi dopo? Jared ha una barba di cui Babbo Natale sarebbe invidioso!   <\/p>\n<p>Per quanto riguarda i capelli, Sophia, 28 anni, ha visto risultati fantastici nel risolvere il problema del diradamento dei bordi. &#8220;All&#8217;inizio ero scettica&#8221;, ammette, &#8220;ma con il tempo ho notato meno ciocche nello scarico della doccia e una ricrescita pi\u00f9 folta intorno alla corona&#8221;. <\/p>\n<hr>\n<h1>Consigli per massimizzare il potenziale del Minoxidil<\/h1>\n<ol>\n<li><strong>Combina con i dermaroller:<\/strong> Il microneedling apre le vie di penetrazione del Minoxidil in modo pi\u00f9 efficace.<\/li>\n<li><strong>Non saltare le applicazioni:<\/strong> La costanza paga. Saltare i giorni pu\u00f2 ritardare i progressi. <\/li>\n<li><strong>Abbinalo ad abitudini pi\u00f9 sane:<\/strong> Una dieta ricca di vitamine come la biotina e il ferro e una buona gestione dello stress completano il trattamento. Dopotutto, si tratta di un processo interiore! <\/li>\n<\/ol>\n<hr>\n<h1>Conclusione: Minoxidil 5% Solution di Kirkland vale la pena di essere provato?<\/h1>\n<p>Assolutamente s\u00ec. Per il prezzo e la comprovata efficacia, \u00e8 difficile battere la soluzione Minoxidil di Kirkland. Che tu stia cercando di ottenere una barba pi\u00f9 folta o che tu abbia a che fare con un diradamento dei capelli, questo prodotto mantiene le sue promesse se usato come indicato. Certo, non si tratta di una soluzione istantanea, ma Roma non \u00e8 stata costruita in un giorno e nemmeno la barba o l&#8217;attaccatura dei tuoi sogni.   <\/p>\n<p>Allora, sei pronto a fare il grande passo? Prova Minoxidil 5% Solution, Kirkland: tra qualche mese potresti guardarti indietro, accarezzando una barba pi\u00f9 folta o ammirando ciocche pi\u00f9 spesse, e chiederti perch\u00e9 hai aspettato cos\u00ec tanto. <\/p>\n","protected":false},"excerpt":{"rendered":"<p id=\"tw-target-text\" class=\"tw-data-text tw-text-large tw-ta\" dir=\"ltr\" data-placeholder=\"Traducere\" aria-label=\"Text tradus\" data-ved=\"2ahUKEwiKz6uumJWIAxUD_rsIHWp_KH8Q3ewLegQIBxAU\">Scopri come Minoxidil 5% Solution di Kirkland pu\u00f2 potenziare il tuo percorso di crescita di capelli e barba! Scopri la sua efficacia e le modalit\u00e0 di utilizzo. <\/p>\n","protected":false},"featured_media":12569,"comment_status":"open","ping_status":"closed","template":"","meta":[],"product_cat":[891,892],"product_tag":[894,893],"class_list":{"0":"post-12563","1":"product","2":"type-product","3":"status-publish","4":"has-post-thumbnail","6":"product_cat-cura-dei-capelli","7":"product_cat-minoxidil","8":"product_tag-minoxidil","9":"product_tag-minoxidil-5","10":"pa_brands-kirkland","12":"first","13":"instock","14":"featured","15":"taxable","16":"shipping-taxable","17":"purchasable","18":"product-type-variable"},"_links":{"self":[{"href":"https:\/\/tretinoins.com\/it\/wp-json\/wp\/v2\/product\/12563","targetHints":{"allow":["GET"]}}],"collection":[{"href":"https:\/\/tretinoins.com\/it\/wp-json\/wp\/v2\/product"}],"about":[{"href":"https:\/\/tretinoins.com\/it\/wp-json\/wp\/v2\/types\/product"}],"replies":[{"embeddable":true,"href":"https:\/\/tretinoins.com\/it\/wp-json\/wp\/v2\/comments?post=12563"}],"version-history":[{"count":0,"href":"https:\/\/tretinoins.com\/it\/wp-json\/wp\/v2\/product\/12563\/revisions"}],"wp:featuredmedia":[{"embeddable":true,"href":"https:\/\/tretinoins.com\/it\/wp-json\/wp\/v2\/media\/12569"}],"wp:attachment":[{"href":"https:\/\/tretinoins.com\/it\/wp-json\/wp\/v2\/media?parent=12563"}],"wp:term":[{"taxonomy":"product_cat","embeddable":true,"href":"https:\/\/tretinoins.com\/it\/wp-json\/wp\/v2\/product_cat?post=12563"},{"taxonomy":"product_tag","embeddable":true,"href":"https:\/\/tretinoins.com\/it\/wp-json\/wp\/v2\/product_tag?post=12563"}],"curies":[{"name":"wp","href":"https:\/\/api.w.org\/{rel}","templated":true}]}}