{"id":10268,"date":"2024-01-03T14:04:58","date_gmt":"2024-01-03T12:04:58","guid":{"rendered":"https:\/\/tretinoins.com\/dentifricio-crest-kids-cavity-protection-130g-sparkle-fun\/"},"modified":"2024-01-03T14:04:58","modified_gmt":"2024-01-03T12:04:58","slug":"dentifricio-crest-kids-cavity-protection-130g-sparkle-fun","status":"publish","type":"product","link":"https:\/\/tretinoins.com\/it\/dentifricio-crest-kids-cavity-protection-130g-sparkle-fun\/","title":{"rendered":"Dentifricio Crest Kids Cavity Protection 130g, Sparkle Fun"},"content":{"rendered":"<div>Ammettiamolo: convincere i bambini a lavarsi i denti pu\u00f2 sembrare come cercare di mettere il guinzaglio a una cometa. Tra capricci, distrazioni e resistenza generale, rendere l&#8217;igiene dentale un&#8217;abitudine quotidiana pu\u00f2 essere una lotta. \u00c8 qui che <i>Crest Kids Cavity Protection 130g, Sparkle Fun, Buy Fluoride Activity Toothpaste<\/i> arriva come un supereroe con un mantello scintillante. Non si tratta pi\u00f9 solo di fluoro e protezione dalla carie: questo dentifricio trasforma il banale compito di lavarsi i denti in un&#8217;avventura divertente e scintillante.   <\/div>\n<div>Ma questo dentifricio non \u00e8 tutto sfarzo e glamour. \u00c8 ricco di una formula al fluoro adatta ai bambini che lavora duramente per proteggere i piccoli denti negli anni cruciali della crescita. Vuoi sapere perch\u00e9 i genitori lo adorano e perch\u00e9 il tuo bambino non vede l \u201cora di lavarsi i denti? Continua a leggere: questo non \u00e8 il solito prodotto per l\u201d igiene dentale.   <\/div>\n<hr>\n<h2>Perch\u00e9 l&#8217;igiene orale \u00e8 importante per i bambini<\/h2>\n<h3>L&#8217;ABC della salute dentale dei bambini<\/h3>\n<div>Se pensi che i denti da latte non siano un problema perch\u00e9 \u201ccadranno comunque\u201d, ripensaci! I denti da latte sani sono fondamentali per lo sviluppo generale del bambino. Permettono ai bambini di masticare correttamente il cibo, di parlare in modo chiaro e fungono anche da segnaposto per i denti permanenti. Trascurare la salute orale nelle prime fasi pu\u00f2 portare a complicazioni a lungo termine, come dolore, infezioni e allineamento scorretto dei denti adulti.   <\/div>\n<div>Ma ecco la parte difficile: i denti giovani sono molto vulnerabili alle carie. I bambini amano i dolci (chi non li ama?), ma gli snack zuccherati combinati con uno spazzolamento scorretto possono creare un terreno fertile per i batteri. Ecco perch\u00e9 il fluoro \u00e8 un elemento indispensabile per la cura dei denti del tuo bambino: \u00e8 come uno scudo contro la carie.  <\/div>\n<hr>\n<h2>Crest Kids Cavity Protection 130g, Sparkle Fun: Il dentifricio che i tuoi bambini vogliono davvero usare<\/h2>\n<div>Trovare un dentifricio che bilanci divertimento e funzionalit\u00e0? \u00c8 la vittoria definitiva dei genitori. Con il <i>dentifricio Crest Kids Cavity Protection 130g, Sparkle Fun, Buy Fluoride Activity<\/i>, avrai il meglio di entrambi i mondi.  <\/div>\n<div>Ecco cosa lo distingue:<\/div>\n<ol>\n<li>\n<div><b>Una formula frizzante che piace ai bambini:<\/b> La maggior parte dei bambini teme di lavarsi i denti perch\u00e9 \u00e8 noioso o, peggio, perch\u00e9 il gusto \u00e8 \u201ctroppo menta\u201d o \u201ctroppo schifo\u201d. Questo dentifricio ha un gusto unico, Sparkle Fun, che porta lo spazzolamento a un altro livello. Il gel scintillante aggiunge un tocco di magia, mentre il sapore fruttato fa s\u00ec che i bambini tornino a lavarsi.  <\/div>\n<\/li>\n<li>\n<div><b>Protezione affidabile per le cavit\u00e0:<\/b> Il fatto che sia divertente non significa che non sia efficace. Il fluoro contenuto in questo dentifricio lavora a lungo per rafforzare lo smalto e combattere la carie, garantendo ai genitori la massima tranquillit\u00e0. <\/div>\n<\/li>\n<li>\n<div><b>Confezione a misura di bambino:<\/b> Siamo sinceri: met\u00e0 della battaglia consiste nel convincere i bambini che spazzolarsi i denti non \u00e8 un lavoro di routine. Il design luminoso e giocoso di questo tubetto da 130 g cattura la loro attenzione e li fa sentire come se lavarsi i denti fosse un&#8217;attivit\u00e0, non un compito. <\/div>\n<\/li>\n<li>\n<div><b>Dimensioni approvate dai genitori:<\/b> Con i suoi 130 g, questo dentifricio raggiunge il perfetto equilibrio tra valore e praticit\u00e0. \u00c8 abbastanza grande da durare, ma non cos\u00ec ingombrante da dominare il bancone del bagno. <\/div>\n<\/li>\n<\/ol>\n<hr>\n<h2>Il fluoro alla riscossa: Perch\u00e9 \u00e8 fondamentale<\/h2>\n<div>Qual \u00e8 il problema del fluoro? \u00c8 semplice: il fluoro \u00e8 l&#8217;eroe non celebrato della salute dentale. Ecco come funziona:  <\/div>\n<ul>\n<li>\n<div><b>Rafforza lo smalto:<\/b> Il fluoro aiuta a rimineralizzare e indurire lo smalto, rendendolo meno soggetto a carie.<\/div>\n<\/li>\n<li>\n<div><b>Neutralizza i batteri nocivi:<\/b> Inibisce la crescita dei batteri che causano la carie in bocca.<\/div>\n<\/li>\n<li>\n<div><b>Ripara i danni precoci:<\/b> Il fluoro pu\u00f2 far regredire piccole quantit\u00e0 di carie prima che si trasformino in cavit\u00e0 vere e proprie.<\/div>\n<\/li>\n<\/ul>\n<div><i>Il dentifricio Crest Kids Cavity Protection 130g, Sparkle Fun, Buy Fluoride Activity<\/i> offre la giusta quantit\u00e0 di fluoro per proteggere il sorriso del tuo bambino senza sovraccaricare i denti e le gengive delicate. Cosa c&#8217;\u00e8 da non amare? <\/div>\n<hr>\n<h2>Consigli per rendere lo spazzolamento un gioco da ragazzi<\/h2>\n<div>Stai lottando per convincere il tuo piccolo a spazzolarsi? Non sei solo, ma non preoccuparti, l \u201caiuto \u00e8 qui! Abbinando il <i>dentifricio Crest Kids Cavity Protection 130g, Sparkle Fun, Buy Fluoride Activity<\/i> a questi consigli potrai trasformare lo spazzolamento in un\u201d esperienza che ti lega e non in un campo di battaglia.  <\/div>\n<h3>1. Crea una routine<\/h3>\n<div>La coerenza \u00e8 fondamentale! Spazzola i denti ogni giorno alla stessa ora: una volta al mattino e una volta prima di andare a dormire. \u00c8 pi\u00f9 facile creare un&#8217;abitudine quando fa parte del programma quotidiano.  <\/div>\n<h3>2. Gioca a un gioco di spazzolatura<\/h3>\n<div>Rendi lo spazzolamento interattivo creando delle sfide. Ad esempio, metti una canzone con timer di due minuti e balla mentre il bambino si lava i denti. Oppure, fai finta di essere dei pirati che lavano i \u201ctesori\u201d (i loro denti!).  <\/div>\n<h3>3. Lascia che siano loro a scegliere<\/h3>\n<div>Dai a tuo figlio la possibilit\u00e0 di scegliere gli strumenti per la cura dei denti. Si sentiranno pi\u00f9 coinvolti se sceglieranno loro lo spazzolino o il dentifricio (suggerimento: ameranno il sapore scintillante di questo!). <\/div>\n<h3>4. Spazzola insieme<\/h3>\n<div>Dai il buon esempio spazzolandoti insieme a tuo figlio. \u00c8 pi\u00f9 probabile che lo seguano quando ti vedono farlo. <\/div>\n<hr>\n<h2>Domande frequenti sul dentifricio Crest Kids Cavity Protection<\/h2>\n<h3>1. A quale fascia d&#8217;et\u00e0 \u00e8 adatto questo dentifricio?<\/h3>\n<div>Questo dentifricio \u00e8 studiato appositamente per i bambini dai 2 anni in su. Tuttavia, supervisiona sempre i bambini pi\u00f9 piccoli durante lo spazzolamento per assicurarti che non ingeriscano il dentifricio. <\/div>\n<h3>2. Contiene zucchero?<\/h3>\n<div>No! Questo dentifricio non contiene zucchero, quindi non dovrai preoccuparti che contribuisca alla formazione della carie. <\/div>\n<h3>3. \u00c8 sicuro da ingerire?<\/h3>\n<div>Anche se non \u00e8 consigliabile ingerire il dentifricio, il fluoro contenuto in questa formula per bambini \u00e8 sicuro in piccole quantit\u00e0 controllate. Insegna ai tuoi figli a sputare dopo lo spazzolamento. <\/div>\n<h3>4. Gli adulti possono usare questo dentifricio?<\/h3>\n<div>Certo! Non c&#8217;\u00e8 nulla di male se lo usano gli adulti, soprattutto se ti incuriosisce il gusto Sparkle Fun. Tuttavia, gli adulti potrebbero preferire una maggiore concentrazione di fluoro per una migliore protezione dalla carie.  <\/div>\n<hr>\n<h2>Perch\u00e9 dovresti fare il cambio<\/h2>\n<div>In fin dei conti, scegliere il dentifricio giusto per il tuo bambino significa trovare un equilibrio tra efficacia e coinvolgimento. Con <i>Crest Kids Cavity Protection 130g, Sparkle Fun, Buy Fluoride Activity Toothpaste<\/i>, non dovrai scendere a compromessi. Il tuo bambino otterr\u00e0 una protezione contro la carie di altissimo livello e tu avrai la soddisfazione di vederlo <i>entusiasta<\/i> di lavarsi i denti.  <\/div>\n<hr>\n<h2>Per concludere<\/h2>\n<div>Crescere dei bambini significa navigare in un campo minato di sfide quotidiane e a volte le battaglie pi\u00f9 piccole sembrano le vittorie pi\u00f9 grandi. La pulizia dei denti non deve essere una di queste battaglie. Con il <i>dentifricio Crest Kids Cavity Protection 130g, Sparkle Fun, Buy Fluoride Activity<\/i>, fornirai ai tuoi piccoli un modo divertente ed efficace per costruire abitudini sane per tutta la vita.  <\/div>\n<div>Quindi, perch\u00e9 aspettare? Prendine un tubetto oggi stesso e guarda come si trasformer\u00e0 l \u201catteggiamento di tuo figlio nei confronti dello spazzolamento. A volte basta un po\u201d di luce per illuminare la giornata e il loro sorriso!  <\/div>\n","protected":false},"excerpt":{"rendered":"<p>Scopri la magia del dentifricio Crest Kids Cavity Protection 130g, Sparkle Fun, Buy Fluoride Activity! Assicura la salute dentale del tuo bambino e rendi divertente lo spazzolamento con questo dentifricio colorato ed efficace. Di&#8217; addio alla carie ad ogni scintillio!  <\/p>\n","protected":false},"featured_media":10274,"comment_status":"open","ping_status":"closed","template":"","meta":[],"product_cat":[357],"product_tag":[663,661,662,362,664],"class_list":{"0":"post-10268","1":"product","2":"type-product","3":"status-publish","4":"has-post-thumbnail","6":"product_cat-dentifricio-crest","7":"product_tag-crest-kids-it","8":"product_tag-crest-kids-cavity-protection-130g-it","9":"product_tag-crest-protezione-cavita-bambini","10":"product_tag-dentifricio","11":"product_tag-dentifricio-crest-kids","12":"pa_brands-crest-it","14":"first","15":"instock","16":"featured","17":"taxable","18":"shipping-taxable","19":"purchasable","20":"product-type-simple"},"_links":{"self":[{"href":"https:\/\/tretinoins.com\/it\/wp-json\/wp\/v2\/product\/10268","targetHints":{"allow":["GET"]}}],"collection":[{"href":"https:\/\/tretinoins.com\/it\/wp-json\/wp\/v2\/product"}],"about":[{"href":"https:\/\/tretinoins.com\/it\/wp-json\/wp\/v2\/types\/product"}],"replies":[{"embeddable":true,"href":"https:\/\/tretinoins.com\/it\/wp-json\/wp\/v2\/comments?post=10268"}],"version-history":[{"count":0,"href":"https:\/\/tretinoins.com\/it\/wp-json\/wp\/v2\/product\/10268\/revisions"}],"wp:featuredmedia":[{"embeddable":true,"href":"https:\/\/tretinoins.com\/it\/wp-json\/wp\/v2\/media\/10274"}],"wp:attachment":[{"href":"https:\/\/tretinoins.com\/it\/wp-json\/wp\/v2\/media?parent=10268"}],"wp:term":[{"taxonomy":"product_cat","embeddable":true,"href":"https:\/\/tretinoins.com\/it\/wp-json\/wp\/v2\/product_cat?post=10268"},{"taxonomy":"product_tag","embeddable":true,"href":"https:\/\/tretinoins.com\/it\/wp-json\/wp\/v2\/product_tag?post=10268"}],"curies":[{"name":"wp","href":"https:\/\/api.w.org\/{rel}","templated":true}]}}