{"id":10250,"date":"2024-01-03T14:05:11","date_gmt":"2024-01-03T12:05:11","guid":{"rendered":"https:\/\/tretinoins.com\/crest-3d-white-stain-eraser-87g-menta-lucidante-dentifricio-sbiancante-esclusivo\/"},"modified":"2024-01-03T14:05:11","modified_gmt":"2024-01-03T12:05:11","slug":"crest-3d-white-stain-eraser-87g-menta-lucidante-dentifricio-sbiancante-esclusivo","status":"publish","type":"product","link":"https:\/\/tretinoins.com\/it\/crest-3d-white-stain-eraser-87g-menta-lucidante-dentifricio-sbiancante-esclusivo\/","title":{"rendered":"Crest 3D White Stain Eraser 87g, Menta lucidante, Dentifricio sbiancante Esclusivo"},"content":{"rendered":"<h1 data-pm-slice=\"0 0 []\" data-en-clipboard=\"true\">Brilla ogni giorno: La magia di Crest 3D White Stain Eraser 87g, Menta lucidante, Dentifricio sbiancante<\/h1>\n<div>Ti \u00e8 mai capitato di guardarti allo specchio dopo il caff\u00e8 mattutino e di accorgerti dell \u201caspetto opaco dei tuoi denti? Caff\u00e8, t\u00e8, vino rosso&#8230; insomma, quelle fastidiose macchie sembrano intenzionate a rimanere pi\u00f9 a lungo di un ospite indesiderato a una festa. Ma non preoccuparti, c\u201d \u00e8 speranza! Con prodotti come <i>Crest 3D White Stain Eraser 87g, Polishing Mint, Whitening Toothpaste<\/i> nel tuo arsenale, ti mancano solo poche spazzolate per recuperare un sorriso splendente.   <\/div>\n<div>Questo non \u00e8 il solito dentifricio, gente. \u00c8 un prodotto che cambia le carte in tavola. Immagina di avere un prodotto che non solo ripristina la naturale brillantezza dei tuoi denti, ma lo fa con una rinfrescante nota di menta, il tutto senza entrare nello studio di un dentista. Sembra una vittoria, vero? Bene, stiamo per scoprire perch\u00e9 questo dentifricio merita un posto in prima fila nel tuo armadietto del bagno. Allacciati le cinture!     <\/div>\n<hr>\n<h2>La lotta quotidiana contro le macchie: Perch\u00e9 sbiancare \u00e8 importante<\/h2>\n<h3>Perch\u00e9 i denti si macchiano?<\/h3>\n<div>Abbiamo capito che la vita \u00e8 migliore con i tuoi cibi e le tue bevande preferite. Tuttavia, tutti questi deliziosi piaceri hanno un lato negativo: le macchie ostinate. Ecco come si presentano le macchie pi\u00f9 comuni che offuscano il tuo sorriso:  <\/div>\n<ul>\n<li>\n<div><b>Bevande scure:<\/b> Caff\u00e8, t\u00e8, vino rosso e bibite gassate sono noti per lasciare macchie gialle o marroni.<\/div>\n<\/li>\n<li>\n<div><b>Fumo e uso di tabacco:<\/b> Ammettiamolo, la nicotina non \u00e8 un bene per i denti: \u00e8 un percorso rapido verso la decolorazione.<\/div>\n<\/li>\n<li>\n<div><b>Scarsa igiene orale:<\/b> Salti lo spazzolino e il filo interdentale? I tuoi denti te lo faranno sapere. <\/div>\n<\/li>\n<li>\n<div><b>Invecchiamento:<\/b> Mi spiace dirtelo, ma con l \u201cavanzare dell\u201d et\u00e0 lo smalto si consuma, rendendo pi\u00f9 facile la comparsa di macchie sui denti.<\/div>\n<\/li>\n<\/ul>\n<div>Anche se queste macchie possono sembrare permanenti, i prodotti giusti (ciao, <i>Crest 3D White Stain Eraser 87g, Polishing Mint, Whitening Toothpaste<\/i>) possono illuminare il tuo sorriso in un attimo. Lo sbiancamento \u00e8 diventato molto pi\u00f9 di un desiderio estetico: si tratta di sentirsi sicuri di s\u00e9 e di mostrare la propria faccia (e i propri denti!) migliore. <\/div>\n<hr>\n<h2>Risorgere e brillare con Crest 3D White Stain Eraser<\/h2>\n<div>Allora, qual \u00e8 il problema del <i>dentifricio sbiancante Crest 3D White Stain Eraser 87g, Polishing Mint<\/i>? Vediamo come funziona. <\/div>\n<h3>Cosa lo rende speciale?<\/h3>\n<ol>\n<li>\n<div><b>Tecnologia antimacchia<\/b> Questo dentifricio \u00e8 come una gomma da cancellare per i tuoi denti, letteralmente. Grazie alla sua formula avanzata, elimina efficacemente le macchie superficiali, rendendo il tuo sorriso pi\u00f9 luminoso e radioso. Non dovrai rinunciare al caff\u00e8 (grazie al cielo). Questo dentifricio potente aiuta a eliminare le tracce della tua abitudine alla caffeina.   <\/div>\n<\/li>\n<li>\n<div><b>Gusto Menta Lucida<\/b> Non avrai solo denti pi\u00f9 bianchi, ma anche un alito pi\u00f9 fresco, grazie al sapore rinvigorente della Menta Lucida. \u00c8 il risveglio perfetto per la tua routine mattutina. <\/div>\n<\/li>\n<li>\n<div><b>Sicuro per l&#8217;uso quotidiano<\/b> A differenza di alcuni trattamenti per lo sbiancamento dei denti che possono rendere la bocca sensibile, Crest 3D White Stain Eraser \u00e8 abbastanza delicato da poter essere usato ogni giorno.<\/div>\n<\/li>\n<\/ol>\n<hr>\n<h3>Come funziona?<\/h3>\n<div>Senza sembrare troppo scientifico, ecco come funziona: questo dentifricio utilizza dei micro-polishers per rimuovere le macchie superficiali lasciando uno strato protettivo per prevenire futuri scolorimenti. Immagina una minuscola squadra di pulizia che ti sfrega i denti a ogni singolo colpo di spazzola: questa s\u00ec che \u00e8 efficienza! <\/div>\n<hr>\n<h2>I vantaggi in bianco e nero (o dovremmo dire in bianco e nero?)<\/h2>\n<div>Non sei ancora convinto? Scopriamo i vantaggi dell&#8217;uso di Crest 3D White Stain Eraser. <\/div>\n<ul>\n<li>\n<div><b>Risultati immediati:<\/b> Molti utenti riferiscono di aver ottenuto uno sbiancamento visibile gi\u00e0 dopo pochi utilizzi. (S\u00ec, davvero!) <\/div>\n<\/li>\n<li>\n<div><b>Denti pi\u00f9 bianchi a ogni spazzolata:<\/b> Non c&#8217;\u00e8 bisogno di aspettare settimane di trattamento: questo dentifricio agisce quotidianamente per rivelare il tuo sorriso migliore.<\/div>\n<\/li>\n<li>\n<div><b>Alito fresco per tutto il giorno:<\/b> l&#8217;aroma di menta lucidante non \u00e8 solo un&#8217;apparenza. D\u00ec addio all&#8217;alito da caff\u00e8 di met\u00e0 pomeriggio! <\/div>\n<\/li>\n<li>\n<div><b>Sbiancamento conveniente:<\/b> Rispetto ai costosi trattamenti sbiancanti del dentista, questo dentifricio fa il suo lavoro senza prosciugare il tuo portafoglio.<\/div>\n<\/li>\n<li>\n<div><b>Accessibile:<\/b> Acquistalo online, nella farmacia locale o nei grandi magazzini. Convenienza, nessuno? <\/div>\n<\/li>\n<\/ul>\n<hr>\n<h2>Come massimizzare il tuo potenziale di sbiancamento<\/h2>\n<div>Il dentifricio sbiancante Crest 3D White Stain Eraser 87g, Polishing Mint \u00e8 una rockstar gi\u00e0 di per s\u00e9, ma abbinarlo a una buona routine di igiene orale lo porta a un livello superiore. Ecco una semplice guida: <\/div>\n<ol>\n<li>\n<div><b>Spazzola due volte al giorno:<\/b> Spazzola almeno due minuti per sessione e non saltare lo spazzolamento prima di andare a letto.<\/div>\n<\/li>\n<li>\n<div><b>Usa il filo interdentale come un boss:<\/b> le macchie possono formarsi tra i denti, quindi usa il filo interdentale una volta al giorno per mantenere puliti gli spazi.<\/div>\n<\/li>\n<li>\n<div><b>Usa un collutorio sbiancante:<\/b> Aggiungi una marcia in pi\u00f9 alla tua routine con un collutorio sbiancante di qualit\u00e0.<\/div>\n<\/li>\n<li>\n<div><b>Limita i cibi che causano le macchie:<\/b> Ami il caff\u00e8 o il vino? Sciacqua la bocca con acqua dopo aver bevuto queste bevande. <\/div>\n<\/li>\n<li>\n<div><b>Segui una routine:<\/b> La costanza \u00e8 fondamentale: non perdere tempo!<\/div>\n<\/li>\n<\/ol>\n<div>Un consiglio da professionista: Usa uno spazzolino con setole morbide per proteggere lo smalto. Abbinalo a Crest 3D White Stain Eraser per una cura ottimale. <\/div>\n<hr>\n<h2>Domande frequenti sul dentifricio sbiancante Crest 3D White Stain Eraser 87g, Menta Lucida, Sbiancante<\/h2>\n<div>Hai delle domande? Abbiamo le risposte! <\/div>\n<h3>1. Crest 3D White Stain Eraser \u00e8 sicuro per i denti sensibili?<\/h3>\n<div>S\u00ec! Questo dentifricio \u00e8 specificamente formulato per essere a prova di smalto, il che significa che non irriter\u00e0 i denti o le gengive troppo sensibili. <\/div>\n<h3>2. Quanto tempo ci vuole per vedere i risultati?<\/h3>\n<div>I risultati possono variare, ma molte persone notano una differenza gi\u00e0 dopo pochi utilizzi. Se non ti stanchi, la luminosit\u00e0 continuer\u00e0 a crescere. <\/div>\n<h3>3. Sostituisce un trattamento sbiancante professionale?<\/h3>\n<div>Sebbene si tratti di un&#8217;ottima soluzione casalinga, chi cerca risultati eclatanti e duraturi potrebbe combinare questo dentifricio con un servizio di sbiancamento professionale.<\/div>\n<h3>4. Pu\u00f2 prevenire nuove macchie?<\/h3>\n<div>Assolutamente! La sua formula avanzata non solo rimuove le macchie superficiali attuali, ma aiuta anche a proteggerne di nuove. <\/div>\n<h3>5. I bambini possono usare questo dentifricio?<\/h3>\n<div>\u00c8 pi\u00f9 adatto ad adulti e bambini di et\u00e0 superiore ai 12 anni &#8211; basta controllare la confezione per avere indicazioni.<\/div>\n<hr>\n<h2>Testimonianze reali: Vedere per credere<\/h2>\n<div>Niente parla pi\u00f9 di risultati reali! Ecco alcune recensioni entusiastiche di utenti soddisfatti: <\/div>\n<ul>\n<li>\n<div><i>\u201cBevo caff\u00e8 tutte le mattine e i miei denti cominciavano a mostrare la loro presenza. Dopo una settimana di utilizzo di Crest 3D White Stain Eraser, non potevo credere alla differenza. I miei denti sembrano molto pi\u00f9 brillanti!\u201d.<\/i> &#8211; Katie M.<\/div>\n<\/li>\n<li>\n<div><i>\u201cIl gusto Menta Lucida \u00e8 fantastico: non \u00e8 troppo forte ma \u00e8 abbastanza fresco da mantenere il mio alito pulito per tutto il giorno\u201d.<\/i> &#8211; James H.<\/div>\n<\/li>\n<li>\n<div><i>&#8220;Ho iniziato a notare l&#8217;opacit\u00e0 del mio sorriso e ho pensato di provarlo. Diciamo che non torner\u00f2 presto al mio vecchio dentifricio!&#8221;.<\/i> &#8211; Sarah L.<\/div>\n<\/li>\n<\/ul>\n<hr>\n<h2>Un sorriso pi\u00f9 luminoso inizia oggi<\/h2>\n<div>Quando si parla di dentifricio sbiancante, <i>Crest 3D White Stain Eraser 87g, Polishing Mint, Whitening Toothpaste<\/i> si distingue davvero dalla massa. \u00c8 una soluzione semplice, efficace e conveniente per tutti coloro che vogliono eliminare le fastidiose macchie e avere un sorriso pi\u00f9 fresco e bianco. Sia che tu sorseggi regolarmente del caff\u00e8 o che tu voglia semplicemente migliorare la tua naturale lucentezza, questo dentifricio potente ti copre le spalle.  <\/div>\n<div>Allora, cosa stai aspettando? \u00c8 arrivato il momento di recuperare la fiducia in te stesso, uno spazzolino alla volta. Aggiungi Crest 3D White Stain Eraser alla tua routine quotidiana e preparati a far brillare il tuo sorriso, perch\u00e9 te lo meriti!  <\/div>\n<hr>\n<div><\/div>\n","protected":false},"excerpt":{"rendered":"<p>Scopri il segreto di un sorriso splendente con il dentifricio sbiancante Crest 3D White Stain Eraser 87g, Polishing Mint. Scopri come questo potente dentifricio affronta le macchie pi\u00f9 resistenti, rinfresca l&#8217;alito e trasforma la tua routine di igiene orale. <\/p>\n","protected":false},"featured_media":10252,"comment_status":"open","ping_status":"closed","template":"","meta":[],"product_cat":[357],"product_tag":[629,467,630],"class_list":{"0":"post-10250","1":"product","2":"type-product","3":"status-publish","4":"has-post-thumbnail","6":"product_cat-dentifricio-crest","7":"product_tag-crest-3d-it","8":"product_tag-crest-3d-white-it","9":"product_tag-crest-3d-white-gomma-antimacchia","10":"pa_brands-crest-it","12":"first","13":"outofstock","14":"featured","15":"taxable","16":"shipping-taxable","17":"purchasable","18":"product-type-simple"},"_links":{"self":[{"href":"https:\/\/tretinoins.com\/it\/wp-json\/wp\/v2\/product\/10250","targetHints":{"allow":["GET"]}}],"collection":[{"href":"https:\/\/tretinoins.com\/it\/wp-json\/wp\/v2\/product"}],"about":[{"href":"https:\/\/tretinoins.com\/it\/wp-json\/wp\/v2\/types\/product"}],"replies":[{"embeddable":true,"href":"https:\/\/tretinoins.com\/it\/wp-json\/wp\/v2\/comments?post=10250"}],"version-history":[{"count":0,"href":"https:\/\/tretinoins.com\/it\/wp-json\/wp\/v2\/product\/10250\/revisions"}],"wp:featuredmedia":[{"embeddable":true,"href":"https:\/\/tretinoins.com\/it\/wp-json\/wp\/v2\/media\/10252"}],"wp:attachment":[{"href":"https:\/\/tretinoins.com\/it\/wp-json\/wp\/v2\/media?parent=10250"}],"wp:term":[{"taxonomy":"product_cat","embeddable":true,"href":"https:\/\/tretinoins.com\/it\/wp-json\/wp\/v2\/product_cat?post=10250"},{"taxonomy":"product_tag","embeddable":true,"href":"https:\/\/tretinoins.com\/it\/wp-json\/wp\/v2\/product_tag?post=10250"}],"curies":[{"name":"wp","href":"https:\/\/api.w.org\/{rel}","templated":true}]}}