{"id":10159,"date":"2023-12-29T17:31:09","date_gmt":"2023-12-29T17:31:09","guid":{"rendered":"https:\/\/tretinoins.com\/crest-cavity-protection-161g-dentifricio-normale-acquista-lo-sbiancamento-dei-denti\/"},"modified":"2023-12-29T17:31:09","modified_gmt":"2023-12-29T15:31:09","slug":"crest-cavity-protection-161g-dentifricio-normale-acquista-lo-sbiancamento-dei-denti","status":"publish","type":"product","link":"https:\/\/tretinoins.com\/it\/crest-cavity-protection-161g-dentifricio-normale-acquista-lo-sbiancamento-dei-denti\/","title":{"rendered":"Crest Cavity Protection 161g, Dentifricio normale, Acquista lo Sbiancamento dei Denti"},"content":{"rendered":"<h1 data-pm-slice=\"0 0 []\" data-en-clipboard=\"true\">Sorriso splendente, denti forti: Perch\u00e9 il dentifricio regolare Crest Cavity Protection 161g \u00e8 una svolta per la salute orale<\/h1>\n<hr>\n<div>C&#8217;\u00e8 qualcosa di magico in un sorriso radioso, non \u00e8 vero? Immagina la sicurezza di entrare in una stanza sapendo che i tuoi denti sono brillanti, forti e sani. Un bel sorriso non \u00e8 solo una questione estetica: \u00e8 anche un segno di buona salute orale. Ecco perch\u00e9 scegliere il dentifricio giusto non \u00e8 una decisione da poco. Quando si tratta di proteggere i tuoi bianchi perlati, combattere la carie e migliorare la luminosit\u00e0 del tuo sorriso, il <b>dentifricio Crest Cavity Protection 161g, Regular<\/b> ha tutte le carte in regola.    <\/div>\n<div>Ma aspetta: non stiamo parlando solo di protezione dalla carie. Con innumerevoli consumatori che cercano di <i>acquistare<\/i> prodotti <i>per lo sbiancamento dei denti<\/i> insieme alle opzioni per la prevenzione della carie, \u00e8 chiaro che siamo tutti alla ricerca dell&#8217;equilibrio perfetto tra salute e aspetto. Allora, \u00e8 questo il dentifricio che stavi cercando? Scopriamo perch\u00e9 questo tubetto di bont\u00e0 alla menta merita un posto sulla mensola del tuo bagno.   <\/div>\n<hr>\n<h2>Perch\u00e9 dovresti interessarti al dentifricio Crest Cavity Protection 161g, Regular?<\/h2>\n<div>Quando ti trovi nella corsia dei dentifrici (di fronte a quelle che sembrano <i>centinaia<\/i> di opzioni), la scelta pu\u00f2 sembrare opprimente. Cosa distingue il <b>dentifricio Crest Cavity Protection 161g, Regular<\/b>? Vediamo di capire meglio:  <\/div>\n<h3><b>1. \u00c8 ricco di energia per combattere la carie<\/b><\/h3>\n<div>Hai mai notato che le carie tendono a insinuarsi di nascosto? Un giorno i tuoi denti sono floridi, il giorno dopo sei sulla sedia del dentista a piangere. La formula di Crest non scherza quando si tratta di combattere la carie.  <\/div>\n<div>Grazie al <b>fluoro<\/b>, il protagonista assoluto della prevenzione della carie, questo dentifricio rafforza lo smalto e rende pi\u00f9 difficile ai batteri di distruggere i tuoi denti. E onestamente, chi ha tempo per le carie quando la vita ci riserva gi\u00e0 delle sorprese? <\/div>\n<ul>\n<li>\n<div>Rafforza lo smalto per proteggerlo dall&#8217;usura quotidiana<\/div>\n<\/li>\n<li>\n<div>Combatte i batteri responsabili della carie<\/div>\n<\/li>\n<li>\n<div>Mantiene i denti protetti anche dopo lo spazzolamento<\/div>\n<\/li>\n<\/ul>\n<h3><b>2. Un alito fresco su cui contare<\/b><\/h3>\n<div>Ammettiamolo: nessuno vuole avere a che fare con l \u201calito cattivo. L\u201d aroma di menta di Crest garantisce una bocca fresca e pulita, in modo che tu possa affrontare la tua giornata con sicurezza (o, sai, sfoggiare un sorriso smagliante alla prossima telefonata con Zoom). <\/div>\n<h3><b>3. \u00c8 conveniente e accessibile<\/b><\/h3>\n<div>Il bello \u00e8 che questo dentifricio offre prestazioni di alto livello, ma non ha un prezzo da capogiro. Con le dimensioni giuste (161 g \u00e8 il punto di forza: n\u00e9 troppo grande, n\u00e9 troppo piccolo), si inserisce perfettamente nella tua routine senza spendere una fortuna. <\/div>\n<hr>\n<h2>Come Crest Cavity Protection si inserisce nella routine dello sbiancamento dei denti<\/h2>\n<div>Bene, affrontiamo l&#8217;elefante nella stanza. Puoi usare il <b>dentifricio Crest Cavity Protection 161g, Regular<\/b> in combinazione con la tua ricerca di denti pi\u00f9 bianchi? Assolutamente s\u00ec! Infatti, questo dentifricio svolge un ruolo fondamentale per mantenere un sorriso forte e bello.   <\/div>\n<div>Ecco come puoi integrare la protezione dalla carie e lo sbiancamento dei denti nella tua routine quotidiana:<\/div>\n<h3><b>1. Inizia con la protezione delle cavit\u00e0<\/b><\/h3>\n<div>Non si pu\u00f2 costruire un bel sorriso su fondamenta poco solide. Iniziare con un dentifricio affidabile, come Crest Cavity Protection, aiuta a garantire che i tuoi denti rimangano sani e senza danni. <\/div>\n<ul>\n<li>\n<div>Spazzola due volte al giorno utilizzando una quantit\u00e0 di Crest della grandezza di un pisello.<\/div>\n<\/li>\n<li>\n<div>Concentrati su tutte le aree dei denti (soprattutto quelle difficili da raggiungere!).<\/div>\n<\/li>\n<li>\n<div>Risciacqua accuratamente e senti la freschezza della menta.<\/div>\n<\/li>\n<\/ul>\n<h3><b>2. Aggiungi al mix un prodotto per sbiancare i denti<\/b><\/h3>\n<div>Una volta che ti sei assicurato che i tuoi denti siano protetti dalla carie, il passo successivo \u00e8 lo sbiancamento. Che si tratti di Crest Whitestrips, gel sbiancanti o trattamenti in studio, questi prodotti funzionano ancora meglio se lo smalto \u00e8 sano e forte (suggerimento: a questo serve il tuo normale dentifricio!). <\/div>\n<h3><b>3. Mantenere le buone abitudini<\/b><\/h3>\n<div>Puoi comprare tutti i prodotti per sbiancare i denti del pianeta, ma senza costanza i risultati non dureranno. Abbina il tuo dentifricio a queste abitudini di cura dentale per mantenere il tuo sorriso splendente: <\/div>\n<ul>\n<li>\n<div>Usa il filo interdentale tutti i giorni (s\u00ec, \u00e8 fastidioso, ma ne vale la pena!).<\/div>\n<\/li>\n<li>\n<div>Evita le bevande macchianti come il caff\u00e8, il vino rosso e la soda<\/div>\n<\/li>\n<li>\n<div>Visita il tuo dentista due volte all&#8217;anno per una pulizia professionale<\/div>\n<\/li>\n<\/ul>\n<hr>\n<h2>Cosa cercare quando si acquistano prodotti per lo sbiancamento dei denti<\/h2>\n<div>Aggiungere un prodotto per lo sbiancamento dei denti alla tua routine pu\u00f2 portare il tuo sorriso a un livello superiore. Ma come scegliere quello giusto? Ecco alcuni aspetti fondamentali da considerare:  <\/div>\n<h3><b>1. Ingredienti Materia<\/b><\/h3>\n<div>Il perossido di idrogeno e il perossido di carbamide sono gli standard di riferimento per lo sbiancamento dei denti. Aiutano ad eliminare le macchie per ottenere un aspetto pi\u00f9 luminoso. <\/div>\n<h3><b>2. Problemi di sensibilit\u00e0<\/b><\/h3>\n<div>Hai denti sensibili? Cerca prodotti sbiancanti studiati per un uso delicato, oppure alterna i giorni in cui usi prodotti ad alta intensit\u00e0 per evitare il disagio. <\/div>\n<h3><b>3. Opzioni a basso costo<\/b><\/h3>\n<div>Non devi svuotare il portafoglio per avere denti pi\u00f9 bianchi. Crest, ad esempio, offre delle soluzioni economiche da applicare a casa che danno risultati evidenti senza costare una fortuna. <\/div>\n<hr>\n<h2>Domande frequenti su Crest Cavity Protection 161g, dentifricio normale e sbiancamento dei denti<\/h2>\n<div><b>D: Posso usare Crest Cavity Protection insieme a un dentifricio sbiancante?<\/b>  R: Certamente! Usa Crest Cavity Protection per la difesa dalla carie al mattino e passa a un dentifricio sbiancante la sera per una routine di pulizia completa. <\/div>\n<div><b>D: Crest Cavity Protection previene anche le macchie?<\/b>  R: Sebbene il suo compito principale sia quello di prevenire la carie, la formula al fluoro di Crest pu\u00f2 aiutare a ridurre la placca, uno dei principali responsabili dello sbiancamento! Abbinalo a un trattamento sbiancante per ottenere i migliori risultati. <\/div>\n<div><b>D: Crest Cavity Protection \u00e8 sicuro per i bambini?<\/b>  R: S\u00ec, ma i bambini al di sotto dei sei anni dovrebbero usare solo una quantit\u00e0 pari a un pisello e spazzolare sotto supervisione per evitare di ingerire. Meglio prevenire che curare! <\/div>\n<div><b>D: Con quale frequenza devo usare i prodotti per lo sbiancamento dei denti?<\/b>  R: Dipende dal prodotto. Gli sbiancanti, ad esempio, possono essere utilizzati quotidianamente per un periodo determinato, mentre i gel ad alta concentrazione potrebbero richiedere un&#8217;applicazione meno frequente. Segui sempre le istruzioni riportate sulla confezione.  <\/div>\n<div><b>D: Dove posso acquistare il dentifricio Crest Cavity Protection 161g, Regular o i prodotti per lo sbiancamento dei denti?<\/b>  R: Puoi trovarli nella maggior parte dei supermercati, delle farmacie e dei rivenditori online come Amazon, dove spesso sono disponibili offerte e pacchetti.<\/div>\n<hr>\n<h2>Perch\u00e9 il tuo sorriso merita il meglio<\/h2>\n<div>Investire in prodotti come il <b>dentifricio Crest Cavity Protection 161g, Regular<\/b> non significa solo tenere lontana la carie. Si tratta di avere a cuore il tuo sorriso e di dargli la cura che merita. Dopo tutto, il tuo sorriso \u00e8 una delle prime cose che le persone notano di te e vale la pena mostrarlo!  <\/div>\n<div>Che tu stia lavorando per prevenire la carie, rinfrescare l \u201calito o cercare di <b>acquistare<\/b> prodotti <b>per lo sbiancamento dei denti<\/b>, la chiave \u00e8 costruire una routine che funzioni per te. Con l\u201d affidabile protezione di Crest, il tuo viaggio verso un sorriso pi\u00f9 sano e luminoso inizia ora. <\/div>\n<hr>\n<div>Quando si parla di igiene orale, non c \u201c\u00e8 niente di meglio di un prodotto che offre risultati eccellenti in ogni settore. <b>Il dentifricio Crest Cavity Protection 161g, Regular<\/b> \u00e8 una risposta semplice ma efficace ai problemi di carie, in quanto offre un\u201d eccellente protezione per lo smalto e una freschezza di lunga durata. Abbinalo a un prodotto sbiancante intelligente e otterrai la ricetta definitiva per un sorriso forte e meraviglioso. <\/div>\n<div>Allora, cosa stai aspettando? Che tu stia facendo rifornimento o che ti stia preparando ad acquistare delle soluzioni per lo sbiancamento dei denti, fai del Crest una pietra miliare della tua routine di salute orale. Il tuo sorriso ti ringrazier\u00e0!  <\/div>\n<div><\/div>\n","protected":false},"excerpt":{"rendered":"<p>Scopri come il dentifricio Crest Cavity Protection 161g, Regular, tiene a bada la carie per un sorriso pi\u00f9 sano, esplorando anche le opzioni di acquisto di prodotti per lo sbiancamento dei denti per una routine di cura orale completa!<\/p>\n","protected":false},"featured_media":10160,"comment_status":"open","ping_status":"closed","template":"","meta":[],"product_cat":[357],"product_tag":[449,450,448,451],"class_list":{"0":"post-10159","1":"product","2":"type-product","3":"status-publish","4":"has-post-thumbnail","6":"product_cat-dentifricio-crest","7":"product_tag-crest-cavity-protection-161g-it","8":"product_tag-dentifricio-normale","9":"product_tag-protezione-della-cavita-crest","10":"product_tag-sbiancamento-dei-denti","11":"pa_brands-crest-it","13":"first","14":"instock","15":"taxable","16":"shipping-taxable","17":"purchasable","18":"product-type-simple"},"_links":{"self":[{"href":"https:\/\/tretinoins.com\/it\/wp-json\/wp\/v2\/product\/10159","targetHints":{"allow":["GET"]}}],"collection":[{"href":"https:\/\/tretinoins.com\/it\/wp-json\/wp\/v2\/product"}],"about":[{"href":"https:\/\/tretinoins.com\/it\/wp-json\/wp\/v2\/types\/product"}],"replies":[{"embeddable":true,"href":"https:\/\/tretinoins.com\/it\/wp-json\/wp\/v2\/comments?post=10159"}],"version-history":[{"count":0,"href":"https:\/\/tretinoins.com\/it\/wp-json\/wp\/v2\/product\/10159\/revisions"}],"wp:featuredmedia":[{"embeddable":true,"href":"https:\/\/tretinoins.com\/it\/wp-json\/wp\/v2\/media\/10160"}],"wp:attachment":[{"href":"https:\/\/tretinoins.com\/it\/wp-json\/wp\/v2\/media?parent=10159"}],"wp:term":[{"taxonomy":"product_cat","embeddable":true,"href":"https:\/\/tretinoins.com\/it\/wp-json\/wp\/v2\/product_cat?post=10159"},{"taxonomy":"product_tag","embeddable":true,"href":"https:\/\/tretinoins.com\/it\/wp-json\/wp\/v2\/product_tag?post=10159"}],"curies":[{"name":"wp","href":"https:\/\/api.w.org\/{rel}","templated":true}]}}