{"id":10101,"date":"2023-12-29T00:07:43","date_gmt":"2023-12-28T22:07:43","guid":{"rendered":"https:\/\/tretinoins.com\/informativa-sulla-privacy-e-gdpr\/"},"modified":"2025-06-16T19:52:13","modified_gmt":"2025-06-16T17:52:13","slug":"informativa-sulla-privacy-e-gdpr","status":"publish","type":"page","link":"https:\/\/tretinoins.com\/it\/informativa-sulla-privacy-e-gdpr\/","title":{"rendered":"Informativa sulla privacy e GDPR"},"content":{"rendered":"\t\t<div data-elementor-type=\"wp-page\" data-elementor-id=\"10101\" class=\"elementor elementor-10101 elementor-3249\">\n\t\t\t\t<div class=\"elementor-element elementor-element-61009a6 e-flex e-con-boxed e-con e-parent\" data-id=\"61009a6\" data-element_type=\"container\">\n\t\t\t\t\t<div class=\"e-con-inner\">\n\t\t\t\t<div class=\"elementor-element elementor-element-5337798 elementor-widget elementor-widget-text-editor\" data-id=\"5337798\" data-element_type=\"widget\" data-widget_type=\"text-editor.default\">\n\t\t\t\t<div class=\"elementor-widget-container\">\n\t\t\t\t\t\t\t\t\t<p><strong>Informativa sulla privacy, GDPR<\/strong><\/p>\n<p>L&#8217;entit\u00e0 www.tretinoins.com, consapevole dell&#8217;importanza dei tuoi dati, si impegna a proteggere la tua privacy e la tua sicurezza. Pertanto, \u00e8 fondamentale per noi fornire informazioni relative al trattamento dei tuoi dati personali in modo integrato e pratico, rivolgendoci a te in quanto soggetto interessato (utenti del sito web tretinoins.com, clienti, potenziali clienti, consumatori, potenziali consumatori, dipendenti, ex dipendenti) nell&#8217;ambito della Politica di trattamento dei dati personali, applicabile per le finalit\u00e0 elencate di seguito. <\/p>\n<p>Questa politica si applica a tutti i dispositivi utilizzati per accedere a tretinoins.com, compresi smartphone e tablet. Se non sei d \u201caccordo con i termini e le condizioni associate al loro utilizzo (come presentato in questo documento relativo alla protezione dei dati personali, nonch\u00e9 nei documenti relativi alle Condizioni Generali e all\u201d Informativa sulla Privacy per quanto riguarda le informazioni riservate, il copyright, etc.), ti preghiamo di evitare di utilizzare il sito tretinoins.com. <\/p>\n<p>In conformit\u00e0 al Regolamento Generale sulla Protezione dei Dati dell &#8220;Unione Europea n. 679\/2016, noto come \u2018Regolamento\u2019, che mira a tutelare le persone fisiche con riguardo al trattamento dei dati personali e alla libera circolazione di tali dati, tretinoins.com gestisce i dati personali che ci fornisci in modo sicuro ed esclusivamente per le finalit\u00e0 specificate durante la tua visita al sito e l&#8221; acquisto dei prodotti venduti online.<\/p>\n<p>Selezionando l&#8217;opzione di accettazione delle Condizioni Generali e della Politica di Trattamento dei Dati Personali o, se del caso, continuando a utilizzare il nostro sito e i nostri servizi dopo aver letto la presente politica, confermi il tuo consenso alla presente Politica di Trattamento dei Dati Personali.<\/p>\n<p><strong>Finalit\u00e0 della raccolta e del trattamento dei tuoi dati personali<\/strong><\/p>\n<p>tretinoins.com raccoglie e tratta i tuoi dati personali per le seguenti finalit\u00e0:<\/p>\n<ul>\n<li>Amministrazione, miglioramento e fornitura di servizi e prodotti offerti sul sito web www.tretinoins.com<\/li>\n<li>Condurre le attivit\u00e0 commerciali relative alla vendita di prodotti, compresa la realizzazione, l \u201camministrazione e lo sviluppo di tali vendite, nonch\u00e9 l\u201d esecuzione di statistiche.<\/li>\n<li>Attivit\u00e0 di pubblicit\u00e0, marketing e divulgazione, tra cui la promozione dei prodotti presenti sul sito web tretinoins.com, la conduzione di campagne promozionali, l&#8217;invio di newsletter, il monitoraggio e la verifica delle vendite e del comportamento dei consumatori.<\/li>\n<li>Attivit\u00e0 post-vendita, tra cui la fornitura di servizi di relazione con i clienti, l&#8217;informazione agli utenti e ai clienti sulla valutazione dei prodotti offerti (compresa la valutazione dei prodotti sul sito tretinoins.com), domande, situazioni relative a restituzioni o sostituzioni di prodotti.<\/li>\n<li>Finalit\u00e0 di prova relative alle attivit\u00e0 di cui sopra e finalit\u00e0 di archiviazione.<\/li>\n<\/ul>\n<p>Per raggiungere gli scopi sopra indicati, tretinoins.com raccoglie ed elabora le seguenti categorie di dati personali:<\/p>\n<p><strong>Per quanto riguarda l&#8217;amministrazione, il miglioramento e la fornitura di servizi e prodotti sul sito tretinoins.com:<\/strong><\/p>\n<ul>\n<li>Nome, cognome, indirizzo (casa\/residenza), indirizzo e-mail.<\/li>\n<li>Informazioni tecniche sul dispositivo del visitatore, come la posizione, l&#8217;indirizzo IP, il tipo di attrezzatura hardware.<\/li>\n<li>Dettagli relativi all&#8217;intervallo di tempo e alla data di utilizzo del sito web tretinoins.com.<\/li>\n<li>Altre informazioni ottenute tramite i cookie. Per ulteriori informazioni sui cookie, consulta l&#8217;Informativa sui cookie sul sito web. <\/li>\n<\/ul>\n<p><strong>Per quanto riguarda lo svolgimento di attivit\u00e0 commerciali legate alla vendita di prodotti su www.tretinoins.com ricerche di mercato e statistiche:<\/strong><\/p>\n<ul>\n<li>Nome, cognome, indirizzo (casa\/residenza), numero di telefono, indirizzo e-mail.<\/li>\n<li>Indirizzi di consegna.<\/li>\n<\/ul>\n<p><strong>Per quanto riguarda la pubblicit\u00e0, il marketing e la divulgazione, compresa la promozione dei prodotti presenti sul sito web tretinoins.com, la conduzione di campagne promozionali, l&#8217;invio di newsletter, il monitoraggio e la verifica delle vendite e del comportamento dei consumatori:<\/strong><\/p>\n<ul>\n<li>Nome e cognome, numero di telefono\/fax, indirizzo e-mail, indirizzo (casa\/residenza).<\/li>\n<li>Preferenze\/abitudini\/comportamenti.<\/li>\n<\/ul>\n<p><strong>Per quanto riguarda le attivit\u00e0 post-vendita, compresi i servizi di relazione con i clienti, l&#8217;informazione agli utenti\/clienti sulla valutazione dei prodotti trovati su<\/strong> tretinoins.com, le<strong> domande relative alla restituzione o alla sostituzione dei prodotti:<\/strong><\/p>\n<ul>\n<li>Nome e cognome, numero di telefono\/fax, indirizzo e-mail, indirizzo (casa\/residenza).<\/li>\n<li>Voce, preferenze\/abitudini\/comportamenti.<\/li>\n<li>Altri dati derivanti dalle valutazioni dei prodotti da parte dei clienti.<\/li>\n<\/ul>\n<p><strong>A scopo di prova e di archiviazione:<\/strong><\/p>\n<ul>\n<li>Conservare i suddetti dati personali per mantenere i registri relativi alle attivit\u00e0 svolte.<\/li>\n<li>Tutela dei diritti in tribunale ed esercizio di altri diritti in base alla legge e ai contratti stipulati.<\/li>\n<li>Adempiere agli eventuali requisiti di archiviazione secondo le disposizioni di legge.<\/li>\n<\/ul>\n<p>I dati personali che beneficiano di una protezione speciale, come il numero di identificazione personale, la serie e il numero del documento di identit\u00e0, non saranno raccolti.<\/p>\n<p>Per raggiungere uno o pi\u00f9 degli scopi sopra menzionati, tretinoins.com pu\u00f2 divulgare i tuoi dati personali alle seguenti categorie di destinatari:<\/p>\n<ul>\n<li>Partner contrattuali di tretinoins.com: Comprende le aziende con cui tretinoins.com collabora. La divulgazione avviene sulla base di un accordo di riservatezza che garantisce la protezione dei dati e il rispetto della legislazione vigente. <\/li>\n<li>Fornitori di servizi: Sono comprese le entit\u00e0 che forniscono servizi di marketing, servizi bancari, servizi di corriere o altri servizi, nonch\u00e9 le entit\u00e0 che assistono tretinoins.com nell&#8217;elaborazione dei dati in qualit\u00e0 di elaboratori.<\/li>\n<li>Autorit\u00e0 pubbliche: Si tratta di istituzioni come la Procura, la Polizia, i tribunali e altre autorit\u00e0 statali, in conformit\u00e0 alle disposizioni di legge o in risposta a richieste espressamente formulate.<\/li>\n<li>Altre societ\u00e0 dello stesso gruppo di tretinoins.com: La divulgazione pu\u00f2 avvenire in conformit\u00e0 alla legislazione vigente e nel contesto dell \u201cesercizio del tuo diritto di accesso ai sensi dell\u201d articolo 15 del Regolamento.<\/li>\n<li>Tu come soggetto interessato: Si riferisce a te come soggetto interessato nel contesto dell \u201cesercizio del tuo diritto di accesso ai sensi dell\u201d articolo 15 del Regolamento.<\/li>\n<\/ul>\n<p>\u00c8 importante notare che i dati registrati da tretinoins.com non vengono venduti a terzi e vengono utilizzati esclusivamente per migliorare i servizi offerti da tretinoins.com.<\/p>\n<p>Leggendo questa informativa, ti assicuri di essere a conoscenza dei diritti garantiti dal Regolamento, quali:<\/p>\n<ul>\n<li>Informazioni sul trattamento dei dati personali: Articoli 13 e 14 del Regolamento.<\/li>\n<li>Accesso ai dati personali: Articolo 15 del Regolamento.<\/li>\n<li>Rettifica dei dati personali: Articolo 16 del Regolamento.<\/li>\n<li>Cancellazione (&#8220;diritto all&#8217;oblio&#8221;) dei dati personali: Articolo 17 del Regolamento.<\/li>\n<li>Ottenere la limitazione del trattamento: Articolo 18 del Regolamento.<\/li>\n<li>Portabilit\u00e0 dei dati: Articolo 20 del Regolamento.<\/li>\n<li>Opporsi al trattamento dei dati personali: Articolo 21 del Regolamento, anche per finalit\u00e0 di marketing diretto.<\/li>\n<li>Non essere soggetto a una decisione individuale automatizzata: Articolo 22 del Regolamento.<\/li>\n<li>Presentazione di un reclamo all&#8217;Autorit\u00e0 di Vigilanza ANSPDCP: articolo 77 del Regolamento.<\/li>\n<li>Rivolgersi al tribunale in caso di violazione della legislazione: Articoli 78-79 del Regolamento.<\/li>\n<\/ul>\n<p>Per esercitare tali diritti, puoi inviare un&#8217;e-mail a tretinoins.com accedendo al modulo di contatto disponibile all&#8217;indirizzo www.tretinoins.com\/contact Puoi inoltre opporti in qualsiasi momento e senza fornire motivazioni al trattamento dei tuoi dati personali per finalit\u00e0 di marketing diretto presentando una richiesta a tretinoins.com accedendo al modulo di contatto all&#8217;indirizzo www.tretinoins.com\/contact o inviando una richiesta scritta, datata e firmata a contact@tretinoins.com. Riceverai una conferma della registrazione della tua opzione, insieme ad altre informazioni pertinenti. <\/p>\n<p><strong>Disposizioni speciali relative ai minori<\/strong><\/p>\n<p>Nelle sue attivit\u00e0 di trattamento dei dati, tretinoins.com non si propone di trattare dati personali di minori. Particolare attenzione viene prestata per garantire che qualsiasi trattamento di dati personali di minori sia conforme ai requisiti del Regolamento, ai sensi dell&#8217;articolo 8, e venga effettuato solo in casi strettamente determinati. <\/p>\n<p>Tretinoins.com non svolge attivit\u00e0 promozionali di marketing diretto ai minori.<\/p>\n<p>I minori di 14 anni non possono richiedere servizi o interagire in alcun modo sul sito tretinoins.com, n\u00e9 partecipare a concorsi o campagne organizzate da tretinoins.com, a meno che ci\u00f2 non venga fatto per conto del minore dal rappresentante legale o dal tutore del minore, in conformit\u00e0 alla legge.<\/p>\n<p>I minori che hanno compiuto 14 anni possono acquistare prodotti, richiedere e ricevere comunicazioni da tretinoins.com solo con il consenso del rappresentante legale o del tutore, secondo quanto previsto dalla legge.<\/p>\n<p>Chiunque fornisca dati personali attraverso il sito o altre applicazioni o dispositivi coperti da questa politica conferma di essere un adulto o di avere piena capacit\u00e0 di esercizio.<\/p>\n<p>Qualsiasi raccolta o trattamento di dati personali di minori sar\u00e0 effettuato solo in conformit\u00e0 alla legge e tenendo conto delle disposizioni di cui sopra.<\/p>\n<p><strong>Durata del trattamento dei dati<\/strong><\/p>\n<p>La durata del trattamento dei tuoi dati sar\u00e0 generalmente determinata dal momento in cui eserciterai il tuo diritto di opposizione, ai sensi dell \u201carticolo 21, paragrafo 2 del Regolamento Europeo n. 679\/2016. Esiste un\u201d eccezione per i dati forniti nell \u201cambito del servizio di call center, per i quali la durata del trattamento \u00e8 generalmente di 3 anni o fino all\u201d esercizio del diritto di opposizione. Inoltre, tretinoins.com pu\u00f2 conservare i dati personali per un periodo pi\u00f9 lungo a fini probatori e di archiviazione.  <\/p>\n\t\t\t\t\t\t\t\t<\/div>\n\t\t\t\t<\/div>\n\t\t\t\t\t<\/div>\n\t\t\t\t<\/div>\n\t\t\t\t<\/div>\n\t\t","protected":false},"excerpt":{"rendered":"<p>Informativa sulla privacy, GDPR L&#8217;entit\u00e0 www.tretinoins.com, consapevole dell&#8217;importanza dei tuoi dati, si impegna a proteggere la tua privacy e la tua sicurezza.&hellip;<\/p>\n","protected":false},"author":1,"featured_media":0,"parent":0,"menu_order":0,"comment_status":"closed","ping_status":"closed","template":"","meta":{"footnotes":""},"class_list":["post-10101","page","type-page","status-publish","hentry"],"_links":{"self":[{"href":"https:\/\/tretinoins.com\/it\/wp-json\/wp\/v2\/pages\/10101","targetHints":{"allow":["GET"]}}],"collection":[{"href":"https:\/\/tretinoins.com\/it\/wp-json\/wp\/v2\/pages"}],"about":[{"href":"https:\/\/tretinoins.com\/it\/wp-json\/wp\/v2\/types\/page"}],"author":[{"embeddable":true,"href":"https:\/\/tretinoins.com\/it\/wp-json\/wp\/v2\/users\/1"}],"replies":[{"embeddable":true,"href":"https:\/\/tretinoins.com\/it\/wp-json\/wp\/v2\/comments?post=10101"}],"version-history":[{"count":1,"href":"https:\/\/tretinoins.com\/it\/wp-json\/wp\/v2\/pages\/10101\/revisions"}],"predecessor-version":[{"id":10102,"href":"https:\/\/tretinoins.com\/it\/wp-json\/wp\/v2\/pages\/10101\/revisions\/10102"}],"wp:attachment":[{"href":"https:\/\/tretinoins.com\/it\/wp-json\/wp\/v2\/media?parent=10101"}],"curies":[{"name":"wp","href":"https:\/\/api.w.org\/{rel}","templated":true}]}}