{"id":10069,"date":"2024-06-19T16:54:56","date_gmt":"2024-06-19T14:54:56","guid":{"rendered":"https:\/\/tretinoins.com\/metodi-di-pagamento\/"},"modified":"2025-06-16T19:52:03","modified_gmt":"2025-06-16T17:52:03","slug":"metodi-di-pagamento","status":"publish","type":"page","link":"https:\/\/tretinoins.com\/it\/metodi-di-pagamento\/","title":{"rendered":"Metodi di pagamento"},"content":{"rendered":"\t\t<div data-elementor-type=\"wp-page\" data-elementor-id=\"10069\" class=\"elementor elementor-10069 elementor-4096\">\n\t\t\t\t<div class=\"elementor-element elementor-element-0457deb e-flex e-con-boxed e-con e-parent\" data-id=\"0457deb\" data-element_type=\"container\">\n\t\t\t\t\t<div class=\"e-con-inner\">\n\t\t\t\t<div class=\"elementor-element elementor-element-00304eb elementor-widget elementor-widget-text-editor\" data-id=\"00304eb\" data-element_type=\"widget\" data-widget_type=\"text-editor.default\">\n\t\t\t\t<div class=\"elementor-widget-container\">\n\t\t\t\t\t\t\t\t\t<p>Sul nostro sito web, i nostri clienti hanno a disposizione due opzioni di pagamento per i loro ordini:<\/p>\n<ol>\n<li><strong>Contrassegno<\/strong>: Con questa opzione, nei paesi disponibili puoi pagare il corriere in contanti al momento dell&#8217;arrivo del pacco presso la tua sede, senza dover pagare in anticipo. Questo metodo di pagamento \u00e8 disponibile solo nei seguenti paesi, ma stiamo lavorando per aggiungerlo ad altri paesi in futuro: <\/li>\n<\/ol>\n<ul>\n<li>Bulgaria<\/li>\n<li>Ungheria<\/li>\n<li>Romania<\/li>\n<\/ul>\n<p>2. <strong> Pagamento con carta<\/strong>: Con questo metodo puoi pagare l&#8217;ordine in anticipo con una carta di debito e la transazione verr\u00e0 elaborata attraverso Viva Payments, una piattaforma di pagamento online con carta. Viva Payments non ti addebiter\u00e0 alcuna spesa aggiuntiva, quindi il prezzo che pagherai sar\u00e0 esattamente quello visualizzato alla cassa. <\/p>\n\t\t\t\t\t\t\t\t<\/div>\n\t\t\t\t<\/div>\n\t\t\t\t\t<\/div>\n\t\t\t\t<\/div>\n\t\t\t\t<\/div>\n\t\t","protected":false},"excerpt":{"rendered":"<p>Sul nostro sito web, i nostri clienti hanno a disposizione due opzioni di pagamento per i loro ordini: Contrassegno: Con questa opzione,&hellip;<\/p>\n","protected":false},"author":1,"featured_media":0,"parent":0,"menu_order":0,"comment_status":"closed","ping_status":"closed","template":"","meta":{"footnotes":""},"class_list":["post-10069","page","type-page","status-publish","hentry"],"_links":{"self":[{"href":"https:\/\/tretinoins.com\/it\/wp-json\/wp\/v2\/pages\/10069","targetHints":{"allow":["GET"]}}],"collection":[{"href":"https:\/\/tretinoins.com\/it\/wp-json\/wp\/v2\/pages"}],"about":[{"href":"https:\/\/tretinoins.com\/it\/wp-json\/wp\/v2\/types\/page"}],"author":[{"embeddable":true,"href":"https:\/\/tretinoins.com\/it\/wp-json\/wp\/v2\/users\/1"}],"replies":[{"embeddable":true,"href":"https:\/\/tretinoins.com\/it\/wp-json\/wp\/v2\/comments?post=10069"}],"version-history":[{"count":1,"href":"https:\/\/tretinoins.com\/it\/wp-json\/wp\/v2\/pages\/10069\/revisions"}],"predecessor-version":[{"id":10070,"href":"https:\/\/tretinoins.com\/it\/wp-json\/wp\/v2\/pages\/10069\/revisions\/10070"}],"wp:attachment":[{"href":"https:\/\/tretinoins.com\/it\/wp-json\/wp\/v2\/media?parent=10069"}],"curies":[{"name":"wp","href":"https:\/\/api.w.org\/{rel}","templated":true}]}}