{"id":10066,"date":"2023-12-29T17:26:52","date_gmt":"2023-12-29T15:26:52","guid":{"rendered":"https:\/\/tretinoins.com\/politica-di-spedizione\/"},"modified":"2025-06-16T19:52:00","modified_gmt":"2025-06-16T17:52:00","slug":"politica-di-spedizione","status":"publish","type":"page","link":"https:\/\/tretinoins.com\/it\/politica-di-spedizione\/","title":{"rendered":"Politica di spedizione"},"content":{"rendered":"\t\t<div data-elementor-type=\"wp-page\" data-elementor-id=\"10066\" class=\"elementor elementor-10066 elementor-3383\">\n\t\t\t\t<div class=\"elementor-element elementor-element-1e0ca50 e-flex e-con-boxed e-con e-parent\" data-id=\"1e0ca50\" data-element_type=\"container\">\n\t\t\t\t\t<div class=\"e-con-inner\">\n\t\t\t\t<div class=\"elementor-element elementor-element-2f15d3b elementor-widget elementor-widget-text-editor\" data-id=\"2f15d3b\" data-element_type=\"widget\" data-widget_type=\"text-editor.default\">\n\t\t\t\t<div class=\"elementor-widget-container\">\n\t\t\t\t\t\t\t\t\t<p><strong>Politica di spedizione<\/strong><\/p>\n<p>Lo scopo della politica di spedizione \u00e8 quello di farti conoscere la politica di spedizione e le relative procedure. Effettuando un ordine in questo negozio, accetti la politica di spedizione e le sue regole. Tutti i prodotti vengono consegnati e venduti dal nostro magazzino.  <\/p>\n<p><strong>Costi di spedizione<\/strong><\/p>\n<p><strong>Romania<\/strong><\/p>\n<p>Il costo della spedizione a domicilio tramite Sameday (Sameday &#8211; Door Delivery) \u00e8 di 3 euro in tutta la Romania, senza costi aggiuntivi.<\/p>\n<p>Il costo della spedizione tramite Sameday Easybox (Sameday &#8211; EasyBox) \u00e8 di 2,5 euro in tutta la Romania, senza costi aggiuntivi.<\/p>\n<p><strong>Bulgaria, Ungheria<\/strong><\/p>\n<p>Il costo della spedizione a domicilio tramite Sameday (Sameday Crossborder &#8211; Door Delivery) \u00e8 di 4 euro in tutta la Bulgaria o l&#8217;Ungheria, senza costi aggiuntivi.<\/p>\n<p>Il costo di spedizione tramite Sameday Easybox (Sameday Crossborder &#8211; Locker EasyBox) \u00e8 di 3,5 EUR in tutta la Bulgaria o l&#8217;Ungheria, senza costi aggiuntivi.<\/p>\n<p><strong>Altri paesi europei:<\/strong><\/p>\n<p>A seconda della tua posizione geografica, il tuo ordine arriver\u00e0 in 2-6 giorni nei seguenti paesi europei:<\/p>\n<ul>\n<li><strong>Austria<\/strong> &#8211; 10\u20ac (corriere DPD)<\/li>\n<li><strong>Belgio<\/strong> &#8211; 17\u20ac (Post HD)<\/li>\n<li><strong>Croazia<\/strong> &#8211; 14,99\u20ac (POST HD)<\/li>\n<li><strong>Repubblica Ceca<\/strong> &#8211; 7\u20ac (Packeta Home HD)<\/li>\n<li><strong>Danimarca<\/strong> &#8211; 18\u20ac (Post Nord)<\/li>\n<li><strong>Estonia<\/strong> &#8211; 13\u20ac (Omniva)<\/li>\n<li><b>Finlandia <\/b>&#8211; 31\u20ac (Post Nord)<\/li>\n<li><b>Francia <\/b>&#8211; 14\u20ac (Colis Priv\u00e9 HD)<\/li>\n<li><strong>Germania<\/strong> &#8211; 10\u20ac (Hermes HD)<\/li>\n<li><strong>Grecia<\/strong> &#8211; 7\u20ac (ELTA HD)<\/li>\n<li><strong>Irlanda<\/strong> &#8211; 15\u20ac (Fastway HD)<\/li>\n<li><strong>Italia<\/strong> &#8211; 10\u20ac (Bartolini HD)<\/li>\n<li><strong>Lettonia<\/strong> &#8211; 12\u20ac (Omniva HD)<\/li>\n<li><strong>Lituania<\/strong> &#8211; 12\u20ac (Omniva HD)<\/li>\n<li><b>Paesi Bassi <\/b>&#8211; 14,50\u20ac (DHL)<\/li>\n<li><strong>Polonia<\/strong> &#8211; 5\u20ac (Consegna a domicilio HD)<\/li>\n<li><strong>Portogallo<\/strong> &#8211; 11\u20ac (MRW HD)<\/li>\n<li><strong>Slovacchia<\/strong> &#8211; 7\u20ac (Packeta Home HD)<\/li>\n<li><strong>Slovenia<\/strong> &#8211; 8\u20ac (Posta slovena HD)<\/li>\n<li><strong>Spagna<\/strong> &#8211; 11\u20ac (MRW HD)<\/li>\n<li><b>Svezia <\/b>&#8211; 21\u20ac (Post Nord)<\/li>\n<li><b>Svizzera <\/b>&#8211; 18\u20ac (Posta Prioritaria)<\/li>\n<\/ul>\n<p>Puoi usufruire della spedizione gratuita per ordini superiori a 75 euro.<\/p>\n<p><strong>Tempi di spedizione e durata del transito<\/strong><\/p>\n<p>Gli ordini vengono solitamente elaborati entro 1-2 giorni lavorativi (dal luned\u00ec al venerd\u00ec) prima di essere consegnati al corriere.<\/p>\n<p>I pacchi sono in genere in transito con il corriere per 2-4 giorni lavorativi (dal luned\u00ec al venerd\u00ec).<\/p>\n<p>Le consegne vengono effettuate dal luned\u00ec al venerd\u00ec e l&#8217;ultima spedizione avverr\u00e0 alle 15:00 (ora della Romania).<\/p>\n<p><strong>I corrieri che utilizziamo<\/strong><\/p>\n<p>Sameday Courier, DPD, Post HD, Post Nord, Omniva, Colis Prive HD, Hermes, Elta HD, Fastway HD, Bartolini HD, DHL, Home Delivery HD, MRW HD, Slovenian Post HD, Swiss Post Priority e Packeta.<\/p>\n<p><strong>Consegna e tracciamento del pacco<\/strong><\/p>\n<p>Non appena il tuo ordine viene ritirato dal corriere, riceverai un&#8217;e-mail di conferma della consegna del tuo ordine. Queste e-mail includeranno il numero di tracciamento del pacco e il sito web del corriere, oltre a una stima approssimativa della data di consegna. <\/p>\n<p><strong>Cambiare la destinazione di consegna<\/strong><\/p>\n<p>Una volta che il pacco \u00e8 in transito, non possiamo modificare l \u201cindirizzo di consegna. Se desideri modificare l\u201d indirizzo di consegna del tuo ordine, contattaci entro 24 ore dall \u201cordine all\u201d indirizzo e-mail contact@tretinoins.com. <\/p>\n<p><strong>Annullamento di un ordine effettuato<\/strong><\/p>\n<p>Se decidi di cambiare idea prima di ricevere l&#8217;ordine, ti offriamo la possibilit\u00e0 di cancellarlo in qualsiasi momento prima che venga consegnato al corriere. Consulta anche la nostra politica di restituzione. <\/p>\n<p><strong>Pacchetti danneggiati durante il trasporto<\/strong><\/p>\n<p>Se il pacco viene danneggiato durante il trasporto, ti preghiamo, se possibile, di rifiutare il pacco di fronte al corriere e di contattarci utilizzando i dettagli nella sezione contatti. Se il pacco \u00e8 stato consegnato senza la tua presenza, ti preghiamo di contattarci seguendo i passaggi indicati di seguito: <\/p>\n<p>Se hai altre domande sulla nostra politica di spedizione, puoi contattarci utilizzando i dettagli qui sotto:<\/p>\n<p>Telefono: +40 750418333<\/p>\n<p>Email: contact@tretinoins.com<\/p>\n<p>Indirizzo: Aleea Cetatuia 4, bl. M22, sc. 4, ap. 222, Bucarest, 060834, Romania   <\/p>\n\t\t\t\t\t\t\t\t<\/div>\n\t\t\t\t<\/div>\n\t\t\t\t\t<\/div>\n\t\t\t\t<\/div>\n\t\t\t\t<\/div>\n\t\t","protected":false},"excerpt":{"rendered":"<p>Politica di spedizione Lo scopo della politica di spedizione \u00e8 quello di farti conoscere la politica di spedizione e le relative procedure.&hellip;<\/p>\n","protected":false},"author":1,"featured_media":0,"parent":0,"menu_order":0,"comment_status":"closed","ping_status":"closed","template":"","meta":{"footnotes":""},"class_list":["post-10066","page","type-page","status-publish","hentry"],"_links":{"self":[{"href":"https:\/\/tretinoins.com\/it\/wp-json\/wp\/v2\/pages\/10066","targetHints":{"allow":["GET"]}}],"collection":[{"href":"https:\/\/tretinoins.com\/it\/wp-json\/wp\/v2\/pages"}],"about":[{"href":"https:\/\/tretinoins.com\/it\/wp-json\/wp\/v2\/types\/page"}],"author":[{"embeddable":true,"href":"https:\/\/tretinoins.com\/it\/wp-json\/wp\/v2\/users\/1"}],"replies":[{"embeddable":true,"href":"https:\/\/tretinoins.com\/it\/wp-json\/wp\/v2\/comments?post=10066"}],"version-history":[{"count":1,"href":"https:\/\/tretinoins.com\/it\/wp-json\/wp\/v2\/pages\/10066\/revisions"}],"predecessor-version":[{"id":10068,"href":"https:\/\/tretinoins.com\/it\/wp-json\/wp\/v2\/pages\/10066\/revisions\/10068"}],"wp:attachment":[{"href":"https:\/\/tretinoins.com\/it\/wp-json\/wp\/v2\/media?parent=10066"}],"curies":[{"name":"wp","href":"https:\/\/api.w.org\/{rel}","templated":true}]}}