{"id":5089,"date":"2024-01-03T13:59:51","date_gmt":"2024-01-03T13:59:51","guid":{"rendered":"https:\/\/tretinoins.com\/tretinoin-krem-0025-30g-tretin-hh\/"},"modified":"2026-04-11T08:49:00","modified_gmt":"2026-04-11T06:49:00","slug":"tretinoin-krem-0025-30g-tretin-hh","status":"publish","type":"product","link":"https:\/\/tretinoins.com\/hu\/tretinoin-krem-0025-30g-tretin-hh\/","title":{"rendered":"Tretinoin kr\u00e9m 0.025%, 30g, Tretin, H&amp;H, Akne, r\u00e1nctalan\u00edt\u00f3, r\u00e1nctalan\u00edt\u00f3"},"content":{"rendered":"<h1 data-pm-slice=\"0 0 []\" data-en-clipboard=\"true\">A Tretinoin kr\u00e9m 0,025%, 30g: Megfizethet\u0151 Tretin a ragyog\u00f3 b\u0151r\u00e9rt H&amp;H-val<\/h1>\n<hr>\n<h2><b>Bevezet\u00e9s: Mi\u00e9rt \u00e9ri meg a Tretinoin kr\u00e9m a hype-ot?<\/b><\/h2>\n<div>Hallott\u00e1l m\u00e1r olyan csodakr\u00e9mr\u0151l, amely k\u00e9pes \u00e1talak\u00edtani a b\u0151r\u00f6det, el\u0171zni a pattan\u00e1sokat \u00e9s kezelni az \u00f6reged\u00e9s els\u0151 bosszant\u00f3 jeleit? A Tretinoin kr\u00e9m 0,025%, 30g el\u00e9g nagy h\u00edrn\u00e9vre tett szert a b\u0151r\u00e1pol\u00e1s vil\u00e1g\u00e1ban, \u00e9s nem v\u00e9letlen\u00fcl! Ak\u00e1r makacs ki\u00fct\u00e9sekkel k\u00fczdesz, ak\u00e1r azt veszed \u00e9szre, hogy a nevet\u0151r\u00e1ncok kicsit tov\u00e1bb tartanak, mint szeretn\u00e9d, ez a megfizethet\u0151 dr\u00e1gak\u0151 &#8211; k\u00fcl\u00f6n\u00f6sen a H&amp;H megfizethet\u0151 Tretinin &#8211; lehet, hogy a te megold\u00e1sod lesz. \u00c9s a legjobb r\u00e9sz? A k\u00f6lts\u00e9gvet\u00e9snek megfelel\u0151, an\u00e9lk\u00fcl, hogy a min\u0151s\u00e9get fel\u00e1ldozn\u00e1.    <\/div>\n<div>Ha v\u00e9gtelen\u00fcl sokat guglizt\u00e1l b\u0151r\u00e1pol\u00e1si megold\u00e1sok ut\u00e1n, detekt\u00edvk\u00e9nt pr\u00f3b\u00e1ltad megfejteni az \u00f6sszetev\u0151list\u00e1kat, vagy csak viszket a b\u0151r\u00e1pol\u00e1s friss\u00edt\u00e9se miatt, akkor maradj itt! Ebben az \u00fatmutat\u00f3ban mindent megtudhatsz a Tretinoin Cream 0,025%, 30g kr\u00e9mr\u0151l, annak felhaszn\u00e1l\u00e1si m\u00f3djair\u00f3l, el\u0151nyeir\u0151l, \u00e9s arr\u00f3l, hogy ez a kis, de hatalmas tubus az Affordable Tretin by H&amp;H-t\u00f3l hogyan v\u00e1ltoztathatja meg v\u00e9gleg a b\u0151r\u00e1pol\u00e1sodat. <\/div>\n<hr>\n<h2><b>A Tretinoin kr\u00e9m 0,025%, 30g erej\u00e9nek meg\u00e9rt\u00e9se<\/b><\/h2>\n<h3><b>Egy\u00e9bk\u00e9nt mi az a Tretinoin kr\u00e9m?<\/b><\/h3>\n<div>A tretinoin kr\u00e9m nem egy \u00e1tlagos hidrat\u00e1l\u00f3 kr\u00e9m vagy foltkezel\u00e9s &#8211; ez egy er\u0151s retinoid, amely az A-vitaminb\u00f3l sz\u00e1rmazik:<\/div>\n<ul>\n<li>\n<div>K\u00fczd a pattan\u00e1sok ellen a p\u00f3rusok elt\u00f6m\u0151d\u00e9s\u00e9nek megsz\u00fcntet\u00e9s\u00e9vel \u00e9s a pattan\u00e1sok megel\u0151z\u00e9s\u00e9vel.<\/div>\n<\/li>\n<li>\n<div>Minimaliz\u00e1lja a finom vonalak \u00e9s r\u00e1ncok megjelen\u00e9s\u00e9t.<\/div>\n<\/li>\n<li>\n<div>Kiegyenl\u00edti a b\u0151r t\u00f3nus\u00e1t \u00e9s cs\u00f6kkenti a s\u00f6t\u00e9t foltokat.<\/div>\n<\/li>\n<li>\n<div>Serkenti a kollag\u00e9ntermel\u00e9st a feszesebb, sim\u00e1bb b\u0151r\u00e9rt.<\/div>\n<\/li>\n<\/ul>\n<div>A Tretinoin kr\u00e9m 0,025%, 30g a rajong\u00f3k kedvence, mert el\u00e9g gyeng\u00e9d a kezd\u0151knek, de m\u00e9g \u00edgy is \u00fct\u0151s. R\u00e1ad\u00e1sul a hasonl\u00f3 \u00f6sszetev\u0151ket tartalmaz\u00f3 cs\u00facskateg\u00f3ri\u00e1s term\u00e9kekhez k\u00e9pest a H&amp;H megfizethet\u0151 Tretin leny\u0171g\u00f6z\u0151 eredm\u00e9nyeket ny\u00fajt az \u00e1r t\u00f6red\u00e9k\u00e9\u00e9rt. <\/div>\n<hr>\n<h2><b>Mi\u00e9rt v\u00e1lassza a H&amp;H megfizethet\u0151 Tretint?<\/b><\/h2>\n<div>T\u00f6bb tucat tretinoin kr\u00e9m van a piacon, de mi k\u00fcl\u00f6nb\u00f6zteti meg az Affordable Tretin by H&amp;H-t?<\/div>\n<ol>\n<li>\n<div><b>K\u00f6lts\u00e9gvet\u00e9s-bar\u00e1t \u00e1r<\/b>: A b\u0151r\u00e1pol\u00e1s lyukat \u00e9gethet a p\u00e9nzt\u00e1rc\u00e1dba. A megfizethet\u0151 Tretin m\u00e9lt\u00f3 a nev\u00e9hez, hiszen a Tretinoin kr\u00e9m 0,025%, 30g olyan \u00e1ron k\u00edn\u00e1lja, hogy nem fogsz \u00f6sszerezzeni. <\/div>\n<\/li>\n<li>\n<div><b>Kiv\u00e1l\u00f3 min\u0151s\u00e9g\u0171 \u00f6sszetev\u0151k<\/b>: Csak az\u00e9rt, mert megfizethet\u0151, m\u00e9g nem jelenti azt, hogy a sarkokn\u00e1l sp\u00f3rolnak. A megfizethet\u0151 Tretin biztos\u00edtja, hogy kompromisszumok n\u00e9lk\u00fcl megkapja a tretinoin minden el\u0151ny\u00e9t. <\/div>\n<\/li>\n<li>\n<div><b>Megb\u00edzhat\u00f3 m\u00e1rka<\/b>: A H&amp;H megb\u00edzhat\u00f3 n\u00e9vnek sz\u00e1m\u00edt a b\u0151r\u00e1pol\u00e1sban, \u00edgy tudhatja, hogy j\u00f3 kezekben van!<\/div>\n<\/li>\n<li>\n<div><b>K\u00f6nnyen hozz\u00e1f\u00e9rhet\u0151<\/b>: A H&amp;H megfizethet\u0151 Tretin k\u00f6nnyen el\u00e9rhet\u0151 online, \u00edgy nem kell a szak\u00fczletekben keresg\u00e9lnie.<\/div>\n<\/li>\n<\/ol>\n<hr>\n<h2><b>Hogyan kell haszn\u00e1lni a Tretinoin kr\u00e9met 0,025%, 30g a legjobb eredm\u00e9ny el\u00e9r\u00e9se \u00e9rdek\u00e9ben?<\/b><\/h2>\n<div>A tretinoin kr\u00e9m hat\u00e9kony haszn\u00e1lata egy j\u00f3 rutinon m\u00falik &#8211; egy olyan rutinon, amely okos, t\u00fcrelmes \u00e9s k\u00f6vetkezetes. Mi\u00e9rt? Mert a tretinoin er\u0151s anyag, \u00e9s a b\u0151r\u00e9nek id\u0151re van sz\u00fcks\u00e9ge, hogy alkalmazkodjon. \u00cdme egy l\u00e9p\u00e9sr\u0151l-l\u00e9p\u00e9sre k\u00f6vethet\u0151 \u00fatmutat\u00f3:   <\/div>\n<h3><b>1. l\u00e9p\u00e9s: Finoman tiszt\u00edtson<\/b><\/h3>\n<div>Haszn\u00e1ljon enyhe, nem sz\u00e1r\u00edt\u00f3 tiszt\u00edt\u00f3szert a szennyez\u0151d\u00e9sek, a smink \u00e9s az olajok elt\u00e1vol\u00edt\u00e1s\u00e1hoz. A durva szappanok irrit\u00e1lhatj\u00e1k a b\u0151rt, \u00e9s a tretinoin kev\u00e9sb\u00e9 lesz hat\u00e9kony. <\/div>\n<h3><b>2. l\u00e9p\u00e9s: V\u00e1rjon, majd alkalmazza<\/b><\/h3>\n<div>Gy\u0151z\u0151dj meg r\u00f3la, hogy az arcod teljesen sz\u00e1raz! A tretinoin nedves b\u0151rre t\u00f6rt\u00e9n\u0151 alkalmaz\u00e1sa fokozhatja annak hat\u00e9konys\u00e1g\u00e1t, ami irrit\u00e1ci\u00f3hoz vezethet. Haszn\u00e1ljon bors\u00f3nyi mennyis\u00e9get &#8211; igen, csak bors\u00f3nyi mennyis\u00e9get. Higgye el, kev\u00e9s is el\u00e9g!   <\/div>\n<h3><b>3. l\u00e9p\u00e9s: Hidrat\u00e1l\u00e1s, hidrat\u00e1l\u00e1s, hidrat\u00e1l\u00e1s, hidrat\u00e1l\u00e1s<\/b><\/h3>\n<div>Mindig hidrat\u00e1l\u00f3, illatmentes hidrat\u00e1l\u00f3 kr\u00e9met haszn\u00e1ljon. Ha b\u0151r\u00e9t k\u00fcl\u00f6n\u00f6sen sz\u00e1raznak \u00e9rzi, vagy h\u00e1mlani kezd (ne boruljon ki &#8211; ez norm\u00e1lis!), kenjen r\u00e1 egy vastagabb r\u00e9teg hidrat\u00e1l\u00f3t. <\/div>\n<h3><b>4. l\u00e9p\u00e9s: A f\u00e9nyv\u00e9d\u0151 nem t\u00e1rgyalhat\u00f3<\/b><\/h3>\n<div>A tretinoin \u00e9rz\u00e9kenyebb\u00e9 teheti a b\u0151r\u00e9t a napra, ez\u00e9rt a f\u00e9nyv\u00e9d\u0151 az \u00faj BFF-je. Napk\u00f6zben v\u00e1lasszon sz\u00e9les spektrum\u00fa, legal\u00e1bb SPF 30-as f\u00e9nyv\u00e9d\u0151 kr\u00e9met. <\/div>\n<hr>\n<h2><b>Pro tippek a Tretinoinra val\u00f3 z\u00f6kken\u0151mentes \u00e1t\u00e1ll\u00e1shoz<\/b><\/h2>\n<ul>\n<li>\n<div><b>Kezdj\u00fck lassan<\/b>: Haszn\u00e1lja a Tretinoin Cream 0,025%-os, 30g-os kr\u00e9met minden m\u00e1sodik este, hogy a b\u0151re akklimatiz\u00e1l\u00f3djon. Ha m\u00e1r k\u00e9nyelmesen \u00e9rzi mag\u00e1t, \u00e1tt\u00e9rhet az \u00e9jszakai haszn\u00e1latra. <\/div>\n<\/li>\n<li>\n<div><b>Ker\u00fclje a durva h\u00e1mlaszt\u00f3szereket<\/b>: A tretinoin haszn\u00e1lat\u00e1nak megkezd\u00e9sekor hagyja ki a b\u0151r\u00e9t tov\u00e1bb irrit\u00e1l\u00f3 b\u0151rrad\u00edrokat \u00e9s savakat.<\/div>\n<\/li>\n<li>\n<div><b>L\u00e9gy t\u00fcrelmes<\/b>: Az eredm\u00e9nyek id\u0151be telnek! El\u0151fordulhat, hogy a rettegett \u201etisztul\u00e1si\u201d id\u0151szak (amikor a b\u0151r\u00f6d \u00e1tmenetileg kit\u00f6r), de ne add fel &#8211; ez a b\u0151r\u00f6d tiszt\u00edtja ki a m\u00e9lyben l\u00e9v\u0151 szennyez\u0151d\u00e9seket. <\/div>\n<\/li>\n<li>\n<div><b>Ragaszkodjon az egyszer\u0171 term\u00e9kekhez<\/b>: P\u00e1ros\u00edtsa a tretinoint egy gyeng\u00e9d rutinnal. Min\u00e9l kevesebb \u00f6sszetev\u0151, illatanyag \u00e9s irrit\u00e1l\u00f3 anyag, ann\u00e1l jobb. <\/div>\n<\/li>\n<\/ul>\n<hr>\n<h2><b>A Tretinoin kr\u00e9m 0,025%, 30g el\u0151nyei<\/b><\/h2>\n<div>Mit\u0151l olyan k\u00fcl\u00f6nleges ez a kis tubus tretinoin kr\u00e9m? Bontsuk le a var\u00e1zslat\u00e1t: <\/div>\n<ul>\n<li>\n<div><b>Anti-Aging Hero<\/b>: A tretinoin felgyors\u00edtja a b\u0151rsejtek cser\u00e9j\u00e9t, \u00edgy id\u0151vel enyh\u00edti a r\u00e1ncokat \u00e9s a finom vonalakat.<\/div>\n<\/li>\n<li>\n<div><b>Felvil\u00e1gos\u00edtja a fak\u00f3 b\u0151rt<\/b>: A tretinoin seg\u00edthet kisim\u00edtani a dolgokat.<\/div>\n<\/li>\n<li>\n<div><b>K\u00fczd a pattan\u00e1sokkal<\/b>: A mitesszerekt\u0151l a ciszt\u00e1s pattan\u00e1sokig a tretinoin minden fronton m\u0171k\u00f6dik, hogy tiszt\u00e1bb b\u0151rt eredm\u00e9nyezzen.<\/div>\n<\/li>\n<li>\n<div><b>Hossz\u00fa t\u00e1v\u00fa megt\u00e9r\u00fcl\u00e9s<\/b>: Min\u00e9l tov\u00e1bb tartod magad hozz\u00e1, ann\u00e1l jobban fog kin\u00e9zni a b\u0151r\u00f6d!<\/div>\n<\/li>\n<\/ul>\n<hr>\n<h2><b>Megfizethet\u0151 Tretin by H&amp;H vs. versenyt\u00e1rsak: Tretin Tretin: Mi\u00e9rt gy\u0151ztes<\/b><\/h2>\n<div>Ha az Affordable Tretin Tretinoin Cream 0,025%, 30g term\u00e9k\u00e9t hasonl\u00edtjuk \u00f6ssze m\u00e1s m\u00e1rk\u00e1j\u00fa term\u00e9kekkel, akkor nem kell agg\u00f3dnunk. Itt van, hogyan \u00e1ll \u00f6ssze: <\/div>\n<table width=\"564px\">\n<colgroup>\n<col>\n<col>\n<col><\/colgroup>\n<tbody>\n<tr>\n<th data-colwidth=\"188\">\n<div><b>Jellemz\u0151<\/b><\/div>\n<\/th>\n<th data-colwidth=\"188\">\n<div><b>Megfizethet\u0151 Tretin (H&amp;H)<\/b><\/div>\n<\/th>\n<th data-colwidth=\"188\">\n<div><b>Verseng\u0151 m\u00e1rk\u00e1k<\/b><\/div>\n<\/th>\n<\/tr>\n<tr>\n<td data-colwidth=\"188\">\n<div><b>\u00c1r<\/b><\/div>\n<\/td>\n<td data-colwidth=\"188\">\n<div>K\u00f6lts\u00e9gvet\u00e9s-bar\u00e1t<\/div>\n<\/td>\n<td data-colwidth=\"188\">\n<div>Gyakran dr\u00e1ga<\/div>\n<\/td>\n<\/tr>\n<tr>\n<td data-colwidth=\"188\">\n<div><b>Az \u00f6sszetev\u0151k min\u0151s\u00e9ge<\/b><\/div>\n<\/td>\n<td data-colwidth=\"188\">\n<div>Kiv\u00e1l\u00f3 min\u0151s\u00e9g\u0171<\/div>\n<\/td>\n<td data-colwidth=\"188\">\n<div>V\u00e1ltozhat<\/div>\n<\/td>\n<\/tr>\n<tr>\n<td data-colwidth=\"188\">\n<div><b>Hozz\u00e1f\u00e9rhet\u0151s\u00e9g<\/b><\/div>\n<\/td>\n<td data-colwidth=\"188\">\n<div>K\u00f6nny\u0171 online v\u00e1s\u00e1rl\u00e1s<\/div>\n<\/td>\n<td data-colwidth=\"188\">\n<div>Korl\u00e1tozott<\/div>\n<\/td>\n<\/tr>\n<tr>\n<td data-colwidth=\"188\">\n<div><b>\u00dcgyf\u00e9lszolg\u00e1lat<\/b><\/div>\n<\/td>\n<td data-colwidth=\"188\">\n<div>Megb\u00edzhat\u00f3<\/div>\n<\/td>\n<td data-colwidth=\"188\">\n<div>Hit-or-miss<\/div>\n<\/td>\n<\/tr>\n<\/tbody>\n<\/table>\n<div>A H&amp;H megfizethet\u0151 Tretin by H&amp;H term\u00e9kkel cs\u00facsmin\u0151s\u00e9g\u0171 teljes\u00edtm\u00e9nyt kap, an\u00e9lk\u00fcl, hogy nagy \u00f6sszegeket kellene k\u00f6ltenie r\u00e1. H\u00e1t nem erre v\u00e1gyunk mindannyian? <\/div>\n<hr>\n<h2><b>GYIK a Tretinoin kr\u00e9m 0,025%, 30g-r\u00f3l<\/b><\/h2>\n<h3><b>1. Mennyi ideig tart egy 30 g-os tubus?<\/b><\/h3>\n<div>Egy kis mennyis\u00e9g nagy seg\u00edts\u00e9g! Ha minden este egy bors\u00f3nyi mennyis\u00e9get haszn\u00e1lsz, egy 30 g-os tubus k\u00f6r\u00fclbel\u00fcl 4-6 h\u00f3napig el\u00e9g. <\/div>\n<h3><b>2. Haszn\u00e1lhatom napk\u00f6zben is?<\/b><\/h3>\n<div>A tretinoint \u00e1ltal\u00e1ban \u00e9jszaka haszn\u00e1lj\u00e1k, mivel \u00e9rz\u00e9kenny\u00e9 teheti a b\u0151rt a napf\u00e9nyre. Napk\u00f6zben mindig p\u00e1ros\u00edtsa naptejjel. <\/div>\n<h3><b>3. A Tretinoin Cream 0,025% biztons\u00e1gos kezd\u0151knek?<\/b><\/h3>\n<div>Abszol\u00fat! Ez az alacsonyabb koncentr\u00e1ci\u00f3 t\u00f6k\u00e9letes azoknak, akik m\u00e9g nem ismerik a retinoidokat, mivel hat\u00e9kony, de helyes haszn\u00e1lat eset\u00e9n kev\u00e9sb\u00e9 val\u00f3sz\u00edn\u0171, hogy irrit\u00e1ci\u00f3t okoz. <\/div>\n<h3><b>4. A b\u0151r\u00f6m tisztulni fog?<\/b><\/h3>\n<div>Lehets\u00e9ges! A b\u0151r tisztul\u00e1sa gyakori a tretinoin elkezd\u00e9sekor, mivel felgyors\u00edtja a sejtek cser\u00e9j\u00e9t \u00e9s kitiszt\u00edtja a csapd\u00e1ba esett szennyez\u0151d\u00e9seket. Tartson ki mellette, \u00e9s a t\u00fcrelem kifizet\u0151dik.  <\/div>\n<h3><b>5. Haszn\u00e1lhatom m\u00e1s hat\u00f3anyagokkal egy\u00fctt?<\/b><\/h3>\n<div>A legjobb, ha kezdetben egyszer\u0171nek tartja, \u00e9s ker\u00fcli a durva hat\u00f3anyagokat (p\u00e9ld\u00e1ul az AHA-kat vagy a BHA-kat). Amint a b\u0151re alkalmazkodott, \u00f3vatosan, lassan bevezethet m\u00e1s \u00f6sszetev\u0151ket is. <\/div>\n<hr>\n<h2><b>A b\u0151r\u00e1pol\u00f3 h\u0151s v\u00e1r r\u00e1d<\/b><\/h2>\n<div>A Tretinoin kr\u00e9m 0,025%, 30g egy olyan er\u0151forr\u00e1s, amely val\u00f3ban jobb\u00e1 teheti a b\u0151r\u00e9t. Ak\u00e1r tiszt\u00e1bb p\u00f3rusokra, sim\u00e1bb text\u00far\u00e1ra vagy fiatalosabb ragyog\u00e1sra v\u00e1gysz, a H&amp;H megfizethet\u0151 Tretinin el\u00e9rhet\u0151 megold\u00e1st k\u00edn\u00e1l an\u00e9lk\u00fcl, hogy a bankot megroppantan\u00e1d. <\/div>\n<div>Igen, kitart\u00e1st \u00e9s t\u00fcrelmet ig\u00e9nyel &#8211; de hihetetlen b\u0151r v\u00e1r azokra, akik kitartanak mellette! Ha k\u00e9szen \u00e1llsz arra, hogy szintet l\u00e9pj a b\u0151r\u00e1pol\u00e1si rutinoddal, szerezz be egy tubus Affordable Tretin by H&amp;H-t, \u00e9s n\u00e9zd, ahogy a var\u00e1zslat kibontakozik. A bosszant\u00f3 pattan\u00e1sok elleni k\u00fczdelemt\u0151l a ragyog\u00e1s fokoz\u00e1s\u00e1ig, ez egy olyan d\u00f6nt\u00e9s, amelyet a b\u0151re meg fog k\u00f6sz\u00f6nni.  <\/div>\n<div>Sz\u00f3val, mire v\u00e1rsz m\u00e9g? Legyen a Tretinoin kr\u00e9m 0,025%, 30g a titkos fegyver a b\u0151r\u00e1pol\u00e1si arzen\u00e1lodban &#8211; <i>mert<\/i> a megfizethet\u0151 \u00e1lmok val\u00f3ra v\u00e1lnak! <\/div>\n","protected":false},"excerpt":{"rendered":"<p>Fedezze fel, hogy mi\u00e9rt a Tretinoin kr\u00e9m 0,025%, 30g a megfizethet\u0151 b\u0151r\u00e1pol\u00e1s v\u00e9gs\u0151 v\u00e1laszt\u00e1sa a H&amp;H megfizethet\u0151 Tretin term\u00e9k\u00e9vel. Ismerd meg el\u0151nyeit, hogyan haszn\u00e1ld, \u00e9s hol tal\u00e1lod meg, hogy ragyog\u00f3, fiatalos b\u0151rt \u00e9rj el kis k\u00f6lts\u00e9gvet\u00e9sb\u0151l. <\/p>\n","protected":false},"featured_media":5091,"comment_status":"open","ping_status":"closed","template":"","meta":[],"product_cat":[210],"product_tag":[403,417,416,415],"class_list":{"0":"post-5089","1":"product","2":"type-product","3":"status-publish","4":"has-post-thumbnail","6":"product_cat-arcapolas","7":"product_tag-tretin-hu","8":"product_tag-tretin-krem","9":"product_tag-tretinoin-krem-hu","10":"product_tag-tretinoin-krem-0025-hu","12":"first","13":"instock","14":"taxable","15":"shipping-taxable","16":"purchasable","17":"product-type-simple"},"_links":{"self":[{"href":"https:\/\/tretinoins.com\/hu\/wp-json\/wp\/v2\/product\/5089","targetHints":{"allow":["GET"]}}],"collection":[{"href":"https:\/\/tretinoins.com\/hu\/wp-json\/wp\/v2\/product"}],"about":[{"href":"https:\/\/tretinoins.com\/hu\/wp-json\/wp\/v2\/types\/product"}],"replies":[{"embeddable":true,"href":"https:\/\/tretinoins.com\/hu\/wp-json\/wp\/v2\/comments?post=5089"}],"version-history":[{"count":2,"href":"https:\/\/tretinoins.com\/hu\/wp-json\/wp\/v2\/product\/5089\/revisions"}],"predecessor-version":[{"id":10146,"href":"https:\/\/tretinoins.com\/hu\/wp-json\/wp\/v2\/product\/5089\/revisions\/10146"}],"wp:featuredmedia":[{"embeddable":true,"href":"https:\/\/tretinoins.com\/hu\/wp-json\/wp\/v2\/media\/5091"}],"wp:attachment":[{"href":"https:\/\/tretinoins.com\/hu\/wp-json\/wp\/v2\/media?parent=5089"}],"wp:term":[{"taxonomy":"product_cat","embeddable":true,"href":"https:\/\/tretinoins.com\/hu\/wp-json\/wp\/v2\/product_cat?post=5089"},{"taxonomy":"product_tag","embeddable":true,"href":"https:\/\/tretinoins.com\/hu\/wp-json\/wp\/v2\/product_tag?post=5089"}],"curies":[{"name":"wp","href":"https:\/\/api.w.org\/{rel}","templated":true}]}}