{"id":5085,"date":"2024-01-03T13:59:55","date_gmt":"2024-01-03T13:59:55","guid":{"rendered":"https:\/\/tretinoins.com\/tretinoin-krem-005-30g-tretin-hh\/"},"modified":"2026-04-22T08:47:38","modified_gmt":"2026-04-22T06:47:38","slug":"tretinoin-krem-005-30g-tretin-hh","status":"publish","type":"product","link":"https:\/\/tretinoins.com\/hu\/tretinoin-krem-005-30g-tretin-hh\/","title":{"rendered":"Tretinoin kr\u00e9m 0.05%, 30g, Tretin, H&amp;H, Akne, r\u00e1nctalan\u00edt\u00f3, r\u00e1nctalan\u00edt\u00f3"},"content":{"rendered":"<div>\n<h1>A Tretinoin kr\u00e9m 0,05% 30g var\u00e1zsa: A b\u0151r \u00e1talak\u00edt\u00e1sa a Tretin, H&amp;H-val<\/h1>\n<p>K\u00edv\u00e1nta m\u00e1r, hogy legyen egy var\u00e1zsital, amely egymag\u00e1ban lek\u00fczdi a pattan\u00e1sokat, kisim\u00edtja a finom r\u00e1ncokat, \u00e9s ragyog\u00f3, fiatalos k\u00fcls\u0151t k\u00f6lcs\u00f6n\u00f6z a b\u0151r\u00e9nek? \u00dagy hangzik, mint egy t\u00fcnd\u00e9rmese, igaz? Nos, ismerd meg a <i>Tretinoin Cream 0,05%-os (30g) kr\u00e9met<\/i>, egy b\u0151r\u00e1pol\u00e1si csod\u00e1t, amely \u00e9vtizedek \u00f3ta a b\u0151rgy\u00f3gy\u00e1szok legjobban \u0151rz\u00f6tt titka. Bizonyos k\u00f6r\u00f6kben Tretin vagy Retin-A n\u00e9ven is ismert, \u00e9s az egyik leger\u0151sebb, tudom\u00e1nyosan al\u00e1t\u00e1masztott term\u00e9k, amely jav\u00edtja a b\u0151rt. Ak\u00e1r harmatos arcb\u0151rr\u0151l \u00e1lmodsz, ak\u00e1r a bosszant\u00f3 pattan\u00e1sok ellen k\u00fczdesz, ez a kr\u00e9m mindenre felk\u00e9sz\u00edtett.    <\/p>\n<p>A precizit\u00e1sukr\u00f3l \u00e9s gondoskod\u00e1sukr\u00f3l ismert H&amp;H m\u00e1rk\u00e1k \u00e1ltal t\u00e1mogatott, 30 g-os Tretinoin Cream 0,05%-os kr\u00e9m t\u00f6bb mint egy term\u00e9k &#8211; ez egy b\u0151rmegment\u0151. De pontosan mit\u0151l is olyan n\u00e9pszer\u0171? Meg\u00e9ri a hype-ot? \u00c9s ami a legfontosabb, hogyan haszn\u00e1ld helyesen, hogy teljes m\u00e9rt\u00e9kben kiakn\u00e1zd a benne rejl\u0151 lehet\u0151s\u00e9geket? Maradj vel\u00fcnk, mert most m\u00e9lyre mer\u00fcl\u00fcnk ebben az ikonikus b\u0151r\u00e1pol\u00e1si alapanyagban.    <\/p>\n<hr>\n<h1>Mi a h\u00edr a Tretinoin kr\u00e9m 0,05% 30g-r\u00f3l?<\/h1>\n<p>Sz\u00f3val, mi ez a nagy felhajt\u00e1s a <i>Tretinoin Cream 0,05% 30g<\/i>, a Tretin \u00e9s a H&amp;H-val val\u00f3 kapcsolata k\u00f6r\u00fcl? Bontsuk le a dolgot: <\/p>\n<h3>1<strong>.Mi pontosan a Tretinoin?<\/strong><\/h3>\n<p>A tretinoin egy A-vitamin-sz\u00e1rmaz\u00e9k, amely retinoidk\u00e9nt m\u0171k\u00f6dik &#8211; ez a vegy\u00fcletcsoport a sejtforgalomra \u00e9s a kollag\u00e9ntermel\u00e9sre gyakorolt figyelemre m\u00e9lt\u00f3 hat\u00e1sair\u00f3l ismert. Egyszer\u0171bben fogalmazva, ez olyan, mintha a \u201efriss\u00edt\u00e9s\u201d gombot nyomn\u00e1 meg a b\u0151r\u00e9n. Eredetileg pattan\u00e1sok kezel\u00e9s\u00e9re fejlesztett\u00e9k ki, de a tud\u00f3soknak nem kellett sok id\u0151, hogy \u00e9szrevegy\u00e9k a b\u00f3nuszhat\u00e1sait, p\u00e9ld\u00e1ul a r\u00e1ncok cs\u00f6kkent\u00e9s\u00e9t, a b\u0151r text\u00far\u00e1j\u00e1nak jav\u00edt\u00e1s\u00e1t \u00e9s a hiperpigment\u00e1ci\u00f3 kiegyenl\u00edt\u00e9s\u00e9t.  <\/p>\n<ul>\n<li><strong>Hogyan m\u0171k\u00f6dik?<\/strong>  N\u00f6veli a b\u0151rsejtek cser\u00e9l\u0151d\u00e9s\u00e9t, gyorsabban felsz\u00ednre hozva a friss, eg\u00e9szs\u00e9ges sejteket, mik\u00f6zben a p\u00f3rusok elt\u00f6m\u0151dnek, \u00e9s fokozza a kollag\u00e9nt &#8211; a b\u0151r rugalmass\u00e1g\u00e1\u00e9rt felel\u0151s feh\u00e9rj\u00e9t.<\/li>\n<li><strong>Mi\u00e9rt a 0,05%-os koncentr\u00e1ci\u00f3?<\/strong>  Ez a m\u00e9rs\u00e9kelt d\u00f3zis egyens\u00falyt teremt a hatalom \u00e9s a szel\u00edds\u00e9g k\u00f6z\u00f6tt &#8211; el\u00e9g er\u0151s ahhoz, hogy jelent\u0151s eredm\u00e9nyeket \u00e9rjen el, de nem olyan er\u0151s, hogy az \u00faj felhaszn\u00e1l\u00f3kat elnyomja.<\/li>\n<\/ul>\n<h3>2<strong>.A H&amp;H szerepe a j\u00e1t\u00e9kban<\/strong><\/h3>\n<p>A H&amp;H, a b\u0151r\u00e1pol\u00e1s megb\u00edzhat\u00f3 neve, a Tretinoin kiv\u00e1l\u00f3 min\u0151s\u00e9g\u0171 formul\u00e1inak megalkot\u00e1sa sor\u00e1n az \u00e9len j\u00e1r, biztos\u00edtva, hogy term\u00e9kei minim\u00e1lis irrit\u00e1ci\u00f3 mellett maxim\u00e1lis eredm\u00e9nyeket \u00e9rjenek el. A legmodernebb technol\u00f3gia \u00e9s a b\u0151rgy\u00f3gy\u00e1szati szak\u00e9rtelem p\u00e1ros\u00edt\u00e1s\u00e1val a 30 g-os tubus\u00fa Tretinoin Cream 0,05%-os kr\u00e9mj\u00fck abszol\u00fat v\u00e1ltoz\u00e1st jelent mindazok sz\u00e1m\u00e1ra, akik komolyan gondolj\u00e1k a b\u0151r\u00fck \u00e1llapot\u00e1nak jav\u00edt\u00e1s\u00e1t. <\/p>\n<h3>3<strong>.Mi\u00e9rt v\u00e1lassza a 30g-os tubust?<\/strong><\/h3>\n<p>A 30 g-os m\u00e9ret t\u00f6k\u00e9letes hossz\u00fa t\u00e1v\u00fa haszn\u00e1latra. A Tretinoin eset\u00e9ben a k\u00f6vetkezetess\u00e9g a kulcs &#8211; ez nem egy gyors megold\u00e1s, hanem ink\u00e1bb egy maraton a ragyog\u00f3 eredm\u00e9nyekhez. A H&amp;H 30g-os kiszerel\u00e9si form\u00e1tuma biztos\u00edtja, hogy a rendszeres b\u0151r\u00e1pol\u00e1si rutin gyakorl\u00e1sa k\u00f6zben soha ne fogyjon ki. R\u00e1ad\u00e1sul, mivel egy kis kr\u00e9m hossz\u00fa utat tesz meg, ez el\u00e9g sok\u00e1ig kitart!   <\/p>\n<hr>\n<h1>A Tretinoin kr\u00e9m 0,05% 30g el\u0151nyei<\/h1>\n<p>M\u00e9g mindig k\u00edv\u00e1ncsi, hogy a Tretinoin kr\u00e9m meg\u00e9ri-e a hype-ot? Besz\u00e9lj\u00fcnk az el\u0151ny\u00f6kr\u0151l, mert azok nem kevesebbek, mint \u00e1llkapocs-leszor\u00edt\u00f3ak: <\/p>\n<h3>1. <strong>Buh-Bye, pattan\u00e1sok!<\/strong><\/h3>\n<p>A Tretinoin egyik f\u0151 h\u00edrnev\u00e9t a pattan\u00e1sok elleni k\u00fczdelemre val\u00f3 k\u00e9pess\u00e9ge adja. A p\u00f3rusok elt\u00f6m\u0151d\u00e9s\u00e9nek megsz\u00fcntet\u00e9s\u00e9vel, az olajtermel\u00e9s cs\u00f6kkent\u00e9s\u00e9vel \u00e9s az \u00faj pattan\u00e1sok kialakul\u00e1s\u00e1nak megel\u0151z\u00e9s\u00e9vel seg\u00edt meg\u0151rizni a b\u0151r tisztas\u00e1g\u00e1t \u00e9s makul\u00e1tlans\u00e1g\u00e1t. <\/p>\n<h3>2. <strong>Az \u00f6reged\u00e9sg\u00e1tl\u00f3 csoda<\/strong><\/h3>\n<p>B\u00facs\u00fat int a finom vonalaknak \u00e9s r\u00e1ncoknak! A tretinoin fokozza a kollag\u00e9ntermel\u00e9st, ami seg\u00edt a b\u0151r felt\u00f6lt\u00e9s\u00e9ben \u00e9s a bosszant\u00f3 r\u00e1ncok kisim\u00edt\u00e1s\u00e1ban. <\/p>\n<h3>3. <strong>Elhalv\u00e1ny\u00edtja a s\u00f6t\u00e9t foltokat<\/strong><\/h3>\n<p>Napk\u00e1rosod\u00e1s vagy hiperpigment\u00e1ci\u00f3? A Tretinoin a makacs s\u00f6t\u00e9t foltok ellen a sejtek meg\u00fajul\u00e1s\u00e1nak el\u0151seg\u00edt\u00e9s\u00e9vel l\u00e9p fel, \u00edgy a b\u0151rt\u00f3nusa ragyog\u00f3bb \u00e9s egyenletesebb lesz. <\/p>\n<h3>4. <strong>Jav\u00edtja a b\u0151r text\u00far\u00e1j\u00e1t<\/strong><\/h3>\n<p>Senki sem szereti az \u00e9rdes, dudoros b\u0151rt. A tretinoin sima, selymes fel\u00fcletet hoz l\u00e9tre az\u00e1ltal, hogy elt\u00e1vol\u00edtja az elhalt h\u00e1msejteket, \u00e9s el\u0151seg\u00edti a frissek felsz\u00ednre t\u00f6r\u00e9s\u00e9t. <\/p>\n<h3>5. <strong>Megakad\u00e1lyozza a korai \u00f6reged\u00e9st<\/strong><\/h3>\n<p>Hossz\u00fa t\u00e1v\u00fa haszn\u00e1lata er\u0151s\u00edti a b\u0151r v\u00e9dekez\u0151k\u00e9pess\u00e9g\u00e9t, seg\u00edt meg\u0151rizni annak fiatalos megjelen\u00e9s\u00e9t. Gondoljon r\u00e1 \u00fagy, mint egy befektet\u00e9s a b\u0151r\u00e1pol\u00e1s j\u00f6v\u0151j\u00e9be! <\/p>\n<hr>\n<h1>Hogyan kell haszn\u00e1lni a Tretinoin Cream 0,05% 30g-ot, mint egy profi?<\/h1>\n<p>Rendben, most m\u00e1r meg van gy\u0151z\u0151dve az el\u0151nyeir\u0151l. De miel\u0151tt hidrat\u00e1l\u00f3 kr\u00e9mk\u00e9nt kened magadra, lass\u00edts a tekercsel\u00e9ssel! A tretinoin er\u0151s anyag, \u00e9s helytelen haszn\u00e1lata sz\u00e1razs\u00e1ghoz, h\u00e1ml\u00e1shoz \u00e9s irrit\u00e1ci\u00f3hoz vezethet. Az eg\u00e9sz arr\u00f3l sz\u00f3l, hogy okosabban dolgozzunk, ne kem\u00e9nyebben.   <\/p>\n<h3><strong>L\u00e9p\u00e9sr\u0151l l\u00e9p\u00e9sre t\u00f6rt\u00e9n\u0151 alkalmaz\u00e1s<\/strong><\/h3>\n<ol>\n<li><strong>Ind\u00edtsd a f\u00e9nyt<\/strong>: Kezd\u0151k sz\u00e1m\u00e1ra egy apr\u00f3, bors\u00f3nyi mennyis\u00e9get kenjen az eg\u00e9sz arc\u00e1ra. B\u00edzzon benn\u00fcnk &#8211; egy kev\u00e9s is el\u00e9g. <\/li>\n<li><strong>\u00c9jszakai rutin<\/strong>: Haszn\u00e1lja \u00e9jszaka, mivel a b\u0151r\u00e9t k\u00fcl\u00f6n\u00f6sen \u00e9rz\u00e9kenny\u00e9 teheti a napf\u00e9nyre. Napk\u00f6zben se felejtsd el a naptejet! <\/li>\n<li><strong>El\u0151sz\u00f6r tiszt\u00edtson<\/strong>: Gy\u0151z\u0151dj\u00f6n meg r\u00f3la, hogy az arca nyikorogva tiszta \u00e9s teljesen sz\u00e1raz (a nedves b\u0151r fokozhatja az irrit\u00e1ci\u00f3t).<\/li>\n<li><strong>Ker\u00fclje az \u00e9rz\u00e9keny pontokat<\/strong>: Tartsa t\u00e1vol mag\u00e1t a sz\u00e1ja sark\u00e1t\u00f3l, az orrlyukakt\u00f3l \u00e9s a szem k\u00f6rny\u00e9k\u00e9t\u0151l &#8211; ezek k\u00fcl\u00f6n\u00f6sen \u00e9rz\u00e9kenyek.<\/li>\n<li><strong>Hidrat\u00e1lj, hidrat\u00e1lj, hidrat\u00e1lj, hidrat\u00e1lj<\/strong>: A sz\u00e1razs\u00e1g elleni k\u00fczdelem \u00e9rdek\u00e9ben haszn\u00e1ljon gazdag, hidrat\u00e1l\u00f3 hidrat\u00e1l\u00f3 kr\u00e9met.<\/li>\n<\/ol>\n<h3><strong>Tippek a sikerhez<\/strong><\/h3>\n<ul>\n<li>Kezdje el haszn\u00e1lni heti 2-3 alkalommal, \u00e9s fokozatosan n\u00f6velje a gyakoris\u00e1got, ahogy a b\u0151re alkalmazkodik.<\/li>\n<li>L\u00e9gy t\u00fcrelmes. A l\u00e1that\u00f3 eredm\u00e9nyek n\u00e9h\u00e1ny h\u00e9tig eltarthatnak, de b\u00edzzon a folyamatban! <\/li>\n<li>Mindig haszn\u00e1ljon naptejet. A Tretinoin kr\u00e9m 0,05% 30g \u00e9rz\u00e9kenyebb\u00e9 teszi a b\u0151rt a napra, ez\u00e9rt a f\u00e9nyv\u00e9d\u0151 faktor nem t\u00e1rgyalhat\u00f3. <\/li>\n<\/ul>\n<hr>\n<h1>Gyakori k\u00e9rd\u00e9sek a Tretinoin kr\u00e9m 0,05% 30g-val kapcsolatban<\/h1>\n<p>\u00d6sszegy\u0171jt\u00f6tt\u00fcnk n\u00e9h\u00e1nyat a leggyakrabban feltett k\u00e9rd\u00e9sek k\u00f6z\u00fcl, hogy biztosak lehess\u00fcnk abban, hogy minden sz\u00fcks\u00e9ges tud\u00e1ssal felv\u00e9rtezt\u00fck:<\/p>\n<h3><strong>1. A Tretinoin mindenki sz\u00e1m\u00e1ra m\u0171k\u00f6dik?<\/strong><\/h3>\n<p>A legt\u00f6bb b\u0151rt\u00edpusn\u00e1l m\u0171k\u00f6dik, de a szuper\u00e9rz\u00e9keny b\u0151r\u0171ekn\u00e9l irrit\u00e1ci\u00f3 l\u00e9phet fel. Ha agg\u00e1lyaid vannak, konzult\u00e1lj b\u0151rgy\u00f3gy\u00e1szoddal, miel\u0151tt elkezden\u00e9d. <\/p>\n<h3><strong>2. Mennyi id\u0151 m\u00falva l\u00e1tok eredm\u00e9nyeket?<\/strong><\/h3>\n<p>M\u00edg egyes felhaszn\u00e1l\u00f3k heteken bel\u00fcl javul\u00e1st \u00e9szlelnek, a teljes eredm\u00e9ny \u00e1ltal\u00e1ban 8-12 h\u00e9tig tart. A j\u00f3 dolgok id\u0151be telnek! <\/p>\n<h3><strong>3. Haszn\u00e1lhatom a Tretinoint m\u00e1s term\u00e9kekkel egy\u00fctt?<\/strong><\/h3>\n<p>Igen, de \u00f3vatosan. Ker\u00fclje a durva b\u0151rrad\u00edrokat, h\u00e1mlaszt\u00f3szereket vagy er\u0151s hat\u00f3anyagokat, mint a benzoil-peroxid vagy az AHA-k\/BHA-k, amikor a Tretinoint kezdi. <\/p>\n<h3><strong>4. Mi t\u00f6rt\u00e9nik, ha a b\u0151r\u00f6m h\u00e1mlik vagy irrit\u00e1ltnak \u00e9rzem?<\/strong><\/h3>\n<p>Ez teljesen norm\u00e1lis a kezdeti \u201etisztul\u00e1si\u201d id\u0151szakban. Tartson ki mellette, hidrat\u00e1ljon, mint egy \u0151r\u00fclt, \u00e9s haszn\u00e1lja a kr\u00e9met ritk\u00e1bban, ha sz\u00fcks\u00e9ges. <\/p>\n<hr>\n<h1>Mi\u00e9rt kell a Tretinoin kr\u00e9m 0,05% 30g, Tretin, H&amp;H a polc\u00e1n lennie?<\/h1>\n<p>L\u00e1ssuk be &#8211; nincs hi\u00e1ny b\u0151r\u00e1pol\u00f3 term\u00e9kekb\u0151l, amelyek \u00edg\u00e9retesek a vil\u00e1gon. De az igazs\u00e1g? Nagyon kev\u00e9s olyan tudom\u00e1nyos bizony\u00edt\u00e9kkal van al\u00e1t\u00e1masztva, mint amivel a Tretinoin b\u00fcszk\u00e9lkedhet. Ak\u00e1r pattan\u00e1sokkal k\u00fczd, ak\u00e1r az \u00f6reged\u00e9s miatt agg\u00f3dik, vagy egyszer\u0171en csak egyenletes b\u0151rsz\u00ednre v\u00e1gyik, a <i>Tretinoin kr\u00e9m 0,05% 30g, Tretin, H&amp;H<\/i> eredm\u00e9nyt ny\u00fajt.   <\/p>\n<p>A 30 g-os form\u00e1tum t\u00f6k\u00e9letes a kezd\u0151k \u00e9s a tapasztalt b\u0151r\u00e1pol\u00e1s szerelmesei sz\u00e1m\u00e1ra egyar\u00e1nt. \u00c9s mivel a term\u00e9k m\u00f6g\u00f6tt a H&amp;H megb\u00edzhat\u00f3 neve \u00e1ll, nyugodt lehetsz, ha tudod, hogy min\u0151s\u00e9get teszel a b\u0151r\u00f6dre. <\/p>\n<hr>\n<h1>F\u0151bb tanuls\u00e1gok \u00e9s z\u00e1r\u00f3 gondolatok<\/h1>\n<p>A Tretinoin Cream 0,05% 30g, k\u00fcl\u00f6n\u00f6sen, ha olyan megb\u00edzhat\u00f3 m\u00e1rk\u00e1k, mint a Tretin \u00e9s a H&amp;H, t\u00e1mogatj\u00e1k, nem jelent probl\u00e9m\u00e1t azok sz\u00e1m\u00e1ra, akik szeretn\u00e9k feldobni b\u0151r\u00e1pol\u00e1si rutinjukat. Igen, t\u00fcrelmet, egy kis pr\u00f3b\u00e1lkoz\u00e1st \u00e9s hib\u00e1t, valamint elk\u00f6telezetts\u00e9get ig\u00e9nyel, de az eredm\u00e9nyek abszol\u00fat meg\u00e9rik. <\/p>\n<p>\u00d6sszefoglalva:<\/p>\n<ul>\n<li>A Tretinoin kr\u00e9m 0,05% 30g seg\u00edt a pattan\u00e1sok elleni k\u00fczdelemben, jav\u00edtja a b\u0151r text\u00far\u00e1j\u00e1t \u00e9s az \u00f6reged\u00e9s jeleit.<\/li>\n<li>A megfelel\u0151 haszn\u00e1lat kulcsfontoss\u00e1g\u00fa az irrit\u00e1ci\u00f3 elker\u00fcl\u00e9se \u00e9rdek\u00e9ben (kezdje lassan, \u00e9s \u00fagy hidrat\u00e1ljon, mintha az \u00e9lete m\u00falna rajta!).<\/li>\n<li>A k\u00f6vetkezetess\u00e9g a hossz\u00fa t\u00e1v\u00fa, ragyog\u00f3 b\u0151r eredm\u00e9nyeinek kulcsa.<\/li>\n<\/ul>\n<p>K\u00e9szen \u00e1llsz arra, hogy \u00e1talak\u00edtsd a b\u0151r\u00e1pol\u00e1sodat? Adja hozz\u00e1 a Tretinoin kr\u00e9m 0,05% 30g, Tretin, H&amp;H-t a sz\u00e9ps\u00e9gszekr\u00e9ny\u00e9hez, \u00e9s hagyja, hogy a var\u00e1zslat elkezd\u0151dj\u00f6n. J\u00f6v\u0151beli \u00f6nmagad meg fogja h\u00e1l\u00e1lni!  <\/p>\n<hr>\n<p><strong>GYIK Gyors \u00f6sszefoglal\u00f3:<\/strong><\/p>\n<ol>\n<li>A Tretinoin h\u00e1ml\u00e1st okoz? (Igen, eleinte r\u00f6vid ideig.) <\/li>\n<li>Mennyi id\u0151 alatt fejti ki hat\u00e1s\u00e1t? (\u00c1ltal\u00e1ban 8-12 h\u00e9t.) <\/li>\n<li>Kombin\u00e1lhatom m\u00e1s hat\u00f3anyagokkal? (\u00d3vatosan &#8211; konzult\u00e1ljon b\u0151rgy\u00f3gy\u00e1sz\u00e1val!) <\/li>\n<\/ol>\n<p>Igyunk a ragyog\u00f3, magabiztos magadra!<\/p>\n<\/div>\n","protected":false},"excerpt":{"rendered":"<p>Fedezze fel a Tretinoin kr\u00e9m 0,05% 30g, Tretin, H&amp;H \u00e1talak\u00edt\u00f3 erej\u00e9t. Mer\u00fclj\u00f6n el ebben a mindenre kiterjed\u0151 \u00fatmutat\u00f3ban, amely r\u00e9szletesen bemutatja el\u0151nyeit, felhaszn\u00e1l\u00e1si m\u00f3djait \u00e9s helyes alkalmaz\u00e1s\u00e1t a ragyog\u00f3, fiatalos b\u0151r\u00e9rt. A megold\u00e1s a pattan\u00e1sokra, az \u00f6reged\u00e9sre \u00e9s m\u00e9g sok m\u00e1sra itt kezd\u0151dik!  <\/p>\n","protected":false},"featured_media":5087,"comment_status":"open","ping_status":"closed","template":"","meta":[],"product_cat":[210],"product_tag":[403,405,404],"class_list":{"0":"post-5085","1":"product","2":"type-product","3":"status-publish","4":"has-post-thumbnail","6":"product_cat-arcapolas","7":"product_tag-tretin-hu","8":"product_tag-tretin-es-hh","9":"product_tag-tretinoin-krem-005-30g","11":"first","12":"instock","13":"taxable","14":"shipping-taxable","15":"purchasable","16":"product-type-simple"},"_links":{"self":[{"href":"https:\/\/tretinoins.com\/hu\/wp-json\/wp\/v2\/product\/5085","targetHints":{"allow":["GET"]}}],"collection":[{"href":"https:\/\/tretinoins.com\/hu\/wp-json\/wp\/v2\/product"}],"about":[{"href":"https:\/\/tretinoins.com\/hu\/wp-json\/wp\/v2\/types\/product"}],"replies":[{"embeddable":true,"href":"https:\/\/tretinoins.com\/hu\/wp-json\/wp\/v2\/comments?post=5085"}],"version-history":[{"count":2,"href":"https:\/\/tretinoins.com\/hu\/wp-json\/wp\/v2\/product\/5085\/revisions"}],"predecessor-version":[{"id":10140,"href":"https:\/\/tretinoins.com\/hu\/wp-json\/wp\/v2\/product\/5085\/revisions\/10140"}],"wp:featuredmedia":[{"embeddable":true,"href":"https:\/\/tretinoins.com\/hu\/wp-json\/wp\/v2\/media\/5087"}],"wp:attachment":[{"href":"https:\/\/tretinoins.com\/hu\/wp-json\/wp\/v2\/media?parent=5085"}],"wp:term":[{"taxonomy":"product_cat","embeddable":true,"href":"https:\/\/tretinoins.com\/hu\/wp-json\/wp\/v2\/product_cat?post=5085"},{"taxonomy":"product_tag","embeddable":true,"href":"https:\/\/tretinoins.com\/hu\/wp-json\/wp\/v2\/product_tag?post=5085"}],"curies":[{"name":"wp","href":"https:\/\/api.w.org\/{rel}","templated":true}]}}