{"id":5080,"date":"2024-01-03T13:59:59","date_gmt":"2024-01-03T13:59:59","guid":{"rendered":"https:\/\/tretinoins.com\/tretinoin-krem-0-025-20g-tretiheal-healing-pharma\/"},"modified":"2026-04-21T10:10:09","modified_gmt":"2026-04-21T08:10:09","slug":"tretinoin-krem-0-025-20g-tretiheal-healing-pharma","status":"publish","type":"product","link":"https:\/\/tretinoins.com\/hu\/tretinoin-krem-0-025-20g-tretiheal-healing-pharma\/","title":{"rendered":"Tretinoin kr\u00e9m 0,025% 20g, Tretiheal, Healing Pharma, Akne elleni, r\u00e1nctalan\u00edt\u00f3 kr\u00e9m"},"content":{"rendered":"<h1>A Tretinoin kr\u00e9m 0,025% 20g erej\u00e9nek kibontakoztat\u00e1sa: Megfizethet\u0151 Tretiheal a Healing Pharm\u00e1t\u00f3l<\/h1>\n<p>Fedezze fel, hogyan jav\u00edthatja dr\u00e1maian b\u0151re eg\u00e9szs\u00e9g\u00e9t a Tretinoin Cream 0,025% 20g, a Healing Pharma megfizethet\u0151 Tretiheal kr\u00e9mje. Fedezze fel el\u0151nyeit, haszn\u00e1lat\u00e1t \u00e9s felhaszn\u00e1l\u00f3i tapasztalatait ebben az \u00e1tfog\u00f3 \u00fatmutat\u00f3ban. <\/p>\n<hr>\n<p>El\u0151fordult m\u00e1r, hogy v\u00e9gtelen sz\u00e1m\u00fa b\u0151r\u00e1pol\u00e1si term\u00e9ket lapozgatott, \u00e9s \u00fagy \u00e9rezte, hogy el\u00e1rasztj\u00e1k a ragyog\u00f3 b\u0151r \u00edg\u00e9retei? Nem vagy egyed\u00fcl! A sz\u00e9ps\u00e9gipar fellend\u00fcl\u00e9s\u00e9vel a lehet\u0151s\u00e9gek k\u00f6z\u00f6tt val\u00f3 v\u00e1logat\u00e1s el\u00e9g neh\u00e9z feladat lehet. De itt van egy kis gy\u00f6ngyszem, amit \u00e9rdemes megfontolnod: <strong>Tretinoin kr\u00e9m 0,025% 20g<\/strong>, a Healing Pharma megfizethet\u0151 \u00e1r\u00fa term\u00e9ke, amely csod\u00e1kra k\u00e9pes a b\u0151r\u00f6ddel.   <\/p>\n<p>Ez nem ak\u00e1rmilyen kr\u00e9m; tele van a retinoid hat\u00f3anyaggal, ami a pattan\u00e1sokkal, finom vonalakkal \u00e9s egyenetlen b\u0151rsz\u00ednnel k\u00fczd\u0151k kedvenc\u00e9v\u00e9 teszi. K\u00edv\u00e1ncsi vagy, hogyan m\u0171k\u00f6dik mindez? Mer\u00fclj\u00fcnk el a Tretinoin leny\u0171g\u00f6z\u0151 vil\u00e1g\u00e1ban!  <\/p>\n<hr>\n<h2>Milyen t\u00edpus\u00fa gy\u00f3gyszer a Tretinoin kr\u00e9m?<\/h2>\n<h3>A tretinoin alapjai<\/h3>\n<p>El\u0151sz\u00f6r is, bontjuk le, hogy mi is val\u00f3j\u00e1ban a Tretinoin. A tretinoin, m\u00e1s n\u00e9ven all-transz-retinsav az A-vitamin sz\u00e1rmaz\u00e9ka. Ez egy er\u0151teljes \u00f6sszetev\u0151, amely felgyors\u00edtja a b\u0151rsejtek cser\u00e9j\u00e9t, seg\u00edt az elhalt h\u00e1msejtek elt\u00e1vol\u00edt\u00e1s\u00e1ban \u00e9s az \u00faj n\u00f6veked\u00e9s el\u0151seg\u00edt\u00e9s\u00e9ben. Egyszer\u0171bben fogalmazva, a b\u0151rt a sz\u00fcrk\u00e9b\u0151l mes\u00e9ss\u00e9 var\u00e1zsolja!  <\/p>\n<h4>Mi\u00e9rt v\u00e1lassza a Tretinoin kr\u00e9m 0,025% 20g-ot?<\/h4>\n<ul>\n<li><strong>A koncentr\u00e1ci\u00f3 sz\u00e1m\u00edt<\/strong>: Ez a k\u00e9sz\u00edtm\u00e9ny 0,025%-os koncentr\u00e1ci\u00f3val t\u00f6k\u00e9letes egyens\u00falyt teremt a kezd\u0151k sz\u00e1m\u00e1ra. El\u00e9g er\u0151s ahhoz, hogy eredm\u00e9nyeket \u00e9rjen el, ugyanakkor gyeng\u00e9d a b\u0151r\u00f6dh\u00f6z. <\/li>\n<li><strong>Megfizethet\u0151 Tretiheal<\/strong>: A Tretinoin kr\u00e9m <i>kedvez\u0151 \u00e1r\u00fa<\/i> megold\u00e1st k\u00edn\u00e1l, an\u00e9lk\u00fcl, hogy a min\u0151s\u00e9gen sp\u00f3rolna.<\/li>\n<\/ul>\n<hr>\n<h2>A Tretinoin kr\u00e9m 0,025% 20g el\u0151nyei<\/h2>\n<p>Teh\u00e1t, mit v\u00e1rhat a Tretinoin Cream 0,025%-os kr\u00e9m be\u00e9p\u00edt\u00e9s\u00e9t\u0151l a b\u0151r\u00e1pol\u00e1si rutinj\u00e1ba? \u00cdme egy gyors \u00f6sszefoglal\u00f3: <\/p>\n<ol>\n<li><strong>Akne elleni k\u00fczdelem<\/strong>: A tretinoin seg\u00edt a p\u00f3rusok elt\u00f6m\u0151d\u00e9s\u00e9nek megsz\u00fcntet\u00e9s\u00e9ben, megel\u0151zve a bosszant\u00f3 pattan\u00e1sokat.<\/li>\n<li><strong>A finom vonalak cs\u00f6kkent\u00e9se<\/strong>: Rendszeres haszn\u00e1lata l\u00e1that\u00f3an cs\u00f6kkentheti a finom vonalak \u00e9s r\u00e1ncok megjelen\u00e9s\u00e9t.<\/li>\n<li><strong>A b\u0151r text\u00far\u00e1j\u00e1nak jav\u00edt\u00e1sa<\/strong>: Mondjon b\u00facs\u00fat az \u00e9rdes foltoknak \u00e9s \u00fcdv\u00f6z\u00f6lje a sim\u00e1bb b\u0151rt!<\/li>\n<li><strong>Egyenetlen b\u0151rsz\u00edn<\/strong>: Viszl\u00e1t, s\u00f6t\u00e9t foltok, hell\u00f3, egyenletes arcsz\u00edn.<\/li>\n<li><strong>Kollag\u00e9ntermel\u00e9s fokoz\u00e1sa<\/strong>: A tretinoinnal nem csak a megl\u00e9v\u0151 probl\u00e9m\u00e1kat kezeli, hanem proakt\u00edvan \u00e1polja b\u0151re rugalmass\u00e1g\u00e1t.<\/li>\n<\/ol>\n<h3>Asztal: Tretinoin kr\u00e9m 0,025% El\u0151ny\u00f6k<\/h3>\n<table>\n<thead>\n<tr>\n<th><strong>El\u0151ny<\/strong><\/th>\n<th><strong>Le\u00edr\u00e1s<\/strong><\/th>\n<\/tr>\n<\/thead>\n<tbody>\n<tr>\n<td>Akne Control<\/td>\n<td>Cs\u00f6kkenti a pattan\u00e1sokat \u00e9s a ki\u00fct\u00e9seket a p\u00f3rusok tiszt\u00e1n tart\u00e1s\u00e1val.<\/td>\n<\/tr>\n<tr>\n<td>R\u00e1nctalan\u00edt\u00e1s<\/td>\n<td>Minimaliz\u00e1lja a finom vonalakat a fiatalos megjelen\u00e9s \u00e9rdek\u00e9ben.<\/td>\n<\/tr>\n<tr>\n<td>Text\u00fara jav\u00edt\u00e1sa<\/td>\n<td>Kisim\u00edtja a b\u0151rfel\u00fcletet a puh\u00e1bb tapint\u00e1s \u00e9rdek\u00e9ben.<\/td>\n<\/tr>\n<tr>\n<td>F\u00e9nyes\u00edt\u0151<\/td>\n<td>Kiegyenl\u00edti a b\u0151r t\u00f3nus\u00e1t, cs\u00f6kkenti a s\u00f6t\u00e9t foltokat.<\/td>\n<\/tr>\n<tr>\n<td>Fokozott kollag\u00e9n<\/td>\n<td>El\u0151seg\u00edti a b\u0151r feszess\u00e9g\u00e9t, fokozza a rugalmass\u00e1got.<\/td>\n<\/tr>\n<\/tbody>\n<\/table>\n<hr>\n<h2>Hogyan kell hat\u00e9konyan haszn\u00e1lni a Tretinoin Cream 0,025% 20g-ot?<\/h2>\n<p>Rendben, megvan a tejsz\u00edn &#8211; most mi lesz? \u00cdme egy egyszer\u0171 \u00fatmutat\u00f3 a Tretinoin Cream 0,025%-os kr\u00e9m optim\u00e1lis haszn\u00e1lat\u00e1hoz. <\/p>\n<h3>L\u00e9p\u00e9sr\u0151l l\u00e9p\u00e9sre t\u00f6rt\u00e9n\u0151 alkalmaz\u00e1s<\/h3>\n<ol>\n<li><strong>Tiszt\u00edt\u00e1s<\/strong>: Kezdje gyeng\u00e9d tiszt\u00edt\u00f3szerrel a szennyez\u0151d\u00e9sek \u00e9s a smink elt\u00e1vol\u00edt\u00e1s\u00e1hoz.<\/li>\n<li><strong>Pat Dry<\/strong>: \u00d3vatosan sz\u00e1r\u00edtsa meg az arc\u00e1t, hogy ne legyen t\u00fal nedves.<\/li>\n<li><strong>Alkalmazza a Tretinoin kr\u00e9met<\/strong>: Haszn\u00e1ljon bors\u00f3nyi mennyis\u00e9get, \u00e9s egyenletesen vigye fel az arc\u00e1ra.<\/li>\n<li><strong>Hidrat\u00e1l\u00e1s<\/strong>: K\u00fcl\u00f6n\u00f6sen a sz\u00e1raz b\u0151r\u0171ek eset\u00e9ben.<\/li>\n<li><strong>A naptej k\u00f6telez\u0151<\/strong>: A tretinoin \u00e9rz\u00e9kenny\u00e9 teheti a b\u0151rt a napf\u00e9nyre.<\/li>\n<\/ol>\n<h3>Tippek els\u0151 alkalommal haszn\u00e1l\u00f3knak<\/h3>\n<ul>\n<li><strong>Kezdje lassan<\/strong>: Kezdje a kr\u00e9m haszn\u00e1lat\u00e1val minden m\u00e1sodik este, hogy a b\u0151re alkalmazkodni tudjon.<\/li>\n<li><strong>Figyeljen az irrit\u00e1ci\u00f3ra<\/strong>: Ha b\u0151rp\u00edrt vagy h\u00e1ml\u00e1st tapasztal, tartson sz\u00fcnetet, vagy haszn\u00e1lja ritk\u00e1bban.<\/li>\n<li><strong>Forduljon szakemberhez<\/strong>: Mindig j\u00f3 \u00f6tlet, ha nem biztos benne, hogyan reag\u00e1l a b\u0151re.<\/li>\n<\/ul>\n<hr>\n<h2>Gyakori mell\u00e9khat\u00e1sok \u00e9s kezel\u00e9s\u00fck m\u00f3dja<\/h2>\n<p>B\u00e1r a Tretinoin egy j\u00e1t\u00e9kv\u00e1lt\u00f3, nem mentes a furcsas\u00e1gokt\u00f3l. A k\u00f6vetkez\u0151kkel tal\u00e1lkozhat: <\/p>\n<h3>Tipikus mell\u00e9khat\u00e1sok<\/h3>\n<ul>\n<li><strong>V\u00f6r\u00f6ss\u00e9g<\/strong>: Ez gyakori, k\u00fcl\u00f6n\u00f6sen az els\u0151 felhaszn\u00e1l\u00f3kn\u00e1l.<\/li>\n<li><strong>H\u00e1moz\u00e1s<\/strong>: A b\u0151r alkalmazkod\u00e1sa sor\u00e1n n\u00e9mi h\u00e1ml\u00e1st \u00e9szlelhet.<\/li>\n<li><strong>Sz\u00e1razs\u00e1g<\/strong>: A sz\u00e1razs\u00e1g elleni k\u00fczdelem \u00e9rdek\u00e9ben gy\u0151z\u0151dj\u00f6n meg r\u00f3la, hogy j\u00f3l hidrat\u00e1l.<\/li>\n<\/ul>\n<h3>A mell\u00e9khat\u00e1sok kezel\u00e9se<\/h3>\n<ul>\n<li>Fontolja meg, hogy hidrat\u00e1l\u00f3 sz\u00e9rumot haszn\u00e1ljon a hidrat\u00e1l\u00f3 kr\u00e9mje al\u00e1.<\/li>\n<li>Irrit\u00e1ci\u00f3 eset\u00e9n \u00e1ll\u00edtsuk be a gyakoris\u00e1got &#8211; nyugodtan lehet\u00fcnk gyeng\u00e9dek!<\/li>\n<li>Hidrat\u00e1ljon &#8211; igyon sok vizet \u00e9s tartsa fenn a kiegyens\u00falyozott \u00e9trendet.<\/li>\n<\/ul>\n<hr>\n<h2>GYIK a Tretinoin kr\u00e9m 0,025% 20g, megfizethet\u0151 Tretihealr\u00f3l<\/h2>\n<h3>Mennyi a Tretinoin Cream 0,025% 20g eltarthat\u00f3s\u00e1gi ideje?<\/h3>\n<p>A Tretinoin kr\u00e9m megfelel\u0151 t\u00e1rol\u00e1s eset\u00e9n \u00e1ltal\u00e1ban 12-18 h\u00f3napig tart. Tartsa t\u00e1vol a k\u00f6zvetlen napf\u00e9nyt\u0151l \u00e9s a t\u00falzott h\u0151t\u0151l! <\/p>\n<h3>Haszn\u00e1lhatom a Tretinoint m\u00e1s b\u0151r\u00e1pol\u00e1si term\u00e9kekkel egy\u00fctt?<\/h3>\n<p>Hat\u00e1rozottan! Csak \u00f3vatosan kombin\u00e1ld m\u00e1s er\u0151s hat\u00f3anyagokkal (p\u00e9ld\u00e1ul AHA-kkal vagy BHA-kkal), hacsak nem tan\u00e1csolnak m\u00e1st, mert irrit\u00e1ci\u00f3hoz vezethet. <\/p>\n<h3>Mennyi id\u0151 m\u00falva l\u00e1tom az eredm\u00e9nyeket?<\/h3>\n<p>A legt\u00f6bb felhaszn\u00e1l\u00f3 6-12 h\u00e9ten bel\u00fcl javul\u00e1st \u00e9szlel! A t\u00fcrelem itt a kulcs; a j\u00f3 dolgok azokhoz j\u00f6nnek, akik v\u00e1rnak! <\/p>\n<h3>A Tretinoin minden b\u0151rt\u00edpusra alkalmas?<\/h3>\n<p>B\u00e1r a Tretinoin minden b\u0151rt\u00edpusra j\u00f3t\u00e9kony hat\u00e1ssal lehet, az \u00e9rz\u00e9keny b\u0151r\u0171eknek \u00f3vatosan kell elj\u00e1rniuk.<\/p>\n<h3>Haszn\u00e1lhatom a Tretinoint, ha terhes vagyok?<\/h3>\n<p>A Tretinoin terhess\u00e9g alatti alkalmaz\u00e1sa el\u0151tt konzult\u00e1ljon kezel\u0151orvos\u00e1val, mivel a retinoidok kock\u00e1zatot jelenthetnek.<\/p>\n<hr>\n<h2>Felhaszn\u00e1l\u00f3i tapasztalatok \u00e9s aj\u00e1nl\u00e1sok<\/h2>\n<p>Sz\u00f3val, mit gondolnak a val\u00f3di felhaszn\u00e1l\u00f3k a <strong>Tretinoin Cream 0,025% 20g, Affordable Tretiheal, Healing Pharma<\/strong> term\u00e9kr\u0151l? \u00cdme n\u00e9h\u00e1ny besz\u00e1mol\u00f3, amely tal\u00e1n inspir\u00e1lja \u00d6nt: <\/p>\n<h3>Sarah, 32 \u00e9ves<\/h3>\n<p><i>\u201eAkkor kezdtem el haszn\u00e1lni a Tretinoint, amikor \u00e9szrevettem, hogy finom vonalak k\u00fasznak be. \u0150szint\u00e9n sz\u00f3lva, kellett p\u00e1r h\u00e9t, mire megszoktam, de most fiatalabbnak t\u0171nik a b\u0151r\u00f6m, mint valaha! El sem hiszem, hogy mennyire megfizethet\u0151!\u201d<\/i><\/p>\n<h3>M\u00e1rk, 25 \u00e9ves<\/h3>\n<p><i>\u201eMint olyan sr\u00e1c, aki id\u0151nk\u00e9nt ki\u00fct\u00e9sekkel k\u00fczd, szkeptikus voltam. De a k\u00fcl\u00f6nbs\u00e9g \u0151r\u00fcletes! A b\u0151r\u00f6m sim\u00e1bb, \u00e9s sokkal magabiztosabbnak \u00e9rzem magam!\u201d<\/i><\/p>\n<h3>Emily, 29 \u00e9ves<\/h3>\n<p><i>\u201eNem akartam egy vagyont k\u00f6lteni b\u0151r\u00e1pol\u00e1sra, \u00e9s ez a Tretinoin kr\u00e9m t\u00f6k\u00e9letes! Megfelel a k\u00f6lts\u00e9gvet\u00e9semnek \u00e9s ragyog\u00f3an ragyog\u00f3v\u00e1 teszi a b\u0151r\u00f6m!\u201d<\/i><\/p>\n<hr>\n<p>A b\u0151r\u00e1pol\u00e1si lehet\u0151s\u00e9gekkel t\u00fal\u00e1rad\u00f3 vil\u00e1gban a Healing Pharma megfizethet\u0151 \u00e1r\u00fa <strong>Tretinoin Cream 0,025% 20g-os Tr<\/strong>etiheal <strong>kr\u00e9mje<\/strong> megb\u00edzhat\u00f3 sz\u00f6vets\u00e9gesk\u00e9nt t\u0171nik ki az eg\u00e9szs\u00e9gesebb b\u0151r el\u00e9r\u00e9s\u00e9hez. Ak\u00e1r pattan\u00e1sokkal k\u00fczd, ak\u00e1r az \u00f6reged\u00e9s jeleivel k\u00fczd, vagy egyszer\u0171en csak jav\u00edtani szeretn\u00e9 arcb\u0151r\u00e9t, ez a kr\u00e9m rengeteg el\u0151nyt k\u00edn\u00e1l el\u00e9rhet\u0151 \u00e1ron. <\/p>\n<p>Most, hogy m\u00e1r tudod, mi\u00e9rt ne pr\u00f3b\u00e1ln\u00e1d ki? A megfelel\u0151 megk\u00f6zel\u00edt\u00e9ssel m\u00e1ris \u00faton lehet a ragyog\u00f3 b\u0151r fel\u00e9, amelyr\u0151l mindig is \u00e1lmodott. Ne feledje, a t\u00fcrelem a kulcs, \u00e9s a k\u00f6vetkezetess\u00e9g kulcsfontoss\u00e1g\u00fa. Boldog b\u0151r\u00e1pol\u00e1si utaz\u00e1st!   <\/p>\n<hr>\n<p>Vedd kezedbe b\u0151r\u00e1pol\u00e1si rutinodat a Tretinoin kr\u00e9m 0,025% 20g seg\u00edts\u00e9g\u00e9vel m\u00e9g ma, \u00e9s alak\u00edtsd \u00e1t b\u0151r\u00f6det l\u00e9p\u00e9sr\u0151l l\u00e9p\u00e9sre!<\/p>\n","protected":false},"excerpt":{"rendered":"<p>Fedezze fel, hogy a Tretinoin kr\u00e9m 0,025% 20g, a Healing Pharma megfizethet\u0151 Tretiheal kr\u00e9mje hogyan jav\u00edthatja dr\u00e1maian b\u0151re eg\u00e9szs\u00e9g\u00e9t. Fedezze fel el\u0151nyeit, haszn\u00e1lat\u00e1t \u00e9s felhaszn\u00e1l\u00f3i tapasztalatait ebben az \u00e1tfog\u00f3 \u00fatmutat\u00f3ban. <\/p>\n","protected":false},"featured_media":5083,"comment_status":"open","ping_status":"closed","template":"","meta":[],"product_cat":[210],"product_tag":[432,416,431],"class_list":{"0":"post-5080","1":"product","2":"type-product","3":"status-publish","4":"has-post-thumbnail","6":"product_cat-arcapolas","7":"product_tag-tretinoin-hu","8":"product_tag-tretinoin-krem-hu","9":"product_tag-tretinoin-krem-0025-20g-hu","11":"first","12":"instock","13":"taxable","14":"shipping-taxable","15":"purchasable","16":"product-type-simple"},"_links":{"self":[{"href":"https:\/\/tretinoins.com\/hu\/wp-json\/wp\/v2\/product\/5080","targetHints":{"allow":["GET"]}}],"collection":[{"href":"https:\/\/tretinoins.com\/hu\/wp-json\/wp\/v2\/product"}],"about":[{"href":"https:\/\/tretinoins.com\/hu\/wp-json\/wp\/v2\/types\/product"}],"replies":[{"embeddable":true,"href":"https:\/\/tretinoins.com\/hu\/wp-json\/wp\/v2\/comments?post=5080"}],"version-history":[{"count":2,"href":"https:\/\/tretinoins.com\/hu\/wp-json\/wp\/v2\/product\/5080\/revisions"}],"predecessor-version":[{"id":10154,"href":"https:\/\/tretinoins.com\/hu\/wp-json\/wp\/v2\/product\/5080\/revisions\/10154"}],"wp:featuredmedia":[{"embeddable":true,"href":"https:\/\/tretinoins.com\/hu\/wp-json\/wp\/v2\/media\/5083"}],"wp:attachment":[{"href":"https:\/\/tretinoins.com\/hu\/wp-json\/wp\/v2\/media?parent=5080"}],"wp:term":[{"taxonomy":"product_cat","embeddable":true,"href":"https:\/\/tretinoins.com\/hu\/wp-json\/wp\/v2\/product_cat?post=5080"},{"taxonomy":"product_tag","embeddable":true,"href":"https:\/\/tretinoins.com\/hu\/wp-json\/wp\/v2\/product_tag?post=5080"}],"curies":[{"name":"wp","href":"https:\/\/api.w.org\/{rel}","templated":true}]}}