{"id":5070,"date":"2024-01-03T14:00:09","date_gmt":"2024-01-03T14:00:09","guid":{"rendered":"https:\/\/tretinoins.com\/tretinoin-krem-0-05-20g-tretiheal-healing-pharma\/"},"modified":"2026-04-22T20:48:36","modified_gmt":"2026-04-22T18:48:36","slug":"tretinoin-krem-0-05-20g-tretiheal-healing-pharma","status":"publish","type":"product","link":"https:\/\/tretinoins.com\/hu\/tretinoin-krem-0-05-20g-tretiheal-healing-pharma\/","title":{"rendered":"Tretinoin kr\u00e9m 0.05 20g, Tretiheal, Healing Pharma, Akne elleni kr\u00e9m, r\u00e1nctalan\u00edt\u00f3 kr\u00e9m, r\u00e1nctalan\u00edt\u00f3 kr\u00e9m."},"content":{"rendered":"<h1>Fedezze fel a Tretinoin kr\u00e9m 0,05 20g erej\u00e9t: Forradalmas\u00edtsa b\u0151r\u00e1pol\u00e1si rutinj\u00e1t<\/h1>\n<hr>\n<p>N\u00e9zett m\u00e1r t\u00fck\u00f6rbe, \u00e9s gondolta, hogy \u201eb\u00e1rcsak egy kicsit jobban n\u00e9zne ki a b\u0151r\u00f6m\u201d? Nos, ezzel nem vagy egyed\u00fcl! A piacon kaphat\u00f3 rengeteg b\u0151r\u00e1pol\u00e1si term\u00e9kkel k\u00f6nny\u0171 t\u00falterheltnek \u00e9rezni magunkat. A tengernyi lehet\u0151s\u00e9g k\u00f6z\u00fcl a Tretinoin Cream 0,05 20g <strong>Tretiheal<\/strong>, a <strong>Healing<\/strong> Pharma term\u00e9ke, a Tretinoin kr\u00e9m 0,05 20g, amely er\u0151teljes b\u0151rre gyakorolt j\u00f3t\u00e9kony hat\u00e1sai miatt egyre nagyobb figyelmet kap. De mi is ez pontosan, \u00e9s mi\u00e9rt kellene a radarodon lennie?    <\/p>\n<p>Ebben a cikkben m\u00e9lyen belemer\u00fcl\u00fcnk mindenbe, amit a Tretinoin kr\u00e9mr\u0151l tudni kell &#8211; el\u0151nyei, haszn\u00e1lata, mell\u00e9khat\u00e1sai \u00e9s m\u00e9g sok m\u00e1s. Az olvas\u00e1s v\u00e9g\u00e9re k\u00e9szen \u00e1llsz majd arra, hogy belev\u00e1gj \u00f6nmagad ragyog\u00f3bb v\u00e1ltozat\u00e1ba! <\/p>\n<hr>\n<h2>Milyen t\u00edpus\u00fa gy\u00f3gyszer a Tretinoin kr\u00e9m 0,05 20g kr\u00e9m?<\/h2>\n<p>A tretinoin, az A-vitamin sz\u00e1rmaz\u00e9ka, a b\u0151rgy\u00f3gy\u00e1szat vil\u00e1g\u00e1nak neh\u00e9zs\u00faly\u00fa bajnoka. \u00c1ltal\u00e1ban pattan\u00e1sok kezel\u00e9s\u00e9re, az \u00f6reged\u00e9s jeleinek cs\u00f6kkent\u00e9s\u00e9re, valamint a b\u0151r \u00e1ltal\u00e1nos text\u00far\u00e1j\u00e1nak \u00e9s t\u00f3nus\u00e1nak jav\u00edt\u00e1s\u00e1ra haszn\u00e1lj\u00e1k. <\/p>\n<h3>Mi\u00e9rt Tretinoin?<\/h3>\n<ul>\n<li><strong>Akne kezel\u00e9s<\/strong>: Seg\u00edt a p\u00f3rusok elt\u00f6m\u0151d\u00e9s\u00e9nek megsz\u00fcntet\u00e9s\u00e9ben, megel\u0151zve ezzel a j\u00f6v\u0151beli pattan\u00e1sokat.<\/li>\n<li><strong>Anti-Aging<\/strong>: Cs\u00f6kkenti a finom vonalakat \u00e9s r\u00e1ncokat, fiatalos ragyog\u00e1st k\u00f6lcs\u00f6n\u00f6z a b\u0151rnek.<\/li>\n<li><strong>B\u0151rt\u00f3nus<\/strong>: Seg\u00edt a s\u00f6t\u00e9t foltok elhalv\u00e1ny\u00edt\u00e1s\u00e1ban \u00e9s a b\u0151rt\u00f3nus kiegyenl\u00edt\u00e9s\u00e9ben.<\/li>\n<\/ul>\n<p>A Tretinoin kr\u00e9m 0,05 20g el\u00e9g nagyot \u00fct a b\u0151rprobl\u00e9m\u00e1kra, \u00edgy sokak sz\u00e1m\u00e1ra n\u00e9pszer\u0171 v\u00e1laszt\u00e1s!<\/p>\n<hr>\n<h2>A Tretiheal el\u0151nye<\/h2>\n<p>Amikor Tretinoin kr\u00e9met keres, cs\u00e1b\u00edt\u00f3 lehet, hogy magas \u00e1r\u00fa m\u00e1rk\u00e1kat v\u00e1lasszon. L\u00e9pjen be a <strong>Tretiheal<\/strong> a <strong>Healing Pharma<\/strong>-t\u00f3l <strong>&#8211; megold\u00e1sk\u00f6zpont\u00fa<\/strong>\u00e9s k\u00f6lts\u00e9gvet\u00e9s-bar\u00e1t. <\/p>\n<h3>Mi\u00e9rt v\u00e1lassza a Tretiheal-t?<\/h3>\n<ul>\n<li><strong>K\u00f6lts\u00e9ghat\u00e9kony<\/strong>: A min\u0151s\u00e9gi b\u0151r\u00e1pol\u00e1snak nem kell a bankot megt\u00f6rnie!<\/li>\n<li><strong>Hat\u00e9kony k\u00e9sz\u00edtm\u00e9ny<\/strong>: \u00c9lvezze a Tretinoin el\u0151nyeit an\u00e9lk\u00fcl, hogy kompromisszumot k\u00f6tne a min\u0151s\u00e9gben.<\/li>\n<li><strong>Megk\u00f6zel\u00edthet\u0151<\/strong>: Sz\u00e9les k\u00f6rben el\u00e9rhet\u0151, neh\u00e9z lesz nem megtal\u00e1lni.<\/li>\n<\/ul>\n<hr>\n<h2>A tudom\u00e1ny a Tretinoin kr\u00e9m 0,05 20g m\u00f6g\u00f6tt<\/h2>\n<h3>Hogyan m\u0171k\u00f6dik?<\/h3>\n<p>A tretinoin sejtszinten fejti ki hat\u00e1s\u00e1t. \u00cdme egy gyors bont\u00e1s: <\/p>\n<ol>\n<li><strong>Cell Turnover<\/strong>: A tretinoin felgyors\u00edtja a b\u0151r term\u00e9szetes h\u00e1ml\u00e1si folyamat\u00e1t.<\/li>\n<li><strong>Kollag\u00e9ntermel\u00e9s<\/strong>: Serkenti a kollag\u00e9ntermel\u00e9st, ami elengedhetetlen a b\u0151r feszess\u00e9g\u00e9nek \u00e9s simas\u00e1g\u00e1nak meg\u0151rz\u00e9s\u00e9hez.<\/li>\n<li><strong>P\u00f3rusok elt\u00f6m\u0151d\u00e9se<\/strong>: Ez a retinoid cs\u00f6kkenti a felesleges olajat, \u00e9s seg\u00edt megel\u0151zni a bosszant\u00f3 feh\u00e9r- \u00e9s mitesszereket.<\/li>\n<\/ol>\n<h3><strong>1. t\u00e1bl\u00e1zat: A Tretinoin Cream 0,05 20g el\u0151nyei<\/strong><\/h3>\n<table>\n<thead>\n<tr>\n<th>El\u0151ny<\/th>\n<th>Le\u00edr\u00e1s<\/th>\n<\/tr>\n<\/thead>\n<tbody>\n<tr>\n<td>Akne megel\u0151z\u00e9se<\/td>\n<td>Elt\u00f6m\u00edti a p\u00f3rusokat \u00e9s megel\u0151zi a j\u00f6v\u0151beli kit\u00f6r\u00e9seket<\/td>\n<\/tr>\n<tr>\n<td>Anti-Aging<\/td>\n<td>Cs\u00f6kkenti a r\u00e1ncok \u00e9s a finom vonalak megjelen\u00e9s\u00e9t.<\/td>\n<\/tr>\n<tr>\n<td>Egyenletes b\u0151rsz\u00edn<\/td>\n<td>Halv\u00e1ny\u00edtja a hiperpigment\u00e1ci\u00f3t \u00e9s a s\u00f6t\u00e9t foltokat<\/td>\n<\/tr>\n<tr>\n<td>Tov\u00e1bbfejlesztett text\u00fara<\/td>\n<td>Sim\u00e1bb \u00e9s puh\u00e1bb b\u0151rt biztos\u00edt<\/td>\n<\/tr>\n<\/tbody>\n<\/table>\n<hr>\n<h2>Hogyan kell haszn\u00e1lni a Tretinoin Cream 0,05 20g-ot?<\/h2>\n<p>A Tretinoin kr\u00e9m haszn\u00e1lata egyszer\u0171, de van n\u00e9h\u00e1ny tipp \u00e9s tr\u00fckk a hat\u00e9konys\u00e1g maximaliz\u00e1l\u00e1s\u00e1ra:<\/p>\n<h3>Jelentkez\u00e9si l\u00e9p\u00e9sek:<\/h3>\n<ol>\n<li><strong>Tiszt\u00edt\u00e1s<\/strong>: Mossa meg arc\u00e1t gyeng\u00e9d tiszt\u00edt\u00f3szerrel, \u00e9s t\u00f6r\u00f6lje sz\u00e1razra.<\/li>\n<li><strong>V\u00e1rjon<\/strong>: Hagyja, hogy a b\u0151r teljesen megsz\u00e1radjon (k\u00f6r\u00fclbel\u00fcl 20-30 perc az ide\u00e1lis).<\/li>\n<li><strong>Jelentkezzen<\/strong>: Haszn\u00e1ljon bors\u00f3nyi mennyis\u00e9get, \u00e9s p\u00f6tty\u00f6zze a homlok\u00e1ra, az arc\u00e1ra, az orr\u00e1ra \u00e9s az \u00e1ll\u00e1ra. Egyenletesen oszlassa el. <\/li>\n<li><strong>Hidrat\u00e1l\u00e1s<\/strong>: A kisz\u00e1rad\u00e1s megel\u0151z\u00e9se \u00e9rdek\u00e9ben haszn\u00e1ljon nem komedog\u00e9n hidrat\u00e1l\u00f3 kr\u00e9met.<\/li>\n<li><strong>Naptej<\/strong>: A tretinoin \u00e9rz\u00e9kenny\u00e9 teheti a b\u0151rt a napf\u00e9nyre.<\/li>\n<\/ol>\n<h3><strong>Fontos tippek<\/strong><\/h3>\n<ul>\n<li>Kezdj lassan! Haszn\u00e1ld minden m\u00e1sodik este, \u00e9s fokozatosan n\u00f6veld az \u00e9jszakai haszn\u00e1latot, ahogy a b\u0151r\u00f6d hozz\u00e1szokik. <\/li>\n<li>Kezdetben ker\u00fclje m\u00e1s er\u0151s term\u00e9kekkel, p\u00e9ld\u00e1ul alfa-hidroxisavakkal vagy C-vitaminnal val\u00f3 kombin\u00e1l\u00e1st.<\/li>\n<li>Maradj k\u00f6vetkezetes! Hetekbe telhet, mire jelent\u0151s eredm\u00e9nyeket \u00e9szlel. <\/li>\n<\/ul>\n<hr>\n<h2>Lehets\u00e9ges mell\u00e9khat\u00e1sok<\/h2>\n<p>B\u00e1r a Tretinoin kr\u00e9m \u00e1ltal\u00e1ban biztons\u00e1gos, mell\u00e9khat\u00e1sokkal j\u00e1rhat &#8211; leggyakrabban:<\/p>\n<ul>\n<li><strong>Sz\u00e1razs\u00e1g \u00e9s h\u00e1ml\u00e1s<\/strong>: Ez a kr\u00e9m hat\u00e1s\u00e1nak jele; hasznos, ha j\u00f3 hidrat\u00e1l\u00f3t haszn\u00e1lsz!<\/li>\n<li><strong>V\u00f6r\u00f6ss\u00e9g<\/strong>: Ez \u00e1ltal\u00e1ban megsz\u0171nik.<\/li>\n<li><strong>Nap\u00e9rz\u00e9kenys\u00e9g<\/strong>: Tartsa b\u0151r\u00e9t v\u00e9dve a napt\u00f3l.<\/li>\n<\/ul>\n<h3><strong>2. t\u00e1bl\u00e1zat: Gyakori mell\u00e9khat\u00e1sok<\/strong><\/h3>\n<table>\n<thead>\n<tr>\n<th>Mell\u00e9khat\u00e1s<\/th>\n<th>Le\u00edr\u00e1s<\/th>\n<\/tr>\n<\/thead>\n<tbody>\n<tr>\n<td>Sz\u00e1razs\u00e1g \u00e9s h\u00e1ml\u00e1s<\/td>\n<td>Gyakori, gyakran javul a haszn\u00e1lattal<\/td>\n<\/tr>\n<tr>\n<td>V\u00f6r\u00f6ss\u00e9g<\/td>\n<td>\u00c1tmeneti, \u00e1ltal\u00e1ban elm\u00falik<\/td>\n<\/tr>\n<tr>\n<td>Nap\u00e9rz\u00e9kenys\u00e9g<\/td>\n<td>Fokozott kock\u00e1zat, viseljen napv\u00e9d\u0151 kr\u00e9met<\/td>\n<\/tr>\n<\/tbody>\n<\/table>\n<hr>\n<h2>GYIK a Tretinoin kr\u00e9m 0,05 20g-r\u00f3l<\/h2>\n<h3>1. Haszn\u00e1lhatom a Tretinoint, ha terhes vagyok?<\/h3>\n<p>Terhess\u00e9g vagy szoptat\u00e1s alatt \u00e1ltal\u00e1ban nem aj\u00e1nlott. Minden \u00faj gy\u00f3gyszeres kezel\u00e9s megkezd\u00e9se el\u0151tt mindig konzult\u00e1ljon kezel\u0151orvos\u00e1val. <\/p>\n<h3>2. Mennyi id\u0151be telik, am\u00edg eredm\u00e9nyeket l\u00e1tok?<\/h3>\n<p>El\u0151fordulhat, hogy 4-6 h\u00e9ten bel\u00fcl javul\u00e1st tapasztal, de az optim\u00e1lis eredm\u00e9ny 3-6 h\u00f3napig tarthat.<\/p>\n<h3>3. Haszn\u00e1lhatok m\u00e1s b\u0151r\u00e1pol\u00e1si term\u00e9keket a Tretinoinnal egy\u00fctt?<\/h3>\n<p>Igen, de l\u00e9gy \u00f3vatos. Ker\u00fclje az er\u0151s term\u00e9kek haszn\u00e1lat\u00e1t, k\u00fcl\u00f6n\u00f6sen az elej\u00e9n. Fontolja meg, hogy v\u00e1rjon n\u00e9h\u00e1ny \u00f3r\u00e1t m\u00e1s kezel\u00e9sek alkalmaz\u00e1sa k\u00f6z\u00f6tt.  <\/p>\n<h3>4. A Tretinoin minden b\u0151rt\u00edpusra alkalmas?<\/h3>\n<p>B\u00e1r a legt\u00f6bb ember sz\u00e1m\u00e1ra hat\u00e9kony, a nagyon \u00e9rz\u00e9keny b\u0151r\u0171ek \u00f3vatosan j\u00e1rjanak el. A b\u0151rgy\u00f3gy\u00e1sz seg\u00edthet az \u00d6nre szabott terv kidolgoz\u00e1s\u00e1ban. <\/p>\n<hr>\n<h2>A l\u00e9nyeg<\/h2>\n<p>Di\u00f3h\u00e9jban a Tretinoin Cream 0,05 20g a <strong>Tretiheal<\/strong> by <strong>Healing<\/strong> Pharma term\u00e9kcsal\u00e1db\u00f3l kipr\u00f3b\u00e1lt \u00e9s bev\u00e1lt megold\u00e1sk\u00e9nt t\u0171nik ki a b\u0151r megjelen\u00e9s\u00e9nek jav\u00edt\u00e1s\u00e1ra. A pattan\u00e1sok elleni k\u00fczdelem, az \u00f6reged\u00e9s jeleinek cs\u00f6kkent\u00e9se \u00e9s a b\u0151rt\u00f3nus kiegyenl\u00edt\u00e9se ter\u00e9n mutatott leny\u0171g\u00f6z\u0151 k\u00e9pess\u00e9g\u00e9vel mindenk\u00e9ppen \u00e9rdemes megfontolni b\u0151r\u00e1pol\u00e1si rutinj\u00e1ban. <\/p>\n<p>Teh\u00e1t, ha eg\u00e9szs\u00e9gesebb, fiatalosabb b\u0151rt szeretn\u00e9l, mi\u00e9rt ne adn\u00e1l egy es\u00e9lyt ennek az er\u0151m\u0171nek? Fogadja el a ragyog\u00f3 b\u0151r fel\u00e9 vezet\u0151 utat, \u00e9s figyelje, ahogy a Tretinoin \u00e1talak\u00edtja a napi b\u0151r\u00e1pol\u00e1si rendj\u00e9t! <\/p>\n<hr>\n<p>A b\u0151r\u00e1pol\u00e1s vil\u00e1g\u00e1ban val\u00f3 navig\u00e1l\u00e1s olyan lehet, mintha egy labirintusban bolyongan\u00e1l, de az olyan term\u00e9kekkel, mint a<strong> Tretiheal<\/strong> <strong>Tretinoin Cream 0,05 20g<\/strong>, megb\u00edzhat\u00f3 t\u00e9rk\u00e9ppel rendelkezel! Ne feledje, a k\u00f6vetkezetess\u00e9g a kulcs, \u00e9s a tud\u00e1s a legjobb sz\u00f6vets\u00e9gese. Ak\u00e1r a pattan\u00e1sok ellen, ak\u00e1r az \u00f6reged\u00e9s jelei ellen, vagy egyszer\u0171en csak az arcb\u0151r\u00e9n szeretne jav\u00edtani, a Tretinoin kr\u00e9m alkalmaz\u00e1sa lehet a bel\u00e9p\u0151jegye \u00e1lmai b\u0151r\u00e9nek el\u00e9r\u00e9s\u00e9hez.  <\/p>\n<p>Sz\u00f3val rajta &#8211; k\u00f3stoljon bele a Tretinoin \u00f6r\u00f6meibe, \u00e9s tegye meg az els\u0151 l\u00e9p\u00e9st a legjobb b\u0151re fel\u00e9!<\/p>\n<hr>\n<h3>B\u0151r\u00e1pol\u00e1si utaz\u00e1sod v\u00e1r!<\/h3>\n<ul>\n<li><strong>Maradj mellette<\/strong>: Mint sok j\u00f3 dolog, a t\u00fcrelem kifizet\u0151dik!<\/li>\n<li><strong>Tanulj tov\u00e1bb<\/strong>: Maradjon t\u00e1j\u00e9kozott a b\u0151r\u00e1pol\u00e1s \u00f6sszetev\u0151ivel \u00e9s gyakorlat\u00e1val kapcsolatban.<\/li>\n<li><strong>K\u00e9rjen seg\u00edts\u00e9get<\/strong>: Ne habozzon szem\u00e9lyre szabott tan\u00e1cs\u00e9rt b\u0151rgy\u00f3gy\u00e1szhoz fordulni.<\/li>\n<\/ul>\n<p>Ne feledje, a sz\u00e9ps\u00e9g bel\u00fclr\u0151l fakad, de egy kis seg\u00edts\u00e9g a Tretinoin kr\u00e9m 0,05 20g-t\u00f3l biztosan nem \u00e1rt!<\/p>\n<p>&nbsp;<\/p>\n<div data-pm-slice=\"0 0 []\" data-en-clipboard=\"true\">A b\u0151r\u00e1pol\u00e1s folyamatosan fejl\u0151d\u0151 vil\u00e1g\u00e1ban kev\u00e9s olyan term\u00e9k \u00e1llta ki az id\u0151 pr\u00f3b\u00e1j\u00e1t, mint a tretinoin kr\u00e9m. Az \u00f6reged\u00e9sg\u00e1tl\u00f3 \u00e9s pattan\u00e1sok elleni tulajdons\u00e1gai miatt gyakran szent gr\u00e1lk\u00e9nt emlegetett 0,05%-os tretinoin kr\u00e9m 20 g-os tubusban hat\u00e9kony megold\u00e1st k\u00edn\u00e1l a legnehezebb b\u0151rprobl\u00e9m\u00e1kra. Ez a cikk elm\u00e9ly\u00fcl a tretinoin m\u0171k\u00f6d\u00e9s\u00e9ben, el\u0151nyeiben, alkalmaz\u00e1si tippekben \u00e9s abban, hogy mire sz\u00e1m\u00edthatsz, ha ezt az er\u0151m\u0171vet be\u00e9p\u00edted a b\u0151r\u00e1pol\u00e1sodba.  <\/div>\n<hr>\n<h3>Milyen t\u00edpus\u00fa gy\u00f3gyszer a Tretinoin?<\/h3>\n<div>A tretinoin, az A-vitamin sz\u00e1rmaz\u00e9ka, a retinoidok n\u00e9ven ismert gy\u00f3gyszercsoportba tartozik. Eredetileg az akne kezel\u00e9s\u00e9re fejlesztett\u00e9k ki, de ma m\u00e1r sz\u00e9les k\u00f6rben haszn\u00e1lj\u00e1k sz\u00e9les spektrum\u00fa el\u0151nyei miatt, bele\u00e9rtve az \u00f6reged\u00e9sg\u00e1tl\u00e1st \u00e9s a b\u0151r text\u00far\u00e1j\u00e1nak jav\u00edt\u00e1s\u00e1t. A tretinoin \u00fagy m\u0171k\u00f6dik, hogy befoly\u00e1solja a sejtforgalmat \u00e9s \u00f6szt\u00f6nzi a r\u00e9gi, elhalt h\u00e1msejtek lev\u00e1l\u00e1s\u00e1t, ami seg\u00edt minimaliz\u00e1lni az akn\u00e9s ki\u00fct\u00e9seket \u00e9s felt\u00e1rni az alatta l\u00e9v\u0151 \u00fajabb, eg\u00e9szs\u00e9gesebb b\u0151rt.  <\/div>\n<h4>Hogyan fejti ki hat\u00e1s\u00e1t a Tretinoin Cream 0,05 20g:<\/h4>\n<ul>\n<li>\n<div><b>Fokozza a kollag\u00e9ntermel\u00e9st:<\/b> A tretinoin serkenti a kollag\u00e9nszint\u00e9zist, ami feszesebb, rugalmasabb b\u0151rt eredm\u00e9nyez.<\/div>\n<\/li>\n<li>\n<div><b>H\u00e1mlasztja a fels\u0151 b\u0151rr\u00e9tegeket:<\/b> Seg\u00edt elhalv\u00e1ny\u00edtani az elsz\u00ednez\u0151d\u00e9seket \u00e9s cs\u00f6kkenteni a finom vonalak megjelen\u00e9s\u00e9t.<\/div>\n<\/li>\n<li>\n<div><b>Elt\u00f6m\u00edti a p\u00f3rusokat:<\/b> Megakad\u00e1lyozza, hogy az elhalt sejtek elt\u00f6m\u00edts\u00e9k a p\u00f3rusokat, cs\u00f6kkenti az \u00faj pattan\u00e1sok kialakul\u00e1s\u00e1t, \u00e9s el\u0151seg\u00edti a tiszt\u00e1bb arcsz\u00ednt.<\/div>\n<\/li>\n<\/ul>\n<hr>\n<h3>A Tretinoin kr\u00e9m 0,05 20g el\u0151nyei<\/h3>\n<h4>1. <b>Anti-Aging hat\u00e1sok<\/b><\/h4>\n<div>A tretinoint a finom vonalak, r\u00e1ncok \u00e9s \u00f6regs\u00e9gi foltok cs\u00f6kkent\u00e9s\u00e9re val\u00f3 k\u00e9pess\u00e9g\u00e9\u00e9rt \u00fcnneplik. Az\u00e1ltal, hogy el\u0151seg\u00edti az \u00faj sejtek n\u00f6veked\u00e9s\u00e9t \u00e9s a kollag\u00e9ntermel\u00e9st, seg\u00edt fenntartani a b\u0151r rugalmass\u00e1g\u00e1t \u00e9s simas\u00e1g\u00e1t, hat\u00e9konyan visszaforgatva a b\u0151r \u00f6reged\u00e9s\u00e9nek idej\u00e9t. Rendszeres haszn\u00e1lata kifejezetten feszesebb, fiatalosabb b\u0151rt eredm\u00e9nyezhet.  <\/div>\n<h4>2. <b>Akne kezel\u00e9s<\/b><\/h4>\n<div>A tretinoin k\u00e9pes felgyors\u00edtani a sejtek cser\u00e9j\u00e9t, \u00edgy hat\u00e9kony kezel\u00e9s az akne kezel\u00e9s\u00e9re. Seg\u00edt megel\u0151zni a komed\u00f3k (a pattan\u00e1sok el\u0151fut\u00e1rai) kialakul\u00e1s\u00e1t, cs\u00f6kkenti a gyullad\u00e1st, \u00e9s seg\u00edt meggy\u00f3gy\u00edtani a megl\u00e9v\u0151 pattan\u00e1sos elv\u00e1ltoz\u00e1sokat, utat nyitva a sim\u00e1bb b\u0151rnek. <\/div>\n<h4>3. <b>Jav\u00edtja a b\u0151r text\u00far\u00e1j\u00e1t \u00e9s t\u00f3nus\u00e1t<\/b><\/h4>\n<div>A tretinoin rendszeres alkalmaz\u00e1sa egyenletesebb b\u0151rt\u00f3nust eredm\u00e9nyezhet. Seg\u00edt cs\u00f6kkenteni a hiperpigment\u00e1ci\u00f3t, p\u00e9ld\u00e1ul a napfoltokat \u00e9s a melaszm\u00e1t, \u00e9s kiegyenl\u00edtheti a b\u0151r text\u00far\u00e1j\u00e1t, \u00edgy kifinomultabb arcsz\u00ednt k\u00f6lcs\u00f6n\u00f6z \u00d6nnek. <\/div>\n<hr>\n<h3>A Tretinoin Cream 0,05 20g kr\u00e9m be\u00e9p\u00edt\u00e9se a rutinj\u00e1ba<\/h3>\n<div>A tretinoin bevezet\u00e9se a b\u0151r\u00e1pol\u00e1si rutinba t\u00fcrelmet \u00e9s gondoss\u00e1got ig\u00e9nyel. \u00cdme n\u00e9h\u00e1ny tipp a hat\u00e9kony \u00e9s biztons\u00e1gos haszn\u00e1lathoz: <\/div>\n<h4>Lassan kezdj\u00fcnk<\/h4>\n<ul>\n<li>\n<div>Kezdje egy bors\u00f3nyi mennyis\u00e9ggel, amelyet n\u00e9h\u00e1ny \u00e9jszak\u00e1nk\u00e9nt egyszer alkalmazzon. Fokozatosan n\u00f6velje a gyakoris\u00e1got, ahogy a b\u0151re kialak\u00edtja a t\u0171r\u0151k\u00e9pess\u00e9g\u00e9t. <\/div>\n<\/li>\n<li>\n<div>Mindig tiszta, sz\u00e1raz b\u0151rre vigye fel. V\u00e1rjon 15-20 percet arcmos\u00e1s ut\u00e1n, hogy cs\u00f6kkentse az irrit\u00e1ci\u00f3t. <\/div>\n<\/li>\n<\/ul>\n<h4>Legyen \u00f3vatos a napoz\u00e1ssal<\/h4>\n<ul>\n<li>\n<div>A tretinoin n\u00f6veli a b\u0151r nap\u00e9rz\u00e9kenys\u00e9g\u00e9t. Mindig haszn\u00e1ljon sz\u00e9les spektrum\u00fa, legal\u00e1bb 30-as f\u00e9nyv\u00e9d\u0151 faktor\u00fa f\u00e9nyv\u00e9d\u0151 kr\u00e9met naponta, m\u00e9g felh\u0151s napokon is. <\/div>\n<\/li>\n<li>\n<div>Fontolja meg a tretinoin \u00e9jszakai haszn\u00e1lat\u00e1t, hogy minimaliz\u00e1lja a napf\u00e9nynek val\u00f3 kitetts\u00e9get.<\/div>\n<\/li>\n<\/ul>\n<h4>Hidrat\u00e1ljon<\/h4>\n<ul>\n<li>\n<div>Haszn\u00e1ljon gyeng\u00e9d hidrat\u00e1l\u00f3t az esetleges sz\u00e1razs\u00e1g \u00e9s h\u00e1ml\u00e1s ellen.<\/div>\n<\/li>\n<li>\n<div>Ha jelent\u0151s irrit\u00e1ci\u00f3t tapasztal, konzult\u00e1ljon b\u0151rgy\u00f3gy\u00e1sz\u00e1val a tretinoin mell\u00e9 v\u00e9ny n\u00e9lk\u00fcl kaphat\u00f3 hidrat\u00e1l\u00f3 kr\u00e9m haszn\u00e1lat\u00e1r\u00f3l.<\/div>\n<\/li>\n<\/ul>\n<h4>Kezdetben ker\u00fclje a m\u00e1s hat\u00f3anyagokkal val\u00f3 kombin\u00e1l\u00e1st<\/h4>\n<ul>\n<li>\n<div>Legyen \u00f3vatos, ha a tretinoint m\u00e1s hat\u00f3anyagokkal, p\u00e9ld\u00e1ul benzoil-peroxiddal, AHA-kkal vagy BHA-kkal egy\u00fctt haszn\u00e1lja, mivel ezek fokozhatj\u00e1k az irrit\u00e1ci\u00f3t.<\/div>\n<\/li>\n<\/ul>\n<hr>\n<h3>Mire sz\u00e1m\u00edtson<\/h3>\n<div>A tretinoin kezel\u00e9s megkezd\u00e9sekor nem ritka, hogy a b\u0151r kisz\u00e1rad, h\u00e1mlik vagy enyhe irrit\u00e1ci\u00f3t tapasztal &#8211; ezt gyakran \u201etretinoin-tisztul\u00e1snak\u201d nevezik. Ezek jellemz\u0151en \u00e1tmenetiek, \u00e9s megfelel\u0151 b\u0151r\u00e1pol\u00e1ssal \u00e9s hidrat\u00e1l\u00e1ssal kezelhet\u0151k. Az eredm\u00e9nyek megjelen\u00e9se t\u00f6bb h\u00e9tig is eltarthat, de a kitart\u00e1s kifizet\u0151dik, mivel a b\u0151r tisztas\u00e1ga \u00e9s text\u00far\u00e1ja \u00e9szrevehet\u0151en javul.  <\/div>\n<h3>Lehets\u00e9ges mell\u00e9khat\u00e1sok<\/h3>\n<div>Mint minden hat\u00e1sos b\u0151r\u00e1pol\u00f3 kezel\u00e9s, a tretinoin is okozhat mell\u00e9khat\u00e1sokat, k\u00fcl\u00f6n\u00f6sen, amikor el\u0151sz\u00f6r kezdi el haszn\u00e1lni. A gyakori mell\u00e9khat\u00e1sok k\u00f6z\u00e9 tartoznak: <\/div>\n<ul>\n<li>\n<div>V\u00f6r\u00f6ss\u00e9g \u00e9s irrit\u00e1ci\u00f3<\/div>\n<\/li>\n<li>\n<div>A b\u0151r sz\u00e1razs\u00e1ga \u00e9s h\u00e1ml\u00e1sa<\/div>\n<\/li>\n<li>\n<div>Fokozott \u00e9rz\u00e9kenys\u00e9g a napf\u00e9nyre<\/div>\n<\/li>\n<\/ul>\n<div>L\u00e9nyeges, hogy figyelemmel k\u00eds\u00e9rje b\u0151re reakci\u00f3j\u00e1t, \u00e9s sz\u00fcks\u00e9g eset\u00e9n m\u00f3dos\u00edtsa a gyakoris\u00e1got vagy az alkalmaz\u00e1si m\u00f3dszereket.<\/div>\n<hr>\n<div>A Tretinoin kr\u00e9m 0,05 20g hat\u00e9kony eszk\u00f6z minden b\u0151r\u00e1pol\u00f3 reperto\u00e1rban, mivel jelent\u0151s \u00f6reged\u00e9sg\u00e1tl\u00f3 el\u0151ny\u00f6ket \u00e9s hat\u00e9kony pattan\u00e1skezel\u00e9st k\u00edn\u00e1l. K\u00f6vetkezetes haszn\u00e1lat\u00e1val dr\u00e1maian jav\u00edthatja a b\u0151r text\u00far\u00e1j\u00e1t, t\u00f3nus\u00e1t \u00e9s \u00e1ltal\u00e1nos megjelen\u00e9s\u00e9t. Azonban, mint minden kezel\u00e9sn\u00e9l, itt is elengedhetetlen, hogy felel\u0151ss\u00e9gteljesen \u00e9s \u00fatmutat\u00e1s mellett haszn\u00e1ld, k\u00fcl\u00f6n\u00f6sen, ha m\u00e9g \u00faj vagy a retinoidok ter\u00e9n. Mindig konzult\u00e1ljon b\u0151rgy\u00f3gy\u00e1sszal, hogy a haszn\u00e1lat\u00e1t az \u00d6n b\u0151rt\u00edpus\u00e1nak \u00e9s probl\u00e9m\u00e1inak megfelel\u0151en alak\u00edtsa ki.   <\/div>\n<div>Kezdje az utaz\u00e1st a Tretinoin Cream 0,05 20g kr\u00e9mmel m\u00e9g ma, \u00e9s fedezze fel a ragyog\u00f3, fiatalos b\u0151r titk\u00e1t, amely dacol a korral \u00e9s a foltokkal egyar\u00e1nt. B\u0151re meg fogja k\u00f6sz\u00f6nni! <\/div>\n<div><b>[Mindig konzult\u00e1ljon eg\u00e9szs\u00e9g\u00fcgyi szakemberrel, miel\u0151tt \u00faj kezel\u00e9st kezd, k\u00fcl\u00f6n\u00f6sen, ha \u00e9rz\u00e9keny a b\u0151re, vagy m\u00e1s b\u0151rgy\u00f3gy\u00e1szati kezel\u00e9s alatt \u00e1ll.]<\/b><\/div>\n<hr>\n","protected":false},"excerpt":{"rendered":"<p>Fedezze fel a Tretinoin kr\u00e9m 0,05 20g Tretiheal, a Healing Pharma megold\u00e1s\u00e1nak el\u0151nyeit. Ismerje meg felhaszn\u00e1l\u00e1si m\u00f3djait, alkalmaz\u00e1si tippjeit \u00e9s a gyakori k\u00e9rd\u00e9sekre adott v\u00e1laszokat ebben az \u00e1tfog\u00f3 \u00fatmutat\u00f3ban. <\/p>\n","protected":false},"featured_media":5072,"comment_status":"open","ping_status":"closed","template":"","meta":[],"product_cat":[210],"product_tag":[544,543,432,416,542],"class_list":{"0":"post-5070","1":"product","2":"type-product","3":"status-publish","4":"has-post-thumbnail","6":"product_cat-arcapolas","7":"product_tag-gyogyito-pharma","8":"product_tag-megfizetheto-tretiheal","9":"product_tag-tretinoin-hu","10":"product_tag-tretinoin-krem-hu","11":"product_tag-tretinoin-krem-005-20g","13":"first","14":"instock","15":"taxable","16":"shipping-taxable","17":"purchasable","18":"product-type-simple"},"_links":{"self":[{"href":"https:\/\/tretinoins.com\/hu\/wp-json\/wp\/v2\/product\/5070","targetHints":{"allow":["GET"]}}],"collection":[{"href":"https:\/\/tretinoins.com\/hu\/wp-json\/wp\/v2\/product"}],"about":[{"href":"https:\/\/tretinoins.com\/hu\/wp-json\/wp\/v2\/types\/product"}],"replies":[{"embeddable":true,"href":"https:\/\/tretinoins.com\/hu\/wp-json\/wp\/v2\/comments?post=5070"}],"version-history":[{"count":2,"href":"https:\/\/tretinoins.com\/hu\/wp-json\/wp\/v2\/product\/5070\/revisions"}],"predecessor-version":[{"id":10204,"href":"https:\/\/tretinoins.com\/hu\/wp-json\/wp\/v2\/product\/5070\/revisions\/10204"}],"wp:featuredmedia":[{"embeddable":true,"href":"https:\/\/tretinoins.com\/hu\/wp-json\/wp\/v2\/media\/5072"}],"wp:attachment":[{"href":"https:\/\/tretinoins.com\/hu\/wp-json\/wp\/v2\/media?parent=5070"}],"wp:term":[{"taxonomy":"product_cat","embeddable":true,"href":"https:\/\/tretinoins.com\/hu\/wp-json\/wp\/v2\/product_cat?post=5070"},{"taxonomy":"product_tag","embeddable":true,"href":"https:\/\/tretinoins.com\/hu\/wp-json\/wp\/v2\/product_tag?post=5070"}],"curies":[{"name":"wp","href":"https:\/\/api.w.org\/{rel}","templated":true}]}}