{"id":5066,"date":"2024-01-03T14:00:14","date_gmt":"2024-01-03T14:00:14","guid":{"rendered":"https:\/\/tretinoins.com\/tretinoin-gel-005-20g-menarini-a-ret\/"},"modified":"2026-04-21T11:56:41","modified_gmt":"2026-04-21T09:56:41","slug":"tretinoin-gel-005-20g-menarini-a-ret","status":"publish","type":"product","link":"https:\/\/tretinoins.com\/hu\/tretinoin-gel-005-20g-menarini-a-ret\/","title":{"rendered":"Tretinoin g\u00e9l 0.05 20g, Menarini, A-Ret, Akne elleni, r\u00e1nctalan\u00edt\u00f3, r\u00e1nctalan\u00edt\u00f3"},"content":{"rendered":"<div data-pm-slice=\"1 1 []\" data-en-clipboard=\"true\">Ha b\u0151r\u00e1pol\u00e1sr\u00f3l van sz\u00f3, kev\u00e9s t\u00e9ma kelt akkora felhajt\u00e1st, mint a Tretinoin g\u00e9l. \u00c9s ha ismer\u0151s vagy, val\u00f3sz\u00edn\u0171leg hallott\u00e1l m\u00e1r suttog\u00e1sokat &#8211; tal\u00e1n m\u00e9g lelkes kiab\u00e1l\u00e1sokat is &#8211; a <b>Tretinoin Gel 0,05 20g, Menarini, A-Ret<\/b>. Ha vakargatod a fejed, hogy vajon mi is ez a var\u00e1zsital pontosan, akkor j\u00f3 helyen j\u00e1rsz! Sz\u00f3val, csatolj be, amikor belemer\u00fcl\u00fcnk a Tretinoin vil\u00e1g\u00e1ba, megfejtj\u00fck a rejt\u00e9lyeit, \u00e9s megtudod, hogyan illesztheted be a rutinodba, hogy el\u00e9rd az \u00e1h\u00edtott ragyog\u00e1st.   <\/div>\n<div>A tretinoin, az A-vitamin sz\u00e1rmaz\u00e9ka, a b\u0151r\u00e1pol\u00e1sban nagyhatalomk\u00e9nt szerzett mag\u00e1nak h\u00edrnevet. A felhaszn\u00e1l\u00f3k \u00e1radoznak arr\u00f3l, hogy k\u00e9pes cs\u00f6kkenteni a finom vonalak megjelen\u00e9s\u00e9t, lek\u00fczdeni a pattan\u00e1sokat \u00e9s kiegyenl\u00edteni a b\u0151r t\u00f3nus\u00e1t. De a nagy hatalommal nagy felel\u0151ss\u00e9g is j\u00e1r! Ez az \u00fatmutat\u00f3 mindent r\u00e9szletez az \u00f6sszetev\u0151it\u0151l kezdve a hat\u00e1smechanizmus\u00e1ig, az alkalmaz\u00e1si m\u00f3dszerekig, a lehets\u00e9ges buktat\u00f3kig, s\u0151t, m\u00e9g n\u00e9h\u00e1ny GYIK-et is &#8211; mert tudjuk, hogy vannak k\u00e9rd\u00e9seid!   <\/div>\n<h3>Mit\u0151l olyan k\u00fcl\u00f6nleges a Tretinoin?<\/h3>\n<div>Miel\u0151tt r\u00e9szletes tartalomjegyz\u00e9k\u00fcnkbe ugran\u00e1nk, n\u00e9zz\u00fck meg egy kicsit a Tretinoin h\u00e1tter\u00e9t. Sok m\u00e1s b\u0151r\u00e1pol\u00e1si \u00f6sszetev\u0151vel ellent\u00e9tben ez a g\u00e9l sejtszinten m\u0171k\u00f6dik, el\u0151seg\u00edti a sejtek cser\u00e9j\u00e9t, \u00e9s seg\u00edt, hogy a b\u0151r frissnek \u00e9s fiatalosnak t\u0171nj\u00f6n. Nemcsak a kollag\u00e9ntermel\u00e9st fokozza, hanem a p\u00f3rusokat is kitiszt\u00edtja &#8211; besz\u00e9lj\u00fcnk egy multitaskerr\u0151l!  <\/div>\n<div><\/div>\n<div>\n<hr>\n<\/div>\n<ol>\n<li>\n<div>Milyen t\u00edpus\u00fa gy\u00f3gyszer a Tretinoin Gel 0,05%?<\/div>\n<\/li>\n<li>\n<div>A Tretinoin Gel 0,05%, 20g, Menarini, A-Ret el\u0151nyei<\/div>\n<\/li>\n<li>\n<div>Hogyan kell hat\u00e9konyan haszn\u00e1lni a Tretinoin g\u00e9lt?<\/div>\n<ul>\n<li>\n<div>Alkalmaz\u00e1si l\u00e9p\u00e9sek<\/div>\n<\/li>\n<li>\n<div>Haszn\u00e1lat gyakoris\u00e1ga<\/div>\n<\/li>\n<li>\n<div>Tippek kezd\u0151knek<\/div>\n<\/li>\n<\/ul>\n<\/li>\n<li>\n<div>Lehets\u00e9ges mell\u00e9khat\u00e1sok<\/div>\n<\/li>\n<li>\n<div>Kinek kell haszn\u00e1lni a Tretinoint?<\/div>\n<\/li>\n<li>\n<div>Tretinoin vs. M\u00e1s retinoidok<\/div>\n<\/li>\n<li>\n<div>GYIK<\/div>\n<\/li>\n<li>\n<div>K\u00f6vetkeztet\u00e9s<\/div>\n<\/li>\n<\/ol>\n<hr>\n<h3>1. Milyen t\u00edpus\u00fa gy\u00f3gyszer a Tretinoin Gel 0,05 20g?<\/h3>\n<div>A Tretinoin Gel 0,05 20g, Menarini, A-Ret egy helyi kezel\u00e9s, amelyet els\u0151sorban akne kezel\u00e9s\u00e9re \u00e9s a b\u0151r megjelen\u00e9s\u00e9nek jav\u00edt\u00e1s\u00e1ra haszn\u00e1lnak. Ez a g\u00e9l formul\u00e1ci\u00f3 k\u00f6nny\u0171, gyorsan behatol a b\u0151rbe, \u00e9s kev\u00e9sb\u00e9 zs\u00edros a kr\u00e9mekhez k\u00e9pest, ami sokak sz\u00e1m\u00e1ra el\u0151ny\u00f6s v\u00e1laszt\u00e1ss\u00e1 teszi. A 0,05%-os koncentr\u00e1ci\u00f3val egyens\u00falyt teremt a hat\u00e9konys\u00e1g \u00e9s a toler\u00e1lhat\u00f3s\u00e1g k\u00f6z\u00f6tt, \u00edgy k\u00fcl\u00f6nb\u00f6z\u0151 b\u0151rt\u00edpusok sz\u00e1m\u00e1ra alkalmas.  <\/div>\n<h4>Kulcsfontoss\u00e1g\u00fa \u00f6sszetev\u0151k:<\/h4>\n<ul>\n<li>\n<div><b>Tretinoin (0,05%)<\/b>: A show szt\u00e1rja! Ez a hat\u00e1sos retinoid felgyors\u00edtja a sejtek cser\u00e9j\u00e9t, \u00edgy seg\u00edtve a b\u0151r \u00fcd\u00e9bb\u00e9 v\u00e1l\u00e1s\u00e1t. <\/div>\n<\/li>\n<li>\n<div><b>Glikolsav<\/b>: Gyakran tartalmazza a h\u00e1mlaszt\u00e1s fokoz\u00e1s\u00e1ra, el\u0151seg\u00edtve a sima text\u00fara kialakul\u00e1s\u00e1t.<\/div>\n<\/li>\n<li>\n<div><b>Hidrat\u00e1l\u00f3 szerek<\/b>: A tretinoin haszn\u00e1lat\u00e1b\u00f3l ered\u0151 esetleges sz\u00e1razs\u00e1g ellens\u00falyoz\u00e1s\u00e1ra sok k\u00e9sz\u00edtm\u00e9ny tartalmaz hidrat\u00e1l\u00f3 \u00f6sszetev\u0151ket.<\/div>\n<\/li>\n<\/ul>\n<h3>2. A Tretinoin Gel 0,05 20g, Menarini, A-Ret el\u0151nyei<\/h3>\n<div>Mi\u00e9rt \u00e9rdemes megfontolni a Tretinoin g\u00e9l hozz\u00e1ad\u00e1s\u00e1t a b\u0151r\u00e1pol\u00e1si rutinj\u00e1hoz? Bontsuk le! <\/div>\n<table width=\"376px\">\n<colgroup>\n<col>\n<col><\/colgroup>\n<tbody>\n<tr>\n<th data-colwidth=\"188\">\n<div>El\u0151ny<\/div>\n<\/th>\n<th data-colwidth=\"188\">\n<div>Le\u00edr\u00e1s<\/div>\n<\/th>\n<\/tr>\n<tr>\n<td data-colwidth=\"188\">\n<div><b>Cs\u00f6kkenti a finom vonalakat<\/b><\/div>\n<\/td>\n<td data-colwidth=\"188\">\n<div>\u00d6szt\u00f6nzi a kollag\u00e9ntermel\u00e9st, l\u00e1gy\u00edtja a finom vonalakat.<\/div>\n<\/td>\n<\/tr>\n<tr>\n<td data-colwidth=\"188\">\n<div><b>Harcol a pattan\u00e1sok ellen<\/b><\/div>\n<\/td>\n<td data-colwidth=\"188\">\n<div>Elt\u00f6m\u00edti a p\u00f3rusokat \u00e9s megel\u0151zi a pattan\u00e1sokat.<\/div>\n<\/td>\n<\/tr>\n<tr>\n<td data-colwidth=\"188\">\n<div><b>Egyenletes\u00edti a b\u0151r t\u00f3nus\u00e1t<\/b><\/div>\n<\/td>\n<td data-colwidth=\"188\">\n<div>Seg\u00edt elhalv\u00e1ny\u00edtani a s\u00f6t\u00e9t foltokat \u00e9s a hiperpigment\u00e1ci\u00f3t.<\/div>\n<\/td>\n<\/tr>\n<tr>\n<td data-colwidth=\"188\">\n<div><b>Jav\u00edtja a b\u0151r text\u00far\u00e1j\u00e1t<\/b><\/div>\n<\/td>\n<td data-colwidth=\"188\">\n<div>El\u0151seg\u00edti a h\u00e1ml\u00e1st, ami sim\u00e1bb tapint\u00e1st eredm\u00e9nyez.<\/div>\n<\/td>\n<\/tr>\n<tr>\n<td data-colwidth=\"188\">\n<div><b>Fokozza a ragyog\u00e1st<\/b><\/div>\n<\/td>\n<td data-colwidth=\"188\">\n<div>Fokozza a b\u0151r \u00e1ltal\u00e1nos ragyog\u00e1s\u00e1t \u00e9s fiataloss\u00e1g\u00e1t.<\/div>\n<\/td>\n<\/tr>\n<\/tbody>\n<\/table>\n<h3>3. Hogyan kell hat\u00e9konyan haszn\u00e1lni a Tretinoin g\u00e9lt?<\/h3>\n<div>Most, hogy m\u00e1r \u00e9rezz\u00fck, mire k\u00e9pes ez a dr\u00e1gak\u0151, hogyan haszn\u00e1lhatod val\u00f3j\u00e1ban an\u00e9lk\u00fcl, hogy a b\u0151r\u00f6d csatat\u00e9rr\u00e9 v\u00e1lna? Ne f\u00e9lj! \u00cdme egy l\u00e9p\u00e9sr\u0151l-l\u00e9p\u00e9sre t\u00f6rt\u00e9n\u0151 \u00fatmutat\u00f3.  <\/div>\n<h4><b>Alkalmaz\u00e1si l\u00e9p\u00e9sek<\/b><\/h4>\n<ol>\n<li>\n<div><b>Tiszt\u00edtsa meg az arc\u00e1t<\/b>: A szennyez\u0151d\u00e9sek \u00e9s olajok elt\u00e1vol\u00edt\u00e1sa \u00e9rdek\u00e9ben kezdje gyeng\u00e9d tiszt\u00edt\u00f3szerrel.<\/div>\n<\/li>\n<li>\n<div><b>Tapogassa sz\u00e1razra a b\u0151r\u00e9t<\/b>: V\u00e1rjon k\u00f6r\u00fclbel\u00fcl 20 percet a mos\u00e1s ut\u00e1n. Ez a v\u00e1rakoz\u00e1s seg\u00edt cs\u00f6kkenteni az irrit\u00e1ci\u00f3t. <\/div>\n<\/li>\n<li>\n<div><b>Alkalmazzon bors\u00f3nyi mennyis\u00e9get<\/b>: Haszn\u00e1ljon kis mennyis\u00e9get &#8211; gondoljon bors\u00f3nyira &#8211; \u00e9s egyenletesen vigye fel az arc\u00e1ra, elker\u00fclve az olyan \u00e9rz\u00e9keny ter\u00fcleteket, mint a szem \u00e9s a sz\u00e1j.<\/div>\n<\/li>\n<li>\n<div><b>Hidrat\u00e1l\u00e1s<\/b>: Az esetleges kisz\u00e1rad\u00e1s ellen gyeng\u00e9d hidrat\u00e1l\u00f3 kr\u00e9mmel kell k\u00fczdeni.<\/div>\n<\/li>\n<\/ol>\n<h4><b>A haszn\u00e1lat gyakoris\u00e1ga<\/b><\/h4>\n<ul>\n<li>\n<div><b>Kezdje lassan<\/b>: Kezdje minden harmadik \u00e9jszaka. A b\u0151r\u00e9nek id\u0151re van sz\u00fcks\u00e9ge, hogy alkalmazkodjon! <\/div>\n<\/li>\n<li>\n<div><b>Fokozatosan \u00e9p\u00edtsd fel<\/b>: Ha a b\u0151re hozz\u00e1szokott, n\u00f6velheti a haszn\u00e1lat\u00e1t minden m\u00e1sodik \u00e9jszak\u00e1ra, v\u00e9g\u00fcl pedig minden \u00e9jszak\u00e1ra, ha a b\u0151re j\u00f3l toler\u00e1lja.<\/div>\n<\/li>\n<\/ul>\n<h4><b>Tippek kezd\u0151knek<\/b><\/h4>\n<ul>\n<li>\n<div><b>Ragaszkodjon a rutinhoz<\/b>: A k\u00f6vetkezetess\u00e9g a kulcs! A rendszeres haszn\u00e1lat hozza a legjobb eredm\u00e9nyeket. <\/div>\n<\/li>\n<li>\n<div><b>A naptej a bar\u00e1tod<\/b>: A tretinoin n\u00f6velheti a nap\u00e9rz\u00e9kenys\u00e9get. A napi napv\u00e9d\u0151 kr\u00e9m elengedhetetlen! <\/div>\n<\/li>\n<\/ul>\n<h3>4. Lehets\u00e9ges mell\u00e9khat\u00e1sok<\/h3>\n<div>B\u00e1r a Tretinoin a b\u0151r szuperszt\u00e1rja, lehetnek mell\u00e9khat\u00e1sai, amelyekkel tiszt\u00e1ban kell lennie.<\/div>\n<table width=\"376px\">\n<colgroup>\n<col>\n<col><\/colgroup>\n<tbody>\n<tr>\n<th data-colwidth=\"188\">\n<div>Mell\u00e9khat\u00e1s<\/div>\n<\/th>\n<th data-colwidth=\"188\">\n<div>Le\u00edr\u00e1s<\/div>\n<\/th>\n<\/tr>\n<tr>\n<td data-colwidth=\"188\">\n<div><b>Sz\u00e1razs\u00e1g<\/b><\/div>\n<\/td>\n<td data-colwidth=\"188\">\n<div>Sok felhaszn\u00e1l\u00f3 sz\u00e1razs\u00e1got tapasztal, k\u00fcl\u00f6n\u00f6sen az elej\u00e9n.<\/div>\n<\/td>\n<\/tr>\n<tr>\n<td data-colwidth=\"188\">\n<div><b>V\u00f6r\u00f6ss\u00e9g \u00e9s h\u00e1ml\u00e1s<\/b><\/div>\n<\/td>\n<td data-colwidth=\"188\">\n<div>Ezek gyakoriak, ahogy a b\u0151r alkalmazkodik. Ne p\u00e1nikoljon! <\/div>\n<\/td>\n<\/tr>\n<tr>\n<td data-colwidth=\"188\">\n<div><b>Fokozott \u00e9rz\u00e9kenys\u00e9g<\/b><\/div>\n<\/td>\n<td data-colwidth=\"188\">\n<div>B\u0151re \u00e9rz\u00e9kenyebb\u00e9 v\u00e1lhat a napf\u00e9nyre.<\/div>\n<\/td>\n<\/tr>\n<\/tbody>\n<\/table>\n<div>A legt\u00f6bb mell\u00e9khat\u00e1s elm\u00falik, ahogy a b\u0151re alkalmazkodik. Ha azonban tart\u00f3s irrit\u00e1ci\u00f3s hurokban tal\u00e1lja mag\u00e1t, ne habozzon b\u0151rgy\u00f3gy\u00e1szhoz fordulni! <\/div>\n<h3>5. Kinek kell haszn\u00e1lni a Tretinoint?<\/h3>\n<div>A tretinoin nem egyform\u00e1n alkalmazhat\u00f3. B\u00e1r sokak sz\u00e1m\u00e1ra csod\u00e1kat m\u0171vel, a legjobb azoknak, akiknek: <\/div>\n<ul>\n<li>\n<div><b>Pattan\u00e1sok<\/b>: Ak\u00e1r tin\u00e9dzser vagy feln\u0151tt, nagyszer\u0171 a pattan\u00e1sok megel\u0151z\u00e9s\u00e9re.<\/div>\n<\/li>\n<li>\n<div><b>Az \u00f6reged\u00e9s jelei<\/b>: Ha a finom vonalak \u00e9s r\u00e1ncok kopogtatnak az ajtaj\u00e1n, a Tretinoin seg\u00edthet t\u00e1vol tartani \u0151ket.<\/div>\n<\/li>\n<li>\n<div><b>Egyenetlen b\u0151rt\u00f3nus<\/b>: Ez a g\u00e9l ide\u00e1lis azok sz\u00e1m\u00e1ra, akik a pigment\u00e1ci\u00f3 kiegyenl\u00edt\u00e9s\u00e9re t\u00f6rekszenek.<\/div>\n<\/li>\n<\/ul>\n<div>A nagyon \u00e9rz\u00e9keny b\u0151r\u0171ek vagy speci\u00e1lis b\u0151rbetegs\u00e9gben szenved\u0151k azonban konzult\u00e1ljanak eg\u00e9szs\u00e9g\u00fcgyi szolg\u00e1ltat\u00f3jukkal, miel\u0151tt belevetn\u00e9k magukat.<\/div>\n<h3>6. Tretinoin vs. egy\u00e9b retinoidok<\/h3>\n<div>A retinoidok k\u00f6z\u00f6tt nem a tretinoin az egyetlen szerepl\u0151. \u00cdme egy gyors \u00f6sszehasonl\u00edt\u00e1s n\u00e9h\u00e1ny alternat\u00edv\u00e1val: <\/div>\n<table width=\"752px\">\n<colgroup>\n<col>\n<col>\n<col>\n<col><\/colgroup>\n<tbody>\n<tr>\n<th data-colwidth=\"188\">\n<div>Retinoid\/\u00f6sszetev\u0151<\/div>\n<\/th>\n<th data-colwidth=\"188\">\n<div>El\u00e9rhet\u0151 \u0171rlapok<\/div>\n<\/th>\n<th data-colwidth=\"188\">\n<div>Er\u0151ss\u00e9g<\/div>\n<\/th>\n<th data-colwidth=\"188\">\n<div>Ide\u00e1lis<\/div>\n<\/th>\n<\/tr>\n<tr>\n<td data-colwidth=\"188\">\n<div><b>Tretinoin<\/b><\/div>\n<\/td>\n<td data-colwidth=\"188\">\n<div>G\u00e9l, kr\u00e9m<\/div>\n<\/td>\n<td data-colwidth=\"188\">\n<div>0.01%, 0.025%, 0.05%<\/div>\n<\/td>\n<td data-colwidth=\"188\">\n<div>Pattan\u00e1sok, \u00f6reged\u00e9s<\/div>\n<\/td>\n<\/tr>\n<tr>\n<td data-colwidth=\"188\">\n<div><b>Adapalene<\/b><\/div>\n<\/td>\n<td data-colwidth=\"188\">\n<div>G\u00e9l, kr\u00e9m<\/div>\n<\/td>\n<td data-colwidth=\"188\">\n<div>0.1%, 0.3%<\/div>\n<\/td>\n<td data-colwidth=\"188\">\n<div>Pattan\u00e1sok, kevesebb irrit\u00e1ci\u00f3<\/div>\n<\/td>\n<\/tr>\n<tr>\n<td data-colwidth=\"188\">\n<div><b>Retinol<\/b><\/div>\n<\/td>\n<td data-colwidth=\"188\">\n<div>K\u00fcl\u00f6nb\u00f6z\u0151 formul\u00e1k<\/div>\n<\/td>\n<td data-colwidth=\"188\">\n<div>0.1% &#8211; 1%<\/div>\n<\/td>\n<td data-colwidth=\"188\">\n<div>\u00c1ltal\u00e1nos \u00f6reged\u00e9sg\u00e1tl\u00e1s<\/div>\n<\/td>\n<\/tr>\n<\/tbody>\n<\/table>\n<div><b>Protipp<\/b>: Ha m\u00e9g nem ismeri a retinoidokat, a kisebb er\u0151ss\u00e9ggel val\u00f3 kezd\u00e9s seg\u00edthet a b\u0151r\u00e9nek az akklimatiz\u00e1l\u00f3d\u00e1sban.<\/div>\n<h3>GYIK<\/h3>\n<h4><b>1. Mennyi id\u0151be telik, am\u00edg eredm\u00e9nyeket l\u00e1tok?<\/b><\/h4>\n<div>A legt\u00f6bb felhaszn\u00e1l\u00f3 8-12 h\u00e9ten bel\u00fcl \u00e9szreveszi a b\u0151r text\u00far\u00e1j\u00e1nak \u00e9s t\u00f3nus\u00e1nak javul\u00e1s\u00e1t. A t\u00fcrelem a kulcs! <\/div>\n<h4><b>2. Haszn\u00e1lhatom a Tretinoint m\u00e1s b\u0151r\u00e1pol\u00f3 szerekkel egy\u00fctt?<\/b><\/h4>\n<div>Igen, de l\u00e9gy \u00f3vatos. Ker\u00fclje m\u00e1s er\u0151s hat\u00f3anyagokkal, p\u00e9ld\u00e1ul AHA-kkal vagy BHA-kkal val\u00f3 kombin\u00e1l\u00e1s\u00e1t az irrit\u00e1ci\u00f3 minimaliz\u00e1l\u00e1sa \u00e9rdek\u00e9ben. <\/div>\n<h4><b>3. Biztons\u00e1gos-e a Tretinoin a terhess\u00e9g alatt?<\/b><\/h4>\n<div>A lehets\u00e9ges kock\u00e1zatok miatt a terhess\u00e9g alatt \u00e1ltal\u00e1ban javasolt elker\u00fclni a retinoidokat. Mindig konzult\u00e1ljon eg\u00e9szs\u00e9g\u00fcgyi szolg\u00e1ltat\u00f3j\u00e1val! <\/div>\n<h4><b>4. Haszn\u00e1lhatok sminket a Tretinoin alkalmaz\u00e1sa ut\u00e1n?<\/b><\/h4>\n<div>A legjobb, ha legal\u00e1bb 30 percet v\u00e1r a sminkel\u00e9s el\u0151tt, hogy a Tretinoin felsz\u00edv\u00f3dhasson.<\/div>\n<h4><b>5. Mit tegyek, ha t\u00falzott sz\u00e1razs\u00e1got tapasztalok?<\/b><\/h4>\n<div>Ha t\u00fals\u00e1gosan sz\u00e1raznak \u00e9rzi a b\u0151r\u00e9t, pr\u00f3b\u00e1ljon meg vastagabb hidrat\u00e1l\u00f3 kr\u00e9met haszn\u00e1lni, vagy cs\u00f6kkentse az alkalmaz\u00e1s gyakoris\u00e1g\u00e1t.<\/div>\n<div><\/div>\n<div>A <b>Tretinoin Gel 0,05 20g, Menarini, A-Ret<\/b> haszn\u00e1lata megv\u00e1ltoztathatja b\u0151r\u00e1pol\u00e1si rutinj\u00e1t! Sz\u00e1mtalan el\u0151ny\u00e9vel, a pattan\u00e1sok elleni k\u00fczdelemt\u0151l az \u00f6reged\u00e9s jeleinek cs\u00f6kkent\u00e9s\u00e9ig, sokoldal\u00fa kieg\u00e9sz\u00edt\u0151, amely seg\u00edthet felszabad\u00edtani a b\u0151r\u00f6dben rejl\u0151 lehet\u0151s\u00e9geket. <\/div>\n<div>Fontos azonban, hogy \u00e1tgondoltan k\u00f6zel\u00edts\u00fck meg. Kezdje lassan, adjon id\u0151t a b\u0151r\u00e9nek az alkalmazkod\u00e1sra, \u00e9s ne feledkezzen meg a mindent eld\u00f6nt\u0151 naptejr\u0151l! Ak\u00e1r bosszant\u00f3 pattan\u00e1sokkal k\u00fczd, ak\u00e1r csak fiatalos lend\u00fcletet szeretne adni b\u0151r\u00e9nek, a Tretinoin lehet a titkos m\u00e1rt\u00e1s \u00e1lmai b\u0151r\u00e9nek el\u00e9r\u00e9s\u00e9hez. K\u00e9szen \u00e1ll arra, hogy megismerje a Tretinoin erej\u00e9t? Boldog ragyog\u00e1st!    <\/div>\n<div><\/div>\n<div>\n<hr>\n<\/div>\n<div>\n<h3>Alak\u00edtsa \u00e1t b\u0151r\u00e9t a Tretinoin Gel 0,05 20g g\u00e9llel: Trinetinoin: Egy alapvet\u0151 \u00fatmutat\u00f3<\/h3>\n<p>A hib\u00e1tlan b\u0151rre val\u00f3 t\u00f6rekv\u00e9s sor\u00e1n a Tretinoin Gel 0,05 20g \u00e1talak\u00edt\u00f3 b\u0151r\u00e1pol\u00e1si megold\u00e1sk\u00e9nt jelenik meg, amelyet a pattan\u00e1sok kezel\u00e9s\u00e9ben, az \u00f6reged\u00e9s jeleinek cs\u00f6kkent\u00e9s\u00e9ben \u00e9s a b\u0151r \u00e1ltal\u00e1nos text\u00far\u00e1j\u00e1nak jav\u00edt\u00e1s\u00e1ban mutatott hat\u00e9konys\u00e1g\u00e1\u00e9rt tisztelnek. Ez a t\u00f6bb \u00e9vtizedes kutat\u00e1sokkal al\u00e1t\u00e1masztott, hat\u00e1sos retinoid g\u00e9l elengedhetetlen azok sz\u00e1m\u00e1ra, akik a b\u0151r\u00e1pol\u00e1si rutinjukat szeretn\u00e9k feljav\u00edtani. Fedezz\u00fck fel a Tretinoin Gel 0,05 20g el\u0151nyeit, alkalmaz\u00e1s\u00e1t \u00e9s tippeket a Tretinoin Gel 0,05 20g hat\u00e1s\u00e1nak maximaliz\u00e1l\u00e1s\u00e1ra.  <\/p>\n<hr>\n<p>A tretinoin az A-vitamin sz\u00e1rmaz\u00e9ka \u00e9s a retinoid csal\u00e1d tagja. A sejtmeg\u00faj\u00edt\u00f3 tulajdons\u00e1gair\u00f3l ismert Tretinoin Gel 0,05 20g m\u00e9lyen behatol a b\u0151rbe, hogy felgyors\u00edtsa a sejtek cser\u00e9j\u00e9t, cs\u00f6kkentse az akn\u00e9s ki\u00fct\u00e9seket \u00e9s jav\u00edtsa a b\u0151r eg\u00e9szs\u00e9g\u00e9t. Ez a g\u00e9l formul\u00e1ci\u00f3 k\u00fcl\u00f6n\u00f6sen hat\u00e9kony a zs\u00edros \u00e9s akn\u00e9ra hajlamos b\u0151rt\u00edpusok eset\u00e9ben, \u00e9s alternat\u00edv\u00e1t ny\u00fajt azoknak, akik a kr\u00e9m alap\u00fa kezel\u00e9sek helyett a g\u00e9lt r\u00e9szes\u00edtik el\u0151nyben.  <\/p>\n<h4>Hogyan m\u0171k\u00f6dik:<\/h4>\n<ul>\n<li><strong>El\u0151seg\u00edti a b\u0151r meg\u00fajul\u00e1s\u00e1t:<\/strong> A tretinoin felgyors\u00edtja az elhalt h\u00e1msejtek lev\u00e1l\u00e1s\u00e1t, \u00e9s ezzel megakad\u00e1lyozza az \u00faj pattan\u00e1sok kialakul\u00e1s\u00e1t.<\/li>\n<li><strong>Serkenti a kollag\u00e9ntermel\u00e9st:<\/strong> Ez cs\u00f6kkenti a finom vonalakat \u00e9s r\u00e1ncokat, \u00e9s feszes, fiatalos megjelen\u00e9st k\u00f6lcs\u00f6n\u00f6z a b\u0151rnek.<\/li>\n<li><strong>Jav\u00edtja a b\u0151r t\u00f3nus\u00e1t<\/strong>: Hat\u00e9konyan cs\u00f6kkenti az elsz\u00ednez\u0151d\u00e9seket \u00e9s a hiperpigment\u00e1ci\u00f3t, egyenletesebb b\u0151rt\u00f3nust \u00e9s fokozott ragyog\u00e1st eredm\u00e9nyezve.<\/li>\n<\/ul>\n<hr>\n<h3>A Tretinoin Gel 0,05 20g el\u0151nyei<\/h3>\n<h4><strong>Hat\u00e9kony akne kezel\u00e9s<\/strong><\/h4>\n<p>A Tretinoin Gel 0,05 20g kiv\u00e1l\u00f3an alkalmas a pattan\u00e1sok kezel\u00e9s\u00e9re a p\u00f3rusok tiszt\u00edt\u00e1s\u00e1val \u00e9s a pattan\u00e1sokat okoz\u00f3 szennyez\u0151d\u00e9sek felhalmoz\u00f3d\u00e1s\u00e1nak megakad\u00e1lyoz\u00e1s\u00e1val. Nemcsak az akt\u00edv pattan\u00e1sokat kezeli, hanem seg\u00edt minimaliz\u00e1lni a j\u00f6v\u0151beli pattan\u00e1sok kock\u00e1zat\u00e1t is, dr\u00e1maian jav\u00edtva a b\u0151r tisztas\u00e1g\u00e1t. <\/p>\n<h4><strong>Anti-Aging Power<\/strong><\/h4>\n<p>A tretinoint sz\u00e9les k\u00f6rben dics\u00e9rik az \u00f6reged\u00e9s jelei elleni k\u00fczdelem k\u00e9pess\u00e9g\u00e9\u00e9rt. Kisim\u00edtja a finom vonalakat, cs\u00f6kkenti a r\u00e1ncokat, \u00e9s jav\u00edtja a b\u0151r rugalmass\u00e1g\u00e1t a kollag\u00e9ntermel\u00e9s beind\u00edt\u00e1s\u00e1val. Az eredm\u00e9ny fiatalabb, eg\u00e9szs\u00e9gesebbnek t\u0171n\u0151 b\u0151r.  <\/p>\n<h4><strong>Tov\u00e1bbfejlesztett b\u0151r text\u00fara<\/strong><\/h4>\n<p>Rendszeres haszn\u00e1lata jelent\u0151sen jav\u00edthatja a b\u0151r text\u00far\u00e1j\u00e1t, cs\u00f6kkentve az \u00e9rdes foltokat \u00e9s az egyenetlens\u00e9geket. A tretinoin a p\u00f3rusokat is c\u00e9lba veszi, \u00edgy azok kev\u00e9sb\u00e9 l\u00e1tszanak, \u00e9s finom\u00edtja a b\u0151r teljes felsz\u00edn\u00e9t. <\/p>\n<hr>\n<h3>Hogyan kell hat\u00e9konyan haszn\u00e1lni a Tretinoin Gel 0,05 20g-ot?<\/h3>\n<p>A Tretinoin Gel 0,05 20g teljes potenci\u00e1lj\u00e1nak kihaszn\u00e1l\u00e1s\u00e1hoz k\u00f6vesse az al\u00e1bbi l\u00e9p\u00e9seket:<\/p>\n<h4>Kezdje a szel\u00edd bevezet\u00e9ssel<\/h4>\n<ul>\n<li>Kezdetben minden m\u00e1sodik este vigyen fel egy bors\u00f3nyi mennyis\u00e9get a tiszta, sz\u00e1raz b\u0151rre, majd fokozatosan n\u00f6velje az \u00e9jszakai haszn\u00e1latot, ahogy b\u0151re toler\u00e1nsabb\u00e1 v\u00e1lik.<\/li>\n<li>Koncentr\u00e1ljon a pattan\u00e1sok vagy az \u00f6reged\u00e9s jelei \u00e1ltal \u00e9rintett ter\u00fcletekre, ker\u00fclje az ajkak \u00e9s a szemek k\u00f6r\u00fcli \u00e9rz\u00e9keny ter\u00fcleteket.<\/li>\n<\/ul>\n<h4>Nap \u00f3vint\u00e9zked\u00e9sek<\/h4>\n<ul>\n<li>A tretinoin n\u00f6veli a b\u0151r \u00e9rz\u00e9kenys\u00e9g\u00e9t a napf\u00e9nyre. A sz\u00e9les spektrum\u00fa f\u00e9nyv\u00e9d\u0151 kr\u00e9m (SPF 30 vagy magasabb) napi alkalmaz\u00e1sa elengedhetetlen. <\/li>\n<li>Fontolja meg a g\u00e9l \u00e9jszakai haszn\u00e1lat\u00e1t, hogy elker\u00fclje a k\u00f6zvetlen napf\u00e9nynek val\u00f3 k\u00f6zvetlen kitetts\u00e9get k\u00f6zvetlen\u00fcl az alkalmaz\u00e1s ut\u00e1n.<\/li>\n<\/ul>\n<h4>Hidrat\u00e1l\u00e1s \u00e9s hidrat\u00e1l\u00e1s<\/h4>\n<ul>\n<li>A tretinoin haszn\u00e1lat\u00e1hoz kapcsol\u00f3d\u00f3 sz\u00e1razs\u00e1g \u00e9s h\u00e1ml\u00e1s ellens\u00falyoz\u00e1s\u00e1ra \u00e9p\u00edtsen be egy gyeng\u00e9d, hidrat\u00e1l\u00f3 hidrat\u00e1l\u00f3 kr\u00e9met a rutinj\u00e1ba.<\/li>\n<li>Ha irrit\u00e1ci\u00f3 l\u00e9p fel, tegye a g\u00e9lt hidrat\u00e1l\u00f3 kr\u00e9mek k\u00f6z\u00e9, vagy cs\u00f6kkentse a haszn\u00e1lat gyakoris\u00e1g\u00e1t.<\/li>\n<\/ul>\n<h4>Ker\u00fclje az irrit\u00e1l\u00f3 term\u00e9keket<\/h4>\n<ul>\n<li>Ker\u00fclje a csiszol\u00f3 hat\u00e1s\u00fa tiszt\u00edt\u00f3szereket, h\u00e1mlaszt\u00f3kat \u00e9s egy\u00e9b hat\u00f3anyagokat, amelyek n\u00f6velhetik az \u00e9rz\u00e9kenys\u00e9get a tretinoin haszn\u00e1lata sor\u00e1n.<\/li>\n<li>Hagyjon id\u0151t a b\u0151r\u00e9nek, hogy alkalmazkodjon a Tretinoin Gel 0,05 20g-hoz, miel\u0151tt tov\u00e1bbi hat\u00f3anyagokat alkalmazna.<\/li>\n<\/ul>\n<hr>\n<h3>Mire sz\u00e1m\u00edtson<\/h3>\n<p>A tretinoin g\u00e9l kezdeti haszn\u00e1lata olyan mell\u00e9khat\u00e1sokkal j\u00e1rhat, mint a sz\u00e1razs\u00e1g, b\u0151rp\u00edr vagy enyhe h\u00e1ml\u00e1s &#8211; ezt a f\u00e1zist gyakran \u201eretinoid tisztul\u00e1snak\u201d nevezik. Ezek a hat\u00e1sok \u00e1ltal\u00e1ban \u00e1tmenetiek, \u00e9s k\u00f6vetkezetes hidrat\u00e1l\u00e1ssal kezelhet\u0151k. Az \u00e9szrevehet\u0151 javul\u00e1s \u00e1ltal\u00e1ban 6-12 h\u00e9ten bel\u00fcl kezd\u0151dik, az optim\u00e1lis eredm\u00e9nyek pedig a folyamatos haszn\u00e1lat sor\u00e1n jelentkeznek.  <\/p>\n<h3>A Tretinoin Gel 0,05 20g mell\u00e9khat\u00e1sai \u00e9s megfontol\u00e1sok<\/h3>\n<p>B\u00e1r a tretinoin sz\u00e1mos el\u0151nyt k\u00edn\u00e1l, egyes felhaszn\u00e1l\u00f3kn\u00e1l el\u0151fordulhat:<\/p>\n<ul>\n<li><strong>Kezdeti irrit\u00e1ci\u00f3:<\/strong> Az alkalmazkod\u00e1si f\u00e1zisban b\u0151rp\u00edr vagy h\u00e1ml\u00e1s jelentkezhet.<\/li>\n<li><strong>\u00c9rz\u00e9kenys\u00e9g:<\/strong> Fokozott \u00e9rz\u00e9kenys\u00e9g a k\u00f6rnyezeti t\u00e9nyez\u0151kre, k\u00fcl\u00f6n\u00f6sen a napf\u00e9nyre.<\/li>\n<\/ul>\n<p>Mindig konzult\u00e1ljon b\u0151rgy\u00f3gy\u00e1sszal, miel\u0151tt elkezden\u00e9 a tretinoint, k\u00fcl\u00f6n\u00f6sen, ha \u00e9rz\u00e9keny a b\u0151re vagy m\u00e1r megl\u00e9v\u0151 b\u0151rbetegs\u00e9gei vannak.<\/p>\n<hr>\n<p>A Tretinoin Gel 0,05 20g hat\u00e9kony sz\u00f6vets\u00e9ges a pattan\u00e1sok \u00e9s a b\u0151r \u00f6reged\u00e9se elleni k\u00fczdelemben. A b\u0151rt fiatal\u00edt\u00f3 \u00e9s \u00e1talak\u00edt\u00f3 er\u0151teljes k\u00e9pess\u00e9g\u00e9vel ez a g\u00e9l l\u00e9tfontoss\u00e1g\u00fa \u00f6sszetev\u0151 mindazok sz\u00e1m\u00e1ra, akik tiszt\u00e1bb, sim\u00e1bb \u00e9s fiatalosabb arcb\u0151rt szeretn\u00e9nek. \u00c9p\u00edtse be \u00e1tgondoltan b\u0151r\u00e1pol\u00e1si rutinj\u00e1ba, \u00e9s \u00e9lvezze a ragyog\u00f3, eg\u00e9szs\u00e9ges b\u0151r fel\u00e9 vezet\u0151 utat.  <\/p>\n<p>A Tretinoin Gel 0,05 20g felel\u0151ss\u00e9gteljes haszn\u00e1lat\u00e1val figyelemre m\u00e9lt\u00f3 b\u0151rjavul\u00e1st \u00e9rhet el, \u00edgy a hat\u00e9kony b\u0151r\u00e1pol\u00e1s sarokk\u00f6ve lehet. Kezdje el az utat a ragyog\u00f3, meg\u00fajult b\u0151r fel\u00e9 m\u00e9g ma. <\/p>\n<\/div>\n<div><\/div>\n","protected":false},"excerpt":{"rendered":"<div data-pm-slice=\"1 1 []\" data-en-clipboard=\"true\">Fedezzen fel mindent, amit a Tretinoin Gel 0,05 20g, Menarini, A-Ret. Fedezze fel el\u0151nyeit, alkalmaz\u00e1si m\u00f3dszereit, lehets\u00e9ges mell\u00e9khat\u00e1sait \u00e9s szak\u00e9rt\u0151i tippeket, hogy k\u00f6nnyed\u00e9n ragyog\u00f3, fiatalos b\u0151rt \u00e9rjen el! <\/div>\n","protected":false},"featured_media":5069,"comment_status":"open","ping_status":"closed","template":"","meta":[],"product_cat":[210],"product_tag":[510,511,512],"class_list":{"0":"post-5066","1":"product","2":"type-product","3":"status-publish","4":"has-post-thumbnail","6":"product_cat-arcapolas","7":"product_tag-tretinoin-gel-hu","8":"product_tag-tretinoin-gel-005-20g-hu","9":"product_tag-tretinoin-gel-005-hu","11":"first","12":"instock","13":"taxable","14":"shipping-taxable","15":"purchasable","16":"product-type-simple"},"_links":{"self":[{"href":"https:\/\/tretinoins.com\/hu\/wp-json\/wp\/v2\/product\/5066","targetHints":{"allow":["GET"]}}],"collection":[{"href":"https:\/\/tretinoins.com\/hu\/wp-json\/wp\/v2\/product"}],"about":[{"href":"https:\/\/tretinoins.com\/hu\/wp-json\/wp\/v2\/types\/product"}],"replies":[{"embeddable":true,"href":"https:\/\/tretinoins.com\/hu\/wp-json\/wp\/v2\/comments?post=5066"}],"version-history":[{"count":2,"href":"https:\/\/tretinoins.com\/hu\/wp-json\/wp\/v2\/product\/5066\/revisions"}],"predecessor-version":[{"id":10189,"href":"https:\/\/tretinoins.com\/hu\/wp-json\/wp\/v2\/product\/5066\/revisions\/10189"}],"wp:featuredmedia":[{"embeddable":true,"href":"https:\/\/tretinoins.com\/hu\/wp-json\/wp\/v2\/media\/5069"}],"wp:attachment":[{"href":"https:\/\/tretinoins.com\/hu\/wp-json\/wp\/v2\/media?parent=5066"}],"wp:term":[{"taxonomy":"product_cat","embeddable":true,"href":"https:\/\/tretinoins.com\/hu\/wp-json\/wp\/v2\/product_cat?post=5066"},{"taxonomy":"product_tag","embeddable":true,"href":"https:\/\/tretinoins.com\/hu\/wp-json\/wp\/v2\/product_tag?post=5066"}],"curies":[{"name":"wp","href":"https:\/\/api.w.org\/{rel}","templated":true}]}}