{"id":5065,"date":"2024-01-03T14:04:42","date_gmt":"2024-01-03T12:04:42","guid":{"rendered":"https:\/\/tretinoins.com\/crest-3d-white-charcoal-deep-clean-99g-elenkito-menta-feherito-fogkrem-feherito-fogkrem\/"},"modified":"2025-06-16T20:05:39","modified_gmt":"2025-06-16T18:05:39","slug":"crest-3d-white-charcoal-deep-clean-99g-elenkito-menta-feherito-fogkrem-feherito-fogkrem","status":"publish","type":"product","link":"https:\/\/tretinoins.com\/hu\/crest-3d-white-charcoal-deep-clean-99g-elenkito-menta-feherito-fogkrem-feherito-fogkrem\/","title":{"rendered":"Crest 3D White Charcoal Deep Clean 99g, \u00c9l\u00e9nk\u00edt\u0151 menta, Elite feh\u00e9r\u00edt\u0151 fogkr\u00e9m"},"content":{"rendered":"<h1>A k\u00e1pr\u00e1zatos mosoly felold\u00e1sa: A Crest 3D White Charcoal Deep Clean 99g, \u00c9l\u00e9nk\u00edt\u0151 menta feh\u00e9r\u00edt\u0151 fogkr\u00e9m el\u0151nyei<\/h1>\n<hr>\n<p>Egy ragyog\u00f3 mosoly k\u00e9pes megvil\u00e1g\u00edtani egy szob\u00e1t. Magabiztoss\u00e1got, melegs\u00e9get \u00e9s megk\u00f6zel\u00edthet\u0151s\u00e9get sug\u00e1roz. De hogyan \u0151rizheti meg ezt a ragyog\u00e1st? <strong>A Crest 3D White Charcoal Deep Clean 99g, \u00e9l\u00e9nk\u00edt\u0151 ment\u00e1s feh\u00e9r\u00edt\u0151 fogkr\u00e9m<\/strong> \u00fagy lett kifejlesztve, hogy seg\u00edtsen \u00d6nnek el\u00e9rni ezt. Ez az innovat\u00edv fogkr\u00e9m egyes\u00edti a fejlett feh\u00e9r\u00edt\u0151 technol\u00f3gi\u00e1t az akt\u00edv sz\u00e9n m\u00e9lytiszt\u00edt\u00f3 erej\u00e9vel \u00e9s friss\u00edt\u0151 menta \u00edz\u00e9vel. Ebben a cikkben megvizsg\u00e1ljuk az el\u0151ny\u00f6ket, az \u00f6sszetev\u0151ket \u00e9s tippeket, hogy hogyan illesztheti be ezt az er\u0151m\u0171vet a napi sz\u00e1j\u00e1pol\u00e1si rutinj\u00e1ba.    <\/p>\n<hr>\n<h2>Mit tartalmaz a Crest 3D White Charcoal Deep Clean?<\/h2>\n<p>Ahhoz, hogy meg\u00e9rts\u00fck, mi\u00e9rt olyan hat\u00e9kony ez a fogkr\u00e9m, n\u00e9zz\u00fck meg a legfontosabb \u00f6sszetev\u0151it \u00e9s azok egyedi funkci\u00f3it:<\/p>\n<table>\n<thead>\n<tr>\n<th><strong>\u00d6sszetev\u0151<\/strong><\/th>\n<th><strong>Funkci\u00f3<\/strong><\/th>\n<\/tr>\n<\/thead>\n<tbody>\n<tr>\n<td>Charcoal<\/td>\n<td>Adszorbe\u00e1lja a foltokat \u00e9s a toxinokat a m\u00e9lytiszt\u00edt\u00e1s \u00e9rdek\u00e9ben.<\/td>\n<\/tr>\n<tr>\n<td>Feh\u00e9r\u00edt\u0151 szerek<\/td>\n<td>A felsz\u00edni foltok megc\u00e9lz\u00e1sa \u00e9s elt\u00e1vol\u00edt\u00e1sa<\/td>\n<\/tr>\n<tr>\n<td>\u00c9l\u00e9nk\u00edt\u0151 menta \u00edz<\/td>\n<td>Friss\u00edti a leheletet \u00e9s fokozza az \u00e1ltal\u00e1nos \u00e9lm\u00e9nyt<\/td>\n<\/tr>\n<tr>\n<td>Fluorid<\/td>\n<td>Er\u0151s\u00edti a zom\u00e1ncot \u00e9s v\u00e9d a szuvasod\u00e1s ellen.<\/td>\n<\/tr>\n<\/tbody>\n<\/table>\n<h3>Sz\u00e9n: A m\u00e9lytiszt\u00edt\u00f3<\/h3>\n<p>Az akt\u00edv sz\u00e9n az ut\u00f3bbi \u00e9vekben egyre n\u00e9pszer\u0171bb\u00e9 v\u00e1lt, nemcsak a sz\u00e1j\u00e1pol\u00e1sban, hanem sz\u00e1mos sz\u00e9ps\u00e9g\u00e1pol\u00e1si \u00e9s eg\u00e9szs\u00e9g\u00fcgyi term\u00e9kben is. Por\u00f3zus term\u00e9szete lehet\u0151v\u00e9 teszi, hogy felsz\u00edvja a szennyez\u0151d\u00e9seket, \u00edgy kiv\u00e1l\u00f3 \u00f6sszetev\u0151: <\/p>\n<ul>\n<li><strong>Foltelt\u00e1vol\u00edt\u00e1s<\/strong>: A fasz\u00e9n seg\u00edt elt\u00e1vol\u00edtani az \u00e9telek, italok \u00e9s a doh\u00e1nyz\u00e1s okozta fel\u00fcleti foltokat.<\/li>\n<li><strong>Szagtalan\u00edt\u00e1s<\/strong>: Hat\u00e9konyan semleges\u00edti a rossz leheletet okoz\u00f3 bakt\u00e9riumokat \u00e9s toxinokat.<\/li>\n<\/ul>\n<h3>Feh\u00e9r\u00edt\u0151szerek: A ragyog\u00e1s tudom\u00e1nya<\/h3>\n<p>A Crest speci\u00e1lis feh\u00e9r\u00edt\u0151 hat\u00f3anyagokat tartalmaz a formul\u00e1j\u00e1ban, amelyek lebontj\u00e1k \u00e9s elt\u00e1vol\u00edtj\u00e1k az elsz\u00ednez\u0151d\u00e9seket, \u00edgy biztos\u00edtva, hogy fogai nemcsak tiszt\u00e1nak \u00e9rzik, hanem rendszeres haszn\u00e1lat mellett ragyog\u00f3bbnak is t\u0171nnek.<\/p>\n<h3>\u00c9l\u00e9nk\u00edt\u0151 menta: Friss leveg\u0151<\/h3>\n<p>Az \u00e9l\u00e9nk\u00edt\u0151 menta \u00edze friss\u00edt\u0151en hat, \u00edgy a sz\u00e1j minden egyes fogmos\u00e1s ut\u00e1n felfriss\u00fcl. Ez nemcsak a rossz szagokat fedi el, hanem hozz\u00e1j\u00e1rul a kellemes fogmos\u00e1si \u00e9lm\u00e9nyhez is. <\/p>\n<h3>Fluorid: Fluor: A zom\u00e1ncv\u00e9d\u0151<\/h3>\n<p>A fluorid l\u00e9tfontoss\u00e1g\u00fa a modern fogkr\u00e9mekben, mivel bizony\u00edtottan er\u0151s\u00edti a fogzom\u00e1ncot. Ez a v\u00e9d\u0151r\u00e9teg alapvet\u0151 fontoss\u00e1g\u00fa a szuvasod\u00e1s \u00e9s a fogszuvasod\u00e1s elleni k\u00fczdelemben, \u00edgy a fluoridban gazdag term\u00e9kek, mint p\u00e9ld\u00e1ul a Crest, a j\u00f3 sz\u00e1jhigi\u00e9nia alapfelt\u00e9telei k\u00f6z\u00e9 tartoznak. <\/p>\n<hr>\n<h2>A Crest 3D White Charcoal Deep Clean haszn\u00e1lat\u00e1nak el\u0151nyei<\/h2>\n<p>Most, hogy m\u00e1r boncolgattuk az \u00f6sszetev\u0151it, vizsg\u00e1ljuk meg, hogy a <strong>Crest 3D White Charcoal Deep Clean 99g, Invigorating Mint feh\u00e9r\u00edt\u0151 fogkr\u00e9m<\/strong> hogyan jav\u00edthatja a sz\u00e1jhigi\u00e9ni\u00e1t \u00e9s milyen kozmetikai el\u0151ny\u00f6kkel j\u00e1rhat: <\/p>\n<h3>1. Superior Whiting Power<\/h3>\n<ul>\n<li><strong>Hat\u00e9kony foltelt\u00e1vol\u00edt\u00e1s<\/strong>: A fasz\u00e9n \u00e9s a feh\u00e9r\u00edt\u0151szerek kombin\u00e1ci\u00f3ja a k\u00e1v\u00e9, tea, bor \u00e9s m\u00e1s gyakori b\u0171n\u00f6s\u00f6k foltjait c\u00e9lozza meg, \u00e9s \u00edgy l\u00e1that\u00f3 eredm\u00e9nyt biztos\u00edt.<\/li>\n<li><strong>Fokozatos f\u00e9nyer\u0151<\/strong>: A k\u00f6vetkezetes haszn\u00e1lat mellett elv\u00e1rhat\u00f3, hogy a mosolya ragyog\u00f3bb legyen, an\u00e9lk\u00fcl, hogy a m\u00e1s fogfeh\u00e9r\u00edt\u0151 term\u00e9kekkel n\u00e9ha egy\u00fctt j\u00e1r\u00f3 \u00e9rz\u00e9kenys\u00e9get tapasztaln\u00e1.<\/li>\n<\/ul>\n<h3>2. M\u00e9lytiszt\u00edt\u00e1si akci\u00f3<\/h3>\n<ul>\n<li><strong>Hat\u00e9konyan elt\u00e1vol\u00edtja a leped\u00e9ket<\/strong>: Az akt\u00edv sz\u00e9n nemcsak feh\u00e9r\u00edt, hanem seg\u00edt a leped\u00e9k elt\u00e1vol\u00edt\u00e1s\u00e1ban is, ami l\u00e9tfontoss\u00e1g\u00fa az eg\u00e9szs\u00e9ges \u00edny \u00e9s fogak meg\u0151rz\u00e9s\u00e9hez.<\/li>\n<li><strong>Tiszt\u00edtja a nehezen hozz\u00e1f\u00e9rhet\u0151 ter\u00fcleteket<\/strong>: Egyedi formul\u00e1ja seg\u00edt megtiszt\u00edtani a sz\u00e1j olyan ter\u00fcleteit, amelyeket a hagyom\u00e1nyos fogkr\u00e9mek esetleg kihagynak.<\/li>\n<\/ul>\n<h3>3. Friss\u00edti a l\u00e9gz\u00e9st<\/h3>\n<ul>\n<li><strong>Hosszan tart\u00f3 frissess\u00e9g<\/strong>: A friss lehelet eg\u00e9sz nap friss marad, \u00edgy t\u00f6k\u00e9letes t\u00e1rsas \u00e9rintkez\u00e9sekhez.<\/li>\n<li><strong>Bakteri\u00e1lis ellen\u0151rz\u00e9s<\/strong>: Ez a fogkr\u00e9m a rossz lehelet\u00e9rt felel\u0151s bakt\u00e9riumok elleni k\u00fczdelemmel hozz\u00e1j\u00e1rul az \u00e1ltal\u00e1nos sz\u00e1jhigi\u00e9nia jav\u00edt\u00e1s\u00e1hoz.<\/li>\n<\/ul>\n<h3>4. Zom\u00e1ncv\u00e9delem<\/h3>\n<ul>\n<li><strong>Er\u0151s\u00edti a fogakat<\/strong>: A k\u00e9sz\u00edtm\u00e9nyben l\u00e9v\u0151 fluorid er\u0151s\u00edti a fogzom\u00e1ncot, \u00edgy az ellen\u00e1ll\u00f3bb\u00e1 v\u00e1lik a szuvasod\u00e1ssal \u00e9s a fogszuvasod\u00e1ssal szemben.<\/li>\n<li><strong>Fenntartja a sz\u00e1j eg\u00e9szs\u00e9g\u00e9t<\/strong>: A j\u00f3 sz\u00e1jhigi\u00e9nia eg\u00e9szs\u00e9gesebb \u00ednyt \u00e9s fogakat eredm\u00e9nyez, ami hozz\u00e1j\u00e1rul az \u00e1ltal\u00e1nos \u00e9letmin\u0151s\u00e9g javul\u00e1s\u00e1hoz.<\/li>\n<\/ul>\n<hr>\n<h2>A Crest 3D White Charcoal Deep Clean haszn\u00e1lata<\/h2>\n<p>Ennek a fogkr\u00e9mnek a be\u00e9p\u00edt\u00e9se a napi rutinba egyszer\u0171. \u00cdme egy l\u00e9p\u00e9sr\u0151l-l\u00e9p\u00e9sre t\u00f6rt\u00e9n\u0151 \u00fatmutat\u00f3: <\/p>\n<h3>Napi fogmos\u00e1si rutin<\/h3>\n<ol>\n<li><strong>Alkalmazza a fogkr\u00e9met<\/strong>: Nyomjon egy bors\u00f3nyi mennyis\u00e9get a fogkef\u00e9re.<\/li>\n<li><strong>Kezdje a fogmos\u00e1st<\/strong>: Mosd a fogaidat finoman k\u00e9t percig, \u00fcgyelve arra, hogy minden fel\u00fcletet &#8211; el\u00fcls\u0151, h\u00e1ts\u00f3 \u00e9s r\u00e1g\u00f3fel\u00fcletet &#8211; lefedj.<\/li>\n<li><strong>K\u00f6pje ki \u00e9s \u00f6bl\u00edtse ki<\/strong>: Fogmos\u00e1s ut\u00e1n k\u00f6pje ki a fogkr\u00e9met, \u00e9s alaposan \u00f6bl\u00edtse ki a sz\u00e1j\u00e1t v\u00edzzel.<\/li>\n<\/ol>\n<h3>Tippek a legjobb eredm\u00e9nyekhez<\/h3>\n<ul>\n<li><strong>Naponta k\u00e9tszer kef\u00e9ljen<\/strong>: A fogfeh\u00e9r\u00edt\u00e9s \u00e9s a fogak optim\u00e1lis \u00e1pol\u00e1sa \u00e9rdek\u00e9ben minden reggel \u00e9s lefekv\u00e9s el\u0151tt mosson fogat.<\/li>\n<li><strong>Haszn\u00e1ljon fogselymet<\/strong>: A fogkr\u00e9m napi fogselyemmel val\u00f3 p\u00e1ros\u00edt\u00e1sa seg\u00edt elt\u00e1vol\u00edtani a fogak k\u00f6z\u00f6tti \u00e9telmarad\u00e9kokat \u00e9s leped\u00e9ket.<\/li>\n<li><strong>Ker\u00fclje a foltos \u00e9teleket<\/strong>: A feh\u00e9r\u00edt\u0151 fogkr\u00e9m haszn\u00e1lata sor\u00e1n az eredm\u00e9nyek maximaliz\u00e1l\u00e1sa \u00e9rdek\u00e9ben pr\u00f3b\u00e1lja meg cs\u00f6kkenteni az er\u0151sen pigment\u00e1lt \u00e9telek \u00e9s italok fogyaszt\u00e1s\u00e1t.<\/li>\n<li><strong>Rendszeres fog\u00e1szati ellen\u0151rz\u00e9s<\/strong>: Rendszeresen keresse fel fogorvos\u00e1t professzion\u00e1lis tiszt\u00edt\u00e1sok \u00e9s ellen\u0151rz\u00e9sek c\u00e9lj\u00e1b\u00f3l. \u0150k szem\u00e9lyre szabott tan\u00e1csokat tudnak adni a fogak eg\u00e9szs\u00e9g\u00e9nek meg\u0151rz\u00e9s\u00e9vel kapcsolatban. <\/li>\n<\/ul>\n<hr>\n<h2>\u00c1t\u00e1ll\u00e1s a Crest 3D White Charcoal Deep Cleanre<\/h2>\n<p>Az \u00faj fogkr\u00e9mre val\u00f3 \u00e1tt\u00e9r\u00e9s n\u00e9ha aggodalmakkal j\u00e1rhat azzal kapcsolatban, hogy milyen hat\u00e1ssal lesz a sz\u00e1j\u00fcregi eg\u00e9szs\u00e9gre. \u00cdme, hogyan k\u00f6nny\u00edtheti meg az \u00e1t\u00e1ll\u00e1st: <\/p>\n<table>\n<thead>\n<tr>\n<th><strong>L\u00e9p\u00e9s<\/strong><\/th>\n<th><strong>Tan\u00e1csad\u00e1s<\/strong><\/th>\n<\/tr>\n<\/thead>\n<tbody>\n<tr>\n<td>Fokozatosan kezdje el<\/td>\n<td>Ha m\u00e1s fogkr\u00e9met haszn\u00e1l, az els\u0151 h\u00e9ten kezdje v\u00e1ltakozva.<\/td>\n<\/tr>\n<tr>\n<td>Monitor \u00e9rz\u00e9kenys\u00e9g<\/td>\n<td>Ha \u00e9rz\u00e9kenys\u00e9get tapasztal, fontolja meg a gyakoris\u00e1g cs\u00f6kkent\u00e9s\u00e9t, \u00e9s ha a t\u00fcnetek tov\u00e1bbra is fenn\u00e1llnak, forduljon fogorvoshoz.<\/td>\n<\/tr>\n<tr>\n<td>Sz\u00e1jhigi\u00e9nia fenntart\u00e1sa<\/td>\n<td>Tartsa be a rendszeres fog\u00e1szati szok\u00e1sokat az eg\u00e9szs\u00e9ges fogak \u00e9s \u00edny biztos\u00edt\u00e1sa \u00e9rdek\u00e9ben.<\/td>\n<\/tr>\n<\/tbody>\n<\/table>\n<hr>\n<h2>GYIK a Crest 3D White Charcoal Deep Clean term\u00e9kr\u0151l<\/h2>\n<h3>1. Biztons\u00e1gos a mindennapi haszn\u00e1latra?<\/h3>\n<p>Igen, a <strong>Crest 3D White Charcoal Deep Clean<\/strong> napi haszn\u00e1latra k\u00e9sz\u00fclt. Csak k\u00f6vesse az aj\u00e1nlott utas\u00edt\u00e1sokat a legjobb eredm\u00e9ny \u00e9rdek\u00e9ben. <\/p>\n<h3>2. Mennyi id\u0151, am\u00edg eredm\u00e9nyeket l\u00e1tok?<\/h3>\n<p>Sok felhaszn\u00e1l\u00f3 m\u00e1r n\u00e9h\u00e1ny hetes k\u00f6vetkezetes haszn\u00e1lat ut\u00e1n l\u00e1that\u00f3 feh\u00e9r\u00edt\u0151 hat\u00e1sr\u00f3l sz\u00e1mol be.<\/p>\n<h3>3. Haszn\u00e1lhat\u00f3-e biztons\u00e1gosan fogszab\u00e1lyz\u00f3val?<\/h3>\n<p>\u00c1ltal\u00e1noss\u00e1gban elmondhat\u00f3, hogy fogszab\u00e1lyz\u00f3val egy\u00fctt biztons\u00e1gosan haszn\u00e1lhat\u00f3, de szem\u00e9lyre szabott tan\u00e1cs\u00e9rt mindig forduljon fogszab\u00e1lyoz\u00f3 orvos\u00e1hoz.<\/p>\n<h3>4. M\u0171k\u00f6dik \u00e9rz\u00e9keny fogakra?<\/h3>\n<p>B\u00e1r sokan hat\u00e1sosnak tal\u00e1lj\u00e1k, az extr\u00e9m \u00e9rz\u00e9kenys\u00e9gben szenved\u0151 egy\u00e9neknek \u00e9rdemes konzult\u00e1lniuk fogorvosukkal, miel\u0151tt rendszeresen haszn\u00e1ln\u00e1k.<\/p>\n<h3>5. Mi a legjobb m\u00f3dja a t\u00e1rol\u00e1s\u00e1nak?<\/h3>\n<p>A fogkr\u00e9met h\u0171v\u00f6s, sz\u00e1raz helyen, k\u00f6zvetlen napf\u00e9nyt\u0151l v\u00e9dve tartsa, hogy meg\u0151rizze hat\u00e9konys\u00e1g\u00e1t.<\/p>\n<hr>\n<h2>A Crest 3D White Charcoal \u00e9s m\u00e1s feh\u00e9r\u00edt\u0151 m\u00e1rk\u00e1k \u00f6sszehasonl\u00edt\u00e1sa<\/h2>\n<p>A fogkr\u00e9mv\u00e1laszt\u00e9k m\u00e9rlegel\u00e9sekor mindig hasznos az \u00f6sszehasonl\u00edt\u00e1s. \u00cdme, hogyan \u00e1ll a Crest n\u00e9h\u00e1ny versenyt\u00e1rs\u00e1val szemben: <\/p>\n<table>\n<thead>\n<tr>\n<th><strong>M\u00e1rka\/Term\u00e9k<\/strong><\/th>\n<th><strong>Feh\u00e9r\u00edt\u0151 er\u0151<\/strong><\/th>\n<th><strong>\u00cdzes\u00edt\u00e9s opci\u00f3k<\/strong><\/th>\n<th><strong>Zom\u00e1nc biztons\u00e1gos<\/strong><\/th>\n<\/tr>\n<\/thead>\n<tbody>\n<tr>\n<td>Crest 3D White Charcoal m\u00e9lytiszt\u00edt\u00e1s<\/td>\n<td>Magas<\/td>\n<td>\u00c9l\u00e9nk\u00edt\u0151 menta<\/td>\n<td>Igen<\/td>\n<\/tr>\n<tr>\n<td>Colgate Optic White Charcoal<\/td>\n<td>M\u00e9rs\u00e9kelt<\/td>\n<td>Jeges robban\u00e1s, Friss menta<\/td>\n<td>Igen<\/td>\n<\/tr>\n<tr>\n<td>Sensodyne Pronamel gyeng\u00e9d fogfeh\u00e9r\u00edt\u00e9s<\/td>\n<td>M\u00e9rs\u00e9kelt<\/td>\n<td>Friss menta<\/td>\n<td>Igen<\/td>\n<\/tr>\n<\/tbody>\n<\/table>\n<p>A Crest kiemelkedik er\u0151teljes sz\u00e9nk\u00e9sz\u00edtm\u00e9ny\u00e9vel \u00e9s friss\u00edt\u0151 \u00edz\u00e9vel, \u00edgy a fogfeh\u00e9r\u00edt\u00e9ssel komolyan foglalkoz\u00f3k sz\u00e1m\u00e1ra el\u0151ny\u00f6s v\u00e1laszt\u00e1s.<\/p>\n<hr>\n<p><strong>A Crest 3D White Charcoal Deep Clean 99g, \u00e9l\u00e9nk\u00edt\u0151 mentolos feh\u00e9r\u00edt\u0151 fogkr\u00e9m<\/strong> jelent\u0151s el\u0151rel\u00e9p\u00e9st jelent a sz\u00e1jhigi\u00e9nia \u00e9s a kozmetikai \u00e1pol\u00e1s ter\u00e9n. A fasz\u00e9n \u00e9s a feh\u00e9r\u00edt\u0151 hat\u00f3anyagok egyed\u00fcl\u00e1ll\u00f3 kever\u00e9ke nemcsak ragyog\u00f3 mosolyt biztos\u00edt, hanem el\u0151seg\u00edti a m\u00e9lyebb tiszt\u00edt\u00e1st \u00e9s a frissebb leheletet is. A fluoridv\u00e9delemmel egy\u00fctt egy \u00e1tfog\u00f3 fog\u00e1pol\u00e1si term\u00e9k minden elem\u00e9t kipip\u00e1lja.  <\/p>\n<p>Akkor mi\u00e9rt v\u00e1rjunk? Alak\u00edtsa \u00e1t fog\u00e1szati rutinj\u00e1t, \u00e9s szabad\u00edtsa fel mosolya teljes potenci\u00e1lj\u00e1t a Crest 3D White Charcoal Deep Clean seg\u00edts\u00e9g\u00e9vel m\u00e9g ma! R\u00e1 fog j\u00f6nni, hogy a ragyog\u00f3 mosoly t\u00f6bb mint eszt\u00e9tikum; ez egy \u00f6nbizalomn\u00f6vel\u0151, amely megv\u00e1ltoztathatja a mindennapi interakci\u00f3kat. Pr\u00f3b\u00e1lja ki, \u00e9s tapasztalja meg a k\u00fcl\u00f6nbs\u00e9get a saj\u00e1t b\u0151r\u00e9n!   <\/p>\n","protected":false},"excerpt":{"rendered":"<p>Fedezze fel a Crest 3D White Charcoal Deep Clean 99g, \u00e9l\u00e9nk\u00edt\u0151 menta feh\u00e9r\u00edt\u0151 fogkr\u00e9m. Ismerje meg innovat\u00edv \u00f6sszetev\u0151it, el\u0151nyeit \u00e9s tippjeit a ragyog\u00f3bb mosoly el\u00e9r\u00e9s\u00e9hez. <\/p>\n","protected":false},"featured_media":5067,"comment_status":"open","ping_status":"closed","template":"","meta":[],"product_cat":[208],"product_tag":[475,481,476,477,479],"class_list":{"0":"post-5065","1":"product","2":"type-product","3":"status-publish","4":"has-post-thumbnail","6":"product_cat-crest-fogkrem","7":"product_tag-crest-3d-white-hu","8":"product_tag-crest-3d-white-charcoal-hu","9":"product_tag-crest-3d-white-charcoal-melytisztito-99g","10":"product_tag-elenkito-menta","11":"product_tag-elite-feherito-fogkrem","12":"pa_brands-crest-hu","14":"first","15":"outofstock","16":"taxable","17":"shipping-taxable","18":"purchasable","19":"product-type-simple"},"_links":{"self":[{"href":"https:\/\/tretinoins.com\/hu\/wp-json\/wp\/v2\/product\/5065","targetHints":{"allow":["GET"]}}],"collection":[{"href":"https:\/\/tretinoins.com\/hu\/wp-json\/wp\/v2\/product"}],"about":[{"href":"https:\/\/tretinoins.com\/hu\/wp-json\/wp\/v2\/types\/product"}],"replies":[{"embeddable":true,"href":"https:\/\/tretinoins.com\/hu\/wp-json\/wp\/v2\/comments?post=5065"}],"version-history":[{"count":1,"href":"https:\/\/tretinoins.com\/hu\/wp-json\/wp\/v2\/product\/5065\/revisions"}],"predecessor-version":[{"id":10178,"href":"https:\/\/tretinoins.com\/hu\/wp-json\/wp\/v2\/product\/5065\/revisions\/10178"}],"wp:featuredmedia":[{"embeddable":true,"href":"https:\/\/tretinoins.com\/hu\/wp-json\/wp\/v2\/media\/5067"}],"wp:attachment":[{"href":"https:\/\/tretinoins.com\/hu\/wp-json\/wp\/v2\/media?parent=5065"}],"wp:term":[{"taxonomy":"product_cat","embeddable":true,"href":"https:\/\/tretinoins.com\/hu\/wp-json\/wp\/v2\/product_cat?post=5065"},{"taxonomy":"product_tag","embeddable":true,"href":"https:\/\/tretinoins.com\/hu\/wp-json\/wp\/v2\/product_tag?post=5065"}],"curies":[{"name":"wp","href":"https:\/\/api.w.org\/{rel}","templated":true}]}}