{"id":5063,"date":"2024-01-03T14:04:47","date_gmt":"2024-01-03T14:04:47","guid":{"rendered":"https:\/\/tretinoins.com\/crest-3d-white-brilliance-2-step-kit-deep-clean-fogkrem-113g-fogfeherito-gel-65g\/"},"modified":"2025-11-19T23:07:22","modified_gmt":"2025-11-19T21:07:22","slug":"crest-3d-white-brilliance-2-step-kit-deep-clean-fogkrem-113g-fogfeherito-gel-65g","status":"publish","type":"product","link":"https:\/\/tretinoins.com\/hu\/crest-3d-white-brilliance-2-step-kit-deep-clean-fogkrem-113g-fogfeherito-gel-65g\/","title":{"rendered":"Crest 3D White Brilliance 2 Step Kit, Elite Deep Clean fogkr\u00e9m 113g + fogfeh\u00e9r\u00edt\u0151 g\u00e9l 65g"},"content":{"rendered":"<h1>K\u00e1pr\u00e1zatos mosoly el\u00e9r\u00e9se: A Crest 3D White Brilliance 2 Step Kit: \u00c1tfog\u00f3 \u00fatmutat\u00f3 a Crest 3D White Brilliance 2 Step Kithez<\/h1>\n<p>A Crest 3D White Brilliance 2 l\u00e9p\u00e9ses k\u00e9szlettel, amely a Deep Clean fogkr\u00e9met \u00e9s a fogfeh\u00e9r\u00edt\u0151 g\u00e9lt tartalmazza, felfedheti a ragyog\u00f3bb mosoly titk\u00e1t. Fedezze fel az el\u0151ny\u00f6ket, a haszn\u00e1lati tippeket \u00e9s azt, hogy ez a k\u00e9szlet hogyan v\u00e1ltoztathatja meg sz\u00e1j\u00e1pol\u00e1si rutinj\u00e1t. <\/p>\n<hr>\n<p>A ragyog\u00f3, magabiztos mosolyra val\u00f3 t\u00f6rekv\u00e9s sor\u00e1n sokan fordultak a k\u00fcl\u00f6nb\u00f6z\u0151 fogfeh\u00e9r\u00edt\u0151 term\u00e9kekhez. A <strong>Crest 3D White Brilliance 2 Step Kit<\/strong>, amely <strong>Deep Clean fogkr\u00e9mb\u0151l (113g)<\/strong> \u00e9s <strong>fogfeh\u00e9r\u00edt\u0151 g\u00e9lb\u0151l (65g<\/strong>) \u00e1ll, azonban \u00e1tfog\u00f3 megold\u00e1sk\u00e9nt t\u0171nik ki. Ez az innovat\u00edv k\u00e9szlet nemcsak azt \u00edg\u00e9ri, hogy hat\u00e9konyan feh\u00e9r\u00edti a fogakat, hanem azt is, hogy a rendk\u00edv\u00fcli tiszt\u00edt\u00e1s r\u00e9v\u00e9n meg\u0151rzi a fogak eg\u00e9szs\u00e9g\u00e9t.  <\/p>\n<p>Ebben a r\u00e9szletes cikkben felt\u00e1rjuk a k\u00e9szlet \u00f6sszetev\u0151it, el\u0151nyeit, a megfelel\u0151 haszn\u00e1lati utas\u00edt\u00e1sokat \u00e9s m\u00e9g sok m\u00e1st, hogy seg\u00edts\u00fcnk \u00d6nnek el\u00e9rni azt a k\u00e1pr\u00e1zatos mosolyt, amire mindig is v\u00e1gyott.<\/p>\n<hr>\n<h2>Mit tartalmaz a Crest 3D White Brilliance Kit?<\/h2>\n<p>A k\u00e9szlet egyes \u00f6sszetev\u0151inek meg\u00e9rt\u00e9se kulcsfontoss\u00e1g\u00fa a k\u00e9szlet el\u0151nyeinek maximaliz\u00e1l\u00e1s\u00e1hoz. Az al\u00e1bbiakat tal\u00e1lja ebben a 2 l\u00e9p\u00e9ses rendszerben: <\/p>\n<table>\n<thead>\n<tr>\n<th><strong>Term\u00e9k<\/strong><\/th>\n<th><strong>M\u00e9ret<\/strong><\/th>\n<th><strong>Funkci\u00f3<\/strong><\/th>\n<\/tr>\n<\/thead>\n<tbody>\n<tr>\n<td>Deep Clean fogkr\u00e9m<\/td>\n<td>113g<\/td>\n<td>Tiszt\u00edtja a fogakat, elt\u00e1vol\u00edtja a foltokat \u00e9s felfriss\u00edti a leheletet.<\/td>\n<\/tr>\n<tr>\n<td>Fogfeh\u00e9r\u00edt\u0151 g\u00e9l<\/td>\n<td>65g<\/td>\n<td>Er\u0151teljes fogfeh\u00e9r\u00edt\u00e9st biztos\u00edt a l\u00e1that\u00f3 eredm\u00e9nyek\u00e9rt<\/td>\n<\/tr>\n<\/tbody>\n<\/table>\n<h3>Deep Clean fogkr\u00e9m: A feh\u00e9rs\u00e9g alapja<\/h3>\n<p>A <strong>Deep Clean fogkr\u00e9m<\/strong> az els\u0151 l\u00e9p\u00e9s a ragyog\u00f3bb mosoly fel\u00e9 vezet\u0151 \u00faton. Ezt a fogkr\u00e9met \u00fagy tervezt\u00e9k, hogy m\u00e9lyen behatoljon a leped\u00e9k elleni k\u00fczdelemhez \u00e9s alapos tiszt\u00edt\u00e1st biztos\u00edtson. A legfontosabb jellemz\u0151k k\u00f6z\u00e9 tartoznak:  <\/p>\n<ul>\n<li><strong>Tiszt\u00edt\u00f3 hat\u00e1s<\/strong>: A felsz\u00edni szennyez\u0151d\u00e9sek \u00e9s a leped\u00e9k hat\u00e9kony elt\u00e1vol\u00edt\u00e1s\u00e1ra.<\/li>\n<li><strong>Friss menta \u00edz<\/strong>: Hosszan tart\u00f3 friss leheletet biztos\u00edt.<\/li>\n<li><strong>Fluoridtartalom<\/strong>: Er\u0151s\u00edti a zom\u00e1ncot \u00e9s seg\u00edt megel\u0151zni a szuvasod\u00e1st.<\/li>\n<\/ul>\n<h3>Fogfeh\u00e9r\u00edt\u0151 g\u00e9l: A feh\u00e9r mosoly titka<\/h3>\n<p>A m\u00e1sodik l\u00e9p\u00e9s a <strong>fogfeh\u00e9r\u00edt\u0151 g\u00e9l<\/strong>, amely fokozza a fogfeh\u00e9r\u00edt\u00e9s eredm\u00e9ny\u00e9t. Ezt a g\u00e9lt \u00fagy tervezt\u00e9k, hogy a fogkr\u00e9mmel egy\u00fctt m\u0171k\u00f6dj\u00f6n, \u00e9s gyorsan er\u0151teljes feh\u00e9r\u00edt\u00e9st biztos\u00edtson. A jellemz\u0151k k\u00f6z\u00e9 tartozik:  <\/p>\n<ul>\n<li><strong>Fejlett feh\u00e9r\u00edt\u0151 formula<\/strong>: A leny\u0171g\u00f6z\u0151 eredm\u00e9nyek \u00e9rdek\u00e9ben a m\u00e9lyen \u00fcl\u0151 foltokat c\u00e9lozza meg \u00e9s emeli fel.<\/li>\n<li><strong>K\u00f6nny\u0171 alkalmaz\u00e1s<\/strong>: A g\u00e9l \u00f6sszet\u00e9tele lehet\u0151v\u00e9 teszi az egyszer\u0171 felhord\u00e1si folyamatot.<\/li>\n<li><strong>K\u00edm\u00e9letes a zom\u00e1nchoz<\/strong>: A fogak eg\u00e9szs\u00e9g\u00e9nek vesz\u00e9lyeztet\u00e9se n\u00e9lk\u00fcli fogfeh\u00e9r\u00edt\u00e9st biztos\u00edt.<\/li>\n<\/ul>\n<hr>\n<h2>A Crest 3D White Brilliance Kit haszn\u00e1lat\u00e1nak el\u0151nyei<\/h2>\n<p>Most, hogy felt\u00e1rtuk a k\u00e9szlet \u00f6sszetev\u0151it, besz\u00e9lj\u00fcnk a sz\u00e1mos el\u0151ny\u00e9r\u0151l:<\/p>\n<h3>1. Hat\u00e9kony foltelt\u00e1vol\u00edt\u00e1s<\/h3>\n<ul>\n<li><strong>C\u00e9lzott fell\u00e9p\u00e9s<\/strong>: A fogkr\u00e9m \u00e9s a g\u00e9l egy\u00fcttesen t\u00e1vol\u00edtja el a k\u00e1v\u00e9, tea, bor \u00e9s m\u00e1s szennyez\u0151d\u00e9sek okozta foltokat.<\/li>\n<li><strong>Kett\u0151s rendszer<\/strong>: A kombin\u00e1ci\u00f3 a fog\u00e1pol\u00e1s \u00e1tfog\u00f3 megk\u00f6zel\u00edt\u00e9s\u00e9t biztos\u00edtja, a fogfelsz\u00edn feletti \u00e9s alatti foltok kezel\u00e9s\u00e9t egyar\u00e1nt.<\/li>\n<\/ul>\n<h3>2. \u00c9rezhet\u0151 feh\u00e9r\u00edt\u0151 eredm\u00e9nyek<\/h3>\n<ul>\n<li><strong>Gyorsan hat\u00f3<\/strong>: Sok felhaszn\u00e1l\u00f3 a k\u00e9szlet haszn\u00e1lat\u00e1t k\u00f6vet\u0151 napokon bel\u00fcl l\u00e1that\u00f3 javul\u00e1sr\u00f3l sz\u00e1mol be mosolya f\u00e9nyess\u00e9g\u00e9ben.<\/li>\n<li><strong>Professzion\u00e1lis szint\u0171 feh\u00e9r\u00edt\u00e9s<\/strong>: A formula megk\u00f6zel\u00edti a professzion\u00e1lis feh\u00e9r\u00edt\u00e9si szintet, ide\u00e1lis azok sz\u00e1m\u00e1ra, akik az otthoni megold\u00e1sokat r\u00e9szes\u00edtik el\u0151nyben.<\/li>\n<\/ul>\n<h3>3. Fokozott sz\u00e1jhigi\u00e9nia<\/h3>\n<ul>\n<li><strong>Plakettharc<\/strong>: A fogkr\u00e9m seg\u00edt megakad\u00e1lyozni a leped\u00e9k kialakul\u00e1s\u00e1t, ami eg\u00e9szs\u00e9gesebb \u00ednyt \u00e9s fogakat eredm\u00e9nyez.<\/li>\n<li><strong>Szuvasod\u00e1s elleni v\u00e9delem<\/strong>: A napi fluoridos kezel\u00e9s er\u0151s\u00edti a zom\u00e1ncot \u00e9s cs\u00f6kkenti a szuvasod\u00e1s kock\u00e1zat\u00e1t.<\/li>\n<\/ul>\n<h3>4. Friss lehelet<\/h3>\n<ul>\n<li><strong>Hosszan tart\u00f3 frissess\u00e9g<\/strong>: A friss\u00edt\u0151 menta \u00edz frissen tartja a sz\u00e1j\u00e1t, \u00edgy t\u00f6k\u00e9letes mindennapi haszn\u00e1latra \u00e9s k\u00fcl\u00f6nleges alkalmakra egyar\u00e1nt.<\/li>\n<li><strong>Bakt\u00e9rium-ellen\u0151rz\u00e9s<\/strong>: Az \u00f6sszetev\u0151k seg\u00edtenek semleges\u00edteni a szagokat okoz\u00f3 bakt\u00e9riumokat, hozz\u00e1j\u00e1rulva a jobb \u00e1ltal\u00e1nos lehelethez.<\/li>\n<\/ul>\n<hr>\n<h2>A Crest 3D White Brilliance k\u00e9szlet haszn\u00e1lata<\/h2>\n<p>Az optim\u00e1lis eredm\u00e9ny \u00e9rdek\u00e9ben elengedhetetlen, hogy k\u00f6vesse a helyes alkalmaz\u00e1si l\u00e9p\u00e9seket. \u00cdme, hogyan hozhatja ki a legt\u00f6bbet a <strong>Crest 3D White Brilliance 2 Step Kitb\u0151l<\/strong>: <\/p>\n<h3>L\u00e9p\u00e9sr\u0151l-l\u00e9p\u00e9sre \u00fatmutat\u00f3<\/h3>\n<ol>\n<li><strong>Kezdje a Deep Clean fogkr\u00e9mmel<\/strong>:\n<ul>\n<li>Nyomjon egy bors\u00f3nyi mennyis\u00e9get a fogkef\u00e9re.<\/li>\n<li>Alaposan mossa meg a fogait legal\u00e1bb k\u00e9t percig, \u00fcgyelve arra, hogy minden fel\u00fcletre kiterjedjen.<\/li>\n<li>\u00d6bl\u00edtse ki j\u00f3l a sz\u00e1j\u00e1t v\u00edzzel.<\/li>\n<\/ul>\n<\/li>\n<li><strong>K\u00f6vesse a fogfeh\u00e9r\u00edt\u0151 g\u00e9llel<\/strong>:\n<ul>\n<li>Vigyen fel egy kis mennyis\u00e9get a fogfeh\u00e9r\u00edt\u0151 g\u00e9lb\u0151l a fogkef\u00e9re vagy k\u00f6zvetlen\u00fcl a fogakra.<\/li>\n<li>Gyeng\u00e9den kef\u00e9ld \u00e1t a fogakat k\u00f6r\u00fclbel\u00fcl 30 m\u00e1sodperct\u0151l 1 percig.<\/li>\n<li>Ne \u00f6bl\u00edtse le azonnal; hagyja a g\u00e9lt a fogakon az optim\u00e1lis feh\u00e9r\u00edt\u0151 hat\u00e1s \u00e9rdek\u00e9ben az \u00f6bl\u00edt\u00e9s el\u0151tt.<\/li>\n<\/ul>\n<\/li>\n<\/ol>\n<h3>Haszn\u00e1lati tippek<\/h3>\n<ul>\n<li><strong>Gyakoris\u00e1g<\/strong>: A legjobb eredm\u00e9ny el\u00e9r\u00e9se \u00e9rdek\u00e9ben haszn\u00e1lja a k\u00e9szletet naponta k\u00e9tszer &#8211; egyszer reggel \u00e9s egyszer lefekv\u00e9s el\u0151tt.<\/li>\n<li><strong>Folyamatos haszn\u00e1lat<\/strong>: A rendszeres haszn\u00e1lat fenntartja a feh\u00e9r\u00edt\u00e9si eredm\u00e9nyeket \u00e9s jav\u00edtja az \u00e1ltal\u00e1nos sz\u00e1jhigi\u00e9ni\u00e1t.<\/li>\n<li><strong>Ker\u00fclje a foltos \u00e9teleket \u00e9s italokat<\/strong>: A k\u00e9szlet haszn\u00e1lata sor\u00e1n az er\u0151sen pigment\u00e1lt \u00e9lelmiszerek fogyaszt\u00e1s\u00e1nak minimaliz\u00e1l\u00e1sa seg\u00edthet az eredm\u00e9nyek fenntart\u00e1s\u00e1ban.<\/li>\n<\/ul>\n<hr>\n<h2>\u00c1t\u00e1ll\u00e1s a Crest 3D White Brilliance Kitre<\/h2>\n<p>Az \u00faj sz\u00e1j\u00e1pol\u00e1si term\u00e9kre val\u00f3 \u00e1tt\u00e9r\u00e9s k\u00e9rd\u00e9seket vethet fel. \u00cdme, hogyan illesztheti be z\u00f6kken\u0151mentesen ezt a k\u00e9szletet a rutinj\u00e1ba: <\/p>\n<table>\n<thead>\n<tr>\n<th><strong>L\u00e9p\u00e9s<\/strong><\/th>\n<th><strong>Tan\u00e1csad\u00e1s<\/strong><\/th>\n<\/tr>\n<\/thead>\n<tbody>\n<tr>\n<td>Fokozatos \u00e1tmenet<\/td>\n<td>Ha m\u00e1s fogkr\u00e9mr\u0151l v\u00e1ltasz, az els\u0151 h\u00e9ten pr\u00f3b\u00e1ld meg v\u00e1ltogatni.<\/td>\n<\/tr>\n<tr>\n<td>Monitor \u00e9rz\u00e9kenys\u00e9g<\/td>\n<td>Ha \u00e9rz\u00e9kenys\u00e9get tapasztal, cs\u00f6kkents\u00fck vissza a napi egyszer, am\u00edg a fogak alkalmazkodnak.<\/td>\n<\/tr>\n<tr>\n<td>Rutin fenntart\u00e1sa<\/td>\n<td>Tartsa be a napi fogselyem haszn\u00e1lat\u00e1t \u00e9s a rendszeres fog\u00e1szati ellen\u0151rz\u00e9seket.<\/td>\n<\/tr>\n<\/tbody>\n<\/table>\n<hr>\n<h2>Gyakran ism\u00e9telt k\u00e9rd\u00e9sek<\/h2>\n<h3>1. Biztons\u00e1gos a Crest 3D White Brilliance Kit a mindennapi haszn\u00e1lat sor\u00e1n?<\/h3>\n<p>Igen! A Crest 3D White Brilliance Kit-et napi haszn\u00e1latra fejlesztett\u00e9k ki, \u00edgy alkalmas a rendszeres sz\u00e1jhigi\u00e9niai rutinra. <\/p>\n<h3>2. Milyen hamar sz\u00e1m\u00edthatok eredm\u00e9nyekre?<\/h3>\n<p>Sok felhaszn\u00e1l\u00f3 m\u00e1r n\u00e9h\u00e1ny nap rendszeres haszn\u00e1lat ut\u00e1n \u00e9szreveszi a k\u00fcl\u00f6nbs\u00e9get. A legjobb eredm\u00e9nyek el\u00e9r\u00e9s\u00e9hez kulcsfontoss\u00e1g\u00fa a k\u00f6vetkezetess\u00e9g. <\/p>\n<h3>3. Haszn\u00e1lhatom, ha \u00e9rz\u00e9kenyek a fogaim?<\/h3>\n<p>Igen, a k\u00e9sz\u00edtm\u00e9ny biztons\u00e1gos haszn\u00e1latra k\u00e9sz\u00fclt, de ha extr\u00e9m \u00e9rz\u00e9kenys\u00e9ggel k\u00fczd, a fogorvossal val\u00f3 konzult\u00e1ci\u00f3 aj\u00e1nlott, miel\u0151tt elkezden\u00e9.<\/p>\n<h3>4. Haszn\u00e1lhat\u00f3-e a g\u00e9l \u00f6nmag\u00e1ban, fogkr\u00e9m n\u00e9lk\u00fcl?<\/h3>\n<p>B\u00e1r a g\u00e9l \u00f6n\u00e1ll\u00f3an is haszn\u00e1lhat\u00f3, az optim\u00e1lis eredm\u00e9ny \u00e9rdek\u00e9ben a Deep Clean fogkr\u00e9mmel kombin\u00e1lva a legjobban m\u0171k\u00f6dik.<\/p>\n<h3>5. Hogyan kell ezt a k\u00e9szletet t\u00e1rolni?<\/h3>\n<p>Tartsa a k\u00e9szletet h\u0171v\u00f6s, sz\u00e1raz helyen, k\u00f6zvetlen napf\u00e9nyt\u0151l v\u00e9dve, hogy meg\u0151rizze az \u00f6sszetev\u0151k hat\u00e9konys\u00e1g\u00e1t.<\/p>\n<hr>\n<h2>A Crest 3D White Brilliance Kit \u00e9s m\u00e1s feh\u00e9r\u00edt\u0151 term\u00e9kek \u00f6sszehasonl\u00edt\u00e1sa<\/h2>\n<p>Amikor a legjobb fogfeh\u00e9r\u00edt\u00e9si lehet\u0151s\u00e9get m\u00e9rlegeli, hasznos \u00f6sszehasonl\u00edtani a piacon kaphat\u00f3 m\u00e1s term\u00e9kekkel. \u00cdme egy r\u00f6vid \u00e1ttekint\u00e9s: <\/p>\n<table>\n<thead>\n<tr>\n<th><strong>M\u00e1rka\/Term\u00e9k<\/strong><\/th>\n<th><strong>Feh\u00e9r\u00edt\u0151 er\u0151<\/strong><\/th>\n<th><strong>Alkalmaz\u00e1si m\u00f3dszer<\/strong><\/th>\n<th><strong>Zom\u00e1nc biztons\u00e1gos<\/strong><\/th>\n<\/tr>\n<\/thead>\n<tbody>\n<tr>\n<td>Crest 3D White Brilliance k\u00e9szlet<\/td>\n<td>Magas<\/td>\n<td>2 l\u00e9p\u00e9ses rendszer (fogkr\u00e9m + g\u00e9l)<\/td>\n<td>Igen<\/td>\n<\/tr>\n<tr>\n<td>Colgate Optic White System<\/td>\n<td>M\u00e9rs\u00e9kelt<\/td>\n<td>Csak fogkr\u00e9m<\/td>\n<td>Igen<\/td>\n<\/tr>\n<tr>\n<td>AuraGlow fogfeh\u00e9r\u00edt\u0151 k\u00e9szlet<\/td>\n<td>Magas<\/td>\n<td>G\u00e9l t\u00e1lc\u00e1kkal<\/td>\n<td>Igen<\/td>\n<\/tr>\n<\/tbody>\n<\/table>\n<p>A Crest k\u00e9szlet megk\u00fcl\u00f6nb\u00f6zteti mag\u00e1t a kett\u0151s hat\u00e1s\u00fa megk\u00f6zel\u00edt\u00e9ssel, amely a m\u00e9lytiszt\u00edt\u00e1st \u00e9s a fogfeh\u00e9r\u00edt\u00e9st egy k\u00e9nyelmes rendszerben egyes\u00edti.<\/p>\n<hr>\n<p>A mai vil\u00e1gban egy ragyog\u00f3 mosoly n\u00f6velheti az \u00f6nbizalmat \u00e9s maradand\u00f3 benyom\u00e1st kelthet. A <strong>Crest 3D White Brilliance 2 Step Kit<\/strong> a hat\u00e9kony sz\u00e1jtiszt\u00edt\u00e1st \u00e9s a fejlett fogfeh\u00e9r\u00edt\u0151 technol\u00f3gi\u00e1t \u00f6tv\u00f6zi, hogy seg\u00edtsen \u00d6nnek el\u00e9rni a v\u00e1gyott ragyog\u00f3 mosolyt. A <strong>Deep Clean fogkr\u00e9met<\/strong> \u00e9s a <strong>fogfeh\u00e9r\u00edt\u0151 g\u00e9lt<\/strong> egyar\u00e1nt tartalmaz\u00f3 k\u00e9szlet nemcsak a foltokat t\u00e1vol\u00edtja el, hanem el\u0151seg\u00edti a fogak \u00e1ltal\u00e1nos eg\u00e9szs\u00e9g\u00e9t is.  <\/p>\n<p>Mi\u00e9rt ne tenn\u00e9 meg a k\u00f6vetkez\u0151 l\u00e9p\u00e9st egy ragyog\u00f3bb mosoly fel\u00e9? Pr\u00f3b\u00e1lja ki a <strong>Crest 3D White Brilliance Kitet<\/strong>, \u00e9s tapasztalja meg a professzion\u00e1lis min\u0151s\u00e9g\u0171 fogfeh\u00e9r\u00edt\u00e9s \u00e1talak\u00edt\u00f3 erej\u00e9t otthon\u00e1nak k\u00e9nyelm\u00e9b\u0151l. T\u00f6k\u00e9letes mosolya csak r\u00e1d v\u00e1r!  <\/p>\n","protected":false},"excerpt":{"rendered":"<p>A Crest 3D White Brilliance 2 l\u00e9p\u00e9ses k\u00e9szlettel, amely a Deep Clean fogkr\u00e9met \u00e9s a fogfeh\u00e9r\u00edt\u0151 g\u00e9lt tartalmazza, felfedheti a ragyog\u00f3bb mosoly titk\u00e1t. Fedezze fel az el\u0151ny\u00f6ket, a haszn\u00e1lati tippeket \u00e9s azt, hogy ez a k\u00e9szlet hogyan v\u00e1ltoztathatja meg sz\u00e1j\u00e1pol\u00e1si rutinj\u00e1t. <\/p>\n","protected":false},"featured_media":5064,"comment_status":"open","ping_status":"closed","template":"","meta":[],"product_cat":[208],"product_tag":[604,606,608,609],"class_list":{"0":"post-5063","1":"product","2":"type-product","3":"status-publish","4":"has-post-thumbnail","6":"product_cat-crest-fogkrem","7":"product_tag-crest-3d-white-brilliance-hu","8":"product_tag-crest-3d-white-brilliance-2-lepeses-keszlet","9":"product_tag-elite-deep-clean-fogkrem-113g-fogfeherito-gel-65g","10":"product_tag-fogfeherito-gel-65g","11":"pa_brands-crest-hu","13":"first","14":"outofstock","15":"taxable","16":"shipping-taxable","17":"purchasable","18":"product-type-simple"},"_links":{"self":[{"href":"https:\/\/tretinoins.com\/hu\/wp-json\/wp\/v2\/product\/5063","targetHints":{"allow":["GET"]}}],"collection":[{"href":"https:\/\/tretinoins.com\/hu\/wp-json\/wp\/v2\/product"}],"about":[{"href":"https:\/\/tretinoins.com\/hu\/wp-json\/wp\/v2\/types\/product"}],"replies":[{"embeddable":true,"href":"https:\/\/tretinoins.com\/hu\/wp-json\/wp\/v2\/comments?post=5063"}],"version-history":[{"count":1,"href":"https:\/\/tretinoins.com\/hu\/wp-json\/wp\/v2\/product\/5063\/revisions"}],"predecessor-version":[{"id":10239,"href":"https:\/\/tretinoins.com\/hu\/wp-json\/wp\/v2\/product\/5063\/revisions\/10239"}],"wp:featuredmedia":[{"embeddable":true,"href":"https:\/\/tretinoins.com\/hu\/wp-json\/wp\/v2\/media\/5064"}],"wp:attachment":[{"href":"https:\/\/tretinoins.com\/hu\/wp-json\/wp\/v2\/media?parent=5063"}],"wp:term":[{"taxonomy":"product_cat","embeddable":true,"href":"https:\/\/tretinoins.com\/hu\/wp-json\/wp\/v2\/product_cat?post=5063"},{"taxonomy":"product_tag","embeddable":true,"href":"https:\/\/tretinoins.com\/hu\/wp-json\/wp\/v2\/product_tag?post=5063"}],"curies":[{"name":"wp","href":"https:\/\/api.w.org\/{rel}","templated":true}]}}