{"id":5059,"date":"2024-01-03T14:00:19","date_gmt":"2024-01-03T14:00:19","guid":{"rendered":"https:\/\/tretinoins.com\/tretinoin-krem-0-1-20g-tretiheal-healing-pharma\/"},"modified":"2026-04-22T08:47:38","modified_gmt":"2026-04-22T06:47:38","slug":"tretinoin-krem-0-1-20g-tretiheal-healing-pharma","status":"publish","type":"product","link":"https:\/\/tretinoins.com\/hu\/tretinoin-krem-0-1-20g-tretiheal-healing-pharma\/","title":{"rendered":"Tretinoin kr\u00e9m 0.1%, 20g, Tretiheal, Healing Pharma, Akne elleni kr\u00e9m, r\u00e1nctalan\u00edt\u00f3 kr\u00e9m, r\u00e1nctalan\u00edt\u00f3 kr\u00e9m."},"content":{"rendered":"<h1 class=\"MuiTypography-root MuiTypography-h1 css-1kx88hb\">A Tretinoin Cream 0,1%-os kr\u00e9m var\u00e1zslat\u00e1nak felfed\u00e9se: Gy\u00f3gy\u00edt\u00f3 Pharma \u00e1ltal k\u00e9sz\u00edtett Tretiheal v\u00e9gs\u0151 \u00fatmutat\u00f3: A v\u00e9gs\u0151 \u00fatmutat\u00f3 a Tretihealhoz<\/h1>\n<div>\n<p>N\u00e9zett m\u00e1r a t\u00fck\u00f6rbe, \u00e9s v\u00e1gyott m\u00e1r arra, hogy a b\u0151re egy kicsit ragyog\u00f3bb legyen? Ha m\u00e1r r\u00e9g\u00f3ta v\u00e1gyik sim\u00e1bb, tiszt\u00e1bb b\u0151rre, nincs egyed\u00fcl. Sok b\u0151r\u00e1pol\u00e1s\u00e9rt rajong\u00f3 fordul a <strong>Tretinoin kr\u00e9m 0,1%-os<\/strong> csod\u00e1j\u00e1hoz, k\u00fcl\u00f6n\u00f6sen <strong>a Healing Pharma \u00e1ltal gy\u00e1rtott Tretihealhoz<\/strong>. De mi teszi ezt a kr\u00e9met sz\u00e1mtalan b\u0151r\u00e1pol\u00e1si rutin alapdarabj\u00e1v\u00e1? Bontsuk ki a Tretinoin m\u00f6g\u00f6tt rejl\u0151 var\u00e1zslatot, fedezz\u00fck fel el\u0151nyeit, \u00e9s mer\u00fclj\u00fcnk el a gyakorlati tippekben, hogy a legt\u00f6bbet hozd ki a 20 g-os tubusb\u00f3l!    <\/p>\n<h2>Milyen t\u00edpus\u00fa gy\u00f3gyszer a Tretinoin kr\u00e9m?<\/h2>\n<p>A tretinoin a b\u0151rgy\u00f3gy\u00e1szati kezel\u00e9sek aranygyermeke, \u00e9s gyakran \u00edrj\u00e1k fel k\u00fcl\u00f6nb\u00f6z\u0151 b\u0151rbetegs\u00e9gek kezel\u00e9s\u00e9re. Ez az er\u0151teljes \u00f6sszetev\u0151 az A-vitamin sz\u00e1rmaz\u00e9ka, amely arr\u00f3l h\u00edres, hogy el\u0151seg\u00edti a b\u0151r meg\u00fajul\u00e1s\u00e1t \u00e9s kezeli a pattan\u00e1sokat. De ne gondolja, hogy itt meg\u00e1ll; a tretinoin sokkal t\u00f6bbet tud!  <\/p>\n<hr>\n<h3>A Tretinoin \u00f6sszet\u00e9tele<\/h3>\n<ul>\n<li><strong>Tretinoin (All-Trans retinsav):<\/strong> A hat\u00f3anyag.<\/li>\n<li><strong>Seg\u00e9danyagok:<\/strong> Ezek olyan anyagok, amelyeket a hat\u00f3anyaggal egy\u00fctt \u00e1ll\u00edtanak el\u0151, hogy seg\u00edts\u00e9k a kr\u00e9m alkalmaz\u00e1s\u00e1t \u00e9s hat\u00e9konys\u00e1g\u00e1t.<\/li>\n<\/ul>\n<h2>Mi\u00e9rt v\u00e1lassza a Tretinoin Cream 0,1%-ot?<\/h2>\n<p>Nem minden Tretinoin kr\u00e9m egyforma! A <strong>Tretiheal<\/strong> <strong>0,1%-os koncentr\u00e1ci\u00f3ja<\/strong> egyens\u00falyt teremt a hat\u00e9konys\u00e1g \u00e9s a b\u0151r toler\u00e1lhat\u00f3s\u00e1ga k\u00f6z\u00f6tt. Ak\u00e1r a makacs pattan\u00e1sokkal k\u00fczdesz, ak\u00e1r a finom vonalak \u00e9s r\u00e1ncok minimaliz\u00e1l\u00e1s\u00e1ra t\u00f6rekszel, ez a kr\u00e9m lehet az \u00faj legjobb bar\u00e1tod.  <\/p>\n<hr>\n<h3>A Tretinoin Cream 0,1% f\u0151 el\u0151nyei<\/h3>\n<table>\n<thead>\n<tr>\n<th><strong>El\u0151ny<\/strong><\/th>\n<th><strong>Le\u00edr\u00e1s<\/strong><\/th>\n<\/tr>\n<\/thead>\n<tbody>\n<tr>\n<td>Cs\u00f6kkenti a pattan\u00e1sokat<\/td>\n<td>Seg\u00edt a p\u00f3rusok elt\u00f6m\u0151d\u00e9s\u00e9nek megsz\u00fcntet\u00e9s\u00e9ben \u00e9s a megl\u00e9v\u0151 foltok cs\u00f6kkent\u00e9s\u00e9ben.<\/td>\n<\/tr>\n<tr>\n<td>Minimaliz\u00e1lja a finom vonalakat<\/td>\n<td>Serkenti a kollag\u00e9ntermel\u00e9st, cs\u00f6kkentve a r\u00e1ncok megjelen\u00e9s\u00e9t.<\/td>\n<\/tr>\n<tr>\n<td>Egyenletes\u00edti a b\u0151r t\u00f3nus\u00e1t<\/td>\n<td>El\u0151seg\u00edti a sejtcser\u00e9t, seg\u00edt elhalv\u00e1ny\u00edtani a s\u00f6t\u00e9t foltokat \u00e9s az elsz\u00ednez\u0151d\u00e9seket.<\/td>\n<\/tr>\n<tr>\n<td>Jav\u00edtja a b\u0151r text\u00far\u00e1j\u00e1t<\/td>\n<td>Kisim\u00edtja az \u00e9rdes foltokat \u00e9s jav\u00edtja a b\u0151r \u00e1ltal\u00e1nos text\u00far\u00e1j\u00e1t.<\/td>\n<\/tr>\n<tr>\n<td>Fokozza a ragyog\u00e1st<\/td>\n<td>Fel\u00e9l\u00e9nk\u00edti a fak\u00f3 b\u0151rt, fiatalos ragyog\u00e1st k\u00f6lcs\u00f6n\u00f6z.<\/td>\n<\/tr>\n<\/tbody>\n<\/table>\n<h2>Hogyan m\u0171k\u00f6dik a Tretinoin?<\/h2>\n<p>Itt t\u00f6rt\u00e9nik a var\u00e1zslat igaz\u00e1n. A tretinoin behatol a b\u0151r r\u00e9tegeibe \u00e9s felgyors\u00edtja a sejtek cser\u00e9j\u00e9t. Ez azt jelenti, hogy seg\u00edt a b\u0151rnek levetk\u0151zni a r\u00e9gi, elhalt sejteket, \u00e9s \u00f6szt\u00f6nzi az \u00faj, eg\u00e9szs\u00e9ges sejtek termel\u0151d\u00e9s\u00e9t. Gondolj r\u00e1 \u00fagy, mint egy reset gombra a b\u0151r\u00f6d sz\u00e1m\u00e1ra! \u00c9s mik\u00f6zben ezt teszi, a kollag\u00e9ntermel\u00e9st is fokozza &#8211; viszl\u00e1t, finom r\u00e1ncok!    <\/p>\n<h3>A hat\u00e1smechanizmusok<\/h3>\n<ul>\n<li><strong>Fokozott sejtforgalom:<\/strong> A tretinoin felgyors\u00edtja a r\u00e9gi b\u0151rsejtek lev\u00e1l\u00e1s\u00e1t, \u00edgy az \u00faj sejtek gyorsabban felsz\u00ednre ker\u00fclhetnek.<\/li>\n<li><strong>Kollag\u00e9nszint\u00e9zis:<\/strong> Fokozza a b\u0151r term\u00e9szetes kollag\u00e9ntermel\u00e9s\u00e9t, ami feszesebb b\u0151rt eredm\u00e9nyez.<\/li>\n<li><strong>P\u00f3rusok elt\u00f6m\u0151d\u00e9se:<\/strong> Megakad\u00e1lyozza a komed\u00f3k (elt\u00f6m\u0151d\u00e9sek) kialakul\u00e1s\u00e1t, ami kevesebb ki\u00fct\u00e9shez vezet.<\/li>\n<\/ul>\n<h2>Hogyan kell haszn\u00e1lni a Tretinoin Cream 0,1%-ot?<\/h2>\n<p>Megvan a cs\u0151? Remek! De miel\u0151tt belevetn\u00e9 mag\u00e1t, \u00edme egy gyors \u00fatmutat\u00f3 arr\u00f3l, hogyan illesztheti be a <strong>Tretinoin Cream 0,1%-os kr\u00e9met<\/strong> a b\u0151r\u00e1pol\u00e1si rutinj\u00e1ba an\u00e9lk\u00fcl, hogy t\u00falterheln\u00e9 a b\u0151r\u00e9t.  <\/p>\n<h3>L\u00e9p\u00e9sr\u0151l l\u00e9p\u00e9sre \u00fatmutat\u00f3<\/h3>\n<ol>\n<li><strong>Kezdj\u00fck lassan:<\/strong> Haszn\u00e1lja a kr\u00e9met minden m\u00e1sodik este az els\u0151 k\u00e9t h\u00e9tben. Ez seg\u00edt a b\u0151r\u00e9nek toleranci\u00e1t kialak\u00edtani. <\/li>\n<li><strong>Tiszt\u00edt\u00e1s:<\/strong> Kezdje gyeng\u00e9d tiszt\u00edt\u00f3szerrel, hogy elt\u00e1vol\u00edtsa a szennyez\u0151d\u00e9seket \u00e9s a sminket.<\/li>\n<li><strong>Pat Dry:<\/strong> Finoman t\u00f6r\u00f6lje sz\u00e1razra a b\u0151r\u00e9t. V\u00e1rjon k\u00f6r\u00fclbel\u00fcl 20 percet. Ez a pasztat\u0171r\u0151 megk\u00f6zel\u00edt\u00e9s seg\u00edthet megel\u0151zni az irrit\u00e1ci\u00f3t!  <\/li>\n<li><strong>Alkalmazzon bors\u00f3nyi mennyis\u00e9get:<\/strong> A kevesebb t\u00f6bb! Haszn\u00e1ljon kis mennyis\u00e9get, \u00e9s vigye fel az eg\u00e9sz arc\u00e1ra. <\/li>\n<li><strong>Hidrat\u00e1l\u00e1s:<\/strong> K\u00f6vesse hidrat\u00e1l\u00f3 hidrat\u00e1l\u00f3 kr\u00e9mmel a nedvess\u00e9g megk\u00f6t\u00e9se \u00e9rdek\u00e9ben.<\/li>\n<\/ol>\n<h3>Tippek a legjobb eredm\u00e9nyekhez<\/h3>\n<ul>\n<li><strong>Ker\u00fclje a kevered\u00e9st:<\/strong> Ne kombin\u00e1lja a Tretinoint m\u00e1s er\u0151s hat\u00f3anyagokkal, p\u00e9ld\u00e1ul alfa-hidroxisavakkal (AHA-k) \u00e9s b\u00e9ta-hidroxisavakkal (BHA-k).<\/li>\n<li><strong>A naptej k\u00f6telez\u0151:<\/strong> A tretinoin n\u00f6velheti a b\u0151r nap\u00e9rz\u00e9kenys\u00e9g\u00e9t. A napi naptej visel\u00e9se elengedhetetlen! <\/li>\n<li><strong>Tartsa k\u00f6vetkezetesnek:<\/strong> A rendszeres haszn\u00e1lat a legjobb eredm\u00e9nyt hozza. Ne cs\u00fcggedjen, ha nem l\u00e1tja azonnal a v\u00e1ltoz\u00e1sokat! <\/li>\n<\/ul>\n<h2>Gyakori mell\u00e9khat\u00e1sok<\/h2>\n<p>B\u00e1r a Tretinoin csod\u00e1kra k\u00e9pes, eleinte enyhe mell\u00e9khat\u00e1sokat okozhat. Bontsuk le ezeket. <\/p>\n<h3>Lehets\u00e9ges mell\u00e9khat\u00e1sok<\/h3>\n<table>\n<thead>\n<tr>\n<th><strong>Mell\u00e9khat\u00e1s<\/strong><\/th>\n<th><strong>Le\u00edr\u00e1s<\/strong><\/th>\n<\/tr>\n<\/thead>\n<tbody>\n<tr>\n<td>Sz\u00e1razs\u00e1g<\/td>\n<td>A b\u0151r sz\u00e1raznak vagy h\u00e1ml\u00f3nak t\u0171nhet, k\u00fcl\u00f6n\u00f6sen az els\u0151 n\u00e9h\u00e1ny h\u00e9tben.<\/td>\n<\/tr>\n<tr>\n<td>V\u00f6r\u00f6ss\u00e9g<\/td>\n<td>A b\u0151r alkalmazkod\u00e1sa sor\u00e1n gyakori az enyhe b\u0151rp\u00edr.<\/td>\n<\/tr>\n<tr>\n<td>Irrit\u00e1ci\u00f3<\/td>\n<td>Egyes felhaszn\u00e1l\u00f3k \u00e9g\u0151 vagy sz\u00far\u00f3 \u00e9rz\u00e9st tapasztalnak.<\/td>\n<\/tr>\n<tr>\n<td>Nap\u00e9rz\u00e9kenys\u00e9g<\/td>\n<td>A le\u00e9g\u00e9s fokozott kock\u00e1zata. Mindig haszn\u00e1ljon f\u00e9nyv\u00e9d\u0151 kr\u00e9met! <\/td>\n<\/tr>\n<\/tbody>\n<\/table>\n<h3>GYIK a Tretinoin kr\u00e9m 0,1%-r\u00f3l<\/h3>\n<ol>\n<li><strong>Mennyi id\u0151be telik, am\u00edg az eredm\u00e9nyek l\u00e1that\u00f3v\u00e1 v\u00e1lnak?<\/strong>\n<ul>\n<li>A legt\u00f6bb felhaszn\u00e1l\u00f3 6-12 h\u00e9t k\u00f6vetkezetes haszn\u00e1lat ut\u00e1n \u00e9szrevehet\u0151 javul\u00e1st tapasztal.<\/li>\n<\/ul>\n<\/li>\n<li><strong>Haszn\u00e1lhatom terhess\u00e9g alatt?<\/strong>\n<ul>\n<li>Terhess\u00e9g alatt aj\u00e1nlott ker\u00fclni a Tretinoint, mivel k\u00e1ros hat\u00e1sai lehetnek.<\/li>\n<\/ul>\n<\/li>\n<li><strong>Mi t\u00f6rt\u00e9nik, ha er\u0151s irrit\u00e1ci\u00f3t tapasztalok?<\/strong>\n<ul>\n<li>Ha az irrit\u00e1ci\u00f3 tov\u00e1bbra is fenn\u00e1ll, cs\u00f6kkentse a haszn\u00e1lat gyakoris\u00e1g\u00e1t, vagy forduljon b\u0151rgy\u00f3gy\u00e1sz\u00e1hoz.<\/li>\n<\/ul>\n<\/li>\n<li><strong>A Tretinoin csak pattan\u00e1sokra val\u00f3?<\/strong>\n<ul>\n<li>Nem! B\u00e1r pattan\u00e1sokra kiv\u00e1l\u00f3, az \u00f6reged\u0151 b\u0151rre \u00e9s pigment\u00e1ci\u00f3s probl\u00e9m\u00e1kra is hat\u00e1sos. <\/li>\n<\/ul>\n<\/li>\n<li><strong>Sz\u00fcks\u00e9gem van receptre?<\/strong>\n<ul>\n<li>\u00c1ltal\u00e1ban igen! A tretinoin sok orsz\u00e1gban v\u00e9nyk\u00f6teles gy\u00f3gyszer. <\/li>\n<\/ul>\n<\/li>\n<\/ol>\n<p>&nbsp;<\/p>\n<h2>Fokozott teljes\u00edtm\u00e9ny: Tretinoin kombin\u00e1l\u00e1sa m\u00e1s kezel\u00e9sekkel<\/h2>\n<p>Ha szeretn\u00e9 maximaliz\u00e1lni a <strong>Tretinoin Cream 0,1%-os kr<\/strong>\u00e9m hat\u00e1s\u00e1t, \u00e9rdemes m\u00e1s kezel\u00e9sekkel kombin\u00e1lni, de \u00f3vatosan kell elj\u00e1rni.<\/p>\n<h3>N\u00e9pszer\u0171 kombin\u00e1ci\u00f3k<\/h3>\n<table>\n<thead>\n<tr>\n<th><strong>Kombin\u00e1ci\u00f3<\/strong><\/th>\n<th><strong>Mi\u00e9rt m\u0171k\u00f6dik<\/strong><\/th>\n<\/tr>\n<\/thead>\n<tbody>\n<tr>\n<td>Tretinoin + niacinamid<\/td>\n<td>Fokozza a hidrat\u00e1l\u00e1st \u00e9s cs\u00f6kkenti a b\u0151rp\u00edrt.<\/td>\n<\/tr>\n<tr>\n<td>Tretinoin + hialuronsav<\/td>\n<td>M\u00e9ly nedvess\u00e9gtartalm\u00fa t\u00e1mogat\u00e1s, ellens\u00falyozza a sz\u00e1razs\u00e1got.<\/td>\n<\/tr>\n<tr>\n<td>Tretinoin + C-vitamin<\/td>\n<td>Fokozza a ragyog\u00e1st \u00e9s k\u00fczd a szabad gy\u00f6k\u00f6k ellen.<\/td>\n<\/tr>\n<\/tbody>\n<\/table>\n<h2>Gyakori probl\u00e9m\u00e1k elh\u00e1r\u00edt\u00e1sa<\/h2>\n<p>M\u00e9g a legelk\u00f6telezettebb b\u0151r\u00e1pol\u00e1s-rajong\u00f3k is belefuthatnak n\u00e9h\u00e1ny bukkan\u00f3ba az \u00fat sor\u00e1n. Foglalkozzunk n\u00e9h\u00e1ny gyakori probl\u00e9m\u00e1val a <strong>Tretinoin Cream 0,1%-os kr\u00e9m<\/strong> haszn\u00e1lata sor\u00e1n. <\/p>\n<h3>Sz\u00e1razs\u00e1g kezel\u00e9se<\/h3>\n<ul>\n<li><strong>Megold\u00e1s:<\/strong> Vegy\u00e9l be egy vastagabb hidrat\u00e1l\u00f3 kr\u00e9met a rutinodba.<\/li>\n<li><strong>Tipp:<\/strong> K\u00fcl\u00f6n\u00f6sen sz\u00e1raz napokon haszn\u00e1ljon okkl\u00fazi\u00f3s szert (p\u00e9ld\u00e1ul vazelint).<\/li>\n<\/ul>\n<hr>\n<h3>A kit\u00f6r\u00e9sek kezel\u00e9se<\/h3>\n<ul>\n<li><strong>Megold\u00e1s:<\/strong> A \u201etisztul\u00e1s\u201d kezdetben gyakori. Ez az, amikor a b\u0151r\u00f6d kit\u00farja mag\u00e1b\u00f3l a szennyez\u0151d\u00e9seket! <\/li>\n<li><strong>Tipp:<\/strong> Maradjon k\u00f6vetkezetes, \u00e9s ne adja fel t\u00fal kor\u00e1n.<\/li>\n<\/ul>\n<h2>Mikor forduljon b\u0151rgy\u00f3gy\u00e1szhoz<\/h2>\n<p>N\u00e9ha a legjobb, ha szakember tan\u00e1cs\u00e1t k\u00e9rj\u00fck. Fontolja meg, hogy felkeresi b\u0151rgy\u00f3gy\u00e1sz\u00e1t, ha: <\/p>\n<ul>\n<li>B\u0151re a gondos alkalmaz\u00e1s ellen\u00e9re is er\u0151sen reag\u00e1l a kr\u00e9mre.<\/li>\n<li>Tart\u00f3s pattan\u00e1sai vannak, amelyek nem javulnak.<\/li>\n<li>Nem tudja, hogyan illessze be a Tretinoint a rutinj\u00e1ba.<\/li>\n<\/ul>\n<hr>\n<h2>A l\u00e9nyeg: Tretinoin kr\u00e9m 0,1% megfelel\u0151 az \u00d6n sz\u00e1m\u00e1ra?<\/h2>\n<p>A b\u0151r\u00e1pol\u00e1si lehet\u0151s\u00e9gek hatalmas tenger\u00e9ben a <strong>Tretinoin Cream 0,1%-os<\/strong> <strong>Tretiheal<\/strong> <strong>kr\u00e9m<\/strong> kiemelkedik az eredm\u00e9nyek el\u00e9r\u00e9s\u00e9nek k\u00e9pess\u00e9g\u00e9vel. Ak\u00e1r tiszt\u00e1bb b\u0151rre t\u00f6rekszik, ak\u00e1r az \u00f6reged\u00e9s hat\u00e1sai ellen k\u00fczd, ez a kr\u00e9m megv\u00e1ltoztathatja a j\u00e1t\u00e9kot. <\/p>\n<h3>V\u00e9gs\u0151 gondolatok<\/h3>\n<p>A Tretinoinban rejl\u0151 lehet\u0151s\u00e9gek kihaszn\u00e1l\u00e1sa a b\u0151r meg\u00e9rt\u00e9s\u00e9r\u0151l \u00e9s a t\u00fcrelemr\u0151l sz\u00f3l. K\u00f6vetkezetes alkalmaz\u00e1ssal \u00e9s a megfelel\u0151 megk\u00f6zel\u00edt\u00e9ssel m\u00e1ris \u00faton van a b\u0151re \u00e1talakul\u00e1s\u00e1hoz. K\u00e9szen \u00e1ll az ugr\u00e1sra? Az \u00d6n \u00fatja a ragyog\u00f3 b\u0151r fel\u00e9 most kezd\u0151dik!   <\/p>\n<hr>\n<p>A b\u0151r \u00e1pol\u00e1sa maraton, nem sprint. Adja meg a Tretinoin kr\u00e9m 0,1%-nak a meg\u00e9rdemelt id\u0151t \u00e9s gondoskod\u00e1st, \u00e9s meg fog lep\u0151dni, hogy mire k\u00e9pes! Ak\u00e1r \u00faj vagy a b\u0151r\u00e1pol\u00e1sban, ak\u00e1r tapasztalt profi, a Tretiheal by Healing Pharma kr\u00e9mnek helye van a polcodon &#8211; \u00e9s a b\u0151r\u00f6d\u00f6n!  <\/p>\n<\/div>\n<hr>\n<p>A Tretinoin Cream 0,1%-os kr\u00e9m, amely Tretiheal n\u00e9ven a Healing Pharma k\u00e9nyelmes 20 g-os tubus\u00e1ban kaphat\u00f3, egy er\u0151teljes b\u0151r\u00e1pol\u00f3 kezel\u00e9s. H\u00edrneve megel\u0151zi, mivel hihetetlen\u00fcl hat\u00e9kony megold\u00e1s a pattan\u00e1sok lek\u00fczd\u00e9s\u00e9re, az \u00f6reged\u00e9s jeleinek cs\u00f6kkent\u00e9s\u00e9re \u00e9s a b\u0151r text\u00far\u00e1j\u00e1nak revitaliz\u00e1l\u00e1s\u00e1ra. Ez az \u00e1tfog\u00f3 \u00fatmutat\u00f3 seg\u00edt meg\u00e9rteni, hogyan maximaliz\u00e1lhatja a Tretinoin Cream 0,1%-os kr\u00e9m el\u0151nyeit, hogyan \u00e9p\u00edtheti be b\u0151r\u00e1pol\u00e1si rutinj\u00e1ba, \u00e9s mi\u00e9rt emelkedik ki a b\u0151r\u00e1pol\u00e1si piacon.  <\/p>\n<hr>\n<h2>Milyen t\u00edpus\u00fa gy\u00f3gyszer a Tretinoin?<\/h2>\n<p>A tretinoin az A-vitamin sz\u00e1rmaz\u00e9ka, m\u00e1s n\u00e9ven all-transz retinsav. A b\u0151rmeg\u00faj\u00edt\u00f3 tulajdons\u00e1gai miatt a b\u0151rgy\u00f3gy\u00e1szatban sz\u00e9les k\u00f6rben haszn\u00e1lt k\u00e9miai vegy\u00fcletek retinoid oszt\u00e1ly\u00e1ba tartozik. Eredetileg az akne kezel\u00e9s\u00e9re fejlesztett\u00e9k ki, de el\u0151nyei kib\u0151v\u00fcltek, hogy k\u00fcl\u00f6nb\u00f6z\u0151 b\u0151rprobl\u00e9m\u00e1kat kezeljenek vele, \u00edgy a fokozott b\u0151reszt\u00e9tik\u00e1t keres\u0151k kedvelt v\u00e1laszt\u00e1sa.  <\/p>\n<h3>Hogyan m\u0171k\u00f6dik a Tretinoin:<\/h3>\n<ul>\n<li><strong>Felgyors\u00edtja a sejtek lecser\u00e9l\u0151d\u00e9s\u00e9t:<\/strong> A tretinoin n\u00f6veli a b\u0151rsejtek \u00e9r\u00e9si \u00e9s kicser\u00e9l\u0151d\u00e9si sebess\u00e9g\u00e9t, ami frissebb, rugalmasabb b\u0151rt eredm\u00e9nyez.<\/li>\n<li><strong>Serkenti a kollag\u00e9n szaporod\u00e1s\u00e1t:<\/strong> El\u0151seg\u00edti a kollag\u00e9ntermel\u00e9st, kisim\u00edtja a finom r\u00e1ncokat \u00e9s n\u00f6veli a b\u0151r rugalmass\u00e1g\u00e1t.<\/li>\n<li><strong>Cs\u00f6kkenti a pigment\u00e1ci\u00f3t:<\/strong> Cs\u00f6kkenti a hiperpigment\u00e1ci\u00f3t \u00e9s a s\u00f6t\u00e9t foltokat.<\/li>\n<\/ul>\n<hr>\n<h2>A Tretiheal Tretinoin Cream 0,1% f\u0151 el\u0151nyei<\/h2>\n<p>Ak\u00e1r a tart\u00f3san fenn\u00e1ll\u00f3 pattan\u00e1sokkal k\u00fczd, ak\u00e1r az \u00f6reged\u00e9st szeretn\u00e9 visszaforgatni, a Healing Pharma Tretiheal t\u00f6bbf\u00e9le el\u0151nyt k\u00edn\u00e1l, ha be\u00e9p\u00edti b\u0151r\u00e1pol\u00e1si rendj\u00e9be.<\/p>\n<table>\n<thead>\n<tr>\n<th>El\u0151ny\u00f6k<\/th>\n<th>Le\u00edr\u00e1s<\/th>\n<\/tr>\n<\/thead>\n<tbody>\n<tr>\n<td><strong>Akne kezel\u00e9s<\/strong><\/td>\n<td>A tretinoin a pattan\u00e1sokat okoz\u00f3 p\u00f3ruselz\u00e1r\u00f3d\u00e1sok megel\u0151z\u00e9s\u00e9vel seg\u00edti a pattan\u00e1sok tisztul\u00e1s\u00e1t. Cs\u00f6kkenti a gyullad\u00e1st \u00e9s jav\u00edtja a b\u0151r tisztas\u00e1g\u00e1t. <\/td>\n<\/tr>\n<tr>\n<td><strong>Anti-Aging hat\u00e1sok<\/strong><\/td>\n<td>A sejtforgalom \u00e9s a kollag\u00e9nszint\u00e9zis el\u0151seg\u00edt\u00e9s\u00e9vel cs\u00f6kkenti a finom r\u00e1ncokat \u00e9s jav\u00edtja a b\u0151r feszess\u00e9g\u00e9t, fiatalos megjelen\u00e9st biztos\u00edtva.<\/td>\n<\/tr>\n<tr>\n<td><strong>Jav\u00edtja a b\u0151r t\u00f3nus\u00e1t \u00e9s text\u00far\u00e1j\u00e1t<\/strong><\/td>\n<td>Rendszeres haszn\u00e1lata sim\u00e1bb b\u0151rszerkezetet eredm\u00e9nyez az\u00e1ltal, hogy minimaliz\u00e1lja az \u00e9rdess\u00e9get \u00e9s kiegyenl\u00edti a b\u0151rt\u00f3nust, kev\u00e9sb\u00e9 l\u00e1that\u00f3v\u00e1 t\u00e9ve az elsz\u00ednez\u0151d\u00e9seket.<\/td>\n<\/tr>\n<\/tbody>\n<\/table>\n<hr>\n<h2>Hogyan kell hat\u00e9konyan haszn\u00e1lni a Tretinoin Cream 0,1%-ot?<\/h2>\n<p>A Tretinoin kr\u00e9m be\u00e9p\u00edt\u00e9se a b\u0151r\u00e1pol\u00e1si rutinba gondos m\u00e9rlegel\u00e9st ig\u00e9nyel, hogy maximaliz\u00e1lja el\u0151nyeit, mik\u00f6zben minimaliz\u00e1lja a lehets\u00e9ges mell\u00e9khat\u00e1sokat.<\/p>\n<h3>P\u00e1ly\u00e1zati \u00fatmutat\u00f3:<\/h3>\n<ol>\n<li><strong>Kezdeti haszn\u00e1lat:<\/strong> Kezdje azzal, hogy minden m\u00e1sodik este egy bors\u00f3nyi mennyis\u00e9get visz fel a tiszta, sz\u00e1raz b\u0151rre. Fokozatosan n\u00f6velje az \u00e9jszakai haszn\u00e1latot, ahogy a b\u0151re kialak\u00edtja a toleranci\u00e1t. <\/li>\n<li><strong>Alkalmaz\u00e1s m\u00f3dja:<\/strong> A pattan\u00e1sokra vagy \u00f6reged\u00e9sre hajlamos ter\u00fcleteken egyenletesen alkalmazza, \u00fcgyelve arra, hogy elker\u00fclje az olyan \u00e9rz\u00e9keny ter\u00fcleteket, mint a szem \u00e9s az ajkak.<\/li>\n<li><strong>Id\u0151z\u00edt\u00e9s:<\/strong> A legjobb eredm\u00e9ny el\u00e9r\u00e9se \u00e9rdek\u00e9ben a tretinoint \u00e9jszaka haszn\u00e1lja, hogy elker\u00fclje a t\u00falzott napoz\u00e1st, amely n\u00f6velheti a b\u0151r \u00e9rz\u00e9kenys\u00e9g\u00e9t.<\/li>\n<\/ol>\n<h3>Asztal: Tretinoinnal javasolt b\u0151r\u00e1pol\u00e1si rutin<\/h3>\n<table>\n<thead>\n<tr>\n<th>L\u00e9p\u00e9s<\/th>\n<th>Reggeli rutin<\/th>\n<th>Esti rutin<\/th>\n<\/tr>\n<\/thead>\n<tbody>\n<tr>\n<td><strong>Tiszt\u00edt\u00e1s<\/strong><\/td>\n<td>Gyeng\u00e9d tiszt\u00edt\u00f3szer a szennyez\u0151d\u00e9sek elt\u00e1vol\u00edt\u00e1s\u00e1ra<\/td>\n<td>Gyeng\u00e9d tiszt\u00edt\u00f3szer a b\u0151r el\u0151k\u00e9sz\u00edt\u00e9s\u00e9hez<\/td>\n<\/tr>\n<tr>\n<td><strong>Tone<\/strong><\/td>\n<td>Alkoholmentes toner a friss\u00edt\u00e9shez<\/td>\n<td>B\u0151rt\u00edpust\u00f3l f\u00fcgg\u0151en v\u00e1laszthat\u00f3<\/td>\n<\/tr>\n<tr>\n<td><strong>Kezelje<\/strong><\/td>\n<td>Sz\u00e9rumok (C-vitamin)<\/td>\n<td>Tretiheal Tretinoin kr\u00e9m 0.1%<\/td>\n<\/tr>\n<tr>\n<td><strong>V\u00e9delem\/helyre\u00e1ll\u00edt\u00e1s<\/strong><\/td>\n<td>Sz\u00e9les spektrum\u00fa SPF 30+<\/td>\n<td>B\u0151rt\u00edpus\u00e1nak megfelel\u0151 hidrat\u00e1l\u00f3 kr\u00e9m<\/td>\n<\/tr>\n<\/tbody>\n<\/table>\n<hr>\n<h2>\u00d3vint\u00e9zked\u00e9sek \u00e9s legjobb gyakorlatok<\/h2>\n<p>B\u00e1r a Tretinoin rendk\u00edv\u00fcl hat\u00e9kony, az irrit\u00e1ci\u00f3 megel\u0151z\u00e9se \u00e9s az optim\u00e1lis eredm\u00e9ny el\u00e9r\u00e9se \u00e9rdek\u00e9ben elengedhetetlen a k\u00f6vetkez\u0151 \u00f3vint\u00e9zked\u00e9sek betart\u00e1sa:<\/p>\n<h3>Napv\u00e9delem<\/h3>\n<ul>\n<li>A tretinoin n\u00f6velheti a b\u0151r UV-f\u00e9nyre val\u00f3 \u00e9rz\u00e9kenys\u00e9g\u00e9t. Minden nap haszn\u00e1ljon sz\u00e9les spektrum\u00fa, legal\u00e1bb SPF 30-as f\u00e9nyv\u00e9d\u0151 faktor\u00fa f\u00e9nyv\u00e9d\u0151 kr\u00e9met. <\/li>\n<li>Fontolja meg, hogy kalapot viseljen, vagy keressen \u00e1rny\u00e9kot, amikor a szabadban tart\u00f3zkodik, hogy tov\u00e1bb korl\u00e1tozza a napf\u00e9nynek val\u00f3 kitetts\u00e9get.<\/li>\n<\/ul>\n<h3>Hidrat\u00e1l\u00e1s<\/h3>\n<ul>\n<li>A hidrat\u00e1l\u00f3 kr\u00e9m k\u00f6vetkezetes haszn\u00e1lata seg\u00edthet enyh\u00edteni a tretinoinnal j\u00e1r\u00f3 sz\u00e1razs\u00e1got \u00e9s h\u00e1ml\u00e1st.<\/li>\n<li>V\u00e1lasszon nem komedog\u00e9n term\u00e9keket, hogy elker\u00fclje a p\u00f3rusok elt\u00f6m\u0151d\u00e9s\u00e9t.<\/li>\n<\/ul>\n<h3>Ker\u00fclje a kever\u00e9st bizonyos term\u00e9kekkel<\/h3>\n<ul>\n<li>Legyen \u00f3vatos, ha m\u00e1s helyi kezel\u00e9seket haszn\u00e1l, k\u00fcl\u00f6n\u00f6sen azokat, amelyek benzoil-peroxidot, szalicilsavat vagy glikolsavat tartalmaznak.<\/li>\n<li>Az \u00faj term\u00e9keket fokozatosan vezesse be, \u00e9s a kompatibilit\u00e1s felm\u00e9r\u00e9se \u00e9rdek\u00e9ben v\u00e9gezzen jav\u00edt\u00f3 teszteket.<\/li>\n<\/ul>\n<hr>\n<h2>Mire sz\u00e1m\u00edthat: \u00c1tmenet \u00e9s eredm\u00e9nyek<\/h2>\n<h3>Kezdeti reakci\u00f3<\/h3>\n<ul>\n<li><strong>\u201eRetinoid tisztogat\u00e1s\u201d<\/strong>: A b\u0151r alkalmazkod\u00e1sa sor\u00e1n kezdetben sz\u00e1razs\u00e1g, h\u00e1ml\u00e1s vagy pattan\u00e1sok jelentkezhetnek. Ez az id\u0151szak \u00e1tmeneti. <\/li>\n<li><strong>Irrit\u00e1ci\u00f3<\/strong>: A b\u0151rp\u00edr \u00e9s az \u00e9rz\u00e9kenys\u00e9g kezdetben gyakori, de a folyamatos haszn\u00e1lat \u00e9s a megfelel\u0151 b\u0151r\u00e1pol\u00e1s hat\u00e1s\u00e1ra gyakran elm\u00falik.<\/li>\n<\/ul>\n<h3>Hossz\u00fa t\u00e1v\u00fa el\u0151ny\u00f6k<\/h3>\n<ul>\n<li>Az eredm\u00e9nyek \u00e1ltal\u00e1ban n\u00e9h\u00e1ny h\u00e9t ut\u00e1n kezdenek megjelenni, a maxim\u00e1lis el\u0151ny\u00f6k pedig gyakran h\u00e1rom-hat h\u00f3napos k\u00f6vetkezetes haszn\u00e1lat ut\u00e1n v\u00e1lnak l\u00e1that\u00f3v\u00e1.<\/li>\n<li>A Tretinoin folyamatos haszn\u00e1lata jelent\u0151sen jav\u00edtja a finom vonalakat, a b\u0151r text\u00far\u00e1j\u00e1t \u00e9s a pattan\u00e1sok kezel\u00e9s\u00e9t.<\/li>\n<\/ul>\n","protected":false},"excerpt":{"rendered":"<p>Fedezze fel a Tretinoin Cream 0,1% (20g) Tretiheal, Healing Pharma \u00e1talak\u00edt\u00f3 erej\u00e9t. Mer\u00fclj\u00f6n el \u00e1tfog\u00f3 \u00fatmutat\u00f3nkban a felhaszn\u00e1l\u00e1si m\u00f3dok, el\u0151ny\u00f6k \u00e9s a hat\u00e9kony alkalmaz\u00e1sra vonatkoz\u00f3 tippek k\u00f6z\u00f6tt! <\/p>\n","protected":false},"featured_media":5062,"comment_status":"open","ping_status":"closed","template":"","meta":[],"product_cat":[210],"product_tag":[521,525,523,520,526],"class_list":{"0":"post-5059","1":"product","2":"type-product","3":"status-publish","4":"has-post-thumbnail","6":"product_cat-arcapolas","7":"product_tag-20g-hu","8":"product_tag-legjobb-gyogyito-gyogyszer","9":"product_tag-tretiheal-hu","10":"product_tag-tretinoin-krem-01","11":"product_tag-tretinoin-krem-01-20g","13":"first","14":"instock","15":"taxable","16":"shipping-taxable","17":"purchasable","18":"product-type-simple"},"_links":{"self":[{"href":"https:\/\/tretinoins.com\/hu\/wp-json\/wp\/v2\/product\/5059","targetHints":{"allow":["GET"]}}],"collection":[{"href":"https:\/\/tretinoins.com\/hu\/wp-json\/wp\/v2\/product"}],"about":[{"href":"https:\/\/tretinoins.com\/hu\/wp-json\/wp\/v2\/types\/product"}],"replies":[{"embeddable":true,"href":"https:\/\/tretinoins.com\/hu\/wp-json\/wp\/v2\/comments?post=5059"}],"version-history":[{"count":2,"href":"https:\/\/tretinoins.com\/hu\/wp-json\/wp\/v2\/product\/5059\/revisions"}],"predecessor-version":[{"id":10194,"href":"https:\/\/tretinoins.com\/hu\/wp-json\/wp\/v2\/product\/5059\/revisions\/10194"}],"wp:featuredmedia":[{"embeddable":true,"href":"https:\/\/tretinoins.com\/hu\/wp-json\/wp\/v2\/media\/5062"}],"wp:attachment":[{"href":"https:\/\/tretinoins.com\/hu\/wp-json\/wp\/v2\/media?parent=5059"}],"wp:term":[{"taxonomy":"product_cat","embeddable":true,"href":"https:\/\/tretinoins.com\/hu\/wp-json\/wp\/v2\/product_cat?post=5059"},{"taxonomy":"product_tag","embeddable":true,"href":"https:\/\/tretinoins.com\/hu\/wp-json\/wp\/v2\/product_tag?post=5059"}],"curies":[{"name":"wp","href":"https:\/\/api.w.org\/{rel}","templated":true}]}}