{"id":5058,"date":"2024-01-03T14:04:53","date_gmt":"2024-01-03T12:04:53","guid":{"rendered":"https:\/\/tretinoins.com\/crest-3d-white-brilliance-vibrant-peppermint-99g-feherito-fogkrem-feherito-fogkrem\/"},"modified":"2025-06-16T20:22:23","modified_gmt":"2025-06-16T18:22:23","slug":"crest-3d-white-brilliance-vibrant-peppermint-99g-feherito-fogkrem-feherito-fogkrem","status":"publish","type":"product","link":"https:\/\/tretinoins.com\/hu\/crest-3d-white-brilliance-vibrant-peppermint-99g-feherito-fogkrem-feherito-fogkrem\/","title":{"rendered":"Crest 3D White Brilliance Vibrant Peppermint 130g, Elite feh\u00e9r\u00edt\u0151 fogkr\u00e9m"},"content":{"rendered":"<h1>Engedd szabadj\u00e1ra a legragyog\u00f3bb mosolyodat: Borsmenta 99g feh\u00e9r\u00edt\u0151 fogkr\u00e9m: A Crest 3D White Brilliance Vibrant Peppermint 99g fogfeh\u00e9r\u00edt\u0151 fogkr\u00e9m felfedez\u00e9se<\/h1>\n<hr>\n<p>A leny\u0171g\u00f6z\u0151 mosoly gyakran az els\u0151 benyom\u00e1s, amit magunk ut\u00e1n hagyunk. E ragyog\u00e1s el\u00e9r\u00e9se \u00e9rdek\u00e9ben a megfelel\u0151 fogkr\u00e9m kiv\u00e1laszt\u00e1sa kulcsfontoss\u00e1g\u00fa. <strong>A Crest 3D White Brilliance Vibrant Peppermint feh\u00e9r\u00edt\u0151 fogkr\u00e9m<\/strong> nem csak a ragyog\u00f3 mosoly el\u0151seg\u00edt\u00e9s\u00e9re, hanem a sz\u00e1j eg\u00e9szs\u00e9g\u00e9nek hossz\u00fa t\u00e1v\u00fa meg\u0151rz\u00e9s\u00e9re is szolg\u00e1l. A fejlett feh\u00e9r\u00edt\u0151 technol\u00f3gi\u00e1t friss\u00edt\u0151 \u00edzzel \u00f6tv\u00f6z\u0151 fogkr\u00e9m sokak kedvence, akik a fog\u00e1pol\u00e1si rutinjukat szeretn\u00e9k jav\u00edtani.  <\/p>\n<p>Ebben a cikkben a <strong>Crest 3D White Brilliance<\/strong> legfontosabb jellemz\u0151it, el\u0151nyeit, haszn\u00e1lati tippjeit \u00e9s azt mutatjuk be, hogyan emelkedik ki a fogfeh\u00e9r\u00edt\u0151 fogkr\u00e9mek verseny\u00e9ben.<\/p>\n<hr>\n<h2>A Crest 3D White Brilliance Vibrant Vibrant Peppermint f\u0151 jellemz\u0151i<\/h2>\n<p>A fogkr\u00e9m egyedi \u00f6sszetev\u0151inek meg\u00e9rt\u00e9se seg\u00edthet \u00e9rt\u00e9kelni annak hat\u00e9konys\u00e1g\u00e1t. \u00cdme a bont\u00e1s: <\/p>\n<table>\n<thead>\n<tr>\n<th><strong>\u00d6sszetev\u0151<\/strong><\/th>\n<th><strong>Funkci\u00f3<\/strong><\/th>\n<\/tr>\n<\/thead>\n<tbody>\n<tr>\n<td>Feh\u00e9r\u00edt\u0151 szerek<\/td>\n<td>Fel\u00fcleti foltok felsz\u00ednre emel\u00e9se \u00e9s elt\u00e1vol\u00edt\u00e1sa<\/td>\n<\/tr>\n<tr>\n<td>Fluorid<\/td>\n<td>Er\u0151s\u00edti a zom\u00e1ncot \u00e9s seg\u00edt megel\u0151zni a szuvasod\u00e1st<\/td>\n<\/tr>\n<tr>\n<td>Borsmenta \u00edz<\/td>\n<td>Friss\u00edti a leheletet<\/td>\n<\/tr>\n<\/tbody>\n<\/table>\n<h3>Feh\u00e9r\u00edt\u0151szerek: Ragyogjon a mosolya<\/h3>\n<p>A <strong>Crest 3D White Brilliance<\/strong> fogfeh\u00e9r\u00edt\u0151 hat\u00f3anyagai szorgalmasan dolgoznak, hogy lebonts\u00e1k \u00e9s elt\u00e1vol\u00edts\u00e1k az \u00e9telekb\u0151l \u00e9s italokb\u00f3l sz\u00e1rmaz\u00f3 fel\u00fcleti foltokat. Ez olyan gyakori b\u0171n\u00f6s\u00f6ket is mag\u00e1ban foglal, mint a k\u00e1v\u00e9, a tea \u00e9s a v\u00f6r\u00f6sbor, seg\u00edtve ezzel a fogak term\u00e9szetes f\u00e9ny\u00e9nek helyre\u00e1ll\u00edt\u00e1s\u00e1t \u00e9s fokoz\u00e1s\u00e1t. <\/p>\n<h3>Fluorid: Fluor: A zom\u00e1ncv\u00e9d\u0151<\/h3>\n<p>A fluorid nem v\u00e9letlen\u00fcl kulcsfontoss\u00e1g\u00fa \u00f6sszetev\u0151je a modern fogkr\u00e9meknek. Seg\u00edt: <\/p>\n<ul>\n<li><strong>Er\u0151s\u00edti a zom\u00e1ncot<\/strong>: Ez a v\u00e9d\u0151r\u00e9teg elengedhetetlen a szuvasod\u00e1s \u00e9s az er\u00f3zi\u00f3 megel\u0151z\u00e9s\u00e9hez.<\/li>\n<li><strong>Harci \u00fcregek<\/strong>: A fluoridos fogkr\u00e9m rendszeres haszn\u00e1lata jelent\u0151sen cs\u00f6kkenti a szuvasod\u00e1s kock\u00e1zat\u00e1t.<\/li>\n<\/ul>\n<h3>Borsmenta \u00edz: Friss\u00edt\u0151 tisztas\u00e1g<\/h3>\n<p>Az \u00e9l\u00e9nk borsmenta \u00edz nemcsak \u00e9lvezetesebb\u00e9 teszi a fogmos\u00e1st, hanem biztos\u00edtja, hogy a sz\u00e1ja \u00f3r\u00e1kon \u00e1t frissnek \u00e9rezze mag\u00e1t. A nagyszer\u0171 \u00edz gyakran d\u00f6nt\u0151 k\u00fcl\u00f6nbs\u00e9get jelenthet a rendszeres fogmos\u00e1si szok\u00e1sok fenntart\u00e1s\u00e1ban. <\/p>\n<hr>\n<h2>A Crest 3D White Brilliance haszn\u00e1lat\u00e1nak el\u0151nyei<\/h2>\n<p>Most, hogy felt\u00e1rtuk a tulajdons\u00e1gait, n\u00e9zz\u00fck meg a <strong>Crest 3D White Brilliance Vibrant Peppermint feh\u00e9r\u00edt\u0151 fogkr\u00e9m<\/strong> sz\u00e1mos el\u0151ny\u00e9t: <\/p>\n<h3>1. Hat\u00e9kony fogfeh\u00e9r\u00edt\u00e9s<\/h3>\n<ul>\n<li><strong>L\u00e1that\u00f3 eredm\u00e9nyek<\/strong>: A felhaszn\u00e1l\u00f3k gyakran sz\u00e1molnak be arr\u00f3l, hogy a rendszeres haszn\u00e1lat ut\u00e1n m\u00e1r napokon bel\u00fcl \u00e9szrevehet\u0151 k\u00fcl\u00f6nbs\u00e9get tapasztalnak a mosolyukban.<\/li>\n<li><strong>Hat\u00e9kony foltelt\u00e1vol\u00edt\u00e1s<\/strong>: A fogkr\u00e9m a felsz\u00edni foltokat c\u00e9lozza \u00e9s cs\u00f6kkenti, \u00edgy a fogak a lehet\u0151 legjobban n\u00e9znek ki.<\/li>\n<\/ul>\n<h3>2. Jav\u00edtja a sz\u00e1j\u00fcregi eg\u00e9szs\u00e9get<\/h3>\n<ul>\n<li><strong>Megel\u0151z\u0151 ell\u00e1t\u00e1s<\/strong>: A fluoridtartalom er\u0151teljes v\u00e9delmet ny\u00fajt a szuvasod\u00e1s ellen \u00e9s er\u0151s\u00edti a fogzom\u00e1ncot.<\/li>\n<li><strong>Plaque Control<\/strong>: A rendszeres haszn\u00e1lat seg\u00edt minimaliz\u00e1lni a leped\u00e9kk\u00e9pz\u0151d\u00e9st, hozz\u00e1j\u00e1rulva az \u00edny jobb eg\u00e9szs\u00e9g\u00e9hez.<\/li>\n<\/ul>\n<h3>3. Hosszan tart\u00f3 friss lehelet<\/h3>\n<ul>\n<li><strong>Friss mentolos \u00edz<\/strong>: A friss\u00edt\u0151 borsmenta \u00edz frissen tartja a leheletet, t\u00f6k\u00e9letes a mindennapi interakci\u00f3khoz \u00e9s a k\u00fcl\u00f6nleges alkalmakhoz egyar\u00e1nt.<\/li>\n<li><strong>Szagsemleges\u00edt\u00e9s<\/strong>: Akt\u00edvan fell\u00e9p a rossz leheletet okoz\u00f3 bakt\u00e9riumok ellen.<\/li>\n<\/ul>\n<h3>4. K\u00f6nny\u0171 integr\u00e1ci\u00f3 a rutinj\u00e1ba<\/h3>\n<ul>\n<li><strong>K\u00e9nyelmes haszn\u00e1lat<\/strong>: A fog\u00e1szati rutin sokoldal\u00fa kieg\u00e9sz\u00edt\u0151je: egyetlen tubus t\u00f6bb c\u00e9lt is szolg\u00e1lhat &#8211; fogfeh\u00e9r\u00edt\u00e9s, tiszt\u00edt\u00e1s \u00e9s felfriss\u00edt\u00e9s -, \u00edgy sokoldal\u00faan kieg\u00e9sz\u00edti a fog\u00e1pol\u00e1si rutint.<\/li>\n<li><strong>Napi haszn\u00e1lat<\/strong>: Biztons\u00e1gos mindennapos haszn\u00e1latra, folyamatos el\u0151ny\u00f6ket biztos\u00edtva a fogak eg\u00e9szs\u00e9g\u00e9nek vesz\u00e9lyeztet\u00e9se n\u00e9lk\u00fcl.<\/li>\n<\/ul>\n<hr>\n<h2>Mi\u00e9rt v\u00e1lassza a Crest 3D White Brilliance Vibrant Peppermint?<\/h2>\n<p>A Crest m\u00e1r r\u00e9g\u00f3ta megb\u00edzhat\u00f3 n\u00e9v a sz\u00e1j\u00e1pol\u00e1sban, amely innovat\u00edv \u00e9s hat\u00e9kony term\u00e9keir\u0151l h\u00edres. A 3D White Brilliance term\u00e9kcsal\u00e1d tov\u00e1bb er\u0151s\u00edti ezt az \u00f6r\u00f6ks\u00e9get azzal, hogy fejlett feh\u00e9r\u00edt\u0151 k\u00e9pess\u00e9geket \u00e9s zom\u00e1ncv\u00e9delmet biztos\u00edt, r\u00e9szben a kett\u0151s hat\u00e1s\u00fa formul\u00e1nak k\u00f6sz\u00f6nhet\u0151en. <\/p>\n<h3>Kulcsfontoss\u00e1g\u00fa jellemz\u0151k:<\/h3>\n<ul>\n<li><strong>99g tubus<\/strong>: K\u00e9nyelmes m\u00e9ret a mindennapi haszn\u00e1lathoz \u00e9s utaz\u00e1shoz.<\/li>\n<li><strong>\u00c9l\u00e9nk borsmenta \u00edz<\/strong>: Friss \u00e9rzetet hagy a sz\u00e1jban \u00e9s mentolos tisztas\u00e1got a leheletben.<\/li>\n<li><strong>Fejlett feh\u00e9r\u00edt\u0151 technol\u00f3gia<\/strong>: A felsz\u00edni foltok ak\u00e1r 95%-\u00e1t is elt\u00e1vol\u00edtja mind\u00f6ssze h\u00e1rom nap alatt.<\/li>\n<li><strong>K\u00edm\u00e9letes a zom\u00e1nchoz<\/strong>: A fogzom\u00e1nc k\u00e1ros\u00edt\u00e1sa n\u00e9lk\u00fcl ny\u00fajt hat\u00e9kony fogfeh\u00e9r\u00edt\u00e9st.<\/li>\n<\/ul>\n<hr>\n<h2>A Crest 3D White Brilliance Vibrant Peppermint haszn\u00e1lata<\/h2>\n<p>A fogkr\u00e9m el\u0151nyeinek maximaliz\u00e1l\u00e1s\u00e1hoz k\u00f6vesse az al\u00e1bbi egyszer\u0171 utas\u00edt\u00e1sokat:<\/p>\n<h3>Napi fogmos\u00e1si rutin<\/h3>\n<ol>\n<li><strong>Alkalmazza a fogkr\u00e9met<\/strong>: Nyomjon egy bors\u00f3nyi mennyis\u00e9get a fogkef\u00e9re.<\/li>\n<li><strong>Alaposan kef\u00e9ljen<\/strong>: Legal\u00e1bb k\u00e9t percig mosson fogat, \u00fcgyelve arra, hogy minden fel\u00fcletet &#8211; el\u00fcls\u0151, h\u00e1ts\u00f3 \u00e9s r\u00e1g\u00f3fel\u00fcletet &#8211; lefedjen.<\/li>\n<li><strong>J\u00f3l \u00f6bl\u00edtse ki<\/strong>: K\u00f6pje ki a fogkr\u00e9met, \u00e9s \u00f6bl\u00edtse ki a sz\u00e1j\u00e1t v\u00edzzel.<\/li>\n<\/ol>\n<h3>Haszn\u00e1lati tippek<\/h3>\n<ul>\n<li><strong>Naponta k\u00e9tszer<\/strong>: A legjobb eredm\u00e9ny el\u00e9r\u00e9se \u00e9rdek\u00e9ben mosson fogat naponta k\u00e9tszer &#8211; egyszer reggel \u00e9s egyszer lefekv\u00e9s el\u0151tt.<\/li>\n<li><strong>P\u00e1ros\u00edt\u00e1s fogselyemmel<\/strong>: Az optim\u00e1lis sz\u00e1jhigi\u00e9nia el\u00e9r\u00e9se \u00e9s a feh\u00e9r\u00edt\u0151 hat\u00e1s maxim\u00e1lis kihaszn\u00e1l\u00e1sa \u00e9rdek\u00e9ben haszn\u00e1ljon naponta fogselymet.<\/li>\n<li><strong>Korl\u00e1tozza a foltos \u00e9lelmiszereket<\/strong>: A feh\u00e9r\u00edt\u0151 fogkr\u00e9m haszn\u00e1lata sor\u00e1n a maxim\u00e1lis eredm\u00e9ny \u00e9rdek\u00e9ben fontolja meg az er\u0151sen pigment\u00e1lt \u00e9telek \u00e9s italok fogyaszt\u00e1s\u00e1nak cs\u00f6kkent\u00e9s\u00e9t.<\/li>\n<\/ul>\n<hr>\n<h2>\u00c1t\u00e1ll\u00e1s a Crest 3D White Brilliance Vibrant Peppermint term\u00e9kre<\/h2>\n<p>Az \u00faj fogkr\u00e9mre val\u00f3 v\u00e1lt\u00e1s z\u00f6kken\u0151mentes folyamat lehet. \u00cdme n\u00e9h\u00e1ny tipp: <\/p>\n<table>\n<thead>\n<tr>\n<th><strong>L\u00e9p\u00e9s<\/strong><\/th>\n<th><strong>Tan\u00e1csad\u00e1s<\/strong><\/th>\n<\/tr>\n<\/thead>\n<tbody>\n<tr>\n<td>Fokozatos bevezet\u00e9s<\/td>\n<td>Ha m\u00e1s m\u00e1rk\u00e1t\u00f3l \u00e9rkezik, fontolja meg, hogy az els\u0151 h\u00e9ten fele-fele megk\u00f6zel\u00edt\u00e9ssel kezdjen.<\/td>\n<\/tr>\n<tr>\n<td>Monitor \u00e9rz\u00e9kenys\u00e9g<\/td>\n<td>Ha fog\u00e9rz\u00e9kenys\u00e9get tapasztal, forduljon fogorvoshoz, aki szem\u00e9lyre szabott tan\u00e1csot ad a haszn\u00e1latr\u00f3l.<\/td>\n<\/tr>\n<tr>\n<td>J\u00f3 gyakorlatok fenntart\u00e1sa<\/td>\n<td>Folytassa a rendszeres fogorvosi ellen\u0151rz\u00e9seket \u00e9s az \u00e1tfog\u00f3 sz\u00e1jhigi\u00e9niai rutint.<\/td>\n<\/tr>\n<\/tbody>\n<\/table>\n<hr>\n<h2>GYIK a Crest 3D White Brilliance term\u00e9kr\u0151l<\/h2>\n<h3>1. Ez a fogkr\u00e9m biztons\u00e1gos mindennapi haszn\u00e1latra?<\/h3>\n<p>Igen, a <strong>Crest 3D White Brilliance-t<\/strong> mindennapos haszn\u00e1latra tervezt\u00e9k, \u00e9s biztons\u00e1gos az eg\u00e9sz csal\u00e1d sz\u00e1m\u00e1ra, kiv\u00e9ve a nagyon fiatal gyermekek sz\u00e1m\u00e1ra, akik fel\u00fcgyeletet ig\u00e9nyelhetnek.<\/p>\n<h3>2. Milyen hamar fogok eredm\u00e9nyeket l\u00e1tni?<\/h3>\n<p>Sok felhaszn\u00e1l\u00f3 m\u00e1r n\u00e9h\u00e1ny haszn\u00e1lat ut\u00e1n ragyog\u00f3bb mosolyt \u00e9szlel. A k\u00f6vetkezetess\u00e9g a kulcs, a j\u00f3 sz\u00e1jhigi\u00e9niai gyakorlatokkal egy\u00fctt. <\/p>\n<h3>3. Haszn\u00e1lhat\u00f3-e fogszab\u00e1lyz\u00f3val?<\/h3>\n<p>B\u00e1r fogszab\u00e1lyz\u00f3val egy\u00fctt is haszn\u00e1lhat\u00f3, a legjobb, ha a fogszab\u00e1lyoz\u00f3 orvos\u00e1val konzult\u00e1l az \u00d6n fog\u00e1szati \u00e1llapot\u00e1ra szabott aj\u00e1nl\u00e1sokr\u00f3l.<\/p>\n<h3>4. Alkalmas \u00e9rz\u00e9keny fogakra?<\/h3>\n<p>Ha jellemz\u0151en \u00e9rz\u00e9kenys\u00e9get tapasztal, tan\u00e1csos konzult\u00e1lnia fogorvos\u00e1val, miel\u0151tt b\u00e1rmilyen v\u00e1ltoztat\u00e1st eszk\u00f6z\u00f6lne a fogkr\u00e9mmel kapcsolatos rutinj\u00e1ban.<\/p>\n<h3>5. Hogyan kell t\u00e1rolni a fogkr\u00e9met?<\/h3>\n<p>A tubust h\u0171v\u00f6s, sz\u00e1raz helyen tartsa, hogy meg\u0151rizze hat\u00e9konys\u00e1g\u00e1t, ide\u00e1lis esetben a f\u00fcrd\u0151szobaszekr\u00e9nyben, nedvess\u00e9gt\u0151l v\u00e9dve.<\/p>\n<hr>\n<h2>A Crest 3D White Brilliance \u00e9s m\u00e1s feh\u00e9r\u00edt\u0151 fogkr\u00e9mek \u00f6sszehasonl\u00edt\u00e1sa<\/h2>\n<p>A fogfeh\u00e9r\u00edt\u0151 fogkr\u00e9m kiv\u00e1laszt\u00e1sakor hasznos \u00f6sszehasonl\u00edtani a k\u00fcl\u00f6nb\u00f6z\u0151 lehet\u0151s\u00e9geket. \u00cdme, hogy a Crest hogyan \u00e1llja meg a hely\u00e9t: <\/p>\n<table>\n<thead>\n<tr>\n<th><strong>M\u00e1rka\/Term\u00e9k<\/strong><\/th>\n<th><strong>Feh\u00e9r\u00edt\u0151 er\u0151<\/strong><\/th>\n<th><strong>\u00cdzes\u00edt\u00e9s opci\u00f3k<\/strong><\/th>\n<th><strong>Zom\u00e1nc biztons\u00e1gos<\/strong><\/th>\n<\/tr>\n<\/thead>\n<tbody>\n<tr>\n<td>Crest 3D White Brilliance Vibrant borsmenta<\/td>\n<td>High<\/td>\n<td>Vibrant Peppermint<\/td>\n<td>Igen<\/td>\n<\/tr>\n<tr>\n<td>Colgate Optic White<\/td>\n<td>M\u00e9rs\u00e9kelt<\/td>\n<td>Szikr\u00e1z\u00f3 menta<\/td>\n<td>Igen<\/td>\n<\/tr>\n<tr>\n<td>Sensodyne Pronamel feh\u00e9r\u00edt\u0151<\/td>\n<td>M\u00e9rs\u00e9kelt<\/td>\n<td>Friss menta<\/td>\n<td>Igen<\/td>\n<\/tr>\n<\/tbody>\n<\/table>\n<p>A Crest hat\u00e9kony feh\u00e9r\u00edt\u0151 formul\u00e1j\u00e1val \u00e9s friss\u00edt\u0151 \u00edz\u00e9vel k\u00fcl\u00f6nb\u00f6zteti meg mag\u00e1t, ami sok felhaszn\u00e1l\u00f3 sz\u00e1m\u00e1ra a legjobb v\u00e1laszt\u00e1ss\u00e1 teszi.<\/p>\n<hr>\n<p>A ragyog\u00f3 mosoly el\u00e9r\u00e9se \u00e9s fenntart\u00e1sa az \u00f6ngondoskod\u00e1s \u00e9s az \u00f6nbizalom elengedhetetlen r\u00e9sze. <strong>A Crest 3D White Brilliance Vibrant Peppermint feh\u00e9r\u00edt\u0151 fogkr\u00e9m<\/strong> hat\u00e9kony megold\u00e1st k\u00edn\u00e1l, amely a fejlett feh\u00e9r\u00edt\u0151 technol\u00f3gi\u00e1t er\u0151s sz\u00e1jhigi\u00e9n\u00e9s el\u0151ny\u00f6kkel \u00f6tv\u00f6zi. Mivel k\u00e9pes a foltok felold\u00e1s\u00e1ra, a zom\u00e1nc v\u00e9delm\u00e9re \u00e9s a lehelet friss\u00edt\u00e9s\u00e9re, sokoldal\u00fa eszk\u00f6z a fog\u00e1pol\u00e1s arzen\u00e1lj\u00e1ban. <\/p>\n<p>Mi\u00e9rt v\u00e1rjon a mosolya jav\u00edt\u00e1s\u00e1val? \u00c9lvezze a Crest 3D White Brilliance Vibrant Peppermint erej\u00e9t, \u00e9s tapasztalja meg a ragyog\u00f3bb, magabiztosabb mosoly \u00f6r\u00f6m\u00e9t. Az \u00d6n \u00fatja a k\u00e1pr\u00e1zatos mosoly fel\u00e9 itt kezd\u0151dik!  <\/p>\n","protected":false},"excerpt":{"rendered":"<p>Fedezze fel a Crest 3D White Brilliance Vibrant Peppermint 99g feh\u00e9r\u00edt\u0151 fogkr\u00e9m el\u0151nyeit. Tudja meg, hogyan feh\u00e9r\u00edti hat\u00e9konyan a fogakat, friss\u00edti a leheletet \u00e9s fokozza a sz\u00e1j\u00e1pol\u00e1si rutint. <\/p>\n","protected":false},"featured_media":5060,"comment_status":"open","ping_status":"closed","template":"","meta":[],"product_cat":[208],"product_tag":[604,665,666,372],"class_list":{"0":"post-5058","1":"product","2":"type-product","3":"status-publish","4":"has-post-thumbnail","6":"product_cat-crest-fogkrem","7":"product_tag-crest-3d-white-brilliance-hu","8":"product_tag-crest-3d-white-brilliance-vibrant-borsmenta","9":"product_tag-crest-3d-white-brilliance-vibrant-borsmenta-130g","10":"product_tag-feherito-fogkrem","11":"pa_brands-crest-hu","13":"first","14":"outofstock","15":"taxable","16":"shipping-taxable","17":"purchasable","18":"product-type-simple"},"_links":{"self":[{"href":"https:\/\/tretinoins.com\/hu\/wp-json\/wp\/v2\/product\/5058","targetHints":{"allow":["GET"]}}],"collection":[{"href":"https:\/\/tretinoins.com\/hu\/wp-json\/wp\/v2\/product"}],"about":[{"href":"https:\/\/tretinoins.com\/hu\/wp-json\/wp\/v2\/types\/product"}],"replies":[{"embeddable":true,"href":"https:\/\/tretinoins.com\/hu\/wp-json\/wp\/v2\/comments?post=5058"}],"version-history":[{"count":1,"href":"https:\/\/tretinoins.com\/hu\/wp-json\/wp\/v2\/product\/5058\/revisions"}],"predecessor-version":[{"id":10278,"href":"https:\/\/tretinoins.com\/hu\/wp-json\/wp\/v2\/product\/5058\/revisions\/10278"}],"wp:featuredmedia":[{"embeddable":true,"href":"https:\/\/tretinoins.com\/hu\/wp-json\/wp\/v2\/media\/5060"}],"wp:attachment":[{"href":"https:\/\/tretinoins.com\/hu\/wp-json\/wp\/v2\/media?parent=5058"}],"wp:term":[{"taxonomy":"product_cat","embeddable":true,"href":"https:\/\/tretinoins.com\/hu\/wp-json\/wp\/v2\/product_cat?post=5058"},{"taxonomy":"product_tag","embeddable":true,"href":"https:\/\/tretinoins.com\/hu\/wp-json\/wp\/v2\/product_tag?post=5058"}],"curies":[{"name":"wp","href":"https:\/\/api.w.org\/{rel}","templated":true}]}}