{"id":5052,"date":"2024-01-03T14:00:31","date_gmt":"2024-01-03T14:00:31","guid":{"rendered":"https:\/\/tretinoins.com\/tretinoin-gel-01-20g-menarini-a-ret-gel\/"},"modified":"2026-04-14T18:27:16","modified_gmt":"2026-04-14T16:27:16","slug":"tretinoin-gel-01-20g-menarini-a-ret-gel","status":"publish","type":"product","link":"https:\/\/tretinoins.com\/hu\/tretinoin-gel-01-20g-menarini-a-ret-gel\/","title":{"rendered":"Tretinoin g\u00e9l 0.1%, 20g, Menarini, Akne, r\u00e1nctalan\u00edt\u00f3, r\u00e1nctalan\u00edt\u00f3"},"content":{"rendered":"<h1>A Tretinoin g\u00e9l var\u00e1zsa 0,1%, 20g, Menarini: A legjobb A-Ret g\u00e9l a ragyog\u00f3 b\u0151r\u00e9rt!<\/h1>\n<hr data-pm-slice=\"0 0 []\" data-en-clipboard=\"true\">\n<p>Ha m\u00e1r r\u00e9g\u00f3ta keresg\u00e9lsz egy olyan b\u0151r\u00e1pol\u00e1si term\u00e9ket, amely eredm\u00e9nyt hoz, val\u00f3sz\u00edn\u0171leg belebotlott\u00e1l a megfoghatatlan Tretinoin Gel 0,1%, 20g, Menarini term\u00e9kbe. Ez nem csak egy sz\u00e1jbar\u00e1g\u00f3s sz\u00f3 &#8211; ez a b\u0151rgy\u00f3gy\u00e1szati kezel\u00e9sek vil\u00e1g\u00e1ban egy j\u00e1t\u00e9kv\u00e1lt\u00f3! A piacon kaphat\u00f3 legjobb A-Ret g\u00e9lk\u00e9nt ismert, a b\u0151r\u00e1pol\u00e1s szerelmesei \u00e9s a szakemberek k\u00f6r\u00e9ben egyar\u00e1nt hull\u00e1mokat vet. De mi a titka ennek a csodat\u00e9v\u0151 formul\u00e1nak? Mer\u00fclj\u00fcnk m\u00e9lyre, fedezz\u00fck fel el\u0151nyeit, \u00e9s der\u00edts\u00fck ki, hogyan v\u00e1ltoztathatja meg a b\u0151r\u00f6det, mint senki m\u00e1s!    <\/p>\n<h2>Milyen t\u00edpus\u00fa gy\u00f3gyszer a Tretinoin g\u00e9l?<\/h2>\n<p>A tretinoin, az A-vitamin sz\u00e1rmaz\u00e9ka, m\u00e1r r\u00e9g\u00f3ta a b\u0151r\u00e1pol\u00e1si rutinok egyik alapanyaga, mivel er\u0151s \u00f6reged\u00e9sg\u00e1tl\u00f3 \u00e9s pattan\u00e1sellenes tulajdons\u00e1gokkal rendelkezik. Lehet, hogy hallott\u00e1l m\u00e1r r\u00f3la k\u00fcl\u00f6nb\u00f6z\u0151 neveket &#8211; retinsav vagy all-transz retinsav -, de v\u00e9gs\u0151 soron ugyanarr\u00f3l a fiatal\u00edt\u00e1sra \u00f6sszpontos\u00edt\u00f3, er\u0151teljes \u00f6sszetev\u0151r\u0151l van sz\u00f3. <\/p>\n<h3>A Tretinoin m\u00f6g\u00f6tt \u00e1ll\u00f3 tudom\u00e1ny<\/h3>\n<p>Sz\u00f3val, mit\u0151l olyan hat\u00e9kony ez a g\u00e9l? \u00cdme egy gyors bont\u00e1s: <\/p>\n<ul>\n<li><strong>Cell Turnover:<\/strong> A tretinoin felgyors\u00edtja a sejtek cser\u00e9j\u00e9t, ami azt jelenti, hogy seg\u00edt a b\u0151rnek az elhalt sejtek levetk\u0151z\u00e9s\u00e9ben \u00e9s el\u0151seg\u00edti az \u00fajak n\u00f6veked\u00e9s\u00e9t.<\/li>\n<li><strong>Kollag\u00e9ntermel\u00e9s:<\/strong> A b\u0151r rugalmass\u00e1g\u00e1nak meg\u0151rz\u00e9s\u00e9hez \u00e9s a finom vonalak cs\u00f6kkent\u00e9s\u00e9hez elengedhetetlen\u00fcl fontos kollag\u00e9ntermel\u00e9st serkenti.<\/li>\n<li><strong>P\u00f3rusok elt\u00f6m\u0151d\u00e9se:<\/strong> A p\u00f3rusok elt\u00f6m\u0151d\u00e9s\u00e9nek megakad\u00e1lyoz\u00e1s\u00e1val seg\u00edt a pattan\u00e1sok cs\u00f6kkent\u00e9s\u00e9ben \u00e9s a j\u00f6v\u0151beli kit\u00f6r\u00e9sek megel\u0151z\u00e9s\u00e9ben.<\/li>\n<\/ul>\n<p>De v\u00e1rj, van m\u00e9g m\u00e1s is! A Menarini m\u00e1rka h\u00edres a min\u0151s\u00e9g ir\u00e1nti elk\u00f6telezetts\u00e9g\u00e9r\u0151l, \u00edgy biztos\u00edtva, hogy a legjobb A-Ret g\u00e9lt kapja a tal\u00e1lgat\u00e1s n\u00e9lk\u00fcl. <\/p>\n<hr data-pm-slice=\"0 0 []\" data-en-clipboard=\"true\">\n<h2>Mi\u00e9rt v\u00e1lassza a Tretinoin Gel 0,1%, 20g, Menarini term\u00e9ket?<\/h2>\n<p>Sz\u00e1mtalan term\u00e9k van, amely a holdat \u00edg\u00e9ri, mi\u00e9rt \u00e9rdemes a Tretinoin Gel 0.1%, 20g, Menarini? Nos, bontsuk le! <\/p>\n<h3>A Tretinoin g\u00e9l 0,1%, 20g, Menarini legf\u0151bb el\u0151nyei<\/h3>\n<ol>\n<li><strong>Hat\u00e9kony akne kezel\u00e9s:<\/strong> Makacs pattan\u00e1sokkal k\u00fczd? Ez a g\u00e9l nem csak a sz\u00e9ps\u00e9gr\u0151l sz\u00f3l, hanem a probl\u00e9m\u00e1s b\u0151r ellen is. <\/li>\n<li><strong>Jav\u00edtott b\u0151rszerkezet:<\/strong> A felhaszn\u00e1l\u00f3k gyakran dics\u00e9rik, hogy k\u00e9pes kisim\u00edtani a b\u0151r text\u00far\u00e1j\u00e1t, \u00e9s ez\u00e1ltal megadja az \u00e1h\u00edtott ragyog\u00e1st.<\/li>\n<li><strong>Napk\u00e1rosod\u00e1s jav\u00edt\u00e1sa:<\/strong> Id\u0151vel a Tretinoin seg\u00edt helyrehozni a napk\u00e1rosod\u00e1s okozta cs\u00fanya foltokat \u00e9s hiperpigment\u00e1ci\u00f3t.<\/li>\n<li><strong>K\u00fczd az \u00f6reged\u00e9s jelei ellen:<\/strong> Mondjon b\u00facs\u00fat a finom vonalaknak \u00e9s r\u00e1ncoknak! Rendszeres haszn\u00e1lata seg\u00edthet meg\u0151rizni fiatalos megjelen\u00e9s\u00e9t. <\/li>\n<li><strong>Gyors eredm\u00e9nyek:<\/strong> Sok felhaszn\u00e1l\u00f3 m\u00e1r n\u00e9h\u00e1ny h\u00e9t alatt javul\u00e1st tapasztal!<\/li>\n<\/ol>\n<h3>Kinek sz\u00f3l?<\/h3>\n<ul>\n<li>Feln\u0151ttek akne elleni k\u00fczdelem<\/li>\n<li>Azok, akik az \u00f6reged\u00e9s jeleit szeretn\u00e9k cs\u00f6kkenteni<\/li>\n<li>A b\u0151r text\u00far\u00e1j\u00e1t jav\u00edtani k\u00edv\u00e1n\u00f3 szem\u00e9lyek<\/li>\n<\/ul>\n<p>De h\u00e9, fontos megjegyezni, hogy nem mindenkinek val\u00f3. Terhes vagy szoptat\u00f3 n\u0151knek ker\u00fclni\u00fck kell, az \u00e9rz\u00e9keny b\u0151r\u0171ek pedig el\u0151sz\u00f6r konzult\u00e1ljanak b\u0151rgy\u00f3gy\u00e1sszal. <\/p>\n<hr data-pm-slice=\"0 0 []\" data-en-clipboard=\"true\">\n<h3>Hogyan kell haszn\u00e1lni a Tretinoin g\u00e9lt 0,1%, 20g, Menarini<\/h3>\n<p>Most, hogy eladtad az el\u0151nyeit, hogyan \u00e9p\u00edted be ezt a b\u0151r\u00e1pol\u00e1si rutinodba? \u00cdme egy l\u00e9p\u00e9sr\u0151l-l\u00e9p\u00e9sre k\u00f6vethet\u0151 \u00fatmutat\u00f3: <\/p>\n<ol>\n<li><strong>Tiszt\u00edtsa meg az arc\u00e1t:<\/strong> Kezdje gyeng\u00e9d tiszt\u00edt\u00f3szerrel, hogy elker\u00fclje a b\u0151r lecsupasz\u00edt\u00e1s\u00e1t.<\/li>\n<li><strong>Pat Dry:<\/strong> Gyeng\u00e9den t\u00f6r\u00f6lje sz\u00e1razra az arc\u00e1t a g\u00e9l felvitele el\u0151tt.<\/li>\n<li><strong>Alkalmazzon bors\u00f3nyi mennyis\u00e9get:<\/strong> A kevesebb t\u00f6bb! Egy kis p\u00f6tty egyenletesen eloszlatva elegend\u0151. <\/li>\n<li><strong>Massz\u00edrozza be:<\/strong> Haszn\u00e1lja az ujjbegyeit, hogy finoman massz\u00edrozza a g\u00e9lt a b\u0151r\u00e9be.<\/li>\n<li><strong>K\u00f6vesse hidrat\u00e1l\u00f3 kr\u00e9mmel:<\/strong> Hidrat\u00e1l\u00f3 kr\u00e9met haszn\u00e1ljon, hogy a hidrat\u00e1lts\u00e1got biztos\u00edtsa.<\/li>\n<li><strong>Haszn\u00e1ljon naptejet:<\/strong> A tretinoin \u00e9rz\u00e9kenyebb\u00e9 teheti a b\u0151r\u00e9t a napra, ez\u00e9rt ne hagyja ki a f\u00e9nyv\u00e9d\u0151 kr\u00e9met napk\u00f6zben!<\/li>\n<\/ol>\n<hr data-pm-slice=\"0 0 []\" data-en-clipboard=\"true\">\n<h2>GYIK a Tretinoin Gel 0,1%, 20g, Menarini term\u00e9kr\u0151l<\/h2>\n<h3>1. Mennyi id\u0151 m\u00falva l\u00e1tom a Tretinoin g\u00e9l eredm\u00e9ny\u00e9t?<\/h3>\n<p>Az eredm\u00e9nyek elt\u00e9r\u0151ek lehetnek, de sok felhaszn\u00e1l\u00f3 k\u00f6r\u00fclbel\u00fcl 2-6 h\u00e9t alatt kezd javul\u00e1st tapasztalni. Ne feledje, a t\u00fcrelem a legfontosabb! <\/p>\n<h3>2. Haszn\u00e1lhatom a Tretinoin g\u00e9lt m\u00e1s b\u0151r\u00e1pol\u00e1si term\u00e9kekkel egy\u00fctt?<\/h3>\n<p>Abszol\u00fat! Csak \u00f3vatosan b\u00e1njon a benzoil-peroxidot vagy alfa-hidroxi savakat tartalmaz\u00f3 term\u00e9kekkel, amelyek egy\u00fcttesen haszn\u00e1lva irrit\u00e1lhatj\u00e1k a b\u0151r\u00e9t. <\/p>\n<h3>3. A Tretinoin irrit\u00e1ci\u00f3t okoz?<\/h3>\n<p>Egyes felhaszn\u00e1l\u00f3k kezdetben enyhe irrit\u00e1ci\u00f3t, b\u0151rp\u00edrt vagy h\u00e1ml\u00e1st tapasztalhatnak. Gyakran nevezik \u201eretinoid-cs\u00fafs\u00e1gnak\u201d, de ezek a hat\u00e1sok a folyamatos haszn\u00e1lat sor\u00e1n \u00e1ltal\u00e1ban elm\u00falnak. <\/p>\n<h3>4. Haszn\u00e1lhatom napk\u00f6zben is?<\/h3>\n<p>B\u00e1r a Tretinoint \u00e1ltal\u00e1ban \u00e9jszaka aj\u00e1nlott haszn\u00e1lni a napf\u00e9ny\u00e9rz\u00e9kenys\u00e9g miatt, ha reggel is ki akarja pr\u00f3b\u00e1lni, csak legyen szorgalmas a f\u00e9nyv\u00e9d\u0151vel!<\/p>\n<h3>5. Mennyi ideig tart egy tubus?<\/h3>\n<p>Egy 20 g-os tubus 1-3 h\u00f3napig tarthat, att\u00f3l f\u00fcgg\u0151en, hogy milyen gyakran haszn\u00e1lja \u00e9s mennyit haszn\u00e1l minden alkalommal. A l\u00e9nyeg, hogy k\u00f6vetkezetes legyen, de ne legyen t\u00falz\u00e1sba vitt. <\/p>\n<hr data-pm-slice=\"0 0 []\" data-en-clipboard=\"true\">\n<h2>Gyakori t\u00e9vhitek a Tretinoinr\u00f3l<\/h2>\n<p>Mint minden m\u00e1s b\u0151r\u00e1pol\u00e1ssal kapcsolatban, itt is t\u00e9vhitek keringenek. Vegy\u00fcnk sorra n\u00e9h\u00e1nyat a leggyakoribbak k\u00f6z\u00fcl: <\/p>\n<h3>1. m\u00edtosz: A tretinoin csak az \u00f6reged\u0151 b\u0151rre val\u00f3<\/h3>\n<p>Hamis! B\u00e1r els\u0151sorban \u00f6reged\u00e9sg\u00e1tl\u00f3 tulajdons\u00e1gair\u00f3l ismert, a Tretinoin g\u00e9l hihetetlen\u00fcl hat\u00e9kony a pattan\u00e1sok kezel\u00e9s\u00e9ben is. Ez egy sokoldal\u00fa term\u00e9k!  <\/p>\n<h3>2. m\u00edtosz: Ny\u00e1ron nem lehet haszn\u00e1lni<\/h3>\n<p>B\u00e1r igaz, hogy a fokozott nap\u00e9rz\u00e9kenys\u00e9g aggodalomra ad okot, megfelel\u0151 f\u00e9nyv\u00e9delemmel eg\u00e9sz \u00e9vben haszn\u00e1lhatja. A f\u00e9nyv\u00e9delem nem t\u00e1rgyalhat\u00f3, emberek! <\/p>\n<h3>3. m\u00edtosz: A tretinoin egy \u00e9jszaka alatt m\u0171k\u00f6dik<\/h3>\n<p>\u00d3, b\u00e1rcsak igaz lenne! Mint a legt\u00f6bb b\u0151r\u00e1pol\u00f3 term\u00e9k, a Tretinoin is id\u0151be telik. Ez a hossz\u00fa t\u00e1v\u00fa j\u00e1t\u00e9kr\u00f3l sz\u00f3l, ez\u00e9rt adj neki egy es\u00e9lyt, hogy kifejtse a hat\u00e1s\u00e1t.  <\/p>\n<h2>Tippek a Tretinoin tapasztalatainak maximaliz\u00e1l\u00e1s\u00e1hoz<\/h2>\n<p>Szeretn\u00e9 a legt\u00f6bbet kihozni a Tretinoin utaz\u00e1s\u00e1b\u00f3l? \u00cdme n\u00e9h\u00e1ny okos tipp: <\/p>\n<ul>\n<li><strong>Kezdje lassan:<\/strong> Kezdje heti n\u00e9h\u00e1ny est\u00e9vel, \u00e9s fokozatosan n\u00f6velje a gyakoris\u00e1got, hogy elker\u00fclje az irrit\u00e1ci\u00f3t.<\/li>\n<li><strong>A hidrat\u00e1l\u00e1s a kulcs:<\/strong> A sz\u00e1razs\u00e1g lek\u00fczd\u00e9se \u00e9rdek\u00e9ben a hidrat\u00e1l\u00e1st helyezze el\u0151t\u00e9rbe. Keresse a nem komedog\u00e9n lehet\u0151s\u00e9geket. <\/li>\n<li><strong>Maradjon k\u00f6vetkezetes:<\/strong> A rendszeres haszn\u00e1lat elengedhetetlen az eredm\u00e9nyek el\u00e9r\u00e9s\u00e9hez. Tartsa mag\u00e1t a rutinj\u00e1hoz a legjobb eredm\u00e9nyek \u00e9rdek\u00e9ben! <\/li>\n<li><strong>Tartsd laz\u00e1n:<\/strong> T\u00e1rolja a g\u00e9lt h\u0171v\u00f6s, sz\u00e1raz helyen, hogy meg\u0151rizze hat\u00e9konys\u00e1g\u00e1t.<\/li>\n<\/ul>\n<hr data-pm-slice=\"0 0 []\" data-en-clipboard=\"true\">\n<p>A b\u0151r\u00e1pol\u00e1si term\u00e9kek hatalmas \u00f3ce\u00e1nj\u00e1ban a Tretinoin Gel 0,1%, 20g, Menarini kiemelkedik a rem\u00e9ny jelz\u0151f\u00e9nyek\u00e9nt mindazok sz\u00e1m\u00e1ra, akik sima, ragyog\u00f3 b\u0151rre v\u00e1gynak. Sz\u00e1mtalan el\u0151ny\u00e9vel, felhaszn\u00e1l\u00f3bar\u00e1t alkalmaz\u00e1s\u00e1val \u00e9s a legjobb A-Ret g\u00e9lk\u00e9nt val\u00f3 h\u00edrnev\u00e9vel nem csoda, hogy oly sokan esk\u00fcsznek r\u00e1. <\/p>\n<p>Teh\u00e1t, ha k\u00e9szen \u00e1ll arra, hogy meg\u00faj\u00edtsa b\u0151r\u00e1pol\u00e1si j\u00e1t\u00e9k\u00e1t, mi\u00e9rt ne adna egy es\u00e9lyt a Tretinoin g\u00e9lnek? Egy kis t\u00fcrelemmel \u00e9s k\u00f6vetkezetess\u00e9ggel, lehet, hogy a mindig is v\u00e1gyott ragyog\u00f3 b\u0151r fel\u00e9 vezet\u0151 \u00faton tal\u00e1lja mag\u00e1t. Fogadja el a ragyog\u00e1st &#8211; a b\u0151re meg fogja k\u00f6sz\u00f6nni!  <\/p>\n","protected":false},"excerpt":{"rendered":"<p>A Tretinoin g\u00e9l var\u00e1zsa 0,1%, 20g, Menarini: A legjobb A-Ret g\u00e9l a ragyog\u00f3 b\u0151r\u00e9rt! Ha m\u00e1r r\u00e9g\u00f3ta keresg\u00e9lsz egy olyan b\u0151r\u00e1pol\u00e1si term\u00e9ket,&hellip;<\/p>\n","protected":false},"featured_media":5057,"comment_status":"open","ping_status":"closed","template":"","meta":[],"product_cat":[210],"product_tag":[586,546,432,510,585],"class_list":{"0":"post-5052","1":"product","2":"type-product","3":"status-publish","4":"has-post-thumbnail","6":"product_cat-arcapolas","7":"product_tag-legjobb-a-ret-gel","8":"product_tag-menarini-hu","9":"product_tag-tretinoin-hu","10":"product_tag-tretinoin-gel-hu","11":"product_tag-tretinoin-gel-01-hu","13":"first","14":"instock","15":"taxable","16":"shipping-taxable","17":"purchasable","18":"product-type-simple"},"_links":{"self":[{"href":"https:\/\/tretinoins.com\/hu\/wp-json\/wp\/v2\/product\/5052","targetHints":{"allow":["GET"]}}],"collection":[{"href":"https:\/\/tretinoins.com\/hu\/wp-json\/wp\/v2\/product"}],"about":[{"href":"https:\/\/tretinoins.com\/hu\/wp-json\/wp\/v2\/types\/product"}],"replies":[{"embeddable":true,"href":"https:\/\/tretinoins.com\/hu\/wp-json\/wp\/v2\/comments?post=5052"}],"version-history":[{"count":2,"href":"https:\/\/tretinoins.com\/hu\/wp-json\/wp\/v2\/product\/5052\/revisions"}],"predecessor-version":[{"id":10219,"href":"https:\/\/tretinoins.com\/hu\/wp-json\/wp\/v2\/product\/5052\/revisions\/10219"}],"wp:featuredmedia":[{"embeddable":true,"href":"https:\/\/tretinoins.com\/hu\/wp-json\/wp\/v2\/media\/5057"}],"wp:attachment":[{"href":"https:\/\/tretinoins.com\/hu\/wp-json\/wp\/v2\/media?parent=5052"}],"wp:term":[{"taxonomy":"product_cat","embeddable":true,"href":"https:\/\/tretinoins.com\/hu\/wp-json\/wp\/v2\/product_cat?post=5052"},{"taxonomy":"product_tag","embeddable":true,"href":"https:\/\/tretinoins.com\/hu\/wp-json\/wp\/v2\/product_tag?post=5052"}],"curies":[{"name":"wp","href":"https:\/\/api.w.org\/{rel}","templated":true}]}}