{"id":5047,"date":"2024-01-03T14:04:36","date_gmt":"2024-01-03T14:04:36","guid":{"rendered":"https:\/\/tretinoins.com\/crest-szodabikarbona-es-peroxid-161g-fresh-mint-feherito-fogkrem\/"},"modified":"2025-06-16T20:05:38","modified_gmt":"2025-06-16T18:05:38","slug":"crest-szodabikarbona-es-peroxid-161g-fresh-mint-feherito-fogkrem","status":"publish","type":"product","link":"https:\/\/tretinoins.com\/hu\/crest-szodabikarbona-es-peroxid-161g-fresh-mint-feherito-fogkrem\/","title":{"rendered":"Crest sz\u00f3dabikarb\u00f3na \u00e9s peroxid 161g, Fresh Mint, feh\u00e9r\u00edt\u0151 fogkr\u00e9m"},"content":{"rendered":"<h1>A ragyog\u00f3 mosoly titka: Sz\u00f3dabikarb\u00f3na \u00e9s peroxid 161g, friss menta feh\u00e9r\u00edt\u0151 fogkr\u00e9m: A Crest kipakol\u00e1sa<\/h1>\n<hr>\n<p>Mindannyian ismerj\u00fck a mond\u00e1st: \u201eA mosoly a legjobb kieg\u00e9sz\u00edt\u0151, amit az ember viselhet\u201d. De hogyan biztos\u00edthatjuk, hogy mosolyunk k\u00e1pr\u00e1zatos \u00e9s ragyog\u00f3 maradjon? L\u00e9pjen be a <strong>Crest Sz\u00f3dabikarb\u00f3na \u00e9s Peroxid 161g, Fresh Mint feh\u00e9r\u00edt\u0151 fogkr\u00e9m<\/strong> &#8211; egy olyan er\u0151m\u0171 a fog\u00e1pol\u00e1s vil\u00e1g\u00e1ban, amely \u00e9ppoly friss\u00edt\u0151, mint amilyen hat\u00e9kony.  <\/p>\n<p>Ha unod m\u00e1r a matt, foltos fogakat, \u00e9s olyan fogkr\u00e9met keresel, amely nemcsak feh\u00e9r\u00edt, hanem az \u00e1ltal\u00e1nos sz\u00e1jhigi\u00e9ni\u00e1t is el\u0151seg\u00edti, akkor j\u00f3 helyen j\u00e1rsz! Ez a cikk m\u00e9lyen belemer\u00fcl mindenbe, amit err\u0151l a fantasztikus term\u00e9kr\u0151l tudni kell, felt\u00e1rja az \u00f6sszetev\u0151it, el\u0151nyeit, haszn\u00e1lat\u00e1t \u00e9s m\u00e9g sok minden m\u00e1st, lebilincsel\u0151 \u00e9s k\u00f6nnyen em\u00e9szthet\u0151 m\u00f3don. <\/p>\n<hr>\n<h2>Mit tartalmaz a Crest sz\u00f3dabikarb\u00f3na \u00e9s peroxid 161g, Fresh Mint feh\u00e9r\u00edt\u0151 fogkr\u00e9m?<\/h2>\n<p>Vegy\u00fck sorra az els\u0151dleges \u00f6sszetev\u0151ket \u00e9s szerep\u00fcket. \u00cdme egy egyszer\u0171 t\u00e1bl\u00e1zat, hogy megvil\u00e1g\u00edtsuk: <\/p>\n<table>\n<thead>\n<tr>\n<th><strong>\u00d6sszetev\u0151<\/strong><\/th>\n<th><strong>Funkci\u00f3<\/strong><\/th>\n<\/tr>\n<\/thead>\n<tbody>\n<tr>\n<td>Sz\u00f3dabikarb\u00f3na<\/td>\n<td>Gyeng\u00e9den feh\u00e9r\u00edti \u00e9s tiszt\u00edtja a fogakat<\/td>\n<\/tr>\n<tr>\n<td>Peroxid<\/td>\n<td>M\u00e9lytiszt\u00edt \u00e9s seg\u00edt feh\u00e9r\u00edteni a fogakat<\/td>\n<\/tr>\n<tr>\n<td>Friss menta \u00edz<\/td>\n<td>Friss\u00edt\u0151 \u00edzt biztos\u00edt<\/td>\n<\/tr>\n<tr>\n<td>Fluorid<\/td>\n<td>Er\u0151s\u00edti a zom\u00e1ncot \u00e9s megel\u0151zi a szuvasod\u00e1st<\/td>\n<\/tr>\n<\/tbody>\n<\/table>\n<h3>Sz\u00f3dabikarb\u00f3na: S\u00f3dabikarb\u00f3na: A k\u00edm\u00e9letes s\u00farol\u00f3szer<\/h3>\n<p>\u00c1, sz\u00f3dabikarb\u00f3na &#8211; a term\u00e9szet sokoldal\u00fa h\u0151se! A sz\u00f3dabikarb\u00f3na k\u00edm\u00e9letes s\u00farol\u00f3 hat\u00e1s\u00e1r\u00f3l ismert, seg\u00edt a fel\u00fcleti foltok lesik\u00e1l\u00e1s\u00e1ban an\u00e9lk\u00fcl, hogy k\u00e1ros\u00edtan\u00e1 a zom\u00e1ncot. Ha haszn\u00e1lt\u00e1l m\u00e1r valaha sz\u00f3dabikarb\u00f3n\u00e1t a s\u00fct\u00e9shez vagy a takar\u00edt\u00e1shoz, tudod, hogy ez egy er\u0151m\u0171, \u00e9s ugyanez vonatkozik a fogaid eg\u00e9szs\u00e9g\u00e9re is! Ez az a ter\u00fclet, ahol a <strong>Crest Sz\u00f3dabikarb\u00f3na \u00e9s peroxid 161g, friss menta feh\u00e9r\u00edt\u0151 fogkr\u00e9m<\/strong> ragyog. Olyan, mintha lenne egy h\u0171s\u00e9ges t\u00e1rsad, aki k\u00fcldet\u00e9se, hogy fogaid ragyog\u00f3ak maradjanak.    <\/p>\n<h3>Peroxid: A feh\u00e9r\u00edt\u0151 harcos<\/h3>\n<p>A hidrog\u00e9n-peroxid nem csak fert\u0151tlen\u00edt\u00e9sre szolg\u00e1l\u00f3 h\u00e1ztart\u00e1si alapanyag, hanem feh\u00e9r\u00edt\u0151szer is. Sok fog\u00e1szati szakember haszn\u00e1lja a rendel\u0151j\u00e9ben, \u00e9s ha olyan fogkr\u00e9mbe ker\u00fcl, mint a <strong>Crest Baking Soda &amp; Peroxide<\/strong>, akkor a fogfeh\u00e9r\u00edt\u0151 j\u00e1t\u00e9k\u00e1t is megn\u00f6velheti, mivel m\u00e9lyebben kezeli a foltokat, mint amit a hagyom\u00e1nyos fogkr\u00e9m k\u00e9pes el\u00e9rni. <\/p>\n<h3>Friss menta: A leheletnyi friss leveg\u0151<\/h3>\n<p>Ne feledkezz\u00fcnk meg a friss menta \u00edz\u00e9r\u0151l sem! Ez nem csak a l\u00e1tszat kedv\u00e9\u00e9rt van; a sz\u00e1jat \u00e9l\u00e9nk\u00edti, a leheletet pedig kellemes illat\u00fav\u00e1 var\u00e1zsolja. Ki ne szeretne egy olyan fogkr\u00e9met, amely k\u00fczd a rossz lehelet ellen, mik\u00f6zben ragyog\u00f3v\u00e1 teszi a mosoly\u00e1t?  <\/p>\n<hr>\n<h2>A Crest sz\u00f3dabikarb\u00f3na \u00e9s peroxid haszn\u00e1lat\u00e1nak el\u0151nyei<\/h2>\n<p>Mi\u00e9rt \u00e9rdemes teh\u00e1t a <strong>Crest Sz\u00f3dabikarb\u00f3na \u00e9s Peroxid 161g, Fresh Mint feh\u00e9r\u00edt\u0151 fogkr\u00e9met<\/strong> a napi rutinod alapelem\u00e9v\u00e9 tenni? V\u00e1zoljunk fel n\u00e9h\u00e1ny \u00e1llkapocs-leszor\u00edt\u00f3 el\u0151nyt: <\/p>\n<h3>1. Foltelt\u00e1vol\u00edt\u00e1s Fantasztikus!<\/h3>\n<ul>\n<li><strong>F\u00e9nyes\u00edti a mosolyt<\/strong>: Mondjon b\u00facs\u00fat a k\u00e1v\u00e9, tea vagy v\u00f6r\u00f6sbor foltoknak! Rendszeres haszn\u00e1lat\u00e1val ez a fogkr\u00e9m jelent\u0151sen jav\u00edthatja fogai feh\u00e9rs\u00e9g\u00e9t. <\/li>\n<li><strong>Gyeng\u00e9den pol\u00edroz<\/strong>: A sz\u00f3dabikarb\u00f3na csod\u00e1kat m\u0171vel, pol\u00edroz\u00f3 hat\u00e1st biztos\u00edt, amely el\u0151seg\u00edti a f\u00e9nyesebb megjelen\u00e9st an\u00e9lk\u00fcl, hogy t\u00falzott kop\u00e1st okozna.<\/li>\n<\/ul>\n<h3>2. Friss lehelet eg\u00e9sz nap<\/h3>\n<ul>\n<li><strong>Mentolos frissess\u00e9g<\/strong>: Megsz\u00fcnteti a kellemetlen szagokat, \u00e9s hosszabb ideig tiszt\u00e1bbnak \u00e9rzi a sz\u00e1j\u00e1t.<\/li>\n<li><strong>Tiszt\u00edt\u00f3 hat\u00e1s<\/strong>: Az egyed\u00fcl\u00e1ll\u00f3 formula seg\u00edt lek\u00fczdeni a rossz lehelet\u00e9rt felel\u0151s bakt\u00e9riumokat.<\/li>\n<\/ul>\n<h3>3. \u00dcregv\u00e9delem<\/h3>\n<ul>\n<li><strong>Fluorid Power<\/strong>: A hozz\u00e1adott fluoriddal ez a fogkr\u00e9m er\u0151s\u00edti a fogzom\u00e1ncot, \u00edgy az ellen\u00e1ll\u00f3bb\u00e1 v\u00e1lik a szuvasod\u00e1ssal szemben.<\/li>\n<li><strong>\u00c1ltal\u00e1nos sz\u00e1jhigi\u00e9nia<\/strong>: A <strong>Crest sz\u00f3dabikarb\u00f3na \u00e9s peroxid<\/strong> biztos\u00edtja, hogy \u00d6n j\u00f3l v\u00e9dett legyen.<\/li>\n<\/ul>\n<h3>4. K\u00f6nnyen haszn\u00e1lhat\u00f3<\/h3>\n<ul>\n<li><strong>K\u00e9nyelem<\/strong>: Csak nyomjon egy bors\u00f3nyi mennyis\u00e9get a fogkef\u00e9re, mosson fogat k\u00e9t percig, \u00e9s voil\u00e1! M\u00e1r \u00faton is van a tiszt\u00e1bb, ragyog\u00f3bb mosoly fel\u00e9. <\/li>\n<li><strong>K\u00edm\u00e9letes napi haszn\u00e1latra<\/strong>: Naponta haszn\u00e1lhat\u00f3 an\u00e9lk\u00fcl, hogy agg\u00f3dnia kellene a zom\u00e1nc k\u00e1rosod\u00e1sa miatt, \u00edgy minden koroszt\u00e1ly sz\u00e1m\u00e1ra alkalmas.<\/li>\n<\/ul>\n<hr>\n<h2>Hogyan \u00e9p\u00edts\u00fck be a Crest sz\u00f3dabikarb\u00f3n\u00e1t \u00e9s peroxidot a napi rutinunkba?<\/h2>\n<p>B\u00e1rmilyen \u00faj term\u00e9k beilleszt\u00e9se a napi rutinba felvethet n\u00e9h\u00e1ny k\u00e9rd\u00e9st. Milyen gyakran kell haszn\u00e1lni? Mikor a legjobb az id\u0151z\u00edt\u00e9s? Egyszer\u0171s\u00edts\u00fck le ezt a k\u00e9rd\u00e9st!   <\/p>\n<h3>Napi fogmos\u00e1si rutin<\/h3>\n<ol>\n<li><strong>Reggeli ritu\u00e1l\u00e9<\/strong>: Minden reggel reggeli ut\u00e1n azonnal mosson fogat. A friss menta seg\u00edt lek\u00fczdeni a reggeli leheletet, \u00edgy remek\u00fcl indul a napod! <\/li>\n<li><strong>Lefekv\u00e9s el\u0151tt<\/strong>: Adja meg a fogait egy j\u00f3 tiszt\u00edt\u00e1s, miel\u0151tt a leped\u0151. Ez biztos\u00edtja, hogy a nap \u00f6sszes \u00e9telmaradv\u00e1nya \u00e9s bakt\u00e9riuma kimos\u00f3djon. <\/li>\n<\/ol>\n<h3>Tippek a maxim\u00e1lis hat\u00e9konys\u00e1g\u00e9rt<\/h3>\n<ul>\n<li><strong>Haszn\u00e1lja a megfelel\u0151 technik\u00e1t<\/strong>: Ne siess! Gyeng\u00e9d, k\u00f6rk\u00f6r\u00f6s mozdulatokkal biztos\u00edtsa, hogy a fogak minden fel\u00fclet\u00e9t megtiszt\u00edtsa. <\/li>\n<li><strong>Ne felejtse el a fogselymet<\/strong>: A fogkr\u00e9m \u00e9s a fogselyem p\u00e1ros\u00edt\u00e1sa biztos\u00edtja a teljes tisztas\u00e1got.<\/li>\n<li><strong>\u00d6bl\u00edtse le v\u00edzzel<\/strong>: A fogmos\u00e1s ut\u00e1n \u00f6bl\u00edtse ki a sz\u00e1j\u00e1t v\u00edzzel, hogy seg\u00edtsen kimosni a marad\u00e9k fogkr\u00e9mmaradv\u00e1nyokat.<\/li>\n<\/ul>\n<h2>\u00c1tmenet a Crest sz\u00f3dabikarb\u00f3na &amp; peroxidra<\/h2>\n<p>Ha m\u00e1r m\u00e1s fogkr\u00e9met haszn\u00e1l, akkor elgondolkodhat azon, hogyan lehet \u00e1t\u00e1llni. \u00cdme egy egyszer\u0171 \u00fatiterv: <\/p>\n<ul>\n<li><strong>1. h\u00e9t<\/strong>: <strong>Crest sz\u00f3dabikarb\u00f3n\u00e1s \u00e9s peroxidos<\/strong> fogkr\u00e9mmel v\u00e1ltogatva az els\u0151 h\u00e9ten.<\/li>\n<li><strong>2. h\u00e9t<\/strong>: Fokozatosan haszn\u00e1ld gyakrabban, \u00e9s k\u00e9t h\u00e9t m\u00falva m\u00e1r teljesen \u00e1t\u00e1llhatsz.<\/li>\n<\/ul>\n<p>Egy \u00faj fogkr\u00e9m haszn\u00e1lata n\u00e9ha \u00e9rz\u00e9kenys\u00e9get okozhat. Ha ezt tapasztalja, \u00edme n\u00e9h\u00e1ny gyors tipp az akad\u00e1ly lek\u00fczd\u00e9s\u00e9re: <\/p>\n<table>\n<thead>\n<tr>\n<th><strong>L\u00e9p\u00e9s<\/strong><\/th>\n<th><strong>Tan\u00e1csad\u00e1s<\/strong><\/th>\n<\/tr>\n<\/thead>\n<tbody>\n<tr>\n<td>Lassan menj<\/td>\n<td>Kezdje el haszn\u00e1lni minden m\u00e1sodik nap.<\/td>\n<\/tr>\n<tr>\n<td>F\u00f3kuszban a technika<\/td>\n<td>Gy\u0151z\u0151dj\u00f6n meg r\u00f3la, hogy nem kef\u00e9l t\u00fal er\u0151sen.<\/td>\n<\/tr>\n<tr>\n<td>Tartsa szemmel<\/td>\n<td>Ha az \u00e9rz\u00e9kenys\u00e9g tov\u00e1bbra is fenn\u00e1ll, forduljon fogorvoshoz.<\/td>\n<\/tr>\n<\/tbody>\n<\/table>\n<hr>\n<h2>GYIK a Crest sz\u00f3dabikarb\u00f3na \u00e9s peroxid feh\u00e9r\u00edt\u0151 fogkr\u00e9mr\u0151l<\/h2>\n<h3>1. A Crest sz\u00f3dabikarb\u00f3na \u00e9s peroxid mindenki sz\u00e1m\u00e1ra biztons\u00e1gos?<\/h3>\n<p>Abszol\u00fat! Minden koroszt\u00e1ly sz\u00e1m\u00e1ra k\u00e9sz\u00fclt, de a fiatalabbaknak mindig j\u00f3 \u00f6tlet, ha feln\u0151tt fel\u00fcgyelete mellett haszn\u00e1lj\u00e1k. <\/p>\n<h3>2. Mennyi ideig kell haszn\u00e1lnom, miel\u0151tt eredm\u00e9nyeket l\u00e1tok?<\/h3>\n<p>\u00c1ltal\u00e1ban a rendszeres haszn\u00e1lat ut\u00e1n egy h\u00e9ten bel\u00fcl \u00e9szreveheti a k\u00fcl\u00f6nbs\u00e9get. A k\u00f6vetkezetess\u00e9g a kulcs! <\/p>\n<h3>3. Haszn\u00e1lhatom, ha \u00e9rz\u00e9kenyek a fogaim?<\/h3>\n<p>Igen! B\u00e1r n\u00e9h\u00e1ny \u00e9rz\u00e9keny embernek enyhe kellemetlens\u00e9get okozhat b\u00e1rmilyen feh\u00e9r\u00edt\u0151 term\u00e9k, ez a fogkr\u00e9m \u00e1ltal\u00e1ban el\u00e9g k\u00edm\u00e9letes a mindennapi haszn\u00e1lathoz. <\/p>\n<h3>4. Mi van, ha fogszab\u00e1lyz\u00f3m vagy m\u00e1s fog\u00e1szati munk\u00e1m van?<\/h3>\n<p>A legjobb, ha mindig konzult\u00e1l fogorvos\u00e1val, ha b\u00e1rmilyen helyi fogfeh\u00e9r\u00edt\u0151 term\u00e9ket haszn\u00e1l. \u0150k szem\u00e9lyre szabott tan\u00e1csot tudnak adni az \u00d6n fog\u00e1szati helyzet\u00e9re alapozva. <\/p>\n<h3>5. Haszn\u00e1lhatom sz\u00e1jv\u00edzzel egy\u00fctt?<\/h3>\n<p>Hat\u00e1rozottan! Csak arra \u00fcgyeljen, hogy a sz\u00e1jv\u00edz haszn\u00e1lata el\u0151tt v\u00e1rjon legal\u00e1bb 30 percet a fogmos\u00e1s ut\u00e1n, hogy a fluorid kifejthesse hat\u00e1s\u00e1t. <\/p>\n<h2>A piaci sz\u00ednt\u00e9r: Crest vs. m\u00e1s m\u00e1rk\u00e1k<\/h2>\n<p>Mindig j\u00f3 \u00f6tlet megvizsg\u00e1lni, hogy egy term\u00e9k hogyan viszonyul a versenyt\u00e1rsakhoz. \u00cdme egy r\u00f6vid \u00f6sszehasonl\u00edt\u00e1s. <\/p>\n<table>\n<thead>\n<tr>\n<th><strong>M\u00e1rka\/Term\u00e9k<\/strong><\/th>\n<th><strong>Feh\u00e9r\u00edt\u0151 er\u0151<\/strong><\/th>\n<th><strong>\u00cdzes\u00edt\u00e9s opci\u00f3k<\/strong><\/th>\n<th><strong>Zom\u00e1nc biztons\u00e1gos<\/strong><\/th>\n<\/tr>\n<\/thead>\n<tbody>\n<tr>\n<td>Crest sz\u00f3dabikarb\u00f3na \u00e9s peroxid<\/td>\n<td>Magas<\/td>\n<td>Friss menta<\/td>\n<td>Igen<\/td>\n<\/tr>\n<tr>\n<td>Colgate Optic White<\/td>\n<td>M\u00e9rs\u00e9kelt<\/td>\n<td>Cool Mint, Whitening Blast<\/td>\n<td>Igen<\/td>\n<\/tr>\n<tr>\n<td>Sensodyne Extra feh\u00e9r\u00edt\u0151<\/td>\n<td>M\u00e9rs\u00e9kelt<\/td>\n<td>Friss menta<\/td>\n<td>Igen<\/td>\n<\/tr>\n<\/tbody>\n<\/table>\n<p>Ha ezeket a lehet\u0151s\u00e9geket n\u00e9zz\u00fck, egy\u00e9rtelm\u0171, hogy a <strong>Crest Baking Soda &amp; Peroxide 161g, Fresh Mint feh\u00e9r\u00edt\u0151 fogkr\u00e9m<\/strong> a feh\u00e9r\u00edt\u0151 hat\u00f3anyagok egyed\u00fcl\u00e1ll\u00f3 kever\u00e9k\u00e9vel \u00e9s \u00edzprofilj\u00e1val az \u00e9len j\u00e1r.<\/p>\n<hr>\n<p>\u00d6sszefoglalva, a <strong>Crest sz\u00f3dabikarb\u00f3na \u00e9s peroxid 161g, friss menta feh\u00e9r\u00edt\u0151 fogkr\u00e9m<\/strong> be\u00e9p\u00edt\u00e9se a fog\u00e1szati rutinba nem csak a hi\u00fas\u00e1gr\u00f3l sz\u00f3l, hanem elk\u00f6telezetts\u00e9get jelent az \u00e1ltal\u00e1nos sz\u00e1jhigi\u00e9nia mellett. Er\u0151teljes foltelh\u00e1r\u00edt\u00f3 k\u00e9pess\u00e9geivel, friss\u00edt\u0151 \u00edz\u00e9vel \u00e9s v\u00e9d\u0151 tulajdons\u00e1gaival kett\u0151s feladatot l\u00e1t el &#8211; tiszt\u00e1n tartja a sz\u00e1j\u00e1t \u00e9s ragyog\u00f3 mosoly\u00e1t. <\/p>\n<p>Mi\u00e9rt ne pr\u00f3b\u00e1ln\u00e1d ki? Fogadja el a Crest var\u00e1zs\u00e1t, \u00e9s hamarosan mindenhol magabiztos mosolyt fog villantani. Hagyja, hogy mosolya ragyogjon \u00e9s friss legyen &#8211; elv\u00e9gre ez a legjobb kieg\u00e9sz\u00edt\u0151je!  <\/p>\n<p>Mire v\u00e1rsz m\u00e9g? Ragadja meg a tubust m\u00e9g ma, \u00e9s induljon el a k\u00e1pr\u00e1zatos mosoly fel\u00e9 vezet\u0151 \u00faton! <\/p>\n","protected":false},"excerpt":{"rendered":"<p>Fedezze fel, hogy a Crest sz\u00f3dabikarb\u00f3na \u00e9s peroxid 161g, Fresh Mint feh\u00e9r\u00edt\u0151 fogkr\u00e9m hogyan v\u00e1ltoztathatja meg sz\u00e1jhigi\u00e9niai rutinj\u00e1t. Fedezze fel el\u0151nyeit, haszn\u00e1lati tippjeit, \u00e9s azt, hogy mi\u00e9rt csak egy ecsetel\u00e9snyira van a ragyog\u00f3 mosoly! <\/p>\n","protected":false},"featured_media":5049,"comment_status":"open","ping_status":"closed","template":"","meta":[],"product_cat":[208],"product_tag":[472,468,372,370,470],"class_list":{"0":"post-5047","1":"product","2":"type-product","3":"status-publish","4":"has-post-thumbnail","6":"product_cat-crest-fogkrem","7":"product_tag-crest-szodabikarbona","8":"product_tag-crest-szodabikarbona-es-peroxid-161g","9":"product_tag-feherito-fogkrem","10":"product_tag-fogkrem","11":"product_tag-friss-menta","12":"pa_brands-crest-hu","14":"first","15":"instock","16":"taxable","17":"shipping-taxable","18":"purchasable","19":"product-type-simple"},"_links":{"self":[{"href":"https:\/\/tretinoins.com\/hu\/wp-json\/wp\/v2\/product\/5047","targetHints":{"allow":["GET"]}}],"collection":[{"href":"https:\/\/tretinoins.com\/hu\/wp-json\/wp\/v2\/product"}],"about":[{"href":"https:\/\/tretinoins.com\/hu\/wp-json\/wp\/v2\/types\/product"}],"replies":[{"embeddable":true,"href":"https:\/\/tretinoins.com\/hu\/wp-json\/wp\/v2\/comments?post=5047"}],"version-history":[{"count":1,"href":"https:\/\/tretinoins.com\/hu\/wp-json\/wp\/v2\/product\/5047\/revisions"}],"predecessor-version":[{"id":10172,"href":"https:\/\/tretinoins.com\/hu\/wp-json\/wp\/v2\/product\/5047\/revisions\/10172"}],"wp:featuredmedia":[{"embeddable":true,"href":"https:\/\/tretinoins.com\/hu\/wp-json\/wp\/v2\/media\/5049"}],"wp:attachment":[{"href":"https:\/\/tretinoins.com\/hu\/wp-json\/wp\/v2\/media?parent=5047"}],"wp:term":[{"taxonomy":"product_cat","embeddable":true,"href":"https:\/\/tretinoins.com\/hu\/wp-json\/wp\/v2\/product_cat?post=5047"},{"taxonomy":"product_tag","embeddable":true,"href":"https:\/\/tretinoins.com\/hu\/wp-json\/wp\/v2\/product_tag?post=5047"}],"curies":[{"name":"wp","href":"https:\/\/api.w.org\/{rel}","templated":true}]}}