{"id":5038,"date":"2024-01-03T14:05:19","date_gmt":"2024-01-03T14:05:19","guid":{"rendered":"https:\/\/tretinoins.com\/crest-3d-white-arctic-fresh-107g-feherito-fogkrem-feherito-fogkrem\/"},"modified":"2026-02-28T16:01:49","modified_gmt":"2026-02-28T14:01:49","slug":"crest-3d-white-arctic-fresh-107g-feherito-fogkrem-feherito-fogkrem","status":"publish","type":"product","link":"https:\/\/tretinoins.com\/hu\/crest-3d-white-arctic-fresh-107g-feherito-fogkrem-feherito-fogkrem\/","title":{"rendered":"Crest 3D White Arctic Fresh 107g, Feh\u00e9r\u00edt\u0151 fogkr\u00e9m, feh\u00e9r\u00edt\u0151 fogkr\u00e9m"},"content":{"rendered":"<h1 style=\"text-align: center;\"><strong>Crest 3D White Arctic Fresh 107g, Feh\u00e9r\u00edt\u0151 fogkr\u00e9m, feh\u00e9r\u00edt\u0151 fogkr\u00e9m<\/strong><\/h1>\n<p><strong>Le\u00edr\u00e1s<\/strong><\/p>\n<p>A <strong>Crest 3D White Arctic Fresh, feh\u00e9r\u00edt\u0151 Crest fogkr\u00e9m<\/strong> haszn\u00e1lat\u00e1val m\u00e9ly v\u00e9delmet \u00e9lvezhet a sz\u00e1jhigi\u00e9niai rutin r\u00e9szek\u00e9nt, mik\u00f6zben ragyog\u00f3bb mosolyt \u00e9rhet el. Illessze be magabiztosan ezt a fogkr\u00e9met a napi rutinj\u00e1ba, \u00e9s \u00e9lvezze a tiszta, friss \u00e9rz\u00e9st, amely minden egyes mosolyg\u00e1skor \u00f6nbizalmat ad.<\/p>\n<p>&nbsp;<\/p>\n<p><strong>Tulajdons\u00e1gok:<\/strong><\/p>\n<ul>\n<li>Feh\u00e9r\u00edti a fogakat<\/li>\n<li>Tiszt\u00edtja a fogakat, m\u00e9g a nehezen hozz\u00e1f\u00e9rhet\u0151 helyeken is<\/li>\n<li>Er\u0151s, friss\u00edt\u0151 menta \u00edz &#8211; hosszan tart\u00f3 frissess\u00e9get hagy maga ut\u00e1n.<\/li>\n<li>Elt\u00e1vol\u00edtja a foltokat a fogak felsz\u00edn\u00e9r\u0151l<\/li>\n<li>F\u00e9nyt ad a fogaknak<\/li>\n<li>V\u00e9di a fogzom\u00e1ncot<\/li>\n<\/ul>\n<p>&nbsp;<\/p>\n<p><strong>Hogyan kell haszn\u00e1lni:<\/strong><\/p>\n<p>Feln\u0151ttek \u00e9s 2 \u00e9vesn\u00e9l id\u0151sebb gyermekek: minden \u00e9tkez\u00e9s ut\u00e1n vagy naponta legal\u00e1bb k\u00e9tszer alaposan mosson fogat, kiv\u00e9ve, ha orvosa m\u00e1sk\u00e9nt nem javasolja.<br \/>\nA 6 \u00e9v alatti gyermekeknek aj\u00e1nlott bors\u00f3nyi mennyis\u00e9g\u0171 paszt\u00e1t haszn\u00e1lniuk, \u00e9s feln\u0151tt fel\u00fcgyelete mellett fogmos\u00e1s \u00e9s \u00f6bl\u00edt\u00e9s k\u00f6zben.<\/p>\n<p><strong>\u00d6sszetev\u0151k:<\/strong><\/p>\n<p>Hat\u00f3anyag: n\u00e1trium-fluorid 0,243% (0,15% g\/v fluoridion).<\/p>\n<p>Inakt\u00edv \u00f6sszetev\u0151k: v\u00edz, szorbit, hidrat\u00e1lt szil\u00edcium-dioxid, din\u00e1trium-pirofoszf\u00e1t, n\u00e1trium-lauril-szulf\u00e1t, aroma, cellul\u00f3z gumi, n\u00e1trium-hidroxid, n\u00e1trium-szacharin, karbomer, csill\u00e1m, tit\u00e1n-dioxid.<\/p>\n<p><strong>Gy\u00e1rt\u00f3<\/strong>:<\/p>\n<p>Procter &amp; Gamble Global Privacu Tim, PO Box 599, Cincinnati, OH 45202, USA.<\/p>\n<p><strong>T\u00e1rol\u00e1si felt\u00e9telek:  <\/strong><\/p>\n<p>A term\u00e9ket s\u00f6t\u00e9t, sz\u00e1raz helyen, 0 \u00e9s +25\u00b0C k\u00f6z\u00f6tti szobah\u0151m\u00e9rs\u00e9kleten, k\u00f6zvetlen napf\u00e9nyt\u0151l \u00e9s f\u0171t\u0151berendez\u00e9sekt\u0151l t\u00e1vol kell t\u00e1rolni.<\/p>\n<p><strong>\u00d3vint\u00e9zked\u00e9sek:<\/strong><\/p>\n<p>Ne hagyja a term\u00e9ket 6 \u00e9v alatti gyermekek sz\u00e1m\u00e1ra el\u00e9rhet\u0151 k\u00f6zels\u00e9gben!<br \/>\nA term\u00e9ket 2 \u00e9vesn\u00e9l fiatalabb gyermekek ne haszn\u00e1lj\u00e1k, kiv\u00e9ve, ha orvos javasolja!<br \/>\nHa a norm\u00e1l fogmos\u00e1sn\u00e1l t\u00f6bb paszt\u00e1t nyel le, forduljon orvoshoz!<\/p>\n","protected":false},"excerpt":{"rendered":"<p>Crest 3D White Arctic Fresh 107g, Feh\u00e9r\u00edt\u0151 fogkr\u00e9m, feh\u00e9r\u00edt\u0151 fogkr\u00e9m Le\u00edr\u00e1s A Crest 3D White Arctic Fresh, feh\u00e9r\u00edt\u0151 Crest fogkr\u00e9m haszn\u00e1lat\u00e1val m\u00e9ly&hellip;<\/p>\n","protected":false},"featured_media":5040,"comment_status":"open","ping_status":"closed","template":"","meta":[],"product_cat":[208],"product_tag":[634,475],"class_list":{"0":"post-5038","1":"product","2":"type-product","3":"status-publish","4":"has-post-thumbnail","6":"product_cat-crest-fogkrem","7":"product_tag-crest-3d-hu","8":"product_tag-crest-3d-white-hu","10":"first","11":"instock","12":"featured","13":"taxable","14":"shipping-taxable","15":"purchasable","16":"product-type-simple"},"_links":{"self":[{"href":"https:\/\/tretinoins.com\/hu\/wp-json\/wp\/v2\/product\/5038","targetHints":{"allow":["GET"]}}],"collection":[{"href":"https:\/\/tretinoins.com\/hu\/wp-json\/wp\/v2\/product"}],"about":[{"href":"https:\/\/tretinoins.com\/hu\/wp-json\/wp\/v2\/types\/product"}],"replies":[{"embeddable":true,"href":"https:\/\/tretinoins.com\/hu\/wp-json\/wp\/v2\/comments?post=5038"}],"version-history":[{"count":0,"href":"https:\/\/tretinoins.com\/hu\/wp-json\/wp\/v2\/product\/5038\/revisions"}],"wp:featuredmedia":[{"embeddable":true,"href":"https:\/\/tretinoins.com\/hu\/wp-json\/wp\/v2\/media\/5040"}],"wp:attachment":[{"href":"https:\/\/tretinoins.com\/hu\/wp-json\/wp\/v2\/media?parent=5038"}],"wp:term":[{"taxonomy":"product_cat","embeddable":true,"href":"https:\/\/tretinoins.com\/hu\/wp-json\/wp\/v2\/product_cat?post=5038"},{"taxonomy":"product_tag","embeddable":true,"href":"https:\/\/tretinoins.com\/hu\/wp-json\/wp\/v2\/product_tag?post=5038"}],"curies":[{"name":"wp","href":"https:\/\/api.w.org\/{rel}","templated":true}]}}