{"id":5153,"date":"2020-10-18T13:07:59","date_gmt":"2020-10-18T11:07:59","guid":{"rendered":"https:\/\/tretinoins.com\/kapcsolat\/"},"modified":"2024-07-11T18:31:17","modified_gmt":"2024-07-11T16:31:17","slug":"kapcsolat","status":"publish","type":"page","link":"https:\/\/tretinoins.com\/hu\/kapcsolat\/","title":{"rendered":"Kapcsolat"},"content":{"rendered":"\t\t<div data-elementor-type=\"wp-page\" data-elementor-id=\"5153\" class=\"elementor elementor-5153 elementor-9\">\n\t\t\t\t\t\t<section class=\"elementor-section elementor-top-section elementor-element elementor-element-f995139 elementor-section-full_width elementor-section-height-default elementor-section-height-default\" data-id=\"f995139\" data-element_type=\"section\">\n\t\t\t\t\t\t<div class=\"elementor-container elementor-column-gap-no\">\n\t\t\t\t\t<div class=\"elementor-column elementor-col-100 elementor-top-column elementor-element elementor-element-39a8339\" data-id=\"39a8339\" data-element_type=\"column\">\n\t\t\t<div class=\"elementor-widget-wrap elementor-element-populated\">\n\t\t\t\t\t\t<div class=\"elementor-element elementor-element-8b2fbe9 elementor-widget elementor-widget-ideapark-page-header\" data-id=\"8b2fbe9\" data-element_type=\"widget\" data-widget_type=\"ideapark-page-header.default\">\n\t\t\t\t<div class=\"elementor-widget-container\">\n\t\t\t\t\t\t<header\n\t\tclass=\"l-section c-page-header c-page-header--header-type-1 c-page-header--default\n c-page-header--low\"\n\t\t>\n\n\t\t\t\t\t<div class=\"c-page-header__wrap\">\n\t\t\t\t\t\t\t\t\t<h1 class=\"c-page-header__title\">Kapcsolat<\/h1>\n\t\t\t\t\t\t\t<\/div>\n\t\t\t\t<nav aria-label=\"breadcrumbs\" class=\"rank-math-breadcrumb c-breadcrumbs\"><div class=\"c-breadcrumbs__list\"><span class=\"last\">Home<\/span><\/div><\/nav>\t<\/header>\n\t\t\t\t<\/div>\n\t\t\t\t<\/div>\n\t\t\t\t\t<\/div>\n\t\t<\/div>\n\t\t\t\t\t<\/div>\n\t\t<\/section>\n\t\t\t\t<section class=\"elementor-section elementor-top-section elementor-element elementor-element-72a0178 elementor-section-boxed elementor-section-height-default elementor-section-height-default\" data-id=\"72a0178\" data-element_type=\"section\">\n\t\t\t\t\t\t<div class=\"elementor-container elementor-column-gap-no\">\n\t\t\t\t\t<div class=\"elementor-column elementor-col-100 elementor-top-column elementor-element elementor-element-73dc191\" data-id=\"73dc191\" data-element_type=\"column\">\n\t\t\t<div class=\"elementor-widget-wrap elementor-element-populated\">\n\t\t\t\t\t\t<div class=\"elementor-element elementor-element-d4b88fa elementor-widget elementor-widget-ideapark-tabs\" data-id=\"d4b88fa\" data-element_type=\"widget\" data-widget_type=\"ideapark-tabs.default\">\n\t\t\t\t<div class=\"elementor-widget-container\">\n\t\t\t\t\t\t\t<div class=\"c-ip-tabs js-ip-tabs\">\n\t\t\t\t\t\t<div class=\"c-ip-tabs__list\">\n\t\t\t\t\t\t\t\t\t<div class=\"c-ip-tabs__item visible active\"\n\t\t\t\t\t\t id=\"tab-d4b88fa-1\">\n\t\t\t\t\t\t\t\t\t\t\t\t<div class=\"c-ip-tabs__content\">\t\t<div data-elementor-type=\"wp-post\" data-elementor-id=\"5027\" class=\"elementor elementor-5027 elementor-360 elementor-360\">\n\t\t\t\t\t\t<section class=\"elementor-section elementor-top-section elementor-element elementor-element-31731fa elementor-section-boxed elementor-section-height-default elementor-section-height-default\" data-id=\"31731fa\" data-element_type=\"section\">\n\t\t\t\t\t\t<div class=\"elementor-container elementor-column-gap-no\">\n\t\t\t\t\t<div class=\"elementor-column elementor-col-50 elementor-top-column elementor-element elementor-element-79e7aa8\" data-id=\"79e7aa8\" data-element_type=\"column\" data-settings=\"{&quot;background_background&quot;:&quot;classic&quot;}\">\n\t\t\t<div class=\"elementor-widget-wrap elementor-element-populated\">\n\t\t\t\t\t\t<div class=\"elementor-element elementor-element-1b3ba0a elementor-widget elementor-widget-ideapark-heading\" data-id=\"1b3ba0a\" data-element_type=\"widget\" data-widget_type=\"ideapark-heading.default\">\n\t\t\t\t<div class=\"elementor-widget-container\">\n\t\t\t\t\t<div class=\"c-ip-heading c-ip-heading--medium c-ip-heading--left c-ip-heading--bullet-hide\"><span class=\"c-ip-heading__inner\">Bucharest<\/span><\/div>\t\t\t\t<\/div>\n\t\t\t\t<\/div>\n\t\t\t\t<section class=\"elementor-section elementor-inner-section elementor-element elementor-element-2252f12 elementor-section-boxed elementor-section-height-default elementor-section-height-default\" data-id=\"2252f12\" data-element_type=\"section\">\n\t\t\t\t\t\t<div class=\"elementor-container elementor-column-gap-no\">\n\t\t\t\t\t<div class=\"elementor-column elementor-col-50 elementor-inner-column elementor-element elementor-element-a5aad85\" data-id=\"a5aad85\" data-element_type=\"column\">\n\t\t\t<div class=\"elementor-widget-wrap elementor-element-populated\">\n\t\t\t\t\t\t<div class=\"elementor-element elementor-element-3cdd25e elementor-widget elementor-widget-ideapark-heading\" data-id=\"3cdd25e\" data-element_type=\"widget\" data-widget_type=\"ideapark-heading.default\">\n\t\t\t\t<div class=\"elementor-widget-container\">\n\t\t\t\t\t<div class=\"c-ip-heading c-ip-heading--default c-ip-heading--left c-ip-heading--bullet-hide\"><span class=\"c-ip-heading__inner\">Phone<\/span><\/div>\t\t\t\t<\/div>\n\t\t\t\t<\/div>\n\t\t\t\t<div class=\"elementor-element elementor-element-1a772f4 elementor-widget elementor-widget-ideapark-heading\" data-id=\"1a772f4\" data-element_type=\"widget\" data-widget_type=\"ideapark-heading.default\">\n\t\t\t\t<div class=\"elementor-widget-container\">\n\t\t\t\t\t<div class=\"c-ip-heading c-ip-heading--default c-ip-heading--left c-ip-heading--bullet-hide\"><span class=\"c-ip-heading__inner\">+40 750418333<\/span><\/div>\t\t\t\t<\/div>\n\t\t\t\t<\/div>\n\t\t\t\t<div class=\"elementor-element elementor-element-58103a7 elementor-widget elementor-widget-ideapark-heading\" data-id=\"58103a7\" data-element_type=\"widget\" data-widget_type=\"ideapark-heading.default\">\n\t\t\t\t<div class=\"elementor-widget-container\">\n\t\t\t\t\t<div class=\"c-ip-heading c-ip-heading--default c-ip-heading--left c-ip-heading--bullet-hide\"><span class=\"c-ip-heading__inner\">Working hours<\/span><\/div>\t\t\t\t<\/div>\n\t\t\t\t<\/div>\n\t\t\t\t<div class=\"elementor-element elementor-element-218c959 elementor-widget elementor-widget-ideapark-heading\" data-id=\"218c959\" data-element_type=\"widget\" data-widget_type=\"ideapark-heading.default\">\n\t\t\t\t<div class=\"elementor-widget-container\">\n\t\t\t\t\t<div class=\"c-ip-heading c-ip-heading--default c-ip-heading--left c-ip-heading--bullet-hide\"><span class=\"c-ip-heading__inner\">Mon-Sat: 08:00 - 20:00<br \/>\nWe answer all questions within 24 hours.<\/span><\/div>\t\t\t\t<\/div>\n\t\t\t\t<\/div>\n\t\t\t\t\t<\/div>\n\t\t<\/div>\n\t\t\t\t<div class=\"elementor-column elementor-col-50 elementor-inner-column elementor-element elementor-element-69e23fd\" data-id=\"69e23fd\" data-element_type=\"column\">\n\t\t\t<div class=\"elementor-widget-wrap elementor-element-populated\">\n\t\t\t\t\t\t<div class=\"elementor-element elementor-element-c4777b0 elementor-widget elementor-widget-ideapark-heading\" data-id=\"c4777b0\" data-element_type=\"widget\" data-widget_type=\"ideapark-heading.default\">\n\t\t\t\t<div class=\"elementor-widget-container\">\n\t\t\t\t\t<div class=\"c-ip-heading c-ip-heading--default c-ip-heading--left c-ip-heading--bullet-hide\"><span class=\"c-ip-heading__inner\">Address<\/span><\/div>\t\t\t\t<\/div>\n\t\t\t\t<\/div>\n\t\t\t\t<div class=\"elementor-element elementor-element-182dc73 elementor-widget elementor-widget-ideapark-heading\" data-id=\"182dc73\" data-element_type=\"widget\" data-widget_type=\"ideapark-heading.default\">\n\t\t\t\t<div class=\"elementor-widget-container\">\n\t\t\t\t\t<div class=\"c-ip-heading c-ip-heading--default c-ip-heading--left c-ip-heading--bullet-hide\"><span class=\"c-ip-heading__inner\">Aleea Cetatuia 4, bl. M22, sc. 4, ap. 222, Bucharest, 060834, Rom\u00e2nia<\/span><\/div>\t\t\t\t<\/div>\n\t\t\t\t<\/div>\n\t\t\t\t\t<\/div>\n\t\t<\/div>\n\t\t\t\t\t<\/div>\n\t\t<\/section>\n\t\t\t\t<section class=\"elementor-section elementor-inner-section elementor-element elementor-element-89c9294 elementor-section-boxed elementor-section-height-default elementor-section-height-default\" data-id=\"89c9294\" data-element_type=\"section\">\n\t\t\t\t\t\t<div class=\"elementor-container elementor-column-gap-no\">\n\t\t\t\t\t<div class=\"elementor-column elementor-col-50 elementor-inner-column elementor-element elementor-element-6e4913a\" data-id=\"6e4913a\" data-element_type=\"column\">\n\t\t\t<div class=\"elementor-widget-wrap elementor-element-populated\">\n\t\t\t\t\t\t<div class=\"elementor-element elementor-element-88fe3ad elementor-widget elementor-widget-ideapark-heading\" data-id=\"88fe3ad\" data-element_type=\"widget\" data-widget_type=\"ideapark-heading.default\">\n\t\t\t\t<div class=\"elementor-widget-container\">\n\t\t\t\t\t<div class=\"c-ip-heading c-ip-heading--default c-ip-heading--left c-ip-heading--bullet-hide\"><span class=\"c-ip-heading__inner\">Email<\/span><\/div>\t\t\t\t<\/div>\n\t\t\t\t<\/div>\n\t\t\t\t<div class=\"elementor-element elementor-element-12e7c1e elementor-widget elementor-widget-ideapark-heading\" data-id=\"12e7c1e\" data-element_type=\"widget\" data-widget_type=\"ideapark-heading.default\">\n\t\t\t\t<div class=\"elementor-widget-container\">\n\t\t\t\t\t<div class=\"c-ip-heading c-ip-heading--default c-ip-heading--left c-ip-heading--bullet-hide\"><span class=\"c-ip-heading__inner\"><a href=\"mailto:contact@tretinoins.com\">contact@tretinoins.com<\/a><\/span><\/div>\t\t\t\t<\/div>\n\t\t\t\t<\/div>\n\t\t\t\t\t<\/div>\n\t\t<\/div>\n\t\t\t\t<div class=\"elementor-column elementor-col-50 elementor-inner-column elementor-element elementor-element-5b7a298\" data-id=\"5b7a298\" data-element_type=\"column\">\n\t\t\t<div class=\"elementor-widget-wrap elementor-element-populated\">\n\t\t\t\t\t\t<div class=\"elementor-element elementor-element-eee9e14 elementor-widget elementor-widget-ideapark-heading\" data-id=\"eee9e14\" data-element_type=\"widget\" data-widget_type=\"ideapark-heading.default\">\n\t\t\t\t<div class=\"elementor-widget-container\">\n\t\t\t\t\t<div class=\"c-ip-heading c-ip-heading--default c-ip-heading--left c-ip-heading--bullet-hide\"><span class=\"c-ip-heading__inner\">Social Media<\/span><\/div>\t\t\t\t<\/div>\n\t\t\t\t<\/div>\n\t\t\t\t<div class=\"elementor-element elementor-element-bd7f840 elementor-widget elementor-widget-ideapark-social\" data-id=\"bd7f840\" data-element_type=\"widget\" data-widget_type=\"ideapark-social.default\">\n\t\t\t\t<div class=\"elementor-widget-container\">\n\t\t\t\t\t<div class=\"c-ip-social\">\t\t\t\t\t<a href=\"#\" class=\"c-ip-social__link\" aria-label=\"Facebook\"><i\n\t\t\t\t\t\t\tclass=\"ip-facebook c-ip-social__icon c-ip-social__icon--facebook\">\n\t\t\t\t\t\t\t<!-- --><\/i><\/a>\n\t\t\t\t\t\t\t\t\t<a href=\"#\" class=\"c-ip-social__link\" aria-label=\"Instagram\"><i\n\t\t\t\t\t\t\tclass=\"ip-instagram c-ip-social__icon c-ip-social__icon--instagram\">\n\t\t\t\t\t\t\t<!-- --><\/i><\/a>\n\t\t\t\t\t\t\t\t\t<a href=\"#\" class=\"c-ip-social__link\" aria-label=\"X (Twitter)\"><i\n\t\t\t\t\t\t\tclass=\"ip-twitter c-ip-social__icon c-ip-social__icon--twitter\">\n\t\t\t\t\t\t\t<!-- --><\/i><\/a>\n\t\t\t\t\t\t\t\t\t<a href=\"#\" class=\"c-ip-social__link\" aria-label=\"YouTube\"><i\n\t\t\t\t\t\t\tclass=\"ip-youtube c-ip-social__icon c-ip-social__icon--youtube\">\n\t\t\t\t\t\t\t<!-- --><\/i><\/a>\n\t\t\t\t<\/div>\t\t\t\t<\/div>\n\t\t\t\t<\/div>\n\t\t\t\t\t<\/div>\n\t\t<\/div>\n\t\t\t\t\t<\/div>\n\t\t<\/section>\n\t\t\t\t\t<\/div>\n\t\t<\/div>\n\t\t\t\t<div class=\"elementor-column elementor-col-50 elementor-top-column elementor-element elementor-element-57d6fa3\" data-id=\"57d6fa3\" data-element_type=\"column\">\n\t\t\t<div class=\"elementor-widget-wrap\">\n\t\t\t\t\t\t\t<\/div>\n\t\t<\/div>\n\t\t\t\t\t<\/div>\n\t\t<\/section>\n\t\t\t\t<\/div>\n\t\t<\/div>\t\t\t\t\t<\/div>\n\t\t\t\t\t\t\t<\/div>\n\t\t<\/div>\n\t\t\t\t\t\t<\/div>\n\t\t\t\t<\/div>\n\t\t\t\t\t<\/div>\n\t\t<\/div>\n\t\t\t\t\t<\/div>\n\t\t<\/section>\n\t\t\t\t<section class=\"elementor-section elementor-top-section elementor-element elementor-element-8d14aaa elementor-section-boxed elementor-section-height-default elementor-section-height-default\" data-id=\"8d14aaa\" data-element_type=\"section\">\n\t\t\t\t\t\t<div class=\"elementor-container elementor-column-gap-no\">\n\t\t\t\t\t<div class=\"elementor-column elementor-col-50 elementor-top-column elementor-element elementor-element-92aadb1 elementor-hidden-tablet elementor-hidden-phone\" data-id=\"92aadb1\" data-element_type=\"column\" data-settings=\"{&quot;background_background&quot;:&quot;classic&quot;}\">\n\t\t\t<div class=\"elementor-widget-wrap elementor-element-populated\">\n\t\t\t\t\t\t<div class=\"elementor-element elementor-element-a27bd89 elementor-widget elementor-widget-spacer\" data-id=\"a27bd89\" data-element_type=\"widget\" data-widget_type=\"spacer.default\">\n\t\t\t\t<div class=\"elementor-widget-container\">\n\t\t\t\t\t\t\t<div class=\"elementor-spacer\">\n\t\t\t<div class=\"elementor-spacer-inner\"><\/div>\n\t\t<\/div>\n\t\t\t\t\t\t<\/div>\n\t\t\t\t<\/div>\n\t\t\t\t\t<\/div>\n\t\t<\/div>\n\t\t\t\t<div class=\"elementor-column elementor-col-50 elementor-top-column elementor-element elementor-element-bff3154\" data-id=\"bff3154\" data-element_type=\"column\" data-settings=\"{&quot;background_background&quot;:&quot;classic&quot;}\">\n\t\t\t<div class=\"elementor-widget-wrap elementor-element-populated\">\n\t\t\t\t\t\t<div class=\"elementor-element elementor-element-89ddc69 elementor-widget elementor-widget-ideapark-heading\" data-id=\"89ddc69\" data-element_type=\"widget\" data-widget_type=\"ideapark-heading.default\">\n\t\t\t\t<div class=\"elementor-widget-container\">\n\t\t\t\t\t<div class=\"c-ip-heading c-ip-heading--medium c-ip-heading--left c-ip-heading--bullet-hide\"><span class=\"c-ip-heading__inner\">K\u00fcldje el k\u00e9rd\u00e9s\u00e9t<\/span><\/div>\t\t\t\t<\/div>\n\t\t\t\t<\/div>\n\t\t\t\t<div class=\"elementor-element elementor-element-8f467ac elementor-widget elementor-widget-shortcode\" data-id=\"8f467ac\" data-element_type=\"widget\" data-widget_type=\"shortcode.default\">\n\t\t\t\t<div class=\"elementor-widget-container\">\n\t\t\t\t\t\t\t<div class=\"elementor-shortcode\">\n<div class=\"wpcf7 no-js\" id=\"wpcf7-f5030-o1\" lang=\"hu-HU\" dir=\"ltr\" data-wpcf7-id=\"5030\">\n<div class=\"screen-reader-response\"><p role=\"status\" aria-live=\"polite\" aria-atomic=\"true\"><\/p> <ul><\/ul><\/div>\n<form action=\"\/hu\/wp-json\/wp\/v2\/pages\/5153#wpcf7-f5030-o1\" method=\"post\" class=\"wpcf7-form init\" aria-label=\"Kapcsolatfelv\u00e9teli \u0171rlap\" novalidate=\"novalidate\" data-status=\"init\">\n<fieldset class=\"hidden-fields-container\"><input type=\"hidden\" name=\"_wpcf7\" value=\"5030\" \/><input type=\"hidden\" name=\"_wpcf7_version\" value=\"6.1.5\" \/><input type=\"hidden\" name=\"_wpcf7_locale\" value=\"hu_HU\" \/><input type=\"hidden\" name=\"_wpcf7_unit_tag\" value=\"wpcf7-f5030-o1\" \/><input type=\"hidden\" name=\"_wpcf7_container_post\" value=\"0\" \/><input type=\"hidden\" name=\"_wpcf7_posted_data_hash\" value=\"\" \/>\n<\/fieldset>\n<span class=\"wpcf7-form-control-wrap\" data-name=\"your-name\"><input size=\"40\" maxlength=\"400\" class=\"wpcf7-form-control wpcf7-text wpcf7-validates-as-required\" aria-required=\"true\" aria-invalid=\"false\" placeholder=\"Az \u00d6n neve\" value=\"\" type=\"text\" name=\"your-name\" \/><\/span>\n<span class=\"wpcf7-form-control-wrap\" data-name=\"your-email\"><input size=\"40\" maxlength=\"400\" class=\"wpcf7-form-control wpcf7-email wpcf7-validates-as-required wpcf7-text wpcf7-validates-as-email\" aria-required=\"true\" aria-invalid=\"false\" placeholder=\"Az \u00d6n e-mail c\u00edme\" value=\"\" type=\"email\" name=\"your-email\" \/><\/span>\n<span class=\"wpcf7-form-control-wrap\" data-name=\"your-message\"><textarea cols=\"40\" rows=\"4\" maxlength=\"2000\" class=\"wpcf7-form-control wpcf7-textarea\" aria-invalid=\"false\" placeholder=\"Az \u00d6n \u00fczenete\" name=\"your-message\"><\/textarea><\/span>\n<input class=\"wpcf7-form-control wpcf7-submit has-spinner c-button--full\" type=\"submit\" value=\"K\u00fcldje el a\" \/><div class=\"wpcf7-response-output\" aria-hidden=\"true\"><\/div>\n<\/form>\n<\/div>\n<\/div>\n\t\t\t\t\t\t<\/div>\n\t\t\t\t<\/div>\n\t\t\t\t\t<\/div>\n\t\t<\/div>\n\t\t\t\t\t<\/div>\n\t\t<\/section>\n\t\t\t\t<\/div>\n\t\t","protected":false},"excerpt":{"rendered":"<p>Kapcsolat Home Bucharest Phone +40 750418333 Working hours Mon-Sat: 08:00 &#8211; 20:00 We answer all questions within 24 hours. Address Aleea Cetatuia&hellip;<\/p>\n","protected":false},"author":1,"featured_media":0,"parent":0,"menu_order":0,"comment_status":"closed","ping_status":"closed","template":"elementor_header_footer","meta":{"footnotes":""},"class_list":["post-5153","page","type-page","status-publish","hentry"],"_links":{"self":[{"href":"https:\/\/tretinoins.com\/hu\/wp-json\/wp\/v2\/pages\/5153","targetHints":{"allow":["GET"]}}],"collection":[{"href":"https:\/\/tretinoins.com\/hu\/wp-json\/wp\/v2\/pages"}],"about":[{"href":"https:\/\/tretinoins.com\/hu\/wp-json\/wp\/v2\/types\/page"}],"author":[{"embeddable":true,"href":"https:\/\/tretinoins.com\/hu\/wp-json\/wp\/v2\/users\/1"}],"replies":[{"embeddable":true,"href":"https:\/\/tretinoins.com\/hu\/wp-json\/wp\/v2\/comments?post=5153"}],"version-history":[{"count":4,"href":"https:\/\/tretinoins.com\/hu\/wp-json\/wp\/v2\/pages\/5153\/revisions"}],"predecessor-version":[{"id":5374,"href":"https:\/\/tretinoins.com\/hu\/wp-json\/wp\/v2\/pages\/5153\/revisions\/5374"}],"wp:attachment":[{"href":"https:\/\/tretinoins.com\/hu\/wp-json\/wp\/v2\/media?parent=5153"}],"curies":[{"name":"wp","href":"https:\/\/api.w.org\/{rel}","templated":true}]}}