{"id":5112,"date":"2020-10-18T13:07:58","date_gmt":"2020-10-18T11:07:58","guid":{"rendered":"https:\/\/tretinoins.com\/rolunk\/"},"modified":"2024-07-11T18:15:16","modified_gmt":"2024-07-11T16:15:16","slug":"rolunk","status":"publish","type":"page","link":"https:\/\/tretinoins.com\/hu\/rolunk\/","title":{"rendered":"R\u00f3lunk"},"content":{"rendered":"\t\t<div data-elementor-type=\"wp-page\" data-elementor-id=\"5112\" class=\"elementor elementor-5112 elementor-3032\">\n\t\t\t\t\t\t<section class=\"elementor-section elementor-top-section elementor-element elementor-element-ae248c4 elementor-section-full_width elementor-section-height-default elementor-section-height-default\" data-id=\"ae248c4\" data-element_type=\"section\">\n\t\t\t\t\t\t<div class=\"elementor-container elementor-column-gap-no\">\n\t\t\t\t\t<div class=\"elementor-column elementor-col-100 elementor-top-column elementor-element elementor-element-6b92c4e\" data-id=\"6b92c4e\" data-element_type=\"column\">\n\t\t\t<div class=\"elementor-widget-wrap elementor-element-populated\">\n\t\t\t\t\t\t<div class=\"elementor-element elementor-element-b369bce elementor-widget elementor-widget-ideapark-page-header\" data-id=\"b369bce\" data-element_type=\"widget\" data-widget_type=\"ideapark-page-header.default\">\n\t\t\t\t<div class=\"elementor-widget-container\">\n\t\t\t\t\t\t<header\n\t\tclass=\"l-section c-page-header c-page-header--header-type-1 c-page-header--default\n c-page-header--low\"\n\t\t>\n\n\t\t\t\t\t<div class=\"c-page-header__wrap\">\n\t\t\t\t\t\t\t\t\t<h1 class=\"c-page-header__title\">R\u00f3lunk<\/h1>\n\t\t\t\t\t\t\t<\/div>\n\t\t\t\t<nav aria-label=\"breadcrumbs\" class=\"rank-math-breadcrumb c-breadcrumbs\"><div class=\"c-breadcrumbs__list\"><span class=\"last\">Home<\/span><\/div><\/nav>\t<\/header>\n\t\t\t\t<\/div>\n\t\t\t\t<\/div>\n\t\t\t\t\t<\/div>\n\t\t<\/div>\n\t\t\t\t\t<\/div>\n\t\t<\/section>\n\t\t\t\t<section class=\"elementor-section elementor-top-section elementor-element elementor-element-f7b080a elementor-section-full_width elementor-section-height-default elementor-section-height-default\" data-id=\"f7b080a\" data-element_type=\"section\">\n\t\t\t\t\t\t<div class=\"elementor-container elementor-column-gap-no\">\n\t\t\t\t\t<div class=\"elementor-column elementor-col-100 elementor-top-column elementor-element elementor-element-484697d\" data-id=\"484697d\" data-element_type=\"column\">\n\t\t\t<div class=\"elementor-widget-wrap elementor-element-populated\">\n\t\t\t\t\t\t<section class=\"elementor-section elementor-inner-section elementor-element elementor-element-2943bc4 elementor-section-boxed elementor-section-height-default elementor-section-height-default\" data-id=\"2943bc4\" data-element_type=\"section\">\n\t\t\t\t\t\t<div class=\"elementor-container elementor-column-gap-no\">\n\t\t\t\t\t<div class=\"elementor-column elementor-col-50 elementor-inner-column elementor-element elementor-element-9fbe0ef\" data-id=\"9fbe0ef\" data-element_type=\"column\">\n\t\t\t<div class=\"elementor-widget-wrap elementor-element-populated\">\n\t\t\t\t\t\t<div class=\"elementor-element elementor-element-bc4e9cd elementor-widget elementor-widget-ideapark-heading\" data-id=\"bc4e9cd\" data-element_type=\"widget\" data-widget_type=\"ideapark-heading.default\">\n\t\t\t\t<div class=\"elementor-widget-container\">\n\t\t\t\t\t<div class=\"c-ip-heading c-ip-heading--default c-ip-heading--left c-ip-heading--bullet-hide\"><span class=\"c-ip-heading__inner\">\u00dcdv\u00f6z\u00f6lj\u00fck a Tretinoins.com oldalon, ahol a sz\u00e9ps\u00e9g \u00e9s a wellness tal\u00e1lkozik! A Tretinonis.com-on arra t\u00f6reksz\u00fcnk, hogy a legkiv\u00e1l\u00f3bb haj\u00e1pol\u00f3, arc\u00e1pol\u00f3 \u00e9s sz\u00e1j\u00e1pol\u00f3 term\u00e9keket biztos\u00edtsunk \u00d6nnek, amelyek egyar\u00e1nt kiel\u00e9g\u00edtik sz\u00e9ps\u00e9gsz\u00fcks\u00e9gleteit \u00e9s \u00e1ltal\u00e1nos j\u00f3l\u00e9t\u00e9t. Szenved\u00e9ly\u00fcnk abban rejlik, hogy seg\u00edts\u00fcnk \u00d6nnek ragyog\u00f3 hajat \u00e9s k\u00e1pr\u00e1zatos mosolyt el\u00e9rni, \u00e9s hisz\u00fcnk abban, hogy az \u00f6ngondoskod\u00e1s a kulcsa val\u00f3di sz\u00e9ps\u00e9gpotenci\u00e1lj\u00e1nak felszabad\u00edt\u00e1s\u00e1hoz.<\/span><\/div>\t\t\t\t<\/div>\n\t\t\t\t<\/div>\n\t\t\t\t\t<\/div>\n\t\t<\/div>\n\t\t\t\t<div class=\"elementor-column elementor-col-50 elementor-inner-column elementor-element elementor-element-4f469bf\" data-id=\"4f469bf\" data-element_type=\"column\">\n\t\t\t<div class=\"elementor-widget-wrap elementor-element-populated\">\n\t\t\t\t\t\t<div class=\"elementor-element elementor-element-8c1e177 elementor-widget elementor-widget-ideapark-heading\" data-id=\"8c1e177\" data-element_type=\"widget\" data-widget_type=\"ideapark-heading.default\">\n\t\t\t\t<div class=\"elementor-widget-container\">\n\t\t\t\t\t<div class=\"c-ip-heading c-ip-heading--default c-ip-heading--left c-ip-heading--bullet-hide\"><span class=\"c-ip-heading__inner\">Fedezze fel a www.Tretinoins.com min\u0151s\u00e9g ir\u00e1nti elk\u00f6telezetts\u00e9g\u00e9t haj- \u00e9s sz\u00e1j\u00e1pol\u00e1si term\u00e9keinkkel. A t\u00e1pl\u00e1l\u00f3 samponokt\u00f3l a friss\u00edt\u0151 fogkr\u00e9mekig testre szabott megold\u00e1sokat k\u00edn\u00e1lunk k\u00fcl\u00f6nf\u00e9le ig\u00e9nyekre. Legyen sz\u00f3 volumenr\u0151l, f\u00fcrt\u00f6kr\u0151l vagy s\u00e9r\u00fclt tincsekr\u0151l, tal\u00e1lja meg a t\u00f6k\u00e9letes haj\u00e1pol\u00f3t, \u00e9s k\u00f6nnyed\u00e9n helyezze el\u0151t\u00e9rbe sz\u00e1j\u00e1t. Csatlakozzon hozz\u00e1nk az \u00f6ngondoskod\u00e1s \u00fatj\u00e1n, hogy minden nap magabiztoss\u00e1, ragyog\u00f3v\u00e1 v\u00e1ljon.<\/span><\/div>\t\t\t\t<\/div>\n\t\t\t\t<\/div>\n\t\t\t\t\t<\/div>\n\t\t<\/div>\n\t\t\t\t\t<\/div>\n\t\t<\/section>\n\t\t\t\t\t<\/div>\n\t\t<\/div>\n\t\t\t\t\t<\/div>\n\t\t<\/section>\n\t\t\t\t<section class=\"elementor-section elementor-top-section elementor-element elementor-element-542f32c elementor-section-full_width elementor-section-height-default elementor-section-height-default\" data-id=\"542f32c\" data-element_type=\"section\" data-settings=\"{&quot;background_background&quot;:&quot;classic&quot;}\">\n\t\t\t\t\t\t<div class=\"elementor-container elementor-column-gap-no\">\n\t\t\t\t\t<div class=\"elementor-column elementor-col-100 elementor-top-column elementor-element elementor-element-de2cdd8\" data-id=\"de2cdd8\" data-element_type=\"column\">\n\t\t\t<div class=\"elementor-widget-wrap elementor-element-populated\">\n\t\t\t\t\t\t<div class=\"elementor-element elementor-element-5254ab8 elementor-absolute elementor-widget__width-auto elementor-widget elementor-widget-image\" data-id=\"5254ab8\" data-element_type=\"widget\" data-settings=\"{&quot;_position&quot;:&quot;absolute&quot;}\" data-widget_type=\"image.default\">\n\t\t\t\t<div class=\"elementor-widget-container\">\n\t\t\t\t\t\t\t\t\t\t\t\t\t\t\t<img fetchpriority=\"high\" decoding=\"async\" width=\"341\" height=\"246\" src=\"https:\/\/tretinoins.com\/wp-content\/uploads\/2020\/10\/luchiana-2242231634.png\" class=\"attachment-full size-full wp-image-240\" alt=\"\" srcset=\"https:\/\/tretinoins.com\/wp-content\/uploads\/2020\/10\/luchiana-2242231634.png 341w, https:\/\/tretinoins.com\/wp-content\/uploads\/2020\/10\/luchiana-2242231634-201x145.png 201w\" sizes=\"(max-width: 341px) 100vw, 341px\" \/>\t\t\t\t\t\t\t\t\t\t\t\t\t\t\t<\/div>\n\t\t\t\t<\/div>\n\t\t\t\t<div class=\"elementor-element elementor-element-5a826ba elementor-widget elementor-widget-ideapark-icon-list-1\" data-id=\"5a826ba\" data-element_type=\"widget\" data-widget_type=\"ideapark-icon-list-1.default\">\n\t\t\t\t<div class=\"elementor-widget-container\">\n\t\t\t\t\t\t\t<div class=\"c-ip-icon-list-1\">\n\t\t\t<ul class=\"c-ip-icon-list-1__list\">\n\t\t\t\t\t\t\t\t\t\t\t\t\t\t<li class=\"c-ip-icon-list-1__item\">\n\t\t\t\t\t\t\t\t\t\t\t\t\t<svg aria-hidden=\"true\" class=\"c-ip-icon-list-1__icon e-font-icon-svg e-fas-shipping-fast\" viewBox=\"0 0 640 512\" xmlns=\"http:\/\/www.w3.org\/2000\/svg\"><path d=\"M624 352h-16V243.9c0-12.7-5.1-24.9-14.1-33.9L494 110.1c-9-9-21.2-14.1-33.9-14.1H416V48c0-26.5-21.5-48-48-48H112C85.5 0 64 21.5 64 48v48H8c-4.4 0-8 3.6-8 8v16c0 4.4 3.6 8 8 8h272c4.4 0 8 3.6 8 8v16c0 4.4-3.6 8-8 8H40c-4.4 0-8 3.6-8 8v16c0 4.4 3.6 8 8 8h208c4.4 0 8 3.6 8 8v16c0 4.4-3.6 8-8 8H8c-4.4 0-8 3.6-8 8v16c0 4.4 3.6 8 8 8h208c4.4 0 8 3.6 8 8v16c0 4.4-3.6 8-8 8H64v128c0 53 43 96 96 96s96-43 96-96h128c0 53 43 96 96 96s96-43 96-96h48c8.8 0 16-7.2 16-16v-32c0-8.8-7.2-16-16-16zM160 464c-26.5 0-48-21.5-48-48s21.5-48 48-48 48 21.5 48 48-21.5 48-48 48zm320 0c-26.5 0-48-21.5-48-48s21.5-48 48-48 48 21.5 48 48-21.5 48-48 48zm80-208H416V144h44.1l99.9 99.9V256z\"><\/path><\/svg>\t\t\t\t\t\t\t\t\t\t\t\t\t\t\t\t\t\t\t<div class=\"c-ip-icon-list-1__title\"> Ingyenes sz\u00e1ll\u00edt\u00e1s<\/div>\n\t\t\t\t\t\t\t<i class=\"ip-romb c-ip-icon-list-1__romb\"><\/i>\n\t\t\t\t\t\t\t\t\t\t\t\t\t\t\t\t\t\t\t<div class=\"c-ip-icon-list-1__description\">Free Shipping for all orders over 29500 HUF<\/div>\n\t\t\t\t\t\t\n\t\t\t\t\t\t\t\t\t\t\t\t\t\t\t\t\t<\/li>\n\t\t\t\t\t\t\t\t\t\t\t\t\t\t<li class=\"c-ip-icon-list-1__item\">\n\t\t\t\t\t\t\t\t\t\t\t\t\t<i aria-hidden=\"true\" class=\"c-ip-icon-list-1__icon fibd21- fi-bd21-crown\"><\/i>\t\t\t\t\t\t\t\t\t\t\t\t\t\t\t\t\t\t\t<div class=\"c-ip-icon-list-1__title\">Min\u0151s\u00e9gi szolg\u00e1ltat\u00e1sok<\/div>\n\t\t\t\t\t\t\t<i class=\"ip-romb c-ip-icon-list-1__romb\"><\/i>\n\t\t\t\t\t\t\t\t\t\t\t\t\t\t\t\t\t\t\t<div class=\"c-ip-icon-list-1__description\">\nArra t\u00f6reksz\u00fcnk, hogy \u00fcgyfeleinknek a legjobb szolg\u00e1ltat\u00e1sokat k\u00edn\u00e1ljuk a Tretinoins.com oldalon.<\/div>\n\t\t\t\t\t\t\n\t\t\t\t\t\t\t\t\t\t\t\t\t\t\t\t\t<\/li>\n\t\t\t\t\t\t\t\t\t\t\t\t\t\t<li class=\"c-ip-icon-list-1__item\">\n\t\t\t\t\t\t\t\t\t\t\t\t\t<svg aria-hidden=\"true\" class=\"c-ip-icon-list-1__icon e-font-icon-svg e-far-comment-dots\" viewBox=\"0 0 512 512\" xmlns=\"http:\/\/www.w3.org\/2000\/svg\"><path d=\"M144 208c-17.7 0-32 14.3-32 32s14.3 32 32 32 32-14.3 32-32-14.3-32-32-32zm112 0c-17.7 0-32 14.3-32 32s14.3 32 32 32 32-14.3 32-32-14.3-32-32-32zm112 0c-17.7 0-32 14.3-32 32s14.3 32 32 32 32-14.3 32-32-14.3-32-32-32zM256 32C114.6 32 0 125.1 0 240c0 47.6 19.9 91.2 52.9 126.3C38 405.7 7 439.1 6.5 439.5c-6.6 7-8.4 17.2-4.6 26S14.4 480 24 480c61.5 0 110-25.7 139.1-46.3C192 442.8 223.2 448 256 448c141.4 0 256-93.1 256-208S397.4 32 256 32zm0 368c-26.7 0-53.1-4.1-78.4-12.1l-22.7-7.2-19.5 13.8c-14.3 10.1-33.9 21.4-57.5 29 7.3-12.1 14.4-25.7 19.9-40.2l10.6-28.1-20.6-21.8C69.7 314.1 48 282.2 48 240c0-88.2 93.3-160 208-160s208 71.8 208 160-93.3 160-208 160z\"><\/path><\/svg>\t\t\t\t\t\t\t\t\t\t\t\t\t\t\t\t\t\t\t<div class=\"c-ip-icon-list-1__title\">Gyors t\u00e1mogat\u00e1s<\/div>\n\t\t\t\t\t\t\t<i class=\"ip-romb c-ip-icon-list-1__romb\"><\/i>\n\t\t\t\t\t\t\t\t\t\t\t\t\t\t\t\t\t\t\t<div class=\"c-ip-icon-list-1__description\">Minden e-mailre \u00e9s k\u00e9rd\u00e9sre 24 \u00f3r\u00e1n bel\u00fcl v\u00e1laszolunk.<\/div>\n\t\t\t\t\t\t\n\t\t\t\t\t\t\t\t\t\t\t\t\t\t\t\t\t<\/li>\n\t\t\t\t\t\t\t<\/ul>\n\t\t<\/div>\n\t\t\t\t\t\t<\/div>\n\t\t\t\t<\/div>\n\t\t\t\t<div class=\"elementor-element elementor-element-f2808b7 elementor-widget__width-initial elementor-absolute elementor-widget elementor-widget-image\" data-id=\"f2808b7\" data-element_type=\"widget\" data-settings=\"{&quot;_position&quot;:&quot;absolute&quot;}\" data-widget_type=\"image.default\">\n\t\t\t\t<div class=\"elementor-widget-container\">\n\t\t\t\t\t\t\t\t\t\t\t\t\t\t\t<img decoding=\"async\" width=\"162\" height=\"147\" src=\"https:\/\/tretinoins.com\/wp-content\/uploads\/2020\/10\/luchiana-2359558945.png\" class=\"attachment-full size-full wp-image-334\" alt=\"\" srcset=\"https:\/\/tretinoins.com\/wp-content\/uploads\/2020\/10\/luchiana-2359558945.png 162w, https:\/\/tretinoins.com\/wp-content\/uploads\/2020\/10\/luchiana-2359558945-160x145.png 160w\" sizes=\"(max-width: 162px) 100vw, 162px\" \/>\t\t\t\t\t\t\t\t\t\t\t\t\t\t\t<\/div>\n\t\t\t\t<\/div>\n\t\t\t\t\t<\/div>\n\t\t<\/div>\n\t\t\t\t\t<\/div>\n\t\t<\/section>\n\t\t\t\t<section class=\"elementor-section elementor-top-section elementor-element elementor-element-b3539fd elementor-section-full_width elementor-section-height-default elementor-section-height-default\" data-id=\"b3539fd\" data-element_type=\"section\">\n\t\t\t\t\t\t<div class=\"elementor-container elementor-column-gap-no\">\n\t\t\t\t\t<div class=\"elementor-column elementor-col-100 elementor-top-column elementor-element elementor-element-bdd41c1\" data-id=\"bdd41c1\" data-element_type=\"column\">\n\t\t\t<div class=\"elementor-widget-wrap elementor-element-populated\">\n\t\t\t\t\t\t<div class=\"elementor-element elementor-element-631c2cd elementor-widget elementor-widget-ideapark-heading\" data-id=\"631c2cd\" data-element_type=\"widget\" data-widget_type=\"ideapark-heading.default\">\n\t\t\t\t<div class=\"elementor-widget-container\">\n\t\t\t\t\t<div class=\"c-ip-heading c-ip-heading--small c-ip-heading--center c-ip-heading--bullet-after\"><span class=\"c-ip-heading__inner\">A mi leg\u00fajabb<\/span><\/div>\t\t\t\t<\/div>\n\t\t\t\t<\/div>\n\t\t\t\t<div class=\"elementor-element elementor-element-09e011a elementor-widget elementor-widget-ideapark-heading\" data-id=\"09e011a\" data-element_type=\"widget\" data-widget_type=\"ideapark-heading.default\">\n\t\t\t\t<div class=\"elementor-widget-container\">\n\t\t\t\t\t<div class=\"c-ip-heading c-ip-heading--medium c-ip-heading--center c-ip-heading--bullet-hide\"><span class=\"c-ip-heading__inner\">cikkeket<\/span><\/div>\t\t\t\t<\/div>\n\t\t\t\t<\/div>\n\t\t\t\t<div class=\"elementor-element elementor-element-631bae1 elementor-widget elementor-widget-ideapark-news-carousel\" data-id=\"631bae1\" data-element_type=\"widget\" data-widget_type=\"ideapark-news-carousel.default\">\n\t\t\t\t<div class=\"elementor-widget-container\">\n\t\t\t\t\t\t\t<div class=\"c-ip-news-carousel\">\n\t\t\t<div class=\"c-ip-news-carousel__wrap\">\n\t\t\t\t<div\n\t\t\t\t\tclass=\"c-ip-news-carousel__list c-ip-news-carousel__list--3 js-news-carousel h-carousel h-carousel--default-dots h-carousel--flex h-carousel--outside h-carousel--round-light c-ip-news-carousel__list--dots\">\n\t\t\t\t\t\t\t\t\t\t\t\t\t\t\t\t\t<article\r\n\tid=\"post-7484\" class=\"c-post-list c-post-list--standard c-post-list--grid c-post-list--no-sidebar c-post-list--with-thumb c-post-list--post js-post-item post-7484 post type-post status-publish format-standard has-post-thumbnail hentry category-tretinoin-4 tag-tretinoin-hu\">\r\n\r\n\t\t\t<div\r\n\t\t\tclass=\"c-post-list__thumb c-post-list__thumb--standard c-post-list__thumb--grid\">\r\n\t\t\t\t\t\t\t<div\r\n\t\t\t\t\tclass=\"c-post-list__thumb-inner c-post-list__thumb-inner--grid\">\r\n\t\t\t\t\t\t\t\t\t\t\t<a href=\"https:\/\/tretinoins.com\/hu\/tretinoin-a-20-legismertebb-marka\/\">\r\n\t\t\t\t\t\t\t<img decoding=\"async\" width=\"760\" height=\"760\" src=\"https:\/\/tretinoins.com\/wp-content\/uploads\/2024\/01\/Tretinoin-Cream-0.025-Healing-Pharma-Tretiheal-20g-760x760.webp\" class=\"c-post-list__img wp-post-image\" alt=\"Tretinoin Cream 0.025% 20g, Healing Pharma, Tretiheal 20g\" srcset=\"https:\/\/tretinoins.com\/wp-content\/uploads\/2024\/01\/Tretinoin-Cream-0.025-Healing-Pharma-Tretiheal-20g-760x760.webp 760w, https:\/\/tretinoins.com\/wp-content\/uploads\/2024\/01\/Tretinoin-Cream-0.025-Healing-Pharma-Tretiheal-20g-460x460.webp 460w, https:\/\/tretinoins.com\/wp-content\/uploads\/2024\/01\/Tretinoin-Cream-0.025-Healing-Pharma-Tretiheal-20g-115x115.webp 115w, https:\/\/tretinoins.com\/wp-content\/uploads\/2024\/01\/Tretinoin-Cream-0.025-Healing-Pharma-Tretiheal-20g-920x920.webp 920w, https:\/\/tretinoins.com\/wp-content\/uploads\/2024\/01\/Tretinoin-Cream-0.025-Healing-Pharma-Tretiheal-20g-145x145.webp 145w, https:\/\/tretinoins.com\/wp-content\/uploads\/2024\/01\/Tretinoin-Cream-0.025-Healing-Pharma-Tretiheal-20g-290x290.webp 290w, https:\/\/tretinoins.com\/wp-content\/uploads\/2024\/01\/Tretinoin-Cream-0.025-Healing-Pharma-Tretiheal-20g-50x50.webp 50w, https:\/\/tretinoins.com\/wp-content\/uploads\/2024\/01\/Tretinoin-Cream-0.025-Healing-Pharma-Tretiheal-20g-100x100.webp 100w, https:\/\/tretinoins.com\/wp-content\/uploads\/2024\/01\/Tretinoin-Cream-0.025-Healing-Pharma-Tretiheal-20g.webp 1280w\" sizes=\"(max-width: 760px) 100vw, 760px\" \/>\t\t\t\t\t\t<\/a>\r\n\t\t\t\t\t\t\t\t\t<\/div>\r\n\t\t\t\t\t<\/div>\r\n\t\r\n\t<div\r\n\t\tclass=\"c-post-list__wrap c-post-list__wrap--standard c-post-list__wrap--grid   c-post-list__wrap--no-sidebar \">\r\n\r\n\t\t\t\t\t<div\r\n\t\t\t\tclass=\"c-post-list__meta-date  c-post-list__meta-date--with-thumb   c-post-list__meta-date--no-sidebar  c-post-list__meta-date--grid\">\r\n\t\t\t\t2025.01.02.\t\t\t<\/div>\r\n\t\t\r\n\t\t\r\n\t\t<a class=\"c-post-list__header-link\" href=\"https:\/\/tretinoins.com\/hu\/tretinoin-a-20-legismertebb-marka\/\"><h2 class=\"c-post-list__header\">Tretinoin &#8211; A 20 Legismertebb M\u00e1rka<\/h2><\/a>\r\n\t\t\t\t\t<div class=\"c-post-list__except\">\r\n\t\t\t\t\t\t\t\t\t<p>Tretinoin&#8211; A 20 legismertebb m\u00e1rka. Ez a cikk r\u00e9szletes elemz\u00e9st ny\u00fajt a k\u00fcl\u00f6nb\u00f6z\u0151 helyi retinoidokr\u00f3l, amelyeket az akne&hellip;<\/p>\n\t\t\t\t\t\t\t\t<\/div>\r\n\t\t\r\n\t\t\t\t\t\t\t\t<div class=\"c-post-list__meta-category\">\r\n\t\t\t\t<a class=\"c-post-list__categories-item-link\" href=\"https:\/\/tretinoins.com\/hu\/tretinoin-4\/\" title=\"View all posts in Tretinoin\">Tretinoin<\/a>\t\t\t<\/div>\r\n\t\t\r\n\t\t\r\n\t\t<a class=\"c-button c-button--outline c-post-list__continue\" href=\"https:\/\/tretinoins.com\/hu\/tretinoin-a-20-legismertebb-marka\/\">Read More<\/a>\r\n\t<\/div>\r\n\r\n<\/article>\t\t\t\t\t\t\t\t\t\t\t\t\t\t\t\t\t<article\r\n\tid=\"post-7432\" class=\"c-post-list c-post-list--standard c-post-list--grid c-post-list--no-sidebar c-post-list--with-thumb c-post-list--post js-post-item post-7432 post type-post status-publish format-standard has-post-thumbnail hentry category-tretinoinkrem tag-tretinoin-hu tag-tretinoinkrem\">\r\n\r\n\t\t\t<div\r\n\t\t\tclass=\"c-post-list__thumb c-post-list__thumb--standard c-post-list__thumb--grid\">\r\n\t\t\t\t\t\t\t<div\r\n\t\t\t\t\tclass=\"c-post-list__thumb-inner c-post-list__thumb-inner--grid\">\r\n\t\t\t\t\t\t\t\t\t\t\t<a href=\"https:\/\/tretinoins.com\/hu\/tretinoinkrem-teljes-koru-utmutato\/\">\r\n\t\t\t\t\t\t\t<img loading=\"lazy\" decoding=\"async\" width=\"760\" height=\"753\" src=\"https:\/\/tretinoins.com\/wp-content\/uploads\/2024\/12\/tretinoinkrem-760x753.webp\" class=\"c-post-list__img wp-post-image\" alt=\"Tretinoinkr\u00e9m\" srcset=\"https:\/\/tretinoins.com\/wp-content\/uploads\/2024\/12\/tretinoinkrem-760x753.webp 760w, https:\/\/tretinoins.com\/wp-content\/uploads\/2024\/12\/tretinoinkrem-460x456.webp 460w, https:\/\/tretinoins.com\/wp-content\/uploads\/2024\/12\/tretinoinkrem-115x115.webp 115w, https:\/\/tretinoins.com\/wp-content\/uploads\/2024\/12\/tretinoinkrem-920x912.webp 920w, https:\/\/tretinoins.com\/wp-content\/uploads\/2024\/12\/tretinoinkrem-146x145.webp 146w, https:\/\/tretinoins.com\/wp-content\/uploads\/2024\/12\/tretinoinkrem-293x290.webp 293w, https:\/\/tretinoins.com\/wp-content\/uploads\/2024\/12\/tretinoinkrem-50x50.webp 50w, https:\/\/tretinoins.com\/wp-content\/uploads\/2024\/12\/tretinoinkrem-100x100.webp 100w, https:\/\/tretinoins.com\/wp-content\/uploads\/2024\/12\/tretinoinkrem.webp 1246w\" sizes=\"(max-width: 760px) 100vw, 760px\" \/>\t\t\t\t\t\t<\/a>\r\n\t\t\t\t\t\t\t\t\t<\/div>\r\n\t\t\t\t\t<\/div>\r\n\t\r\n\t<div\r\n\t\tclass=\"c-post-list__wrap c-post-list__wrap--standard c-post-list__wrap--grid   c-post-list__wrap--no-sidebar \">\r\n\r\n\t\t\t\t\t<div\r\n\t\t\t\tclass=\"c-post-list__meta-date  c-post-list__meta-date--with-thumb   c-post-list__meta-date--no-sidebar  c-post-list__meta-date--grid\">\r\n\t\t\t\t2024.12.31.\t\t\t<\/div>\r\n\t\t\r\n\t\t\r\n\t\t<a class=\"c-post-list__header-link\" href=\"https:\/\/tretinoins.com\/hu\/tretinoinkrem-teljes-koru-utmutato\/\"><h2 class=\"c-post-list__header\">Tretinoinkr\u00e9m: Teljes k\u00f6r\u0171 \u00fatmutat\u00f3<\/h2><\/a>\r\n\t\t\t\t\t<div class=\"c-post-list__except\">\r\n\t\t\t\t\t\t\t\t\t<p>1. A tretinoinkr\u00e9m bemutat\u00e1sa A tretinoinkr\u00e9m egy alapvet\u0151 b\u0151rgy\u00f3gy\u00e1szati term\u00e9k, amelyet sz\u00e9les k\u00f6rben haszn\u00e1lnak b\u0151rprobl\u00e9m\u00e1k kezel\u00e9s\u00e9re. Sz\u00e1mos el\u0151nnyel&hellip;<\/p>\n\t\t\t\t\t\t\t\t<\/div>\r\n\t\t\r\n\t\t\t\t\t\t\t\t<div class=\"c-post-list__meta-category\">\r\n\t\t\t\t<a class=\"c-post-list__categories-item-link\" href=\"https:\/\/tretinoins.com\/hu\/tretinoinkrem\/\" title=\"View all posts in Tretinoinkr\u00e9m\">Tretinoinkr\u00e9m<\/a>\t\t\t<\/div>\r\n\t\t\r\n\t\t\r\n\t\t<a class=\"c-button c-button--outline c-post-list__continue\" href=\"https:\/\/tretinoins.com\/hu\/tretinoinkrem-teljes-koru-utmutato\/\">Read More<\/a>\r\n\t<\/div>\r\n\r\n<\/article>\t\t\t\t\t\t\t\t\t\t\t\t\t\t\t\t\t<article\r\n\tid=\"post-7388\" class=\"c-post-list c-post-list--standard c-post-list--grid c-post-list--no-sidebar c-post-list--with-thumb c-post-list--post js-post-item post-7388 post type-post status-publish format-standard has-post-thumbnail hentry category-tretinoin-4 tag-mi-a-tretinoin tag-tretinoin-hu\">\r\n\r\n\t\t\t<div\r\n\t\t\tclass=\"c-post-list__thumb c-post-list__thumb--standard c-post-list__thumb--grid\">\r\n\t\t\t\t\t\t\t<div\r\n\t\t\t\t\tclass=\"c-post-list__thumb-inner c-post-list__thumb-inner--grid\">\r\n\t\t\t\t\t\t\t\t\t\t\t<a href=\"https:\/\/tretinoins.com\/hu\/mi-a-tretinoin-praktikus-utmutato-9-lepesben%e2%81%a0\/\">\r\n\t\t\t\t\t\t\t<img loading=\"lazy\" decoding=\"async\" width=\"760\" height=\"950\" src=\"https:\/\/tretinoins.com\/wp-content\/uploads\/2024\/12\/what-is-tretinoin-760x950.jpeg\" class=\"c-post-list__img wp-post-image\" alt=\"Mi a Tretinoin\" srcset=\"https:\/\/tretinoins.com\/wp-content\/uploads\/2024\/12\/what-is-tretinoin-760x950.jpeg 760w, https:\/\/tretinoins.com\/wp-content\/uploads\/2024\/12\/what-is-tretinoin-460x575.jpeg 460w, https:\/\/tretinoins.com\/wp-content\/uploads\/2024\/12\/what-is-tretinoin-1520x1900.jpeg 1520w, https:\/\/tretinoins.com\/wp-content\/uploads\/2024\/12\/what-is-tretinoin-920x1150.jpeg 920w, https:\/\/tretinoins.com\/wp-content\/uploads\/2024\/12\/what-is-tretinoin-116x145.jpeg 116w, https:\/\/tretinoins.com\/wp-content\/uploads\/2024\/12\/what-is-tretinoin-232x290.jpeg 232w\" sizes=\"(max-width: 760px) 100vw, 760px\" \/>\t\t\t\t\t\t<\/a>\r\n\t\t\t\t\t\t\t\t\t<\/div>\r\n\t\t\t\t\t<\/div>\r\n\t\r\n\t<div\r\n\t\tclass=\"c-post-list__wrap c-post-list__wrap--standard c-post-list__wrap--grid   c-post-list__wrap--no-sidebar \">\r\n\r\n\t\t\t\t\t<div\r\n\t\t\t\tclass=\"c-post-list__meta-date  c-post-list__meta-date--with-thumb   c-post-list__meta-date--no-sidebar  c-post-list__meta-date--grid\">\r\n\t\t\t\t2024.12.11.\t\t\t<\/div>\r\n\t\t\r\n\t\t\r\n\t\t<a class=\"c-post-list__header-link\" href=\"https:\/\/tretinoins.com\/hu\/mi-a-tretinoin-praktikus-utmutato-9-lepesben%e2%81%a0\/\"><h2 class=\"c-post-list__header\">Mi a Tretinoin: Praktikus \u00fatmutat\u00f3 9 l\u00e9p\u00e9sben\u2060<\/h2><\/a>\r\n\t\t\t\t\t<div class=\"c-post-list__except\">\r\n\t\t\t\t\t\t\t\t\t<p>1. A Tretinoin \u00e1ttekint\u00e9se Mi a Tretinoin? A tretinoin, amely az A-vitamin sz\u00e1rmaz\u00e9ka, egy gyakran haszn\u00e1lt hat\u00f3anyag a&hellip;<\/p>\n\t\t\t\t\t\t\t\t<\/div>\r\n\t\t\r\n\t\t\t\t\t\t\t\t<div class=\"c-post-list__meta-category\">\r\n\t\t\t\t<a class=\"c-post-list__categories-item-link\" href=\"https:\/\/tretinoins.com\/hu\/tretinoin-4\/\" title=\"View all posts in Tretinoin\">Tretinoin<\/a>\t\t\t<\/div>\r\n\t\t\r\n\t\t\r\n\t\t<a class=\"c-button c-button--outline c-post-list__continue\" href=\"https:\/\/tretinoins.com\/hu\/mi-a-tretinoin-praktikus-utmutato-9-lepesben%e2%81%a0\/\">Read More<\/a>\r\n\t<\/div>\r\n\r\n<\/article>\t\t\t\t\t\t\t\t\t<\/div>\n\t\t\t<\/div>\n\t\t<\/div>\n\t\t\t\t\t\t<\/div>\n\t\t\t\t<\/div>\n\t\t\t\t\t<\/div>\n\t\t<\/div>\n\t\t\t\t\t<\/div>\n\t\t<\/section>\n\t\t\t\t<\/div>\n\t\t","protected":false},"excerpt":{"rendered":"<p>\u0415\u0444\u0435\u043a\u0442\u0438\u0432\u043d\u043e\u0441\u0442\u0442\u0430 \u043d\u0430 \u043f\u0440\u043e\u0434\u0443\u043a\u0442\u0438\u0442\u0435 Crest \u0432 \u0433\u0440\u0438\u0436\u0430\u0442\u0430 \u0437\u0430 \u0443\u0441\u0442\u043d\u0430\u0442\u0430 \u043a\u0443\u0445\u0438\u043d\u0430 Home \u00dcdv\u00f6z\u00f6lj\u00fck a Tretinoins.com oldalon, ahol a sz\u00e9ps\u00e9g \u00e9s a wellness tal\u00e1lkozik! A&hellip;<\/p>\n","protected":false},"author":1,"featured_media":0,"parent":0,"menu_order":0,"comment_status":"closed","ping_status":"closed","template":"elementor_header_footer","meta":{"footnotes":""},"class_list":["post-5112","page","type-page","status-publish","hentry"],"_links":{"self":[{"href":"https:\/\/tretinoins.com\/hu\/wp-json\/wp\/v2\/pages\/5112","targetHints":{"allow":["GET"]}}],"collection":[{"href":"https:\/\/tretinoins.com\/hu\/wp-json\/wp\/v2\/pages"}],"about":[{"href":"https:\/\/tretinoins.com\/hu\/wp-json\/wp\/v2\/types\/page"}],"author":[{"embeddable":true,"href":"https:\/\/tretinoins.com\/hu\/wp-json\/wp\/v2\/users\/1"}],"replies":[{"embeddable":true,"href":"https:\/\/tretinoins.com\/hu\/wp-json\/wp\/v2\/comments?post=5112"}],"version-history":[{"count":10,"href":"https:\/\/tretinoins.com\/hu\/wp-json\/wp\/v2\/pages\/5112\/revisions"}],"predecessor-version":[{"id":5342,"href":"https:\/\/tretinoins.com\/hu\/wp-json\/wp\/v2\/pages\/5112\/revisions\/5342"}],"wp:attachment":[{"href":"https:\/\/tretinoins.com\/hu\/wp-json\/wp\/v2\/media?parent=5112"}],"curies":[{"name":"wp","href":"https:\/\/api.w.org\/{rel}","templated":true}]}}