{"id":5111,"date":"2023-12-29T17:26:52","date_gmt":"2023-12-29T15:26:52","guid":{"rendered":"https:\/\/tretinoins.com\/szallitasi-politika\/"},"modified":"2025-06-16T20:21:18","modified_gmt":"2025-06-16T18:21:18","slug":"szallitasi-politika","status":"publish","type":"page","link":"https:\/\/tretinoins.com\/hu\/szallitasi-politika\/","title":{"rendered":"Sz\u00e1ll\u00edt\u00e1si politika"},"content":{"rendered":"\t\t<div data-elementor-type=\"wp-page\" data-elementor-id=\"5111\" class=\"elementor elementor-5111 elementor-3383\">\n\t\t\t\t<div class=\"elementor-element elementor-element-1e0ca50 e-flex e-con-boxed e-con e-parent\" data-id=\"1e0ca50\" data-element_type=\"container\">\n\t\t\t\t\t<div class=\"e-con-inner\">\n\t\t\t\t<div class=\"elementor-element elementor-element-2f15d3b elementor-widget elementor-widget-text-editor\" data-id=\"2f15d3b\" data-element_type=\"widget\" data-widget_type=\"text-editor.default\">\n\t\t\t\t<div class=\"elementor-widget-container\">\n\t\t\t\t\t\t\t\t\t<p><strong>Sz\u00e1ll\u00edt\u00e1si politika<\/strong><\/p>\n<p>A sz\u00e1ll\u00edt\u00e1si szab\u00e1lyzat c\u00e9lja, hogy megismertesse \u00d6nt a sz\u00e1ll\u00edt\u00e1si szab\u00e1lyzattal \u00e9s a kapcsol\u00f3d\u00f3 elj\u00e1r\u00e1sokkal. Azzal, hogy megrendel\u00e9st ad le ebben az \u00e1ruh\u00e1zban, elfogadja a sz\u00e1ll\u00edt\u00e1si szab\u00e1lyzatot \u00e9s annak szab\u00e1lyait. Minden term\u00e9ket saj\u00e1t rakt\u00e1rk\u00e9szlet\u00fcnkb\u0151l sz\u00e1ll\u00edtunk \u00e9s \u00e9rt\u00e9kes\u00edt\u00fcnk.  <\/p>\n<p><strong>Sz\u00e1ll\u00edt\u00e1si k\u00f6lts\u00e9g<\/strong><\/p>\n<p><strong>Rom\u00e1nia<\/strong><\/p>\n<p>A h\u00e1zhoz sz\u00e1ll\u00edt\u00e1s k\u00f6lts\u00e9ge Sameday (Sameday &#8211; h\u00e1zhoz sz\u00e1ll\u00edt\u00e1s) 3 EUR Rom\u00e1nia eg\u00e9sz ter\u00fclet\u00e9n, tov\u00e1bbi k\u00f6lts\u00e9gek n\u00e9lk\u00fcl.<\/p>\n<p>A Sameday Easybox (Sameday &#8211; EasyBox) sz\u00e1ll\u00edt\u00e1si k\u00f6lts\u00e9ge 2,5 EUR Rom\u00e1nia eg\u00e9sz ter\u00fclet\u00e9n, tov\u00e1bbi k\u00f6lts\u00e9gek n\u00e9lk\u00fcl.<\/p>\n<p><strong>Bulg\u00e1ria, Magyarorsz\u00e1g<\/strong><\/p>\n<p>A h\u00e1zhoz sz\u00e1ll\u00edt\u00e1s k\u00f6lts\u00e9ge Sameday (Sameday Crossborder &#8211; h\u00e1zhoz sz\u00e1ll\u00edt\u00e1s) \u00fatj\u00e1n 4 EUR Bulg\u00e1ri\u00e1ban vagy Magyarorsz\u00e1gon, tov\u00e1bbi k\u00f6lts\u00e9gek n\u00e9lk\u00fcl.<\/p>\n<p>A Sameday Easybox (Sameday Crossborder &#8211; Locker EasyBox) sz\u00e1ll\u00edt\u00e1si k\u00f6lts\u00e9ge 3,5 EUR Bulg\u00e1ria vagy Magyarorsz\u00e1g ter\u00fclet\u00e9n, tov\u00e1bbi k\u00f6lts\u00e9gek n\u00e9lk\u00fcl.<\/p>\n<p><strong>Egy\u00e9b eur\u00f3pai orsz\u00e1gok:<\/strong><\/p>\n<p>Az \u00d6n tart\u00f3zkod\u00e1si hely\u00e9t\u0151l f\u00fcgg\u0151en megrendel\u00e9se 2-6 napon bel\u00fcl \u00e9rkezik meg a k\u00f6vetkez\u0151 eur\u00f3pai orsz\u00e1gokba:<\/p>\n<ul>\n<li><strong>Ausztria<\/strong> &#8211; 10\u20ac (DPD fut\u00e1r)<\/li>\n<li><strong>Belgium<\/strong> &#8211; 17\u20ac (Post HD)<\/li>\n<li><strong>Horv\u00e1torsz\u00e1g<\/strong> &#8211; 14,99\u20ac (POST HD)<\/li>\n<li><strong>Csehorsz\u00e1g<\/strong> &#8211; 7\u20ac (Packeta Home HD)<\/li>\n<li><strong>D\u00e1nia<\/strong> &#8211; 18\u20ac (Post Nord)<\/li>\n<li><strong>\u00c9sztorsz\u00e1g<\/strong> &#8211; 13\u20ac (Omniva)<\/li>\n<li><b>Finnorsz\u00e1g <\/b>&#8211; 31\u20ac (Post Nord)<\/li>\n<li><b>Franciaorsz\u00e1g <\/b>&#8211; 14\u20ac (Colis Priv\u00e9 HD)<\/li>\n<li><strong>N\u00e9metorsz\u00e1g<\/strong> &#8211; 10\u20ac (Hermes HD)<\/li>\n<li><strong>G\u00f6r\u00f6gorsz\u00e1g<\/strong> &#8211; 7\u20ac (ELTA HD)<\/li>\n<li><strong>\u00cdrorsz\u00e1g<\/strong> &#8211; 15\u20ac (Fastway HD)<\/li>\n<li><strong>Olaszorsz\u00e1g<\/strong> &#8211; 10\u20ac (Bartolini HD)<\/li>\n<li><strong>Lettorsz\u00e1g<\/strong> &#8211; 12\u20ac (Omniva HD)<\/li>\n<li><strong>Litv\u00e1nia<\/strong> &#8211; 12\u20ac (Omniva HD)<\/li>\n<li><b>Hollandia <\/b>&#8211; 14,50\u20ac (DHL)<\/li>\n<li><strong>Lengyelorsz\u00e1g<\/strong> &#8211; 5\u20ac (h\u00e1zhozsz\u00e1ll\u00edt\u00e1s HD)<\/li>\n<li><strong>Portug\u00e1lia<\/strong> &#8211; 11\u20ac (MRW HD)<\/li>\n<li><strong>Szlov\u00e1kia<\/strong> &#8211; 7\u20ac (Packeta Home HD)<\/li>\n<li><strong>Szlov\u00e9nia<\/strong> &#8211; 8\u20ac (Szlov\u00e9n Posta HD)<\/li>\n<li><strong>Spanyolorsz\u00e1g<\/strong> &#8211; 11\u20ac (MRW HD)<\/li>\n<li><b>Sv\u00e9dorsz\u00e1g <\/b>&#8211; 21\u20ac (Post Nord)<\/li>\n<li><b>Sv\u00e1jc <\/b>&#8211; 18\u20ac (Swiss Post Priority)<\/li>\n<\/ul>\n<p>75 EUR feletti rendel\u00e9s eset\u00e9n ingyenes sz\u00e1ll\u00edt\u00e1sban r\u00e9szes\u00fcl.<\/p>\n<p><strong>Sz\u00e1ll\u00edt\u00e1si id\u0151 \u00e9s tranzitid\u0151<\/strong><\/p>\n<p>A megrendel\u00e9seket \u00e1ltal\u00e1ban 1-2 munkanapon bel\u00fcl (h\u00e9tf\u0151t\u0151l p\u00e9ntekig) feldolgozzuk, miel\u0151tt \u00e1tadjuk a fut\u00e1rnak.<\/p>\n<p>A csomagok \u00e1ltal\u00e1ban 2-4 munkanapot (h\u00e9tf\u0151t\u0151l p\u00e9ntekig) t\u00f6ltenek a fut\u00e1rral.<\/p>\n<p>A sz\u00e1ll\u00edt\u00e1sok h\u00e9tf\u0151t\u0151l p\u00e9ntekig t\u00f6rt\u00e9nnek, \u00e9s az utols\u00f3 sz\u00e1ll\u00edtm\u00e1ny 15:00 \u00f3rakor \u00e9rkezik (rom\u00e1niai id\u0151 szerint).<\/p>\n<p><strong>Az \u00e1ltalunk haszn\u00e1lt fut\u00e1rok<\/strong><\/p>\n<p>Sameday Courier, DPD, Post HD, Post Nord, Omniva, Colis Prive HD, Hermes, Elta HD, Fastway HD, Bartolini HD, DHL, Home Delivery HD, MRW HD, Slovenian Post HD, Swiss Post Priority \u00e9s Packeta.<\/p>\n<p><strong>A csomag k\u00e9zbes\u00edt\u00e9se \u00e9s nyomon k\u00f6vet\u00e9se<\/strong><\/p>\n<p>Amint a fut\u00e1r \u00e1tvette a megrendel\u00e9s\u00e9t, kap egy visszaigazol\u00f3 e-mailt a megrendel\u00e9s k\u00e9zbes\u00edt\u00e9s\u00e9r\u0151l. Ezek az e-mailek tartalmazz\u00e1k a csomag nyomon k\u00f6vet\u00e9si sz\u00e1m\u00e1t \u00e9s a fut\u00e1rc\u00e9g weboldal\u00e1t, valamint egy hozz\u00e1vet\u0151leges becs\u00fclt sz\u00e1ll\u00edt\u00e1si d\u00e1tumot. <\/p>\n<p><strong>A sz\u00e1ll\u00edt\u00e1si c\u00e9l\u00e1llom\u00e1s megv\u00e1ltoztat\u00e1sa<\/strong><\/p>\n<p>Ha a csomag m\u00e1r \u00faton van, nem \u00e1ll m\u00f3dunkban megv\u00e1ltoztatni a sz\u00e1ll\u00edt\u00e1si c\u00edmet. Ha meg k\u00edv\u00e1nja v\u00e1ltoztatni a rendel\u00e9s sz\u00e1ll\u00edt\u00e1si c\u00edm\u00e9t, k\u00e9rj\u00fck, a rendel\u00e9s lead\u00e1s\u00e1t k\u00f6vet\u0151 24 \u00f3r\u00e1n bel\u00fcl l\u00e9pjen kapcsolatba vel\u00fcnk a contact@tretinoins.com e-mail c\u00edmen. <\/p>\n<p><strong>Megadott megrendel\u00e9s t\u00f6rl\u00e9se<\/strong><\/p>\n<p>Ha \u00fagy d\u00f6nt, hogy a megrendel\u00e9s k\u00e9zhezv\u00e9tele el\u0151tt meggondolja mag\u00e1t, a megrendel\u00e9st b\u00e1rmikor lemondhatja, miel\u0151tt azt \u00e1tadn\u00e1nk a fut\u00e1rnak. K\u00e9rj\u00fck, olvassa el a visszak\u00fcld\u00e9si szab\u00e1lyzatunkat is. <\/p>\n<p><strong>Sz\u00e1ll\u00edt\u00e1s k\u00f6zben s\u00e9r\u00fclt csomagok<\/strong><\/p>\n<p>Ha a csomagja sz\u00e1ll\u00edt\u00e1s k\u00f6zben megs\u00e9r\u00fcl, k\u00e9rj\u00fck, ha lehets\u00e9ges, tagadja meg a csomag \u00e1tv\u00e9tel\u00e9t a fut\u00e1r el\u0151tt, \u00e9s l\u00e9pjen kapcsolatba vel\u00fcnk a kapcsolatfelv\u00e9teli r\u00e9szben megadott el\u00e9rhet\u0151s\u00e9geken. Ha a csomagot az \u00d6n jelenl\u00e9te n\u00e9lk\u00fcl k\u00e9zbes\u00edtett\u00e9k, k\u00e9rj\u00fck, vegye fel vel\u00fcnk a kapcsolatot az al\u00e1bbi l\u00e9p\u00e9seket k\u00f6vetve: <\/p>\n<p>Ha b\u00e1rmilyen egy\u00e9b k\u00e9rd\u00e9se van a sz\u00e1ll\u00edt\u00e1si politik\u00e1nkkal kapcsolatban, az al\u00e1bbi el\u00e9rhet\u0151s\u00e9geken l\u00e9phet vel\u00fcnk kapcsolatba:<\/p>\n<p>Telefon: +40 750418333<\/p>\n<p>E-mail: contact@tretinoins.com<\/p>\n<p>C\u00edm: Aleea Cetatuia 4, bl. M22, sc. 4, ap. 222, Bukarest, 060834, Rom\u00e1nia   <\/p>\n\t\t\t\t\t\t\t\t<\/div>\n\t\t\t\t<\/div>\n\t\t\t\t\t<\/div>\n\t\t\t\t<\/div>\n\t\t\t\t<\/div>\n\t\t","protected":false},"excerpt":{"rendered":"<p>Sz\u00e1ll\u00edt\u00e1si politika A sz\u00e1ll\u00edt\u00e1si szab\u00e1lyzat c\u00e9lja, hogy megismertesse \u00d6nt a sz\u00e1ll\u00edt\u00e1si szab\u00e1lyzattal \u00e9s a kapcsol\u00f3d\u00f3 elj\u00e1r\u00e1sokkal. Azzal, hogy megrendel\u00e9st ad le ebben&hellip;<\/p>\n","protected":false},"author":1,"featured_media":0,"parent":0,"menu_order":0,"comment_status":"closed","ping_status":"closed","template":"","meta":{"footnotes":""},"class_list":["post-5111","page","type-page","status-publish","hentry"],"_links":{"self":[{"href":"https:\/\/tretinoins.com\/hu\/wp-json\/wp\/v2\/pages\/5111","targetHints":{"allow":["GET"]}}],"collection":[{"href":"https:\/\/tretinoins.com\/hu\/wp-json\/wp\/v2\/pages"}],"about":[{"href":"https:\/\/tretinoins.com\/hu\/wp-json\/wp\/v2\/types\/page"}],"author":[{"embeddable":true,"href":"https:\/\/tretinoins.com\/hu\/wp-json\/wp\/v2\/users\/1"}],"replies":[{"embeddable":true,"href":"https:\/\/tretinoins.com\/hu\/wp-json\/wp\/v2\/comments?post=5111"}],"version-history":[{"count":2,"href":"https:\/\/tretinoins.com\/hu\/wp-json\/wp\/v2\/pages\/5111\/revisions"}],"predecessor-version":[{"id":10230,"href":"https:\/\/tretinoins.com\/hu\/wp-json\/wp\/v2\/pages\/5111\/revisions\/10230"}],"wp:attachment":[{"href":"https:\/\/tretinoins.com\/hu\/wp-json\/wp\/v2\/media?parent=5111"}],"curies":[{"name":"wp","href":"https:\/\/api.w.org\/{rel}","templated":true}]}}