{"id":5108,"date":"2023-12-29T00:05:09","date_gmt":"2023-12-28T22:05:09","guid":{"rendered":"https:\/\/tretinoins.com\/feltetelek-es-feltetelek\/"},"modified":"2025-06-16T20:21:18","modified_gmt":"2025-06-16T18:21:18","slug":"feltetelek-es-feltetelek","status":"publish","type":"page","link":"https:\/\/tretinoins.com\/hu\/feltetelek-es-feltetelek\/","title":{"rendered":"Felt\u00e9telek \u00e9s felt\u00e9telek"},"content":{"rendered":"\t\t<div data-elementor-type=\"wp-page\" data-elementor-id=\"5108\" class=\"elementor elementor-5108 elementor-3243\">\n\t\t\t\t<div class=\"elementor-element elementor-element-634c9fc e-flex e-con-boxed e-con e-parent\" data-id=\"634c9fc\" data-element_type=\"container\">\n\t\t\t\t\t<div class=\"e-con-inner\">\n\t\t\t\t<div class=\"elementor-element elementor-element-e7c079b elementor-widget elementor-widget-text-editor\" data-id=\"e7c079b\" data-element_type=\"widget\" data-widget_type=\"text-editor.default\">\n\t\t\t\t<div class=\"elementor-widget-container\">\n\t\t\t\t\t\t\t\t\t<div class=\"w-full text-token-text-primary\" data-testid=\"conversation-turn-5\">\n<div class=\"px-4 py-2 justify-center text-base md:gap-6 m-auto\">\n<div class=\"flex flex-1 text-base mx-auto gap-3 md:px-5 lg:px-1 xl:px-5 md:max-w-3xl lg:max-w-[40rem] xl:max-w-[48rem] group final-completion\">\n<div class=\"relative flex w-full flex-col lg:w-[calc(100%-115px)] agent-turn\">\n<div class=\"flex-col gap-1 md:gap-3\">\n<div class=\"flex flex-grow flex-col max-w-full\">\n<div class=\"text-message flex flex-col items-start gap-3 whitespace-pre-wrap break-words [.text-message+&amp;]:mt-5 overflow-x-auto\" data-message-author-role=\"assistant\" data-message-id=\"0a82cbd8-3588-4ea2-bbec-0492c791eb53\">\n<div class=\"markdown prose w-full break-words dark:prose-invert light\">\n<p><strong>FELT\u00c9TELEK \u00c9S KIK\u00d6T\u00c9SEK<\/strong><\/p>\n<p><strong>I. \u00c1LTAL\u00c1NOS SZEMPONTOK<\/strong><\/p>\n<p>A Tretinoins.com tulajdonosa a DIGITALEASE SOLUTIONS S.R.L., melynek VAT-ja RO48338171, J40\/1694\/2023, c\u00edme pedig Aleea Cetatuia 4, bl. M22, sc. 4, ap. 222, Bukarest, 060834, Rom\u00e1nia.   <\/p>\n<p>Az al\u00e1bbiakban ismertetett \u00e1ltal\u00e1nos szerz\u0151d\u00e9si felt\u00e9telek a www.tretinoins.com web\u00e1ruh\u00e1zon kereszt\u00fcl lebonyol\u00edtott valamennyi \u00e1ruv\u00e1s\u00e1rl\u00e1si tranzakci\u00f3ra \u00e9rv\u00e9nyesek.<\/p>\n<p>Javasoljuk, hogy figyelmesen olvassa el a felt\u00e9teleket, miel\u0151tt b\u00e1rmilyen term\u00e9ket v\u00e1s\u00e1rolna vagy haszn\u00e1lna az oldalunkon. Az oldal haszn\u00e1lata a jelen \u00c1ltal\u00e1nos Szerz\u0151d\u00e9si Felt\u00e9telek elfogad\u00e1s\u00e1t \u00e9s betart\u00e1s\u00e1t jelenti. <\/p>\n<p>A felt\u00e9telek elfogad\u00e1sa akkor t\u00f6rt\u00e9nik meg, amikor \u00d6n l\u00e9trehoz egy \u00fcgyf\u00e9lsz\u00e1ml\u00e1t, \u00e9s kiv\u00e1lasztja a lehet\u0151s\u00e9get: &#8222;Elolvastam \u00e9s elfogadom az \u00c1ltal\u00e1nos Szerz\u0151d\u00e9si Felt\u00e9teleket&#8221;. Ennek a lehet\u0151s\u00e9gnek a kiv\u00e1laszt\u00e1s\u00e1val \u00e9s az \u00c9rv\u00e9nyes\u00edt\u00e9s gomb megnyom\u00e1s\u00e1val \u00d6n meger\u0151s\u00edti, hogy elfogadja az elolvasott, meg\u00e9rtett \u00e9s teljes eg\u00e9sz\u00e9ben elfogadott felt\u00e9teleket. <\/p>\n<p>Fenntartjuk a jogot, hogy a jelen \u00c1ltal\u00e1nos Szerz\u0151d\u00e9si Felt\u00e9teleket b\u00e1rmikor, el\u0151zetes \u00e9rtes\u00edt\u00e9s vagy a felhaszn\u00e1l\u00f3k \u00e1ltali elfogad\u00e1s n\u00e9lk\u00fcl fel\u00fclvizsg\u00e1ljuk.<\/p>\n<p><strong>II. FOGALMAZ\u00c1SOK <\/strong><\/p>\n<p><strong>\u00dcGYF\u00c9L<\/strong> &#8211; b\u00e1rmely term\u00e9szetes vagy jogi szem\u00e9ly, aki a Webhelyet egy Fi\u00f3k l\u00e9trehoz\u00e1s\u00e1val \u00e9s kezel\u00e9s\u00e9vel haszn\u00e1lja, \u00e9s aki beleegyezett a jelen \u00c1ltal\u00e1nos Szerz\u0151d\u00e9si Felt\u00e9telekbe.<\/p>\n<p><strong>MEGRENDEL\u00c9S<\/strong> &#8211; az \u00dcgyf\u00e9l \u00e1ltal a www.tretinoins.com weboldalon egy vagy t\u00f6bb term\u00e9k megv\u00e1s\u00e1rl\u00e1s\u00e1ra ir\u00e1nyul\u00f3 b\u00e1rmely k\u00e9r\u00e9s. A megrendel\u00e9s lead\u00e1sa automatikusan a weboldal \u00c1ltal\u00e1nos Szerz\u0151d\u00e9si Felt\u00e9telek elfogad\u00e1s\u00e1t jelenti. <\/p>\n<p><strong>ACCOUNT<\/strong> &#8211; a Webhelynek az \u00dcgyf\u00e9l szem\u00e9lyes adatainak, t\u00f6bbek k\u00f6z\u00f6tt a rendel\u00e9si el\u0151zm\u00e9nyeknek \u00e9s az azonos\u00edt\u00f3 adatoknak a t\u00e1rol\u00e1s\u00e1ra szolg\u00e1l\u00f3 r\u00e9sze, amelyhez az \u00fcgyf\u00e9l e-mail c\u00edm\u00e9vel \u00e9s jelszav\u00e1val f\u00e9r hozz\u00e1.<\/p>\n<p><strong>SZERZ\u0150D\u00c9S<\/strong> &#8211; ez a dokumentum, amely szab\u00e1lyozza a term\u00e9keink online \u00e9rt\u00e9kes\u00edt\u00e9s\u00e9nek \u00e1ltal\u00e1nos felt\u00e9teleit, valamint az Elad\u00f3 \u00e9s az \u00dcgyf\u00e9l jogait \u00e9s k\u00f6telezetts\u00e9geit a Megrendel\u00e9s visszaigazol\u00e1s\u00e1t\u00f3l \u00e9s elfogad\u00e1s\u00e1t\u00f3l kezdve.<\/p>\n<p><strong>V\u00c1S\u00c1RL\u00d3KOS\u00c1R<\/strong> &#8211; a Webhely azon r\u00e9sze, amely az \u00dcgyf\u00e9l \u00e1ltal v\u00e1s\u00e1rl\u00e1sra kiv\u00e1lasztott term\u00e9kekkel kapcsolatos inform\u00e1ci\u00f3kat tartalmazza.<\/p>\n<p><strong>VEV\u0150<\/strong> &#8211; b\u00e1rmely \u00dcgyf\u00e9l, aki a Webhelyen v\u00e1s\u00e1rol.<\/p>\n<p><strong>TERM\u00c9K<\/strong> &#8211; b\u00e1rmely, a Webhelyen megv\u00e1s\u00e1rolhat\u00f3 term\u00e9k, amelyet az \u00dcgyf\u00e9l a Megrendel\u00e9s lead\u00e1s\u00e1val v\u00e1laszthat ki. A term\u00e9kek kategoriz\u00e1lva vannak, \u00e9s az egyes term\u00e9koldalakon tov\u00e1bbi r\u00e9szleteket tal\u00e1l r\u00f3luk. <\/p>\n<p><strong>SZ\u00c1LL\u00cdT\u00c1SI D\u00cdJ<\/strong> &#8211; az az \u00f6sszeg, amelyet az \u00dcgyf\u00e9l fizet az Elad\u00f3nak a term\u00e9kek h\u00e1zhoz sz\u00e1ll\u00edt\u00e1s\u00e1\u00e9rt. A sz\u00e1ll\u00edt\u00e1si d\u00edjat a megrendel\u00e9s v\u00e9gs\u0151 \u00e1ra tartalmazza (*75 EUR feletti megrendel\u00e9sek eset\u00e9n fut\u00e1rszolg\u00e1lattal).<\/p>\n<p><strong>III. TARTALOM <\/strong><\/p>\n<p>A platform a sz\u00e1j\u00e1pol\u00e1sra \u00e9s fogfeh\u00e9r\u00edt\u00e9sre sz\u00e1nt term\u00e9kek online \u00e9rt\u00e9kes\u00edt\u00e9s\u00e9re szolg\u00e1l. Fenntartja a jogot, hogy sz\u00fcks\u00e9g szerint kiigaz\u00edtsa az oldal tartalm\u00e1t. <\/p>\n<p><strong>IV. A TERM\u00c9KEK MEGRENDEL\u00c9SE \u00c9S SZ\u00c1LL\u00cdT\u00c1SA <\/strong><\/p>\n<p><strong>\u00dcgyf\u00e9lfi\u00f3k l\u00e9trehoz\u00e1sa<\/strong><\/p>\n<p>B\u00e1rmely term\u00e9szetes vagy jogi szem\u00e9ly regisztr\u00e1lhat fi\u00f3kot a megfelel\u0151 mez\u0151k kit\u00f6lt\u00e9s\u00e9vel. Az \u00dcgyf\u00e9l k\u00f6teles pontos adatokat szolg\u00e1ltatni a sz\u00e1mla l\u00e9trehoz\u00e1s\u00e1hoz \u00e9s a megrendel\u00e9s feldolgoz\u00e1s\u00e1hoz, \u00e9s nem adhatja ki a hozz\u00e1f\u00e9r\u00e9si adatokat m\u00e1s szem\u00e9lyeknek, v\u00e1llalva a felel\u0151ss\u00e9get az e k\u00f6telezetts\u00e9g megszeg\u00e9s\u00e9vel okozott k\u00e1rok\u00e9rt. A fi\u00f3k l\u00e9trehoz\u00e1sa csak a bemutatott \u00c1ltal\u00e1nos Szerz\u0151d\u00e9si Felt\u00e9telek elfogad\u00e1sa ut\u00e1n lehets\u00e9ges.  <\/p>\n<p><strong>Megrendel\u00e9s lead\u00e1sa<\/strong><\/p>\n<p>A megrendel\u00e9s lead\u00e1s\u00e1hoz az \u00dcgyf\u00e9l felh\u00edvhatja a &#8222;Kapcsolat&#8221; r\u00e9szben megadott telefonsz\u00e1mot, vagy k\u00f6vetheti az al\u00e1bbi l\u00e9p\u00e9seket az online megrendel\u00e9shez:<\/p>\n<ul>\n<li>Jelentkezzen be, vagy hozzon l\u00e9tre egy fi\u00f3kot, ha m\u00e9g nem l\u00e9tezik (opcion\u00e1lis).<\/li>\n<li>V\u00e1lassza ki a k\u00edv\u00e1nt term\u00e9keket, \u00e9s tegye azokat a kos\u00e1rba a &#8222;Kos\u00e1rba&#8221; opci\u00f3 seg\u00edts\u00e9g\u00e9vel. A term\u00e9k\u00f6sszefoglal\u00f3 az oldal jobb oldal\u00e1n tal\u00e1lhat\u00f3 &#8222;Bev\u00e1s\u00e1rl\u00f3kos\u00e1r&#8221; r\u00e9szben tekinthet\u0151 meg. <\/li>\n<li>A term\u00e9kek egyszer\u0171 kos\u00e1rba helyez\u00e9se a megrendel\u00e9s befejez\u00e9se n\u00e9lk\u00fcl nem eredm\u00e9nyezi a megrendel\u00e9s regisztr\u00e1ci\u00f3j\u00e1t vagy a term\u00e9k automatikus lefoglal\u00e1s\u00e1t.<\/li>\n<li>A megrendel\u00e9s feldolgoz\u00e1s\u00e1hoz sz\u00fcks\u00e9ges szem\u00e9lyes adatok kit\u00f6lt\u00e9se, mint p\u00e9ld\u00e1ul n\u00e9v, el\u00e9rhet\u0151s\u00e9g, sz\u00e1ll\u00edt\u00e1si c\u00edm stb.<\/li>\n<li>V\u00e1lassza ki a fizet\u00e9si m\u00f3dot: online k\u00e1rty\u00e1val vagy k\u00e9szp\u00e9nzzel.<\/li>\n<li>A megrendel\u00e9s v\u00e9gleges\u00edt\u00e9se el\u0151tt az \u00dcgyf\u00e9l ellen\u0151rizheti a r\u00e9szleteket: kiv\u00e1lasztott term\u00e9kek, mennyis\u00e9g, sz\u00e1ll\u00edt\u00e1si d\u00edj, fizet\u00e9si m\u00f3d. A megrendel\u00e9s elk\u00fcld\u00e9s\u00e9t vagy a banki adatoknak a fizet\u00e9si processzor \u00e1ltali ellen\u0151rz\u00e9s\u00e9t k\u00f6vet\u0151en az \u00dcgyf\u00e9l e-mailben kap visszaigazol\u00e1st a megrendel\u00e9sr\u0151l a fi\u00f3kj\u00e1hoz tartoz\u00f3 e-mail c\u00edmre. <\/li>\n<li>A weboldalon leadott b\u00e1rmely megrendel\u00e9s a term\u00e9kek \u00e9s a sz\u00e1ll\u00edt\u00e1si\/sz\u00e1ll\u00edt\u00e1si szolg\u00e1ltat\u00e1sok el\u00e9rhet\u0151s\u00e9g\u00e9t\u0151l f\u00fcgg.<\/li>\n<li>Az \u00dcgyf\u00e9l a megrendel\u00e9s adatait a weboldalon megadott telefonsz\u00e1mon kereszt\u00fcl m\u00f3dos\u00edthatja, felt\u00e9ve, hogy a term\u00e9keket m\u00e9g nem sz\u00e1ll\u00edtj\u00e1k ki az \u00dcgyf\u00e9lnek.<\/li>\n<li>Ha egy rendel\u00e9s r\u00e9szletei hib\u00e1sak, az \u00dcgyf\u00e9lnek id\u0151ben \u00e9rtes\u00edtenie kell minket, a megrendel\u00e9s k\u00e9zhezv\u00e9tel\u00e9t\u0151l a rakt\u00e1rb\u00f3l val\u00f3 elk\u00fcld\u00e9sig.<\/li>\n<\/ul>\n<p>Fenntartjuk a jogot arra, hogy az \u00dcgyf\u00e9l \u00e1ltal leadott megrendel\u00e9st el\u0151zetes \u00e9rtes\u00edt\u00e9ssel, ut\u00f3lagos k\u00f6telezetts\u00e9g vagy k\u00e1rt\u00e9r\u00edt\u00e9s n\u00e9lk\u00fcl t\u00f6r\u00f6lj\u00fck az al\u00e1bbi esetekben:<\/p>\n<ul>\n<li>online fizet\u00e9s eset\u00e9n az \u00dcgyf\u00e9l k\u00e1rtyakibocs\u00e1t\u00f3 bankja nem fogadja el a tranzakci\u00f3t;<\/li>\n<li>a tranzakci\u00f3 \u00e9rv\u00e9nytelen\u00edt\u00e9se a tretinoins.com \u00e1ltal elfogadott k\u00e1rtyafeldolgoz\u00f3 \u00e1ltal online fizet\u00e9s eset\u00e9n;<\/li>\n<li>az \u00dcgyf\u00e9l helytelen vagy hi\u00e1nyos adatokat szolg\u00e1ltat.<\/li>\n<\/ul>\n<p><strong>Sz\u00e1ll\u00edt\u00e1si politika<\/strong><\/p>\n<p>A sz\u00e1ll\u00edt\u00e1si szab\u00e1lyzat c\u00e9lja, hogy megismertesse \u00d6nt a sz\u00e1ll\u00edt\u00e1si szab\u00e1lyzattal \u00e9s a kapcsol\u00f3d\u00f3 elj\u00e1r\u00e1sokkal. Azzal, hogy megrendel\u00e9st ad le ebben az \u00e1ruh\u00e1zban, elfogadja a sz\u00e1ll\u00edt\u00e1si szab\u00e1lyzatot \u00e9s annak szab\u00e1lyait. Minden term\u00e9ket saj\u00e1t rakt\u00e1rk\u00e9szlet\u00fcnkb\u0151l sz\u00e1ll\u00edtunk \u00e9s \u00e9rt\u00e9kes\u00edt\u00fcnk.  <\/p>\n<p><strong>Sz\u00e1ll\u00edt\u00e1si k\u00f6lts\u00e9g<\/strong><\/p>\n<p><strong>Rom\u00e1nia<\/strong><\/p>\n<p>A h\u00e1zhoz sz\u00e1ll\u00edt\u00e1s k\u00f6lts\u00e9ge Sameday (Sameday &#8211; h\u00e1zhoz sz\u00e1ll\u00edt\u00e1s) 3 EUR Rom\u00e1nia eg\u00e9sz ter\u00fclet\u00e9n, tov\u00e1bbi k\u00f6lts\u00e9gek n\u00e9lk\u00fcl.<\/p>\n<p>A Sameday Easybox (Sameday &#8211; EasyBox) sz\u00e1ll\u00edt\u00e1si k\u00f6lts\u00e9ge 2,5 EUR Rom\u00e1nia eg\u00e9sz ter\u00fclet\u00e9n, tov\u00e1bbi k\u00f6lts\u00e9gek n\u00e9lk\u00fcl.<\/p>\n<p><strong>Bulg\u00e1ria, Magyarorsz\u00e1g<\/strong><\/p>\n<p>A h\u00e1zhoz sz\u00e1ll\u00edt\u00e1s k\u00f6lts\u00e9ge Sameday (Sameday Crossborder &#8211; h\u00e1zhoz sz\u00e1ll\u00edt\u00e1s) \u00fatj\u00e1n 4 EUR Bulg\u00e1ri\u00e1ban vagy Magyarorsz\u00e1gon, tov\u00e1bbi k\u00f6lts\u00e9gek n\u00e9lk\u00fcl.<\/p>\n<p>A Sameday Easybox (Sameday Crossborder &#8211; Locker EasyBox) sz\u00e1ll\u00edt\u00e1si k\u00f6lts\u00e9ge 3,5 EUR Bulg\u00e1ria vagy Magyarorsz\u00e1g ter\u00fclet\u00e9n, tov\u00e1bbi k\u00f6lts\u00e9gek n\u00e9lk\u00fcl.<\/p>\n<p><strong>Egy\u00e9b eur\u00f3pai orsz\u00e1gok:<\/strong><\/p>\n<p>Az \u00d6n tart\u00f3zkod\u00e1si hely\u00e9t\u0151l f\u00fcgg\u0151en megrendel\u00e9se 2-6 napon bel\u00fcl \u00e9rkezik meg a k\u00f6vetkez\u0151 eur\u00f3pai orsz\u00e1gokba:<\/p>\n<ul>\n<li><strong>Ausztria<\/strong> &#8211; 10\u20ac (DPD fut\u00e1r)<\/li>\n<li><strong>Belgium<\/strong> &#8211; 17\u20ac (Post HD)<\/li>\n<li><strong>Horv\u00e1torsz\u00e1g<\/strong> &#8211; 14,99\u20ac (POST HD)<\/li>\n<li><strong>Csehorsz\u00e1g<\/strong> &#8211; 7\u20ac (Packeta Home HD)<\/li>\n<li><strong>D\u00e1nia<\/strong> &#8211; 18\u20ac (Post Nord)<\/li>\n<li><strong>\u00c9sztorsz\u00e1g<\/strong> &#8211; 13\u20ac (Omniva)<\/li>\n<li><b>Finnorsz\u00e1g <\/b>&#8211; 31\u20ac (Post Nord)<\/li>\n<li><b>Franciaorsz\u00e1g <\/b>&#8211; 14\u20ac (Colis Priv\u00e9 HD)<\/li>\n<li><strong>N\u00e9metorsz\u00e1g<\/strong> &#8211; 10\u20ac (Hermes HD)<\/li>\n<li><strong>G\u00f6r\u00f6gorsz\u00e1g<\/strong> &#8211; 7\u20ac (ELTA HD)<\/li>\n<li><strong>\u00cdrorsz\u00e1g<\/strong> &#8211; 15\u20ac (Fastway HD)<\/li>\n<li><strong>Olaszorsz\u00e1g<\/strong> &#8211; 10\u20ac (Bartolini HD)<\/li>\n<li><strong>Lettorsz\u00e1g<\/strong> &#8211; 12\u20ac (Omniva HD)<\/li>\n<li><strong>Litv\u00e1nia<\/strong> &#8211; 12\u20ac (Omniva HD)<\/li>\n<li><b>Hollandia <\/b>&#8211; 14,50\u20ac (DHL)<\/li>\n<li><strong>Lengyelorsz\u00e1g<\/strong> &#8211; 5\u20ac (h\u00e1zhozsz\u00e1ll\u00edt\u00e1s HD)<\/li>\n<li><strong>Portug\u00e1lia<\/strong> &#8211; 11\u20ac (MRW HD)<\/li>\n<li><strong>Szlov\u00e1kia<\/strong> &#8211; 7\u20ac (Packeta Home HD)<\/li>\n<li><strong>Szlov\u00e9nia<\/strong> &#8211; 8\u20ac (Szlov\u00e9n Posta HD)<\/li>\n<li><strong>Spanyolorsz\u00e1g<\/strong> &#8211; 11\u20ac (MRW HD)<\/li>\n<li><b>Sv\u00e9dorsz\u00e1g <\/b>&#8211; 21\u20ac (Post Nord)<\/li>\n<li><b>Sv\u00e1jc <\/b>&#8211; 18\u20ac (Swiss Post Priority)<\/li>\n<\/ul>\n<p>75 EUR feletti rendel\u00e9s eset\u00e9n ingyenes sz\u00e1ll\u00edt\u00e1sban r\u00e9szes\u00fcl.<\/p>\n<p><strong>Sz\u00e1ll\u00edt\u00e1si id\u0151 \u00e9s tranzitid\u0151<\/strong><\/p>\n<p>A megrendel\u00e9seket \u00e1ltal\u00e1ban 1-2 munkanapon bel\u00fcl (h\u00e9tf\u0151t\u0151l p\u00e9ntekig) feldolgozzuk, miel\u0151tt \u00e1tadjuk a fut\u00e1rnak.<\/p>\n<p>A csomagok \u00e1ltal\u00e1ban 2-4 munkanapot (h\u00e9tf\u0151t\u0151l p\u00e9ntekig) t\u00f6ltenek a fut\u00e1rral.<\/p>\n<p>A sz\u00e1ll\u00edt\u00e1sok h\u00e9tf\u0151t\u0151l p\u00e9ntekig t\u00f6rt\u00e9nnek, \u00e9s az utols\u00f3 sz\u00e1ll\u00edtm\u00e1ny 15:00 \u00f3rakor \u00e9rkezik (rom\u00e1niai id\u0151 szerint).<\/p>\n<p><strong>Az \u00e1ltalunk haszn\u00e1lt fut\u00e1rok<\/strong><\/p>\n<p>Sameday Courier, DPD, Post HD, Post Nord, Omniva, Colis Prive HD, Hermes, Elta HD, Fastway HD, Bartolini HD, DHL, Home Delivery HD, MRW HD, Slovenian Post HD, Swiss Post Priority \u00e9s Packeta.<\/p>\n<p><strong>A csomag k\u00e9zbes\u00edt\u00e9se \u00e9s nyomon k\u00f6vet\u00e9se<\/strong><\/p>\n<p>Amint a fut\u00e1r \u00e1tvette a megrendel\u00e9s\u00e9t, kap egy visszaigazol\u00f3 e-mailt a megrendel\u00e9s k\u00e9zbes\u00edt\u00e9s\u00e9r\u0151l. Ezek az e-mailek tartalmazz\u00e1k a csomag nyomon k\u00f6vet\u00e9si sz\u00e1m\u00e1t \u00e9s a fut\u00e1rc\u00e9g weboldal\u00e1t, valamint egy hozz\u00e1vet\u0151leges becs\u00fclt sz\u00e1ll\u00edt\u00e1si d\u00e1tumot. <\/p>\n<p><strong>A sz\u00e1ll\u00edt\u00e1si c\u00e9l\u00e1llom\u00e1s megv\u00e1ltoztat\u00e1sa<\/strong><\/p>\n<p>Ha a csomag m\u00e1r \u00faton van, nem \u00e1ll m\u00f3dunkban megv\u00e1ltoztatni a sz\u00e1ll\u00edt\u00e1si c\u00edmet. Ha meg k\u00edv\u00e1nja v\u00e1ltoztatni a rendel\u00e9s sz\u00e1ll\u00edt\u00e1si c\u00edm\u00e9t, k\u00e9rj\u00fck, a rendel\u00e9s lead\u00e1s\u00e1t k\u00f6vet\u0151 24 \u00f3r\u00e1n bel\u00fcl l\u00e9pjen kapcsolatba vel\u00fcnk a contact@tretinoins.com e-mail c\u00edmen. <\/p>\n<p><strong>Megadott megrendel\u00e9s t\u00f6rl\u00e9se<\/strong><\/p>\n<p>Ha \u00fagy d\u00f6nt, hogy a megrendel\u00e9s k\u00e9zhezv\u00e9tele el\u0151tt meggondolja mag\u00e1t, a megrendel\u00e9st b\u00e1rmikor lemondhatja, miel\u0151tt azt \u00e1tadn\u00e1nk a fut\u00e1rnak. K\u00e9rj\u00fck, olvassa el a visszak\u00fcld\u00e9si szab\u00e1lyzatunkat is. <\/p>\n<p><strong>Sz\u00e1ll\u00edt\u00e1s k\u00f6zben s\u00e9r\u00fclt csomagok<\/strong><\/p>\n<p>Ha a csomagja sz\u00e1ll\u00edt\u00e1s k\u00f6zben megs\u00e9r\u00fcl, k\u00e9rj\u00fck, ha lehets\u00e9ges, tagadja meg a csomag \u00e1tv\u00e9tel\u00e9t a fut\u00e1r el\u0151tt, \u00e9s l\u00e9pjen kapcsolatba vel\u00fcnk a kapcsolatfelv\u00e9teli r\u00e9szben megadott el\u00e9rhet\u0151s\u00e9geken. Ha a csomagot az \u00d6n jelenl\u00e9te n\u00e9lk\u00fcl k\u00e9zbes\u00edtett\u00e9k, k\u00e9rj\u00fck, l\u00e9pjen kapcsolatba vel\u00fcnk. <\/p>\n<p><strong>\u00c1RAK \u00c9S FIZET\u00c9SI M\u00d3DOK<\/strong><\/p>\n<p>Az \u00e1rat \u00e9s a fizet\u00e9si m\u00f3dot az egyes Megrendel\u00e9sekben hat\u00e1rozzuk meg. A Term\u00e9kek elad\u00e1si \u00e1ra a Megrendel\u00e9s lead\u00e1s\u00e1nak id\u0151pontj\u00e1ban \u00e9rv\u00e9nyes, eur\u00f3ban (EURO) kifejezett \u00e1r, amely tartalmazza az \u00c1FA-t is. Azok az \u00fcgyfelek, akik a fut\u00e1rral t\u00f6rt\u00e9n\u0151 sz\u00e1ll\u00edt\u00e1st v\u00e1lasztj\u00e1k, a megadott e-mail c\u00edmre megkapj\u00e1k a megrendel\u00e9snek megfelel\u0151 sz\u00e1ml\u00e1t.  <\/p>\n<p>Weboldalunkon \u00fcgyfeleinknek k\u00e9tf\u00e9le fizet\u00e9si lehet\u0151s\u00e9g \u00e1ll rendelkez\u00e9s\u00fckre megrendel\u00e9seikhez:<\/p>\n<ol>\n<li><strong>Ut\u00e1nv\u00e9t<\/strong>: Ezzel az opci\u00f3val az el\u00e9rhet\u0151 orsz\u00e1gokban a csomag meg\u00e9rkez\u00e9s\u00e9nek pillanat\u00e1ban k\u00e9szp\u00e9nzzel fizethet a fut\u00e1rnak, \u00edgy nem kell el\u0151re fizetnie. Ez a fizet\u00e9si m\u00f3d csak a k\u00f6vetkez\u0151 orsz\u00e1gokban \u00e9rhet\u0151 el, \u00e9s azon dolgozunk, hogy a j\u00f6v\u0151ben tov\u00e1bbi orsz\u00e1gokban is el\u00e9rhet\u0151 legyen: <\/li>\n<\/ol>\n<ul>\n<li>Bulg\u00e1ria<\/li>\n<li>Magyarorsz\u00e1g<\/li>\n<li>Rom\u00e1nia<\/li>\n<\/ul>\n<p>2. <strong> K\u00e1rty\u00e1s fizet\u00e9s<\/strong>: A tranzakci\u00f3t a Netopia Payments &#8211; egy online k\u00e1rty\u00e1s fizet\u00e9si platform &#8211; fogja feldolgozni. A Netopia Payments nem sz\u00e1m\u00edt fel \u00d6nnek semmilyen tov\u00e1bbi d\u00edjat, \u00edgy az \u00d6n \u00e1ltal fizetend\u0151 \u00e1r pontosan a p\u00e9nzt\u00e1rn\u00e1l megjelen\u0151 \u00e1r. <\/p>\n<p><strong>VISSZAK\u00dcLD\u00c9SI \u00c9S VISSZAT\u00c9R\u00cdT\u00c9SI POLITIKA<\/strong><\/p>\n<p><strong>Mikor \u00e9s hogyan k\u00e9rhet az \u00fcgyf\u00e9l visszat\u00e9r\u00edt\u00e9st?<\/strong><\/p>\n<p>Miut\u00e1n megkapta a megrendel\u00e9s\u00e9t, 14 napt\u00e1ri nap \u00e1ll rendelkez\u00e9s\u00e9re, hogy eld\u00f6ntse, a term\u00e9k megfelel-e az elv\u00e1r\u00e1sainak. Ha a megrendel\u00e9s\u00e9ben vannak olyan t\u00e9telek, amelyeket vissza szeretne k\u00fcldeni, k\u00e9rj\u00fck, t\u00f6ltse ki a visszak\u00fcld\u00e9si \u0171rlapot. <\/p>\n<p>A visszak\u00fcld\u00e9si \u0171rlap kit\u00f6lt\u00e9se \u00e9s beny\u00fajt\u00e1sa vagy az \u00fcgyf\u00e9l visszak\u00fcld\u00e9si sz\u00e1nd\u00e9k\u00e1r\u00f3l sz\u00f3l\u00f3 \u00e9rtes\u00edt\u00e9s ut\u00e1n mi, a Tretinoins.com gondoskodunk arr\u00f3l, hogy a csomagot partner fut\u00e1rc\u00e9g\u00fcnk, a Sameday vagy a Packeta vegye \u00e1t, \u00e9s k\u00fcldje vissza hozz\u00e1nk, az \u00d6n sz\u00e1m\u00e1ra k\u00f6lts\u00e9gmentesen.<\/p>\n<p><strong>Mikor kezd\u0151dik a 14 napos id\u0151szak az \u00fcgyf\u00e9l sz\u00e1m\u00e1ra?<\/strong><\/p>\n<p>A 14 napos id\u0151szak az \u00fcgyf\u00e9l sz\u00e1m\u00e1ra a csomag \u00e1tv\u00e9tel\u00e9nek pillanat\u00e1t\u00f3l kezd\u0151dik.<\/p>\n<p><strong>A befizetett \u00f6sszeg visszat\u00e9r\u00edt\u00e9se<\/strong><\/p>\n<p>Miut\u00e1n megkaptuk \u00e9s megvizsg\u00e1ltuk a visszak\u00fcld\u00f6tt term\u00e9ket, t\u00e1j\u00e9koztatjuk \u00d6nt, \u00e9s \u00e9rtes\u00edtj\u00fck, ha a visszak\u00fcld\u00e9st elfogadjuk.<\/p>\n<p>Ha a visszak\u00fcld\u00e9st elfogadj\u00e1k, a kifizetett \u00f6sszeget banki \u00e1tutal\u00e1ssal visszat\u00e9r\u00edtik.<\/p>\n<p>V\u00e1llaljuk, hogy a visszak\u00fcld\u00f6tt term\u00e9kek \u00e9rt\u00e9k\u00e9t a k\u00e9zhezv\u00e9telt\u0151l sz\u00e1m\u00edtott 14 napt\u00e1ri napon bel\u00fcl visszat\u00e9r\u00edtj\u00fck, az \u00fcgyf\u00e9l \u00e1ltal kit\u00f6lt\u00f6tt visszak\u00fcld\u00e9si \u0171rlap vagy az contact@tretinoins.com e-mailben k\u00fcld\u00f6tt \u00e9rtes\u00edt\u00e9s alapj\u00e1n.<\/p>\n<p>A visszak\u00fcld\u00f6tt term\u00e9kek\u00e9rt kifizetett \u00f6sszeget \u00e9s a sz\u00e1ll\u00edt\u00e1si k\u00f6lts\u00e9get az elad\u00f3 a visszak\u00fcld\u00f6tt term\u00e9kek k\u00e9zhezv\u00e9tel\u00e9t\u0151l sz\u00e1m\u00edtott 14 napon bel\u00fcl visszat\u00e9r\u00edti az \u00fcgyf\u00e9l \u00e1ltal megadott sz\u00e1ml\u00e1ra.<\/p>\n<p>Ha a visszak\u00fcld\u00e9s elfogad\u00e1sa \u00f3ta t\u00f6bb mint 14 napt\u00e1ri nap telt el, k\u00e9rj\u00fck, l\u00e9pjen kapcsolatba vel\u00fcnk a contact@tretinoins.com c\u00edmen.<\/p>\n<p>A visszak\u00fcld\u00e9si \u0171rlapon\/az \u00edr\u00e1sbeli \u00e9rtes\u00edt\u00e9sben fel kell t\u00fcntetni a k\u00e9relmez\u0151 adatait \u00e9s banksz\u00e1ml\u00e1j\u00e1t, bele\u00e9rtve a nev\u00e9t, vezet\u00e9knev\u00e9t \u00e9s a rendel\u00e9s sz\u00e1m\u00e1t.<\/p>\n<p>A honlapon el\u00e9rhet\u0151 visszak\u00fcld\u00e9si \u0171rlap csak egy p\u00e9lda. A jogszab\u00e1lyok szerint az \u00fcgyf\u00e9lnek joga van a szerz\u0151d\u00e9st\u0151l el\u00e1llni, \u00e9s err\u0151l egy\u00e9rtelm\u0171 nyilatkozatot tenni, b\u00e1rmelyik el\u0151nyben r\u00e9szes\u00edtett m\u00f3dszerrel, p\u00e9ld\u00e1ul e-mailben, postai \u00faton, sz\u00f3ban stb. <\/p>\n<p><strong>Nem sz\u00e1m\u00edtunk fel extra d\u00edjat a visszak\u00fcld\u00e9s\u00e9rt<\/strong><\/p>\n<p>Nem sz\u00e1m\u00edtunk fel visszav\u00e9teli d\u00edjat. A hib\u00e1s term\u00e9kek visszak\u00fcld\u00e9s\u00e9\u00e9rt nem sz\u00e1m\u00edtunk fel d\u00edjat. Nem sz\u00e1m\u00edtjuk fel a visszak\u00fcld\u00e9s k\u00f6lts\u00e9g\u00e9t, ha az \u00fcgyf\u00e9l rossz term\u00e9ket rendelt\/nem megfelel\u0151 term\u00e9ket kapott. A visszak\u00fcld\u00e9si k\u00f6lts\u00e9get nem sz\u00e1moljuk fel, azt teljes eg\u00e9sz\u00e9ben a www.tretinoins.com fizeti.   <\/p>\n<p><strong>Visszat\u00e9r\u00e9si krit\u00e9riumok:<\/strong><\/p>\n<p>A term\u00e9knek haszn\u00e1latlan, bontatlan \u00e9s s\u00e9rtetlen, viszontelad\u00e1sra alkalmas \u00e1llapotban kell lennie. Eg\u00e9szs\u00e9gv\u00e9delmi vagy higi\u00e9niai okokb\u00f3l lez\u00e1rtan kell visszak\u00fcldeni. A megv\u00e1s\u00e1rolt term\u00e9keknek ugyanolyan \u00e1llapotban kell lenni\u00fck, mint a v\u00e1s\u00e1rl\u00e1s vagy \u00e1tv\u00e9tel id\u0151pontj\u00e1ban, bele\u00e9rtve a csomagol\u00e1s s\u00e9rtetlen \u00e1llapot\u00e1t is. A 34\/2014-es rendelet 16. cikk\u00e9nek e) pontja szerint a test\u00e1pol\u00e1si vagy higi\u00e9niai term\u00e9kek nem k\u00fcldhet\u0151k vissza, miut\u00e1n azokat felbontott\u00e1k vagy egyszer haszn\u00e1lt\u00e1k, mint p\u00e9ld\u00e1ul a fogkr\u00e9m, sampon stb. A visszak\u00fcld\u00e9snek tartalmaznia kell mind a c\u00edmk\u00e9ket, mind az eredeti dokumentumokat, amelyekkel egy\u00fctt sz\u00e1ll\u00edtott\u00e1k.    <\/p>\n<p>A v\u00e1s\u00e1rl\u00f3nak lehet\u0151s\u00e9ge van a tretinoins.com web\u00e1ruh\u00e1zb\u00f3l v\u00e1s\u00e1rolt term\u00e9kek visszak\u00fcld\u00e9s\u00e9re an\u00e9lk\u00fcl, hogy az el\u00e1ll\u00e1si d\u00f6nt\u00e9st indokolnia kellene, \u00e9s hogy b\u00e1rmilyen k\u00f6lts\u00e9get kellene viselnie.<\/p>\n<p><strong>Term\u00e9k visszat\u00e9r\u00edt\u00e9se vagy cser\u00e9je<\/strong><\/p>\n<p>Ha m\u00e1s term\u00e9ket vagy mennyis\u00e9get sz\u00e1ll\u00edtottak, \u00e9rtes\u00edtenie kell az elad\u00f3t, hogy orvosolja a helyzetet. Ha a term\u00e9k m\u00e1r nem \u00e1ll rendelkez\u00e9sre a k\u00e9szleten, a vev\u0151 v\u00e1laszthat, hogy m\u00e1sik term\u00e9kkel helyettes\u00edti-e azt, vagy teljes visszat\u00e9r\u00edt\u00e9st kap. <\/p>\n<p>Ha az \u00fcgyf\u00e9l rossz term\u00e9ket rendelt, \u00fagy d\u00f6nthet, hogy kicser\u00e9li azt a megfelel\u0151 term\u00e9kre.<\/p>\n<p><strong>V. SZEM\u00c9LYES ADATOK FELDOLGOZ\u00c1SA<\/strong><\/p>\n<p>Az \u00dcgyf\u00e9l szem\u00e9lyes adatait gy\u0171jtj\u00fck. Az \u00dcgyf\u00e9l felel\u0151ss\u00e9ge, hogy az \u00c1ltal\u00e1nos Adatv\u00e9delmi Rendelet (GDPR) szerinti adatv\u00e9delmi szab\u00e1lyzatunkat \u00e1ttekintse \u00e9s betartsa. <\/p>\n<p>A tretinoins platform s\u00fctiket haszn\u00e1l. A s\u00fctik haszn\u00e1lat\u00e1ra vonatkoz\u00f3 ir\u00e1nyelvek a GDPR szerinti adatv\u00e9delmi szab\u00e1lyzatunkban tal\u00e1lhat\u00f3k. <\/p>\n<p><strong>VI. FINAL <\/strong><\/p>\n<p>Az \u00dcgyfelet arra \u00f6szt\u00f6n\u00f6zz\u00fck, hogy gondosan tekintse \u00e1t a bemutatott Felhaszn\u00e1l\u00e1si felt\u00e9teleket, \u00e9s tartsa be azokat.<\/p>\n<p>A Tretinoins.com a szem\u00e9lyes adatokat az adatv\u00e9delmi szab\u00e1lyzatnak megfelel\u0151en kezeli.<\/p>\n<\/div>\n<\/div>\n<\/div>\n<\/div>\n<\/div>\n<\/div>\n<\/div>\n<\/div>\n\t\t\t\t\t\t\t\t<\/div>\n\t\t\t\t<\/div>\n\t\t\t\t\t<\/div>\n\t\t\t\t<\/div>\n\t\t\t\t<\/div>\n\t\t","protected":false},"excerpt":{"rendered":"<p>FELT\u00c9TELEK \u00c9S KIK\u00d6T\u00c9SEK I. \u00c1LTAL\u00c1NOS SZEMPONTOK A Tretinoins.com tulajdonosa a DIGITALEASE SOLUTIONS S.R.L., melynek VAT-ja RO48338171, J40\/1694\/2023, c\u00edme pedig Aleea Cetatuia 4,&hellip;<\/p>\n","protected":false},"author":1,"featured_media":0,"parent":0,"menu_order":0,"comment_status":"closed","ping_status":"closed","template":"","meta":{"footnotes":""},"class_list":["post-5108","page","type-page","status-publish","hentry"],"_links":{"self":[{"href":"https:\/\/tretinoins.com\/hu\/wp-json\/wp\/v2\/pages\/5108","targetHints":{"allow":["GET"]}}],"collection":[{"href":"https:\/\/tretinoins.com\/hu\/wp-json\/wp\/v2\/pages"}],"about":[{"href":"https:\/\/tretinoins.com\/hu\/wp-json\/wp\/v2\/types\/page"}],"author":[{"embeddable":true,"href":"https:\/\/tretinoins.com\/hu\/wp-json\/wp\/v2\/users\/1"}],"replies":[{"embeddable":true,"href":"https:\/\/tretinoins.com\/hu\/wp-json\/wp\/v2\/comments?post=5108"}],"version-history":[{"count":2,"href":"https:\/\/tretinoins.com\/hu\/wp-json\/wp\/v2\/pages\/5108\/revisions"}],"predecessor-version":[{"id":10224,"href":"https:\/\/tretinoins.com\/hu\/wp-json\/wp\/v2\/pages\/5108\/revisions\/10224"}],"wp:attachment":[{"href":"https:\/\/tretinoins.com\/hu\/wp-json\/wp\/v2\/media?parent=5108"}],"curies":[{"name":"wp","href":"https:\/\/api.w.org\/{rel}","templated":true}]}}