{"id":5107,"date":"2024-06-19T16:54:56","date_gmt":"2024-06-19T14:54:56","guid":{"rendered":"https:\/\/tretinoins.com\/fizetesi-modok\/"},"modified":"2024-07-11T15:18:32","modified_gmt":"2024-07-11T13:18:32","slug":"fizetesi-modok","status":"publish","type":"page","link":"https:\/\/tretinoins.com\/hu\/fizetesi-modok\/","title":{"rendered":"Fizet\u00e9si m\u00f3dok"},"content":{"rendered":"\t\t<div data-elementor-type=\"wp-page\" data-elementor-id=\"5107\" class=\"elementor elementor-5107 elementor-4096\">\n\t\t\t\t<div class=\"elementor-element elementor-element-0457deb e-flex e-con-boxed e-con e-parent\" data-id=\"0457deb\" data-element_type=\"container\">\n\t\t\t\t\t<div class=\"e-con-inner\">\n\t\t\t\t<div class=\"elementor-element elementor-element-00304eb elementor-widget elementor-widget-text-editor\" data-id=\"00304eb\" data-element_type=\"widget\" data-widget_type=\"text-editor.default\">\n\t\t\t\t<div class=\"elementor-widget-container\">\n\t\t\t\t\t\t\t\t\t<p>Weboldalunkon \u00fcgyfeleinknek k\u00e9tf\u00e9le fizet\u00e9si lehet\u0151s\u00e9g \u00e1ll rendelkez\u00e9s\u00fckre megrendel\u00e9seikhez:<\/p>\n<ol>\n<li><strong>Ut\u00e1nv\u00e9t<\/strong>: Ezzel az opci\u00f3val az el\u00e9rhet\u0151 orsz\u00e1gokban a csomag meg\u00e9rkez\u00e9s\u00e9nek pillanat\u00e1ban k\u00e9szp\u00e9nzzel fizethet a fut\u00e1rnak, \u00edgy nem kell el\u0151re fizetnie. Ez a fizet\u00e9si m\u00f3d csak a k\u00f6vetkez\u0151 orsz\u00e1gokban \u00e9rhet\u0151 el, \u00e9s azon dolgozunk, hogy a j\u00f6v\u0151ben tov\u00e1bbi orsz\u00e1gokban is el\u00e9rhet\u0151 legyen:<\/li>\n<\/ol>\n<ul>\n<li>Bulg\u00e1ria<\/li>\n<li>Magyarorsz\u00e1g<\/li>\n<li>Rom\u00e1nia<\/li>\n<\/ul>\n<p>2. <strong> K\u00e1rty\u00e1s fizet\u00e9s<\/strong>: A tranzakci\u00f3t a Viva Payments &#8211; egy online k\u00e1rty\u00e1s fizet\u00e9si platform &#8211; fogja feldolgozni. A Viva Payments nem sz\u00e1m\u00edt fel \u00d6nnek semmilyen tov\u00e1bbi d\u00edjat, \u00edgy az \u00d6n \u00e1ltal fizetend\u0151 \u00e1r pontosan a p\u00e9nzt\u00e1rn\u00e1l megjelen\u0151 \u00e1r.<\/p>\n\t\t\t\t\t\t\t\t<\/div>\n\t\t\t\t<\/div>\n\t\t\t\t\t<\/div>\n\t\t\t\t<\/div>\n\t\t\t\t<\/div>\n\t\t","protected":false},"excerpt":{"rendered":"<p>Weboldalunkon \u00fcgyfeleinknek k\u00e9tf\u00e9le fizet\u00e9si lehet\u0151s\u00e9g \u00e1ll rendelkez\u00e9s\u00fckre megrendel\u00e9seikhez: Ut\u00e1nv\u00e9t: Ezzel az opci\u00f3val az el\u00e9rhet\u0151 orsz\u00e1gokban a csomag meg\u00e9rkez\u00e9s\u00e9nek pillanat\u00e1ban k\u00e9szp\u00e9nzzel fizethet a&hellip;<\/p>\n","protected":false},"author":1,"featured_media":0,"parent":0,"menu_order":0,"comment_status":"closed","ping_status":"closed","template":"","meta":{"footnotes":""},"class_list":["post-5107","page","type-page","status-publish","hentry"],"_links":{"self":[{"href":"https:\/\/tretinoins.com\/hu\/wp-json\/wp\/v2\/pages\/5107","targetHints":{"allow":["GET"]}}],"collection":[{"href":"https:\/\/tretinoins.com\/hu\/wp-json\/wp\/v2\/pages"}],"about":[{"href":"https:\/\/tretinoins.com\/hu\/wp-json\/wp\/v2\/types\/page"}],"author":[{"embeddable":true,"href":"https:\/\/tretinoins.com\/hu\/wp-json\/wp\/v2\/users\/1"}],"replies":[{"embeddable":true,"href":"https:\/\/tretinoins.com\/hu\/wp-json\/wp\/v2\/comments?post=5107"}],"version-history":[{"count":1,"href":"https:\/\/tretinoins.com\/hu\/wp-json\/wp\/v2\/pages\/5107\/revisions"}],"predecessor-version":[{"id":5109,"href":"https:\/\/tretinoins.com\/hu\/wp-json\/wp\/v2\/pages\/5107\/revisions\/5109"}],"wp:attachment":[{"href":"https:\/\/tretinoins.com\/hu\/wp-json\/wp\/v2\/media?parent=5107"}],"curies":[{"name":"wp","href":"https:\/\/api.w.org\/{rel}","templated":true}]}}