{"id":5099,"date":"2023-12-29T00:15:10","date_gmt":"2023-12-28T22:15:10","guid":{"rendered":"https:\/\/tretinoins.com\/visszateritesi-politika\/"},"modified":"2024-07-11T15:18:31","modified_gmt":"2024-07-11T13:18:31","slug":"visszateritesi-politika","status":"publish","type":"page","link":"https:\/\/tretinoins.com\/hu\/visszateritesi-politika\/","title":{"rendered":"Visszat\u00e9r\u00edt\u00e9si politika"},"content":{"rendered":"\t\t<div data-elementor-type=\"wp-page\" data-elementor-id=\"5099\" class=\"elementor elementor-5099 elementor-3260\">\n\t\t\t\t<div class=\"elementor-element elementor-element-801ecfb e-flex e-con-boxed e-con e-parent\" data-id=\"801ecfb\" data-element_type=\"container\">\n\t\t\t\t\t<div class=\"e-con-inner\">\n\t\t\t\t<div class=\"elementor-element elementor-element-b94c368 elementor-widget elementor-widget-text-editor\" data-id=\"b94c368\" data-element_type=\"widget\" data-widget_type=\"text-editor.default\">\n\t\t\t\t<div class=\"elementor-widget-container\">\n\t\t\t\t\t\t\t\t\t<p><strong>Visszat\u00e9r\u00edt\u00e9si \u00e9s visszat\u00e9r\u00edt\u00e9si politika<\/strong><\/p>\n<p><strong>Mikor \u00e9s hogyan k\u00e9rheti a v\u00e1s\u00e1rl\u00f3 a visszak\u00fcld\u00e9st?<\/strong><\/p>\n<p>Miut\u00e1n megkapta a rendel\u00e9s\u00e9t, 14 napt\u00e1ri nap \u00e1ll rendelkez\u00e9s\u00e9re, hogy eld\u00f6ntse, a term\u00e9k megfelel-e az elv\u00e1r\u00e1sainak. Ha a megrendel\u00e9s\u00e9ben vannak olyan t\u00e9telek, amelyeket vissza szeretne k\u00fcldeni, k\u00e9rj\u00fck, t\u00f6ltse ki a visszak\u00fcld\u00e9si \u0171rlapot.<\/p>\n<p>Miut\u00e1n kit\u00f6lt\u00f6tte \u00e9s elk\u00fcldte a visszak\u00fcld\u00e9si \u0171rlapot vagy a v\u00e1s\u00e1rl\u00f3 visszak\u00fcld\u00e9si sz\u00e1nd\u00e9k\u00e1r\u00f3l sz\u00f3l\u00f3 \u00e9rtes\u00edt\u00e9st, mi, a Tretinoins.com gondoskodunk arr\u00f3l, hogy a csomagot partner fut\u00e1rszolg\u00e1latunk, a Sameday vagy a Packeta ingyenesen \u00e1tvegye, \u00e9s visszak\u00fcldje nek\u00fcnk.<\/p>\n<p><strong>Mikor kezd\u0151dik a 14 napos id\u0151szak az \u00fcgyf\u00e9l sz\u00e1m\u00e1ra?<\/strong><\/p>\n<p>A 14 napos id\u0151szak a v\u00e1s\u00e1rl\u00f3 sz\u00e1m\u00e1ra a csomag \u00e1tv\u00e9tel\u00e9nek pillanat\u00e1t\u00f3l kezd\u0151dik.<\/p>\n<p><strong>A befizetett \u00f6sszeg visszat\u00e9r\u00edt\u00e9se<\/strong><\/p>\n<p>Miut\u00e1n megkaptuk \u00e9s megvizsg\u00e1ltuk a visszak\u00fcld\u00f6tt term\u00e9ket, t\u00e1j\u00e9koztatjuk \u00d6nt, \u00e9s \u00e9rtes\u00edtj\u00fck, ha a visszak\u00fcld\u00e9st elfogadjuk.<\/p>\n<p>Ha a visszak\u00fcld\u00e9st elfogadj\u00e1k, a kifizetett \u00f6sszeget banki \u00e1tutal\u00e1ssal visszat\u00e9r\u00edtik.<\/p>\n<p>A DIGITALEASE SOLUTIONS S.R.L. v\u00e1llalja, hogy a visszak\u00fcld\u00f6tt term\u00e9kek \u00e9rt\u00e9k\u00e9t a k\u00e9zhezv\u00e9telt\u0151l sz\u00e1m\u00edtott 14 napt\u00e1ri napon bel\u00fcl visszat\u00e9r\u00edti a visszak\u00fcld\u00f6tt term\u00e9kek \u00e9rt\u00e9k\u00e9t, az \u00fcgyf\u00e9l \u00e1ltal kit\u00f6lt\u00f6tt visszak\u00fcld\u00e9si \u0171rlap vagy a contact@tretinoins.com e-mail c\u00edmre k\u00fcld\u00f6tt \u00e9rtes\u00edt\u00e9s alapj\u00e1n.<\/p>\n<p>A visszak\u00fcld\u00f6tt term\u00e9kek\u00e9rt \u00e9s a sz\u00e1ll\u00edt\u00e1s\u00e9rt kifizetett \u00f6sszeget az elad\u00f3 a visszak\u00fcld\u00f6tt term\u00e9kek k\u00e9zhezv\u00e9tel\u00e9t\u0151l sz\u00e1m\u00edtott 14 napon bel\u00fcl visszat\u00e9r\u00edti a v\u00e1s\u00e1rl\u00f3 \u00e1ltal megadott sz\u00e1ml\u00e1ra.<\/p>\n<p>Ha a visszak\u00fcld\u00e9s elfogad\u00e1sa \u00f3ta t\u00f6bb mint 14 napt\u00e1ri nap telt el, k\u00e9rj\u00fck, l\u00e9pjen kapcsolatba vel\u00fcnk a contact@tretinoins.com c\u00edmen.<\/p>\n<p>A visszak\u00fcld\u00e9si \u0171rlapon\/az \u00edr\u00e1sbeli \u00e9rtes\u00edt\u00e9sben a visszak\u00fcld\u00e9st k\u00e9r\u0151 szem\u00e9ly adatait \u00e9s banksz\u00e1ml\u00e1j\u00e1t kell felt\u00fcntetni, bele\u00e9rtve a nevet, vezet\u00e9knevet \u00e9s a rendel\u00e9ssz\u00e1mot.<\/p>\n<p>A honlapon el\u00e9rhet\u0151 bevall\u00e1si \u0171rlap csak egy p\u00e9lda. A jogszab\u00e1lyok szerint a v\u00e1s\u00e1rl\u00f3nak joga van a szerz\u0151d\u00e9st\u0151l val\u00f3 el\u00e1ll\u00e1sra egy\u00e9rtelm\u0171 nyilatkozat \u00fatj\u00e1n, b\u00e1rmely el\u0151nyben r\u00e9szes\u00edtett m\u00f3dszerrel, p\u00e9ld\u00e1ul e-mailben, postai \u00faton, sz\u00f3ban stb.<\/p>\n<p><strong>Nem sz\u00e1m\u00edtunk fel extra d\u00edjat a visszak\u00fcld\u00e9s\u00e9rt<\/strong><\/p>\n<ul>\n<li>NINCS visszav\u00e9teli d\u00edj.<\/li>\n<li>NINCS visszak\u00fcld\u00e9si d\u00edj a hib\u00e1s term\u00e9kek\u00e9rt.<\/li>\n<li>NINCS visszak\u00fcld\u00e9si d\u00edj, ha az \u00fcgyf\u00e9l rossz term\u00e9ket rendelt\/nem a megfelel\u0151 term\u00e9ket kapta meg.<\/li>\n<li>A visszak\u00fcld\u00e9s k\u00f6lts\u00e9geit teljes m\u00e9rt\u00e9kben a DIGITALEASE SOLUTIONS S.R.L., a www.tretinoins.com weboldal tulajdonosa fedezi.<\/li>\n<\/ul>\n<p><strong>Visszat\u00e9r\u00e9si krit\u00e9riumok:<\/strong><\/p>\n<ul>\n<li>A term\u00e9knek haszn\u00e1latlan, bontatlan \u00e9s s\u00e9rtetlen, viszontelad\u00e1sra alkalmas \u00e1llapotban kell lennie.<\/li>\n<li>Eg\u00e9szs\u00e9gv\u00e9delmi vagy higi\u00e9niai okokb\u00f3l lez\u00e1rtan kell visszak\u00fcldeni.<\/li>\n<li>A megv\u00e1s\u00e1rolt term\u00e9keknek ugyanolyan \u00e1llapotban kell lenni\u00fck, mint a v\u00e1s\u00e1rl\u00e1s vagy \u00e1tv\u00e9tel id\u0151pontj\u00e1ban, bele\u00e9rtve a csomagol\u00e1s s\u00e9rtetlen \u00e1llapot\u00e1nak meg\u0151rz\u00e9s\u00e9t is.<\/li>\n<li>A 34\/2014-es rendelet 16. cikk\u00e9nek e) pontja szerint nem lehet visszavinni a felbontott vagy egyszer haszn\u00e1lt test\u00e1pol\u00e1si cikkeket vagy test\u00e1pol\u00e1si term\u00e9keket, p\u00e9ld\u00e1ul fogkr\u00e9met, sampont stb.<\/li>\n<li>A visszak\u00fcld\u00e9snek tartalmaznia kell az eredeti c\u00edmk\u00e9ket \u00e9s dokumentumokat, amelyekkel egy\u00fctt sz\u00e1ll\u00edtott\u00e1k.<\/li>\n<li>A v\u00e1s\u00e1rl\u00f3nak lehet\u0151s\u00e9ge van a tretinoins.com web\u00e1ruh\u00e1zb\u00f3l v\u00e1s\u00e1rolt term\u00e9kek visszak\u00fcld\u00e9s\u00e9re an\u00e9lk\u00fcl, hogy az el\u00e1ll\u00e1si d\u00f6nt\u00e9st indokolnia kellene, \u00e9s hogy b\u00e1rmilyen m\u00e1s k\u00f6lts\u00e9get kellene viselnie.<\/li>\n<\/ul>\n<p><strong>Term\u00e9k visszat\u00e9r\u00edt\u00e9se vagy cser\u00e9je<\/strong><\/p>\n<p>Ha m\u00e1s term\u00e9ket vagy mennyis\u00e9get sz\u00e1ll\u00edtottak, \u00e9rtes\u00edtenie kell az elad\u00f3t a helyzet megold\u00e1sa \u00e9rdek\u00e9ben. Ha a term\u00e9k m\u00e1r nem \u00e1ll rendelkez\u00e9sre a rakt\u00e1rk\u00e9szleten, a v\u00e1s\u00e1rl\u00f3 v\u00e1laszthat, hogy egy m\u00e1sik term\u00e9kkel cser\u00e9li ki, vagy teljes \u00e9rt\u00e9kben visszat\u00e9r\u00edti az \u00e1r\u00e1t.<\/p>\n<p>Tov\u00e1bb\u00e1, ha a v\u00e1s\u00e1rl\u00f3 rossz term\u00e9ket rendelt, akkor a megfelel\u0151 term\u00e9kre cser\u00e9lheti azt.<\/p>\n<p>Ha b\u00e1rmilyen egy\u00e9b k\u00e9rd\u00e9se van, az al\u00e1bbi el\u00e9rhet\u0151s\u00e9geken l\u00e9phet vel\u00fcnk kapcsolatba:<\/p>\n<p>Telefon: +40 750418333<br \/>E-mail: contact@tretinoins.com<br \/>C\u00edm: Aleea Cetatuia 4, bl. M22, sc. 4, ap. 222, Bukarest, 060834, Rom\u00e1nia<br \/>\u00d3r\u00e1k: H\u00e9tf\u0151-szombat: 8:00 &#8211; 20:00<\/p>\n\t\t\t\t\t\t\t\t<\/div>\n\t\t\t\t<\/div>\n\t\t\t\t\t<\/div>\n\t\t\t\t<\/div>\n\t\t\t\t<\/div>\n\t\t","protected":false},"excerpt":{"rendered":"<p>Visszat\u00e9r\u00edt\u00e9si \u00e9s visszat\u00e9r\u00edt\u00e9si politika Mikor \u00e9s hogyan k\u00e9rheti a v\u00e1s\u00e1rl\u00f3 a visszak\u00fcld\u00e9st? Miut\u00e1n megkapta a rendel\u00e9s\u00e9t, 14 napt\u00e1ri nap \u00e1ll rendelkez\u00e9s\u00e9re, hogy&hellip;<\/p>\n","protected":false},"author":1,"featured_media":0,"parent":0,"menu_order":0,"comment_status":"closed","ping_status":"closed","template":"","meta":{"footnotes":""},"class_list":["post-5099","page","type-page","status-publish","hentry"],"_links":{"self":[{"href":"https:\/\/tretinoins.com\/hu\/wp-json\/wp\/v2\/pages\/5099","targetHints":{"allow":["GET"]}}],"collection":[{"href":"https:\/\/tretinoins.com\/hu\/wp-json\/wp\/v2\/pages"}],"about":[{"href":"https:\/\/tretinoins.com\/hu\/wp-json\/wp\/v2\/types\/page"}],"author":[{"embeddable":true,"href":"https:\/\/tretinoins.com\/hu\/wp-json\/wp\/v2\/users\/1"}],"replies":[{"embeddable":true,"href":"https:\/\/tretinoins.com\/hu\/wp-json\/wp\/v2\/comments?post=5099"}],"version-history":[{"count":1,"href":"https:\/\/tretinoins.com\/hu\/wp-json\/wp\/v2\/pages\/5099\/revisions"}],"predecessor-version":[{"id":5100,"href":"https:\/\/tretinoins.com\/hu\/wp-json\/wp\/v2\/pages\/5099\/revisions\/5100"}],"wp:attachment":[{"href":"https:\/\/tretinoins.com\/hu\/wp-json\/wp\/v2\/media?parent=5099"}],"curies":[{"name":"wp","href":"https:\/\/api.w.org\/{rel}","templated":true}]}}