{"id":14789,"date":"2024-01-03T14:00:14","date_gmt":"2024-01-03T14:00:14","guid":{"rendered":"https:\/\/tretinoins.com\/tretinoin-gel-005-20-g-menarini-a-ret-protiv-akni-protiv-bora\/"},"modified":"2026-04-11T21:03:54","modified_gmt":"2026-04-11T19:03:54","slug":"tretinoin-gel-005-20-g-menarini-a-ret-protiv-akni-protiv-bora","status":"publish","type":"product","link":"https:\/\/tretinoins.com\/hr\/tretinoin-gel-005-20-g-menarini-a-ret-protiv-akni-protiv-bora\/","title":{"rendered":"Tretinoin gel 0,05 20 g, Menarini, A-Ret, protiv akni, protiv bora"},"content":{"rendered":"<div data-pm-slice=\"1 1 []\" data-en-clipboard=\"true\">Kad je rije\u010d o njezi ko\u017ee, malo je tema koje izazivaju toliko uzbu\u0111enja kao Tretinoin gel. A ako ste upu\u0107eni, vjerojatno ste \u010duli \u0161aputanja &#8211; mo\u017eda \u010dak i odu\u0161evljene uzvike &#8211; o <b>Tretinoin gelu 0,05 20 g, Menarini, A-Ret<\/b> . Ako se \u010de\u0161ete po glavi pitaju\u0107i se \u0161to je to\u010dno ovaj \u010darobni napitak, na pravom ste mjestu! Zato se prive\u017eite dok zaranjamo u svijet Tretinoina, otkrivamo njegove misterije i u\u010dimo kako ga uklju\u010diti u svoju rutinu kako biste postigli taj \u017eeljeni sjaj.<\/div>\n<div>Tretinoin, derivat vitamina A, stekao je reputaciju sna\u017ene sile u podru\u010dju njege ko\u017ee. Korisnici hvale njegovu sposobnost smanjenja pojave finih linija, borbe protiv akni i ujedna\u010davanja tena. Ali s velikom mo\u0107i dolazi i velika odgovornost! Ovaj vodi\u010d \u0107e objasniti sve, od sastojaka do na\u010dina djelovanja, na\u010dina nano\u0161enja, potencijalnih zamki, pa \u010dak i nekih \u010desto postavljanih pitanja &#8211; jer znamo da imate pitanja!<\/div>\n<h3>\u0160to \u010dini tretinoin tako posebnim?<\/h3>\n<div>Prije nego \u0161to prije\u0111emo na na\u0161 detaljni sadr\u017eaj, dajmo malo informacija o tretinoinu. Za razliku od mnogih drugih sastojaka za njegu ko\u017ee, ovaj gel djeluje na stani\u010dnoj razini, poti\u010de obnovu stanica i poma\u017ee va\u0161oj ko\u017ei da izgleda svje\u017ee i mladoliko. Ne samo da poti\u010de proizvodnju kolagena, ve\u0107 i ot\u010depljuje pore &#8211; prava je multitaskerka!<\/div>\n<div><\/div>\n<div>\n<hr \/>\n<\/div>\n<ol>\n<li>\n<div>\u0160to je Tretinoin gel 0,05%?<\/div>\n<\/li>\n<li>\n<div>Prednosti tretinoin gela 0,05%, 20 g, Menarini, A-Ret<\/div>\n<\/li>\n<li>\n<div>Kako u\u010dinkovito koristiti tretinoin gel<\/div>\n<ul>\n<li>\n<div>Koraci prijave<\/div>\n<\/li>\n<li>\n<div>U\u010destalost kori\u0161tenja<\/div>\n<\/li>\n<li>\n<div>Savjeti za po\u010detnike<\/div>\n<\/li>\n<\/ul>\n<\/li>\n<li>\n<div>Potencijalne nuspojave<\/div>\n<\/li>\n<li>\n<div>Tko bi trebao koristiti tretinoin?<\/div>\n<\/li>\n<li>\n<div>Tretinoin u usporedbi s drugim retinoidima<\/div>\n<\/li>\n<li>\n<div>\u010cesto postavljana pitanja<\/div>\n<\/li>\n<li>\n<div>Zaklju\u010dak<\/div>\n<\/li>\n<\/ol>\n<hr \/>\n<h3>1. \u0160to je Tretinoin gel 0,05 20 g?<\/h3>\n<div>Tretinoin gel 0,05 20 g, Menarini, A-Ret je topikalni tretman koji se prvenstveno koristi za akne i pobolj\u0161anje izgleda ko\u017ee. Ova gel formulacija je lagana, brzo prodire u ko\u017eu i manje je masna u usporedbi s kremama &#8211; \u0161to je \u010dini preferiranim izborom za mnoge. S koncentracijom od 0,05%, posti\u017ee ravnote\u017eu izme\u0111u u\u010dinkovitosti i podno\u0161ljivosti, \u0161to ga \u010dini prikladnim za razli\u010dite tipove ko\u017ee.<\/div>\n<h4>Klju\u010dni sastojci:<\/h4>\n<ul>\n<li>\n<div><b>Tretinoin (0,05%)<\/b> : Zvijezda predstave! Ovaj sna\u017ean retinoid ubrzava obnovu stanica, poma\u017eu\u0107i u otkrivanju svje\u017eije ko\u017ee.<\/div>\n<\/li>\n<li>\n<div><b>Glikolna kiselina<\/b> : \u010cesto se dodaje za pobolj\u0161anje pilinga, poti\u010du\u0107i glatku teksturu.<\/div>\n<\/li>\n<li>\n<div><b>Hidratantna sredstva<\/b> : Kako bi se suzbila potencijalna suho\u0107a uzrokovana kori\u0161tenjem tretinoina, mnoge formulacije uklju\u010duju hidratantne komponente.<\/div>\n<\/li>\n<\/ul>\n<h3>2. Prednosti tretinoin gela 0,05 20 g, Menarini, A-Ret<\/h3>\n<div>Za\u0161to biste trebali razmisliti o dodavanju Tretinoin gela u svoju rutinu njege ko\u017ee? Razmotrimo to detaljnije!<\/div>\n<table width=\"376px\">\n<colgroup>\n<col \/>\n<col \/><\/colgroup>\n<tbody>\n<tr>\n<th data-colwidth=\"188\">\n<div>Korist<\/div>\n<\/th>\n<th data-colwidth=\"188\">\n<div>Opis<\/div>\n<\/th>\n<\/tr>\n<tr>\n<td data-colwidth=\"188\">\n<div><b>Smanjuje fine linije<\/b><\/div>\n<\/td>\n<td data-colwidth=\"188\">\n<div>Poti\u010de proizvodnju kolagena, omek\u0161avaju\u0107i fine linije.<\/div>\n<\/td>\n<\/tr>\n<tr>\n<td data-colwidth=\"188\">\n<div><b>Bori se protiv akni<\/b><\/div>\n<\/td>\n<td data-colwidth=\"188\">\n<div>Otvara pore i sprje\u010dava nastanak akni.<\/div>\n<\/td>\n<\/tr>\n<tr>\n<td data-colwidth=\"188\">\n<div><b>Ujedna\u010dava ten ko\u017ee<\/b><\/div>\n<\/td>\n<td data-colwidth=\"188\">\n<div>Poma\u017ee u smanjenju tamnih mrlja i hiperpigmentacije.<\/div>\n<\/td>\n<\/tr>\n<tr>\n<td data-colwidth=\"188\">\n<div><b>Pobolj\u0161ava teksturu ko\u017ee<\/b><\/div>\n<\/td>\n<td data-colwidth=\"188\">\n<div>Poti\u010de piling, \u0161to dovodi do glatkijeg osje\u0107aja.<\/div>\n<\/td>\n<\/tr>\n<tr>\n<td data-colwidth=\"188\">\n<div><b>Poja\u010dava sjaj<\/b><\/div>\n<\/td>\n<td data-colwidth=\"188\">\n<div>Pobolj\u0161ava cjelokupni sjaj i mladolikost ko\u017ee.<\/div>\n<\/td>\n<\/tr>\n<\/tbody>\n<\/table>\n<h3>3. Kako u\u010dinkovito koristiti tretinoin gel<\/h3>\n<div>Sada kada imamo osje\u0107aj za sve \u0161to ovaj dragulj mo\u017ee, kako ga zapravo koristiti bez da svoju ko\u017eu pretvorite u bojno polje? Ne bojte se! Evo vodi\u010da korak po korak.<\/div>\n<h4><b>Koraci prijave<\/b><\/h4>\n<ol>\n<li>\n<div><b>O\u010distite lice<\/b> : Po\u010dnite s nje\u017enim sredstvom za \u010di\u0161\u0107enje kako biste uklonili ne\u010disto\u0107e i masno\u0107e.<\/div>\n<\/li>\n<li>\n<div><b>Posu\u0161ite ko\u017eu tapkanjem<\/b> : Pri\u010dekajte oko 20 minuta nakon pranja. Ova igra \u010dekanja poma\u017ee u smanjenju iritacije.<\/div>\n<\/li>\n<li>\n<div><b>Nanesite koli\u010dinu veli\u010dine zrna gra\u0161ka<\/b> : Koristite malu koli\u010dinu &#8211; veli\u010dine zrna gra\u0161ka &#8211; i ravnomjerno je nanesite na lice, izbjegavaju\u0107i osjetljiva podru\u010dja poput o\u010diju i usta.<\/div>\n<\/li>\n<li>\n<div><b>Hidratacija<\/b> : Nakon toga nanesite nje\u017enu hidratantnu kremu kako biste se borili protiv potencijalne suho\u0107e.<\/div>\n<\/li>\n<\/ol>\n<h4><b>U\u010destalost kori\u0161tenja<\/b><\/h4>\n<ul>\n<li>\n<div><b>Po\u010dnite polako<\/b> : Po\u010dnite ga koristiti svake tre\u0107e no\u0107i. Va\u0161oj ko\u017ei treba vremena da se prilagodi!<\/div>\n<\/li>\n<li>\n<div><b>Postupno pove\u0107avajte dozu<\/b> : Nakon \u0161to se va\u0161a ko\u017ea navikne, mo\u017eete pove\u0107ati kori\u0161tenje na svaku drugu ve\u010der, a na kraju i svaku ve\u010der ako va\u0161a ko\u017ea to dobro podnosi.<\/div>\n<\/li>\n<\/ul>\n<h4><b>Savjeti za po\u010detnike<\/b><\/h4>\n<ul>\n<li>\n<div><b>Dr\u017eite se rutine<\/b> : Dosljednost je klju\u010dna! Redovita upotreba daje najbolje rezultate.<\/div>\n<\/li>\n<li>\n<div><b>Krema za sun\u010danje je va\u0161 prijatelj<\/b> : Tretinoin mo\u017ee pove\u0107ati osjetljivost na sunce. Dnevna krema za sun\u010danje je obavezna!<\/div>\n<\/li>\n<\/ul>\n<h3>4. Potencijalne nuspojave<\/h3>\n<div>Iako je tretinoin superzvijezda za ko\u017eu, mo\u017ee imati neke nuspojave kojih biste trebali biti svjesni.<\/div>\n<table width=\"376px\">\n<colgroup>\n<col \/>\n<col \/><\/colgroup>\n<tbody>\n<tr>\n<th data-colwidth=\"188\">\n<div>Nuspojava<\/div>\n<\/th>\n<th data-colwidth=\"188\">\n<div>Opis<\/div>\n<\/th>\n<\/tr>\n<tr>\n<td data-colwidth=\"188\">\n<div><b>Suho\u0107a<\/b><\/div>\n<\/td>\n<td data-colwidth=\"188\">\n<div>Mnogi korisnici osje\u0107aju suho\u0107u, posebno na po\u010detku.<\/div>\n<\/td>\n<\/tr>\n<tr>\n<td data-colwidth=\"188\">\n<div><b>Crvenilo i lju\u0161tenje<\/b><\/div>\n<\/td>\n<td data-colwidth=\"188\">\n<div>To je uobi\u010dajeno kako se va\u0161a ko\u017ea prilago\u0111ava. Ne pani\u010darite!<\/div>\n<\/td>\n<\/tr>\n<tr>\n<td data-colwidth=\"188\">\n<div><b>Pove\u0107ana osjetljivost<\/b><\/div>\n<\/td>\n<td data-colwidth=\"188\">\n<div>Va\u0161a ko\u017ea bi mogla postati osjetljivija na sun\u010devu svjetlost.<\/div>\n<\/td>\n<\/tr>\n<\/tbody>\n<\/table>\n<div>Ve\u0107ina nuspojava nestaje kako se va\u0161a ko\u017ea prilago\u0111ava. Me\u0111utim, ako se na\u0111ete u stalnoj iritaciji, ne ustru\u010davajte se konzultirati dermatologa!<\/div>\n<h3>5. Tko bi trebao koristiti tretinoin?<\/h3>\n<div>Tretinoin nije univerzalno rje\u0161enje. Iako \u010dini \u010duda za mnoge, najbolji je za one koji se suo\u010davaju sa:<\/div>\n<ul>\n<li>\n<div><b>Akne<\/b> : Bez obzira jeste li tinejd\u017eer ili odrasla osoba, odli\u010dno je za sprje\u010davanje izbijanja akni.<\/div>\n<\/li>\n<li>\n<div><b>Znakovi starenja<\/b> : Ako vam fine linije i bore kucaju na vrata, tretinoin vam mo\u017ee pomo\u0107i da ih ubla\u017eite.<\/div>\n<\/li>\n<li>\n<div><b>Neujedna\u010den ton ko\u017ee<\/b> : Ovaj gel je idealan za one koji \u017eele ujedna\u010diti pigmentaciju.<\/div>\n<\/li>\n<\/ul>\n<div>Me\u0111utim, osobe s vrlo osjetljivom ko\u017eom ili specifi\u010dnim ko\u017enim stanjima trebaju se posavjetovati sa svojim lije\u010dnikom prije ronjenja.<\/div>\n<h3>6. Tretinoin u odnosu na druge retinoide<\/h3>\n<div>Tretinoin nije jedini igra\u010d u igri retinoida. Evo kratke usporedbe s nekim alternativama:<\/div>\n<table width=\"752px\">\n<colgroup>\n<col \/>\n<col \/>\n<col \/>\n<col \/><\/colgroup>\n<tbody>\n<tr>\n<th data-colwidth=\"188\">\n<div>Retinoid\/Sastojak<\/div>\n<\/th>\n<th data-colwidth=\"188\">\n<div>Dostupni obrasci<\/div>\n<\/th>\n<th data-colwidth=\"188\">\n<div>Snaga<\/div>\n<\/th>\n<th data-colwidth=\"188\">\n<div>Idealno za<\/div>\n<\/th>\n<\/tr>\n<tr>\n<td data-colwidth=\"188\">\n<div><b>Tretinoin<\/b><\/div>\n<\/td>\n<td data-colwidth=\"188\">\n<div>Gel, krema<\/div>\n<\/td>\n<td data-colwidth=\"188\">\n<div>0.01%, 0.025%, 0.05%<\/div>\n<\/td>\n<td data-colwidth=\"188\">\n<div>Akne, starenje<\/div>\n<\/td>\n<\/tr>\n<tr>\n<td data-colwidth=\"188\">\n<div><b>Adapalen<\/b><\/div>\n<\/td>\n<td data-colwidth=\"188\">\n<div>Gel, krema<\/div>\n<\/td>\n<td data-colwidth=\"188\">\n<div>0.1%, 0.3%<\/div>\n<\/td>\n<td data-colwidth=\"188\">\n<div>Akne, manje iritacije<\/div>\n<\/td>\n<\/tr>\n<tr>\n<td data-colwidth=\"188\">\n<div><b>Retinol<\/b><\/div>\n<\/td>\n<td data-colwidth=\"188\">\n<div>Razli\u010dite formulacije<\/div>\n<\/td>\n<td data-colwidth=\"188\">\n<div>0.1% &#8211; 1%<\/div>\n<\/td>\n<td data-colwidth=\"188\">\n<div>Op\u0107enito protiv starenja<\/div>\n<\/td>\n<\/tr>\n<\/tbody>\n<\/table>\n<div><b>Profesionalni savjet<\/b> : Ako ste novi u kori\u0161tenju retinoida, po\u010detak s ni\u017eom ja\u010dinom mo\u017ee pomo\u0107i va\u0161oj ko\u017ei da se aklimatizira.<\/div>\n<h3>\u010cesto postavljana pitanja<\/h3>\n<h4><b>1. Koliko \u0107e vremena trebati da se vide rezultati?<\/b><\/h4>\n<div>Ve\u0107ina korisnika po\u010dinje primje\u0107ivati \u200b\u200bpobolj\u0161anja u teksturi i tonusu ko\u017ee unutar 8-12 tjedana. Strpljenje je klju\u010dno!<\/div>\n<h4><b>2. Mogu li koristiti Tretinoin s drugim proizvodima za njegu ko\u017ee?<\/b><\/h4>\n<div>Da, ali budite oprezni. Izbjegavajte kombiniranje s drugim jakim aktivnim sastojcima poput AHA ili BHA kako biste smanjili iritaciju.<\/div>\n<h4><b>3. Je li tretinoin siguran tijekom trudno\u0107e?<\/b><\/h4>\n<div>Op\u0107enito se preporu\u010duje izbjegavanje retinoida tijekom trudno\u0107e zbog potencijalnih rizika. Uvijek se posavjetujte sa svojim lije\u010dnikom!<\/div>\n<h4><b>4. Mogu li se \u0161minkati nakon nano\u0161enja tretinoina?<\/b><\/h4>\n<div>Najbolje je pri\u010dekati barem 30 minuta prije nano\u0161enja \u0161minke kako bi se tretinoin mogao upiti.<\/div>\n<h4><b>5. \u0160to trebam u\u010diniti ako osjetim pretjeranu suho\u0107u?<\/b><\/h4>\n<div>Ako se osje\u0107ate previ\u0161e suho, poku\u0161ajte koristiti gu\u0161\u0107u hidratantnu kremu ili smanjite u\u010destalost nano\u0161enja.<\/div>\n<div><\/div>\n<div>Kori\u0161tenje <b>Tretinoin gela 0,05 20 g, Menarini, A-Ret<\/b> mo\u017ee biti prekretnica u va\u0161oj rutini njege ko\u017ee! S mno\u0161tvom prednosti, od borbe protiv akni do smanjenja znakova starenja, to je svestran dodatak koji vam mo\u017ee pomo\u0107i da otklju\u010date potencijal svoje ko\u017ee.<\/div>\n<div>Me\u0111utim, bitno je pristupiti tome promi\u0161ljeno. Po\u010dnite polako, dajte ko\u017ei vremena da se prilagodi i ne zaboravite na tu najva\u017eniju kremu za sun\u010danje! Bez obzira imate li problema s dosadnim pri\u0161ti\u0107ima ili samo \u017eelite dati svojoj ko\u017ei mladena\u010dki poticaj, tretinoin bi mogao biti tajni sastojak za postizanje ko\u017ee iz snova. Dakle, jeste li spremni prihvatiti mo\u0107 tretinoina? Sretan sjaj!<\/div>\n<div><\/div>\n<div>\n<hr \/>\n<\/div>\n<div>\n<h3>Transformirajte svoju ko\u017eu tretinoin gelom 0,05 20 g: Osnovni vodi\u010d<\/h3>\n<p>U potrazi za besprijekornom ko\u017eom, Tretinoin gel 0,05 20 g pojavljuje se kao transformativno rje\u0161enje za njegu ko\u017ee, cijenjeno zbog svoje u\u010dinkovitosti u lije\u010denju akni, smanjenju znakova starenja i pobolj\u0161anju ukupne teksture ko\u017ee. Potkrijepljen desetlje\u0107ima istra\u017eivanja, ovaj sna\u017ean retinoidni gel neophodan je za one koji \u017eele pobolj\u0161ati svoju rutinu njege ko\u017ee. Istra\u017eimo prednosti, primjenu i savjete za maksimiziranje u\u010dinaka Tretinoin gela 0,05 20 g.<\/p>\n<hr \/>\n<p>Tretinoin je derivat vitamina A i \u010dlan je obitelji retinoida. Poznat po svojim svojstvima obnavljanja stanica, Tretinoin gel 0,05 20 g prodire duboko u ko\u017eu kako bi ubrzao obnovu stanica, smanjio izbijanje akni i pobolj\u0161ao zdravlje ko\u017ee. Ova formulacija gela posebno je u\u010dinkovita za masnu i aknama sklonu ko\u017eu, pru\u017eaju\u0107i alternativu onima koji preferiraju tretmane na bazi gela u odnosu na kreme.<\/p>\n<h4>Kako funkcionira:<\/h4>\n<ul>\n<li><strong>Poti\u010de obnovu ko\u017ee:<\/strong> Ubrzavanjem uklanjanja mrtvih stanica ko\u017ee, tretinoin ot\u010depljuje pore, sprje\u010davaju\u0107i stvaranje novih akni.<\/li>\n<li><strong>Poti\u010de proizvodnju kolagena:<\/strong> Redovita primjena poti\u010de proizvodnju kolagena, \u0161to smanjuje fine linije i bore, daju\u0107i ko\u017ei \u010dvrst i mladena\u010dki izgled.<\/li>\n<li><strong>Pobolj\u0161ava ten ko\u017ee:<\/strong> U\u010dinkovito smanjuje promjenu boje i hiperpigmentaciju, \u0161to rezultira ujedna\u010denijim tenom i poja\u010danim sjajem ko\u017ee.<\/li>\n<\/ul>\n<hr \/>\n<h3>Prednosti tretinoin gela 0,05 20 g<\/h3>\n<h4><strong>U\u010dinkovit tretman akni<\/strong><\/h4>\n<p>Tretinoin gel 0,05 20 g izvrsno djeluje u lije\u010denju akni \u010di\u0161\u0107enjem pora i sprje\u010davanjem nakupljanja ostataka koji uzrokuju akne. Ne samo da se bavi aktivnim aknama, ve\u0107 i poma\u017ee u smanjenju rizika od budu\u0107ih izbijanja akni, dramati\u010dno pobolj\u0161avaju\u0107i \u010disto\u0107u ko\u017ee.<\/p>\n<h4><strong>Mo\u0107 protiv starenja<\/strong><\/h4>\n<p>Tretinoin je na\u0161iroko hvaljen zbog svoje sposobnosti borbe protiv znakova starenja. Zagla\u0111uje fine linije, smanjuje bore i pobolj\u0161ava elasti\u010dnost ko\u017ee poticanjem proizvodnje kolagena. Rezultat je mla\u0111a, zdravije izgledaju\u0107a ko\u017ea.<\/p>\n<h4><strong>Pobolj\u0161ana tekstura ko\u017ee<\/strong><\/h4>\n<p>Redovita upotreba mo\u017ee zna\u010dajno pobolj\u0161ati teksturu ko\u017ee, smanjuju\u0107i hrapave dijelove i neravnine. Tretinoin tako\u0111er cilja na pore, \u010dine\u0107i ih manje vidljivima i pro\u010di\u0161\u0107avaju\u0107i ukupnu povr\u0161inu ko\u017ee.<\/p>\n<hr \/>\n<h3>Kako u\u010dinkovito koristiti tretinoin gel 0,05 20 g<\/h3>\n<p>Kako biste iskoristili puni potencijal Tretinoin gela 0,05 20 g, slijedite ove korake:<\/p>\n<h4>Zapo\u010dnite s blagim uvodom<\/h4>\n<ul>\n<li>Za po\u010detak nanesite koli\u010dinu veli\u010dine zrna gra\u0161ka na \u010distu, suhu ko\u017eu svake druge ve\u010deri, postupno pove\u0107avaju\u0107i na no\u0107nu upotrebu kako va\u0161a ko\u017ea stekne toleranciju.<\/li>\n<li>Usredoto\u010dite se na podru\u010dja zahva\u0107ena aknama ili znakovima starenja, izbjegavaju\u0107i osjetljiva podru\u010dja oko usana i o\u010diju.<\/li>\n<\/ul>\n<h4>Mjere opreza pri suncu<\/h4>\n<ul>\n<li>Tretinoin pove\u0107ava osjetljivost ko\u017ee na sun\u010devu svjetlost. Svakodnevna primjena kreme za sun\u010danje \u0161irokog spektra (SPF 30 ili vi\u0161e) je neophodna.<\/li>\n<li>Razmislite o kori\u0161tenju gela no\u0107u kako biste izbjegli izravno izlaganje suncu odmah nakon nano\u0161enja.<\/li>\n<\/ul>\n<h4>Hidratizira i hidratizira<\/h4>\n<ul>\n<li>Uklju\u010dite nje\u017enu, hidratantnu kremu u svoju rutinu kako biste suzbili suho\u0107u i perutanje povezane s upotrebom tretinoina.<\/li>\n<li>Ako se pojavi iritacija, nanesite gel izme\u0111u slojeva hidratantne kreme ili smanjite u\u010destalost kori\u0161tenja.<\/li>\n<\/ul>\n<h4>Izbjegavajte iritiraju\u0107e proizvode<\/h4>\n<ul>\n<li>Izbjegavajte abrazivna sredstva za \u010di\u0161\u0107enje, pilinge i druge aktivne sastojke koji mogu pove\u0107ati osjetljivost prilikom kori\u0161tenja tretinoina.<\/li>\n<li>Dajte ko\u017ei vremena da se prilagodi Tretinoin gelu 0,05 20 g prije nego \u0161to unesete dodatne aktivne sastojke.<\/li>\n<\/ul>\n<hr \/>\n<h3>\u0160to o\u010dekivati<\/h3>\n<p>Po\u010detna upotreba tretinoin gela mo\u017ee izazvati nuspojave poput suho\u0107e, crvenila ili blagog lju\u0161tenja &#8211; faza koja se \u010desto naziva &#8220;\u010di\u0161\u0107enje retinoida&#8221;. Ti su u\u010dinci obi\u010dno privremeni i mogu se kontrolirati dosljednom hidratacijom. Primjetna pobolj\u0161anja obi\u010dno po\u010dinju unutar 6-12 tjedana, a optimalni rezultati pojavljuju se tijekom kontinuirane upotrebe.<\/p>\n<h3>Nuspojave i razmatranja tretinoin gela 0,05 20 g<\/h3>\n<p>Iako tretinoin nudi brojne prednosti, neki korisnici mogu iskusiti:<\/p>\n<ul>\n<li><strong>Po\u010detna iritacija:<\/strong> Tijekom faze prilagodbe mo\u017ee se pojaviti crvenilo ili lju\u0161tenje.<\/li>\n<li><strong>Osjetljivost:<\/strong> Pove\u0107ana osjetljivost na \u010dimbenike okoline, posebno sun\u010devu svjetlost.<\/li>\n<\/ul>\n<p>Uvijek se posavjetujte s dermatologom prije po\u010detka uzimanja tretinoina, posebno ako imate osjetljivu ko\u017eu ili postoje\u0107a ko\u017ena oboljenja.<\/p>\n<hr \/>\n<p>Tretinoin gel 0,05 20 g sna\u017ean je saveznik u borbi protiv akni i starenja ko\u017ee. Sa svojom sna\u017enom sposobno\u0161\u0107u pomla\u0111ivanja i transformacije ko\u017ee, ovaj gel je vitalna komponenta za svakoga tko \u017eeli \u010di\u0161\u0107i, glatkiji i mla\u0111i ten. Pa\u017eljivo ga uklju\u010dite u svoju rutinu njege ko\u017ee i u\u017eivajte u putovanju prema blistavoj, zdravoj ko\u017ei.<\/p>\n<p>Odgovornom upotrebom Tretinoin gela 0,05 20 g mo\u017eete posti\u0107i izvanredna pobolj\u0161anja ko\u017ee, \u0161to ga \u010dini temeljem u\u010dinkovitih re\u017eima njege ko\u017ee. Zapo\u010dnite svoj put do blistave, revitalizirane ko\u017ee ve\u0107 danas.<\/p>\n<\/div>\n<div><\/div>\n","protected":false},"excerpt":{"rendered":"<div data-pm-slice=\"1 1 []\" data-en-clipboard=\"true\">Otkrijte sve \u0161to trebate znati o Tretinoin gelu 0,05 20 g, Menarini, A-Ret. Istra\u017eite njegove prednosti, na\u010dine primjene, potencijalne nuspojave i stru\u010dne savjete za postizanje blistave, mladena\u010dke ko\u017ee bez napora!<\/div>\n","protected":false},"featured_media":13075,"comment_status":"open","ping_status":"closed","template":"","meta":[],"product_cat":[1099],"product_tag":[1117,1131,1132],"class_list":{"0":"post-14789","1":"product","2":"type-product","3":"status-publish","4":"has-post-thumbnail","6":"product_cat-njega-lica","7":"product_tag-tretinoin-gel","8":"product_tag-tretinoin-gel-005-20-g","9":"product_tag-tretinoin-gel-005","11":"first","12":"instock","13":"taxable","14":"shipping-taxable","15":"purchasable","16":"product-type-simple"},"_links":{"self":[{"href":"https:\/\/tretinoins.com\/hr\/wp-json\/wp\/v2\/product\/14789","targetHints":{"allow":["GET"]}}],"collection":[{"href":"https:\/\/tretinoins.com\/hr\/wp-json\/wp\/v2\/product"}],"about":[{"href":"https:\/\/tretinoins.com\/hr\/wp-json\/wp\/v2\/types\/product"}],"replies":[{"embeddable":true,"href":"https:\/\/tretinoins.com\/hr\/wp-json\/wp\/v2\/comments?post=14789"}],"version-history":[{"count":2,"href":"https:\/\/tretinoins.com\/hr\/wp-json\/wp\/v2\/product\/14789\/revisions"}],"predecessor-version":[{"id":14792,"href":"https:\/\/tretinoins.com\/hr\/wp-json\/wp\/v2\/product\/14789\/revisions\/14792"}],"wp:featuredmedia":[{"embeddable":true,"href":"https:\/\/tretinoins.com\/hr\/wp-json\/wp\/v2\/media\/13075"}],"wp:attachment":[{"href":"https:\/\/tretinoins.com\/hr\/wp-json\/wp\/v2\/media?parent=14789"}],"wp:term":[{"taxonomy":"product_cat","embeddable":true,"href":"https:\/\/tretinoins.com\/hr\/wp-json\/wp\/v2\/product_cat?post=14789"},{"taxonomy":"product_tag","embeddable":true,"href":"https:\/\/tretinoins.com\/hr\/wp-json\/wp\/v2\/product_tag?post=14789"}],"curies":[{"name":"wp","href":"https:\/\/api.w.org\/{rel}","templated":true}]}}