{"id":13122,"date":"2024-01-03T14:05:11","date_gmt":"2024-01-03T14:05:11","guid":{"rendered":"https:\/\/tretinoins.com\/crest-3d-brisac-mrlja-87-g-polirna-menta-ekskluzivna-pasta-za-izbjeljivanje-zubi\/"},"modified":"2024-01-03T14:05:11","modified_gmt":"2024-01-03T12:05:11","slug":"crest-3d-brisac-mrlja-87-g-polirna-menta-ekskluzivna-pasta-za-izbjeljivanje-zubi","status":"publish","type":"product","link":"https:\/\/tretinoins.com\/hr\/crest-3d-brisac-mrlja-87-g-polirna-menta-ekskluzivna-pasta-za-izbjeljivanje-zubi\/","title":{"rendered":"Crest 3D brisa\u010d mrlja 87 g, polirna menta, ekskluzivna pasta za izbjeljivanje zubi"},"content":{"rendered":"<h1 data-pm-slice=\"0 0 []\" data-en-clipboard=\"true\">Sjaj svaki dan: \u010carolija Crest 3D brisa\u010da mrlja 87 g, polirna menta, pasta za izbjeljivanje zubi<\/h1>\n<div>Jeste li se ikada pogledali u ogledalo nakon jutarnje kave i trznuli se koliko vam zubi izgledaju mutno? Kava, \u010daj, crno vino &#8211; \u0161to god vam padne na pamet &#8211; te dosadne mrlje kao da su odlu\u010dne ostati dulje od ne\u017eeljenog gosta na zabavi. Ali ne brinite, ima nade! S proizvodima poput <i>Crest 3D White Stain Eraser 87g, Polishing Mint, Whitening Toothpaste<\/i> u svom arsenalu, samo ste nekoliko koraka udaljeni od ponovnog blistavog osmijeha.   <\/div>\n<div>Ovo nije tipi\u010dna pasta za zube, ljudi. Ovo je revolucionarna stvar. Zamislite da imate proizvod koji ne samo da vra\u0107a prirodni sjaj va\u0161im zubima, ve\u0107 to \u010dini i s osvje\u017eavaju\u0107im okusom mente &#8211; i sve to bez odlaska u stomatolo\u0161ku ordinaciju. Zvu\u010di kao pobjeda, zar ne? Pa, upravo \u0107emo detaljno istra\u017eiti za\u0161to ova pasta za zube zaslu\u017euje mjesto u prvom redu va\u0161eg kupaonskog ormari\u0107a. Ve\u017eite se!     <\/div>\n<hr>\n<h2>Svakodnevna borba protiv mrlja: Za\u0161to je izbjeljivanje va\u017eno<\/h2>\n<h3>Za\u0161to se zubi uop\u0107e mrljaju?<\/h3>\n<div>Razumijemo &#8211; \u017eivot je bolji s va\u0161om omiljenom hranom i pi\u0107ima. Me\u0111utim, svi ti ukusni u\u017eici imaju i lo\u0161u stranu: tvrdokorne mrlje. Evo popisa uobi\u010dajenih krivaca koji vam zamagljuju osmijeh:  <\/div>\n<ul>\n<li>\n<div><b>Tamna pi\u0107a:<\/b> Kava, \u010daj, crno vino i gazirana pi\u0107a poznati su po tome \u0161to ostavljaju \u017eute ili sme\u0111e mrlje.<\/div>\n<\/li>\n<li>\n<div><b>Pu\u0161enje i uporaba duhana:<\/b> Budimo iskreni, nikotin nije dobar za zube &#8211; to je brz put do promjene boje.<\/div>\n<\/li>\n<li>\n<div><b>Lo\u0161a oralna higijena:<\/b> Preska\u010dete pranje i kori\u0161tenje zubnog konca? Va\u0161i zubi \u0107e vam to dati do znanja. <\/div>\n<\/li>\n<li>\n<div><b>Starenje:<\/b> Ne \u017eelim vam ovo otkriti, ali kako starite, va\u0161a se caklina tro\u0161i, \u0161to olak\u0161ava pojavu mrlja na zubima.<\/div>\n<\/li>\n<\/ul>\n<div>Iako se ove mrlje mogu \u010diniti trajnima, pravi proizvodi (pozdrav, <i>Crest 3D White Stain Eraser 87g, Polishing Mint, pasta za izbjeljivanje zubi<\/i> ) mogu uljep\u0161ati va\u0161 osmijeh u tren oka. Izbjeljivanje je postalo puno vi\u0161e od kozmeti\u010dke \u017eelje &#8211; radi se o osje\u0107aju samopouzdanja, isticanju va\u0161eg najboljeg lica (i zubi!). <\/div>\n<hr>\n<h2>Probudite se i zablistajte s Crest 3D gumicom za bijelo brisanje mrlja<\/h2>\n<div>Dakle, \u0161to je toliko va\u017eno kod <i>Crest 3D White Stain Eraser 87g, Polishing Mint, paste za izbjeljivanje zubi<\/i> ? Pogledajmo to detaljnije. <\/div>\n<h3>\u0160to ga \u010dini posebnim?<\/h3>\n<ol>\n<li>\n<div><b>Tehnologija uklanjanja mrlja<\/b> Ova pasta za zube je poput gumice za brisanje zubi &#8211; doslovno. Svojom naprednom formulom u\u010dinkovito polira povr\u0161inske mrlje, \u010dine\u0107i va\u0161 osmijeh svjetlijim i sjajnijim. Ne morate se odre\u0107i kave (hvala Bogu). Ova sna\u017ena pasta za zube poma\u017ee u uklanjanju tragova va\u0161e navike kofeina.   <\/div>\n<\/li>\n<li>\n<div><b>Okus poliriraju\u0107e mente<\/b> Ne samo da \u0107ete dobiti bjelje zube &#8211; ve\u0107 \u0107ete dobiti i svje\u017eiji dah, zahvaljuju\u0107i okrepljuju\u0107em okusu poliriraju\u0107e mente. To je savr\u0161en poziv na bu\u0111enje za va\u0161u jutarnju rutinu. <\/div>\n<\/li>\n<li>\n<div><b>Sigurno za svakodnevnu upotrebu<\/b> Za razliku od nekih tretmana za izbjeljivanje zubi koji mogu uzrokovati osjetljivost usta, Crest 3D White Stain Eraser je dovoljno nje\u017ean za svakodnevnu upotrebu.<\/div>\n<\/li>\n<\/ol>\n<hr>\n<h3>Kako to funkcionira?<\/h3>\n<div>Bez previ\u0161e znanstvenog smisla, evo u \u010demu je stvar: ova pasta za zube koristi mikropoliraju\u0107e tvari za uklanjanje povr\u0161inskih mrlja, a istovremeno ostavlja za\u0161titni sloj kako bi sprije\u010dila budu\u0107e promjene boje. Zamislite malu ekipu za \u010di\u0161\u0107enje koja vam riba zube svakim potezom \u010detkice &#8211; to je u\u010dinkovitost! <\/div>\n<hr>\n<h2>Prednosti crno-bijele (ili bismo trebali re\u0107i, svijetle i bijele?)<\/h2>\n<div>Jo\u0161 niste uvjereni? Pogledajmo prednosti kori\u0161tenja Crest 3D brisa\u010da za bijele mrlje. <\/div>\n<ul>\n<li>\n<div><b>Trenutni rezultati:<\/b> Mnogi korisnici prijavljuju vidljivo izbjeljivanje nakon samo nekoliko kori\u0161tenja. (Da, stvarno!) <\/div>\n<\/li>\n<li>\n<div><b>Bjelji zubi sa svakim \u010detkanjem:<\/b> Nema potrebe \u010dekati tjednima tretmana &#8211; ova pasta za zube djeluje svakodnevno kako bi otkrila va\u0161 najljep\u0161i osmijeh.<\/div>\n<\/li>\n<li>\n<div><b>Svje\u017e dah cijeli dan:<\/b> Okus poliriraju\u0107e metvice nije samo za pokazivanje. Recite zbogom dahu od popodnevne kave! <\/div>\n<\/li>\n<li>\n<div><b>Pristupa\u010dno izbjeljivanje:<\/b> U usporedbi sa skupim tretmanima izbjeljivanja kod stomatologa, ova pasta za zube obavlja posao bez pra\u017enjenja va\u0161eg nov\u010danika.<\/div>\n<\/li>\n<li>\n<div><b>Dostupno:<\/b> Kupite ga online, u lokalnoj ljekarni ili u velikim trgovinama. Prakti\u010dnost, ikome? <\/div>\n<\/li>\n<\/ul>\n<hr>\n<h2>Kako maksimalno iskoristiti svoj potencijal izbjeljivanja<\/h2>\n<div>Crest 3D White Stain Eraser 87g, Polishing Mint, pasta za izbjeljivanje zubi je sama po sebi zvijezda, ali uparivanje s dobrom rutinom oralne njege podi\u017ee je na vi\u0161u razinu. Evo jednostavnog vodi\u010da: <\/div>\n<ol>\n<li>\n<div><b>Perite zube dva puta dnevno:<\/b> Pridr\u017eavajte se barem dvije minute po sesiji i ne preska\u010dite pranje zubi prije spavanja.<\/div>\n<\/li>\n<li>\n<div><b>Konac za zube kao \u0161ef:<\/b> Mrlje se mogu nakupiti izme\u0111u zuba, stoga koristite konac jednom dnevno kako biste prostore odr\u017eali \u010distima.<\/div>\n<\/li>\n<li>\n<div><b>Koristite vodicu za ispiranje usta za izbjeljivanje:<\/b> Dodajte dodatni poticaj svojoj rutini kvalitetnom vodicom za ispiranje usta za izbjeljivanje.<\/div>\n<\/li>\n<li>\n<div><b>Ograni\u010dite hranu koja uzrokuje mrlje:<\/b> Volite kavu ili vino? Isperite usta vodom nakon \u0161to popijete ova pi\u0107a. <\/div>\n<\/li>\n<li>\n<div><b>Dr\u017eite se rutine:<\/b> Dosljednost je klju\u010dna &#8211; nemojte popustiti!<\/div>\n<\/li>\n<\/ol>\n<div>Profesionalni savjet: Za za\u0161titu zubne cakline koristite \u010detkicu za zube s mekim vlaknima. Za vrhunsku njegu koristite je u kombinaciji s Crest 3D White Stain Eraserom. <\/div>\n<hr>\n<h2>\u010cesto postavljana pitanja o Crest 3D White Stain Eraser 87g, Polishing Mint, pasta za izbjeljivanje zubi<\/h2>\n<div>Imate pitanja? Imamo odgovore! <\/div>\n<h3>1. Je li Crest 3D White Stain Eraser siguran za osjetljive zube?<\/h3>\n<div>Da! Ova pasta za zube posebno je formulirana da bude sigurna za caklinu, \u0161to zna\u010di da ne\u0107e iritirati preosjetljive zube ili desni. <\/div>\n<h3>2. Koliko je vremena potrebno da se vide rezultati?<\/h3>\n<div>Rezultati mogu varirati, ali mnogi ljudi primje\u0107uju razliku nakon samo nekoliko kori\u0161tenja. Budite dosljedni i sjaj \u0107e se nastaviti pove\u0107avati. <\/div>\n<h3>3. Zamjenjuje li profesionalni tretman izbjeljivanja?<\/h3>\n<div>Iako je izvrsno rje\u0161enje za ku\u0107nu upotrebu, oni koji tra\u017ee dramati\u010dne, dugotrajne rezultate mogu kombinirati ovu pastu za zube s profesionalnim uslugama izbjeljivanja.<\/div>\n<h3>4. Mo\u017ee li sprije\u010diti nove mrlje?<\/h3>\n<div>Apsolutno! Njegova napredna formula ne samo da uklanja postoje\u0107e povr\u0161inske mrlje, ve\u0107 i poma\u017ee u za\u0161titi od novih. <\/div>\n<h3>5. Mogu li djeca koristiti ovu pastu za zube?<\/h3>\n<div>Najprikladnije je za odrasle i djecu stariju od 12 godina &#8211; samo provjerite pakiranje za upute.<\/div>\n<hr>\n<h2>Iskustva iz stvarnog \u017eivota: Vidite da biste vjerovali<\/h2>\n<div>Ni\u0161ta ne govori vi\u0161e od rezultata iz stvarnog \u017eivota! Evo nekoliko sjajnih recenzija zadovoljnih korisnika: <\/div>\n<ul>\n<li>\n<div><i>\u201eSvako jutro pijem kavu i moji su zubi po\u010deli vidjeti tu razliku. Nakon tjedan dana kori\u0161tenja Crest 3D White Stain Erasera, iskreno nisam mogla vjerovati u razliku. Moji zubi izgledaju puno svjetlije!\u201c<\/i> \u2013 Katie M.<\/div>\n<\/li>\n<li>\n<div><i>\u201eOkus Polishing Mint-a je nevjerojatan &#8211; nije previ\u0161e jak, ve\u0107 dovoljno svje\u017e da mi dah bude \u010dist cijeli dan.\u201c<\/i> \u2013 James H.<\/div>\n<\/li>\n<li>\n<div><i>\u201eUpravo sam po\u010dela primje\u0107ivati \u200b\u200btupost u svom osmijehu i pomislila sam da \u0107u ovo isprobati. Recimo samo da se ne\u0107u uskoro vratiti svojoj staroj pasti za zube!\u201c<\/i> \u2013 Sarah L.<\/div>\n<\/li>\n<\/ul>\n<hr>\n<h2>Blistavi osmijeh po\u010dinje danas<\/h2>\n<div>Kad je rije\u010d o pasti za izbjeljivanje zubi, <i>Crest 3D White Stain Eraser 87g, Polishing Mint, pasta za izbjeljivanje zubi<\/i> zaista se isti\u010de iz mase. To je jednostavno, u\u010dinkovito i pristupa\u010dno rje\u0161enje za sve koji \u017eele ukloniti dosadne mrlje i u\u017eivati \u200b\u200bu svje\u017eijem, bjeljem osmijehu. Bez obzira pijuckate li redovito kavu ili samo \u017eelite pobolj\u0161ati svoj prirodni sjaj, ova mo\u0107na pasta za zube vam je na raspolaganju.  <\/div>\n<div>Dakle, \u0161to \u010dekate? Vrijeme je da vratite svoje samopouzdanje, jednu \u010detkicu po jednu. Dodajte Crest 3D White Stain Eraser u svoju dnevnu rutinu i pripremite se da va\u0161 osmijeh zablista &#8211; jer to zaslu\u017eujete!  <\/div>\n<hr>\n<div><\/div>\n","protected":false},"excerpt":{"rendered":"<p>Otkrijte tajnu blistavog osmijeha uz Crest 3D White Stain Eraser 87g, Polishing Mint, pastu za izbjeljivanje zubi. Saznajte kako ova mo\u0107na pasta za zube uklanja tvrdokorne mrlje, osvje\u017eava dah i transformira va\u0161u rutinu oralne njege. <\/p>\n","protected":false},"featured_media":13125,"comment_status":"open","ping_status":"closed","template":"","meta":[],"product_cat":[1082],"product_tag":[1142,1126,1157],"class_list":{"0":"post-13122","1":"product","2":"type-product","3":"status-publish","4":"has-post-thumbnail","6":"product_cat-crest-pasta-za-zube","7":"product_tag-crest-3d","8":"product_tag-crest-3d-bijela","9":"product_tag-crest-3d-gumica-za-bijele-mrlje","10":"pa_brands-grb","12":"first","13":"outofstock","14":"featured","15":"taxable","16":"shipping-taxable","17":"purchasable","18":"product-type-simple"},"_links":{"self":[{"href":"https:\/\/tretinoins.com\/hr\/wp-json\/wp\/v2\/product\/13122","targetHints":{"allow":["GET"]}}],"collection":[{"href":"https:\/\/tretinoins.com\/hr\/wp-json\/wp\/v2\/product"}],"about":[{"href":"https:\/\/tretinoins.com\/hr\/wp-json\/wp\/v2\/types\/product"}],"replies":[{"embeddable":true,"href":"https:\/\/tretinoins.com\/hr\/wp-json\/wp\/v2\/comments?post=13122"}],"version-history":[{"count":0,"href":"https:\/\/tretinoins.com\/hr\/wp-json\/wp\/v2\/product\/13122\/revisions"}],"wp:featuredmedia":[{"embeddable":true,"href":"https:\/\/tretinoins.com\/hr\/wp-json\/wp\/v2\/media\/13125"}],"wp:attachment":[{"href":"https:\/\/tretinoins.com\/hr\/wp-json\/wp\/v2\/media?parent=13122"}],"wp:term":[{"taxonomy":"product_cat","embeddable":true,"href":"https:\/\/tretinoins.com\/hr\/wp-json\/wp\/v2\/product_cat?post=13122"},{"taxonomy":"product_tag","embeddable":true,"href":"https:\/\/tretinoins.com\/hr\/wp-json\/wp\/v2\/product_tag?post=13122"}],"curies":[{"name":"wp","href":"https:\/\/api.w.org\/{rel}","templated":true}]}}