{"id":13083,"date":"2024-01-03T14:05:15","date_gmt":"2024-01-03T14:05:15","guid":{"rendered":"https:\/\/tretinoins.com\/crest-3d-white-luminous-mint-104-g-pasta-za-izbjeljivanje-zubi\/"},"modified":"2024-01-03T14:05:15","modified_gmt":"2024-01-03T12:05:15","slug":"crest-3d-white-luminous-mint-104-g-pasta-za-izbjeljivanje-zubi","status":"publish","type":"product","link":"https:\/\/tretinoins.com\/hr\/crest-3d-white-luminous-mint-104-g-pasta-za-izbjeljivanje-zubi\/","title":{"rendered":"Crest 3D White Luminous Mint 104 g, pasta za izbjeljivanje zubi"},"content":{"rendered":"<h1 data-pm-slice=\"0 0 []\" data-en-clipboard=\"true\">Tajna blistavog osmijeha: Za\u0161to biste trebali kupiti Crest 3D White Luminous Mint 104g, pastu za izbjeljivanje zubi<\/h1>\n<hr>\n<div>Budimo iskreni &#8211; va\u0161 osmijeh je jedna od prvih stvari koje ljudi primijete na vama. Bilo da ste na razgovoru za posao, na prvom spoju ili jednostavno razgovarate s prijateljima, va\u0161i zubi puno govore o vama. A ako ste ovdje, vjerojatno tra\u017eite na\u010din da va\u0161 osmijeh izgleda najbolje mogu\u0107e. Pa, ne tra\u017eite vi\u0161e! Crest 3D White Luminous Mint 104 g, pasta za izbjeljivanje zubi, ultimativna je promjena u va\u0161oj rutini oralne njege.    <\/div>\n<div>Ovo nije bilo kakva pasta za zube &#8211; to je prava elektrana za izbjeljivanje koja \u0107e va\u0161e zube u\u010diniti svjetlijima, dah svje\u017eijim, a samopouzdanje podignutim. Pa za\u0161to se zadovoljiti tupim zubima kada mo\u017eete zablistati sa svakim osmijehom? Pogledajmo za\u0161to je <i>kupnja Crest 3D White Luminous Mint 104g paste za izbjeljivanje zubi<\/i> sasvim logi\u010dna.  <\/div>\n<hr>\n<h2>\u0160to \u010dini Crest 3D White Luminous Mint 104g pravom kupnjom?<\/h2>\n<div>Da biste istinski cijenili ovu pastu za zube, morate razumjeti \u0161to je izdvaja. Upozorenje na spojlere: To nije va\u0161a obi\u010dna pasta za zube. <\/div>\n<h3>1. Sve se vrti oko dokazane mo\u0107i izbjeljivanja<\/h3>\n<div>Prije\u0111imo na stvar: mrlje na zubima su neizbje\u017ene. Kava, \u010daj, vino ili jednostavno godine koje prolaze &#8211; \u017eivot uzima danak tim biserno bijelim zubima. Crest 3D White Luminous Mint profesionalno se bori s povr\u0161inskim mrljama zahvaljuju\u0107i svojoj naprednoj formuli za izbjeljivanje.  <\/div>\n<ul>\n<li>\n<div><b>Mikropolirni strojevi<\/b> nje\u017eno uklanjaju dugogodi\u0161nju promjenu boje.<\/div>\n<\/li>\n<li>\n<div>Redovitom upotrebom sprje\u010dava nastanak <b>novih mrlja<\/b> .<\/div>\n<\/li>\n<li>\n<div>Klini\u010dki dokazano da daje vidljive rezultate izbjeljivanja za samo nekoliko tjedana.<\/div>\n<\/li>\n<\/ul>\n<div>Naravno, postoji mno\u0161tvo takozvanih proizvoda za izbjeljivanje, ali malo njih mo\u017ee dati rezultate bez ugro\u017eavanja \u010dvrsto\u0107e cakline. Crest 3D White posti\u017ee tu savr\u0161enu ravnote\u017eu! <\/div>\n<h3>2. Osvje\u017eavaju\u0107i mentolni u\u017eitak<\/h3>\n<div>Svi znamo da je svje\u017e dah jednako va\u017ean kao i bijeli zubi. Nitko ne \u017eeli pastu za zube koja \u010dini \u010duda za va\u0161 osmijeh, ali ostavlja blag okus. Tu <i>okus Luminous Mint<\/i> krade predstavu.  <\/div>\n<div>Sa svakim \u010detkicom osjetit \u0107ete nalet osvje\u017eavaju\u0107e mentolske dobrote koja:<\/div>\n<ul>\n<li>\n<div>Suzbija lo\u0161 zadah satima.<\/div>\n<\/li>\n<li>\n<div>Ostavlja osje\u0107aj svje\u017eine i \u010disto\u0107e u ustima.<\/div>\n<\/li>\n<li>\n<div>Pretvara \u010detkanje u ne\u0161to \u010demu se stvarno veselite (ozbiljno).<\/div>\n<\/li>\n<\/ul>\n<hr>\n<h2>Za\u0161to odabrati Crest 3D White u odnosu na druge marke?<\/h2>\n<div>S toliko mnogo pasta za izbjeljivanje zubi na tr\u017ei\u0161tu, lako se zbuniti. Ali stvar je u sljede\u0107em: nisu sve paste za zube jednake. Crest 3D White Luminous Mint 104g isti\u010de se iz nekoliko uvjerljivih razloga.  <\/div>\n<h3>1. Sigurno za caklinu (bez pre\u010daca, bez \u017ertvovanja)<\/h3>\n<div>Za razliku od nekih proizvoda za izbjeljivanje koji uklanjaju caklinu kako bi postigli brze rezultate, Crest 3D White je 100% siguran za svakodnevnu upotrebu. Djeluje u\u010dinkovito bez ugro\u017eavanja zdravlja va\u0161ih zubi. To je vrsta proizvoda koji razumije da je izbjeljivanje maraton, a ne sprint.  <\/div>\n<h3>2. Naslije\u0111e pouzdane marke<\/h3>\n<div>Crest je desetlje\u0107ima poznato ime u oralnoj njezi. Ne samo da obe\u0107avaju rezultate &#8211; oni ih i ostvaruju. Kada ula\u017eete u Crest 3D White, iskori\u0161tavate godine istra\u017eivanja, inovacija i povjerenja kupaca. To je velika stvar kada je u pitanju ne\u0161to va\u017eno poput va\u0161eg osmijeha!   <\/div>\n<h3>3. Pristupa\u010dno i dostupno<\/h3>\n<div>Tko ka\u017ee da dobar izgled mora biti skup? Crest 3D White Luminous Mint ima cijenu koja odgovara ve\u0107ini bud\u017eeta, pru\u017eaju\u0107i vam vrhunske rezultate bez visoke cijene. <\/div>\n<hr>\n<h2>Kako koristiti Crest 3D White Luminous Mint za najbolje rezultate<\/h2>\n<div>Kori\u0161tenje ove paste za zube jednostavno je kao, pa, pranje zubi! Ali ako \u017eelite maksimizirati rezultate, evo kratkog vodi\u010da: <\/div>\n<ol>\n<li>\n<div><b>Po\u010dnite s koli\u010dinom veli\u010dine zrna gra\u0161ka.<\/b>  Kori\u0161tenje vi\u0161e nego \u0161to vam je potrebno ne\u0107e ubrzati rezultate i samo \u0107e rasipati proizvod.<\/div>\n<\/li>\n<li>\n<div><b>Temeljito \u010detkajte dvije minute.<\/b>  Vrijeme pranja zubi ravnomjerno rasporedite po svim kvadrantima usta.<\/div>\n<\/li>\n<li>\n<div><b>Ispljuni, ne ispiri.<\/b>  Ovaj mali trik poma\u017ee osigurati da sredstva za izbjeljivanje ostanu dulje na va\u0161im zubima.<\/div>\n<\/li>\n<li>\n<div><b>Kombinirajte s komplementarnim proizvodima.<\/b>  Za jo\u0161 bolje rezultate, razmislite o kori\u0161tenju uz Crest 3D White vodicu za ispiranje usta ili trakice za izbjeljivanje.<\/div>\n<\/li>\n<\/ol>\n<hr>\n<h2>Pravi razgovor: Djeluje li Crest 3D White Luminous Mint zapravo?<\/h2>\n<div>Ako ste jo\u0161 uvijek skepti\u010dni, razumijemo. Mnogo se pri\u010da o proizvodima za izbjeljivanje zubi &#8211; ali evo za\u0161to Crest 3D White zaista opravdava svoju reputaciju. <\/div>\n<h3>1. Potkrijepljeno znano\u0161\u0107u<\/h3>\n<div>Ovo nije neki trik proizvod koji tvrdi da \u0107e posti\u0107i \u010darobne rezultate preko no\u0107i. Crest 3D White koristi provjerene sastojke poput vodikovog peroksida za sigurno i u\u010dinkovito izbjeljivanje zubi. <\/div>\n<h3>2. Blistave recenzije<\/h3>\n<div>Brzi pogled na online recenzije pokazuje da korisnici ne mogu prestati hvaliti svoje blistavije, bjelje osmijehe. Od uklanjanja mrlja od kave koje su godinama stare do postizanja sjaja koji su odobrili stomatolozi, ova pasta za zube dosljedno daje rezultate. <\/div>\n<hr>\n<h2>\u010cesto postavljana pitanja o Crest 3D White Luminous Mint 104g, pasti za izbjeljivanje zubi<\/h2>\n<div><b>P: Koliko je vremena potrebno da se vide rezultati?<\/b>  A: Mnogi korisnici primje\u0107uju razliku unutar prvog tjedna dosljedne upotrebe, ali optimalni rezultati se obi\u010dno vide nakon 4-6 tjedana.<\/div>\n<div><b>P: Je li sigurno za osjetljive zube?<\/b>  O: Da! Crest 3D White Luminous Mint dizajniran je da bude siguran za caklinu, \u010dak i za osobe s blago osjetljivim zubima. <\/div>\n<div><b>P: Mo\u017ee li zamijeniti profesionalne tretmane izbjeljivanja?<\/b>  A: Iako nije zamjena za tretmane izbjeljivanja u ordinaciji, fantasti\u010dno je rje\u0161enje za ku\u0107nu upotrebu koje mo\u017ee pomo\u0107i u odr\u017eavanju i pobolj\u0161anju profesionalnih rezultata.<\/div>\n<div><b>P: Je li prikladno za svakodnevnu upotrebu?<\/b>  O: Apsolutno! Crest 3D White je formuliran za svakodnevnu upotrebu, tako da ga mo\u017eete u\u010diniti osnovnom u svojoj rutini oralne njege. <\/div>\n<hr>\n<h2>Gdje kupiti Crest 3D White Luminous Mint 104g, pastu za izbjeljivanje zubi?<\/h2>\n<div>Vjerojatno se pitate gdje mo\u017eete nabaviti ovaj alat za izbjeljivanje. Dobra vijest? \u0160iroko je dostupan!  <\/div>\n<ul>\n<li>\n<div><b>Online trgovci:<\/b> Od Amazona do Walmartovih web stranica, jednostavno je dodati u ko\u0161aricu i platiti.<\/div>\n<\/li>\n<li>\n<div><b>Ljekarne:<\/b> Lokalne ljekarne poput CVS-a, Walgreensa i Bootsa \u010desto ga imaju na svojim policama.<\/div>\n<\/li>\n<li>\n<div><b>Trgovine mje\u0161ovitom robom:<\/b> Nemojte spavati na odjelu za oralnu higijenu tijekom sljede\u0107eg odlaska u trgovinu!<\/div>\n<\/li>\n<\/ul>\n<div>Tra\u017eite prakti\u010dnost? Odlu\u010dite se za online kupnju s dostavom izravno na va\u0161a vrata. Prije nego \u0161to se osvijestite, bit \u0107ete na putu da se pohvalite blistavijim i svje\u017eijim osmijehom!  <\/div>\n<hr>\n<div>Na kraju krajeva, va\u0161 osmijeh je investicija, a pravi proizvodi mogu napraviti veliku razliku. Zato biste trebali <i>kupiti Crest 3D White Luminous Mint 104 g, pastu za izbjeljivanje zubi<\/i> . Potkrijepljena je znano\u0161\u0107u, voljena od strane korisnika i dizajnirana je da vam pru\u017ei blistav osmijeh kakav ste oduvijek \u017eeljeli &#8211; sve to bez prevelikog tro\u0161enja novca.  <\/div>\n<div>Pa \u0161to \u010dekate? Nemojte nam samo vjerovati na rije\u010d. Uzmite svoju tubu Crest 3D White Luminous Mint i pustite da va\u0161 osmijeh govori za vas!  <\/div>\n","protected":false},"excerpt":{"rendered":"<p>Pobolj\u0161ajte svoju rutinu oralne njege s Crest 3D White Luminous Mint 104 g, pastom za izbjeljivanje zubi. Recite zbogom mrljama i pozdravite blistav, samouvjeren osmijeh. Saznajte za\u0161to je to prvi izbor!  <\/p>\n","protected":false},"featured_media":13086,"comment_status":"open","ping_status":"closed","template":"","meta":[],"product_cat":[1082],"product_tag":[1139,1137,1140],"class_list":{"0":"post-13083","1":"product","2":"type-product","3":"status-publish","4":"has-post-thumbnail","6":"product_cat-crest-pasta-za-zube","7":"product_tag-crest-3d-bijela-svjetleca","8":"product_tag-crest-3d-bijela-svjetleca-menta","9":"product_tag-kupite-crest-3d","10":"pa_brands-grb","12":"first","13":"instock","14":"featured","15":"taxable","16":"shipping-taxable","17":"purchasable","18":"product-type-simple"},"_links":{"self":[{"href":"https:\/\/tretinoins.com\/hr\/wp-json\/wp\/v2\/product\/13083","targetHints":{"allow":["GET"]}}],"collection":[{"href":"https:\/\/tretinoins.com\/hr\/wp-json\/wp\/v2\/product"}],"about":[{"href":"https:\/\/tretinoins.com\/hr\/wp-json\/wp\/v2\/types\/product"}],"replies":[{"embeddable":true,"href":"https:\/\/tretinoins.com\/hr\/wp-json\/wp\/v2\/comments?post=13083"}],"version-history":[{"count":0,"href":"https:\/\/tretinoins.com\/hr\/wp-json\/wp\/v2\/product\/13083\/revisions"}],"wp:featuredmedia":[{"embeddable":true,"href":"https:\/\/tretinoins.com\/hr\/wp-json\/wp\/v2\/media\/13086"}],"wp:attachment":[{"href":"https:\/\/tretinoins.com\/hr\/wp-json\/wp\/v2\/media?parent=13083"}],"wp:term":[{"taxonomy":"product_cat","embeddable":true,"href":"https:\/\/tretinoins.com\/hr\/wp-json\/wp\/v2\/product_cat?post=13083"},{"taxonomy":"product_tag","embeddable":true,"href":"https:\/\/tretinoins.com\/hr\/wp-json\/wp\/v2\/product_tag?post=13083"}],"curies":[{"name":"wp","href":"https:\/\/api.w.org\/{rel}","templated":true}]}}