{"id":13066,"date":"2024-01-03T14:04:42","date_gmt":"2024-01-03T14:04:42","guid":{"rendered":"https:\/\/tretinoins.com\/crest-3d-white-charcoal-deep-clean-99g-osvjezavajuca-menta-elitna-pasta-za-izbjeljivanje-zubi\/"},"modified":"2024-01-03T14:04:42","modified_gmt":"2024-01-03T12:04:42","slug":"crest-3d-white-charcoal-deep-clean-99g-osvjezavajuca-menta-elitna-pasta-za-izbjeljivanje-zubi","status":"publish","type":"product","link":"https:\/\/tretinoins.com\/hr\/crest-3d-white-charcoal-deep-clean-99g-osvjezavajuca-menta-elitna-pasta-za-izbjeljivanje-zubi\/","title":{"rendered":"Crest 3D White Charcoal Deep Clean 99g, osvje\u017eavaju\u0107a menta, elitna pasta za izbjeljivanje zubi"},"content":{"rendered":"<h1>Otklju\u010davanje blistavog osmijeha: Prednosti Crest 3D White Charcoal Deep Clean 99g, osvje\u017eavaju\u0107e paste za izbjeljivanje zubi s mirisom mente<\/h1>\n<hr>\n<p>Blistav osmijeh ima mo\u0107 obasjati sobu. Prenosi samopouzdanje, toplinu i pristupa\u010dnost. Ali kako odr\u017eati taj sjaj? <strong>Crest 3D White Charcoal Deep Clean 99g, Invigorating Mint Whitening pasta za zube<\/strong> dizajnirana je da vam pomogne posti\u0107i upravo to. Ova inovativna pasta za zube kombinira naprednu tehnologiju izbjeljivanja s dubinskim \u010di\u0161\u0107enjem aktivnog ugljena i osvje\u017eavaju\u0107im okusom mente. U ovom \u010dlanku istra\u017eit \u0107emo prednosti, sastojke i savjete za uklju\u010divanje ove elektrane u va\u0161u svakodnevnu rutinu oralne njege.    <\/p>\n<hr>\n<h2>\u0160to se nalazi u Crest 3D White Charcoal Deep Cleanu?<\/h2>\n<p>Kako bismo razumjeli za\u0161to je ova pasta za zube toliko u\u010dinkovita, pogledajmo njezine klju\u010dne komponente i njihove jedinstvene funkcije:<\/p>\n<table>\n<thead>\n<tr>\n<th><strong>Sastojak<\/strong><\/th>\n<th><strong>Funkcija<\/strong><\/th>\n<\/tr>\n<\/thead>\n<tbody>\n<tr>\n<td>Ugljen<\/td>\n<td>Apsorbira mrlje i toksine za dubinsko \u010di\u0161\u0107enje<\/td>\n<\/tr>\n<tr>\n<td>Sredstva za izbjeljivanje<\/td>\n<td>Ciljajte i uklonite povr\u0161inske mrlje<\/td>\n<\/tr>\n<tr>\n<td>Osvje\u017eavaju\u0107i okus mente<\/td>\n<td>Osvje\u017eava dah i pobolj\u0161ava cjelokupni do\u017eivljaj<\/td>\n<\/tr>\n<tr>\n<td>Fluorid<\/td>\n<td>Ja\u010da caklinu i \u0161titi od karijesa<\/td>\n<\/tr>\n<\/tbody>\n<\/table>\n<h3>Ugljen: Dubinsko \u010di\u0161\u0107enje<\/h3>\n<p>Aktivni ugljen je posljednjih godina stekao popularnost, ne samo u oralnoj njezi ve\u0107 i u raznim proizvodima za ljepotu i zdravlje. Njegova porozna priroda omogu\u0107uje mu upijanje ne\u010disto\u0107a, \u0161to ga \u010dini izvrsnim sastojkom za: <\/p>\n<ul>\n<li><strong>Uklanjanje mrlja<\/strong> : Ugljen poma\u017ee u uklanjanju povr\u0161inskih mrlja uzrokovanih hranom, pi\u0107ima i pu\u0161enjem.<\/li>\n<li><strong>Kontrola mirisa<\/strong> : U\u010dinkovito neutralizira bakterije i toksine koji uzrokuju lo\u0161 zadah.<\/li>\n<\/ul>\n<h3>Sredstva za izbjeljivanje: Znanost o svjetlini<\/h3>\n<p>Crest u svoju formulu uklju\u010duje specifi\u010dne sastojke za izbjeljivanje koji razgra\u0111uju i uklanjaju promjenu boje, osiguravaju\u0107i da va\u0161i zubi ne samo da su \u010disti, ve\u0107 i da redovitom upotrebom izgledaju svjetlije.<\/p>\n<h3>Osvje\u017eavaju\u0107a metvica: Da\u0161ak svje\u017eeg zraka<\/h3>\n<p>Osvje\u017eavaju\u0107i okus mente dodaje osvje\u017eavaju\u0107i dodir, osiguravaju\u0107i da se va\u0161a usta osje\u0107aju revitalizirano nakon svakog pranja. To ne samo da prikriva neugodne mirise, ve\u0107 i doprinosi ugodnom iskustvu pranja zubi. <\/p>\n<h3>Fluorid: Za\u0161titnik cakline<\/h3>\n<p>Fluorid je klju\u010dan u modernim pastama za zube zbog svoje dokazane sposobnosti ja\u010danja zubne cakline. Ovaj za\u0161titni sloj klju\u010dan je u borbi protiv karijesa i propadanja, \u0161to proizvode bogate fluoridom poput Cresta \u010dini osnovnim elementom za dobro oralno zdravlje. <\/p>\n<hr>\n<h2>Prednosti kori\u0161tenja Crest 3D bijelog ugljena za dubinsko \u010di\u0161\u0107enje<\/h2>\n<p>Sada kada smo analizirali njegove komponente, istra\u017eimo kako <strong>Crest 3D White Charcoal Deep Clean 99g, Invigorating Mint pasta za izbjeljivanje zubi<\/strong> mo\u017ee pobolj\u0161ati va\u0161e oralno zdravlje i pru\u017eiti kozmeti\u010dke prednosti: <\/p>\n<h3>1. Vrhunska mo\u0107 osli\u0107a<\/h3>\n<ul>\n<li><strong>U\u010dinkovito uklanjanje mrlja<\/strong> : Kombinacija aktivnog ugljena i sredstava za izbjeljivanje ciljano uklanja mrlje od kave, \u010daja, vina i drugih uobi\u010dajenih uzroka, pru\u017eaju\u0107i vidljive rezultate.<\/li>\n<li><strong>Postupno pove\u0107anje svjetline<\/strong> : Dosljednom upotrebom mo\u017eete o\u010dekivati \u200b\u200bsvjetliji osmijeh bez osjetljivosti koja je ponekad povezana s drugim proizvodima za izbjeljivanje.<\/li>\n<\/ul>\n<h3>2. Dubinsko \u010di\u0161\u0107enje<\/h3>\n<ul>\n<li><strong>U\u010dinkovito uklanja plak<\/strong> : Aktivni ugljen ne samo da izbjeljuje, ve\u0107 i poma\u017ee u uklanjanju nakupina plaka, \u0161to je klju\u010dno za odr\u017eavanje zdravlja desni i zubi.<\/li>\n<li><strong>\u010cisti te\u0161ko dostupna mjesta<\/strong> : Njegova jedinstvena formula poma\u017ee u \u010di\u0161\u0107enju podru\u010dja usta koja obi\u010dna pasta za zube mo\u017eda ne dopiru.<\/li>\n<\/ul>\n<h3>3. Osvje\u017eava dah<\/h3>\n<ul>\n<li><strong>Dugotrajna svje\u017eina<\/strong> : Osvje\u017eavaju\u0107i okus mente osigurava svje\u017einu daha tijekom cijelog dana, \u0161to ga \u010dini savr\u0161enim za dru\u0161tvene interakcije.<\/li>\n<li><strong>Kontrola bakterija<\/strong> : Borbom protiv bakterija odgovornih za lo\u0161 zadah, ova pasta za zube doprinosi pobolj\u0161anju ukupne oralne higijene.<\/li>\n<\/ul>\n<h3>4. Za\u0161tita cakline<\/h3>\n<ul>\n<li><strong>Ja\u010da zube<\/strong> : Fluorid u formuli ja\u010da zubnu caklinu, \u010dine\u0107i je otpornijom na propadanje i karijes.<\/li>\n<li><strong>Odr\u017eava oralno zdravlje<\/strong> : Dobra oralna higijena dovodi do zdravijih desni i zubi, \u0161to doprinosi ukupnoj pobolj\u0161anoj kvaliteti \u017eivota.<\/li>\n<\/ul>\n<hr>\n<h2>Kako koristiti Crest 3D White Charcoal Deep Clean<\/h2>\n<p>Uklju\u010divanje ove paste za zube u va\u0161u svakodnevnu rutinu je jednostavno. Evo vodi\u010da korak po korak: <\/p>\n<h3>Dnevna rutina \u010detkanja<\/h3>\n<ol>\n<li><strong>Nano\u0161enje paste za zube<\/strong> : Istisnite koli\u010dinu veli\u010dine zrna gra\u0161ka na \u010detkicu za zube.<\/li>\n<li><strong>Po\u010detak pranja<\/strong> : Nje\u017eno perite zube dvije minute, paze\u0107i da pokrijete sve povr\u0161ine &#8211; prednju, stra\u017enju i podru\u010dje za \u017evakanje.<\/li>\n<li><strong>Ispljunite i isperite<\/strong> : Nakon pranja zubi, ispljunite pastu za zube i temeljito isperite usta vodom.<\/li>\n<\/ol>\n<h3>Savjeti za najbolje rezultate<\/h3>\n<ul>\n<li><strong>Perite zube dva puta dnevno<\/strong> : Za optimalno izbjeljivanje i njegu zubi, perite zube svako jutro i prije spavanja.<\/li>\n<li><strong>Uklju\u010dite zubni konac<\/strong> : Kombiniranje ove paste za zube s dnevnim zubnim koncem pomo\u0107i \u0107e u uklanjanju \u010destica hrane i plaka izme\u0111u zuba.<\/li>\n<li><strong>Izbjegavajte hranu koja ostavlja mrlje<\/strong> : Dok koristite pastu za izbjeljivanje zubi, poku\u0161ajte smanjiti konzumaciju jako pigmentirane hrane ili pi\u0107a kako biste maksimizirali rezultate.<\/li>\n<li><strong>Redoviti stomatolo\u0161ki pregledi<\/strong> : Redovito posje\u0107ujte svog stomatologa radi profesionalnog \u010di\u0161\u0107enja i pregleda. On vam mo\u017ee pru\u017eiti personalizirane savjete o odr\u017eavanju zdravlja va\u0161ih zubi. <\/li>\n<\/ul>\n<hr>\n<h2>Prelazak na Crest 3D White Charcoal Deep Clean<\/h2>\n<p>Prelazak na novu pastu za zube ponekad mo\u017ee izazvati zabrinutost oko toga kako \u0107e utjecati na va\u0161e oralno zdravlje. Evo kako olak\u0161ati prijelaz: <\/p>\n<table>\n<thead>\n<tr>\n<th><strong>Korak<\/strong><\/th>\n<th><strong>Savjet<\/strong><\/th>\n<\/tr>\n<\/thead>\n<tbody>\n<tr>\n<td>Po\u010dnite postupno<\/td>\n<td>Ako koristite razli\u010dite paste za zube, po\u010dnite ih mijenjati tijekom prvog tjedna.<\/td>\n<\/tr>\n<tr>\n<td>Osjetljivost monitora<\/td>\n<td>Ako osjetite bilo kakvu osjetljivost, razmislite o smanjenju u\u010destalosti i posavjetujte se sa stomatologom ako simptomi potraju.<\/td>\n<\/tr>\n<tr>\n<td>Odr\u017eavajte oralnu higijenu<\/td>\n<td>Odr\u017eavajte redovite stomatolo\u0161ke navike kako biste osigurali zdravlje zubi i desni.<\/td>\n<\/tr>\n<\/tbody>\n<\/table>\n<hr>\n<h2>\u010cesto postavljana pitanja o Crest 3D White Charcoal Deep Cleanu<\/h2>\n<h3>1. Je li sigurno za svakodnevnu upotrebu?<\/h3>\n<p>Da, <strong>Crest 3D White Charcoal Deep Clean<\/strong> namijenjen je za svakodnevnu upotrebu. Za najbolje rezultate samo slijedite preporu\u010dene upute. <\/p>\n<h3>2. Koliko dugo \u0107u vidjeti rezultate?<\/h3>\n<p>Mnogi korisnici prijavljuju vidljive u\u010dinke izbjeljivanja unutar nekoliko tjedana redovite upotrebe.<\/p>\n<h3>3. Mo\u017ee li se sigurno koristiti s aparati\u0107em za zube?<\/h3>\n<p>Op\u0107enito je sigurno koristiti ga s aparati\u0107em za zube, ali uvijek se posavjetujte sa svojim ortodontom za personalizirani savjet.<\/p>\n<h3>4. Djeluje li na osjetljivim zubima?<\/h3>\n<p>Iako mnogi smatraju da je u\u010dinkovit, osobe s ekstremnom osjetljivo\u0161\u0107u mo\u017eda bi se trebale posavjetovati sa svojim stomatologom prije redovite upotrebe.<\/p>\n<h3>5. Koji je najbolji na\u010din za pohranu?<\/h3>\n<p>Pastu za zube \u010duvajte na hladnom i suhom mjestu, dalje od izravne sun\u010deve svjetlosti, kako biste odr\u017eali njezinu u\u010dinkovitost.<\/p>\n<hr>\n<h2>Usporedba Crest 3D White Charcoal s drugim markama za izbjeljivanje zubi<\/h2>\n<p>Prilikom razmatranja opcija pasta za zube, uvijek je korisno usporediti. Evo kako se Crest uspore\u0111uje s nekim konkurentima: <\/p>\n<table>\n<thead>\n<tr>\n<th><strong>Marka\/Proizvod<\/strong><\/th>\n<th><strong>Mo\u0107 izbjeljivanja<\/strong><\/th>\n<th><strong>Opcije okusa<\/strong><\/th>\n<th><strong>Sigurno za emajl<\/strong><\/th>\n<\/tr>\n<\/thead>\n<tbody>\n<tr>\n<td>Crest 3D bijeli ugljen za dubinsko \u010di\u0161\u0107enje<\/td>\n<td>Visoko<\/td>\n<td>Osvje\u017eavaju\u0107a metvica<\/td>\n<td>Da<\/td>\n<\/tr>\n<tr>\n<td>Colgate Optic bijeli ugljen<\/td>\n<td>Umjereno<\/td>\n<td>Ledena eksplozija, svje\u017ea menta<\/td>\n<td>Da<\/td>\n<\/tr>\n<tr>\n<td>Sensodyne Pronamel nje\u017eno izbjeljivanje zubi<\/td>\n<td>Umjereno<\/td>\n<td>Svje\u017ea metvica<\/td>\n<td>Da<\/td>\n<\/tr>\n<\/tbody>\n<\/table>\n<p>Crest se isti\u010de svojom sna\u017enom formulom aktivnog ugljena i osvje\u017eavaju\u0107im okusom, \u0161to ga \u010dini po\u017eeljnim izborom za one koji ozbiljno shva\u0107aju izbjeljivanje zubi.<\/p>\n<hr>\n<p><strong>Crest 3D White Charcoal Deep Clean 99g, Invigorating Mint pasta za izbjeljivanje zubi<\/strong> predstavlja zna\u010dajan napredak u oralnoj higijeni i kozmeti\u010dkoj njezi. Jedinstvena mje\u0161avina ugljena i sredstava za izbjeljivanje ne samo da osigurava blistav osmijeh, ve\u0107 i poti\u010de dublje \u010di\u0161\u0107enje i svje\u017eiji dah. S fluoridnom za\u0161titom ispunjava sve uvjete za sveobuhvatan proizvod za njegu zubi.  <\/p>\n<p>Pa za\u0161to \u010dekati? Transformirajte svoju stomatolo\u0161ku rutinu i otklju\u010dajte puni potencijal svog osmijeha uz Crest 3D White Charcoal Deep Clean ve\u0107 danas! Otkrit \u0107ete da je blistav osmijeh vi\u0161e od estetike; to je poja\u010diva\u010d samopouzdanja koji mo\u017ee promijeniti va\u0161e svakodnevne interakcije. Isprobajte i sami osjetite razliku!   <\/p>\n","protected":false},"excerpt":{"rendered":"<p>Istra\u017eite Crest 3D White Charcoal Deep Clean 99g, osvje\u017eavaju\u0107u pastu za izbjeljivanje zubi s mirisom mente. Saznajte vi\u0161e o njezinim inovativnim sastojcima, prednostima i savjetima za postizanje blistavijeg osmijeha. <\/p>\n","protected":false},"featured_media":13067,"comment_status":"open","ping_status":"closed","template":"","meta":[],"product_cat":[1082],"product_tag":[1126,1130,1127,1129,1128],"class_list":{"0":"post-13066","1":"product","2":"type-product","3":"status-publish","4":"has-post-thumbnail","6":"product_cat-crest-pasta-za-zube","7":"product_tag-crest-3d-bijela","8":"product_tag-crest-3d-bijeli-ugljen","9":"product_tag-crest-3d-bijeli-ugljen-za-dubinsko-ciscenje-99-g","10":"product_tag-elite-pasta-za-izbjeljivanje-zubi","11":"product_tag-osvjezavajuca-metvica","12":"pa_brands-grb","14":"first","15":"outofstock","16":"taxable","17":"shipping-taxable","18":"purchasable","19":"product-type-simple"},"_links":{"self":[{"href":"https:\/\/tretinoins.com\/hr\/wp-json\/wp\/v2\/product\/13066","targetHints":{"allow":["GET"]}}],"collection":[{"href":"https:\/\/tretinoins.com\/hr\/wp-json\/wp\/v2\/product"}],"about":[{"href":"https:\/\/tretinoins.com\/hr\/wp-json\/wp\/v2\/types\/product"}],"replies":[{"embeddable":true,"href":"https:\/\/tretinoins.com\/hr\/wp-json\/wp\/v2\/comments?post=13066"}],"version-history":[{"count":0,"href":"https:\/\/tretinoins.com\/hr\/wp-json\/wp\/v2\/product\/13066\/revisions"}],"wp:featuredmedia":[{"embeddable":true,"href":"https:\/\/tretinoins.com\/hr\/wp-json\/wp\/v2\/media\/13067"}],"wp:attachment":[{"href":"https:\/\/tretinoins.com\/hr\/wp-json\/wp\/v2\/media?parent=13066"}],"wp:term":[{"taxonomy":"product_cat","embeddable":true,"href":"https:\/\/tretinoins.com\/hr\/wp-json\/wp\/v2\/product_cat?post=13066"},{"taxonomy":"product_tag","embeddable":true,"href":"https:\/\/tretinoins.com\/hr\/wp-json\/wp\/v2\/product_tag?post=13066"}],"curies":[{"name":"wp","href":"https:\/\/api.w.org\/{rel}","templated":true}]}}