{"id":13037,"date":"2024-01-03T13:59:55","date_gmt":"2024-01-03T13:59:55","guid":{"rendered":"https:\/\/tretinoins.com\/tretinoinska-krema-005-30-g-tretin-hh-protiv-akni-protiv-bora\/"},"modified":"2026-02-14T11:48:51","modified_gmt":"2026-02-14T09:48:51","slug":"tretinoinska-krema-005-30-g-tretin-hh-protiv-akni-protiv-bora","status":"publish","type":"product","link":"https:\/\/tretinoins.com\/hr\/tretinoinska-krema-005-30-g-tretin-hh-protiv-akni-protiv-bora\/","title":{"rendered":"Tretinoinska krema 0,05%, 30 g, Tretin, H&amp;H, protiv akni, protiv bora"},"content":{"rendered":"<div>\n<h1>\u010carolija tretinoin kreme 0,05% 30 g: Transformacija ko\u017ee s Tretinom, H&amp;H<\/h1>\n<p>Jeste li ikada po\u017eeljeli \u010darobni napitak koji bi samostalno mogao rije\u0161iti se akni, zagladiti fine linije i dati va\u0161oj ko\u017ei blistav, mladena\u010dki izgled? Zvu\u010di kao bajka, zar ne? Pa, upoznajte <i>Tretinoin kremu 0,05% (30 g)<\/i> , \u010dudo za njegu ko\u017ee koje je desetlje\u0107ima bila najbolje \u010duvana tajna dermatologa. U nekim krugovima poznata i kao Tretin ili Retin-A, jedan je od najmo\u0107nijih, znanstveno potkrijepljenih proizvoda za pobolj\u0161anje va\u0161e ko\u017ee. Bez obzira sanjate li o blistavom tenu ili se borite protiv dosadnih pri\u0161ti\u0107a, ova krema je tu za vas.    <\/p>\n<p>Podr\u017eana od strane brendova poput H&amp;H, poznatih po svojoj preciznosti i njezi, Tretinoin krema od 0,05% u svom formatu od 30 g vi\u0161e je od samog proizvoda &#8211; to je spasitelj ko\u017ee. Ali \u0161to je to\u010dno \u010dini tako popularnom? Je li vrijedna pompe? I najva\u017enije, kako je koristiti na pravi na\u010din da biste oslobodili njen puni potencijal? Ostanite s nama jer \u0107emo se detaljno pozabaviti ovom kultnom njegom ko\u017ee.    <\/p>\n<hr>\n<h1>\u0160to se pri\u010da o tretinoin kremi 0,05% 30 g?<\/h1>\n<p>Dakle, \u0161to je tolika buka oko <i>Tretinoin kreme 0,05% 30 g<\/i> , Tretina, i njegove veze s H&amp;H? Razlo\u017eimo to: <\/p>\n<h3>1. <strong>\u0160to je to\u010dno tretinoin?<\/strong><\/h3>\n<p>Tretinoin je derivat vitamina A koji djeluje kao retinoid &#8211; klasa spojeva poznata po svojim izvanrednim u\u010dincima na obnavljanje stanica i proizvodnju kolagena. Jednostavno re\u010deno, to je kao da osvje\u017eite ko\u017eu. Izvorno razvijen kao tretman za akne, znanstvenicima nije trebalo dugo da primijete njegove dodatne u\u010dinke, poput smanjenja bora, pobolj\u0161anja teksture ko\u017ee i ujedna\u010davanja hiperpigmentacije.  <\/p>\n<ul>\n<li><strong>Kako to funkcionira?<\/strong>  Pove\u0107ava obnavljanje stanica ko\u017ee, br\u017ee guraju\u0107i svje\u017ee, zdrave stanice na povr\u0161inu, dok istovremeno ot\u010depljuje pore i poti\u010de kolagen &#8211; protein odgovoran za elasti\u010dnost ko\u017ee.<\/li>\n<li><strong>Za\u0161to koncentracija od 0,05%?<\/strong>  Ova umjerena doza uravnote\u017euje snagu i blagost &#8211; dovoljno je sna\u017ena da postigne zna\u010dajne rezultate, ali ne toliko jaka da nadja\u010da nove korisnike.<\/li>\n<\/ul>\n<h3>2. <strong>Uloga H&amp;H-a u igri<\/strong><\/h3>\n<p>H&amp;H, pouzdano ime u njezi ko\u017ee, preuzeo je vodstvo u stvaranju visokokvalitetnih formulacija tretinoina, osiguravaju\u0107i da njihovi proizvodi pru\u017eaju maksimalne rezultate uz minimalnu iritaciju. Spajanjem vrhunske tehnologije s dermatolo\u0161kim stru\u010dnim znanjem, njihova tuba od 30 g Tretinoin kreme 0,05% apsolutna je prekretnica za svakoga tko ozbiljno \u017eeli pobolj\u0161ati svoju ko\u017eu. <\/p>\n<h3>3. <strong>Za\u0161to odabrati tubu od 30 g?<\/strong><\/h3>\n<p>Veli\u010dina od 30 g savr\u0161ena je za dugotrajnu upotrebu. S tretinoinom je klju\u010dna dosljednost &#8211; ovo nije brzo rje\u0161enje, ve\u0107 maraton do blistavih rezultata. Pakiranje od 30 g tvrtke H&amp;H osigurava da vam nikada ne\u0107e ponestati zaliha dok provodite svoju redovitu rutinu njege ko\u017ee. Osim toga, s malo kreme koja je dovoljna za dugotrajnu upotrebu, ovo \u0107e vam trajati prili\u010dno dugo!   <\/p>\n<hr>\n<h1>Prednosti tretinoin kreme 0,05% 30 g<\/h1>\n<p>Jo\u0161 se pitate je li Tretinoin krema vrijedna pompe? Razgovarajmo o prednostima, jer su jednostavno zapanjuju\u0107e: <\/p>\n<h3>1. <strong>Zbogom, akne!<\/strong><\/h3>\n<p>Jedna od glavnih prednosti tretinoina je njegova sposobnost borbe protiv akni. Ot\u010depljivanjem pora, smanjenjem proizvodnje ulja i sprje\u010davanjem novih izbijanja akni, poma\u017ee u odr\u017eavanju \u010diste ko\u017ee i bez mrlja. <\/p>\n<h3>2. <strong>\u010cudo protiv starenja<\/strong><\/h3>\n<p>Zaboravite na fine linije i borice! Tretinoin poti\u010de proizvodnju kolagena, \u0161to poma\u017ee u popunjavanju ko\u017ee i zagla\u0111ivanju svih dosadnih linija koje se poku\u0161avaju pojaviti. <\/p>\n<h3>3. <strong>Uklanja tamne mrlje<\/strong><\/h3>\n<p>Imate li o\u0161te\u0107enja od sunca ili hiperpigmentaciju? Tretinoin se bori protiv tvrdokornih tamnih mrlja poti\u010du\u0107i obnovu stanica, ostavljaju\u0107i vam svjetliji i ujedna\u010deniji ten. <\/p>\n<h3>4. <strong>Pobolj\u0161ava teksturu ko\u017ee<\/strong><\/h3>\n<p>Nitko ne voli grubu, neravnu ko\u017eu. Tretinoin stvara glatku, svilenkastu zavr\u0161nu obradu uklanjanjem mrtvih stanica ko\u017ee i poticanjem stvaranja novih. <\/p>\n<h3>5. <strong>Sprje\u010dava prerano starenje<\/strong><\/h3>\n<p>Dugotrajna upotreba ja\u010da obrambene mehanizme va\u0161e ko\u017ee, poma\u017eu\u0107i u o\u010duvanju njezina mladena\u010dkog izgleda. Smatrajte to ulaganjem u budu\u0107nost va\u0161e njege ko\u017ee! <\/p>\n<hr>\n<h1>Kako koristiti tretinoin kremu 0,05% 30 g kao profesionalac<\/h1>\n<p>U redu, sada ste uvjereni u njegove prednosti. Ali prije nego \u0161to ga nanesete poput hidratantne kreme, usporite s nano\u0161enjem! Tretinoin je mo\u0107na tvar i njegova nepravilna upotreba mo\u017ee dovesti do suho\u0107e, perutanja i iritacije. Sve se svodi na pametniji, a ne naporniji rad.   <\/p>\n<h3><strong>Korak-po-korak primjena<\/strong><\/h3>\n<ol>\n<li><strong>Po\u010detni lagani sloj<\/strong> : Za po\u010detnike, nanesite malu koli\u010dinu veli\u010dine zrna gra\u0161ka na cijelo lice. Vjerujte nam &#8211; malo je dovoljno. <\/li>\n<li><strong>No\u0107na rutina<\/strong> : Koristite ga no\u0107u jer mo\u017ee u\u010diniti va\u0161u ko\u017eu dodatno osjetljivom na sun\u010devu svjetlost. Ne zaboravite kremu za sun\u010danje tijekom dana! <\/li>\n<li><strong>Prvo \u010di\u0161\u0107enje<\/strong> : Pazite da vam je lice besprijekorno \u010disto i potpuno suho (vla\u017ena ko\u017ea mo\u017ee pove\u0107ati iritaciju).<\/li>\n<li><strong>Izbjegavajte osjetljiva podru\u010dja<\/strong> : Dr\u017eite se podalje od kutova usta, nosnica i podru\u010dja oko o\u010diju &#8211; oni su posebno osjetljivi.<\/li>\n<li><strong>Hidratacija, hidratacija, hidratacija<\/strong> : Nanesite bogatu, hidratantnu kremu za borbu protiv suho\u0107e.<\/li>\n<\/ol>\n<h3><strong>Savjeti za uspjeh<\/strong><\/h3>\n<ul>\n<li>Po\u010dnite ga koristiti 2-3 puta tjedno, postupno pove\u0107avaju\u0107i u\u010destalost kako se va\u0161a ko\u017ea prilagodi.<\/li>\n<li>Budite strpljivi. Vidljivi rezultati mogu se vidjeti tek za nekoliko tjedana, ali vjerujte procesu! <\/li>\n<li>Uvijek koristite kremu za sun\u010danje. Tretinoin krema 0,05% 30 g \u010dini va\u0161u ko\u017eu osjetljivijom na sunce, tako da se oko SPF-a ne mo\u017ee pregovarati. <\/li>\n<\/ul>\n<hr>\n<h1>\u010cesta pitanja o tretinoin kremi 0,05% 30 g<\/h1>\n<p>Sastavili smo popis naj\u010de\u0161\u0107e postavljanih pitanja kako biste imali sve potrebne informacije:<\/p>\n<h3><strong>1. Djeluje li tretinoin kod svih?<\/strong><\/h3>\n<p>Djeluje na ve\u0107inu tipova ko\u017ee, ali oni s jako osjetljivom ko\u017eom mogu osjetiti iritaciju. Ako imate nedoumica, prije po\u010detka se posavjetujte s dermatologom. <\/p>\n<h3><strong>2. Koliko dugo \u0107u vidjeti rezultate?<\/strong><\/h3>\n<p>Dok neki korisnici primje\u0107uju pobolj\u0161anja unutar nekoliko tjedana, puni rezultati obi\u010dno se vide tek nakon 8-12 tjedana. Za dobre stvari potrebno je vrijeme! <\/p>\n<h3><strong>3. Mogu li koristiti tretinoin s drugim proizvodima?<\/strong><\/h3>\n<p>Da, ali s oprezom. Izbjegavajte agresivne pilinge, eksfolijante ili jake aktivne sastojke poput benzoil peroksida ili AHA\/BHA kiselina kada po\u010dinjete s tretinoinom. <\/p>\n<h3><strong>4. \u0160to ako mi se ko\u017ea lju\u0161ti ili je iritirana?<\/strong><\/h3>\n<p>To je potpuno normalno tijekom po\u010detnog razdoblja &#8220;\u010di\u0161\u0107enja&#8221;. Nastavi, hidratiziraj ko\u017eu kao luda i koristi kremu rje\u0111e ako je potrebno. <\/p>\n<hr>\n<h1>Za\u0161to bi tretinoin krema 0,05% 30 g, Tretin, H&amp;H trebala biti na va\u0161oj polici<\/h1>\n<p>Budimo iskreni &#8211; ne nedostaje proizvoda za njegu ko\u017ee koji obe\u0107avaju svijet. Ali istina? Vrlo malo njih je potkrijepljeno planinama znanstvenih dokaza kojima se Tretinoin mo\u017ee pohvaliti. Bez obzira borite li se s aknama, zabrinuti ste zbog starenja ili jednostavno \u017eudite za ujedna\u010denim tenom, <i>Tretinoin krema 0,05% 30 g, Tretin, H&amp;H<\/i> donosi rezultate.   <\/p>\n<p>Format od 30 g savr\u0161en je i za po\u010detnike i za iskusne entuzijaste njege ko\u017ee. A s pouzdanim imenom H&amp;H iza proizvoda, mo\u017eete biti mirni znaju\u0107i da svojoj ko\u017ei pru\u017eate kvalitetu. <\/p>\n<hr>\n<h1>Klju\u010dne misli i zaklju\u010dke<\/h1>\n<p>Tretinoin krema 0,05% 30 g, posebno kada je nude pouzdani brendovi poput Tretina i H&amp;H, o\u010dita je odluka za svakoga tko \u017eeli pobolj\u0161ati svoju rutinu njege ko\u017ee. Da, potrebno je strpljenje, malo poku\u0161aja i pogre\u0161aka te predanost, ali rezultati su apsolutno vrijedni toga. <\/p>\n<p>Ukratko:<\/p>\n<ul>\n<li>Tretinoin krema 0,05% 30 g poma\u017ee u borbi protiv akni, pobolj\u0161ava teksturu ko\u017ee i bori se protiv znakova starenja.<\/li>\n<li>Pravilna upotreba je klju\u010dna kako bi se izbjegla iritacija (po\u010dnite polako i hidratizirajte ko\u017eu kao da vam \u017eivot ovisi o tome!).<\/li>\n<li>Dosljednost je klju\u010dna za dugoro\u010dne rezultate blistave ko\u017ee.<\/li>\n<\/ul>\n<p>Jeste li spremni transformirati svoju njegu ko\u017ee? Dodajte Tretinoin kremu 0,05% 30 g, Tretin, H&amp;H u svoj kozmeti\u010dki ormari\u0107 i neka \u010darolija zapo\u010dne. Va\u0161e budu\u0107e ja \u0107e vam biti zahvalno!  <\/p>\n<hr>\n<p><strong>\u010cesto postavljana pitanja Kratki sa\u017eetak:<\/strong><\/p>\n<ol>\n<li>Uzrokuje li tretinoin lju\u0161tenje ko\u017ee? (Da, nakratko, u po\u010detku.) <\/li>\n<li>Koliko dugo traje djelovanje? (Obi\u010dno 8-12 tjedana.) <\/li>\n<li>Mogu li ga kombinirati s drugim aktivnim sastojcima? (Pa\u017eljivo &#8211; posavjetujte se s dermatologom!) <\/li>\n<\/ol>\n<p>\u017divjeli za blistavu, samouvjerenu tebe!<\/p>\n<\/div>\n","protected":false},"excerpt":{"rendered":"<p>Otkrijte transformativnu mo\u0107 Tretinoin kreme 0,05% 30 g, Tretin, H&amp;H. Zaronite u ovaj sveobuhvatni vodi\u010d koji detaljno opisuje njezine prednosti, upotrebu i pravilnu primjenu za blistavu, mladena\u010dku ko\u017eu. Va\u0161e rje\u0161enje za akne, starenje i jo\u0161 mnogo toga po\u010dinje ovdje!  <\/p>\n","protected":false},"featured_media":13038,"comment_status":"open","ping_status":"closed","template":"","meta":[],"product_cat":[1099],"product_tag":[1102,1105,1104],"class_list":{"0":"post-13037","1":"product","2":"type-product","3":"status-publish","4":"has-post-thumbnail","6":"product_cat-njega-lica","7":"product_tag-tretin","8":"product_tag-tretin-i-hh","9":"product_tag-tretinoin-krema-005-30-g","11":"first","12":"instock","13":"taxable","14":"shipping-taxable","15":"purchasable","16":"product-type-simple"},"_links":{"self":[{"href":"https:\/\/tretinoins.com\/hr\/wp-json\/wp\/v2\/product\/13037","targetHints":{"allow":["GET"]}}],"collection":[{"href":"https:\/\/tretinoins.com\/hr\/wp-json\/wp\/v2\/product"}],"about":[{"href":"https:\/\/tretinoins.com\/hr\/wp-json\/wp\/v2\/types\/product"}],"replies":[{"embeddable":true,"href":"https:\/\/tretinoins.com\/hr\/wp-json\/wp\/v2\/comments?post=13037"}],"version-history":[{"count":1,"href":"https:\/\/tretinoins.com\/hr\/wp-json\/wp\/v2\/product\/13037\/revisions"}],"predecessor-version":[{"id":15271,"href":"https:\/\/tretinoins.com\/hr\/wp-json\/wp\/v2\/product\/13037\/revisions\/15271"}],"wp:featuredmedia":[{"embeddable":true,"href":"https:\/\/tretinoins.com\/hr\/wp-json\/wp\/v2\/media\/13038"}],"wp:attachment":[{"href":"https:\/\/tretinoins.com\/hr\/wp-json\/wp\/v2\/media?parent=13037"}],"wp:term":[{"taxonomy":"product_cat","embeddable":true,"href":"https:\/\/tretinoins.com\/hr\/wp-json\/wp\/v2\/product_cat?post=13037"},{"taxonomy":"product_tag","embeddable":true,"href":"https:\/\/tretinoins.com\/hr\/wp-json\/wp\/v2\/product_tag?post=13037"}],"curies":[{"name":"wp","href":"https:\/\/api.w.org\/{rel}","templated":true}]}}