{"id":13183,"date":"2024-06-19T16:54:56","date_gmt":"2024-06-19T14:54:56","guid":{"rendered":"https:\/\/tretinoins.com\/nacini-placanja\/"},"modified":"2025-09-14T12:36:08","modified_gmt":"2025-09-14T10:36:08","slug":"nacini-placanja","status":"publish","type":"page","link":"https:\/\/tretinoins.com\/hr\/nacini-placanja\/","title":{"rendered":"Na\u010dini pla\u0107anja"},"content":{"rendered":"\t\t<div data-elementor-type=\"wp-page\" data-elementor-id=\"13183\" class=\"elementor elementor-13183 elementor-4096\">\n\t\t\t\t<div class=\"elementor-element elementor-element-0457deb e-flex e-con-boxed e-con e-parent\" data-id=\"0457deb\" data-element_type=\"container\">\n\t\t\t\t\t<div class=\"e-con-inner\">\n\t\t\t\t<div class=\"elementor-element elementor-element-00304eb elementor-widget elementor-widget-text-editor\" data-id=\"00304eb\" data-element_type=\"widget\" data-widget_type=\"text-editor.default\">\n\t\t\t\t<div class=\"elementor-widget-container\">\n\t\t\t\t\t\t\t\t\t<p>Na na\u0161oj web stranici, na\u0161i klijenti imaju dvije mogu\u0107nosti pla\u0107anja za svoje narud\u017ebe:<\/p><ol><li><strong>Pla\u0107anje pouze\u0107em<\/strong> : S ovom opcijom, u dostupnim zemljama mo\u017eete platiti kuriru gotovinom u trenutku dolaska paketa na va\u0161u lokaciju, tako da ne morate platiti unaprijed. Ova metoda pla\u0107anja dostupna je samo u sljede\u0107im zemljama, a radimo na tome da je u budu\u0107nosti dodamo u jo\u0161 zemalja: <\/li><\/ol><ul><li>Bugarska<\/li><li>Ma\u0111arska<\/li><li>Rumunija<\/li><\/ul><p>2. <strong>Pla\u0107anje karticom<\/strong> : Ovom metodom mo\u017eete unaprijed platiti svoju narud\u017ebu debitnom karticom, a va\u0161a \u0107e se transakcija obraditi putem Viva Paymentsa \u2013 platforme za online pla\u0107anje karticama. Viva Payments vam ne\u0107e naplatiti nikakve dodatne naknade, tako da \u0107e cijena koju \u0107ete platiti biti to\u010dno onakva cijena prikazana prilikom pla\u0107anja. <\/p>\t\t\t\t\t\t\t\t<\/div>\n\t\t\t\t<\/div>\n\t\t\t\t\t<\/div>\n\t\t\t\t<\/div>\n\t\t\t\t<\/div>\n\t\t","protected":false},"excerpt":{"rendered":"<p>Na na\u0161oj web stranici, na\u0161i klijenti imaju dvije mogu\u0107nosti pla\u0107anja za svoje narud\u017ebe: Pla\u0107anje pouze\u0107em : S ovom opcijom, u dostupnim zemljama&hellip;<\/p>\n","protected":false},"author":1,"featured_media":0,"parent":0,"menu_order":0,"comment_status":"closed","ping_status":"closed","template":"","meta":{"footnotes":""},"class_list":["post-13183","page","type-page","status-publish","hentry"],"_links":{"self":[{"href":"https:\/\/tretinoins.com\/hr\/wp-json\/wp\/v2\/pages\/13183","targetHints":{"allow":["GET"]}}],"collection":[{"href":"https:\/\/tretinoins.com\/hr\/wp-json\/wp\/v2\/pages"}],"about":[{"href":"https:\/\/tretinoins.com\/hr\/wp-json\/wp\/v2\/types\/page"}],"author":[{"embeddable":true,"href":"https:\/\/tretinoins.com\/hr\/wp-json\/wp\/v2\/users\/1"}],"replies":[{"embeddable":true,"href":"https:\/\/tretinoins.com\/hr\/wp-json\/wp\/v2\/comments?post=13183"}],"version-history":[{"count":1,"href":"https:\/\/tretinoins.com\/hr\/wp-json\/wp\/v2\/pages\/13183\/revisions"}],"predecessor-version":[{"id":13184,"href":"https:\/\/tretinoins.com\/hr\/wp-json\/wp\/v2\/pages\/13183\/revisions\/13184"}],"wp:attachment":[{"href":"https:\/\/tretinoins.com\/hr\/wp-json\/wp\/v2\/media?parent=13183"}],"curies":[{"name":"wp","href":"https:\/\/api.w.org\/{rel}","templated":true}]}}