{"id":13181,"date":"2023-12-29T17:26:52","date_gmt":"2023-12-29T15:26:52","guid":{"rendered":"https:\/\/tretinoins.com\/pravila-dostave\/"},"modified":"2025-09-14T12:36:08","modified_gmt":"2025-09-14T10:36:08","slug":"pravila-dostave","status":"publish","type":"page","link":"https:\/\/tretinoins.com\/hr\/pravila-dostave\/","title":{"rendered":"Pravila dostave"},"content":{"rendered":"\t\t<div data-elementor-type=\"wp-page\" data-elementor-id=\"13181\" class=\"elementor elementor-13181 elementor-3383\">\n\t\t\t\t<div class=\"elementor-element elementor-element-1e0ca50 e-flex e-con-boxed e-con e-parent\" data-id=\"1e0ca50\" data-element_type=\"container\">\n\t\t\t\t\t<div class=\"e-con-inner\">\n\t\t\t\t<div class=\"elementor-element elementor-element-2f15d3b elementor-widget elementor-widget-text-editor\" data-id=\"2f15d3b\" data-element_type=\"widget\" data-widget_type=\"text-editor.default\">\n\t\t\t\t<div class=\"elementor-widget-container\">\n\t\t\t\t\t\t\t\t\t<p><strong>Pravila dostave<\/strong><\/p><p>Svrha pravila dostave je upoznati vas s pravilima dostave i povezanim postupcima. Narud\u017ebom u ovoj trgovini prihva\u0107ate pravila dostave i njihova pravila. Svi proizvodi se isporu\u010duju i prodaju iz vlastitog skladi\u0161ta.  <\/p><p><strong>Tro\u0161kovi dostave<\/strong><\/p><p><strong>Rumunija<\/strong><\/p><p>Tro\u0161ak dostave na va\u0161a vrata putem usluge Sameday (Samegaday \u2013 Dostava na vrata) iznosi 3 EUR diljem Rumunjske, bez dodatnih tro\u0161kova.<\/p><p>Tro\u0161ak dostave putem Sameday Easyboxa (Sameday \u2013 EasyBox) iznosi 2,5 EUR diljem Rumunjske, bez dodatnih tro\u0161kova.<\/p><p><strong>Bugarska, Ma\u0111arska<\/strong><\/p><p>Tro\u0161ak dostave na va\u0161a vrata putem usluge Sameday (Samegaday Crossborder \u2013 Dostava na vrata) iznosi 4 EUR diljem Bugarske ili Ma\u0111arske, bez dodatnih tro\u0161kova.<\/p><p>Tro\u0161ak dostave putem Sameday Easyboxa (Sameday Crossborder \u2013 Locker EasyBox) iznosi 3,5 EUR unutar Bugarske ili Ma\u0111arske, bez dodatnih tro\u0161kova.<\/p><p><strong>Druge europske zemlje:<\/strong><\/p><p>Ovisno o va\u0161oj lokaciji, va\u0161a \u0107e narud\u017eba sti\u0107i za 2-6 dana u sljede\u0107e europske zemlje:<\/p><ul><li><strong>Austrija<\/strong> \u2013 10\u20ac (DPD kurirska slu\u017eba)<\/li><li><strong>Belgija<\/strong> \u2013 17\u20ac (Post HD)<\/li><li><strong>Hrvatska<\/strong> \u2013 14,99 \u20ac (POST HD)<\/li><li><strong>\u010ce\u0161ka<\/strong> \u2013 7\u20ac (Packeta Home HD)<\/li><li><strong>Danska<\/strong> \u2013 18\u20ac (Post Nord)<\/li><li><strong>Estonija<\/strong> \u2013 13\u20ac (Omniva)<\/li><li><b>Finska<\/b> \u2013 31 \u20ac (Post Nord)<\/li><li><b>Francuska<\/b> \u2013 14\u20ac (Colis Priv\u00e9 HD)<\/li><li><strong>Njema\u010dka<\/strong> \u2013 10\u20ac (Hermes HD)<\/li><li><strong>Gr\u010dka<\/strong> \u2013 7\u20ac (ELTA HD)<\/li><li><strong>Irska<\/strong> \u2013 15\u20ac (Fastway HD)<\/li><li><strong>Italija<\/strong> \u2013 10\u20ac (Bartolini HD)<\/li><li><strong>Latvija<\/strong> \u2013 12\u20ac (Omniva HD)<\/li><li><strong>Litva<\/strong> \u2013 12\u20ac (Omniva HD)<\/li><li><b>Nizozemska<\/b> \u2013 14,50 \u20ac (DHL)<\/li><li><strong>Poljska<\/strong> \u2013 5\u20ac (Dostava na ku\u0107nu adresu HD)<\/li><li><strong>Portugal<\/strong> \u2013 11\u20ac (MRW HD)<\/li><li><strong>Slova\u010dka<\/strong> \u2013 7\u20ac (Paket Home HD)<\/li><li><strong>Slovenija<\/strong> \u2013 8\u20ac (Slovenska po\u0161ta HD)<\/li><li><strong>\u0160panjolska<\/strong> \u2013 11\u20ac (MRW HD)<\/li><li><b>\u0160vedska<\/b> \u2013 21 \u20ac (Post Nord)<\/li><li><b>\u0160vicarska<\/b> \u2013 18\u20ac (prioritetna po\u0161iljka \u0161vicarske po\u0161te)<\/li><\/ul><p>Za narud\u017ebe iznad 75 EUR imate pravo na besplatnu dostavu.<\/p><p><strong>Vrijeme dostave i trajanje tranzita<\/strong><\/p><p>Narud\u017ebe se obi\u010dno obra\u0111uju u roku od 1-2 radna dana (od ponedjeljka do petka) prije nego \u0161to se predaju kuriru.<\/p><p>Paketi su obi\u010dno u transportu s kurirskom slu\u017ebom 2-4 radna dana (od ponedjeljka do petka).<\/p><p>Dostave se vr\u0161e od ponedjeljka do petka, a zadnja po\u0161iljka bit \u0107e u 15:00 sati (po rumunjskom vremenu).<\/p><p><strong>Kurirske slu\u017ebe koje koristimo<\/strong><\/p><p>Kurirska slu\u017eba istog dana, DPD, Post HD, Post Nord, Omniva, Colis Prive HD, Hermes, Elta HD, Fastway HD, Bartolini HD, DHL, Dostava na ku\u0107nu adresu HD, MRW HD, Slovenska po\u0161ta HD, \u0160vicarska po\u0161ta Priority i Packeta.<\/p><p><strong>Dostava i pra\u0107enje va\u0161eg paketa<\/strong><\/p><p>\u010cim kurir preuzme va\u0161u narud\u017ebu, primit \u0107ete e-poruku s potvrdom o dostavi va\u0161e narud\u017ebe. Ove e-poruke sadr\u017eavat \u0107e broj za pra\u0107enje paketa i web-stranicu kurirske tvrtke, zajedno s pribli\u017enom procjenom datuma dostave. <\/p><p><strong>Promjena odredi\u0161ta dostave<\/strong><\/p><p>Nakon \u0161to je paket u tranzitu, ne mo\u017eemo promijeniti adresu za dostavu. Ako \u017eelite promijeniti adresu za dostavu svoje narud\u017ebe, kontaktirajte nas u roku od 24 sata od narud\u017ebe na adresu e-po\u0161te contact@tretinoins.com. <\/p><p><strong>Otkazivanje poslane narud\u017ebe<\/strong><\/p><p>Ako se predomislite prije primitka narud\u017ebe, nudimo vam mogu\u0107nost otkazivanja narud\u017ebe u bilo kojem trenutku prije nego \u0161to je predate kuriru. Molimo pogledajte i na\u0161a pravila povrata. <\/p><p><strong>Paketi o\u0161te\u0107eni u transportu<\/strong><\/p><p>Ako je va\u0161 paket o\u0161te\u0107en tijekom transporta, molimo vas da, ako je mogu\u0107e, odbijete primiti paket pred kurirom i kontaktirate nas koriste\u0107i podatke u odjeljku za kontakt. Ako je paket dostavljen bez va\u0161e prisutnosti, kontaktirajte nas slijede\u0107i sljede\u0107e korake: <\/p><p>Ako imate bilo kakvih drugih pitanja u vezi s na\u0161om politikom dostave, mo\u017eete nas kontaktirati koriste\u0107i dolje navedene podatke:<\/p><p>Telefon: +40 750418333<\/p><p>E-po\u0161ta: contact@tretinoins.com<\/p><p>Adresa: Aleea Cetatuia 4, bl. M22, sc. 4, ap. 222, Bukure\u0161t, 060834, Rumunjska   <\/p>\t\t\t\t\t\t\t\t<\/div>\n\t\t\t\t<\/div>\n\t\t\t\t\t<\/div>\n\t\t\t\t<\/div>\n\t\t\t\t<\/div>\n\t\t","protected":false},"excerpt":{"rendered":"<p>Pravila dostave Svrha pravila dostave je upoznati vas s pravilima dostave i povezanim postupcima. Narud\u017ebom u ovoj trgovini prihva\u0107ate pravila dostave i&hellip;<\/p>\n","protected":false},"author":1,"featured_media":0,"parent":0,"menu_order":0,"comment_status":"closed","ping_status":"closed","template":"","meta":{"footnotes":""},"class_list":["post-13181","page","type-page","status-publish","hentry"],"_links":{"self":[{"href":"https:\/\/tretinoins.com\/hr\/wp-json\/wp\/v2\/pages\/13181","targetHints":{"allow":["GET"]}}],"collection":[{"href":"https:\/\/tretinoins.com\/hr\/wp-json\/wp\/v2\/pages"}],"about":[{"href":"https:\/\/tretinoins.com\/hr\/wp-json\/wp\/v2\/types\/page"}],"author":[{"embeddable":true,"href":"https:\/\/tretinoins.com\/hr\/wp-json\/wp\/v2\/users\/1"}],"replies":[{"embeddable":true,"href":"https:\/\/tretinoins.com\/hr\/wp-json\/wp\/v2\/comments?post=13181"}],"version-history":[{"count":1,"href":"https:\/\/tretinoins.com\/hr\/wp-json\/wp\/v2\/pages\/13181\/revisions"}],"predecessor-version":[{"id":13182,"href":"https:\/\/tretinoins.com\/hr\/wp-json\/wp\/v2\/pages\/13181\/revisions\/13182"}],"wp:attachment":[{"href":"https:\/\/tretinoins.com\/hr\/wp-json\/wp\/v2\/media?parent=13181"}],"curies":[{"name":"wp","href":"https:\/\/api.w.org\/{rel}","templated":true}]}}