{"id":13134,"date":"2020-10-21T08:35:42","date_gmt":"2020-10-21T06:35:42","guid":{"rendered":"https:\/\/tretinoins.com\/cesto-postavljana-pitanja\/"},"modified":"2025-09-14T12:35:57","modified_gmt":"2025-09-14T10:35:57","slug":"cesto-postavljana-pitanja","status":"publish","type":"page","link":"https:\/\/tretinoins.com\/hr\/cesto-postavljana-pitanja\/","title":{"rendered":"\u010cesto postavljana pitanja"},"content":{"rendered":"\t\t<div data-elementor-type=\"wp-page\" data-elementor-id=\"13134\" class=\"elementor elementor-13134 elementor-179\">\n\t\t\t\t\t\t<section class=\"elementor-section elementor-top-section elementor-element elementor-element-51cc69c elementor-section-full_width elementor-section-height-default elementor-section-height-default\" data-id=\"51cc69c\" data-element_type=\"section\">\n\t\t\t\t\t\t<div class=\"elementor-container elementor-column-gap-no\">\n\t\t\t\t\t<div class=\"elementor-column elementor-col-100 elementor-top-column elementor-element elementor-element-d3159a6\" data-id=\"d3159a6\" data-element_type=\"column\">\n\t\t\t<div class=\"elementor-widget-wrap elementor-element-populated\">\n\t\t\t\t\t\t<div class=\"elementor-element elementor-element-d04350a elementor-widget elementor-widget-ideapark-page-header\" data-id=\"d04350a\" data-element_type=\"widget\" data-widget_type=\"ideapark-page-header.default\">\n\t\t\t\t<div class=\"elementor-widget-container\">\n\t\t\t\t\t\t<header\n\t\tclass=\"l-section c-page-header c-page-header--header-type-1 c-page-header--default\n c-page-header--low\"\n\t\t>\n\n\t\t\t\t\t<div class=\"c-page-header__wrap\">\n\t\t\t\t\t\t\t\t\t<h1 class=\"c-page-header__title\">\u010cesto postavljana pitanja<\/h1>\n\t\t\t\t\t\t\t<\/div>\n\t\t\t\t<nav aria-label=\"breadcrumbs\" class=\"rank-math-breadcrumb c-breadcrumbs\"><div class=\"c-breadcrumbs__list\"><span class=\"last\">Home<\/span><\/div><\/nav>\t<\/header>\n\t\t\t\t<\/div>\n\t\t\t\t<\/div>\n\t\t\t\t\t<\/div>\n\t\t<\/div>\n\t\t\t\t\t<\/div>\n\t\t<\/section>\n\t\t\t\t<section class=\"elementor-section elementor-top-section elementor-element elementor-element-1617f7b elementor-section-boxed elementor-section-height-default elementor-section-height-default\" data-id=\"1617f7b\" data-element_type=\"section\">\n\t\t\t\t\t\t<div class=\"elementor-container elementor-column-gap-no\">\n\t\t\t\t\t<div class=\"elementor-column elementor-col-100 elementor-top-column elementor-element elementor-element-bc288d3\" data-id=\"bc288d3\" data-element_type=\"column\">\n\t\t\t<div class=\"elementor-widget-wrap elementor-element-populated\">\n\t\t\t\t\t\t<div class=\"elementor-element elementor-element-450377d elementor-widget elementor-widget-ideapark-accordion\" data-id=\"450377d\" data-element_type=\"widget\" data-widget_type=\"ideapark-accordion.default\">\n\t\t\t\t<div class=\"elementor-widget-container\">\n\t\t\t\t\t\t\t<div class=\"c-ip-accordion\">\n\t\t\t<div class=\"c-ip-accordion__wrap c-ip-accordion__wrap--layout-1\">\n\t\t\t\t<div class=\"c-ip-accordion__list c-ip-accordion__list--layout-1\">\n\t\t\t\t\t\t\t\t\t\t<div class=\"c-ip-accordion__item c-ip-accordion__item--layout-1\">\n\t\t\t\t\t\t<a class=\"c-ip-accordion__header c-ip-accordion__header--layout-1 js-accordion-title\" href=\"\" onclick=\"return false;\">Na\u010dini pla\u0107anja<i class=\"ip-right c-ip-accordion__arrow c-ip-accordion__arrow--layout-1\"><\/i><\/a>\t\t\t\t\t\t<div class=\"c-ip-accordion__content c-ip-accordion__content--layout-1\"><p>Na na\u0161oj web stranici, na\u0161i klijenti imaju dvije mogu\u0107nosti pla\u0107anja za svoje narud\u017ebe:<\/p>\n<ol>\n<li><strong>Pla\u0107anje pouze\u0107em<\/strong> : S ovom opcijom, u dostupnim zemljama mo\u017eete platiti kuriru gotovinom u trenutku dolaska paketa na va\u0161u lokaciju, tako da ne morate platiti unaprijed. Ova metoda pla\u0107anja dostupna je samo u sljede\u0107im zemljama, a radimo na tome da je u budu\u0107nosti dodamo u jo\u0161 zemalja: <\/li>\n<\/ol>\n<ul>\n<li>Bugarska<\/li>\n<li>Ma\u0111arska<\/li>\n<li>Rumunija<\/li>\n<\/ul>\n<p>2. <strong>Pla\u0107anje karticom<\/strong> : Ovom metodom mo\u017eete unaprijed platiti svoju narud\u017ebu debitnom karticom, a va\u0161a \u0107e se transakcija obraditi putem Viva Paymentsa \u2013 platforme za online pla\u0107anje karticama. Viva Payments vam ne\u0107e naplatiti nikakve dodatne naknade, tako da \u0107e cijena koju \u0107ete platiti biti to\u010dno onakva cijena prikazana prilikom pla\u0107anja. <\/p>\n<\/div>\t\t\t\t\t<\/div>\n\t\t\t\t\t\t\t\t\t\t\t\t\t\t\t<div class=\"c-ip-accordion__item c-ip-accordion__item--layout-1\">\n\t\t\t\t\t\t<a class=\"c-ip-accordion__header c-ip-accordion__header--layout-1 js-accordion-title\" href=\"\" onclick=\"return false;\">Me\u0111unarodna dostava<i class=\"ip-right c-ip-accordion__arrow c-ip-accordion__arrow--layout-1\"><\/i><\/a>\t\t\t\t\t\t<div class=\"c-ip-accordion__content c-ip-accordion__content--layout-1\"><p>Sve narud\u017ebe ispunjavamo iz na\u0161ih skladi\u0161ta u Europi. Ovisno o va\u0161oj lokaciji, va\u0161a \u0107e narud\u017eba sti\u0107i za 2-6 dana. <\/p>\n<p>Me\u0111unarodnu dostavu vr\u0161imo u sljede\u0107e europske zemlje:<\/p>\n<ul>\n<li><strong>Austrija<\/strong> \u2013 10\u20ac (DPD kurirska slu\u017eba)<\/li>\n<li><strong>Belgija<\/strong> \u2013 17\u20ac (Post HD)<\/li>\n<li><strong>Bugarska<\/strong> \u2013 4\u20ac (dostava isti dan)<\/li>\n<li><strong>Hrvatska<\/strong> \u2013 14,99 \u20ac (POST HD)<\/li>\n<li><strong>\u010ce\u0161ka<\/strong> \u2013 7\u20ac (Packeta Home HD)<\/li>\n<li><strong>Danska<\/strong> \u2013 18\u20ac (Post Nord)<\/li>\n<li><strong>Estonija<\/strong> \u2013 13\u20ac (Omniva)<\/li>\n<li><b>Finska<\/b> \u2013 31 \u20ac (Post Nord)<\/li>\n<li><b>Francuska<\/b> \u2013 14\u20ac (Colis Priv\u00e9 HD)<\/li>\n<li><strong>Njema\u010dka<\/strong> \u2013 10\u20ac (Hermes HD)<\/li>\n<li><strong>Gr\u010dka<\/strong> \u2013 7\u20ac (ELTA HD)<\/li>\n<li><strong>Ma\u0111arska<\/strong> \u2013 4\u20ac (dostava isti dan)<\/li>\n<li><strong>Irska<\/strong> \u2013 15\u20ac (Fastway HD)<\/li>\n<li> <\/li>\n<li><strong>Italija<\/strong> \u2013 10\u20ac (Bartolini HD)<\/li>\n<li><strong>Latvija<\/strong> \u2013 12\u20ac (Omniva HD)<\/li>\n<li><strong>Litva<\/strong> \u2013 12\u20ac (Omniva HD)<\/li>\n<li><b>Nizozemska<\/b> \u2013 14,50 \u20ac (DHL)<\/li>\n<li><strong>Poljska<\/strong> \u2013 5\u20ac (Dostava na ku\u0107nu adresu HD)<\/li>\n<li><strong>Portugal<\/strong> \u2013 11\u20ac (MRW HD)<\/li>\n<li><strong>Rumunjska<\/strong> \u2013 3\u20ac (dostava isti dan)<\/li>\n<li><strong>Slova\u010dka<\/strong> \u2013 7\u20ac (Paket Home HD)<\/li>\n<li><strong>Slovenija<\/strong> \u2013 8\u20ac (Slovenska po\u0161ta HD)<\/li>\n<li><strong>\u0160panjolska<\/strong> \u2013 11\u20ac (MRW HD)<\/li>\n<li><b>\u0160vedska<\/b> \u2013 21 \u20ac (Post Nord)<\/li>\n<li><b>\u0160vicarska<\/b> \u2013 18\u20ac (prioritetna po\u0161iljka \u0161vicarske po\u0161te)<\/li>\n<\/ul>\n<\/div>\t\t\t\t\t<\/div>\n\t\t\t\t\t\t\t\t\t\t\t\t\t\t<\/div>\n\t\t\t<\/div>\n\t\t<\/div>\n\t\t\t\t\t\t<\/div>\n\t\t\t\t<\/div>\n\t\t\t\t\t<\/div>\n\t\t<\/div>\n\t\t\t\t\t<\/div>\n\t\t<\/section>\n\t\t\t\t<\/div>\n\t\t","protected":false},"excerpt":{"rendered":"<p>What Is Tretinoin: Cool Guide in 9 Steps Home Na\u010dini pla\u0107anja Na na\u0161oj web stranici, na\u0161i klijenti imaju dvije mogu\u0107nosti pla\u0107anja za&hellip;<\/p>\n","protected":false},"author":1,"featured_media":0,"parent":0,"menu_order":0,"comment_status":"closed","ping_status":"closed","template":"elementor_header_footer","meta":{"footnotes":""},"class_list":["post-13134","page","type-page","status-publish","hentry"],"_links":{"self":[{"href":"https:\/\/tretinoins.com\/hr\/wp-json\/wp\/v2\/pages\/13134","targetHints":{"allow":["GET"]}}],"collection":[{"href":"https:\/\/tretinoins.com\/hr\/wp-json\/wp\/v2\/pages"}],"about":[{"href":"https:\/\/tretinoins.com\/hr\/wp-json\/wp\/v2\/types\/page"}],"author":[{"embeddable":true,"href":"https:\/\/tretinoins.com\/hr\/wp-json\/wp\/v2\/users\/1"}],"replies":[{"embeddable":true,"href":"https:\/\/tretinoins.com\/hr\/wp-json\/wp\/v2\/comments?post=13134"}],"version-history":[{"count":2,"href":"https:\/\/tretinoins.com\/hr\/wp-json\/wp\/v2\/pages\/13134\/revisions"}],"predecessor-version":[{"id":13175,"href":"https:\/\/tretinoins.com\/hr\/wp-json\/wp\/v2\/pages\/13134\/revisions\/13175"}],"wp:attachment":[{"href":"https:\/\/tretinoins.com\/hr\/wp-json\/wp\/v2\/media?parent=13134"}],"curies":[{"name":"wp","href":"https:\/\/api.w.org\/{rel}","templated":true}]}}