{"id":10652,"date":"2024-01-03T14:05:02","date_gmt":"2024-01-03T12:05:02","guid":{"rendered":"https:\/\/tretinoins.com\/crest-3d-white-glamorous-white-107g-dentifrice-blanchissant\/"},"modified":"2024-01-03T14:05:02","modified_gmt":"2024-01-03T12:05:02","slug":"crest-3d-white-glamorous-white-107g-dentifrice-blanchissant","status":"publish","type":"product","link":"https:\/\/tretinoins.com\/fr\/crest-3d-white-glamorous-white-107g-dentifrice-blanchissant\/","title":{"rendered":"Crest 3D White Glamorous White 107g, Dentifrice blanchissant"},"content":{"rendered":"<h1 data-pm-slice=\"0 0 []\" data-en-clipboard=\"true\">Dentifrice blanchissant Crest 3D White Glamorous White 107g : Souriez, brillez !<\/h1>\n<div>Il n&rsquo;y a rien de tel que le pouvoir de confiance d&rsquo;un sourire radieux. C&rsquo;est votre premi\u00e8re impression, votre meilleur atout et votre superpouvoir au quotidien. Mais avouons-le, peu de choses menacent cette confiance en soi nacr\u00e9e comme les taches de caf\u00e9, les r\u00e9sidus de vin et l&rsquo;usure quotidienne de nos dents. Heureusement pour nous, le dentifrice blanchissant Crest 3D White Glamorous White 107g promet quelque chose de vraiment magique : un produit qui ne se contente pas de nettoyer, mais qui transforme.   <\/div>\n<div>Ce petit tube pourrait-il \u00eatre le secret manquant qui vous permettra de retrouver votre sourire le plus \u00e9clatant ? Dans cet article, nous allons examiner en d\u00e9tail ce qui fait du dentifrice blanchissant Crest 3D White Glamorous White 107g un produit qui change la donne en mati\u00e8re de soins bucco-dentaires. De ses caract\u00e9ristiques uniques aux conseils pour obtenir des r\u00e9sultats optimaux, nous avons tous les d\u00e9tails pour vous. Allons-y !   <\/div>\n<hr>\n<h2>Qu&rsquo;est-ce qui distingue le dentifrice blanchissant Crest 3D White Glamorous White 107 g ?<\/h2>\n<div>L&rsquo;\u00e9poque o\u00f9 l&rsquo;on se brossait les dents \u00ab\u00a0pour se d\u00e9brouiller\u00a0\u00bb est r\u00e9volue. Ce dentifrice n&rsquo;a pas son pareil. Alors, pourquoi tout ce remue-m\u00e9nage ?  <\/div>\n<h3>1. Technologie de blanchiment avanc\u00e9e<\/h3>\n<div>Le dentifrice Crest 3D White Glamorous White n&rsquo;est pas un dentifrice ordinaire. Il est dot\u00e9 d&rsquo;une technologie de pointe con\u00e7ue pour \u00e9liminer doucement mais efficacement 90 % des taches de surface en aussi peu que cinq jours ! Oui, vous avez bien lu, cinq jours !  <\/div>\n<ul>\n<li>\n<div>Gr\u00e2ce \u00e0 la <b>technologie 3D White<\/b>, ce dentifrice utilise des particules de micro-polissage pour \u00e9liminer les agents tachants sans endommager votre \u00e9mail.<\/div>\n<\/li>\n<li>\n<div>Sa formule est \u00e9galement enrichie en fluor, qui renforce vos dents tout en les prot\u00e9geant contre les caries.<\/div>\n<\/li>\n<\/ul>\n<h3>2. Tout est dans le glamour<\/h3>\n<div>Contrairement \u00e0 de nombreux produits de blanchiment qui laissent une impression de lourdeur chimique dans la bouche, Glamorous White est \u00e0 la hauteur de son nom. Il rafra\u00eechit, illumine et vous donne un \u00e9clat glamour digne des feux de la rampe. <\/div>\n<ul>\n<li>\n<div>Pensez-y comme \u00e0 un traitement de tapis rouge pour vos dents !<\/div>\n<\/li>\n<li>\n<div>Il n&rsquo;est ni dur ni abrasif, il est donc suffisamment doux pour une utilisation quotidienne.<\/div>\n<\/li>\n<\/ul>\n<div>Mais le plus beau, c&rsquo;est qu&rsquo;il ne se contente pas de fonctionner. Il ne se contente pas de fonctionner, il fonctionne sans vous obliger \u00e0 passer par des barrettes ou des bandelettes encombrantes. Les syst\u00e8mes de blanchiment traditionnels peuvent prendre du temps, mais ce dentifrice s&rsquo;int\u00e8gre parfaitement \u00e0 votre routine quotidienne. Vous marquez des points !   <\/div>\n<hr>\n<h2>Pourquoi les gens en raffolent<\/h2>\n<div>Vous avez besoin d&rsquo;autres raisons pour faire de la place \u00e0 cette superstar du blanchiment dans votre salle de bain ? Voici pourquoi les gens adorent le dentifrice blanchissant Crest 3D White Glamorous White 107 g : <\/div>\n<h3>Fra\u00eecheur instantan\u00e9e<\/h3>\n<div>Ce dentifrice ne plaisante pas avec la fra\u00eecheur. Avec son arri\u00e8re-go\u00fbt de menthe, vous aurez non seulement des dents plus blanches, mais aussi une haleine plus fra\u00eeche qui vous accompagnera tout au long de la journ\u00e9e. <\/div>\n<h3>Abordable et efficace<\/h3>\n<div>Contrairement aux traitements de blanchiment professionnels qui co\u00fbtent un bras et une jambe, le dentifrice blanchissant Crest 3D White Glamorous White 107g offre des r\u00e9sultats constants \u00e0 une fraction du prix. En d&rsquo;autres termes, c&rsquo;est un petit investissement pour un sourire \u00e0 un million de dollars. <\/div>\n<h3>Stimuler la confiance<\/h3>\n<div>Imaginez que vous vous rendiez \u00e0 une r\u00e9union ou \u00e0 une sortie en sachant que votre sourire est impeccable &#8211; plus besoin de vous cacher derri\u00e8re un sourire crisp\u00e9. C&rsquo;est la v\u00e9ritable magie d&rsquo;un dentifrice comme celui-ci. Il vous aide \u00e0 retrouver votre \u00e9clat.  <\/div>\n<hr>\n<h2>Conseils pour tirer le maximum de Crest 3D White<\/h2>\n<div>Vous voulez obtenir les meilleurs r\u00e9sultats possibles ? La fa\u00e7on dont vous abordez votre routine d&rsquo;hygi\u00e8ne bucco-dentaire fait toute la diff\u00e9rence. Voici quelques conseils pratiques pour tirer le meilleur parti du dentifrice blanchissant Crest 3D White Glamorous White :  <\/div>\n<ol>\n<li>\n<div><b>La coh\u00e9rence est essentielle<\/b><\/div>\n<ul>\n<li>\n<div>Utilisez le dentifrice deux fois par jour pour obtenir des r\u00e9sultats visibles. Continuez \u00e0 le faire, m\u00eame apr\u00e8s que vos dents aient retrouv\u00e9 leur \u00e9clat : vous ne voulez pas que les taches r\u00e9apparaissent. <\/div>\n<\/li>\n<\/ul>\n<\/li>\n<li>\n<div><b>Associez-le \u00e0 une brosse \u00e0 dents qui favorise le blanchiment.<\/b><\/div>\n<ul>\n<li>\n<div>Recherchez une brosse \u00e0 dents con\u00e7ue pour le blanchiment, en particulier celles dot\u00e9es de poils polissants qui n&rsquo;ab\u00eemeront pas votre \u00e9mail mais amplifieront les r\u00e9sultats.<\/div>\n<\/li>\n<\/ul>\n<\/li>\n<li>\n<div><b>Limitez les aliments et les boissons qui causent des taches<\/b><\/div>\n<ul>\n<li>\n<div>Le caf\u00e9, le th\u00e9 et le vin rouge sont connus pour laisser des taches. Vous n&rsquo;avez pas besoin d&rsquo;y renoncer compl\u00e8tement (soyons r\u00e9alistes), mais essayez de les boire avec une paille ou de vous rincer la bouche avec de l&rsquo;eau apr\u00e8s coup. <\/div>\n<\/li>\n<\/ul>\n<\/li>\n<li>\n<div><b>N&rsquo;oubliez pas le fil dentaire<\/b><\/div>\n<ul>\n<li>\n<div>Le dentifrice blanchissant fait des merveilles en surface, mais n&rsquo;oubliez pas de soigner vos gencives et les espaces entre vos dents. Utilisez quotidiennement du fil dentaire pour am\u00e9liorer votre hygi\u00e8ne bucco-dentaire. <\/div>\n<\/li>\n<\/ul>\n<\/li>\n<li>\n<div><b>Essayez d&rsquo;incorporer des rin\u00e7ages blanchissants<\/b><\/div>\n<ul>\n<li>\n<div>Si vous vous sentez tr\u00e8s ambitieux, l&rsquo;ajout d&rsquo;un bain de bouche blanchissant \u00e0 votre routine peut vous donner un coup de pouce suppl\u00e9mentaire.<\/div>\n<\/li>\n<\/ul>\n<\/li>\n<\/ol>\n<hr>\n<h2>Questions fr\u00e9quemment pos\u00e9es au sujet du dentifrice blanchissant Crest 3D White Glamorous White 107g<\/h2>\n<h3>1. Ce produit blanchit-il vraiment les dents en cinq jours ?<\/h3>\n<div>Absolument ! La plupart des utilisateurs remarquent une am\u00e9lioration visible au bout de cinq jours d&rsquo;utilisation r\u00e9guli\u00e8re. Gardez toutefois \u00e0 l&rsquo;esprit que les r\u00e9sultats peuvent varier en fonction du degr\u00e9 de d\u00e9coloration et de votre hygi\u00e8ne dentaire g\u00e9n\u00e9rale.  <\/div>\n<h3>2. Le dentifrice Crest 3D White Blanc \u00e9clatant est-il s\u00e9curitaire pour un usage quotidien ?<\/h3>\n<div>Oui, c&rsquo;est tout \u00e0 fait s\u00fbr ! La formule est douce pour l&rsquo;\u00e9mail tout en \u00e9tant r\u00e9sistante aux taches superficielles. Vous pouvez donc l&rsquo;utiliser tous les jours sans crainte. <\/div>\n<h3>3. Le produit \u00e9liminera-t-il les taches profondes et intrins\u00e8ques ?<\/h3>\n<div>Ce dentifrice est sp\u00e9cialement con\u00e7u pour s&rsquo;attaquer aux taches superficielles. Si vous souhaitez vous attaquer \u00e0 une d\u00e9coloration profonde et intrins\u00e8que, vous pouvez envisager un traitement de blanchiment professionnel pour obtenir de meilleurs r\u00e9sultats. <\/div>\n<h3>4. Puis-je l&rsquo;utiliser avec un appareil dentaire ou d&rsquo;autres soins dentaires ?<\/h3>\n<div>Il est pr\u00e9f\u00e9rable de consulter votre orthodontiste ou votre dentiste si vous avez des doutes. Bien que le dentifrice soit g\u00e9n\u00e9ralement sans danger pour une utilisation avec un appareil dentaire ou des soins dentaires, votre dentiste peut vous donner des conseils personnalis\u00e9s. <\/div>\n<hr>\n<h2>La science derri\u00e8re l&rsquo;\u00e9clat<\/h2>\n<div>S&rsquo;il y a bien une chose que Crest conna\u00eet, ce sont les dents ! La sauce secr\u00e8te de son dentifrice blanchissant Glamorous White r\u00e9side dans une formule parfaitement \u00e9quilibr\u00e9e con\u00e7ue par des experts. Voici ce qui donne \u00e0 vos dents un \u00e9clat incomparable :  <\/div>\n<h3>Ingr\u00e9dients micro-nettoyants<\/h3>\n<div>Ces petites b\u00eates agissent comme par magie, en \u00e9liminant efficacement les taches caus\u00e9es par le caf\u00e9, les boissons gazeuses et d&rsquo;autres aliments, tout en conservant votre \u00e9mail intact. Pensez-y comme \u00e0 une journ\u00e9e de spa pour vos dents ! <\/div>\n<h3>Blanchir sans compromis<\/h3>\n<div>Contrairement aux produits abrasifs, ce dentifrice polit les dents sans les ab\u00eemer. Il prouve que vous n&rsquo;avez pas besoin de sacrifier votre \u00e9mail pour avoir un sourire pr\u00eat \u00e0 \u00eatre photographi\u00e9. <\/div>\n<h3>Avantages de l&rsquo;anti-cavit\u00e9<\/h3>\n<div>Ne vous laissez pas tromper par le nom \u00ab\u00a0blanchissant\u00a0\u00bb. Ce dentifrice fait coup double en prot\u00e9geant \u00e9galement contre les caries. L&rsquo;\u00e9tape du fluorure aide \u00e0 renforcer votre sourire de l&rsquo;int\u00e9rieur.  <\/div>\n<hr>\n<h2>Derni\u00e8res r\u00e9flexions : Devriez-vous passer \u00e0 l&rsquo;action ?<\/h2>\n<div>Si vous cherchez un moyen facile et abordable d&rsquo;am\u00e9liorer votre routine de sourire, le dentifrice blanchissant Crest 3D White Glamorous White 107 g pourrait \u00eatre la solution id\u00e9ale. Avec sa technologie de blanchiment avanc\u00e9e, sa formule douce et sa saveur de menthe rafra\u00eechissante, il n&rsquo;est pas \u00e9tonnant que les gens n&rsquo;arr\u00eatent pas d&rsquo;en parler. <\/div>\n<div>Certes, vous devrez faire preuve de patience, de constance et de bonnes habitudes dentaires pour obtenir les meilleurs r\u00e9sultats, mais le jeu n&rsquo;en vaut-il pas la chandelle pour un sourire \u00e9clatant ? Vos dents sont plus que de simples outils de mastication : elles jouent un r\u00f4le cl\u00e9 dans votre confiance en vous et dans la fa\u00e7on dont vous vous pr\u00e9sentez au monde. <\/div>\n<hr>\n<h2>R\u00e9flexion finale<\/h2>\n<div>Un sourire plus \u00e9clatant n&rsquo;est pas hors de port\u00e9e. Il se trouve dans un tube de 107 g \u00e9tiquet\u00e9 \u00ab\u00a0Crest 3D White Glamorous White Whitening Toothpaste\u00a0\u00bb (dentifrice blanchissant Crest 3D White Glamorous White). Alors allez-y, offrez-vous le glamour. Car soyons r\u00e9alistes, votre sourire m\u00e9rite d&rsquo;\u00eatre mis en valeur !   <\/div>\n","protected":false},"excerpt":{"rendered":"<p>D\u00e9couvrez le pouvoir de transformation du dentifrice blanchissant Crest 3D White Glamorous White 107g. Apprenez comment ce dentifrice peut vous aider \u00e0 obtenir un sourire \u00e9blouissant gr\u00e2ce \u00e0 des r\u00e9sultats r\u00e9els, des conseils, des avantages et une FAQ. <\/p>\n","protected":false},"featured_media":10653,"comment_status":"open","ping_status":"closed","template":"","meta":[],"product_cat":[752],"product_tag":[765,827,826,825],"class_list":{"0":"post-10652","1":"product","2":"type-product","3":"status-publish","4":"has-post-thumbnail","6":"product_cat-dentifrice-crest","7":"product_tag-crest-3d-white-fr","8":"product_tag-crest-3d-white-glamorous-fr","9":"product_tag-crest-3d-white-glamorous-white-fr","10":"product_tag-crest-3d-white-glamorous-white-107g-fr","11":"pa_brands-crete","13":"first","14":"outofstock","15":"featured","16":"taxable","17":"shipping-taxable","18":"purchasable","19":"product-type-simple"},"_links":{"self":[{"href":"https:\/\/tretinoins.com\/fr\/wp-json\/wp\/v2\/product\/10652","targetHints":{"allow":["GET"]}}],"collection":[{"href":"https:\/\/tretinoins.com\/fr\/wp-json\/wp\/v2\/product"}],"about":[{"href":"https:\/\/tretinoins.com\/fr\/wp-json\/wp\/v2\/types\/product"}],"replies":[{"embeddable":true,"href":"https:\/\/tretinoins.com\/fr\/wp-json\/wp\/v2\/comments?post=10652"}],"version-history":[{"count":0,"href":"https:\/\/tretinoins.com\/fr\/wp-json\/wp\/v2\/product\/10652\/revisions"}],"wp:featuredmedia":[{"embeddable":true,"href":"https:\/\/tretinoins.com\/fr\/wp-json\/wp\/v2\/media\/10653"}],"wp:attachment":[{"href":"https:\/\/tretinoins.com\/fr\/wp-json\/wp\/v2\/media?parent=10652"}],"wp:term":[{"taxonomy":"product_cat","embeddable":true,"href":"https:\/\/tretinoins.com\/fr\/wp-json\/wp\/v2\/product_cat?post=10652"},{"taxonomy":"product_tag","embeddable":true,"href":"https:\/\/tretinoins.com\/fr\/wp-json\/wp\/v2\/product_tag?post=10652"}],"curies":[{"name":"wp","href":"https:\/\/api.w.org\/{rel}","templated":true}]}}