{"id":10642,"date":"2024-01-03T14:04:36","date_gmt":"2024-01-03T14:04:36","guid":{"rendered":"https:\/\/tretinoins.com\/crest-bicarbonate-de-soude-et-peroxyde-161g-menthe-fraiche-dentifrice-blanchissant\/"},"modified":"2026-02-01T19:36:20","modified_gmt":"2026-02-01T17:36:20","slug":"crest-bicarbonate-de-soude-et-peroxyde-161g-menthe-fraiche-dentifrice-blanchissant","status":"publish","type":"product","link":"https:\/\/tretinoins.com\/fr\/crest-bicarbonate-de-soude-et-peroxyde-161g-menthe-fraiche-dentifrice-blanchissant\/","title":{"rendered":"Crest Bicarbonate de soude et Peroxyde 161g, Menthe fra\u00eeche, Dentifrice blanchissant"},"content":{"rendered":"<h1>Le secret d&rsquo;un sourire radieux : d\u00e9ballage du dentifrice blanchissant au bicarbonate de soude et au peroxyde de Crest 161 g, menthe fra\u00eeche<\/h1>\n<hr>\n<p>Nous connaissons tous l&rsquo;adage selon lequel \u00ab le sourire est le meilleur accessoire que l&rsquo;on puisse porter \u00bb. Mais comment s&rsquo;assurer que notre sourire reste \u00e9blouissant et radieux ? Voici le <strong>dentifrice blanchissant au bicarbonate de soude et au peroxyde Crest de 161 g \u00e0 la menthe fra\u00eeche<\/strong> &#8211; un puissant outil de soins dentaires aussi rafra\u00eechissant qu&rsquo;efficace.  <\/p>\n<p>Si vous en avez assez des dents ternes et tach\u00e9es et que vous recherchez un dentifrice qui non seulement blanchit mais favorise \u00e9galement la sant\u00e9 bucco-dentaire en g\u00e9n\u00e9ral, vous \u00eates au bon endroit ! Cet article se penche sur tout ce que vous devez savoir sur ce produit fantastique, en explorant ses ingr\u00e9dients, ses avantages, son utilisation et bien d&rsquo;autres choses encore, d&rsquo;une mani\u00e8re attrayante et facile \u00e0 dig\u00e9rer. <\/p>\n<hr>\n<h2>Que contient le dentifrice blanchissant Crest au bicarbonate de soude et au peroxyde 161 g, menthe fra\u00eeche ?<\/h2>\n<p>D\u00e9cortiquons les principaux ingr\u00e9dients et leurs r\u00f4les. Voici un tableau simple pour vous \u00e9clairer : <\/p>\n<table>\n<thead>\n<tr>\n<th><strong>Ingr\u00e9dient<\/strong><\/th>\n<th><strong>Fonction<\/strong><\/th>\n<\/tr>\n<\/thead>\n<tbody>\n<tr>\n<td>Bicarbonate de soude<\/td>\n<td>Blanchit et nettoie les dents en douceur<\/td>\n<\/tr>\n<tr>\n<td>Peroxyde<\/td>\n<td>Nettoie en profondeur et aide \u00e0 blanchir les dents<\/td>\n<\/tr>\n<tr>\n<td>Go\u00fbt de menthe fra\u00eeche<\/td>\n<td>Procure un go\u00fbt rafra\u00eechissant<\/td>\n<\/tr>\n<tr>\n<td>Fluorure<\/td>\n<td>Renforce l&rsquo;\u00e9mail et pr\u00e9vient les caries<\/td>\n<\/tr>\n<\/tbody>\n<\/table>\n<h3>Le bicarbonate de soude : L&rsquo;abrasif doux<\/h3>\n<p>Ah, le bicarbonate de soude &#8211; le h\u00e9ros polyvalent de la nature ! Connu pour son pouvoir abrasif doux, il aide \u00e0 \u00e9liminer les taches superficielles sans endommager l&rsquo;\u00e9mail. Si vous avez d\u00e9j\u00e0 utilis\u00e9 du bicarbonate de soude pour cuisiner ou nettoyer, vous savez qu&rsquo;il est puissant, et il en va de m\u00eame pour votre sant\u00e9 buccodentaire ! C&rsquo;est l\u00e0 que le <strong>dentifrice blanchissant au bicarbonate de soude et au peroxyde Crest, 161 g, menthe fra\u00eeche,<\/strong> brille. C&rsquo;est comme si vous aviez un fid\u00e8le compagnon en mission pour garder vos dents \u00e9tincelantes.    <\/p>\n<h3>Le peroxyde : Le guerrier du blanchiment<\/h3>\n<p>Le peroxyde d&rsquo;hydrog\u00e8ne n&rsquo;est pas seulement un produit m\u00e9nager de base pour la d\u00e9sinfection ; c&rsquo;est aussi un agent blanchissant. De nombreux professionnels dentaires l&rsquo;utilisent dans leur pratique, et lorsqu&rsquo;il est incorpor\u00e9 \u00e0 un dentifrice, comme le <strong>bicarbonate de soude et le peroxyde de Crest<\/strong>, il peut rehausser votre jeu de blanchiment des dents en s&rsquo;attaquant aux taches plus profond\u00e9ment que ne peut le faire un dentifrice ordinaire. <\/p>\n<h3>Menthe fra\u00eeche : Une bouff\u00e9e d&rsquo;air frais<\/h3>\n<p>N&rsquo;oublions pas l&rsquo;ar\u00f4me de menthe fra\u00eeche ! Ce n&rsquo;est pas qu&rsquo;une question d&rsquo;apparence : votre bouche est revigor\u00e9e et votre haleine est d\u00e9licieusement parfum\u00e9e. Qui ne voudrait pas d&rsquo;un dentifrice qui combat la mauvaise haleine tout en illuminant son sourire ?  <\/p>\n<hr>\n<h2>Les avantages de l&rsquo;utilisation du bicarbonate de soude et du peroxyde de Crest<\/h2>\n<p>Alors, pourquoi devriez-vous faire du <strong>dentifrice blanchissant au bicarbonate de soude et au peroxyde Crest 161 g, menthe fra\u00eeche,<\/strong> un \u00e9l\u00e9ment de base de votre routine quotidienne ? Voici quelques-uns de ses avantages \u00e9tonnants : <\/p>\n<h3>1. D\u00e9tachant Fantastique !<\/h3>\n<ul>\n<li><strong>\u00c9clairez votre sourire<\/strong>: Dites adieu aux taches de caf\u00e9, de th\u00e9 ou de vin rouge ! En l&rsquo;utilisant r\u00e9guli\u00e8rement, ce dentifrice peut am\u00e9liorer de mani\u00e8re significative la blancheur de vos dents. <\/li>\n<li><strong>Polit en douceur<\/strong>: Le bicarbonate de soude fait des merveilles en produisant un effet polissant qui donne un aspect plus brillant sans provoquer d&rsquo;usure excessive.<\/li>\n<\/ul>\n<h3>2. Une haleine fra\u00eeche toute la journ\u00e9e<\/h3>\n<ul>\n<li><strong>Fra\u00eecheur menthol\u00e9e<\/strong>: L&rsquo;ar\u00f4me de menthe fra\u00eeche n&rsquo;est pas qu&rsquo;une question de go\u00fbt &#8211; il \u00e9radique les odeurs d\u00e9sagr\u00e9ables et laisse votre bouche plus propre plus longtemps.<\/li>\n<li><strong>Effet purifiant<\/strong>: La formule unique aide \u00e0 combattre les bact\u00e9ries responsables de la mauvaise haleine.<\/li>\n<\/ul>\n<h3>3. Protection de la cavit\u00e9<\/h3>\n<ul>\n<li><strong>Pouvoir du fluor<\/strong>: Gr\u00e2ce au fluor ajout\u00e9, ce dentifrice aide \u00e0 renforcer l&rsquo;\u00e9mail des dents, ce qui les rend plus r\u00e9sistantes aux caries.<\/li>\n<li><strong>Sant\u00e9 bucco-dentaire globale<\/strong>: La sant\u00e9 dentaire est primordiale et le bicarbonate <strong>de sou<\/strong> de <strong>et le peroxyde de Crest<\/strong> vous prot\u00e8gent.<\/li>\n<\/ul>\n<h3>4. Facilit\u00e9 d&rsquo;utilisation<\/h3>\n<ul>\n<li><strong>Pratique<\/strong>: Il suffit de presser une quantit\u00e9 de la taille d&rsquo;un petit pois sur votre brosse \u00e0 dents, de vous brosser les dents pendant deux minutes et voil\u00e0 ! Vous \u00eates sur la voie d&rsquo;un sourire plus propre et plus \u00e9clatant. <\/li>\n<li><strong>Doux pour un usage quotidien<\/strong>: il peut \u00eatre utilis\u00e9 quotidiennement sans craindre d&rsquo;endommager votre \u00e9mail, ce qui le rend adapt\u00e9 \u00e0 tous les \u00e2ges.<\/li>\n<\/ul>\n<hr>\n<h2>Comment int\u00e9grer le bicarbonate de soude et le peroxyde de Crest \u00e0 votre routine quotidienne<\/h2>\n<p>L&rsquo;int\u00e9gration d&rsquo;un nouveau produit dans votre routine quotidienne peut soulever certaines questions. \u00c0 quelle fr\u00e9quence devez-vous l&rsquo;utiliser ? Quel est le meilleur moment ? Simplifions les choses !   <\/p>\n<h3>Routine de brossage quotidienne<\/h3>\n<ol>\n<li><strong>Rituel du matin<\/strong>: Brossez-vous les dents tous les matins juste apr\u00e8s le petit-d\u00e9jeuner. La menthe fra\u00eeche aide \u00e0 combattre l&rsquo;haleine du matin, ce qui vous permet de bien commencer la journ\u00e9e ! <\/li>\n<li><strong>Avant<\/strong> d&rsquo;aller au lit : Faites un bon nettoyage de vos dents avant de vous coucher. Cela permet d&rsquo;\u00e9liminer toutes les particules de nourriture et les bact\u00e9ries de la journ\u00e9e. <\/li>\n<\/ol>\n<h3>Conseils pour une efficacit\u00e9 maximale<\/h3>\n<ul>\n<li><strong>Utilisez la bonne technique<\/strong>: Ne vous pr\u00e9cipitez pas ! Effectuez des mouvements doux et circulaires pour vous assurer d&rsquo;atteindre toutes les surfaces de vos dents. <\/li>\n<li>N<strong>&lsquo;oubliez pas le fil dentaire<\/strong>: En associant ce dentifrice \u00e0 l&rsquo;utilisation du fil dentaire, vous obtiendrez un nettoyage complet.<\/li>\n<li><strong>Rincez \u00e0 l&rsquo;eau<\/strong>: Apr\u00e8s le brossage, rincez-vous la bouche avec de l&rsquo;eau pour \u00e9liminer les r\u00e9sidus de dentifrice.<\/li>\n<\/ul>\n<h2>Transition vers le bicarbonate de soude et le peroxyde de Crest<\/h2>\n<p>Si vous utilisez d\u00e9j\u00e0 un dentifrice diff\u00e9rent, vous vous demandez peut-\u00eatre comment faire la transition. Voici une feuille de route simple : <\/p>\n<ul>\n<li><strong>Semaine 1<\/strong>: Commencez par alterner votre dentifrice actuel avec le <strong>bicarbonate de soude et le peroxyde de Crest<\/strong> pendant la premi\u00e8re semaine.<\/li>\n<li><strong>Semaine 2<\/strong>: Utilisez-le progressivement et plus fr\u00e9quemment, en visant une transition compl\u00e8te \u00e0 la fin des deux semaines.<\/li>\n<\/ul>\n<p>L&rsquo;utilisation d&rsquo;un nouveau dentifrice peut parfois entra\u00eener une sensibilit\u00e9. Si vous en faites l&rsquo;exp\u00e9rience, voici quelques conseils rapides pour surmonter cet obstacle : <\/p>\n<table>\n<thead>\n<tr>\n<th><strong>\u00c9tape<\/strong><\/th>\n<th><strong>Conseils<\/strong><\/th>\n<\/tr>\n<\/thead>\n<tbody>\n<tr>\n<td>Allez-y doucement<\/td>\n<td>Commencez \u00e0 l&rsquo;utiliser un jour sur deux.<\/td>\n<\/tr>\n<tr>\n<td>Concentrez-vous sur la technique<\/td>\n<td>Veillez \u00e0 ne pas brosser trop fort.<\/td>\n<\/tr>\n<tr>\n<td>Surveillez<\/td>\n<td>Si la sensibilit\u00e9 persiste, consultez un dentiste.<\/td>\n<\/tr>\n<\/tbody>\n<\/table>\n<hr>\n<h2>FAQ sur le dentifrice blanchissant au bicarbonate de soude et au peroxyde de Crest<\/h2>\n<h3>1. Le bicarbonate de soude et le peroxyde de Crest sont-ils sans danger pour tout le monde ?<\/h3>\n<p>Absolument ! Il est con\u00e7u pour tous les \u00e2ges, mais il est toujours pr\u00e9f\u00e9rable que les plus jeunes l&rsquo;utilisent sous la surveillance d&rsquo;un adulte. <\/p>\n<h3>2. Combien de temps dois-je l&rsquo;utiliser avant de voir des r\u00e9sultats ?<\/h3>\n<p>En r\u00e8gle g\u00e9n\u00e9rale, vous commencerez \u00e0 remarquer une diff\u00e9rence au bout d&rsquo;une semaine d&rsquo;utilisation r\u00e9guli\u00e8re. La constance est la cl\u00e9 ! <\/p>\n<h3>3. Puis-je l&rsquo;utiliser si j&rsquo;ai les dents sensibles ?<\/h3>\n<p>Oui ! Bien que certaines personnes sensibles puissent ressentir une l\u00e9g\u00e8re g\u00eane avec un produit blanchissant, ce dentifrice est g\u00e9n\u00e9ralement assez doux pour une utilisation quotidienne. <\/p>\n<h3>4. Que se passe-t-il si j&rsquo;ai un appareil dentaire ou d&rsquo;autres travaux dentaires ?<\/h3>\n<p>Il est toujours pr\u00e9f\u00e9rable de consulter votre dentiste avant d&rsquo;utiliser un produit de blanchiment topique. Il pourra vous donner des conseils personnalis\u00e9s en fonction de votre situation dentaire. <\/p>\n<h3>5. Puis-je l&rsquo;utiliser en m\u00eame temps qu&rsquo;un bain de bouche ?<\/h3>\n<p>Tout \u00e0 fait ! Veillez simplement \u00e0 attendre au moins 30 minutes apr\u00e8s le brossage avant d&rsquo;utiliser le bain de bouche pour permettre au fluor d&rsquo;agir. <\/p>\n<h2>La sc\u00e8ne du march\u00e9 : Crest vs. autres marques<\/h2>\n<p>Il est toujours bon d&rsquo;examiner comment un produit se situe par rapport \u00e0 ses concurrents. Voici une br\u00e8ve comparaison. <\/p>\n<table>\n<thead>\n<tr>\n<th><strong>Marque\/Produit<\/strong><\/th>\n<th><strong>Whitening Power<\/strong><\/th>\n<th><strong>Options d&rsquo;ar\u00f4mes<\/strong><\/th>\n<th><strong>Sans danger pour l&rsquo;\u00e9mail<\/strong><\/th>\n<\/tr>\n<\/thead>\n<tbody>\n<tr>\n<td>Crest Bicarbonate de soude et peroxyde<\/td>\n<td>Haut<\/td>\n<td>Menthe fra\u00eeche<\/td>\n<td>Oui<\/td>\n<\/tr>\n<tr>\n<td>Colgate Optic White<\/td>\n<td>Mod\u00e9r\u00e9<\/td>\n<td>Cool Mint, Whitening Blast<\/td>\n<td>Oui<\/td>\n<\/tr>\n<tr>\n<td>Sensodyne Extra Whitening<\/td>\n<td>Mod\u00e9r\u00e9<\/td>\n<td>Menthe fra\u00eeche<\/td>\n<td>Oui<\/td>\n<\/tr>\n<\/tbody>\n<\/table>\n<p>Lorsque vous examinez ces options, il est clair que le <strong>dentifrice blanchissant au bicarbonate de soude et au peroxyde de Crest, 161 g, menthe fra\u00eeche,<\/strong> prend les devants gr\u00e2ce \u00e0 son m\u00e9lange unique d&rsquo;agents blanchissants et \u00e0 son profil de saveur.<\/p>\n<hr>\n<p>En r\u00e9sum\u00e9, int\u00e9grer le <strong>dentifrice blanchissant<\/strong> au bicarbonate <strong>de sou<\/strong> de <strong>et au peroxyde Crest 161 g, menthe fra\u00eeche \u00e0<\/strong> votre routine dentaire n&rsquo;est pas seulement une question de vanit\u00e9 ; c&rsquo;est un engagement \u00e0 l&rsquo;\u00e9gard de votre sant\u00e9 buccodentaire globale. Gr\u00e2ce \u00e0 ses puissantes capacit\u00e9s anti-taches, \u00e0 sa saveur rafra\u00eechissante et \u00e0 ses propri\u00e9t\u00e9s protectrices, il fait double emploi &#8211; il garde votre bouche propre et votre sourire radieux. <\/p>\n<p>Alors, pourquoi ne pas essayer ? Embrassez la magie de Crest et bient\u00f4t, vous afficherez un sourire confiant partout o\u00f9 vous irez. Laissez votre sourire briller de mille feux &#8211; apr\u00e8s tout, c&rsquo;est votre meilleur accessoire !  <\/p>\n<p>Qu&rsquo;attendez-vous ? Prenez votre tube aujourd&rsquo;hui et commencez votre voyage vers un sourire \u00e9blouissant ! <\/p>\n","protected":false},"excerpt":{"rendered":"<p>D\u00e9couvrez comment le dentifrice blanchissant au bicarbonate de soude et au peroxyde Crest 161 g, menthe fra\u00eeche peut transformer votre routine d&rsquo;hygi\u00e8ne buccale. D\u00e9couvrez ses avantages, ses conseils d&rsquo;utilisation et pourquoi un sourire \u00e9clatant n&rsquo;est qu&rsquo;\u00e0 port\u00e9e de brosse ! <\/p>\n","protected":false},"featured_media":10643,"comment_status":"open","ping_status":"closed","template":"","meta":[],"product_cat":[752],"product_tag":[824,822,757,782,823],"class_list":{"0":"post-10642","1":"product","2":"type-product","3":"status-publish","4":"has-post-thumbnail","6":"product_cat-dentifrice-crest","7":"product_tag-bicarbonate-de-soude-crest","8":"product_tag-crest-bicarbonate-de-soude-et-peroxyde-161g","9":"product_tag-dentifrice","10":"product_tag-dentifrice-blanchissant","11":"product_tag-menthe-fraiche","12":"pa_brands-crete","14":"first","15":"instock","16":"taxable","17":"shipping-taxable","18":"purchasable","19":"product-type-simple"},"_links":{"self":[{"href":"https:\/\/tretinoins.com\/fr\/wp-json\/wp\/v2\/product\/10642","targetHints":{"allow":["GET"]}}],"collection":[{"href":"https:\/\/tretinoins.com\/fr\/wp-json\/wp\/v2\/product"}],"about":[{"href":"https:\/\/tretinoins.com\/fr\/wp-json\/wp\/v2\/types\/product"}],"replies":[{"embeddable":true,"href":"https:\/\/tretinoins.com\/fr\/wp-json\/wp\/v2\/comments?post=10642"}],"version-history":[{"count":0,"href":"https:\/\/tretinoins.com\/fr\/wp-json\/wp\/v2\/product\/10642\/revisions"}],"wp:featuredmedia":[{"embeddable":true,"href":"https:\/\/tretinoins.com\/fr\/wp-json\/wp\/v2\/media\/10643"}],"wp:attachment":[{"href":"https:\/\/tretinoins.com\/fr\/wp-json\/wp\/v2\/media?parent=10642"}],"wp:term":[{"taxonomy":"product_cat","embeddable":true,"href":"https:\/\/tretinoins.com\/fr\/wp-json\/wp\/v2\/product_cat?post=10642"},{"taxonomy":"product_tag","embeddable":true,"href":"https:\/\/tretinoins.com\/fr\/wp-json\/wp\/v2\/product_tag?post=10642"}],"curies":[{"name":"wp","href":"https:\/\/api.w.org\/{rel}","templated":true}]}}