{"id":10632,"date":"2024-01-03T14:05:15","date_gmt":"2024-01-03T14:05:15","guid":{"rendered":"https:\/\/tretinoins.com\/crest-3d-white-luminous-mint-104g-dentifrice-blanchissant\/"},"modified":"2024-01-03T14:05:15","modified_gmt":"2024-01-03T12:05:15","slug":"crest-3d-white-luminous-mint-104g-dentifrice-blanchissant","status":"publish","type":"product","link":"https:\/\/tretinoins.com\/fr\/crest-3d-white-luminous-mint-104g-dentifrice-blanchissant\/","title":{"rendered":"Crest 3D White Luminous Mint 104g, Dentifrice blanchissant"},"content":{"rendered":"<h1 data-pm-slice=\"0 0 []\" data-en-clipboard=\"true\">Le secret d&rsquo;un sourire \u00e9clatant : Pourquoi vous devriez acheter le dentifrice blanchissant Crest 3D White menthe lumineuse 104 g<\/h1>\n<hr>\n<div>Ne nous voilons pas la face : votre sourire est l&rsquo;une des premi\u00e8res choses que les gens remarquent chez vous. Que vous soyez \u00e0 un entretien d&#8217;embauche, \u00e0 un premier rendez-vous ou simplement en train de discuter avec des amis, vos dents en disent long sur vous. Si vous \u00eates ici, il y a de fortes chances pour que vous cherchiez un moyen de conserver un sourire \u00e9clatant. Eh bien, ne cherchez plus ! Le dentifrice blanchissant Crest 3D White Menthe lumineuse 104 g est l&rsquo;ultime changement dans votre routine de soins bucco-dentaires.    <\/div>\n<div>Il ne s&rsquo;agit pas d&rsquo;un dentifrice comme les autres, mais d&rsquo;un puissant produit de blanchiment qui rendra vos dents plus \u00e9clatantes, votre haleine plus fra\u00eeche et votre confiance en vous plus grande. Alors, pourquoi vous contenter de dents ternes quand vous pouvez briller \u00e0 chaque sourire ? Voyons pourquoi <i>l&rsquo;achat du dentifrice blanchissant Crest 3D White Menthe lumineuse 104 g<\/i> est une d\u00e9cision \u00e9clair\u00e9e.  <\/div>\n<hr>\n<h2>Qu&rsquo;est-ce qui fait de Crest 3D White Menthe lumineuse 104 g la vraie affaire ?<\/h2>\n<div>Pour vraiment appr\u00e9cier ce dentifrice, vous devez comprendre ce qui le distingue des autres. Attention : il ne s&rsquo;agit pas d&rsquo;un dentifrice ordinaire. <\/div>\n<h3>1. Il s&rsquo;agit d&rsquo;un pouvoir blanchissant \u00e9prouv\u00e9<\/h3>\n<div>Disons-le tout net : les taches sur les dents sont in\u00e9vitables. Caf\u00e9, th\u00e9, vin ou simplement les ann\u00e9es qui passent &#8211; la vie fait des ravages sur les dents blanches. Crest 3D White Menthe lumineuse s&rsquo;attaque aux taches de surface comme un pro, gr\u00e2ce \u00e0 sa formule blanchissante avanc\u00e9e.  <\/div>\n<ul>\n<li>\n<div><b>Les micro-polisseurs<\/b> \u00e9liminent en douceur des ann\u00e9es de d\u00e9coloration.<\/div>\n<\/li>\n<li>\n<div>Aide \u00e0 pr\u00e9venir la formation de <b>nouvelles taches<\/b> lors d&rsquo;une utilisation r\u00e9guli\u00e8re.<\/div>\n<\/li>\n<li>\n<div>Cliniquement prouv\u00e9 pour vous donner des r\u00e9sultats de blanchiment visibles en quelques semaines seulement.<\/div>\n<\/li>\n<\/ul>\n<div>Bien s\u00fbr, il existe une tonne de soi-disant produits de blanchiment, mais peu d&rsquo;entre eux offrent des r\u00e9sultats sans compromettre la solidit\u00e9 de l&rsquo;\u00e9mail. Crest 3D White atteint cet \u00e9quilibre parfait ! <\/div>\n<h3>2. Un coup de fouet rafra\u00eechissant \u00e0 la menthe<\/h3>\n<div>Nous savons tous qu&rsquo;une haleine fra\u00eeche est tout aussi importante que des dents blanches. Personne ne veut d&rsquo;un dentifrice qui fait des merveilles pour votre sourire mais qui vous laisse un arri\u00e8re-go\u00fbt fade. C&rsquo;est l\u00e0 que la <i>saveur menthe lumineuse<\/i> vole la vedette.  <\/div>\n<div>\u00c0 chaque brossage, vous ressentirez une explosion de bienfaits rafra\u00eechissants \u00e0 la menthe :<\/div>\n<ul>\n<li>\n<div>Il emp\u00eache la mauvaise haleine de s&rsquo;installer pendant des heures.<\/div>\n<\/li>\n<li>\n<div>Laisse une sensation de fra\u00eecheur et de propret\u00e9 dans la bouche.<\/div>\n<\/li>\n<li>\n<div>Le brossage des dents devient une activit\u00e9 que vous attendez avec impatience (s\u00e9rieusement).<\/div>\n<\/li>\n<\/ul>\n<hr>\n<h2>Pourquoi choisir Crest 3D White plut\u00f4t que d&rsquo;autres marques ?<\/h2>\n<div>Le nombre de dentifrices blanchissants disponibles sur le march\u00e9 est tel qu&rsquo;il est facile de s&rsquo;y perdre. Mais il faut savoir que tous les dentifrices ne se valent pas. Le dentifrice Crest 3D White Menthe lumineuse 104 g se d\u00e9marque pour plusieurs raisons convaincantes.  <\/div>\n<h3>1. Sans danger pour l&rsquo;\u00e9mail (pas de raccourcis, pas de sacrifices)<\/h3>\n<div>Contrairement \u00e0 certains produits de blanchiment qui d\u00e9capent l&rsquo;\u00e9mail pour donner des r\u00e9sultats rapides, le dentifrice Crest 3D White est s\u00e9curitaire \u00e0 100 % pour un usage quotidien. Il agit efficacement sans compromettre la sant\u00e9 de vos dents. C&rsquo;est le genre de produit qui comprend que le blanchiment est un marathon, pas un sprint.  <\/div>\n<h3>2. L&rsquo;h\u00e9ritage d&rsquo;une marque de confiance<\/h3>\n<div>Crest est un nom connu dans le domaine des soins bucco-dentaires depuis des d\u00e9cennies. Elle ne se contente pas de promettre des r\u00e9sultats &#8211; elle les obtient. Lorsque vous investissez dans Crest 3D White, vous profitez d&rsquo;ann\u00e9es de recherche, d&rsquo;innovation et de confiance de la part des clients. Ce n&rsquo;est pas rien lorsqu&rsquo;il s&rsquo;agit de quelque chose d&rsquo;aussi important que votre sourire !   <\/div>\n<h3>3. Abordable et accessible<\/h3>\n<div>Qui a dit qu&rsquo;une belle apparence devait co\u00fbter cher ? Le prix de la Menthe lumineuse Crest 3D White convient \u00e0 la plupart des budgets et vous permet d&rsquo;obtenir des r\u00e9sultats haut de gamme sans avoir \u00e0 payer le prix fort. <\/div>\n<hr>\n<h2>Comment utiliser la menthe lumineuse Crest 3D White pour de meilleurs r\u00e9sultats<\/h2>\n<div>L&rsquo;utilisation de ce dentifrice est aussi simple que de se brosser les dents ! Mais si vous voulez maximiser les r\u00e9sultats, voici un petit guide : <\/div>\n<ol>\n<li>\n<div><b>Commencez par une quantit\u00e9 de la taille d&rsquo;un petit pois.<\/b>  Utiliser plus que n\u00e9cessaire n&rsquo;acc\u00e9l\u00e8re pas les r\u00e9sultats et ne fait que gaspiller le produit.<\/div>\n<\/li>\n<li>\n<div><b>Brossez soigneusement pendant deux minutes.<\/b>  R\u00e9partissez le temps de brossage de mani\u00e8re \u00e9gale sur tous les quadrants de votre bouche.<\/div>\n<\/li>\n<li>\n<div><b>Crachez, ne rincez pas.<\/b>  Cette petite astuce permet aux agents blanchissants de rester plus longtemps sur vos dents.<\/div>\n<\/li>\n<li>\n<div><b>Associez-les \u00e0 des produits compl\u00e9mentaires.<\/b>  Pour des r\u00e9sultats encore meilleurs, envisagez de l&rsquo;utiliser en m\u00eame temps qu&rsquo;un bain de bouche Crest 3D White ou des bandes blanchissantes.<\/div>\n<\/li>\n<\/ol>\n<hr>\n<h2>Parlons franchement : La menthe lumineuse Crest 3D White est-elle vraiment efficace ?<\/h2>\n<div>Si vous \u00eates encore sceptique, nous comprenons. Les produits de blanchiment font l&rsquo;objet d&rsquo;un grand battage publicitaire, mais voici pourquoi Crest 3D White est vraiment \u00e0 la hauteur de sa r\u00e9putation. <\/div>\n<h3>1. Soutenu par la science<\/h3>\n<div>Il ne s&rsquo;agit pas d&rsquo;un produit gadget qui pr\u00e9tend donner des r\u00e9sultats magiques du jour au lendemain. Crest 3D White utilise des ingr\u00e9dients \u00e9prouv\u00e9s comme le peroxyde d&rsquo;hydrog\u00e8ne pour blanchir vos dents de fa\u00e7on s\u00e9curitaire et efficace. <\/div>\n<h3>2. T\u00e9moignages \u00e9logieux<\/h3>\n<div>Un rapide coup d \u00ab \u0153il aux commentaires en ligne montre que les utilisateurs ne cessent de se f\u00e9liciter de leur sourire plus \u00e9clatant et plus blanc. Qu&rsquo;il s&rsquo;agisse d \u00bb \u00e9liminer des ann\u00e9es de taches de caf\u00e9 ou d&rsquo;obtenir un \u00e9clat approuv\u00e9 par les dentistes, ce dentifrice donne toujours des r\u00e9sultats. <\/div>\n<hr>\n<h2>FAQ sur le dentifrice blanchissant Crest 3D White menthe lumineuse 104 g<\/h2>\n<div><b>Q : Combien de temps faut-il pour obtenir des r\u00e9sultats ?<\/b>  R : De nombreux utilisateurs remarquent une diff\u00e9rence au cours de la premi\u00e8re semaine d&rsquo;utilisation r\u00e9guli\u00e8re, mais les r\u00e9sultats optimaux sont g\u00e9n\u00e9ralement observ\u00e9s apr\u00e8s 4 \u00e0 6 semaines.<\/div>\n<div><b>Q : Ce produit est-il sans danger pour les dents sensibles ?<\/b>  R : Oui ! Le dentifrice Crest 3D White Menthe lumineuse est con\u00e7u pour \u00eatre sans danger pour l&rsquo;\u00e9mail, m\u00eame pour les personnes ayant des dents l\u00e9g\u00e8rement sensibles. <\/div>\n<div><b>Q : Peut-il remplacer les traitements de blanchiment professionnels ?<\/b>  R : Bien qu&rsquo;il ne remplace pas les traitements de blanchiment en cabinet, il s&rsquo;agit d&rsquo;une solution fantastique \u00e0 domicile qui peut aider \u00e0 maintenir et \u00e0 am\u00e9liorer les r\u00e9sultats professionnels.<\/div>\n<div><b>Q : Peut-on l&rsquo;utiliser au quotidien ?<\/b>  R : Absolument ! Le dentifrice Crest 3D White est formul\u00e9 pour un usage quotidien, alors vous pouvez en faire un \u00e9l\u00e9ment de base de votre routine de soins buccodentaires. <\/div>\n<hr>\n<h2>O\u00f9 acheter le dentifrice blanchissant Crest 3D White menthe lumineuse 104 g ?<\/h2>\n<div>Vous vous demandez probablement o\u00f9 vous pouvez mettre la main sur cet agent blanchissant. La bonne nouvelle, c&rsquo;est qu&rsquo;il est largement disponible ! Il est largement disponible !  <\/div>\n<ul>\n<li>\n<div><b>D\u00e9taillants en ligne :<\/b> D&rsquo;Amazon \u00e0 Walmart, il vous suffit d&rsquo;ajouter le produit \u00e0 votre panier et de passer \u00e0 la caisse.<\/div>\n<\/li>\n<li>\n<div><b>Pharmacies :<\/b> Les pharmacies locales telles que CVS, Walgreens et Boots ont souvent ce produit en stock.<\/div>\n<\/li>\n<li>\n<div><b>Les \u00e9piceries :<\/b> Ne n\u00e9gligez pas l&rsquo;all\u00e9e des soins bucco-dentaires lors de votre prochaine course \u00e0 l&rsquo;\u00e9picerie !<\/div>\n<\/li>\n<\/ul>\n<div>Vous recherchez la commodit\u00e9 ? Choisissez d&rsquo;acheter en ligne et de vous faire livrer directement \u00e0 votre porte. En un rien de temps, vous serez en mesure d&rsquo;afficher un sourire plus \u00e9clatant et plus frais !  <\/div>\n<hr>\n<div>En fin de compte, votre sourire est un investissement et les bons produits peuvent faire toute la diff\u00e9rence. C&rsquo;est pourquoi vous devriez <i>acheter le dentifrice blanchissant Crest 3D White Menthe lumineuse 104g<\/i>. Il est soutenu par la science, aim\u00e9 par les utilisateurs et con\u00e7u pour vous donner le sourire \u00e9blouissant dont vous avez toujours r\u00eav\u00e9, le tout sans vous ruiner.  <\/div>\n<div>Qu&rsquo;attendez-vous ? Ne nous croyez pas sur parole. Procurez-vous votre tube de Crest 3D White Menthe lumineuse et laissez votre sourire parler !  <\/div>\n","protected":false},"excerpt":{"rendered":"<p>Am\u00e9liorez votre routine de soins bucco-dentaires avec le dentifrice blanchissant Crest 3D White Menthe lumineuse 104 g. Dites adieu aux taches et bonjour \u00e0 un sourire radieux et confiant. D\u00e9couvrez pourquoi il s&rsquo;agit du meilleur choix !  <\/p>\n","protected":false},"featured_media":10634,"comment_status":"open","ping_status":"closed","template":"","meta":[],"product_cat":[752],"product_tag":[817,816,815],"class_list":{"0":"post-10632","1":"product","2":"type-product","3":"status-publish","4":"has-post-thumbnail","6":"product_cat-dentifrice-crest","7":"product_tag-acheter-crest-3d","8":"product_tag-crest-3d-white-luminous-fr","9":"product_tag-crest-3d-white-luminous-mint-fr","10":"pa_brands-crete","12":"first","13":"instock","14":"featured","15":"taxable","16":"shipping-taxable","17":"purchasable","18":"product-type-simple"},"_links":{"self":[{"href":"https:\/\/tretinoins.com\/fr\/wp-json\/wp\/v2\/product\/10632","targetHints":{"allow":["GET"]}}],"collection":[{"href":"https:\/\/tretinoins.com\/fr\/wp-json\/wp\/v2\/product"}],"about":[{"href":"https:\/\/tretinoins.com\/fr\/wp-json\/wp\/v2\/types\/product"}],"replies":[{"embeddable":true,"href":"https:\/\/tretinoins.com\/fr\/wp-json\/wp\/v2\/comments?post=10632"}],"version-history":[{"count":0,"href":"https:\/\/tretinoins.com\/fr\/wp-json\/wp\/v2\/product\/10632\/revisions"}],"wp:featuredmedia":[{"embeddable":true,"href":"https:\/\/tretinoins.com\/fr\/wp-json\/wp\/v2\/media\/10634"}],"wp:attachment":[{"href":"https:\/\/tretinoins.com\/fr\/wp-json\/wp\/v2\/media?parent=10632"}],"wp:term":[{"taxonomy":"product_cat","embeddable":true,"href":"https:\/\/tretinoins.com\/fr\/wp-json\/wp\/v2\/product_cat?post=10632"},{"taxonomy":"product_tag","embeddable":true,"href":"https:\/\/tretinoins.com\/fr\/wp-json\/wp\/v2\/product_tag?post=10632"}],"curies":[{"name":"wp","href":"https:\/\/api.w.org\/{rel}","templated":true}]}}