{"id":10590,"date":"2023-12-29T17:31:13","date_gmt":"2023-12-29T15:31:13","guid":{"rendered":"https:\/\/tretinoins.com\/crest-3d-white-brilliance-peroxyde-dhydrogene-85g-acheter-dentifrice-blanchissant\/"},"modified":"2023-12-29T17:31:13","modified_gmt":"2023-12-29T15:31:13","slug":"crest-3d-white-brilliance-peroxyde-dhydrogene-85g-acheter-dentifrice-blanchissant","status":"publish","type":"product","link":"https:\/\/tretinoins.com\/fr\/crest-3d-white-brilliance-peroxyde-dhydrogene-85g-acheter-dentifrice-blanchissant\/","title":{"rendered":"Crest 3D White Brilliance Peroxyde d&rsquo;Hydrog\u00e8ne 85g, Acheter Dentifrice Blanchissant"},"content":{"rendered":"<h1>D\u00e9verrouillez votre sourire le plus \u00e9clatant : Crest 3D White Brilliance Peroxyde d&rsquo;hydrog\u00e8ne 85g, Achetez le dentifrice blanchissant aujourd&rsquo;hui !<\/h1>\n<hr>\n<p>Qui ne r\u00eave pas d&rsquo;un sourire \u00e9clatant et confiant ? C&rsquo;est le seul accessoire que vous pouvez porter tous les jours et qui ne se d\u00e9mode jamais. Mais la vie est ainsi faite que les taches de caf\u00e9, les exc\u00e8s de vin rouge et, peut-\u00eatre, les \u00e9carts occasionnels de votre routine dentaire font que vos dents n&rsquo;ont pas l&rsquo;air au mieux de leur forme. Maintenant, allons droit au but : plus rien de tout cela ne doit vous retenir. Gr\u00e2ce au <i>dentifrice blanchissant Crest 3D White Brilliance au peroxyde d&rsquo;hydrog\u00e8ne 85 g<\/i>, l&rsquo;obtention d&rsquo;un sourire radieux n&rsquo;a jamais \u00e9t\u00e9 aussi facile, ni aussi efficace !    <\/p>\n<p>Qu&rsquo;il s&rsquo;agisse d&rsquo;un premier rendez-vous, d&rsquo;une pr\u00e9sentation importante ou simplement d&rsquo;un selfie, le blanchiment des dents joue un r\u00f4le important dans votre confiance en vous. Mais qu&rsquo;est-ce qui fait la particularit\u00e9 de ce dentifrice ? Retroussons nos manches, plongeons et d\u00e9couvrons pourquoi tant de gens se pr\u00e9cipitent pour ajouter Crest 3D White Brilliance \u00e0 leur panier d&rsquo;achat. Alerte au spoiler : lorsque vous aurez termin\u00e9, vous comprendrez pourquoi <i>vous<\/i> devriez en faire autant !   <\/p>\n<hr>\n<h2>Qu&rsquo;est-ce qui distingue le peroxyde d&rsquo;hydrog\u00e8ne Crest 3D White Brilliance 85g ?<\/h2>\n<p>Acheter du dentifrice n&rsquo;est pas tr\u00e8s excitant, jusqu&rsquo;\u00e0 ce que vous tombiez sur un petit tube magique comme celui-ci. Voici ce qui fait l&rsquo;unanimit\u00e9 : <\/p>\n<h3>1. <strong>Le peroxyde d&rsquo;hydrog\u00e8ne : L&rsquo;\u00e9talon-or du blanchiment<\/strong><\/h3>\n<p>Lorsqu&rsquo;il s&rsquo;agit de blanchir les dents, le peroxyde d&rsquo;hydrog\u00e8ne n&rsquo;est pas un simple ingr\u00e9dient &#8211; c&rsquo;est le joueur le plus pr\u00e9cieux. Cet agent blanchissant \u00e9prouv\u00e9 d\u00e9compose les taches sous la surface et sur l \u00ab \u00e9mail pour vous donner l&rsquo;aspect d&rsquo;un <i>nettoyage dentaire professionnel<\/i>. Contrairement aux dentifrices abrasifs qui frottent l \u00bb \u00e9mail (a\u00efe !), Crest utilise cet ingr\u00e9dient actif pour \u00e9liminer les taches <i>en toute s\u00e9curit\u00e9<\/i>.  <\/p>\n<h3>2. <strong>Brillance double action pour un impact maximal<\/strong><\/h3>\n<p>Ce dentifrice fait deux choses en m\u00eame temps : il blanchit vos dents <i>et<\/i> prot\u00e8ge votre \u00e9mail. Soyons r\u00e9alistes : quel est l&rsquo;int\u00e9r\u00eat d&rsquo;un sourire plus blanc si c&rsquo;est au prix d&rsquo;une sensibilit\u00e9 dentaire ? Le peroxyde d&rsquo;hydrog\u00e8ne Crest 3D White Brilliance 85 g \u00e9quilibre parfaitement ces priorit\u00e9s, de sorte que vous n&rsquo;avez pas \u00e0 choisir entre des dents plus blanches et des dents saines.  <\/p>\n<h3>3. <strong>85 g de pouvoir blanchissant pur dans un format parfait<\/strong><\/h3>\n<p>Vous avez d\u00e9j\u00e0 essay\u00e9 de mettre un tube de dentifrice g\u00e9ant dans votre sac de voyage et vous avez soupir\u00e9 de frustration ? Le format de 85 g rend ce produit tr\u00e8s pratique pour le comptoir de votre salle de bain et pour votre mode de vie nomade. Suffisamment petit pour \u00eatre transport\u00e9, mais suffisamment puissant pour offrir des r\u00e9sultats perceptibles &#8211; <i>voil\u00e0<\/i> une solution gagnante.  <\/p>\n<h3>4. <strong>Des r\u00e9sultats visibles en quelques jours (non, vraiment !)<\/strong><\/h3>\n<p>Qui a le temps d&rsquo;attendre des semaines pour blanchir ses dents ? Des \u00e9tudes ont d\u00e9montr\u00e9 que le peroxyde d&rsquo;hydrog\u00e8ne Crest 3D White Brilliance peut visiblement blanchir les dents en seulement cinq jours d&rsquo;utilisation r\u00e9guli\u00e8re. Pensez-y : en moins d&rsquo;une semaine, vous affichez un sourire plus \u00e9clatant et plus confiant.  <\/p>\n<hr>\n<div>\n<p><strong>Pourquoi le moment est venu d&rsquo;acheter le dentifrice blanchissant Crest 3D White Brilliance au peroxyde d&rsquo;hydrog\u00e8ne (85 g) ?<\/strong><\/p>\n<p>Le sourire est toujours de saison !<\/p>\n<p>Que votre agenda soit rempli de mariages, de f\u00eates de fin d&rsquo;ann\u00e9e, d&rsquo;entretiens d&#8217;embauche, de rendez-vous galants ou d&rsquo;\u00e9v\u00e9nements de r\u00e9seautage, une chose est s\u00fbre : un sourire plus \u00e9clatant et plus blanc peut transformer la fa\u00e7on dont vous vous sentez dans n&rsquo;importe quelle situation sociale. Ce n&rsquo;est pas seulement une question d&rsquo;apparence, c&rsquo;est aussi une question de confiance en soi lorsque vous savez que votre sourire est radieux et sain. Alors, pourquoi attendre ? Voyons pourquoi le dentifrice blanchissant Crest 3D White Brilliance au peroxyde d&rsquo;hydrog\u00e8ne 85 g est votre meilleur choix (et pourquoi c&rsquo;est le moment id\u00e9al pour vous en procurer un tube) :   <\/p>\n<p>\u2714\ufe0f <strong>Une alternative abordable au blanchiment professionnel<\/strong><br \/>\nLes proc\u00e9dures professionnelles de blanchiment des dents peuvent promettre des r\u00e9sultats notables, mais \u00e0 un prix \u00e9lev\u00e9. Certains traitements co\u00fbtent plus de 500 $ ou plus pour une seule s\u00e9ance ! Pourquoi se ruiner quand on peut obtenir des r\u00e9sultats impressionnants chez soi pour une fraction du prix ? Le peroxyde d&rsquo;hydrog\u00e8ne Crest 3D White Brilliance \u00e9limine le besoin de rendez-vous co\u00fbteux tout en offrant une transformation du sourire qui rivalise avec les traitements professionnels.   <\/p>\n<p>\u2714\ufe0f <strong>Dites adieu aux taches de surface de fa\u00e7on permanente<\/strong><br \/>\nSoyons honn\u00eates : les petits plaisirs de la vie, comme le caf\u00e9, le th\u00e9, le vin et les boissons gazeuses, peuvent laisser des taches g\u00eanantes qui ternissent vos dents au fil du temps. Mais ne vous inqui\u00e9tez pas ; Crest 3D White Brilliance est l\u00e0 pour vous aider. Contrairement au dentifrice ordinaire, qui n&rsquo;\u00e9limine que les petites accumulations quotidiennes, ce dentifrice est aliment\u00e9 par du <strong>peroxyde d&rsquo;hydrog\u00e8ne<\/strong>, qui agit en profondeur pour soulever et briser des ann\u00e9es de d\u00e9coloration. Il ne se contente pas de couvrir temporairement les taches, il les cible pour que vos dents restent d&rsquo;une blancheur \u00e9blouissante plus longtemps.   <\/p>\n<p>\u2714\ufe0f <strong>Une marque que vous connaissez et en laquelle vous avez confiance<\/strong><br \/>\nCrest n&rsquo;est pas seulement un dentifrice &#8211; c&rsquo;est un nom qui est synonyme de qualit\u00e9, de science et de r\u00e9sultats. Depuis des d\u00e9cennies, les gens du monde entier font confiance \u00e0 Crest pour leur offrir ce qu&rsquo;il y a de mieux en mati\u00e8re de soins bucco-dentaires, et la gamme 3D White Brilliance red\u00e9finit la norme de l&rsquo;industrie en mati\u00e8re de dentifrice blanchissant. Il ne s&rsquo;agit pas d&rsquo;un produit comme les autres, mais d&rsquo;une solution scientifique \u00e0 laquelle des millions de personnes font confiance dans le monde entier.  <\/p>\n<p>\u2714\ufe0f <strong>Un simple compl\u00e9ment pour une routine de premi\u00e8re qualit\u00e9<\/strong><br \/>\nParlons d&rsquo;aspects pratiques. Vous n&rsquo;avez pas besoin d&rsquo;un horaire ou d&rsquo;outils \u00e9labor\u00e9s pour obtenir des dents plus blanches \u00e0 la maison. Le peroxyde d&rsquo;hydrog\u00e8ne Crest 3D White Brilliance s&rsquo;int\u00e8gre parfaitement \u00e0 votre routine quotidienne. Matin ou soir, vous n&rsquo;avez qu&rsquo;\u00e0 remplacer votre dentifrice habituel par ce produit puissant et vous verrez votre sourire se transformer \u00e0 chaque brossage. C&rsquo;est un blanchiment facile, sans tracas, sans temps d&rsquo;arr\u00eat, sans complications excessives.    <\/p>\n<p>\u2714\ufe0f <strong>Le bon moment, c&rsquo;est maintenant<\/strong><br \/>\nQu&rsquo;est-ce qui vous retient ? Il n&rsquo;y a aucune raison de retarder plus longtemps l&rsquo;investissement dans votre sourire. L&rsquo;\u00e9claircissement de vos dents n&rsquo;am\u00e9liore pas seulement votre apparence, il stimule votre humeur, votre confiance et la fa\u00e7on dont vous vous pr\u00e9sentez au monde qui vous entoure. Que vous souhaitiez briller lors d&rsquo;un \u00e9v\u00e9nement \u00e0 venir ou simplement am\u00e9liorer vos soins quotidiens, il n&rsquo;y a pas de meilleur moment qu&rsquo;aujourd&rsquo;hui pour commencer.   <\/p>\n<p>Laissez le dentifrice Crest 3D White Brilliance au peroxyde d&rsquo;hydrog\u00e8ne faire le gros du travail pour vous, en \u00e9claircissant vos dents \u00e0 chaque brossage. Il est abordable, efficace, fiable et tr\u00e8s facile \u00e0 utiliser. Un monde d&rsquo;\u00e9clat et de confiance en soi est \u00e0 port\u00e9e de main. Alors allez-y, offrez-vous le sourire dont vous avez toujours r\u00eav\u00e9 &#8211; ce n&rsquo;est pas seulement un dentifrice, c&rsquo;est votre nouvelle arme secr\u00e8te.     <strong>Votre voyage vers un sourire plus blanc et plus \u00e9clatant commence d\u00e8s maintenant !<\/strong><\/p>\n<\/div>\n<hr>\n<h2>Comment utiliser le peroxyde d&rsquo;hydrog\u00e8ne Crest 3D White Brilliance 85g comme un professionnel<\/h2>\n<p>L&rsquo;utilisation de ce dentifrice est aussi simple que possible, sans surprise. Mais voici quelques conseils pour optimiser les r\u00e9sultats et obtenir encore plus rapidement un \u00e9clat parfait : <\/p>\n<ol>\n<li><strong>Brossez-vous les dents deux fois par jour<\/strong>: Le matin et le soir sont vos fen\u00eatres magiques. Respectez cette routine pour obtenir des r\u00e9sultats constants. <\/li>\n<li><strong>Ne vous pr\u00e9cipitez pas<\/strong>: Prenez les deux minutes n\u00e9cessaires pour brosser chaque partie de votre bouche. Confession : combien d&rsquo;entre nous se <i>chronom\u00e8trent<\/i> r\u00e9ellement ? Commencez d\u00e8s maintenant.  <\/li>\n<li><strong>Associez-le \u00e0 un bain de bouche blanchissant<\/strong>: Un rince-bouche qui compl\u00e8te votre dentifrice vous aidera \u00e0 conserver la fra\u00eecheur et \u00e0 renforcer le pouvoir blanchissant.<\/li>\n<li><strong>\u00c9vitez les aliments et les boissons \u00e0 forte teneur en taches pendant le traitement<\/strong>: Nous parlons ici de caf\u00e9, de vin rouge, de boissons gazeuses fonc\u00e9es et m\u00eame de sauce soja. Sirotez de l&rsquo;eau ou utilisez une paille si vous ne pouvez pas r\u00e9sister. <\/li>\n<\/ol>\n<hr>\n<h2>Avantages et inconv\u00e9nients : un coup d&rsquo;\u0153il rapide<\/h2>\n<p>Comme tout autre produit, le peroxyde d&rsquo;hydrog\u00e8ne Crest 3D White Brilliance 85g pr\u00e9sente des avantages et quelques inconv\u00e9nients. Voici ce qu&rsquo;il en est : <\/p>\n<h3><strong>Pour :<\/strong><\/h3>\n<ul>\n<li>Abordable par rapport aux traitements de blanchiment<\/li>\n<li>Formule non abrasive, sans danger pour l&rsquo;\u00e9mail<\/li>\n<li>R\u00e9sultats visibles en 5 jours seulement<\/li>\n<li>Tube compact de 85 g &#8211; facile \u00e0 transporter<\/li>\n<\/ul>\n<h3><strong>Cons :<\/strong><\/h3>\n<ul>\n<li>Efficace pour les taches externes (les d\u00e9colorations plus profondes peuvent n\u00e9cessiter des soins suppl\u00e9mentaires).<\/li>\n<li>Certains peuvent ressentir une l\u00e9g\u00e8re sensibilit\u00e9 (qui s&rsquo;estompe g\u00e9n\u00e9ralement).<\/li>\n<\/ul>\n<hr>\n<h2>Foire aux questions (FAQ)<\/h2>\n<p><strong>1. Le peroxyde d&rsquo;hydrog\u00e8ne Crest 3D White Brilliance est-il s\u00e9curitaire pour un usage quotidien ?<\/strong><br \/>\nAbsolument ! Il est sp\u00e9cialement con\u00e7u pour un usage r\u00e9gulier, afin que vous puissiez brosser les taches sans endommager votre \u00e9mail. <\/p>\n<p><strong>2. Le produit provoque-t-il une sensibilit\u00e9 dentaire ?<\/strong><br \/>\nLa plupart des utilisateurs ne remarquent pas de sensibilit\u00e9, mais certains peuvent en avoir. Si c&rsquo;est le cas, essayez d&rsquo;alterner son utilisation avec un dentifrice au fluor pour dents sensibles. <\/p>\n<p><strong>3. Les enfants peuvent-ils utiliser le dentifrice Crest 3D White Brilliance au peroxyde d&rsquo;hydrog\u00e8ne ?<\/strong><br \/>\nIl convient mieux aux adultes ou aux enfants de plus de 12 ans, car les enfants plus jeunes risquent de ne pas supporter correctement les agents de blanchiment ou les fluorures plus puissants.<\/p>\n<p><strong>4. Dans combien de temps vais-je voir des r\u00e9sultats ?<\/strong><br \/>\nDe nombreux utilisateurs font \u00e9tat de r\u00e9sultats visibles au bout de cinq jours, et une utilisation continue ne fait qu&rsquo;accro\u00eetre les effets !<\/p>\n<p><strong>5. Puis-je l&rsquo;utiliser avec un appareil dentaire ou d&rsquo;autres soins dentaires ?<\/strong><br \/>\nLes dentifrices blanchissants ne peuvent pas modifier la couleur des proth\u00e8ses telles que les couronnes, les facettes ou les appareils dentaires. En cas de doute, consultez votre dentiste. <\/p>\n<hr>\n<h2>Histoires vraies des adeptes de Crest 3D White Brilliance<\/h2>\n<p>Vous n&rsquo;\u00eates toujours pas convaincu ? Laissez-vous convaincre par les utilisateurs qui ont franchi le pas. <\/p>\n<p>\ud83d\udcac <i>\u00ab\u00a0Je suis accro \u00e0 la caf\u00e9ine et mes dents \u00e9taient tach\u00e9es de fa\u00e7on g\u00eanante. Apr\u00e8s deux semaines d&rsquo;utilisation de ce dentifrice, j&rsquo;ai l&rsquo;impression d&rsquo;avoir retrouv\u00e9 mon sourire ! &#8211; Amanda L.<\/i><\/p>\n<p>\ud83d\udcac <i>\u00ab Le tube est d&rsquo;une taille parfaite pour mon bagage \u00e0 main et il fonctionne vraiment ! Mes dents ont l&rsquo;air plus brillantes m\u00eame apr\u00e8s quelques utilisations. \u00bb &#8211; Jonathan K.<\/i><\/p>\n<p>\ud83d\udcac <i>\u00ab\u00a0J&rsquo;\u00e9tais sceptique quant \u00e0 la capacit\u00e9 d&rsquo;un dentifrice \u00e0 blanchir visiblement mes dents, mais wow ! Ce produit tient ses promesses. &#8211; Elisa M.<\/i><\/p>\n<hr>\n<h2>Le dentifrice que votre sourire m\u00e9rite &#8211; Crest 3D White Brilliance Peroxyde d&rsquo;hydrog\u00e8ne<\/h2>\n<p>Ne nous voilons pas la face : votre sourire est l&rsquo;une des premi\u00e8res choses que les gens remarquent chez vous, et il a le pouvoir de laisser une impression durable. Qui ne voudrait pas d&rsquo;un sourire qui suscite les compliments, donne confiance et fait tourner les t\u00eates partout o\u00f9 vous allez ? Obtenir un sourire \u00e9blouissant et sans faille n&rsquo;est plus un r\u00eave, c&rsquo;est d\u00e9sormais \u00e0 port\u00e9e de main. Dites bonjour \u00e0 votre nouveau meilleur ami : <strong>Le dentifrice Crest 3D White Brilliance au peroxyde d&rsquo;hydrog\u00e8ne 85 g.<\/strong> Ce dentifrice r\u00e9volutionnaire va au-del\u00e0 du nettoyage &#8211; il travaille sans rel\u00e2che pour vous donner le sourire radieux et blanc que vous avez toujours m\u00e9rit\u00e9.    <\/p>\n<p>Parlons de r\u00e9sultats concrets. Que vous songiez \u00e0 blanchir vos dents depuis longtemps, mais que vous ne sachiez pas par o\u00f9 commencer, que vous cherchiez en vain le dentifrice parfait pour faire briller votre \u00e9mail, ou que vous soyez simplement curieux de l&rsquo;engouement pour les formules de blanchiment haut de gamme, vous \u00eates au bon endroit. Le dentifrice Crest 3D White Brilliance \u00e9limine non seulement les taches superficielles de fa\u00e7on efficace, mais il rehausse aussi votre confiance \u00e0 chaque utilisation. Gr\u00e2ce \u00e0 la puissance reconnue du <strong>peroxyde d&rsquo;hydrog\u00e8ne<\/strong>, ce dentifrice blanchit vos dents tout en respectant l&rsquo;\u00e9mail. Alors, pourquoi attendre plus longtemps pour transformer votre sourire ?    <\/p>\n<p>Le voyage vers la brillance n&rsquo;a jamais \u00e9t\u00e9 aussi facile. Procurez-vous un tube d\u00e8s aujourd&rsquo;hui chez votre d\u00e9taillant pr\u00e9f\u00e9r\u00e9, car soyons honn\u00eates, votre sourire en vaut la peine. Avec chaque brossage, vous faites un pas de plus vers la r\u00e9v\u00e9lation de votre personnalit\u00e9 la plus brillante et la plus audacieuse. Qu&rsquo;il s&rsquo;agisse d&rsquo;une r\u00e9union importante, d&rsquo;un rendez-vous ou de simples interactions quotidiennes, une dentition \u00e9tincelante a le pouvoir de rehausser chaque moment.   <\/p>\n<hr>\n<p>En r\u00e9sum\u00e9, le dentifrice Crest 3D White Brilliance au peroxyde d&rsquo;hydrog\u00e8ne 85 g n&rsquo;est pas un dentifrice ordinaire &#8211; il change la donne. Il ne s&rsquo;agit pas seulement d&rsquo;un sourire plus propre, mais d&rsquo;un sourire qui respire la brillance, la confiance et l \u00ab \u00e9clat. Sa formule blanchissante scientifiquement \u00e9tay\u00e9e, avec l&rsquo;efficacit\u00e9 prouv\u00e9e du peroxyde d&rsquo;hydrog\u00e8ne, en fait un choix exceptionnel pour tous ceux qui veulent un sourire plus blanc sans endommager l \u00bb \u00e9mail. Mieux encore ? Il est abordable et constitue un moyen simple d&rsquo;am\u00e9liorer votre routine de soins bucco-dentaires.    <\/p>\n<p>Ne vous contentez pas de l&rsquo;ordinaire quand l&rsquo;extraordinaire est possible. Vous m\u00e9ritez plus qu&rsquo;un sourire \u00ab\u00a0suffisant\u00a0\u00bb &#8211; vous m\u00e9ritez un <strong>sourire \u00e9clatant<\/strong> qui illumine tous les espaces o\u00f9 vous vous trouvez. Ne remettez plus en question ou ne repoussez plus vos objectifs en mati\u00e8re de sourire. C&rsquo;est maintenant qu&rsquo;il faut faire le saut. Croyez-nous, une fois que vous aurez commenc\u00e9 \u00e0 utiliser le peroxyde d&rsquo;hydrog\u00e8ne Crest 3D White Brilliance, m\u00eame votre miroir aura l&rsquo;impression de voir un tout nouveau vous. N&rsquo;attendez plus. Faites-vous plaisir, investissez dans votre confiance et red\u00e9couvrez le pouvoir de votre sourire. Votre nouvel \u00e9clat n&rsquo;est qu&rsquo;\u00e0 une brosse \u00e0 dents ! Peroxyde d&rsquo;hydrog\u00e8ne Crest 3D White Brilliance.        <\/p>\n<hr>\n<p><i>[Remarque : consultez toujours votre dentiste avant d&rsquo;utiliser un nouveau produit de blanchiment, surtout si vous avez des probl\u00e8mes dentaires pr\u00e9existants. Votre sant\u00e9 bucco-dentaire est aussi unique que votre sourire, et il vaut mieux pr\u00e9venir que gu\u00e9rir. Bien que les produits de blanchiment soient con\u00e7us pour transformer votre sourire en \u00e9liminant les taches et en am\u00e9liorant l \u00ab \u00e9clat de vos dents, il est important de s&rsquo;assurer qu&rsquo;ils sont adapt\u00e9s \u00e0 vos besoins dentaires sp\u00e9cifiques. Des conditions pr\u00e9existantes telles que la sensibilit\u00e9 dentaire, les maladies des gencives, les caries ou l \u00bb \u00e9mail affaibli peuvent rendre vos dents plus sensibles \u00e0 l&rsquo;irritation ou \u00e0 l&rsquo;inconfort lors de l&rsquo;utilisation d&rsquo;agents de blanchiment. Consulter votre dentiste au pr\u00e9alable vous permet de d\u00e9terminer si un produit comme le peroxyde d&rsquo;hydrog\u00e8ne Crest 3D White Brilliance vous convient. En outre, un professionnel des soins dentaires peut vous donner de pr\u00e9cieux conseils sur la fa\u00e7on d&rsquo;int\u00e9grer les produits de blanchiment \u00e0 votre routine de mani\u00e8re s\u00fbre et efficace. Il peut vous recommander de traiter tout probl\u00e8me sous-jacent &#8211; caries ou sensibilit\u00e9 des gencives &#8211; avant de commencer un r\u00e9gime de blanchiment afin d&rsquo;obtenir des r\u00e9sultats optimaux. Si vous avez r\u00e9cemment subi des traitements dentaires tels que des plombages, des couronnes, des facettes ou des travaux d&rsquo;orthodontie, votre dentiste peut \u00e9galement vous donner des indications sur la fa\u00e7on dont les produits de blanchiment peuvent les affecter. N&rsquo;oubliez pas que m\u00eame les produits fiables et largement utilis\u00e9s tels que le peroxyde d&rsquo;hydrog\u00e8ne Crest 3D White Brilliance sont plus efficaces lorsqu&rsquo;ils sont associ\u00e9s \u00e0 de bons soins dentaires g\u00e9n\u00e9raux et adapt\u00e9s \u00e0 vos besoins particuliers. Un sourire sain et confiant commence par des d\u00e9cisions \u00e9clair\u00e9es et des conseils professionnels].<\/i><\/p>\n","protected":false},"excerpt":{"rendered":"<p>Obtenez un sourire plus blanc et plus \u00e9clatant avec Crest 3D White Brilliance Peroxyde d&rsquo;hydrog\u00e8ne 85g. D\u00e9couvrez pourquoi ce puissant dentifrice blanchissant change la donne dans votre routine de soins bucco-dentaires. <\/p>\n","protected":false},"featured_media":10594,"comment_status":"open","ping_status":"closed","template":"","meta":[],"product_cat":[752],"product_tag":[775,812,811],"class_list":{"0":"post-10590","1":"product","2":"type-product","3":"status-publish","4":"has-post-thumbnail","6":"product_cat-dentifrice-crest","7":"product_tag-crest-3d-white-brilliance-fr","8":"product_tag-crest-3d-white-brilliance-hydrogen-fr","9":"product_tag-peroxyde-dhydrogene-crest-3d-white-brilliance","10":"pa_brands-crete","12":"first","13":"outofstock","14":"taxable","15":"shipping-taxable","16":"purchasable","17":"product-type-simple"},"_links":{"self":[{"href":"https:\/\/tretinoins.com\/fr\/wp-json\/wp\/v2\/product\/10590","targetHints":{"allow":["GET"]}}],"collection":[{"href":"https:\/\/tretinoins.com\/fr\/wp-json\/wp\/v2\/product"}],"about":[{"href":"https:\/\/tretinoins.com\/fr\/wp-json\/wp\/v2\/types\/product"}],"replies":[{"embeddable":true,"href":"https:\/\/tretinoins.com\/fr\/wp-json\/wp\/v2\/comments?post=10590"}],"version-history":[{"count":0,"href":"https:\/\/tretinoins.com\/fr\/wp-json\/wp\/v2\/product\/10590\/revisions"}],"wp:featuredmedia":[{"embeddable":true,"href":"https:\/\/tretinoins.com\/fr\/wp-json\/wp\/v2\/media\/10594"}],"wp:attachment":[{"href":"https:\/\/tretinoins.com\/fr\/wp-json\/wp\/v2\/media?parent=10590"}],"wp:term":[{"taxonomy":"product_cat","embeddable":true,"href":"https:\/\/tretinoins.com\/fr\/wp-json\/wp\/v2\/product_cat?post=10590"},{"taxonomy":"product_tag","embeddable":true,"href":"https:\/\/tretinoins.com\/fr\/wp-json\/wp\/v2\/product_tag?post=10590"}],"curies":[{"name":"wp","href":"https:\/\/api.w.org\/{rel}","templated":true}]}}