{"id":10580,"date":"2023-12-29T17:31:09","date_gmt":"2023-12-29T17:31:09","guid":{"rendered":"https:\/\/tretinoins.com\/crest-cavity-protection-161g-dentifrice-ordinaire-acheter-teeth-whitening\/"},"modified":"2023-12-29T17:31:09","modified_gmt":"2023-12-29T15:31:09","slug":"crest-cavity-protection-161g-dentifrice-ordinaire-acheter-teeth-whitening","status":"publish","type":"product","link":"https:\/\/tretinoins.com\/fr\/crest-cavity-protection-161g-dentifrice-ordinaire-acheter-teeth-whitening\/","title":{"rendered":"Crest Cavity Protection 161g, Dentifrice ordinaire, Acheter Teeth Whitening"},"content":{"rendered":"<h1 data-pm-slice=\"0 0 []\" data-en-clipboard=\"true\">Des sourires \u00e9tincelants, des dents fortes : Pourquoi le dentifrice ordinaire Crest Cavity Protection 161g change la donne en mati\u00e8re de sant\u00e9 bucco-dentaire.<\/h1>\n<hr>\n<div>Un sourire radieux a quelque chose de magique, n&rsquo;est-ce pas ? Imaginez la confiance que vous ressentez lorsque vous entrez dans une pi\u00e8ce en sachant que vos dents sont \u00e9tincelantes, fortes et saines. Un beau sourire n&rsquo;est pas seulement une question d&rsquo;esth\u00e9tique &#8211; c&rsquo;est aussi le signe d&rsquo;une bonne sant\u00e9 bucco-dentaire. C&rsquo;est pourquoi le choix du bon dentifrice n&rsquo;est pas une mince affaire. Lorsqu&rsquo;il s&rsquo;agit de prot\u00e9ger vos blancs nacr\u00e9s, de lutter contre les caries et m\u00eame de rehausser l&rsquo;\u00e9clat de votre sourire, le <b>dentifrice Crest Cavity Protection 161g, Regular Toothpaste<\/b> r\u00e9pond \u00e0 toutes les attentes.    <\/div>\n<div>Mais attendez &#8211; nous ne parlons pas ici uniquement de protection contre les caries. D&rsquo;innombrables consommateurs cherchent aujourd&rsquo;hui \u00e0 <i>acheter des<\/i> produits de <i>blanchiment des dents<\/i> en m\u00eame temps que des options de pr\u00e9vention des caries. Il est clair que nous sommes tous \u00e0 la recherche de l \u00ab \u00e9quilibre parfait entre sant\u00e9 et apparence. Alors, est-ce le dentifrice que vous recherchez ? Voyons pourquoi ce tube de bonbons \u00e0 la menthe m\u00e9rite une place sur l \u00bb \u00e9tag\u00e8re de votre salle de bains.   <\/div>\n<hr>\n<h2>Pourquoi devriez-vous vous soucier du dentifrice Crest Cavity Protection 161g, Regular Toothpaste ?<\/h2>\n<div>Lorsque vous vous trouvez dans l&rsquo;all\u00e9e des dentifrices (face \u00e0 ce qui semble \u00eatre des <i>centaines d&rsquo;<\/i> options), faire un choix peut vous sembler insurmontable. Qu&rsquo;est-ce qui distingue le <b>dentifrice Crest Cavity Protection 161 g, r\u00e9gulier<\/b>? Voyons ce qu&rsquo;il en est :  <\/div>\n<h3><b>1. Il est dot\u00e9 d&rsquo;un pouvoir de lutte contre les caries<\/b><\/h3>\n<div>Avez-vous d\u00e9j\u00e0 remarqu\u00e9 que les caries ont tendance \u00e0 vous surprendre ? Un jour, vos dents sont en pleine sant\u00e9 ; le lendemain, vous vous retrouvez sur la chaise du dentiste. La formule de Crest ne fait pas dans la dentelle lorsqu&rsquo;il s&rsquo;agit de combattre la carie.  <\/div>\n<div>Gr\u00e2ce au <b>fluor<\/b>, la star de la pr\u00e9vention des caries, ce dentifrice renforce l&rsquo;\u00e9mail et emp\u00eache les bact\u00e9ries de faire des ravages sur vos dents. Et honn\u00eatement, qui a le temps de se pr\u00e9occuper des caries quand la vie lui r\u00e9serve d\u00e9j\u00e0 des surprises ? <\/div>\n<ul>\n<li>\n<div>Renforce l&rsquo;\u00e9mail pour le prot\u00e9ger contre l&rsquo;usure quotidienne.<\/div>\n<\/li>\n<li>\n<div>Lutte contre les bact\u00e9ries responsables des caries<\/div>\n<\/li>\n<li>\n<div>Prot\u00e8ge les dents longtemps apr\u00e8s le brossage<\/div>\n<\/li>\n<\/ul>\n<h3><b>2. Une haleine fra\u00eeche sur laquelle vous pouvez compter<\/b><\/h3>\n<div>Avouons-le, personne ne veut avoir \u00e0 composer avec la mauvaise haleine. La saveur menthol\u00e9e de Crest vous assure une bouche fra\u00eeche et propre, ce qui vous permet d&rsquo;entreprendre votre journ\u00e9e en toute confiance (ou, vous savez, de montrer votre sourire \u00e9blouissant lors de votre prochain appel Zoom). <\/div>\n<h3><b>3. Abordable et accessible<\/b><\/h3>\n<div>Le plus int\u00e9ressant, c&rsquo;est que ce dentifrice offre des performances de premier ordre, mais n&rsquo;est pas vendu \u00e0 un prix exorbitant. D&rsquo;une taille tout \u00e0 fait correcte (161 g, c&rsquo;est le juste milieu &#8211; ni trop grand, ni trop petit), il s&rsquo;int\u00e8gre parfaitement \u00e0 votre routine sans vous ruiner. <\/div>\n<hr>\n<h2>Comment la protection contre la carie de Crest s&rsquo;int\u00e8gre-t-elle dans une routine de blanchiment des dents ?<\/h2>\n<div>D&rsquo;accord, attaquons-nous \u00e0 l&rsquo;\u00e9l\u00e9phant dans la pi\u00e8ce. Pouvez-vous utiliser le <b>dentifrice Crest Cavity Protection 161 g, r\u00e9gulier, en<\/b> m\u00eame temps que votre qu\u00eate de dents plus blanches ? Absolument ! En fait, ce dentifrice joue un r\u00f4le crucial dans le maintien d&rsquo;un sourire fort et beau.   <\/div>\n<div>Voici comment vous pouvez int\u00e9grer la protection contre les caries et le blanchiment des dents dans votre routine quotidienne :<\/div>\n<h3><b>1. Commencez par la protection des cavit\u00e9s<\/b><\/h3>\n<div>Vous ne pouvez pas construire un beau sourire sur des fondations fragiles. En commen\u00e7ant par un dentifrice fiable, comme Crest Cavity Protection, vous vous assurez que vos dents restent saines et ne sont pas endommag\u00e9es. <\/div>\n<ul>\n<li>\n<div>Brossez-vous les dents deux fois par jour en utilisant une quantit\u00e9 de Crest de la taille d&rsquo;un pois.<\/div>\n<\/li>\n<li>\n<div>Concentrez-vous sur toutes les zones de vos dents (en particulier les crevasses difficiles \u00e0 atteindre !).<\/div>\n<\/li>\n<li>\n<div>Rincez abondamment et sentez la fra\u00eecheur de la menthe vous envahir.<\/div>\n<\/li>\n<\/ul>\n<h3><b>2. Ajoutez un produit de blanchiment des dents au m\u00e9lange<\/b><\/h3>\n<div>Une fois que vous vous \u00eates assur\u00e9 que vos dents sont prot\u00e9g\u00e9es contre les caries, l&rsquo;\u00e9tape suivante est le blanchiment. Qu&rsquo;il s&rsquo;agisse des bandes Crest Whitestrips, des gels blanchissants ou des traitements en cabinet, ces produits sont d&rsquo;autant plus efficaces que votre \u00e9mail est sain et solide (indice : c&rsquo;est \u00e0 cela que sert votre dentifrice habituel !) <\/div>\n<h3><b>3. Gardez de bonnes habitudes<\/b><\/h3>\n<div>Vous pouvez acheter tous les produits de blanchiment des dents de la plan\u00e8te, mais sans constance, les r\u00e9sultats ne dureront pas. Associez votre dentifrice \u00e0 ces habitudes de soins dentaires pour garder un sourire \u00e9tincelant : <\/div>\n<ul>\n<li>\n<div>Passez le fil dentaire tous les jours (oui, c&rsquo;est ennuyeux, mais \u00e7a en vaut la peine !).<\/div>\n<\/li>\n<li>\n<div>\u00c9vitez les boissons tachantes comme le caf\u00e9, le vin rouge et les sodas.<\/div>\n<\/li>\n<li>\n<div>Rendez visite \u00e0 votre dentiste deux fois par an pour des nettoyages professionnels.<\/div>\n<\/li>\n<\/ul>\n<hr>\n<h2>Ce qu&rsquo;il faut savoir lorsque vous achetez des produits de blanchiment des dents<\/h2>\n<div>L&rsquo;ajout d&rsquo;un produit de blanchiment des dents \u00e0 votre routine peut faire passer votre sourire \u00e0 la vitesse sup\u00e9rieure. Mais comment choisir le bon ? Voici quelques \u00e9l\u00e9ments cl\u00e9s \u00e0 prendre en compte :  <\/div>\n<h3><b>1. Ingr\u00e9dients Mati\u00e8re<\/b><\/h3>\n<div>Le peroxyde d&rsquo;hydrog\u00e8ne et le peroxyde de carbamide sont les produits de r\u00e9f\u00e9rence en mati\u00e8re de blanchiment des dents. Ils aident \u00e0 \u00e9liminer les taches pour une apparence plus lumineuse. <\/div>\n<h3><b>2. Pr\u00e9occupations en mati\u00e8re de sensibilit\u00e9<\/b><\/h3>\n<div>Vous avez les dents sensibles ? Recherchez des produits de blanchiment con\u00e7us pour une utilisation douce, ou alternez les jours d&rsquo;utilisation des produits \u00e0 forte intensit\u00e9 pour \u00e9viter toute g\u00eane. <\/div>\n<h3><b>3. Des options avantageuses pour votre budget<\/b><\/h3>\n<div>Vous n&rsquo;avez pas besoin de vider votre portefeuille pour obtenir des dents plus blanches. Crest, par exemple, propose des solutions \u00e0 domicile abordables qui donnent des r\u00e9sultats visibles sans co\u00fbter une fortune. <\/div>\n<hr>\n<h2>FAQ sur Crest Cavity Protection 161g, le dentifrice ordinaire et le blanchiment des dents<\/h2>\n<div><b>Q : Puis-je utiliser Crest Cavity Protection en m\u00eame temps qu&rsquo;un dentifrice blanchissant ?<\/b>  R : Absolument ! Utilisez Crest Cavity Protection pour lutter contre les caries le matin, et passez \u00e0 un dentifrice blanchissant le soir pour une routine de nettoyage compl\u00e8te. <\/div>\n<div><b>Q : Est-ce que Crest Cavity Protection pr\u00e9vient aussi les taches ?<\/b>  R : Bien que son r\u00f4le principal soit de pr\u00e9venir les caries, la formule au fluorure de Crest peut aider \u00e0 r\u00e9duire la plaque dentaire &#8211; l&rsquo;un des principaux responsables de la d\u00e9coloration ! Associez-le \u00e0 un traitement de blanchiment pour obtenir les meilleurs r\u00e9sultats. <\/div>\n<div><b>Q : Le produit Crest Cavity Protection est-il sans danger pour les enfants ?<\/b>  R : Oui, mais les enfants de moins de six ans ne doivent utiliser qu&rsquo;une quantit\u00e9 de la taille d&rsquo;un petit pois et se brosser les dents sous surveillance pour \u00e9viter qu&rsquo;ils ne l&rsquo;avalent. Mieux vaut pr\u00e9venir que gu\u00e9rir ! <\/div>\n<div><b>Q : \u00c0 quelle fr\u00e9quence dois-je utiliser les produits de blanchiment des dents ?<\/b>  R : Cela d\u00e9pend du produit. Les bandes blanchissantes, par exemple, peuvent \u00eatre utilis\u00e9es quotidiennement pendant une p\u00e9riode d\u00e9termin\u00e9e, tandis que les gels \u00e0 forte concentration peuvent n\u00e9cessiter une application moins fr\u00e9quente. Suivez toujours les instructions figurant sur l&#8217;emballage.  <\/div>\n<div><b>Q : O\u00f9 puis-je acheter le dentifrice Crest Cavity Protection 161g, Regular Toothpaste ou des produits de blanchiment des dents ?<\/b>  R : Vous pouvez les trouver dans la plupart des grands supermarch\u00e9s, dans les pharmacies et chez les d\u00e9taillants en ligne comme Amazon, o\u00f9 il y a souvent des offres et des offres group\u00e9es.<\/div>\n<hr>\n<h2>Pourquoi votre sourire m\u00e9rite le meilleur<\/h2>\n<div>Investir dans des produits comme le <b>dentifrice Crest Cavity Protection 161g, Regular Toothpaste<\/b>, c&rsquo;est bien plus que tenir les caries \u00e0 distance. Il s&rsquo;agit de ch\u00e9rir votre sourire et de lui donner le soin qu&rsquo;il m\u00e9rite. Apr\u00e8s tout, votre sourire est l&rsquo;une des premi\u00e8res choses que les gens remarquent chez vous, et il m\u00e9rite d&rsquo;\u00eatre mis en valeur !  <\/div>\n<div>Que vous cherchiez \u00e0 pr\u00e9venir les caries, \u00e0 rafra\u00eechir votre haleine ou \u00e0 <b>acheter des<\/b> produits de <b>blanchiment des dents<\/b>, la cl\u00e9 consiste \u00e0 \u00e9tablir une routine qui vous convient. Arm\u00e9 de la protection fiable de Crest, votre voyage vers un sourire plus sain et plus \u00e9clatant commence d\u00e8s maintenant. <\/div>\n<hr>\n<div>Lorsqu&rsquo;il s&rsquo;agit de soins bucco-dentaires, il n&rsquo;y a rien de mieux qu&rsquo;un produit qui fait ses preuves dans tous les domaines. Le <b>dentifrice Crest Cavity Protection 161g, Regular Toothpaste<\/b> est une r\u00e9ponse simple mais efficace aux probl\u00e8mes de caries, offrant une excellente protection de votre \u00e9mail et une fra\u00eecheur durable. Associez-le \u00e0 un produit de blanchiment intelligent et vous obtiendrez la recette ultime pour un sourire \u00e0 la fois fort et \u00e9blouissant. <\/div>\n<div>Alors, qu&rsquo;attendez-vous ? Que vous vous r\u00e9approvisionniez ou que vous vous pr\u00e9pariez \u00e0 acheter des solutions de blanchiment des dents, faites de Crest la pierre angulaire de votre routine de sant\u00e9 bucco-dentaire. Votre sourire vous remerciera plus tard !  <\/div>\n<div><\/div>\n","protected":false},"excerpt":{"rendered":"<p>D\u00e9couvrez comment le dentifrice Crest Cavity Protection 161g, Regular Toothpaste, tient les caries \u00e0 distance pour un sourire plus sain, tout en explorant les options d&rsquo;achat de produits de blanchiment des dents pour une routine de soins bucco-dentaires compl\u00e8te !<\/p>\n","protected":false},"featured_media":10585,"comment_status":"open","ping_status":"closed","template":"","meta":[],"product_cat":[752],"product_tag":[805,803,804,802],"class_list":{"0":"post-10580","1":"product","2":"type-product","3":"status-publish","4":"has-post-thumbnail","6":"product_cat-dentifrice-crest","7":"product_tag-blanchiment-des-dents","8":"product_tag-crest-cavity-protection-161g-fr","9":"product_tag-dentifrice-ordinaire","10":"product_tag-protection-de-la-cavite-de-crest","11":"pa_brands-crete","13":"first","14":"instock","15":"taxable","16":"shipping-taxable","17":"purchasable","18":"product-type-simple"},"_links":{"self":[{"href":"https:\/\/tretinoins.com\/fr\/wp-json\/wp\/v2\/product\/10580","targetHints":{"allow":["GET"]}}],"collection":[{"href":"https:\/\/tretinoins.com\/fr\/wp-json\/wp\/v2\/product"}],"about":[{"href":"https:\/\/tretinoins.com\/fr\/wp-json\/wp\/v2\/types\/product"}],"replies":[{"embeddable":true,"href":"https:\/\/tretinoins.com\/fr\/wp-json\/wp\/v2\/comments?post=10580"}],"version-history":[{"count":0,"href":"https:\/\/tretinoins.com\/fr\/wp-json\/wp\/v2\/product\/10580\/revisions"}],"wp:featuredmedia":[{"embeddable":true,"href":"https:\/\/tretinoins.com\/fr\/wp-json\/wp\/v2\/media\/10585"}],"wp:attachment":[{"href":"https:\/\/tretinoins.com\/fr\/wp-json\/wp\/v2\/media?parent=10580"}],"wp:term":[{"taxonomy":"product_cat","embeddable":true,"href":"https:\/\/tretinoins.com\/fr\/wp-json\/wp\/v2\/product_cat?post=10580"},{"taxonomy":"product_tag","embeddable":true,"href":"https:\/\/tretinoins.com\/fr\/wp-json\/wp\/v2\/product_tag?post=10580"}],"curies":[{"name":"wp","href":"https:\/\/api.w.org\/{rel}","templated":true}]}}