{"id":10579,"date":"2024-01-03T14:00:04","date_gmt":"2024-01-03T14:00:04","guid":{"rendered":"https:\/\/tretinoins.com\/tretinoin-gel-0-025-20g-menarini-a-ret-anti-acne-anti-rides\/"},"modified":"2026-04-14T14:58:49","modified_gmt":"2026-04-14T12:58:49","slug":"tretinoin-gel-0-025-20g-menarini-a-ret-anti-acne-anti-rides","status":"publish","type":"product","link":"https:\/\/tretinoins.com\/fr\/tretinoin-gel-0-025-20g-menarini-a-ret-anti-acne-anti-rides\/","title":{"rendered":"Tretinoin Gel 0.025 20g, Menarini, A-Ret, Anti-Acn\u00e9, Anti-Rides"},"content":{"rendered":"<h1>Une peau radieuse : Une plong\u00e9e en profondeur dans le gel de tr\u00e9tino\u00efne 0,025 20g de Menarini (A-Ret)<\/h1>\n<hr>\n<p>Salut, guerriers des soins de la peau ! Si vous \u00eates \u00e0 la recherche de l&rsquo;\u00e9clat insaisissable ou si vous luttez contre l&rsquo;acn\u00e9, vous \u00eates probablement tomb\u00e9e sur la magie du gel de tr\u00e9tino\u00efne 0,025 20 g, Menarini, \u00e9galement connu sous le nom d&rsquo;A-Ret. Ce petit tube est bourr\u00e9 de puissance, promettant non seulement de rajeunir votre peau, mais aussi de s&rsquo;attaquer \u00e0 toute une s\u00e9rie de probl\u00e8mes cutan\u00e9s. Alors, de quoi s&rsquo;agit-il ? D\u00e9cortiquons les couches et voyons ce qui fait briller ce produit !    <\/p>\n<p>Dans ce guide, nous aborderons tout ce que vous devez savoir sur le gel de tr\u00e9tino\u00efne, depuis son mode d&rsquo;action et ses avantages jusqu&rsquo;aux conseils d&rsquo;application et aux effets secondaires possibles. Vous \u00eates pr\u00eat \u00e0 vous plonger dans ce guide ? Commen\u00e7ons !  <\/p>\n<hr>\n<h2>Qu&rsquo;est-ce que la tr\u00e9tino\u00efne ?<\/h2>\n<h3>Comprendre les bases<\/h3>\n<p>La tr\u00e9tino\u00efne, un d\u00e9riv\u00e9 de la vitamine A, est une superstar dans l&rsquo;univers des soins de la peau. En voici un bref aper\u00e7u : <\/p>\n<table>\n<thead>\n<tr>\n<th><strong>Propri\u00e9t\u00e9<\/strong><\/th>\n<th><strong>D\u00e9tails<\/strong><\/th>\n<\/tr>\n<\/thead>\n<tbody>\n<tr>\n<td><strong>Ingr\u00e9dient<\/strong><\/td>\n<td>Tr\u00e9tino\u00efne<\/td>\n<\/tr>\n<tr>\n<td><strong>Concentration<\/strong><\/td>\n<td>0.025%<\/td>\n<\/tr>\n<tr>\n<td><strong>Marque<\/strong><\/td>\n<td>Menarini (A-Ret)<\/td>\n<\/tr>\n<tr>\n<td><strong>Forme<\/strong><\/td>\n<td>Gel<\/td>\n<\/tr>\n<tr>\n<td><strong>Volume<\/strong><\/td>\n<td>20g<\/td>\n<\/tr>\n<\/tbody>\n<\/table>\n<p>La tr\u00e9tino\u00efne agit en favorisant le renouvellement cellulaire, c&rsquo;est-\u00e0-dire en encourageant votre peau \u00e0 remplacer les vieilles cellules endommag\u00e9es par de nouvelles cellules fra\u00eeches. Cela permet d&rsquo;obtenir une peau plus lisse et plus claire et peut contribuer \u00e0 r\u00e9duire l&rsquo;apparence des rides et ridules et de l&rsquo;hyperpigmentation. Avec une utilisation r\u00e9guli\u00e8re, la tr\u00e9tino\u00efne non seulement revitalise la peau mais peut \u00e9galement pr\u00e9venir de futures \u00e9ruptions cutan\u00e9es. Qui ne souhaite pas cela ?   <\/p>\n<h3>Comment la tr\u00e9tino\u00efne agit-elle ?<\/h3>\n<p>Vous vous demandez peut-\u00eatre : \u00ab Comment cela fonctionne-t-il vraiment ? \u00bb C&rsquo;est une excellente question ! Voici une explication :  <\/p>\n<ol>\n<li><strong>Augmente le renouvellement cellulaire :<\/strong> La tr\u00e9tino\u00efne acc\u00e9l\u00e8re l&rsquo;\u00e9limination des cellules mortes de la peau, ce qui aide \u00e0 maintenir les pores d\u00e9gag\u00e9s.<\/li>\n<li><strong>Stimule la production de collag\u00e8ne :<\/strong> En stimulant la production de collag\u00e8ne, il aide \u00e0 maintenir l&rsquo;\u00e9lasticit\u00e9 et la fermet\u00e9 de la peau.<\/li>\n<li><strong>Uniformise le ton de la peau :<\/strong> la tr\u00e9tino\u00efne peut r\u00e9duire la pigmentation et am\u00e9liorer la texture g\u00e9n\u00e9rale de la peau.<\/li>\n<\/ol>\n<h3>Pourquoi Menarini ?<\/h3>\n<p>Pourquoi sp\u00e9cifiquement le gel de tr\u00e9tino\u00efne 0,025 20g de Menarini ? Menarini est une marque respect\u00e9e, connue pour ses produits pharmaceutiques de qualit\u00e9. Leurs formulations garantissent la stabilit\u00e9 et l&rsquo;efficacit\u00e9 de la tr\u00e9tino\u00efne, ce qui en fait un choix fiable dans le domaine des soins de la peau. A-Ret est con\u00e7u pour p\u00e9n\u00e9trer en profondeur et produire des r\u00e9sultats sans compromettre la sant\u00e9 de votre peau !   <\/p>\n<hr>\n<h2>Les avantages du gel de tr\u00e9tino\u00efne 0,025 20g<\/h2>\n<p>Vous avez probablement entendu parler de la tr\u00e9tino\u00efne, mais analysons ses avantages plus en d\u00e9tail :<\/p>\n<h3>1. <strong>Traitement de l&rsquo;acn\u00e9<\/strong><\/h3>\n<ul>\n<li>Cible l&rsquo;acn\u00e9 tenace.<\/li>\n<li>D\u00e9sobstrue les pores et minimise la probabilit\u00e9 de nouvelles \u00e9ruptions cutan\u00e9es.<\/li>\n<li>R\u00e9duit l&rsquo;inflammation et les rougeurs associ\u00e9es \u00e0 l&rsquo;acn\u00e9.<\/li>\n<\/ul>\n<h3>2. <strong>Propri\u00e9t\u00e9s anti-\u00e2ge<\/strong><\/h3>\n<ul>\n<li>Lisse les rides et ridules.<\/li>\n<li>Stimule la production de collag\u00e8ne pour une peau plus jeune.<\/li>\n<li>Am\u00e9liore la texture et le teint de la peau.<\/li>\n<\/ul>\n<h3>3. <strong>Contr\u00f4le de la pigmentation<\/strong><\/h3>\n<ul>\n<li>Att\u00e9nue les taches brunes et l&rsquo;hyperpigmentation.<\/li>\n<li>Favorise un teint uniforme.<\/li>\n<li>Aide \u00e0 att\u00e9nuer les marques post-acn\u00e9iques.<\/li>\n<\/ul>\n<h3>4. <strong>Am\u00e9lioration de la texture de la peau<\/strong><\/h3>\n<ul>\n<li>Favorise une peau plus douce et plus lisse.<\/li>\n<li>R\u00e9duit les plaques rugueuses et la s\u00e9cheresse.<\/li>\n<li>Donne un aspect radieux \u00e0 l&rsquo;ensemble !<\/li>\n<\/ul>\n<hr>\n<h2>Conseils d&rsquo;application pour le gel de tr\u00e9tino\u00efne 0,025 20g<\/h2>\n<h3>Comment utiliser le gel de tr\u00e9tino\u00efne 0,025 20g<\/h3>\n<p>Pour tirer le meilleur parti du gel de tr\u00e9tino\u00efne, suivez les \u00e9tapes suivantes :<\/p>\n<ol>\n<li><strong>Nettoyez votre visage :<\/strong> Commencez par utiliser un nettoyant doux pour \u00e9liminer la salet\u00e9 et le s\u00e9bum.<\/li>\n<li><strong>S\u00e9chez en tapotant :<\/strong> Donnez \u00e0 votre peau un moment pour qu&rsquo;elle s\u00e8che compl\u00e8tement &#8211; cela \u00e9vite les irritations.<\/li>\n<li><strong>Appliquez une quantit\u00e9 de la taille d&rsquo;un pois :<\/strong> Moins, c&rsquo;est plus ! Utilisez un petit point et r\u00e9partissez-le uniform\u00e9ment sur le visage. <\/li>\n<li><strong>Hydratez :<\/strong> N&rsquo;oubliez pas d&rsquo;appliquer ensuite une cr\u00e8me hydratante pour fixer l&rsquo;hydratation.<\/li>\n<li><strong>Cr\u00e8me solaire, cr\u00e8me solaire, cr\u00e8me solaire !<\/strong>  La tr\u00e9tino\u00efne rend votre peau plus sensible \u00e0 la lumi\u00e8re du soleil. Appliquez donc un \u00e9cran solaire \u00e0 large spectre pendant la journ\u00e9e.<\/li>\n<\/ol>\n<h3>Routine recommand\u00e9e<\/h3>\n<p>Voici une routine simple pour int\u00e9grer la tr\u00e9tino\u00efne \u00e0 vos soins de la peau :<\/p>\n<table>\n<thead>\n<tr>\n<th><strong>Moment de la journ\u00e9e<\/strong><\/th>\n<th><strong>Routine<\/strong><\/th>\n<\/tr>\n<\/thead>\n<tbody>\n<tr>\n<td><strong>Matin<\/strong><\/td>\n<td>Nettoyant \u2192 Cr\u00e8me hydratante \u2192 Cr\u00e8me solaire<\/td>\n<\/tr>\n<tr>\n<td><strong>Soir<\/strong><\/td>\n<td>Nettoyant \u2192 Gel de tr\u00e9tino\u00efne \u2192 Cr\u00e8me hydratante<\/td>\n<\/tr>\n<\/tbody>\n<\/table>\n<h3>Fr\u00e9quence d&rsquo;application<\/h3>\n<p>Commencez doucement ! Si vous utilisez la tr\u00e9tino\u00efne pour la premi\u00e8re fois, essayez de l&rsquo;utiliser un soir sur deux pendant les deux premi\u00e8res semaines. Augmentez progressivement l&rsquo;utilisation nocturne au fur et \u00e0 mesure que votre peau s&rsquo;adapte.  <\/p>\n<hr>\n<h2>Effets secondaires possibles<\/h2>\n<p>Si le gel de tr\u00e9tino\u00efne 0,025 20g fait des miracles, il n&rsquo;est pas d\u00e9nu\u00e9 d&rsquo;inconv\u00e9nients. Voici quelques effets secondaires que vous pourriez rencontrer : <\/p>\n<h3>Effets secondaires courants<\/h3>\n<ul>\n<li><strong>Rougeur :<\/strong> Attendez-vous \u00e0 ce que votre peau rougisse un peu au d\u00e9but. Ne vous inqui\u00e9tez pas, cela s&rsquo;estompe g\u00e9n\u00e9ralement ! <\/li>\n<li><strong>S\u00e9cheresse :<\/strong> Il se peut que vous ressentiez une certaine s\u00e9cheresse et une desquamation au d\u00e9but. C&rsquo;est normal ! <\/li>\n<li><strong>Irritation :<\/strong> Les peaux sensibles peuvent trouver la tr\u00e9tino\u00efne un peu trop agressive au d\u00e9but.<\/li>\n<\/ul>\n<h3>Effets secondaires rares mais graves<\/h3>\n<p>Bien que cela soit rare, certaines personnes peuvent en souffrir :<\/p>\n<ul>\n<li>Irritation s\u00e9v\u00e8re de la peau.<\/li>\n<li>Gonflement ou rougeur importante.<\/li>\n<li>Des boursouflures ou des d\u00e9collements plus importants que d&rsquo;habitude.<\/li>\n<\/ul>\n<p>En cas de r\u00e9action grave, il est essentiel d&rsquo;arr\u00eater d&rsquo;utiliser le produit et de consulter votre dermatologue.<\/p>\n<hr>\n<h2>FAQ sur le gel de tr\u00e9tino\u00efne 0,025 20g<\/h2>\n<h3>1. <strong>Puis-je utiliser la tr\u00e9tino\u00efne avec d&rsquo;autres produits de soin de la peau ?<\/strong><\/h3>\n<p>Absolument ! Toutefois, il est pr\u00e9f\u00e9rable d \u00ab \u00e9viter d&rsquo;utiliser en m\u00eame temps des produits contenant des ingr\u00e9dients puissants (comme l&rsquo;acide glycolique ou le peroxyde de benzoyle) afin d \u00bb \u00e9viter toute irritation. Contentez-vous de nettoyants et de cr\u00e8mes hydratantes doux.  <\/p>\n<h3>2. <strong>Combien de temps dois-je attendre avant de voir des r\u00e9sultats ?<\/strong><\/h3>\n<p>La plupart des gens commencent \u00e0 remarquer des am\u00e9liorations au bout de 4 \u00e0 6 semaines, mais il faut parfois jusqu&rsquo;\u00e0 trois mois pour obtenir des r\u00e9sultats significatifs. La patience est de mise ! <\/p>\n<h3>3. <strong>Peut-on l&rsquo;utiliser sans danger pendant la grossesse ?<\/strong><\/h3>\n<p>La tr\u00e9tino\u00efne n&rsquo;est pas recommand\u00e9e pendant la grossesse ou l&rsquo;allaitement. Consultez toujours votre fournisseur de soins de sant\u00e9 pour obtenir des conseils adapt\u00e9s \u00e0 votre situation sp\u00e9cifique. <\/p>\n<h3>4. <strong>Puis-je utiliser la tr\u00e9tino\u00efne pendant l&rsquo;\u00e9t\u00e9 ?<\/strong><\/h3>\n<p>Oui, vous pouvez, mais n&rsquo;oubliez pas l&rsquo;importance de la protection solaire ! La tr\u00e9tino\u00efne augmente la sensibilit\u00e9 au soleil, il est donc important d&rsquo;appliquer une protection solaire. <\/p>\n<hr>\n<p>Dans le monde des soins de la peau, le gel de tr\u00e9tino\u00efne 0,025 20g de Menarini (A-Ret) est un produit puissant qui peut transformer votre peau. Qu&rsquo;il s&rsquo;agisse de lutter contre l&rsquo;acn\u00e9 ou d&rsquo;inverser les signes du vieillissement, ses avantages sont ind\u00e9niables. Rappelez-vous cependant qu&rsquo;il faut du temps et de la patience pour obtenir ces r\u00e9sultats exceptionnels.  <\/p>\n<p>Donc, si vous \u00eates pr\u00eate \u00e0 vous lancer dans ce voyage de transformation de la peau, essayez la tr\u00e9tino\u00efne, mais faites-le avec pr\u00e9caution ! Soyez \u00e0 l \u00ab \u00e9coute de votre peau et n&rsquo;h\u00e9sitez pas \u00e0 consulter un dermatologue si vous avez des questions. Avec la bonne approche, ce petit tube peut devenir votre meilleur ami pour obtenir l \u00bb \u00e9clat recherch\u00e9.  <\/p>\n<p>Maintenant, partez \u00e0 la conqu\u00eate de votre parcours de soins de la peau avec confiance, car il ne vous reste plus que quelques applications pour obtenir votre plus belle peau !<\/p>\n<hr>\n<h3>R\u00e9flexions finales<\/h3>\n<p>Incorporer le gel de tr\u00e9tino\u00efne 0,025 20g \u00e0 votre routine peut sembler intimidant, mais avec un peu de connaissance et de soin, c&rsquo;est un jeu d&rsquo;enfant ! Dites adieu \u00e0 la peau terne et bonjour \u00e0 un teint lumineux et rajeuni. \u00c0 votre r\u00e9ussite en mati\u00e8re de soins de la peau ! \u00c0 votre sant\u00e9 !   <\/p>\n","protected":false},"excerpt":{"rendered":"<p>D\u00e9couvrez les merveilleux avantages du gel de tr\u00e9tino\u00efne 0,025 20g de Menarini (A-Ret). Ce guide complet couvre les conseils d&rsquo;application, les avantages, les effets secondaires, et plus encore ! Atteignez vos objectifs en mati\u00e8re de soins de la peau en toute connaissance de cause !  <\/p>\n","protected":false},"featured_media":10581,"comment_status":"open","ping_status":"closed","template":"","meta":[],"product_cat":[764],"product_tag":[800,779,801,798,799],"class_list":{"0":"post-10579","1":"product","2":"type-product","3":"status-publish","4":"has-post-thumbnail","6":"product_cat-soins-du-visage","7":"product_tag-a-ret-fr","8":"product_tag-gel-de-tretinoine","9":"product_tag-gel-de-tretinoine-0025","10":"product_tag-gel-de-tretinoine-0025-20g","11":"product_tag-menarini-fr","13":"first","14":"instock","15":"taxable","16":"shipping-taxable","17":"purchasable","18":"product-type-simple"},"_links":{"self":[{"href":"https:\/\/tretinoins.com\/fr\/wp-json\/wp\/v2\/product\/10579","targetHints":{"allow":["GET"]}}],"collection":[{"href":"https:\/\/tretinoins.com\/fr\/wp-json\/wp\/v2\/product"}],"about":[{"href":"https:\/\/tretinoins.com\/fr\/wp-json\/wp\/v2\/types\/product"}],"replies":[{"embeddable":true,"href":"https:\/\/tretinoins.com\/fr\/wp-json\/wp\/v2\/comments?post=10579"}],"version-history":[{"count":1,"href":"https:\/\/tretinoins.com\/fr\/wp-json\/wp\/v2\/product\/10579\/revisions"}],"predecessor-version":[{"id":15253,"href":"https:\/\/tretinoins.com\/fr\/wp-json\/wp\/v2\/product\/10579\/revisions\/15253"}],"wp:featuredmedia":[{"embeddable":true,"href":"https:\/\/tretinoins.com\/fr\/wp-json\/wp\/v2\/media\/10581"}],"wp:attachment":[{"href":"https:\/\/tretinoins.com\/fr\/wp-json\/wp\/v2\/media?parent=10579"}],"wp:term":[{"taxonomy":"product_cat","embeddable":true,"href":"https:\/\/tretinoins.com\/fr\/wp-json\/wp\/v2\/product_cat?post=10579"},{"taxonomy":"product_tag","embeddable":true,"href":"https:\/\/tretinoins.com\/fr\/wp-json\/wp\/v2\/product_tag?post=10579"}],"curies":[{"name":"wp","href":"https:\/\/api.w.org\/{rel}","templated":true}]}}