{"id":10571,"date":"2024-01-03T13:59:59","date_gmt":"2024-01-03T13:59:59","guid":{"rendered":"https:\/\/tretinoins.com\/creme-a-la-tretinoine-0025-20g-tretiheal-healing-pharma-anti-acne-anti-rides\/"},"modified":"2026-03-09T08:56:12","modified_gmt":"2026-03-09T06:56:12","slug":"creme-a-la-tretinoine-0025-20g-tretiheal-healing-pharma-anti-acne-anti-rides","status":"publish","type":"product","link":"https:\/\/tretinoins.com\/fr\/creme-a-la-tretinoine-0025-20g-tretiheal-healing-pharma-anti-acne-anti-rides\/","title":{"rendered":"Cr\u00e8me \u00e0 la tr\u00e9tino\u00efne 0,025% 20g, Tretiheal, Healing Pharma, Anti-Acn\u00e9, Anti-Rides"},"content":{"rendered":"<h1>Lib\u00e9rez le pouvoir de la cr\u00e8me de tr\u00e9tino\u00efne 0,025% 20g : Une tr\u00e9tino\u00efne abordable de Healing Pharma<\/h1>\n<p>D\u00e9couvrez comment la cr\u00e8me de tr\u00e9tino\u00efne 0,025 % 20 g, un produit Tretiheal abordable de Healing Pharma, peut am\u00e9liorer consid\u00e9rablement la sant\u00e9 de votre peau. Explorez ses avantages, son utilisation et les exp\u00e9riences des utilisateurs dans ce guide complet. <\/p>\n<hr>\n<p>Vous \u00eates-vous d\u00e9j\u00e0 retrouv\u00e9 \u00e0 faire d\u00e9filer d&rsquo;innombrables produits de soins de la peau, vous sentant submerg\u00e9 par les promesses d&rsquo;une peau \u00e9clatante ? Vous n&rsquo;\u00eates pas la seule ! L&rsquo;industrie de la beaut\u00e9 \u00e9tant en plein essor, passer au crible les diff\u00e9rentes options peut s&rsquo;av\u00e9rer une t\u00e2che ardue. Mais voici un petit bijou qui pourrait vous int\u00e9resser : La <strong>cr\u00e8me de tr\u00e9tino\u00efne 0,025 % 20 g<\/strong>, une option abordable de Healing Pharma connue pour faire des merveilles sur votre peau.   <\/p>\n<p>Il ne s&rsquo;agit pas de n&rsquo;importe quelle cr\u00e8me : elle contient un puissant ingr\u00e9dient, le r\u00e9tino\u00efde, qui en fait la pr\u00e9f\u00e9r\u00e9e des personnes qui luttent contre l&rsquo;acn\u00e9, les ridules et les irr\u00e9gularit\u00e9s du teint. Vous \u00eates curieux de savoir comment cela fonctionne ? Plongeons dans le monde fascinant de la tr\u00e9tino\u00efne !  <\/p>\n<hr>\n<h2>Qu&rsquo;est-ce que la cr\u00e8me de tr\u00e9tino\u00efne ?<\/h2>\n<h3>Les bases de la tr\u00e9tino\u00efne<\/h3>\n<p>Tout d&rsquo;abord, expliquons ce qu&rsquo;est la tr\u00e9tino\u00efne. La tr\u00e9tino\u00efne, \u00e9galement connue sous le nom d&rsquo;acide tout-trans-r\u00e9tino\u00efque, est un d\u00e9riv\u00e9 de la vitamine A. C&rsquo;est un ingr\u00e9dient puissant qui acc\u00e9l\u00e8re le renouvellement des cellules de la peau, en aidant \u00e0 \u00e9liminer les cellules mortes et en favorisant la nouvelle croissance. En d&rsquo;autres termes, il transforme votre peau de terne en fabuleuse !  <\/p>\n<h4>Pourquoi choisir la cr\u00e8me de tr\u00e9tino\u00efne 0,025% 20g ?<\/h4>\n<ul>\n<li><strong>La concentration est importante<\/strong>: Avec une concentration de 0,025 %, cette formule atteint un \u00e9quilibre parfait pour les d\u00e9butants. Elle est suffisamment puissante pour produire des r\u00e9sultats tout en \u00e9tant douce pour votre peau. <\/li>\n<li><strong>Tretiheal \u00e0 un prix abordable<\/strong>: Contrairement \u00e0 de nombreux produits haut de gamme qui promettent monts et merveilles mais dont le prix est \u00e9lev\u00e9, la cr\u00e8me \u00e0 la tr\u00e9tino\u00efne offre une solution <i>\u00e9conomique<\/i> sans l\u00e9siner sur la qualit\u00e9.<\/li>\n<\/ul>\n<hr>\n<h2>Avantages de la cr\u00e8me \u00e0 la tr\u00e9tino\u00efne 0,025% 20g<\/h2>\n<p>Que pouvez-vous attendre de l&rsquo;incorporation de la cr\u00e8me de tr\u00e9tino\u00efne 0,025 % dans votre routine de soins de la peau ? Voici un bref aper\u00e7u : <\/p>\n<ol>\n<li><strong>Lutte contre l&rsquo;acn\u00e9<\/strong>: la tr\u00e9tino\u00efne aide \u00e0 d\u00e9sobstruer les pores, pr\u00e9venant ainsi les \u00e9ruptions cutan\u00e9es.<\/li>\n<li><strong>R\u00e9duire les ridules<\/strong>: Une utilisation r\u00e9guli\u00e8re peut visiblement att\u00e9nuer l&rsquo;apparence des rides et ridules.<\/li>\n<li><strong>Am\u00e9liorer la texture de la peau<\/strong>: Dites adieu aux zones rugueuses et bonjour \u00e0 une peau plus lisse !<\/li>\n<li><strong>Teint in\u00e9gal<\/strong>: Adieu les taches sombres, bonjour le teint uniforme.<\/li>\n<li><strong>Stimuler la production de collag\u00e8ne<\/strong>: Avec la tr\u00e9tino\u00efne, vous ne vous contentez pas de traiter les probl\u00e8mes existants, vous entretenez de mani\u00e8re proactive l&rsquo;\u00e9lasticit\u00e9 de votre peau.<\/li>\n<\/ol>\n<h3>Tableau : Cr\u00e8me \u00e0 la tr\u00e9tino\u00efne 0,025% Avantages<\/h3>\n<table>\n<thead>\n<tr>\n<th><strong>Prestations<\/strong><\/th>\n<th><strong>Description de la prestation<\/strong><\/th>\n<\/tr>\n<\/thead>\n<tbody>\n<tr>\n<td>Contr\u00f4le de l&rsquo;acn\u00e9<\/td>\n<td>R\u00e9duit les boutons et les \u00e9ruptions en gardant les pores clairs.<\/td>\n<\/tr>\n<tr>\n<td>R\u00e9duction des rides<\/td>\n<td>Minimise les ridules pour une apparence plus jeune.<\/td>\n<\/tr>\n<tr>\n<td>Am\u00e9lioration de la texture<\/td>\n<td>Lisse la surface de la peau pour une sensation plus douce.<\/td>\n<\/tr>\n<tr>\n<td>\u00c9claircissant<\/td>\n<td>Unifie le teint de la peau et att\u00e9nue les taches brunes.<\/td>\n<\/tr>\n<tr>\n<td>Augmentation du collag\u00e8ne<\/td>\n<td>Favorise la fermet\u00e9 de la peau en am\u00e9liorant son \u00e9lasticit\u00e9.<\/td>\n<\/tr>\n<\/tbody>\n<\/table>\n<hr>\n<h2>Comment utiliser efficacement la cr\u00e8me \u00e0 la tr\u00e9tino\u00efne 0,025% 20g ?<\/h2>\n<p>D&rsquo;accord, vous avez votre cr\u00e8me &#8211; et maintenant ? Voici un guide simple sur la fa\u00e7on d&rsquo;utiliser la cr\u00e8me de tr\u00e9tino\u00efne 0,025 % pour obtenir des r\u00e9sultats optimaux. <\/p>\n<h3>Application \u00e9tape par \u00e9tape<\/h3>\n<ol>\n<li><strong>Nettoyez<\/strong>: Commencez par utiliser un nettoyant doux pour \u00e9liminer la salet\u00e9 et le maquillage.<\/li>\n<li><strong>S\u00e9chez en tapotant<\/strong>: S\u00e9chez d\u00e9licatement votre visage pour qu&rsquo;il ne soit pas trop humide.<\/li>\n<li><strong>Appliquez la cr\u00e8me de tr\u00e9tino\u00efne<\/strong>: Utilisez une quantit\u00e9 de la taille d&rsquo;un petit pois et appliquez-la uniform\u00e9ment sur votre visage.<\/li>\n<li><strong>Hydratez<\/strong>: Appliquez ensuite une cr\u00e8me hydratante, en particulier pour les peaux s\u00e8ches.<\/li>\n<li><strong>La cr\u00e8me solaire est indispensable<\/strong>: La tr\u00e9tino\u00efne peut rendre votre peau sensible \u00e0 la lumi\u00e8re du soleil.<\/li>\n<\/ol>\n<h3>Conseils pour les nouveaux utilisateurs<\/h3>\n<ul>\n<li><strong>Commencez lentement<\/strong>: commencez par utiliser la cr\u00e8me un soir sur deux pour permettre \u00e0 votre peau de s&rsquo;adapter.<\/li>\n<li><strong>Surveillez l&rsquo;irritation<\/strong>: Si vous constatez des rougeurs ou une desquamation, faites une pause ou utilisez le produit moins souvent.<\/li>\n<li><strong>Consultez un professionnel<\/strong>: C&rsquo;est toujours une bonne id\u00e9e si vous n&rsquo;\u00eates pas s\u00fbr de la r\u00e9action de votre peau.<\/li>\n<\/ul>\n<hr>\n<h2>Effets secondaires courants et comment les g\u00e9rer<\/h2>\n<p>M\u00eame si la tr\u00e9tino\u00efne change la donne, elle n&rsquo;est pas d\u00e9pourvue d&rsquo;inconv\u00e9nients. Voici ce que vous pourriez rencontrer : <\/p>\n<h3>Effets secondaires typiques<\/h3>\n<ul>\n<li><strong>Rougeurs<\/strong>: Ce ph\u00e9nom\u00e8ne est fr\u00e9quent, surtout chez les personnes qui utilisent le m\u00e9dicament pour la premi\u00e8re fois.<\/li>\n<li><strong>Peeling<\/strong>: Il se peut que vous remarquiez une certaine desquamation pendant que votre peau s&rsquo;adapte.<\/li>\n<li><strong>La s\u00e9cheresse<\/strong>: Pour lutter contre ce probl\u00e8me, veillez \u00e0 bien vous hydrater.<\/li>\n<\/ul>\n<h3>Gestion des effets secondaires<\/h3>\n<ul>\n<li>Pensez \u00e0 utiliser un s\u00e9rum hydratant sous votre cr\u00e8me hydratante.<\/li>\n<li>Ajustez la fr\u00e9quence en cas d&rsquo;irritation &#8211; il n&rsquo;y a pas de mal \u00e0 \u00eatre doux !<\/li>\n<li>Hydratez-vous &#8211; buvez beaucoup d&rsquo;eau et maintenez une alimentation \u00e9quilibr\u00e9e.<\/li>\n<\/ul>\n<hr>\n<h2>FAQ sur la cr\u00e8me tr\u00e9tino\u00efne 0,025% 20g, Tretiheal \u00e0 prix abordable<\/h2>\n<h3>Quelle est la dur\u00e9e de conservation de la cr\u00e8me de tr\u00e9tino\u00efne 0,025% 20g ?<\/h3>\n<p>La cr\u00e8me de tr\u00e9tino\u00efne dure g\u00e9n\u00e9ralement de 12 \u00e0 18 mois si elle est conserv\u00e9e correctement. Conservez-la \u00e0 l&rsquo;abri de la lumi\u00e8re directe du soleil et de la chaleur excessive ! <\/p>\n<h3>Puis-je utiliser la tr\u00e9tino\u00efne avec d&rsquo;autres produits de soin de la peau ?<\/h3>\n<p>Absolument ! Faites simplement attention \u00e0 ne pas l&rsquo;associer \u00e0 d&rsquo;autres actifs puissants (comme les AHA ou les BHA), sauf avis contraire, car cela pourrait provoquer des irritations. <\/p>\n<h3>Combien de temps dois-je attendre avant de voir des r\u00e9sultats ?<\/h3>\n<p>La plupart des utilisateurs commencent \u00e0 remarquer des am\u00e9liorations au bout de 6 \u00e0 12 semaines ! La patience est la cl\u00e9 ; les bonnes choses viennent \u00e0 ceux qui attendent ! <\/p>\n<h3>La tr\u00e9tino\u00efne convient-elle \u00e0 tous les types de peau ?<\/h3>\n<p>Bien que la tr\u00e9tino\u00efne soit b\u00e9n\u00e9fique pour tous les types de peau, les personnes ayant une peau sensible doivent faire preuve de prudence.<\/p>\n<h3>Puis-je utiliser la tr\u00e9tino\u00efne si je suis enceinte ?<\/h3>\n<p>Consultez votre m\u00e9decin avant d&rsquo;utiliser la tr\u00e9tino\u00efne pendant la grossesse, car les r\u00e9tino\u00efdes peuvent pr\u00e9senter des risques.<\/p>\n<hr>\n<h2>Exp\u00e9riences et t\u00e9moignages d&rsquo;utilisateurs<\/h2>\n<p>Que pensent les utilisateurs de <strong>Tretinoin Cream 0.025% 20g, Affordable Tretiheal, Healing Pharma<\/strong>? Voici quelques t\u00e9moignages qui pourraient vous inspirer : <\/p>\n<h3>Sarah, 32 ans<\/h3>\n<p><i>\u00ab J&rsquo;ai commenc\u00e9 \u00e0 utiliser la tr\u00e9tino\u00efne lorsque j&rsquo;ai remarqu\u00e9 l&rsquo;apparition de quelques ridules. Honn\u00eatement, il m&rsquo;a fallu quelques semaines pour m&rsquo;y habituer, mais aujourd&rsquo;hui ma peau para\u00eet plus jeune que jamais ! Je n&rsquo;arrive pas \u00e0 croire \u00e0 quel point c&rsquo;est abordable ! \u00bb<\/i><\/p>\n<h3>Marc, 25 ans<\/h3>\n<p><i>\u00ab\u00a0J&rsquo;\u00e9tais sceptique en tant que personne ayant des \u00e9ruptions cutan\u00e9es occasionnelles. Mais la diff\u00e9rence est incroyable ! Ma peau est plus lisse et je me sens beaucoup plus confiant !\u00a0\u00bb<\/i><\/p>\n<h3>Emily, 29 ans<\/h3>\n<p><i>\u00ab Je ne voulais pas d\u00e9penser une fortune en soins de la peau, et cette cr\u00e8me \u00e0 la tr\u00e9tino\u00efne est parfaite ! Elle correspond \u00e0 mon budget et garde ma peau \u00e9clatante ! \u00bb<\/i><\/p>\n<hr>\n<p>Dans un monde d\u00e9bordant d&rsquo;options de soins de la peau, la <strong>cr\u00e8me de tr\u00e9tino\u00efne 0,025% 20g<\/strong>, un Tretiheal abordable de Healing Pharma, se distingue comme un alli\u00e9 fiable pour obtenir une peau plus saine. Que vous luttiez contre l&rsquo;acn\u00e9, les signes de vieillissement ou que vous cherchiez simplement \u00e0 am\u00e9liorer votre teint, cette cr\u00e8me offre une multitude de bienfaits \u00e0 un prix accessible. <\/p>\n<p>Maintenant que vous savez ce qu&rsquo;il en est, pourquoi ne pas tenter l&rsquo;exp\u00e9rience ? En adoptant la bonne approche, vous pourriez \u00eatre en passe d&rsquo;obtenir la peau \u00e9clatante dont vous avez toujours r\u00eav\u00e9. N&rsquo;oubliez pas que la patience est la cl\u00e9 et que la constance est essentielle. Bonne route en mati\u00e8re de soins de la peau !   <\/p>\n<hr>\n<p>Prenez en charge votre routine de soins de la peau avec la cr\u00e8me tr\u00e9tino\u00efne 0,025% 20g aujourd&rsquo;hui, et transformez votre peau \u00e9tape par \u00e9tape !<\/p>\n","protected":false},"excerpt":{"rendered":"<p>D\u00e9couvrez comment la cr\u00e8me de tr\u00e9tino\u00efne 0,025 % 20 g, un m\u00e9dicament Tretiheal abordable de Healing Pharma, peut am\u00e9liorer consid\u00e9rablement la sant\u00e9 de votre peau. Explorez ses avantages, son utilisation et les exp\u00e9riences des utilisateurs dans ce guide complet. <\/p>\n","protected":false},"featured_media":10573,"comment_status":"open","ping_status":"closed","template":"","meta":[],"product_cat":[764],"product_tag":[766,794,768],"class_list":{"0":"post-10571","1":"product","2":"type-product","3":"status-publish","4":"has-post-thumbnail","6":"product_cat-soins-du-visage","7":"product_tag-creme-a-la-tretinoine","8":"product_tag-creme-a-la-tretinoine-0025-20g","9":"product_tag-tretinoine","11":"first","12":"instock","13":"taxable","14":"shipping-taxable","15":"purchasable","16":"product-type-simple"},"_links":{"self":[{"href":"https:\/\/tretinoins.com\/fr\/wp-json\/wp\/v2\/product\/10571","targetHints":{"allow":["GET"]}}],"collection":[{"href":"https:\/\/tretinoins.com\/fr\/wp-json\/wp\/v2\/product"}],"about":[{"href":"https:\/\/tretinoins.com\/fr\/wp-json\/wp\/v2\/types\/product"}],"replies":[{"embeddable":true,"href":"https:\/\/tretinoins.com\/fr\/wp-json\/wp\/v2\/comments?post=10571"}],"version-history":[{"count":1,"href":"https:\/\/tretinoins.com\/fr\/wp-json\/wp\/v2\/product\/10571\/revisions"}],"predecessor-version":[{"id":15260,"href":"https:\/\/tretinoins.com\/fr\/wp-json\/wp\/v2\/product\/10571\/revisions\/15260"}],"wp:featuredmedia":[{"embeddable":true,"href":"https:\/\/tretinoins.com\/fr\/wp-json\/wp\/v2\/media\/10573"}],"wp:attachment":[{"href":"https:\/\/tretinoins.com\/fr\/wp-json\/wp\/v2\/media?parent=10571"}],"wp:term":[{"taxonomy":"product_cat","embeddable":true,"href":"https:\/\/tretinoins.com\/fr\/wp-json\/wp\/v2\/product_cat?post=10571"},{"taxonomy":"product_tag","embeddable":true,"href":"https:\/\/tretinoins.com\/fr\/wp-json\/wp\/v2\/product_tag?post=10571"}],"curies":[{"name":"wp","href":"https:\/\/api.w.org\/{rel}","templated":true}]}}