{"id":10565,"date":"2024-01-03T13:59:55","date_gmt":"2024-01-03T13:59:55","guid":{"rendered":"https:\/\/tretinoins.com\/creme-a-la-tretinoine-005-30g-tretine-hh-anti-acne-anti-rides\/"},"modified":"2026-04-18T19:29:32","modified_gmt":"2026-04-18T17:29:32","slug":"creme-a-la-tretinoine-005-30g-tretine-hh-anti-acne-anti-rides","status":"publish","type":"product","link":"https:\/\/tretinoins.com\/fr\/creme-a-la-tretinoine-005-30g-tretine-hh-anti-acne-anti-rides\/","title":{"rendered":"Cr\u00e8me \u00e0 la tr\u00e9tino\u00efne 0,05%, 30g, tr\u00e9tine, H&amp;H, anti-acn\u00e9, anti-rides"},"content":{"rendered":"<div>\n<h1>La magie de la cr\u00e8me de tr\u00e9tino\u00efne 0,05% 30g : Transformer la peau avec la tr\u00e9tino\u00efne, H&amp;H<\/h1>\n<p>Avez-vous d\u00e9j\u00e0 r\u00eav\u00e9 d&rsquo;une potion magique qui pourrait \u00e0 elle seule lutter contre l&rsquo;acn\u00e9, att\u00e9nuer les ridules et donner \u00e0 votre peau un aspect radieux et jeune ? Cela ressemble \u00e0 un conte de f\u00e9es, n&rsquo;est-ce pas ? Eh bien, voici la <i>cr\u00e8me \u00e0 la tr\u00e9tino\u00efne 0,05 % (30 g)<\/i>, une merveille de soin de la peau qui est le secret le mieux gard\u00e9 des dermatologues depuis des d\u00e9cennies. \u00c9galement connue sous le nom de tr\u00e9tine ou de r\u00e9tine A dans certains milieux, il s&rsquo;agit de l&rsquo;un des produits les plus puissants et les mieux \u00e9tay\u00e9s scientifiquement pour am\u00e9liorer votre peau. Que vous r\u00eaviez d&rsquo;un teint de ros\u00e9e ou que vous souhaitiez lutter contre les \u00e9ruptions cutan\u00e9es, cette cr\u00e8me est faite pour vous.    <\/p>\n<p>Soutenue par des marques telles que H&amp;H, connues pour leur pr\u00e9cision et leur soin, la cr\u00e8me de tr\u00e9tino\u00efne 0,05% dans son format de 30 g est plus qu&rsquo;un simple produit &#8211; c&rsquo;est un sauveur de peau. Mais qu&rsquo;est-ce qui la rend si populaire ? Est-elle \u00e0 la hauteur de l&rsquo;engouement qu&rsquo;elle suscite ? Et surtout, comment l&rsquo;utiliser correctement pour en exploiter tout le potentiel ? Restez dans les parages car nous allons nous pencher sur ce produit de base embl\u00e9matique des soins de la peau.    <\/p>\n<hr>\n<h1>Quel est l&rsquo;int\u00e9r\u00eat de la cr\u00e8me de tr\u00e9tino\u00efne 0,05% 30g ?<\/h1>\n<p>Alors, pourquoi tout ce tapage autour de la <i>cr\u00e8me de tr\u00e9tino\u00efne 0,05% 30g<\/i>, de la tr\u00e9tine et de son lien avec H&amp;H ? Voyons cela de plus pr\u00e8s : <\/p>\n<h3>1<strong>) Qu&rsquo;est-ce que la tr\u00e9tino\u00efne ?<\/strong><\/h3>\n<p>La tr\u00e9tino\u00efne est un d\u00e9riv\u00e9 de la vitamine A qui agit comme un r\u00e9tino\u00efde, une classe de compos\u00e9s connus pour leurs effets remarquables sur le renouvellement cellulaire et la production de collag\u00e8ne. En d&rsquo;autres termes, c&rsquo;est comme si vous rafra\u00eechissiez votre peau. D\u00e9velopp\u00e9e \u00e0 l&rsquo;origine pour le traitement de l&rsquo;acn\u00e9, les scientifiques n&rsquo;ont pas tard\u00e9 \u00e0 remarquer ses effets b\u00e9n\u00e9fiques, tels que la r\u00e9duction des rides, l&rsquo;am\u00e9lioration de la texture de la peau et l&rsquo;att\u00e9nuation de l&rsquo;hyperpigmentation.  <\/p>\n<ul>\n<li><strong>Comment cela fonctionne-t-il ?<\/strong>  Il augmente le renouvellement des cellules de la peau, faisant remonter plus rapidement les cellules fra\u00eeches et saines \u00e0 la surface, tout en d\u00e9sobstruant les pores et en stimulant le collag\u00e8ne, une prot\u00e9ine responsable de l&rsquo;\u00e9lasticit\u00e9 de la peau.<\/li>\n<li><strong>Pourquoi une concentration de 0,05 % ?<\/strong>  Cette dose mod\u00e9r\u00e9e \u00e9quilibre puissance et douceur &#8211; suffisamment puissante pour produire des r\u00e9sultats significatifs, mais pas assez pour dominer les nouveaux utilisateurs.<\/li>\n<\/ul>\n<h3>2<strong>. le r\u00f4le de H&amp;H dans le jeu<\/strong><\/h3>\n<p>H&amp;H, un nom de confiance dans le domaine des soins de la peau, a pris la t\u00eate de la cr\u00e9ation de formulations de tr\u00e9tino\u00efne de haute qualit\u00e9, en veillant \u00e0 ce que ses produits offrent des r\u00e9sultats maximums avec un minimum d&rsquo;irritation. En associant une technologie de pointe \u00e0 une expertise dermatologique, leur tube de 30 g de cr\u00e8me \u00e0 la tr\u00e9tino\u00efne 0,05 % change la donne pour tous ceux qui souhaitent am\u00e9liorer leur peau. <\/p>\n<h3>3<strong>. pourquoi choisir le tube de 30g ?<\/strong><\/h3>\n<p>Le format de 30 g est parfait pour une utilisation \u00e0 long terme. Avec la tr\u00e9tino\u00efne, la constance est essentielle &#8211; il ne s&rsquo;agit pas d&rsquo;une solution rapide mais plut\u00f4t d&rsquo;un marathon vers des r\u00e9sultats \u00e9clatants. Le format de 30 g de H&amp;H vous permet de ne jamais \u00eatre \u00e0 court de cr\u00e8me lorsque vous pratiquez votre routine de soins de la peau. De plus, comme une petite quantit\u00e9 de cr\u00e8me suffit, elle vous durera longtemps !   <\/p>\n<hr>\n<h1>Les avantages de la cr\u00e8me \u00e0 la tr\u00e9tino\u00efne 0,05% 30g<\/h1>\n<p>Vous vous demandez toujours si la cr\u00e8me \u00e0 la tr\u00e9tino\u00efne vaut la peine d&rsquo;\u00eatre vant\u00e9e ? Parlons des avantages, car ils sont tout simplement \u00e9poustouflants : <\/p>\n<h3>1. <strong>Adieu, l&rsquo;acn\u00e9 !<\/strong><\/h3>\n<p>L&rsquo;un des principaux m\u00e9rites de la tr\u00e9tino\u00efne est sa capacit\u00e9 \u00e0 lutter contre l&rsquo;acn\u00e9. En d\u00e9sobstruant les pores, en r\u00e9duisant la production de s\u00e9bum et en pr\u00e9venant l&rsquo;apparition de nouvelles \u00e9ruptions, elle aide \u00e0 garder votre peau claire et sans imperfections. <\/p>\n<h3>2. <strong>La merveille anti-\u00e2ge<\/strong><\/h3>\n<p>Dites adieu aux rides et ridules ! La tr\u00e9tino\u00efne stimule la production de collag\u00e8ne, ce qui permet de repulper la peau et d&rsquo;att\u00e9nuer les rides qui tentent de se manifester. <\/p>\n<h3>3. <strong>Estompe les taches sombres<\/strong><\/h3>\n<p>Vous souffrez de dommages caus\u00e9s par le soleil ou d&rsquo;hyperpigmentation ? La tr\u00e9tino\u00efne s&rsquo;attaque aux taches brunes tenaces en favorisant le renouvellement cellulaire, ce qui vous permet d&rsquo;obtenir un teint plus lumineux et plus uniforme. <\/p>\n<h3>4. <strong>Am\u00e9liore la texture de la peau<\/strong><\/h3>\n<p>Personne n&rsquo;aime les peaux rugueuses et bossel\u00e9es. La tr\u00e9tino\u00efne cr\u00e9e un fini lisse et soyeux en \u00e9liminant les cellules cutan\u00e9es mortes et en encourageant les cellules fra\u00eeches \u00e0 briller. <\/p>\n<h3>5. <strong>Pr\u00e9vient le vieillissement pr\u00e9matur\u00e9<\/strong><\/h3>\n<p>Une utilisation \u00e0 long terme renforce les d\u00e9fenses de votre peau et contribue \u00e0 pr\u00e9server son aspect jeune. Consid\u00e9rez-le comme un investissement dans votre avenir en mati\u00e8re de soins de la peau ! <\/p>\n<hr>\n<h1>Comment utiliser la cr\u00e8me de tr\u00e9tino\u00efne 0,05% 30g comme un professionnel ?<\/h1>\n<p>D&rsquo;accord, vous \u00eates maintenant convaincu de ses bienfaits. Mais avant de vous enduire de tr\u00e9tino\u00efne comme d&rsquo;une cr\u00e8me hydratante, ralentissez le pas ! La tr\u00e9tino\u00efne est un produit puissant, et une mauvaise utilisation peut entra\u00eener s\u00e9cheresse, desquamation et irritation. Il s&rsquo;agit de travailler plus intelligemment, pas plus fort.   <\/p>\n<h3><strong>Application \u00e9tape par \u00e9tape<\/strong><\/h3>\n<ol>\n<li><strong>Commencez l\u00e9ger<\/strong>: Pour les d\u00e9butantes, appliquez une quantit\u00e9 de la taille d&rsquo;un petit pois sur l&rsquo;ensemble de votre visage. Croyez-nous, une petite quantit\u00e9 suffit amplement. <\/li>\n<li><strong>Routine de nuit<\/strong>: Utilisez-le le soir, car il peut rendre votre peau plus sensible aux rayons du soleil. N&rsquo;oubliez pas la cr\u00e8me solaire pendant la journ\u00e9e ! <\/li>\n<li><strong>Nettoyez d&rsquo;abord<\/strong>: Veillez \u00e0 ce que votre visage soit parfaitement propre et sec (une peau humide peut accro\u00eetre l&rsquo;irritation).<\/li>\n<li><strong>\u00c9vitez les zones sensibles<\/strong>: \u00c9vitez les coins de la bouche, les narines et le contour des yeux, qui sont particuli\u00e8rement d\u00e9licats.<\/li>\n<li><strong>Hydratez, hydratez, hydratez<\/strong>: Appliquez une cr\u00e8me hydratante riche pour combattre la s\u00e9cheresse.<\/li>\n<\/ol>\n<h3><strong>Conseils pour r\u00e9ussir<\/strong><\/h3>\n<ul>\n<li>Commencez par l&rsquo;utiliser 2 \u00e0 3 fois par semaine, puis augmentez progressivement la fr\u00e9quence d&rsquo;utilisation au fur et \u00e0 mesure que votre peau s&rsquo;adapte.<\/li>\n<li>Soyez patient. Les r\u00e9sultats visibles peuvent prendre quelques semaines, mais faites confiance au processus ! <\/li>\n<li>Utilisez toujours un \u00e9cran solaire. La cr\u00e8me de tr\u00e9tino\u00efne 0,05% 30g rend votre peau plus sensible au soleil, c&rsquo;est pourquoi la protection solaire n&rsquo;est pas n\u00e9gociable. <\/li>\n<\/ul>\n<hr>\n<h1>Questions fr\u00e9quentes sur la cr\u00e8me tr\u00e9tino\u00efne 0,05% 30g<\/h1>\n<p>Nous avons rassembl\u00e9 les questions les plus fr\u00e9quemment pos\u00e9es afin que vous soyez arm\u00e9 de toutes les connaissances n\u00e9cessaires :<\/p>\n<h3><strong>1. La tr\u00e9tino\u00efne est-elle efficace pour tout le monde ?<\/strong><\/h3>\n<p>Il convient \u00e0 la plupart des types de peau, mais les personnes \u00e0 la peau tr\u00e8s sensible peuvent ressentir une irritation. Si vous avez des inqui\u00e9tudes, consultez votre dermatologue avant de commencer. <\/p>\n<h3><strong>2. Combien de temps dois-je attendre avant de voir des r\u00e9sultats ?<\/strong><\/h3>\n<p>Si certains utilisateurs constatent des am\u00e9liorations au bout de quelques semaines, il faut g\u00e9n\u00e9ralement attendre 8 \u00e0 12 semaines pour obtenir des r\u00e9sultats complets. Les bonnes choses prennent du temps ! <\/p>\n<h3><strong>3. Puis-je utiliser la tr\u00e9tino\u00efne avec d&rsquo;autres produits ?<\/strong><\/h3>\n<p>Oui, mais avec prudence. \u00c9vitez les gommages, les exfoliants ou les ingr\u00e9dients actifs puissants comme le peroxyde de benzoyle ou les AHA\/BHA lorsque vous commencez \u00e0 utiliser la tr\u00e9tino\u00efne. <\/p>\n<h3><strong>4. Que faire si ma peau p\u00e8le ou est irrit\u00e9e ?<\/strong><\/h3>\n<p>C&rsquo;est tout \u00e0 fait normal pendant la p\u00e9riode initiale de \u00ab purge \u00bb. Tenez bon, hydratez-vous comme des fous et utilisez la cr\u00e8me moins souvent si n\u00e9cessaire. <\/p>\n<hr>\n<h1>Pourquoi la cr\u00e8me de tr\u00e9tino\u00efne 0,05% 30g, Tretin, H&amp;H doit-elle figurer sur votre \u00e9tag\u00e8re ?<\/h1>\n<p>Reconnaissons-le : les produits de soins de la peau ne manquent pas et promettent d&rsquo;\u00eatre nombreux dans le monde. Mais en r\u00e9alit\u00e9 ? Tr\u00e8s peu d&rsquo;entre eux s&rsquo;appuient sur les montagnes de preuves scientifiques dont se targue la tr\u00e9tino\u00efne. Que vous luttiez contre l&rsquo;acn\u00e9, que vous soyez pr\u00e9occup\u00e9e par le vieillissement ou que vous souhaitiez simplement retrouver un teint uniforme, la <i>cr\u00e8me \u00e0 la tr\u00e9tino\u00efne 0,05 % 30 g, Tretin, H&amp;H<\/i> donne des r\u00e9sultats.   <\/p>\n<p>Le format de 30 g est parfait pour les d\u00e9butants et les amateurs de soins de la peau chevronn\u00e9s. Et avec le nom de confiance de H&amp;H derri\u00e8re le produit, vous pouvez avoir l&rsquo;esprit tranquille en sachant que vous mettez de la qualit\u00e9 sur votre peau. <\/p>\n<hr>\n<h1>Principaux enseignements et r\u00e9flexions finales<\/h1>\n<p>La cr\u00e8me de tr\u00e9tino\u00efne 0,05% 30g, surtout lorsqu&rsquo;elle est d\u00e9fendue par des marques fiables comme Tretin et H&amp;H, est une \u00e9vidence pour tous ceux qui cherchent \u00e0 am\u00e9liorer leur routine de soins de la peau. Oui, il faut de la patience, quelques essais et erreurs, et du d\u00e9vouement, mais les r\u00e9sultats en valent vraiment la peine. <\/p>\n<p>R\u00e9capitulons :<\/p>\n<ul>\n<li>La cr\u00e8me de tr\u00e9tino\u00efne 0,05% 30g aide \u00e0 combattre l&rsquo;acn\u00e9, \u00e0 am\u00e9liorer la texture de la peau et \u00e0 lutter contre les signes du vieillissement.<\/li>\n<li>Il est essentiel de l&rsquo;utiliser correctement pour \u00e9viter les irritations (commencez doucement et hydratez comme si votre vie en d\u00e9pendait !)<\/li>\n<li>La r\u00e9gularit\u00e9 est essentielle pour obtenir des r\u00e9sultats durables et \u00e9clatants.<\/li>\n<\/ul>\n<p>\u00cates-vous pr\u00eat \u00e0 transformer votre jeu de soins de la peau ? Ajoutez la cr\u00e8me de tr\u00e9tino\u00efne 0,05% 30g, Tretin, H&amp;H \u00e0 votre armoire \u00e0 pharmacie et laissez la magie op\u00e9rer. Votre futur vous remerciera !  <\/p>\n<hr>\n<p><strong>FAQs R\u00e9capitulation rapide :<\/strong><\/p>\n<ol>\n<li>La tr\u00e9tino\u00efne provoque-t-elle une desquamation (oui, bri\u00e8vement, au d\u00e9but) ? <\/li>\n<li>Combien de temps cela prend-il pour fonctionner ? (8 \u00e0 12 semaines, en g\u00e9n\u00e9ral). <\/li>\n<li>Puis-je l&rsquo;associer \u00e0 d&rsquo;autres actifs ? (Avec pr\u00e9caution, consultez votre dermatologue !) <\/li>\n<\/ol>\n<p>\u00c0 vous de rayonner et d&rsquo;avoir confiance en vous !<\/p>\n<\/div>\n","protected":false},"excerpt":{"rendered":"<p>D\u00e9couvrez le pouvoir de transformation de la cr\u00e8me de tr\u00e9tino\u00efne 0,05% 30g, Tretin, H&amp;H. Plongez dans ce guide complet d\u00e9taillant ses avantages, ses utilisations et son application correcte pour une peau \u00e9clatante et jeune. Votre solution \u00e0 l&rsquo;acn\u00e9, au vieillissement et \u00e0 bien d&rsquo;autres probl\u00e8mes commence ici !  <\/p>\n","protected":false},"featured_media":10570,"comment_status":"open","ping_status":"closed","template":"","meta":[],"product_cat":[764],"product_tag":[792,786,793],"class_list":{"0":"post-10565","1":"product","2":"type-product","3":"status-publish","4":"has-post-thumbnail","6":"product_cat-soins-du-visage","7":"product_tag-creme-a-la-tretinoine-005-30g","8":"product_tag-tretin-fr","9":"product_tag-tretin-et-hh","11":"first","12":"instock","13":"taxable","14":"shipping-taxable","15":"purchasable","16":"product-type-simple"},"_links":{"self":[{"href":"https:\/\/tretinoins.com\/fr\/wp-json\/wp\/v2\/product\/10565","targetHints":{"allow":["GET"]}}],"collection":[{"href":"https:\/\/tretinoins.com\/fr\/wp-json\/wp\/v2\/product"}],"about":[{"href":"https:\/\/tretinoins.com\/fr\/wp-json\/wp\/v2\/types\/product"}],"replies":[{"embeddable":true,"href":"https:\/\/tretinoins.com\/fr\/wp-json\/wp\/v2\/comments?post=10565"}],"version-history":[{"count":1,"href":"https:\/\/tretinoins.com\/fr\/wp-json\/wp\/v2\/product\/10565\/revisions"}],"predecessor-version":[{"id":15267,"href":"https:\/\/tretinoins.com\/fr\/wp-json\/wp\/v2\/product\/10565\/revisions\/15267"}],"wp:featuredmedia":[{"embeddable":true,"href":"https:\/\/tretinoins.com\/fr\/wp-json\/wp\/v2\/media\/10570"}],"wp:attachment":[{"href":"https:\/\/tretinoins.com\/fr\/wp-json\/wp\/v2\/media?parent=10565"}],"wp:term":[{"taxonomy":"product_cat","embeddable":true,"href":"https:\/\/tretinoins.com\/fr\/wp-json\/wp\/v2\/product_cat?post=10565"},{"taxonomy":"product_tag","embeddable":true,"href":"https:\/\/tretinoins.com\/fr\/wp-json\/wp\/v2\/product_tag?post=10565"}],"curies":[{"name":"wp","href":"https:\/\/api.w.org\/{rel}","templated":true}]}}